{"id":362,"date":"2020-05-07T07:07:28","date_gmt":"2020-05-07T07:07:28","guid":{"rendered":"https:\/\/labochem.com.vn\/?post_type=product&#038;p=362"},"modified":"2025-12-23T18:43:39","modified_gmt":"2025-12-23T18:43:39","slug":"potassium-hexacyanoferrateii-trihydrate-k%e2%82%84fecn%e2%82%863h%e2%82%82o","status":"publish","type":"product","link":"https:\/\/labochem.com.vn\/en\/s\u1ea3n ph\u1ea9m\/potassium-hexacyanoferrateii-trihydrate-k%e2%82%84fecn%e2%82%863h%e2%82%82o\/","title":{"rendered":"(Ti\u1ebfng Vi\u1ec7t) Potassium hexacyanoferrate(II) trihydrate (K\u2084[Fe(CN)\u2086]*3H\u2082O)"},"content":{"rendered":"","protected":false},"excerpt":{"rendered":"<p class=\"qtranxs-available-languages-message qtranxs-available-languages-message-en\">Sorry, this entry is only available in <a href=\"https:\/\/labochem.com.vn\/vi\/wp-json\/wp\/v2\/product\/362\" class=\"qtranxs-available-language-link qtranxs-available-language-link-vi\" title=\"Ti\u1ebfng Vi\u1ec7t\">Ti\u1ebfng Vi\u1ec7t<\/a>.<\/p>\n","protected":false},"featured_media":347,"comment_status":"open","ping_status":"closed","template":"","meta":[],"product_cat":[25],"product_tag":[95],"yoast_head":"<!-- This site is optimized with the Yoast SEO plugin v22.6 - https:\/\/yoast.com\/wordpress\/plugins\/seo\/ -->\n<title><\/title>\n<meta name=\"robots\" content=\"index, follow, max-snippet:-1, max-image-preview:large, max-video-preview:-1\" \/>\n<link rel=\"canonical\" href=\"https:\/\/labochem.com.vn\/s\u1ea3n%20ph\u1ea9m\/potassium-hexacyanoferrateii-trihydrate-k\u2084fecn\u20863h\u2082o\/\" \/>\n<meta property=\"og:locale\" content=\"en_US\" \/>\n<meta property=\"og:type\" content=\"article\" \/>\n<meta property=\"og:title\" content=\"[:vi]Potassium hexacyanoferrate(II) trihydrate (K\u2084[Fe(CN)\u2086]*3H\u2082O)[:] - C\u00f4ng ty TNHH LABOCHEM Vi\u1ec7t Nam\" \/>\n<meta property=\"og:description\" content=\"[:vi]   Th\u00f4ng s\u1ed1 k\u1ef9 thu\u1eadt   H\u00e0m l\u01b0\u1ee3ng 99.0 - 102.0\u00a0%   Ch\u1ea5t kh\u00f4ng tan \u2264\u00a00.005\u00a0%   Cl (Clo) \u2264\u00a00.01\u00a0%   SO4\u00a0(Sulfate) \u2264\u00a00.005\u00a0%   Na (Natri) \u2264\u00a00.01\u00a0%   Pb (Ch\u00ec) \u2264\u00a00.002\u00a0%   &nbsp; &nbsp;   Th\u00f4ng tin l\u00fd t\u00ednh   \u0110i\u1ec3m n\u00f3ng ch\u1ea3y &gt;50\u00a0\u00b0C   pH 9.5 (100\u00a0g\/l, H\u2082O, 20\u00a0\u00b0C)   \u0110\u1ed9 h\u00f2a tan 289\u00a0g\/l   &nbsp; &nbsp;   B\u1ea3o qu\u1ea3n   \u0110i\u1ec1u ki\u1ec7n b\u1ea3o qu\u1ea3n +5\u00b0C \u0111\u1ebfn +30\u00b0C.    &nbsp;    Th\u00f4ng tin s\u1ea3n ph\u1ea9m   T\u00ean kh\u00e1c Potassium ferrocyanide   M\u00e3 h\u00e0ng 104984   M\u00e3 CAS 14459-95-1   C\u00f4ng th\u1ee9c K\u2084[Fe(CN)\u2086]*3H\u2082O   Kh\u1ed1i l\u01b0\u1ee3ng ph\u00e2n t\u1eed 422.39\u00a0g\/mol   \u1ee8ng d\u1ee5ng D\u00f9ng trong ph\u00e2n t\u00edch   &nbsp; &nbsp; &nbsp;   Th\u00f4ng tin \u0111\u1eb7t h\u00e0ng   M\u00e3 h\u00e0ng Quy c\u00e1ch Lo\u1ea1i \u0111\u00f3ng g\u00f3i   1049840100 100 g Chai nh\u1ef1a   1049840500 500 g Chai nh\u1ef1a   [:]\" \/>\n<meta property=\"og:url\" content=\"https:\/\/labochem.com.vn\/s\u1ea3n ph\u1ea9m\/potassium-hexacyanoferrateii-trihydrate-k\u2084fecn\u20863h\u2082o\/\" \/>\n<meta property=\"og:site_name\" content=\"C\u00f4ng ty TNHH LABOCHEM Vi\u1ec7t Nam\" \/>\n<meta property=\"article:modified_time\" content=\"2025-12-23T18:43:39+00:00\" \/>\n<meta property=\"og:image\" content=\"https:\/\/labochem.com.vn\/wp-content\/uploads\/2020\/05\/merck-analitik-laboratuvar-kimyasallari_min.png\" \/>\n\t<meta property=\"og:image:width\" content=\"360\" \/>\n\t<meta property=\"og:image:height\" content=\"360\" \/>\n\t<meta property=\"og:image:type\" content=\"image\/png\" \/>\n<meta name=\"twitter:card\" content=\"summary_large_image\" \/>\n<script type=\"application\/ld+json\" class=\"yoast-schema-graph\">{\"@context\":\"https:\/\/schema.org\",\"@graph\":[{\"@type\":\"WebPage\",\"@id\":\"https:\/\/labochem.com.vn\/s\u1ea3n ph\u1ea9m\/potassium-hexacyanoferrateii-trihydrate-k%e2%82%84fecn%e2%82%863h%e2%82%82o\/\",\"url\":\"https:\/\/labochem.com.vn\/s\u1ea3n ph\u1ea9m\/potassium-hexacyanoferrateii-trihydrate-k%e2%82%84fecn%e2%82%863h%e2%82%82o\/\",\"name\":\"[:vi]Potassium hexacyanoferrate(II) trihydrate (K\u2084[Fe(CN)\u2086]*3H\u2082O)[:] - C\u00f4ng ty TNHH LABOCHEM Vi\u1ec7t Nam\",\"isPartOf\":{\"@id\":\"https:\/\/labochem.com.vn\/#website\"},\"primaryImageOfPage\":{\"@id\":\"https:\/\/labochem.com.vn\/s\u1ea3n ph\u1ea9m\/potassium-hexacyanoferrateii-trihydrate-k%e2%82%84fecn%e2%82%863h%e2%82%82o\/#primaryimage\"},\"image\":{\"@id\":\"https:\/\/labochem.com.vn\/s\u1ea3n ph\u1ea9m\/potassium-hexacyanoferrateii-trihydrate-k%e2%82%84fecn%e2%82%863h%e2%82%82o\/#primaryimage\"},\"thumbnailUrl\":\"https:\/\/labochem.com.vn\/wp-content\/uploads\/2020\/05\/merck-analitik-laboratuvar-kimyasallari_min.png\",\"datePublished\":\"2020-05-07T07:07:28+00:00\",\"dateModified\":\"2025-12-23T18:43:39+00:00\",\"breadcrumb\":{\"@id\":\"https:\/\/labochem.com.vn\/s\u1ea3n ph\u1ea9m\/potassium-hexacyanoferrateii-trihydrate-k%e2%82%84fecn%e2%82%863h%e2%82%82o\/#breadcrumb\"},\"inLanguage\":\"en-US\",\"potentialAction\":[{\"@type\":\"ReadAction\",\"target\":[\"https:\/\/labochem.com.vn\/s\u1ea3n ph\u1ea9m\/potassium-hexacyanoferrateii-trihydrate-k%e2%82%84fecn%e2%82%863h%e2%82%82o\/\"]}]},{\"@type\":\"ImageObject\",\"inLanguage\":\"en-US\",\"@id\":\"https:\/\/labochem.com.vn\/s\u1ea3n ph\u1ea9m\/potassium-hexacyanoferrateii-trihydrate-k%e2%82%84fecn%e2%82%863h%e2%82%82o\/#primaryimage\",\"url\":\"https:\/\/labochem.com.vn\/wp-content\/uploads\/2020\/05\/merck-analitik-laboratuvar-kimyasallari_min.png\",\"contentUrl\":\"https:\/\/labochem.com.vn\/wp-content\/uploads\/2020\/05\/merck-analitik-laboratuvar-kimyasallari_min.png\",\"width\":360,\"height\":360},{\"@type\":\"BreadcrumbList\",\"@id\":\"https:\/\/labochem.com.vn\/s\u1ea3n ph\u1ea9m\/potassium-hexacyanoferrateii-trihydrate-k%e2%82%84fecn%e2%82%863h%e2%82%82o\/#breadcrumb\",\"itemListElement\":[{\"@type\":\"ListItem\",\"position\":1,\"name\":\"Home\",\"item\":\"https:\/\/labochem.com.vn\/\"},{\"@type\":\"ListItem\",\"position\":2,\"name\":\"C\u1eeda h\u00e0ng\",\"item\":\"https:\/\/labochem.com.vn\/mua\/\"},{\"@type\":\"ListItem\",\"position\":3,\"name\":\"Potassium hexacyanoferrate(II) trihydrate (K\u2084[Fe(CN)\u2086]*3H\u2082O)\"}]},{\"@type\":\"WebSite\",\"@id\":\"https:\/\/labochem.com.vn\/#website\",\"url\":\"https:\/\/labochem.com.vn\/\",\"name\":\"C\u00f4ng ty TNHH LABOCHEM Vi\u1ec7t Nam\",\"description\":\"M\u1ed9t trang web m\u1edbi s\u1eed d\u1ee5ng WordPress\",\"potentialAction\":[{\"@type\":\"SearchAction\",\"target\":{\"@type\":\"EntryPoint\",\"urlTemplate\":\"https:\/\/labochem.com.vn\/?s={search_term_string}\"},\"query-input\":\"required name=search_term_string\"}],\"inLanguage\":\"en-US\"}]}<\/script>\n<!-- \/ Yoast SEO plugin. -->","yoast_head_json":{"title":"[:vi]Potassium hexacyanoferrate(II) trihydrate (K\u2084[Fe(CN)\u2086]*3H\u2082O)[:] - C\u00f4ng ty TNHH LABOCHEM Vi\u1ec7t Nam","robots":{"index":"index","follow":"follow","max-snippet":"max-snippet:-1","max-image-preview":"max-image-preview:large","max-video-preview":"max-video-preview:-1"},"canonical":"https:\/\/labochem.com.vn\/s\u1ea3n ph\u1ea9m\/potassium-hexacyanoferrateii-trihydrate-k\u2084fecn\u20863h\u2082o\/","og_locale":"en_US","og_type":"article","og_title":"[:vi]Potassium hexacyanoferrate(II) trihydrate (K\u2084[Fe(CN)\u2086]*3H\u2082O)[:] - C\u00f4ng ty TNHH LABOCHEM Vi\u1ec7t Nam","og_description":"[:vi]   Th\u00f4ng s\u1ed1 k\u1ef9 thu\u1eadt   H\u00e0m l\u01b0\u1ee3ng 99.0 - 102.0\u00a0%   Ch\u1ea5t kh\u00f4ng tan \u2264\u00a00.005\u00a0%   Cl (Clo) \u2264\u00a00.01\u00a0%   SO4\u00a0(Sulfate) \u2264\u00a00.005\u00a0%   Na (Natri) \u2264\u00a00.01\u00a0%   Pb (Ch\u00ec) \u2264\u00a00.002\u00a0%   &nbsp; &nbsp;   Th\u00f4ng tin l\u00fd t\u00ednh   \u0110i\u1ec3m n\u00f3ng ch\u1ea3y &gt;50\u00a0\u00b0C   pH 9.5 (100\u00a0g\/l, H\u2082O, 20\u00a0\u00b0C)   \u0110\u1ed9 h\u00f2a tan 289\u00a0g\/l   &nbsp; &nbsp;   B\u1ea3o qu\u1ea3n   \u0110i\u1ec1u ki\u1ec7n b\u1ea3o qu\u1ea3n +5\u00b0C \u0111\u1ebfn +30\u00b0C.    &nbsp;    Th\u00f4ng tin s\u1ea3n ph\u1ea9m   T\u00ean kh\u00e1c Potassium ferrocyanide   M\u00e3 h\u00e0ng 104984   M\u00e3 CAS 14459-95-1   C\u00f4ng th\u1ee9c K\u2084[Fe(CN)\u2086]*3H\u2082O   Kh\u1ed1i l\u01b0\u1ee3ng ph\u00e2n t\u1eed 422.39\u00a0g\/mol   \u1ee8ng d\u1ee5ng D\u00f9ng trong ph\u00e2n t\u00edch   &nbsp; &nbsp; &nbsp;   Th\u00f4ng tin \u0111\u1eb7t h\u00e0ng   M\u00e3 h\u00e0ng Quy c\u00e1ch Lo\u1ea1i \u0111\u00f3ng g\u00f3i   1049840100 100 g Chai nh\u1ef1a   1049840500 500 g Chai nh\u1ef1a   [:]","og_url":"https:\/\/labochem.com.vn\/s\u1ea3n ph\u1ea9m\/potassium-hexacyanoferrateii-trihydrate-k\u2084fecn\u20863h\u2082o\/","og_site_name":"C\u00f4ng ty TNHH LABOCHEM Vi\u1ec7t Nam","article_modified_time":"2025-12-23T18:43:39+00:00","og_image":[{"width":360,"height":360,"url":"https:\/\/labochem.com.vn\/wp-content\/uploads\/2020\/05\/merck-analitik-laboratuvar-kimyasallari_min.png","type":"image\/png"}],"twitter_card":"summary_large_image","schema":{"@context":"https:\/\/schema.org","@graph":[{"@type":"WebPage","@id":"https:\/\/labochem.com.vn\/s\u1ea3n ph\u1ea9m\/potassium-hexacyanoferrateii-trihydrate-k%e2%82%84fecn%e2%82%863h%e2%82%82o\/","url":"https:\/\/labochem.com.vn\/s\u1ea3n ph\u1ea9m\/potassium-hexacyanoferrateii-trihydrate-k%e2%82%84fecn%e2%82%863h%e2%82%82o\/","name":"[:vi]Potassium hexacyanoferrate(II) trihydrate (K\u2084[Fe(CN)\u2086]*3H\u2082O)[:] - C\u00f4ng ty TNHH LABOCHEM Vi\u1ec7t Nam","isPartOf":{"@id":"https:\/\/labochem.com.vn\/#website"},"primaryImageOfPage":{"@id":"https:\/\/labochem.com.vn\/s\u1ea3n ph\u1ea9m\/potassium-hexacyanoferrateii-trihydrate-k%e2%82%84fecn%e2%82%863h%e2%82%82o\/#primaryimage"},"image":{"@id":"https:\/\/labochem.com.vn\/s\u1ea3n ph\u1ea9m\/potassium-hexacyanoferrateii-trihydrate-k%e2%82%84fecn%e2%82%863h%e2%82%82o\/#primaryimage"},"thumbnailUrl":"https:\/\/labochem.com.vn\/wp-content\/uploads\/2020\/05\/merck-analitik-laboratuvar-kimyasallari_min.png","datePublished":"2020-05-07T07:07:28+00:00","dateModified":"2025-12-23T18:43:39+00:00","breadcrumb":{"@id":"https:\/\/labochem.com.vn\/s\u1ea3n ph\u1ea9m\/potassium-hexacyanoferrateii-trihydrate-k%e2%82%84fecn%e2%82%863h%e2%82%82o\/#breadcrumb"},"inLanguage":"en-US","potentialAction":[{"@type":"ReadAction","target":["https:\/\/labochem.com.vn\/s\u1ea3n ph\u1ea9m\/potassium-hexacyanoferrateii-trihydrate-k%e2%82%84fecn%e2%82%863h%e2%82%82o\/"]}]},{"@type":"ImageObject","inLanguage":"en-US","@id":"https:\/\/labochem.com.vn\/s\u1ea3n ph\u1ea9m\/potassium-hexacyanoferrateii-trihydrate-k%e2%82%84fecn%e2%82%863h%e2%82%82o\/#primaryimage","url":"https:\/\/labochem.com.vn\/wp-content\/uploads\/2020\/05\/merck-analitik-laboratuvar-kimyasallari_min.png","contentUrl":"https:\/\/labochem.com.vn\/wp-content\/uploads\/2020\/05\/merck-analitik-laboratuvar-kimyasallari_min.png","width":360,"height":360},{"@type":"BreadcrumbList","@id":"https:\/\/labochem.com.vn\/s\u1ea3n ph\u1ea9m\/potassium-hexacyanoferrateii-trihydrate-k%e2%82%84fecn%e2%82%863h%e2%82%82o\/#breadcrumb","itemListElement":[{"@type":"ListItem","position":1,"name":"Home","item":"https:\/\/labochem.com.vn\/"},{"@type":"ListItem","position":2,"name":"C\u1eeda h\u00e0ng","item":"https:\/\/labochem.com.vn\/mua\/"},{"@type":"ListItem","position":3,"name":"Potassium hexacyanoferrate(II) trihydrate (K\u2084[Fe(CN)\u2086]*3H\u2082O)"}]},{"@type":"WebSite","@id":"https:\/\/labochem.com.vn\/#website","url":"https:\/\/labochem.com.vn\/","name":"C\u00f4ng ty TNHH LABOCHEM Vi\u1ec7t Nam","description":"M\u1ed9t trang web m\u1edbi s\u1eed d\u1ee5ng WordPress","potentialAction":[{"@type":"SearchAction","target":{"@type":"EntryPoint","urlTemplate":"https:\/\/labochem.com.vn\/?s={search_term_string}"},"query-input":"required name=search_term_string"}],"inLanguage":"en-US"}]}},"_links":{"self":[{"href":"https:\/\/labochem.com.vn\/en\/wp-json\/wp\/v2\/product\/362"}],"collection":[{"href":"https:\/\/labochem.com.vn\/en\/wp-json\/wp\/v2\/product"}],"about":[{"href":"https:\/\/labochem.com.vn\/en\/wp-json\/wp\/v2\/types\/product"}],"replies":[{"embeddable":true,"href":"https:\/\/labochem.com.vn\/en\/wp-json\/wp\/v2\/comments?post=362"}],"wp:featuredmedia":[{"embeddable":true,"href":"https:\/\/labochem.com.vn\/en\/wp-json\/wp\/v2\/media\/347"}],"wp:attachment":[{"href":"https:\/\/labochem.com.vn\/en\/wp-json\/wp\/v2\/media?parent=362"}],"wp:term":[{"taxonomy":"product_cat","embeddable":true,"href":"https:\/\/labochem.com.vn\/en\/wp-json\/wp\/v2\/product_cat?post=362"},{"taxonomy":"product_tag","embeddable":true,"href":"https:\/\/labochem.com.vn\/en\/wp-json\/wp\/v2\/product_tag?post=362"}],"curies":[{"name":"wp","href":"https:\/\/api.w.org\/{rel}","templated":true}]}}