{"id":359,"date":"2020-05-07T06:50:15","date_gmt":"2020-05-07T06:50:15","guid":{"rendered":"https:\/\/labochem.com.vn\/?post_type=product&#038;p=359"},"modified":"2020-05-07T07:10:43","modified_gmt":"2020-05-07T07:10:43","slug":"sodium-hydroxide-naoh","status":"publish","type":"product","link":"https:\/\/labochem.com.vn\/en\/s\u1ea3n ph\u1ea9m\/sodium-hydroxide-naoh\/","title":{"rendered":"(Ti\u1ebfng Vi\u1ec7t) Sodium hydroxide (NaOH)"},"content":{"rendered":"","protected":false},"excerpt":{"rendered":"<p class=\"qtranxs-available-languages-message qtranxs-available-languages-message-en\">Sorry, this entry is only available in <a href=\"https:\/\/labochem.com.vn\/vi\/wp-json\/wp\/v2\/product\/359\" class=\"qtranxs-available-language-link qtranxs-available-language-link-vi\" title=\"Ti\u1ebfng Vi\u1ec7t\">Ti\u1ebfng Vi\u1ec7t<\/a>.<\/p>\n","protected":false},"featured_media":349,"comment_status":"open","ping_status":"closed","template":"","meta":[],"product_cat":[25],"product_tag":[94],"yoast_head":"<!-- This site is optimized with the Yoast SEO plugin v22.6 - https:\/\/yoast.com\/wordpress\/plugins\/seo\/ -->\n<title><\/title>\n<meta name=\"robots\" content=\"index, follow, max-snippet:-1, max-image-preview:large, max-video-preview:-1\" \/>\n<link rel=\"canonical\" href=\"https:\/\/labochem.com.vn\/s\u1ea3n%20ph\u1ea9m\/sodium-hydroxide-naoh\/\" \/>\n<meta property=\"og:locale\" content=\"en_US\" \/>\n<meta property=\"og:type\" content=\"article\" \/>\n<meta property=\"og:title\" content=\"[:vi]Sodium hydroxide (NaOH)[:] - C\u00f4ng ty TNHH LABOCHEM Vi\u1ec7t Nam\" \/>\n<meta property=\"og:description\" content=\"[:vi]   Th\u00f4ng tin s\u1ea3n ph\u1ea9m   T\u00ean kh\u00e1c Soda caustic   M\u00e3 h\u00e0ng 106498   S\u1ed1 CAS 1310-73-2   C\u00f4ng th\u1ee9c NaOH   Kh\u1ed1i l\u01b0\u1ee3ng ph\u00e2n t\u1eed 40.00\u00a0g\/mol   \u1ee8ng d\u1ee5ng D\u00f9ng cho ph\u00e2n t\u00edch        Th\u00f4ng tin \u0111\u1eb7t h\u00e0ng   M\u00e3 h\u00e0ng Quy c\u00e1ch Lo\u1ea1i \u0111\u00f3ng g\u00f3i   1064980500 500 g Chai nh\u1ef1a   1064981000 1 kg Chai nh\u1ef1a   1064985000 5 kg Chai nh\u1ef1a   [:]\" \/>\n<meta property=\"og:url\" content=\"https:\/\/labochem.com.vn\/s\u1ea3n ph\u1ea9m\/sodium-hydroxide-naoh\/\" \/>\n<meta property=\"og:site_name\" content=\"C\u00f4ng ty TNHH LABOCHEM Vi\u1ec7t Nam\" \/>\n<meta property=\"article:modified_time\" content=\"2020-05-07T07:10:43+00:00\" \/>\n<meta property=\"og:image\" content=\"https:\/\/labochem.com.vn\/wp-content\/uploads\/2020\/05\/Potassium-hydroxide-Merk-1.png\" \/>\n\t<meta property=\"og:image:width\" content=\"351\" \/>\n\t<meta property=\"og:image:height\" content=\"354\" \/>\n\t<meta property=\"og:image:type\" content=\"image\/png\" \/>\n<meta name=\"twitter:card\" content=\"summary_large_image\" \/>\n<script type=\"application\/ld+json\" class=\"yoast-schema-graph\">{\"@context\":\"https:\/\/schema.org\",\"@graph\":[{\"@type\":\"WebPage\",\"@id\":\"https:\/\/labochem.com.vn\/s\u1ea3n ph\u1ea9m\/sodium-hydroxide-naoh\/\",\"url\":\"https:\/\/labochem.com.vn\/s\u1ea3n ph\u1ea9m\/sodium-hydroxide-naoh\/\",\"name\":\"[:vi]Sodium hydroxide (NaOH)[:] - C\u00f4ng ty TNHH LABOCHEM Vi\u1ec7t Nam\",\"isPartOf\":{\"@id\":\"https:\/\/labochem.com.vn\/#website\"},\"primaryImageOfPage\":{\"@id\":\"https:\/\/labochem.com.vn\/s\u1ea3n ph\u1ea9m\/sodium-hydroxide-naoh\/#primaryimage\"},\"image\":{\"@id\":\"https:\/\/labochem.com.vn\/s\u1ea3n ph\u1ea9m\/sodium-hydroxide-naoh\/#primaryimage\"},\"thumbnailUrl\":\"https:\/\/labochem.com.vn\/wp-content\/uploads\/2020\/05\/Potassium-hydroxide-Merk-1.png\",\"datePublished\":\"2020-05-07T06:50:15+00:00\",\"dateModified\":\"2020-05-07T07:10:43+00:00\",\"breadcrumb\":{\"@id\":\"https:\/\/labochem.com.vn\/s\u1ea3n ph\u1ea9m\/sodium-hydroxide-naoh\/#breadcrumb\"},\"inLanguage\":\"en-US\",\"potentialAction\":[{\"@type\":\"ReadAction\",\"target\":[\"https:\/\/labochem.com.vn\/s\u1ea3n ph\u1ea9m\/sodium-hydroxide-naoh\/\"]}]},{\"@type\":\"ImageObject\",\"inLanguage\":\"en-US\",\"@id\":\"https:\/\/labochem.com.vn\/s\u1ea3n ph\u1ea9m\/sodium-hydroxide-naoh\/#primaryimage\",\"url\":\"https:\/\/labochem.com.vn\/wp-content\/uploads\/2020\/05\/Potassium-hydroxide-Merk-1.png\",\"contentUrl\":\"https:\/\/labochem.com.vn\/wp-content\/uploads\/2020\/05\/Potassium-hydroxide-Merk-1.png\",\"width\":351,\"height\":354},{\"@type\":\"BreadcrumbList\",\"@id\":\"https:\/\/labochem.com.vn\/s\u1ea3n ph\u1ea9m\/sodium-hydroxide-naoh\/#breadcrumb\",\"itemListElement\":[{\"@type\":\"ListItem\",\"position\":1,\"name\":\"Home\",\"item\":\"https:\/\/labochem.com.vn\/\"},{\"@type\":\"ListItem\",\"position\":2,\"name\":\"C\u1eeda h\u00e0ng\",\"item\":\"https:\/\/labochem.com.vn\/mua\/\"},{\"@type\":\"ListItem\",\"position\":3,\"name\":\"Sodium hydroxide (NaOH)\"}]},{\"@type\":\"WebSite\",\"@id\":\"https:\/\/labochem.com.vn\/#website\",\"url\":\"https:\/\/labochem.com.vn\/\",\"name\":\"C\u00f4ng ty TNHH LABOCHEM Vi\u1ec7t Nam\",\"description\":\"M\u1ed9t trang web m\u1edbi s\u1eed d\u1ee5ng WordPress\",\"potentialAction\":[{\"@type\":\"SearchAction\",\"target\":{\"@type\":\"EntryPoint\",\"urlTemplate\":\"https:\/\/labochem.com.vn\/?s={search_term_string}\"},\"query-input\":\"required name=search_term_string\"}],\"inLanguage\":\"en-US\"}]}<\/script>\n<!-- \/ Yoast SEO plugin. -->","yoast_head_json":{"title":"[:vi]Sodium hydroxide (NaOH)[:] - C\u00f4ng ty TNHH LABOCHEM Vi\u1ec7t Nam","robots":{"index":"index","follow":"follow","max-snippet":"max-snippet:-1","max-image-preview":"max-image-preview:large","max-video-preview":"max-video-preview:-1"},"canonical":"https:\/\/labochem.com.vn\/s\u1ea3n ph\u1ea9m\/sodium-hydroxide-naoh\/","og_locale":"en_US","og_type":"article","og_title":"[:vi]Sodium hydroxide (NaOH)[:] - C\u00f4ng ty TNHH LABOCHEM Vi\u1ec7t Nam","og_description":"[:vi]   Th\u00f4ng tin s\u1ea3n ph\u1ea9m   T\u00ean kh\u00e1c Soda caustic   M\u00e3 h\u00e0ng 106498   S\u1ed1 CAS 1310-73-2   C\u00f4ng th\u1ee9c NaOH   Kh\u1ed1i l\u01b0\u1ee3ng ph\u00e2n t\u1eed 40.00\u00a0g\/mol   \u1ee8ng d\u1ee5ng D\u00f9ng cho ph\u00e2n t\u00edch        Th\u00f4ng tin \u0111\u1eb7t h\u00e0ng   M\u00e3 h\u00e0ng Quy c\u00e1ch Lo\u1ea1i \u0111\u00f3ng g\u00f3i   1064980500 500 g Chai nh\u1ef1a   1064981000 1 kg Chai nh\u1ef1a   1064985000 5 kg Chai nh\u1ef1a   [:]","og_url":"https:\/\/labochem.com.vn\/s\u1ea3n ph\u1ea9m\/sodium-hydroxide-naoh\/","og_site_name":"C\u00f4ng ty TNHH LABOCHEM Vi\u1ec7t Nam","article_modified_time":"2020-05-07T07:10:43+00:00","og_image":[{"width":351,"height":354,"url":"https:\/\/labochem.com.vn\/wp-content\/uploads\/2020\/05\/Potassium-hydroxide-Merk-1.png","type":"image\/png"}],"twitter_card":"summary_large_image","schema":{"@context":"https:\/\/schema.org","@graph":[{"@type":"WebPage","@id":"https:\/\/labochem.com.vn\/s\u1ea3n ph\u1ea9m\/sodium-hydroxide-naoh\/","url":"https:\/\/labochem.com.vn\/s\u1ea3n ph\u1ea9m\/sodium-hydroxide-naoh\/","name":"[:vi]Sodium hydroxide (NaOH)[:] - C\u00f4ng ty TNHH LABOCHEM Vi\u1ec7t Nam","isPartOf":{"@id":"https:\/\/labochem.com.vn\/#website"},"primaryImageOfPage":{"@id":"https:\/\/labochem.com.vn\/s\u1ea3n ph\u1ea9m\/sodium-hydroxide-naoh\/#primaryimage"},"image":{"@id":"https:\/\/labochem.com.vn\/s\u1ea3n ph\u1ea9m\/sodium-hydroxide-naoh\/#primaryimage"},"thumbnailUrl":"https:\/\/labochem.com.vn\/wp-content\/uploads\/2020\/05\/Potassium-hydroxide-Merk-1.png","datePublished":"2020-05-07T06:50:15+00:00","dateModified":"2020-05-07T07:10:43+00:00","breadcrumb":{"@id":"https:\/\/labochem.com.vn\/s\u1ea3n ph\u1ea9m\/sodium-hydroxide-naoh\/#breadcrumb"},"inLanguage":"en-US","potentialAction":[{"@type":"ReadAction","target":["https:\/\/labochem.com.vn\/s\u1ea3n ph\u1ea9m\/sodium-hydroxide-naoh\/"]}]},{"@type":"ImageObject","inLanguage":"en-US","@id":"https:\/\/labochem.com.vn\/s\u1ea3n ph\u1ea9m\/sodium-hydroxide-naoh\/#primaryimage","url":"https:\/\/labochem.com.vn\/wp-content\/uploads\/2020\/05\/Potassium-hydroxide-Merk-1.png","contentUrl":"https:\/\/labochem.com.vn\/wp-content\/uploads\/2020\/05\/Potassium-hydroxide-Merk-1.png","width":351,"height":354},{"@type":"BreadcrumbList","@id":"https:\/\/labochem.com.vn\/s\u1ea3n ph\u1ea9m\/sodium-hydroxide-naoh\/#breadcrumb","itemListElement":[{"@type":"ListItem","position":1,"name":"Home","item":"https:\/\/labochem.com.vn\/"},{"@type":"ListItem","position":2,"name":"C\u1eeda h\u00e0ng","item":"https:\/\/labochem.com.vn\/mua\/"},{"@type":"ListItem","position":3,"name":"Sodium hydroxide (NaOH)"}]},{"@type":"WebSite","@id":"https:\/\/labochem.com.vn\/#website","url":"https:\/\/labochem.com.vn\/","name":"C\u00f4ng ty TNHH LABOCHEM Vi\u1ec7t Nam","description":"M\u1ed9t trang web m\u1edbi s\u1eed d\u1ee5ng WordPress","potentialAction":[{"@type":"SearchAction","target":{"@type":"EntryPoint","urlTemplate":"https:\/\/labochem.com.vn\/?s={search_term_string}"},"query-input":"required name=search_term_string"}],"inLanguage":"en-US"}]}},"_links":{"self":[{"href":"https:\/\/labochem.com.vn\/en\/wp-json\/wp\/v2\/product\/359"}],"collection":[{"href":"https:\/\/labochem.com.vn\/en\/wp-json\/wp\/v2\/product"}],"about":[{"href":"https:\/\/labochem.com.vn\/en\/wp-json\/wp\/v2\/types\/product"}],"replies":[{"embeddable":true,"href":"https:\/\/labochem.com.vn\/en\/wp-json\/wp\/v2\/comments?post=359"}],"wp:featuredmedia":[{"embeddable":true,"href":"https:\/\/labochem.com.vn\/en\/wp-json\/wp\/v2\/media\/349"}],"wp:attachment":[{"href":"https:\/\/labochem.com.vn\/en\/wp-json\/wp\/v2\/media?parent=359"}],"wp:term":[{"taxonomy":"product_cat","embeddable":true,"href":"https:\/\/labochem.com.vn\/en\/wp-json\/wp\/v2\/product_cat?post=359"},{"taxonomy":"product_tag","embeddable":true,"href":"https:\/\/labochem.com.vn\/en\/wp-json\/wp\/v2\/product_tag?post=359"}],"curies":[{"name":"wp","href":"https:\/\/api.w.org\/{rel}","templated":true}]}}