{"id":357,"date":"2020-05-07T05:02:36","date_gmt":"2020-05-07T05:02:36","guid":{"rendered":"https:\/\/labochem.com.vn\/?post_type=product&#038;p=357"},"modified":"2020-05-07T05:02:37","modified_gmt":"2020-05-07T05:02:37","slug":"sodium-borohydride-merck","status":"publish","type":"product","link":"https:\/\/labochem.com.vn\/en\/s\u1ea3n ph\u1ea9m\/sodium-borohydride-merck\/","title":{"rendered":"(Ti\u1ebfng Vi\u1ec7t) Sodium borohydride &#8211; Merck"},"content":{"rendered":"","protected":false},"excerpt":{"rendered":"<p class=\"qtranxs-available-languages-message qtranxs-available-languages-message-en\">Sorry, this entry is only available in <a href=\"https:\/\/labochem.com.vn\/vi\/wp-json\/wp\/v2\/product\/357\" class=\"qtranxs-available-language-link qtranxs-available-language-link-vi\" title=\"Ti\u1ebfng Vi\u1ec7t\">Ti\u1ebfng Vi\u1ec7t<\/a>.<\/p>\n","protected":false},"featured_media":358,"comment_status":"open","ping_status":"closed","template":"","meta":[],"product_cat":[25],"product_tag":[89],"yoast_head":"<!-- This site is optimized with the Yoast SEO plugin v22.6 - https:\/\/yoast.com\/wordpress\/plugins\/seo\/ -->\n<title><\/title>\n<meta name=\"robots\" content=\"index, follow, max-snippet:-1, max-image-preview:large, max-video-preview:-1\" \/>\n<link rel=\"canonical\" href=\"https:\/\/labochem.com.vn\/s\u1ea3n%20ph\u1ea9m\/sodium-borohydride-merck\/\" \/>\n<meta property=\"og:locale\" content=\"en_US\" \/>\n<meta property=\"og:type\" content=\"article\" \/>\n<meta property=\"og:title\" content=\"[:vi]Sodium borohydride - Merck[:] - C\u00f4ng ty TNHH LABOCHEM Vi\u1ec7t Nam\" \/>\n<meta property=\"og:description\" content=\"[:vi]MUA NHANH      Th\u00f4ng s\u1ed1 k\u1ef9 thu\u1eadt    H\u00e0m l\u01b0\u1ee3ng \u2265\u00a098.0\u00a0%   &nbsp; &nbsp;    Th\u00f4ng tin l\u00fd t\u00ednh    \u0110i\u1ec3m s\u00f4i 500\u00a0\u00b0C   T\u1ec9 tr\u1ecdng 0.82\u00a0g\/cm3 (20\u00a0\u00b0C)   \u0110i\u1ec3m n\u00f3ng ch\u1ea3y &gt;360\u00a0\u00b0C   pH 11 (10\u00a0g\/l, H\u2082O, 20\u00a0\u00b0C)   \u00c1p su\u1ea5t h\u01a1i &lt;1\u00a0hPa (25\u00a0\u00b0C)   &nbsp; &nbsp;    B\u1ea3o qu\u1ea3n    \u0110i\u1ec1u ki\u1ec7n b\u1ea3o qu\u1ea3n D\u01b0\u1edbi +30\u00b0C.        Th\u00f4ng tin s\u1ea3n ph\u1ea9m    T\u00ean kh\u00e1c Sodium tetrahydridoborate   M\u00e3 h\u00e0ng 806373   M\u00e3 CAS 16940-66-2   C\u00f4ng th\u1ee9c NaBH\u2084   Kh\u1ed1i l\u01b0\u1ee3ng ph\u00e2n t\u1eed 37.83\u00a0g\/mol   \u1ee8ng d\u1ee5ng D\u00f9ng cho ph\u00e2n t\u00edch   &nbsp; &nbsp; &nbsp;    Th\u00f4ng tin \u0111\u1eb7t h\u00e0ng     M\u00e3 h\u00e0ng   Quy c\u00e1ch   Lo\u1ea1i \u0111\u00f3ng g\u00f3i     8063730010   10 g   Chai th\u1ee7y tinh     8063730025   25 g   Chai th\u1ee7y tinh     8063730100   100 g   Chai th\u1ee7y tinh     8063730500   500 g   Chai th\u1ee7y tinh     [:]\" \/>\n<meta property=\"og:url\" content=\"https:\/\/labochem.com.vn\/s\u1ea3n ph\u1ea9m\/sodium-borohydride-merck\/\" \/>\n<meta property=\"og:site_name\" content=\"C\u00f4ng ty TNHH LABOCHEM Vi\u1ec7t Nam\" \/>\n<meta property=\"article:modified_time\" content=\"2020-05-07T05:02:37+00:00\" \/>\n<meta property=\"og:image\" content=\"https:\/\/labochem.com.vn\/wp-content\/uploads\/2020\/05\/98c4fe88e56c1c32457d.jpg\" \/>\n\t<meta property=\"og:image:width\" content=\"960\" \/>\n\t<meta property=\"og:image:height\" content=\"1280\" \/>\n\t<meta property=\"og:image:type\" content=\"image\/jpeg\" \/>\n<meta name=\"twitter:card\" content=\"summary_large_image\" \/>\n<script type=\"application\/ld+json\" class=\"yoast-schema-graph\">{\"@context\":\"https:\/\/schema.org\",\"@graph\":[{\"@type\":\"WebPage\",\"@id\":\"https:\/\/labochem.com.vn\/s\u1ea3n ph\u1ea9m\/sodium-borohydride-merck\/\",\"url\":\"https:\/\/labochem.com.vn\/s\u1ea3n ph\u1ea9m\/sodium-borohydride-merck\/\",\"name\":\"[:vi]Sodium borohydride - Merck[:] - C\u00f4ng ty TNHH LABOCHEM Vi\u1ec7t Nam\",\"isPartOf\":{\"@id\":\"https:\/\/labochem.com.vn\/#website\"},\"primaryImageOfPage\":{\"@id\":\"https:\/\/labochem.com.vn\/s\u1ea3n ph\u1ea9m\/sodium-borohydride-merck\/#primaryimage\"},\"image\":{\"@id\":\"https:\/\/labochem.com.vn\/s\u1ea3n ph\u1ea9m\/sodium-borohydride-merck\/#primaryimage\"},\"thumbnailUrl\":\"https:\/\/labochem.com.vn\/wp-content\/uploads\/2020\/05\/98c4fe88e56c1c32457d.jpg\",\"datePublished\":\"2020-05-07T05:02:36+00:00\",\"dateModified\":\"2020-05-07T05:02:37+00:00\",\"breadcrumb\":{\"@id\":\"https:\/\/labochem.com.vn\/s\u1ea3n ph\u1ea9m\/sodium-borohydride-merck\/#breadcrumb\"},\"inLanguage\":\"en-US\",\"potentialAction\":[{\"@type\":\"ReadAction\",\"target\":[\"https:\/\/labochem.com.vn\/s\u1ea3n ph\u1ea9m\/sodium-borohydride-merck\/\"]}]},{\"@type\":\"ImageObject\",\"inLanguage\":\"en-US\",\"@id\":\"https:\/\/labochem.com.vn\/s\u1ea3n ph\u1ea9m\/sodium-borohydride-merck\/#primaryimage\",\"url\":\"https:\/\/labochem.com.vn\/wp-content\/uploads\/2020\/05\/98c4fe88e56c1c32457d.jpg\",\"contentUrl\":\"https:\/\/labochem.com.vn\/wp-content\/uploads\/2020\/05\/98c4fe88e56c1c32457d.jpg\",\"width\":960,\"height\":1280},{\"@type\":\"BreadcrumbList\",\"@id\":\"https:\/\/labochem.com.vn\/s\u1ea3n ph\u1ea9m\/sodium-borohydride-merck\/#breadcrumb\",\"itemListElement\":[{\"@type\":\"ListItem\",\"position\":1,\"name\":\"Home\",\"item\":\"https:\/\/labochem.com.vn\/\"},{\"@type\":\"ListItem\",\"position\":2,\"name\":\"C\u1eeda h\u00e0ng\",\"item\":\"https:\/\/labochem.com.vn\/mua\/\"},{\"@type\":\"ListItem\",\"position\":3,\"name\":\"Sodium borohydride &#8211; Merck\"}]},{\"@type\":\"WebSite\",\"@id\":\"https:\/\/labochem.com.vn\/#website\",\"url\":\"https:\/\/labochem.com.vn\/\",\"name\":\"C\u00f4ng ty TNHH LABOCHEM Vi\u1ec7t Nam\",\"description\":\"M\u1ed9t trang web m\u1edbi s\u1eed d\u1ee5ng WordPress\",\"potentialAction\":[{\"@type\":\"SearchAction\",\"target\":{\"@type\":\"EntryPoint\",\"urlTemplate\":\"https:\/\/labochem.com.vn\/?s={search_term_string}\"},\"query-input\":\"required name=search_term_string\"}],\"inLanguage\":\"en-US\"}]}<\/script>\n<!-- \/ Yoast SEO plugin. -->","yoast_head_json":{"title":"[:vi]Sodium borohydride - Merck[:] - C\u00f4ng ty TNHH LABOCHEM Vi\u1ec7t Nam","robots":{"index":"index","follow":"follow","max-snippet":"max-snippet:-1","max-image-preview":"max-image-preview:large","max-video-preview":"max-video-preview:-1"},"canonical":"https:\/\/labochem.com.vn\/s\u1ea3n ph\u1ea9m\/sodium-borohydride-merck\/","og_locale":"en_US","og_type":"article","og_title":"[:vi]Sodium borohydride - Merck[:] - C\u00f4ng ty TNHH LABOCHEM Vi\u1ec7t Nam","og_description":"[:vi]MUA NHANH      Th\u00f4ng s\u1ed1 k\u1ef9 thu\u1eadt    H\u00e0m l\u01b0\u1ee3ng \u2265\u00a098.0\u00a0%   &nbsp; &nbsp;    Th\u00f4ng tin l\u00fd t\u00ednh    \u0110i\u1ec3m s\u00f4i 500\u00a0\u00b0C   T\u1ec9 tr\u1ecdng 0.82\u00a0g\/cm3 (20\u00a0\u00b0C)   \u0110i\u1ec3m n\u00f3ng ch\u1ea3y &gt;360\u00a0\u00b0C   pH 11 (10\u00a0g\/l, H\u2082O, 20\u00a0\u00b0C)   \u00c1p su\u1ea5t h\u01a1i &lt;1\u00a0hPa (25\u00a0\u00b0C)   &nbsp; &nbsp;    B\u1ea3o qu\u1ea3n    \u0110i\u1ec1u ki\u1ec7n b\u1ea3o qu\u1ea3n D\u01b0\u1edbi +30\u00b0C.        Th\u00f4ng tin s\u1ea3n ph\u1ea9m    T\u00ean kh\u00e1c Sodium tetrahydridoborate   M\u00e3 h\u00e0ng 806373   M\u00e3 CAS 16940-66-2   C\u00f4ng th\u1ee9c NaBH\u2084   Kh\u1ed1i l\u01b0\u1ee3ng ph\u00e2n t\u1eed 37.83\u00a0g\/mol   \u1ee8ng d\u1ee5ng D\u00f9ng cho ph\u00e2n t\u00edch   &nbsp; &nbsp; &nbsp;    Th\u00f4ng tin \u0111\u1eb7t h\u00e0ng     M\u00e3 h\u00e0ng   Quy c\u00e1ch   Lo\u1ea1i \u0111\u00f3ng g\u00f3i     8063730010   10 g   Chai th\u1ee7y tinh     8063730025   25 g   Chai th\u1ee7y tinh     8063730100   100 g   Chai th\u1ee7y tinh     8063730500   500 g   Chai th\u1ee7y tinh     [:]","og_url":"https:\/\/labochem.com.vn\/s\u1ea3n ph\u1ea9m\/sodium-borohydride-merck\/","og_site_name":"C\u00f4ng ty TNHH LABOCHEM Vi\u1ec7t Nam","article_modified_time":"2020-05-07T05:02:37+00:00","og_image":[{"width":960,"height":1280,"url":"https:\/\/labochem.com.vn\/wp-content\/uploads\/2020\/05\/98c4fe88e56c1c32457d.jpg","type":"image\/jpeg"}],"twitter_card":"summary_large_image","schema":{"@context":"https:\/\/schema.org","@graph":[{"@type":"WebPage","@id":"https:\/\/labochem.com.vn\/s\u1ea3n ph\u1ea9m\/sodium-borohydride-merck\/","url":"https:\/\/labochem.com.vn\/s\u1ea3n ph\u1ea9m\/sodium-borohydride-merck\/","name":"[:vi]Sodium borohydride - Merck[:] - C\u00f4ng ty TNHH LABOCHEM Vi\u1ec7t Nam","isPartOf":{"@id":"https:\/\/labochem.com.vn\/#website"},"primaryImageOfPage":{"@id":"https:\/\/labochem.com.vn\/s\u1ea3n ph\u1ea9m\/sodium-borohydride-merck\/#primaryimage"},"image":{"@id":"https:\/\/labochem.com.vn\/s\u1ea3n ph\u1ea9m\/sodium-borohydride-merck\/#primaryimage"},"thumbnailUrl":"https:\/\/labochem.com.vn\/wp-content\/uploads\/2020\/05\/98c4fe88e56c1c32457d.jpg","datePublished":"2020-05-07T05:02:36+00:00","dateModified":"2020-05-07T05:02:37+00:00","breadcrumb":{"@id":"https:\/\/labochem.com.vn\/s\u1ea3n ph\u1ea9m\/sodium-borohydride-merck\/#breadcrumb"},"inLanguage":"en-US","potentialAction":[{"@type":"ReadAction","target":["https:\/\/labochem.com.vn\/s\u1ea3n ph\u1ea9m\/sodium-borohydride-merck\/"]}]},{"@type":"ImageObject","inLanguage":"en-US","@id":"https:\/\/labochem.com.vn\/s\u1ea3n ph\u1ea9m\/sodium-borohydride-merck\/#primaryimage","url":"https:\/\/labochem.com.vn\/wp-content\/uploads\/2020\/05\/98c4fe88e56c1c32457d.jpg","contentUrl":"https:\/\/labochem.com.vn\/wp-content\/uploads\/2020\/05\/98c4fe88e56c1c32457d.jpg","width":960,"height":1280},{"@type":"BreadcrumbList","@id":"https:\/\/labochem.com.vn\/s\u1ea3n ph\u1ea9m\/sodium-borohydride-merck\/#breadcrumb","itemListElement":[{"@type":"ListItem","position":1,"name":"Home","item":"https:\/\/labochem.com.vn\/"},{"@type":"ListItem","position":2,"name":"C\u1eeda h\u00e0ng","item":"https:\/\/labochem.com.vn\/mua\/"},{"@type":"ListItem","position":3,"name":"Sodium borohydride &#8211; Merck"}]},{"@type":"WebSite","@id":"https:\/\/labochem.com.vn\/#website","url":"https:\/\/labochem.com.vn\/","name":"C\u00f4ng ty TNHH LABOCHEM Vi\u1ec7t Nam","description":"M\u1ed9t trang web m\u1edbi s\u1eed d\u1ee5ng WordPress","potentialAction":[{"@type":"SearchAction","target":{"@type":"EntryPoint","urlTemplate":"https:\/\/labochem.com.vn\/?s={search_term_string}"},"query-input":"required name=search_term_string"}],"inLanguage":"en-US"}]}},"_links":{"self":[{"href":"https:\/\/labochem.com.vn\/en\/wp-json\/wp\/v2\/product\/357"}],"collection":[{"href":"https:\/\/labochem.com.vn\/en\/wp-json\/wp\/v2\/product"}],"about":[{"href":"https:\/\/labochem.com.vn\/en\/wp-json\/wp\/v2\/types\/product"}],"replies":[{"embeddable":true,"href":"https:\/\/labochem.com.vn\/en\/wp-json\/wp\/v2\/comments?post=357"}],"wp:featuredmedia":[{"embeddable":true,"href":"https:\/\/labochem.com.vn\/en\/wp-json\/wp\/v2\/media\/358"}],"wp:attachment":[{"href":"https:\/\/labochem.com.vn\/en\/wp-json\/wp\/v2\/media?parent=357"}],"wp:term":[{"taxonomy":"product_cat","embeddable":true,"href":"https:\/\/labochem.com.vn\/en\/wp-json\/wp\/v2\/product_cat?post=357"},{"taxonomy":"product_tag","embeddable":true,"href":"https:\/\/labochem.com.vn\/en\/wp-json\/wp\/v2\/product_tag?post=357"}],"curies":[{"name":"wp","href":"https:\/\/api.w.org\/{rel}","templated":true}]}}