{"id":353,"date":"2020-05-07T04:32:47","date_gmt":"2020-05-07T04:32:47","guid":{"rendered":"https:\/\/labochem.com.vn\/?post_type=product&#038;p=353"},"modified":"2020-05-07T07:11:29","modified_gmt":"2020-05-07T07:11:29","slug":"potassium-hydrogen-phthalate-c8h5ko4","status":"publish","type":"product","link":"https:\/\/labochem.com.vn\/en\/s\u1ea3n ph\u1ea9m\/potassium-hydrogen-phthalate-c8h5ko4\/","title":{"rendered":"(Ti\u1ebfng Vi\u1ec7t) Potassium hydrogen phthalate\u00a0(C8H5KO4)"},"content":{"rendered":"","protected":false},"excerpt":{"rendered":"<p class=\"qtranxs-available-languages-message qtranxs-available-languages-message-en\">Sorry, this entry is only available in <a href=\"https:\/\/labochem.com.vn\/vi\/wp-json\/wp\/v2\/product\/353\" class=\"qtranxs-available-language-link qtranxs-available-language-link-vi\" title=\"Ti\u1ebfng Vi\u1ec7t\">Ti\u1ebfng Vi\u1ec7t<\/a>.<\/p>\n","protected":false},"featured_media":356,"comment_status":"open","ping_status":"closed","template":"","meta":[],"product_cat":[25],"product_tag":[93],"yoast_head":"<!-- This site is optimized with the Yoast SEO plugin v22.6 - https:\/\/yoast.com\/wordpress\/plugins\/seo\/ -->\n<title><\/title>\n<meta name=\"robots\" content=\"index, follow, max-snippet:-1, max-image-preview:large, max-video-preview:-1\" \/>\n<link rel=\"canonical\" href=\"https:\/\/labochem.com.vn\/s\u1ea3n%20ph\u1ea9m\/potassium-hydrogen-phthalate-c8h5ko4\/\" \/>\n<meta property=\"og:locale\" content=\"en_US\" \/>\n<meta property=\"og:type\" content=\"article\" \/>\n<meta property=\"og:title\" content=\"[:vi]Potassium hydrogen phthalate\u00a0(C8H5KO4)[:] - C\u00f4ng ty TNHH LABOCHEM Vi\u1ec7t Nam\" \/>\n<meta property=\"og:description\" content=\"[:vi]Potassium hydrogen phthalate\u00a0C8H5KO4 T\u00ean g\u1ecdi kh\u00e1c:\u00a0Kali hydrogen phthalate H\u00e3ng s\u1ea3n xu\u1ea5t:\u00a0Merck \u00a0Xu\u1ea5t x\u1ee9: \u0110\u1ee9c \u00a0Th\u00f4ng tin s\u1ea3n ph\u1ea9m: T\u00ean ti\u1ebfng anh:\u00a0Potassium hydrogen phthalate C\u00f4ng th\u1ee9c ph\u00e2n t\u1eed:\u00a0C8H5KO4 \u0110\u00f3ng g\u00f3i: 500g, 1kg\/chai Kh\u1ed1i l\u01b0\u1ee3ng ph\u00e2n t\u1eed: 204.22 g\/mol M\u1eadt \u0111\u1ed9: 1.636 g\/cm3 Nhi\u1ec7t \u0111\u1ed9 n\u00f3ng ch\u1ea3y: 295 - 300 \u00b0C Tr\u1ecb gi\u00e1 pH: 4.0 (0 g\/l, H\u2082O, 20 \u00b0C) L\u01b0\u1ee3ng h\u00f2a tan trong n\u01b0\u1edbc: 80 g\/l (20 \u00b0C S\u1eed d\u1ee5ng\u00a0Kali hydrogen phthalate\u00a0: ph\u00f2ng th\u00ed nghi\u1ec7m Thu\u1ed1c th\u1eed, thu\u1ed1c th\u1eed ph\u00e2n t\u00edch , thu\u1ed1c th\u1eed ch\u1ea9n \u0111o\u00e1n , thu\u1ed1c th\u1eed d\u1ea3ng d\u1ea1y[:]\" \/>\n<meta property=\"og:url\" content=\"https:\/\/labochem.com.vn\/s\u1ea3n ph\u1ea9m\/potassium-hydrogen-phthalate-c8h5ko4\/\" \/>\n<meta property=\"og:site_name\" content=\"C\u00f4ng ty TNHH LABOCHEM Vi\u1ec7t Nam\" \/>\n<meta property=\"article:modified_time\" content=\"2020-05-07T07:11:29+00:00\" \/>\n<meta property=\"og:image\" content=\"https:\/\/labochem.com.vn\/wp-content\/uploads\/2020\/05\/a.jpg\" \/>\n\t<meta property=\"og:image:width\" content=\"1104\" \/>\n\t<meta property=\"og:image:height\" content=\"1280\" \/>\n\t<meta property=\"og:image:type\" content=\"image\/jpeg\" \/>\n<meta name=\"twitter:card\" content=\"summary_large_image\" \/>\n<script type=\"application\/ld+json\" class=\"yoast-schema-graph\">{\"@context\":\"https:\/\/schema.org\",\"@graph\":[{\"@type\":\"WebPage\",\"@id\":\"https:\/\/labochem.com.vn\/s\u1ea3n ph\u1ea9m\/potassium-hydrogen-phthalate-c8h5ko4\/\",\"url\":\"https:\/\/labochem.com.vn\/s\u1ea3n ph\u1ea9m\/potassium-hydrogen-phthalate-c8h5ko4\/\",\"name\":\"[:vi]Potassium hydrogen phthalate\u00a0(C8H5KO4)[:] - C\u00f4ng ty TNHH LABOCHEM Vi\u1ec7t Nam\",\"isPartOf\":{\"@id\":\"https:\/\/labochem.com.vn\/#website\"},\"primaryImageOfPage\":{\"@id\":\"https:\/\/labochem.com.vn\/s\u1ea3n ph\u1ea9m\/potassium-hydrogen-phthalate-c8h5ko4\/#primaryimage\"},\"image\":{\"@id\":\"https:\/\/labochem.com.vn\/s\u1ea3n ph\u1ea9m\/potassium-hydrogen-phthalate-c8h5ko4\/#primaryimage\"},\"thumbnailUrl\":\"https:\/\/labochem.com.vn\/wp-content\/uploads\/2020\/05\/a.jpg\",\"datePublished\":\"2020-05-07T04:32:47+00:00\",\"dateModified\":\"2020-05-07T07:11:29+00:00\",\"breadcrumb\":{\"@id\":\"https:\/\/labochem.com.vn\/s\u1ea3n ph\u1ea9m\/potassium-hydrogen-phthalate-c8h5ko4\/#breadcrumb\"},\"inLanguage\":\"en-US\",\"potentialAction\":[{\"@type\":\"ReadAction\",\"target\":[\"https:\/\/labochem.com.vn\/s\u1ea3n ph\u1ea9m\/potassium-hydrogen-phthalate-c8h5ko4\/\"]}]},{\"@type\":\"ImageObject\",\"inLanguage\":\"en-US\",\"@id\":\"https:\/\/labochem.com.vn\/s\u1ea3n ph\u1ea9m\/potassium-hydrogen-phthalate-c8h5ko4\/#primaryimage\",\"url\":\"https:\/\/labochem.com.vn\/wp-content\/uploads\/2020\/05\/a.jpg\",\"contentUrl\":\"https:\/\/labochem.com.vn\/wp-content\/uploads\/2020\/05\/a.jpg\",\"width\":1104,\"height\":1280},{\"@type\":\"BreadcrumbList\",\"@id\":\"https:\/\/labochem.com.vn\/s\u1ea3n ph\u1ea9m\/potassium-hydrogen-phthalate-c8h5ko4\/#breadcrumb\",\"itemListElement\":[{\"@type\":\"ListItem\",\"position\":1,\"name\":\"Home\",\"item\":\"https:\/\/labochem.com.vn\/\"},{\"@type\":\"ListItem\",\"position\":2,\"name\":\"C\u1eeda h\u00e0ng\",\"item\":\"https:\/\/labochem.com.vn\/mua\/\"},{\"@type\":\"ListItem\",\"position\":3,\"name\":\"Potassium hydrogen phthalate\u00a0(C8H5KO4)\"}]},{\"@type\":\"WebSite\",\"@id\":\"https:\/\/labochem.com.vn\/#website\",\"url\":\"https:\/\/labochem.com.vn\/\",\"name\":\"C\u00f4ng ty TNHH LABOCHEM Vi\u1ec7t Nam\",\"description\":\"M\u1ed9t trang web m\u1edbi s\u1eed d\u1ee5ng WordPress\",\"potentialAction\":[{\"@type\":\"SearchAction\",\"target\":{\"@type\":\"EntryPoint\",\"urlTemplate\":\"https:\/\/labochem.com.vn\/?s={search_term_string}\"},\"query-input\":\"required name=search_term_string\"}],\"inLanguage\":\"en-US\"}]}<\/script>\n<!-- \/ Yoast SEO plugin. -->","yoast_head_json":{"title":"[:vi]Potassium hydrogen phthalate\u00a0(C8H5KO4)[:] - C\u00f4ng ty TNHH LABOCHEM Vi\u1ec7t Nam","robots":{"index":"index","follow":"follow","max-snippet":"max-snippet:-1","max-image-preview":"max-image-preview:large","max-video-preview":"max-video-preview:-1"},"canonical":"https:\/\/labochem.com.vn\/s\u1ea3n ph\u1ea9m\/potassium-hydrogen-phthalate-c8h5ko4\/","og_locale":"en_US","og_type":"article","og_title":"[:vi]Potassium hydrogen phthalate\u00a0(C8H5KO4)[:] - C\u00f4ng ty TNHH LABOCHEM Vi\u1ec7t Nam","og_description":"[:vi]Potassium hydrogen phthalate\u00a0C8H5KO4 T\u00ean g\u1ecdi kh\u00e1c:\u00a0Kali hydrogen phthalate H\u00e3ng s\u1ea3n xu\u1ea5t:\u00a0Merck \u00a0Xu\u1ea5t x\u1ee9: \u0110\u1ee9c \u00a0Th\u00f4ng tin s\u1ea3n ph\u1ea9m: T\u00ean ti\u1ebfng anh:\u00a0Potassium hydrogen phthalate C\u00f4ng th\u1ee9c ph\u00e2n t\u1eed:\u00a0C8H5KO4 \u0110\u00f3ng g\u00f3i: 500g, 1kg\/chai Kh\u1ed1i l\u01b0\u1ee3ng ph\u00e2n t\u1eed: 204.22 g\/mol M\u1eadt \u0111\u1ed9: 1.636 g\/cm3 Nhi\u1ec7t \u0111\u1ed9 n\u00f3ng ch\u1ea3y: 295 - 300 \u00b0C Tr\u1ecb gi\u00e1 pH: 4.0 (0 g\/l, H\u2082O, 20 \u00b0C) L\u01b0\u1ee3ng h\u00f2a tan trong n\u01b0\u1edbc: 80 g\/l (20 \u00b0C S\u1eed d\u1ee5ng\u00a0Kali hydrogen phthalate\u00a0: ph\u00f2ng th\u00ed nghi\u1ec7m Thu\u1ed1c th\u1eed, thu\u1ed1c th\u1eed ph\u00e2n t\u00edch , thu\u1ed1c th\u1eed ch\u1ea9n \u0111o\u00e1n , thu\u1ed1c th\u1eed d\u1ea3ng d\u1ea1y[:]","og_url":"https:\/\/labochem.com.vn\/s\u1ea3n ph\u1ea9m\/potassium-hydrogen-phthalate-c8h5ko4\/","og_site_name":"C\u00f4ng ty TNHH LABOCHEM Vi\u1ec7t Nam","article_modified_time":"2020-05-07T07:11:29+00:00","og_image":[{"width":1104,"height":1280,"url":"https:\/\/labochem.com.vn\/wp-content\/uploads\/2020\/05\/a.jpg","type":"image\/jpeg"}],"twitter_card":"summary_large_image","schema":{"@context":"https:\/\/schema.org","@graph":[{"@type":"WebPage","@id":"https:\/\/labochem.com.vn\/s\u1ea3n ph\u1ea9m\/potassium-hydrogen-phthalate-c8h5ko4\/","url":"https:\/\/labochem.com.vn\/s\u1ea3n ph\u1ea9m\/potassium-hydrogen-phthalate-c8h5ko4\/","name":"[:vi]Potassium hydrogen phthalate\u00a0(C8H5KO4)[:] - C\u00f4ng ty TNHH LABOCHEM Vi\u1ec7t Nam","isPartOf":{"@id":"https:\/\/labochem.com.vn\/#website"},"primaryImageOfPage":{"@id":"https:\/\/labochem.com.vn\/s\u1ea3n ph\u1ea9m\/potassium-hydrogen-phthalate-c8h5ko4\/#primaryimage"},"image":{"@id":"https:\/\/labochem.com.vn\/s\u1ea3n ph\u1ea9m\/potassium-hydrogen-phthalate-c8h5ko4\/#primaryimage"},"thumbnailUrl":"https:\/\/labochem.com.vn\/wp-content\/uploads\/2020\/05\/a.jpg","datePublished":"2020-05-07T04:32:47+00:00","dateModified":"2020-05-07T07:11:29+00:00","breadcrumb":{"@id":"https:\/\/labochem.com.vn\/s\u1ea3n ph\u1ea9m\/potassium-hydrogen-phthalate-c8h5ko4\/#breadcrumb"},"inLanguage":"en-US","potentialAction":[{"@type":"ReadAction","target":["https:\/\/labochem.com.vn\/s\u1ea3n ph\u1ea9m\/potassium-hydrogen-phthalate-c8h5ko4\/"]}]},{"@type":"ImageObject","inLanguage":"en-US","@id":"https:\/\/labochem.com.vn\/s\u1ea3n ph\u1ea9m\/potassium-hydrogen-phthalate-c8h5ko4\/#primaryimage","url":"https:\/\/labochem.com.vn\/wp-content\/uploads\/2020\/05\/a.jpg","contentUrl":"https:\/\/labochem.com.vn\/wp-content\/uploads\/2020\/05\/a.jpg","width":1104,"height":1280},{"@type":"BreadcrumbList","@id":"https:\/\/labochem.com.vn\/s\u1ea3n ph\u1ea9m\/potassium-hydrogen-phthalate-c8h5ko4\/#breadcrumb","itemListElement":[{"@type":"ListItem","position":1,"name":"Home","item":"https:\/\/labochem.com.vn\/"},{"@type":"ListItem","position":2,"name":"C\u1eeda h\u00e0ng","item":"https:\/\/labochem.com.vn\/mua\/"},{"@type":"ListItem","position":3,"name":"Potassium hydrogen phthalate\u00a0(C8H5KO4)"}]},{"@type":"WebSite","@id":"https:\/\/labochem.com.vn\/#website","url":"https:\/\/labochem.com.vn\/","name":"C\u00f4ng ty TNHH LABOCHEM Vi\u1ec7t Nam","description":"M\u1ed9t trang web m\u1edbi s\u1eed d\u1ee5ng WordPress","potentialAction":[{"@type":"SearchAction","target":{"@type":"EntryPoint","urlTemplate":"https:\/\/labochem.com.vn\/?s={search_term_string}"},"query-input":"required name=search_term_string"}],"inLanguage":"en-US"}]}},"_links":{"self":[{"href":"https:\/\/labochem.com.vn\/en\/wp-json\/wp\/v2\/product\/353"}],"collection":[{"href":"https:\/\/labochem.com.vn\/en\/wp-json\/wp\/v2\/product"}],"about":[{"href":"https:\/\/labochem.com.vn\/en\/wp-json\/wp\/v2\/types\/product"}],"replies":[{"embeddable":true,"href":"https:\/\/labochem.com.vn\/en\/wp-json\/wp\/v2\/comments?post=353"}],"wp:featuredmedia":[{"embeddable":true,"href":"https:\/\/labochem.com.vn\/en\/wp-json\/wp\/v2\/media\/356"}],"wp:attachment":[{"href":"https:\/\/labochem.com.vn\/en\/wp-json\/wp\/v2\/media?parent=353"}],"wp:term":[{"taxonomy":"product_cat","embeddable":true,"href":"https:\/\/labochem.com.vn\/en\/wp-json\/wp\/v2\/product_cat?post=353"},{"taxonomy":"product_tag","embeddable":true,"href":"https:\/\/labochem.com.vn\/en\/wp-json\/wp\/v2\/product_tag?post=353"}],"curies":[{"name":"wp","href":"https:\/\/api.w.org\/{rel}","templated":true}]}}