{"id":345,"date":"2020-05-07T03:22:29","date_gmt":"2020-05-07T03:22:29","guid":{"rendered":"https:\/\/labochem.com.vn\/?post_type=product&#038;p=345"},"modified":"2020-05-07T07:12:13","modified_gmt":"2020-05-07T07:12:13","slug":"potassium-carbonate-k%e2%82%82co%e2%82%83","status":"publish","type":"product","link":"https:\/\/labochem.com.vn\/en\/s\u1ea3n ph\u1ea9m\/potassium-carbonate-k%e2%82%82co%e2%82%83\/","title":{"rendered":"(Ti\u1ebfng Vi\u1ec7t) Potassium carbonate (K\u2082CO\u2083)"},"content":{"rendered":"","protected":false},"excerpt":{"rendered":"<p class=\"qtranxs-available-languages-message qtranxs-available-languages-message-en\">Sorry, this entry is only available in <a href=\"https:\/\/labochem.com.vn\/vi\/wp-json\/wp\/v2\/product\/345\" class=\"qtranxs-available-language-link qtranxs-available-language-link-vi\" title=\"Ti\u1ebfng Vi\u1ec7t\">Ti\u1ebfng Vi\u1ec7t<\/a>.<\/p>\n","protected":false},"featured_media":347,"comment_status":"open","ping_status":"closed","template":"","meta":[],"product_cat":[25],"product_tag":[91],"yoast_head":"<!-- This site is optimized with the Yoast SEO plugin v22.6 - https:\/\/yoast.com\/wordpress\/plugins\/seo\/ -->\n<title><\/title>\n<meta name=\"robots\" content=\"index, follow, max-snippet:-1, max-image-preview:large, max-video-preview:-1\" \/>\n<link rel=\"canonical\" href=\"https:\/\/labochem.com.vn\/s\u1ea3n%20ph\u1ea9m\/potassium-carbonate-k\u2082co\u2083\/\" \/>\n<meta property=\"og:locale\" content=\"en_US\" \/>\n<meta property=\"og:type\" content=\"article\" \/>\n<meta property=\"og:title\" content=\"[:vi]Potassium carbonate (K\u2082CO\u2083)[:] - C\u00f4ng ty TNHH LABOCHEM Vi\u1ec7t Nam\" \/>\n<meta property=\"og:description\" content=\"[:vi]H\u00f3a ch\u1ea5t Potassium carbonate \u2013 Merck    CAS S\u1ed0 EC C\u00d4NG TH\u1ee8C \u0110\u1ed2I C\u00d4NG TH\u1ee8C H\u00d3A H\u1eccC KH\u1ed0I L\u01af\u1ee2NG PH\u00c2N T\u1eec GI\u00c1 TR\u1eca L\u1edaP     584-08-7 209-529-3 CKO\u2083 K\u2082CO\u2083 138,21 g \/ mol ACS, ISO, Thu\u1ed1c th\u1eed.\u00a0Ph Eur        S\u1ed0 M\u1ee4C L\u1ee4C BAO B\u00cc S\u1ed0 L\u01af\u1ee2NG \/ G\u00d3I     1049280500 Chai nh\u1ef1a 500 g   1049281000 Chai nh\u1ef1a 1 kg   1049289050 Th\u00f9ng s\u1ee3i 50 kg    &nbsp;      S\u1ef0 MI\u00caU T\u1ea2     S\u1ed1 m\u1ee5c l\u1ee5c 104928   Thay th\u1ebf PX1390;\u00a0PX1390-1;\u00a0PX1390-20   T\u1eeb \u0111\u1ed3ng ngh\u0129a kali    &nbsp;    TH\u00d4NG TIN S\u1ea2N PH\u1ea8M     s\u1ed1 CAS 584-08-7   S\u1ed1 EC 209-529-3   C\u1ea5p ACS, ISO, Thu\u1ed1c th\u1eed.\u00a0Ph Eur   C\u00f4ng th\u1ee9c \u0111\u1ed3i CKO\u2083   C\u00f4ng th\u1ee9c h\u00f3a h\u1ecdc K\u2082CO\u2083   Kh\u1ed1i l\u01b0\u1ee3ng ph\u00e2n t\u1eed 138,21 g \/ mol   M\u00e3 HS 2836 40 00   C\u00f4ng th\u1ee9c c\u1ea5u tr\u00fac H\u00ecnh \u1ea3nh     &nbsp;    TH\u00d4NG TIN H\u00d3A L\u00dd     T\u1ec9 tr\u1ecdng 2,43 g \/ cm3 (20 \u00b0 C)   \u0110\u1ed9 n\u00f3ng ch\u1ea3y 891 \u00b0 C   gi\u00e1 tr\u1ecb pH 11,5 \u2013 12,5 (50 g \/ l, H\u2082O, 20 \u00b0 C)   M\u1eadt \u0111\u1ed9 l\u1edbn 750 kg \/ m3   \u0110\u1ed9 h\u00f2a tan 1120 g \/ l   [:]\" \/>\n<meta property=\"og:url\" content=\"https:\/\/labochem.com.vn\/s\u1ea3n ph\u1ea9m\/potassium-carbonate-k\u2082co\u2083\/\" \/>\n<meta property=\"og:site_name\" content=\"C\u00f4ng ty TNHH LABOCHEM Vi\u1ec7t Nam\" \/>\n<meta property=\"article:modified_time\" content=\"2020-05-07T07:12:13+00:00\" \/>\n<meta property=\"og:image\" content=\"https:\/\/labochem.com.vn\/wp-content\/uploads\/2020\/05\/merck-analitik-laboratuvar-kimyasallari_min.png\" \/>\n\t<meta property=\"og:image:width\" content=\"360\" \/>\n\t<meta property=\"og:image:height\" content=\"360\" \/>\n\t<meta property=\"og:image:type\" content=\"image\/png\" \/>\n<meta name=\"twitter:card\" content=\"summary_large_image\" \/>\n<script type=\"application\/ld+json\" class=\"yoast-schema-graph\">{\"@context\":\"https:\/\/schema.org\",\"@graph\":[{\"@type\":\"WebPage\",\"@id\":\"https:\/\/labochem.com.vn\/s\u1ea3n ph\u1ea9m\/potassium-carbonate-k%e2%82%82co%e2%82%83\/\",\"url\":\"https:\/\/labochem.com.vn\/s\u1ea3n ph\u1ea9m\/potassium-carbonate-k%e2%82%82co%e2%82%83\/\",\"name\":\"[:vi]Potassium carbonate (K\u2082CO\u2083)[:] - C\u00f4ng ty TNHH LABOCHEM Vi\u1ec7t Nam\",\"isPartOf\":{\"@id\":\"https:\/\/labochem.com.vn\/#website\"},\"primaryImageOfPage\":{\"@id\":\"https:\/\/labochem.com.vn\/s\u1ea3n ph\u1ea9m\/potassium-carbonate-k%e2%82%82co%e2%82%83\/#primaryimage\"},\"image\":{\"@id\":\"https:\/\/labochem.com.vn\/s\u1ea3n ph\u1ea9m\/potassium-carbonate-k%e2%82%82co%e2%82%83\/#primaryimage\"},\"thumbnailUrl\":\"https:\/\/labochem.com.vn\/wp-content\/uploads\/2020\/05\/merck-analitik-laboratuvar-kimyasallari_min.png\",\"datePublished\":\"2020-05-07T03:22:29+00:00\",\"dateModified\":\"2020-05-07T07:12:13+00:00\",\"breadcrumb\":{\"@id\":\"https:\/\/labochem.com.vn\/s\u1ea3n ph\u1ea9m\/potassium-carbonate-k%e2%82%82co%e2%82%83\/#breadcrumb\"},\"inLanguage\":\"en-US\",\"potentialAction\":[{\"@type\":\"ReadAction\",\"target\":[\"https:\/\/labochem.com.vn\/s\u1ea3n ph\u1ea9m\/potassium-carbonate-k%e2%82%82co%e2%82%83\/\"]}]},{\"@type\":\"ImageObject\",\"inLanguage\":\"en-US\",\"@id\":\"https:\/\/labochem.com.vn\/s\u1ea3n ph\u1ea9m\/potassium-carbonate-k%e2%82%82co%e2%82%83\/#primaryimage\",\"url\":\"https:\/\/labochem.com.vn\/wp-content\/uploads\/2020\/05\/merck-analitik-laboratuvar-kimyasallari_min.png\",\"contentUrl\":\"https:\/\/labochem.com.vn\/wp-content\/uploads\/2020\/05\/merck-analitik-laboratuvar-kimyasallari_min.png\",\"width\":360,\"height\":360},{\"@type\":\"BreadcrumbList\",\"@id\":\"https:\/\/labochem.com.vn\/s\u1ea3n ph\u1ea9m\/potassium-carbonate-k%e2%82%82co%e2%82%83\/#breadcrumb\",\"itemListElement\":[{\"@type\":\"ListItem\",\"position\":1,\"name\":\"Home\",\"item\":\"https:\/\/labochem.com.vn\/\"},{\"@type\":\"ListItem\",\"position\":2,\"name\":\"C\u1eeda h\u00e0ng\",\"item\":\"https:\/\/labochem.com.vn\/mua\/\"},{\"@type\":\"ListItem\",\"position\":3,\"name\":\"Potassium carbonate (K\u2082CO\u2083)\"}]},{\"@type\":\"WebSite\",\"@id\":\"https:\/\/labochem.com.vn\/#website\",\"url\":\"https:\/\/labochem.com.vn\/\",\"name\":\"C\u00f4ng ty TNHH LABOCHEM Vi\u1ec7t Nam\",\"description\":\"M\u1ed9t trang web m\u1edbi s\u1eed d\u1ee5ng WordPress\",\"potentialAction\":[{\"@type\":\"SearchAction\",\"target\":{\"@type\":\"EntryPoint\",\"urlTemplate\":\"https:\/\/labochem.com.vn\/?s={search_term_string}\"},\"query-input\":\"required name=search_term_string\"}],\"inLanguage\":\"en-US\"}]}<\/script>\n<!-- \/ Yoast SEO plugin. -->","yoast_head_json":{"title":"[:vi]Potassium carbonate (K\u2082CO\u2083)[:] - C\u00f4ng ty TNHH LABOCHEM Vi\u1ec7t Nam","robots":{"index":"index","follow":"follow","max-snippet":"max-snippet:-1","max-image-preview":"max-image-preview:large","max-video-preview":"max-video-preview:-1"},"canonical":"https:\/\/labochem.com.vn\/s\u1ea3n ph\u1ea9m\/potassium-carbonate-k\u2082co\u2083\/","og_locale":"en_US","og_type":"article","og_title":"[:vi]Potassium carbonate (K\u2082CO\u2083)[:] - C\u00f4ng ty TNHH LABOCHEM Vi\u1ec7t Nam","og_description":"[:vi]H\u00f3a ch\u1ea5t Potassium carbonate \u2013 Merck    CAS S\u1ed0 EC C\u00d4NG TH\u1ee8C \u0110\u1ed2I C\u00d4NG TH\u1ee8C H\u00d3A H\u1eccC KH\u1ed0I L\u01af\u1ee2NG PH\u00c2N T\u1eec GI\u00c1 TR\u1eca L\u1edaP     584-08-7 209-529-3 CKO\u2083 K\u2082CO\u2083 138,21 g \/ mol ACS, ISO, Thu\u1ed1c th\u1eed.\u00a0Ph Eur        S\u1ed0 M\u1ee4C L\u1ee4C BAO B\u00cc S\u1ed0 L\u01af\u1ee2NG \/ G\u00d3I     1049280500 Chai nh\u1ef1a 500 g   1049281000 Chai nh\u1ef1a 1 kg   1049289050 Th\u00f9ng s\u1ee3i 50 kg    &nbsp;      S\u1ef0 MI\u00caU T\u1ea2     S\u1ed1 m\u1ee5c l\u1ee5c 104928   Thay th\u1ebf PX1390;\u00a0PX1390-1;\u00a0PX1390-20   T\u1eeb \u0111\u1ed3ng ngh\u0129a kali    &nbsp;    TH\u00d4NG TIN S\u1ea2N PH\u1ea8M     s\u1ed1 CAS 584-08-7   S\u1ed1 EC 209-529-3   C\u1ea5p ACS, ISO, Thu\u1ed1c th\u1eed.\u00a0Ph Eur   C\u00f4ng th\u1ee9c \u0111\u1ed3i CKO\u2083   C\u00f4ng th\u1ee9c h\u00f3a h\u1ecdc K\u2082CO\u2083   Kh\u1ed1i l\u01b0\u1ee3ng ph\u00e2n t\u1eed 138,21 g \/ mol   M\u00e3 HS 2836 40 00   C\u00f4ng th\u1ee9c c\u1ea5u tr\u00fac H\u00ecnh \u1ea3nh     &nbsp;    TH\u00d4NG TIN H\u00d3A L\u00dd     T\u1ec9 tr\u1ecdng 2,43 g \/ cm3 (20 \u00b0 C)   \u0110\u1ed9 n\u00f3ng ch\u1ea3y 891 \u00b0 C   gi\u00e1 tr\u1ecb pH 11,5 \u2013 12,5 (50 g \/ l, H\u2082O, 20 \u00b0 C)   M\u1eadt \u0111\u1ed9 l\u1edbn 750 kg \/ m3   \u0110\u1ed9 h\u00f2a tan 1120 g \/ l   [:]","og_url":"https:\/\/labochem.com.vn\/s\u1ea3n ph\u1ea9m\/potassium-carbonate-k\u2082co\u2083\/","og_site_name":"C\u00f4ng ty TNHH LABOCHEM Vi\u1ec7t Nam","article_modified_time":"2020-05-07T07:12:13+00:00","og_image":[{"width":360,"height":360,"url":"https:\/\/labochem.com.vn\/wp-content\/uploads\/2020\/05\/merck-analitik-laboratuvar-kimyasallari_min.png","type":"image\/png"}],"twitter_card":"summary_large_image","schema":{"@context":"https:\/\/schema.org","@graph":[{"@type":"WebPage","@id":"https:\/\/labochem.com.vn\/s\u1ea3n ph\u1ea9m\/potassium-carbonate-k%e2%82%82co%e2%82%83\/","url":"https:\/\/labochem.com.vn\/s\u1ea3n ph\u1ea9m\/potassium-carbonate-k%e2%82%82co%e2%82%83\/","name":"[:vi]Potassium carbonate (K\u2082CO\u2083)[:] - C\u00f4ng ty TNHH LABOCHEM Vi\u1ec7t Nam","isPartOf":{"@id":"https:\/\/labochem.com.vn\/#website"},"primaryImageOfPage":{"@id":"https:\/\/labochem.com.vn\/s\u1ea3n ph\u1ea9m\/potassium-carbonate-k%e2%82%82co%e2%82%83\/#primaryimage"},"image":{"@id":"https:\/\/labochem.com.vn\/s\u1ea3n ph\u1ea9m\/potassium-carbonate-k%e2%82%82co%e2%82%83\/#primaryimage"},"thumbnailUrl":"https:\/\/labochem.com.vn\/wp-content\/uploads\/2020\/05\/merck-analitik-laboratuvar-kimyasallari_min.png","datePublished":"2020-05-07T03:22:29+00:00","dateModified":"2020-05-07T07:12:13+00:00","breadcrumb":{"@id":"https:\/\/labochem.com.vn\/s\u1ea3n ph\u1ea9m\/potassium-carbonate-k%e2%82%82co%e2%82%83\/#breadcrumb"},"inLanguage":"en-US","potentialAction":[{"@type":"ReadAction","target":["https:\/\/labochem.com.vn\/s\u1ea3n ph\u1ea9m\/potassium-carbonate-k%e2%82%82co%e2%82%83\/"]}]},{"@type":"ImageObject","inLanguage":"en-US","@id":"https:\/\/labochem.com.vn\/s\u1ea3n ph\u1ea9m\/potassium-carbonate-k%e2%82%82co%e2%82%83\/#primaryimage","url":"https:\/\/labochem.com.vn\/wp-content\/uploads\/2020\/05\/merck-analitik-laboratuvar-kimyasallari_min.png","contentUrl":"https:\/\/labochem.com.vn\/wp-content\/uploads\/2020\/05\/merck-analitik-laboratuvar-kimyasallari_min.png","width":360,"height":360},{"@type":"BreadcrumbList","@id":"https:\/\/labochem.com.vn\/s\u1ea3n ph\u1ea9m\/potassium-carbonate-k%e2%82%82co%e2%82%83\/#breadcrumb","itemListElement":[{"@type":"ListItem","position":1,"name":"Home","item":"https:\/\/labochem.com.vn\/"},{"@type":"ListItem","position":2,"name":"C\u1eeda h\u00e0ng","item":"https:\/\/labochem.com.vn\/mua\/"},{"@type":"ListItem","position":3,"name":"Potassium carbonate (K\u2082CO\u2083)"}]},{"@type":"WebSite","@id":"https:\/\/labochem.com.vn\/#website","url":"https:\/\/labochem.com.vn\/","name":"C\u00f4ng ty TNHH LABOCHEM Vi\u1ec7t Nam","description":"M\u1ed9t trang web m\u1edbi s\u1eed d\u1ee5ng WordPress","potentialAction":[{"@type":"SearchAction","target":{"@type":"EntryPoint","urlTemplate":"https:\/\/labochem.com.vn\/?s={search_term_string}"},"query-input":"required name=search_term_string"}],"inLanguage":"en-US"}]}},"_links":{"self":[{"href":"https:\/\/labochem.com.vn\/en\/wp-json\/wp\/v2\/product\/345"}],"collection":[{"href":"https:\/\/labochem.com.vn\/en\/wp-json\/wp\/v2\/product"}],"about":[{"href":"https:\/\/labochem.com.vn\/en\/wp-json\/wp\/v2\/types\/product"}],"replies":[{"embeddable":true,"href":"https:\/\/labochem.com.vn\/en\/wp-json\/wp\/v2\/comments?post=345"}],"wp:featuredmedia":[{"embeddable":true,"href":"https:\/\/labochem.com.vn\/en\/wp-json\/wp\/v2\/media\/347"}],"wp:attachment":[{"href":"https:\/\/labochem.com.vn\/en\/wp-json\/wp\/v2\/media?parent=345"}],"wp:term":[{"taxonomy":"product_cat","embeddable":true,"href":"https:\/\/labochem.com.vn\/en\/wp-json\/wp\/v2\/product_cat?post=345"},{"taxonomy":"product_tag","embeddable":true,"href":"https:\/\/labochem.com.vn\/en\/wp-json\/wp\/v2\/product_tag?post=345"}],"curies":[{"name":"wp","href":"https:\/\/api.w.org\/{rel}","templated":true}]}}