{"id":341,"date":"2020-05-07T02:48:18","date_gmt":"2020-05-07T02:48:18","guid":{"rendered":"https:\/\/labochem.com.vn\/?post_type=product&#038;p=341"},"modified":"2024-07-01T14:47:51","modified_gmt":"2024-07-01T14:47:51","slug":"sodium-borohydride","status":"publish","type":"product","link":"https:\/\/labochem.com.vn\/en\/s\u1ea3n ph\u1ea9m\/sodium-borohydride\/","title":{"rendered":"(Ti\u1ebfng Vi\u1ec7t) Sodium borohydride (NaBH4)"},"content":{"rendered":"","protected":false},"excerpt":{"rendered":"<p class=\"qtranxs-available-languages-message qtranxs-available-languages-message-en\">Sorry, this entry is only available in <a href=\"https:\/\/labochem.com.vn\/vi\/wp-json\/wp\/v2\/product\/341\" class=\"qtranxs-available-language-link qtranxs-available-language-link-vi\" title=\"Ti\u1ebfng Vi\u1ec7t\">Ti\u1ebfng Vi\u1ec7t<\/a>.<\/p>\n","protected":false},"featured_media":349,"comment_status":"open","ping_status":"closed","template":"","meta":[],"product_cat":[25],"product_tag":[89],"yoast_head":"<!-- This site is optimized with the Yoast SEO plugin v22.6 - https:\/\/yoast.com\/wordpress\/plugins\/seo\/ -->\n<title><\/title>\n<meta name=\"robots\" content=\"index, follow, max-snippet:-1, max-image-preview:large, max-video-preview:-1\" \/>\n<link rel=\"canonical\" href=\"https:\/\/labochem.com.vn\/s\u1ea3n%20ph\u1ea9m\/sodium-borohydride\/\" \/>\n<meta property=\"og:locale\" content=\"en_US\" \/>\n<meta property=\"og:type\" content=\"article\" \/>\n<meta property=\"og:title\" content=\"[:vi]Sodium borohydride (NaBH4)[:] - C\u00f4ng ty TNHH LABOCHEM Vi\u1ec7t Nam\" \/>\n<meta property=\"og:description\" content=\"[:vi]\u0110\u0103\u0323c \u0111i\u00ea\u0309m cu\u0309a H\u00f3a ch\u1ea5t Sodium borohydride NaBH4 \u2013 Merck    TH\u00d4NG TIN S\u1ea2N PH\u1ea8M     s\u1ed1 CAS 16940-66-2   S\u1ed1 EC 241-004-4   C\u00f4ng th\u1ee9c \u0111\u1ed3i H\u2084BNa   C\u00f4ng th\u1ee9c h\u00f3a h\u1ecdc NaBH\u2084   Kh\u1ed1i l\u01b0\u1ee3ng ph\u00e2n t\u1eed 37,83 g \/ mol   M\u00e3 HS 2850 00 20    &nbsp;    C\u00c1C \u1ee8NG D\u1ee4NG     \u1ee8ng d\u1ee5ng Natri borohydride \u0111\u1ec3 ph\u00e2n t\u00edch.\u00a0S\u1ed1 CAS 16940-66-2, S\u1ed1 EC 241-004-4.    &nbsp;    TH\u00d4NG TIN H\u00d3A L\u00dd     \u0110i\u1ec3m s\u00f4i 500 \u00b0 C (ph\u00e2n h\u1ee7y)   T\u1ec9 tr\u1ecdng 1,07 g \/ cm3 (20 \u00b0 C)   Gi\u1edbi h\u1ea1n n\u1ed5 3,02% (V)   \u0110i\u1ec3m s\u00e1ng 69 \u00b0 C kh\u00f4ng \u00e1p d\u1ee5ng   Nhi\u1ec7t \u0111\u1ed9 \u0111\u00e1nh l\u1eeda 220 \u00b0 C   \u0110\u1ed9 n\u00f3ng ch\u1ea3y &gt; 360 \u00b0 C (ph\u00e2n h\u1ee7y ch\u1eadm)   gi\u00e1 tr\u1ecb pH 11 (10 g \/ l, H\u2082O, 20 \u00b0 C)   \u00c1p su\u1ea5t h\u01a1i &lt;1 hPa (25 \u00b0 C)   M\u1eadt \u0111\u1ed9 l\u1edbn 350 \u2013 500 kg \/ m3    &nbsp;    TH\u00d4NG TIN \u0110\u1ed8C T\u00cdNH     LD 50 u\u1ed1ng LD50 chu\u1ed9t 160 mg \/ kg   LD 50 h\u1ea1 b\u00ec Th\u1ecf LD50 230 mg \/ kg    &nbsp;[:]\" \/>\n<meta property=\"og:url\" content=\"https:\/\/labochem.com.vn\/s\u1ea3n ph\u1ea9m\/sodium-borohydride\/\" \/>\n<meta property=\"og:site_name\" content=\"C\u00f4ng ty TNHH LABOCHEM Vi\u1ec7t Nam\" \/>\n<meta property=\"article:modified_time\" content=\"2024-07-01T14:47:51+00:00\" \/>\n<meta property=\"og:image\" content=\"https:\/\/labochem.com.vn\/wp-content\/uploads\/2020\/05\/Potassium-hydroxide-Merk-1.png\" \/>\n\t<meta property=\"og:image:width\" content=\"351\" \/>\n\t<meta property=\"og:image:height\" content=\"354\" \/>\n\t<meta property=\"og:image:type\" content=\"image\/png\" \/>\n<meta name=\"twitter:card\" content=\"summary_large_image\" \/>\n<script type=\"application\/ld+json\" class=\"yoast-schema-graph\">{\"@context\":\"https:\/\/schema.org\",\"@graph\":[{\"@type\":\"WebPage\",\"@id\":\"https:\/\/labochem.com.vn\/s\u1ea3n ph\u1ea9m\/sodium-borohydride\/\",\"url\":\"https:\/\/labochem.com.vn\/s\u1ea3n ph\u1ea9m\/sodium-borohydride\/\",\"name\":\"[:vi]Sodium borohydride (NaBH4)[:] - C\u00f4ng ty TNHH LABOCHEM Vi\u1ec7t Nam\",\"isPartOf\":{\"@id\":\"https:\/\/labochem.com.vn\/#website\"},\"primaryImageOfPage\":{\"@id\":\"https:\/\/labochem.com.vn\/s\u1ea3n ph\u1ea9m\/sodium-borohydride\/#primaryimage\"},\"image\":{\"@id\":\"https:\/\/labochem.com.vn\/s\u1ea3n ph\u1ea9m\/sodium-borohydride\/#primaryimage\"},\"thumbnailUrl\":\"https:\/\/labochem.com.vn\/wp-content\/uploads\/2020\/05\/Potassium-hydroxide-Merk-1.png\",\"datePublished\":\"2020-05-07T02:48:18+00:00\",\"dateModified\":\"2024-07-01T14:47:51+00:00\",\"breadcrumb\":{\"@id\":\"https:\/\/labochem.com.vn\/s\u1ea3n ph\u1ea9m\/sodium-borohydride\/#breadcrumb\"},\"inLanguage\":\"en-US\",\"potentialAction\":[{\"@type\":\"ReadAction\",\"target\":[\"https:\/\/labochem.com.vn\/s\u1ea3n ph\u1ea9m\/sodium-borohydride\/\"]}]},{\"@type\":\"ImageObject\",\"inLanguage\":\"en-US\",\"@id\":\"https:\/\/labochem.com.vn\/s\u1ea3n ph\u1ea9m\/sodium-borohydride\/#primaryimage\",\"url\":\"https:\/\/labochem.com.vn\/wp-content\/uploads\/2020\/05\/Potassium-hydroxide-Merk-1.png\",\"contentUrl\":\"https:\/\/labochem.com.vn\/wp-content\/uploads\/2020\/05\/Potassium-hydroxide-Merk-1.png\",\"width\":351,\"height\":354},{\"@type\":\"BreadcrumbList\",\"@id\":\"https:\/\/labochem.com.vn\/s\u1ea3n ph\u1ea9m\/sodium-borohydride\/#breadcrumb\",\"itemListElement\":[{\"@type\":\"ListItem\",\"position\":1,\"name\":\"Home\",\"item\":\"https:\/\/labochem.com.vn\/\"},{\"@type\":\"ListItem\",\"position\":2,\"name\":\"C\u1eeda h\u00e0ng\",\"item\":\"https:\/\/labochem.com.vn\/mua\/\"},{\"@type\":\"ListItem\",\"position\":3,\"name\":\"Sodium borohydride (NaBH4)\"}]},{\"@type\":\"WebSite\",\"@id\":\"https:\/\/labochem.com.vn\/#website\",\"url\":\"https:\/\/labochem.com.vn\/\",\"name\":\"C\u00f4ng ty TNHH LABOCHEM Vi\u1ec7t Nam\",\"description\":\"M\u1ed9t trang web m\u1edbi s\u1eed d\u1ee5ng WordPress\",\"potentialAction\":[{\"@type\":\"SearchAction\",\"target\":{\"@type\":\"EntryPoint\",\"urlTemplate\":\"https:\/\/labochem.com.vn\/?s={search_term_string}\"},\"query-input\":\"required name=search_term_string\"}],\"inLanguage\":\"en-US\"}]}<\/script>\n<!-- \/ Yoast SEO plugin. -->","yoast_head_json":{"title":"[:vi]Sodium borohydride (NaBH4)[:] - C\u00f4ng ty TNHH LABOCHEM Vi\u1ec7t Nam","robots":{"index":"index","follow":"follow","max-snippet":"max-snippet:-1","max-image-preview":"max-image-preview:large","max-video-preview":"max-video-preview:-1"},"canonical":"https:\/\/labochem.com.vn\/s\u1ea3n ph\u1ea9m\/sodium-borohydride\/","og_locale":"en_US","og_type":"article","og_title":"[:vi]Sodium borohydride (NaBH4)[:] - C\u00f4ng ty TNHH LABOCHEM Vi\u1ec7t Nam","og_description":"[:vi]\u0110\u0103\u0323c \u0111i\u00ea\u0309m cu\u0309a H\u00f3a ch\u1ea5t Sodium borohydride NaBH4 \u2013 Merck    TH\u00d4NG TIN S\u1ea2N PH\u1ea8M     s\u1ed1 CAS 16940-66-2   S\u1ed1 EC 241-004-4   C\u00f4ng th\u1ee9c \u0111\u1ed3i H\u2084BNa   C\u00f4ng th\u1ee9c h\u00f3a h\u1ecdc NaBH\u2084   Kh\u1ed1i l\u01b0\u1ee3ng ph\u00e2n t\u1eed 37,83 g \/ mol   M\u00e3 HS 2850 00 20    &nbsp;    C\u00c1C \u1ee8NG D\u1ee4NG     \u1ee8ng d\u1ee5ng Natri borohydride \u0111\u1ec3 ph\u00e2n t\u00edch.\u00a0S\u1ed1 CAS 16940-66-2, S\u1ed1 EC 241-004-4.    &nbsp;    TH\u00d4NG TIN H\u00d3A L\u00dd     \u0110i\u1ec3m s\u00f4i 500 \u00b0 C (ph\u00e2n h\u1ee7y)   T\u1ec9 tr\u1ecdng 1,07 g \/ cm3 (20 \u00b0 C)   Gi\u1edbi h\u1ea1n n\u1ed5 3,02% (V)   \u0110i\u1ec3m s\u00e1ng 69 \u00b0 C kh\u00f4ng \u00e1p d\u1ee5ng   Nhi\u1ec7t \u0111\u1ed9 \u0111\u00e1nh l\u1eeda 220 \u00b0 C   \u0110\u1ed9 n\u00f3ng ch\u1ea3y &gt; 360 \u00b0 C (ph\u00e2n h\u1ee7y ch\u1eadm)   gi\u00e1 tr\u1ecb pH 11 (10 g \/ l, H\u2082O, 20 \u00b0 C)   \u00c1p su\u1ea5t h\u01a1i &lt;1 hPa (25 \u00b0 C)   M\u1eadt \u0111\u1ed9 l\u1edbn 350 \u2013 500 kg \/ m3    &nbsp;    TH\u00d4NG TIN \u0110\u1ed8C T\u00cdNH     LD 50 u\u1ed1ng LD50 chu\u1ed9t 160 mg \/ kg   LD 50 h\u1ea1 b\u00ec Th\u1ecf LD50 230 mg \/ kg    &nbsp;[:]","og_url":"https:\/\/labochem.com.vn\/s\u1ea3n ph\u1ea9m\/sodium-borohydride\/","og_site_name":"C\u00f4ng ty TNHH LABOCHEM Vi\u1ec7t Nam","article_modified_time":"2024-07-01T14:47:51+00:00","og_image":[{"width":351,"height":354,"url":"https:\/\/labochem.com.vn\/wp-content\/uploads\/2020\/05\/Potassium-hydroxide-Merk-1.png","type":"image\/png"}],"twitter_card":"summary_large_image","schema":{"@context":"https:\/\/schema.org","@graph":[{"@type":"WebPage","@id":"https:\/\/labochem.com.vn\/s\u1ea3n ph\u1ea9m\/sodium-borohydride\/","url":"https:\/\/labochem.com.vn\/s\u1ea3n ph\u1ea9m\/sodium-borohydride\/","name":"[:vi]Sodium borohydride (NaBH4)[:] - C\u00f4ng ty TNHH LABOCHEM Vi\u1ec7t Nam","isPartOf":{"@id":"https:\/\/labochem.com.vn\/#website"},"primaryImageOfPage":{"@id":"https:\/\/labochem.com.vn\/s\u1ea3n ph\u1ea9m\/sodium-borohydride\/#primaryimage"},"image":{"@id":"https:\/\/labochem.com.vn\/s\u1ea3n ph\u1ea9m\/sodium-borohydride\/#primaryimage"},"thumbnailUrl":"https:\/\/labochem.com.vn\/wp-content\/uploads\/2020\/05\/Potassium-hydroxide-Merk-1.png","datePublished":"2020-05-07T02:48:18+00:00","dateModified":"2024-07-01T14:47:51+00:00","breadcrumb":{"@id":"https:\/\/labochem.com.vn\/s\u1ea3n ph\u1ea9m\/sodium-borohydride\/#breadcrumb"},"inLanguage":"en-US","potentialAction":[{"@type":"ReadAction","target":["https:\/\/labochem.com.vn\/s\u1ea3n ph\u1ea9m\/sodium-borohydride\/"]}]},{"@type":"ImageObject","inLanguage":"en-US","@id":"https:\/\/labochem.com.vn\/s\u1ea3n ph\u1ea9m\/sodium-borohydride\/#primaryimage","url":"https:\/\/labochem.com.vn\/wp-content\/uploads\/2020\/05\/Potassium-hydroxide-Merk-1.png","contentUrl":"https:\/\/labochem.com.vn\/wp-content\/uploads\/2020\/05\/Potassium-hydroxide-Merk-1.png","width":351,"height":354},{"@type":"BreadcrumbList","@id":"https:\/\/labochem.com.vn\/s\u1ea3n ph\u1ea9m\/sodium-borohydride\/#breadcrumb","itemListElement":[{"@type":"ListItem","position":1,"name":"Home","item":"https:\/\/labochem.com.vn\/"},{"@type":"ListItem","position":2,"name":"C\u1eeda h\u00e0ng","item":"https:\/\/labochem.com.vn\/mua\/"},{"@type":"ListItem","position":3,"name":"Sodium borohydride (NaBH4)"}]},{"@type":"WebSite","@id":"https:\/\/labochem.com.vn\/#website","url":"https:\/\/labochem.com.vn\/","name":"C\u00f4ng ty TNHH LABOCHEM Vi\u1ec7t Nam","description":"M\u1ed9t trang web m\u1edbi s\u1eed d\u1ee5ng WordPress","potentialAction":[{"@type":"SearchAction","target":{"@type":"EntryPoint","urlTemplate":"https:\/\/labochem.com.vn\/?s={search_term_string}"},"query-input":"required name=search_term_string"}],"inLanguage":"en-US"}]}},"_links":{"self":[{"href":"https:\/\/labochem.com.vn\/en\/wp-json\/wp\/v2\/product\/341"}],"collection":[{"href":"https:\/\/labochem.com.vn\/en\/wp-json\/wp\/v2\/product"}],"about":[{"href":"https:\/\/labochem.com.vn\/en\/wp-json\/wp\/v2\/types\/product"}],"replies":[{"embeddable":true,"href":"https:\/\/labochem.com.vn\/en\/wp-json\/wp\/v2\/comments?post=341"}],"wp:featuredmedia":[{"embeddable":true,"href":"https:\/\/labochem.com.vn\/en\/wp-json\/wp\/v2\/media\/349"}],"wp:attachment":[{"href":"https:\/\/labochem.com.vn\/en\/wp-json\/wp\/v2\/media?parent=341"}],"wp:term":[{"taxonomy":"product_cat","embeddable":true,"href":"https:\/\/labochem.com.vn\/en\/wp-json\/wp\/v2\/product_cat?post=341"},{"taxonomy":"product_tag","embeddable":true,"href":"https:\/\/labochem.com.vn\/en\/wp-json\/wp\/v2\/product_tag?post=341"}],"curies":[{"name":"wp","href":"https:\/\/api.w.org\/{rel}","templated":true}]}}