{"id":339,"date":"2020-05-07T02:39:57","date_gmt":"2020-05-07T02:39:57","guid":{"rendered":"https:\/\/labochem.com.vn\/?post_type=product&#038;p=339"},"modified":"2020-05-07T08:28:59","modified_gmt":"2020-05-07T08:28:59","slug":"blood-agar-base","status":"publish","type":"product","link":"https:\/\/labochem.com.vn\/en\/s\u1ea3n ph\u1ea9m\/blood-agar-base\/","title":{"rendered":"(Ti\u1ebfng Vi\u1ec7t) Blood Agar base\u00a0"},"content":{"rendered":"","protected":false},"excerpt":{"rendered":"<p class=\"qtranxs-available-languages-message qtranxs-available-languages-message-en\">Sorry, this entry is only available in <a href=\"https:\/\/labochem.com.vn\/vi\/wp-json\/wp\/v2\/product\/339\" class=\"qtranxs-available-language-link qtranxs-available-language-link-vi\" title=\"Ti\u1ebfng Vi\u1ec7t\">Ti\u1ebfng Vi\u1ec7t<\/a>.<\/p>\n","protected":false},"featured_media":340,"comment_status":"open","ping_status":"closed","template":"","meta":[],"product_cat":[15,25],"product_tag":[88],"yoast_head":"<!-- This site is optimized with the Yoast SEO plugin v22.6 - https:\/\/yoast.com\/wordpress\/plugins\/seo\/ -->\n<title><\/title>\n<meta name=\"robots\" content=\"index, follow, max-snippet:-1, max-image-preview:large, max-video-preview:-1\" \/>\n<link rel=\"canonical\" href=\"https:\/\/labochem.com.vn\/en\/s\u1ea3n%20ph\u1ea9m\/blood-agar-base\/\" \/>\n<meta property=\"og:locale\" content=\"en_US\" \/>\n<meta property=\"og:type\" content=\"article\" \/>\n<meta property=\"og:title\" content=\"[:vi]Blood Agar base\u00a0[:] - C\u00f4ng ty TNHH LABOCHEM Vi\u1ec7t Nam\" \/>\n<meta property=\"og:description\" content=\"[:vi]M\u00f4 t\u1ea3: Blood Agar base\u00a0 \u0111\u1ef1ng trong chai h\u00f3a ch\u1ea5t th\u00ed nghi\u1ec7m 500g \u1edf d\u1ea1ng th\u1ea1ch m\u00e1u, d\u00f9ng trong c\u00e1c ho\u1ea1t \u0111\u1ed9ng nghi\u00ean c\u1ee9u t\u1ea1i b\u1ec7nh vi\u1ec7n, c\u00e1c vi\u1ec7n nghi\u00ean c\u1ee9u, ph\u00f2ng th\u00ed nghi\u1ec7m, nh\u1eb1m ph\u00e2n l\u1eadp v\u00e0 nu\u00f4i c\u1ea5y nhi\u1ec1u lo\u1ea1i vi sinh v\u1eadt.  L\u01b0u \u00fd khi s\u1eed d\u1ee5ng: Blood Agar base c\u00f3 kh\u1ea3 n\u0103ng g\u00e2y d\u1ecb \u1ee9ng da v\u00e0 m\u1eaft, v\u00ec v\u1eady n\u00ean c\u00f3 s\u1ef1 b\u1ea3o h\u1ed9 c\u1ee7a qu\u1ea7n \u00e1o v\u00e0 k\u00ednh \u0111eo \u0111\u1ec3 tr\u00e1nh ti\u1ebfp x\u00fac khi l\u00e0m vi\u1ec7c v\u1edbi lo\u1ea1i h\u00f3a ch\u1ea5t th\u00ed nghi\u1ec7m n\u00e0y. H\u01b0\u1edbng d\u1eabn s\u1eed d\u1ee5ng: th\u1ea3 42g v\u00e0o n\u01b0\u1edbc tinh khi\u1ebft, \u0111un s\u00f4i trong v\u00f2ng 1 ph\u00fat \u0111\u1ec3 h\u00f2a tan ho\u00e0n to\u00e0n v\u00e0o m\u00f4i tr\u01b0\u1eddng, cho v\u00e0o n\u1ed3i h\u1ea5p \u1edf 121\u00b0C trong 15 ph\u00fat tr\u01b0\u1edbc khi s\u1eed d\u1ee5ng. \u0111\u1ef1ng trong chai h\u00f3a ch\u1ea5t th\u00ed nghi\u1ec7m 500g \u1edf d\u1ea1ng th\u1ea1ch m\u00e1u, d\u00f9ng trong c\u00e1c ho\u1ea1t \u0111\u1ed9ng nghi\u00ean c\u1ee9u t\u1ea1i b\u1ec7nh vi\u1ec7n, c\u00e1c vi\u1ec7n nghi\u00ean c\u1ee9u, ph\u00f2ng th\u00ed nghi\u1ec7m, nh\u1eb1m ph\u00e2n l\u1eadp v\u00e0 nu\u00f4i c\u1ea5y nhi\u1ec1u lo\u1ea1i vi sinh v\u1eadt.  L\u01b0u \u00fd khi s\u1eed d\u1ee5ng: Blood Agar base c\u00f3 kh\u1ea3 n\u0103ng g\u00e2y d\u1ecb \u1ee9ng da v\u00e0 m\u1eaft, v\u00ec v\u1eady n\u00ean c\u00f3 s\u1ef1 b\u1ea3o h\u1ed9 c\u1ee7a qu\u1ea7n \u00e1o v\u00e0 k\u00ednh \u0111eo \u0111\u1ec3 tr\u00e1nh ti\u1ebfp x\u00fac khi l\u00e0m vi\u1ec7c v\u1edbi lo\u1ea1i h\u00f3a ch\u1ea5t th\u00ed nghi\u1ec7m n\u00e0y. H\u01b0\u1edbng d\u1eabn s\u1eed d\u1ee5ng: th\u1ea3 42g v\u00e0o n\u01b0\u1edbc tinh khi\u1ebft, \u0111un s\u00f4i trong v\u00f2ng 1 ph\u00fat \u0111\u1ec3 h\u00f2a tan ho\u00e0n to\u00e0n v\u00e0o m\u00f4i tr\u01b0\u1eddng, cho v\u00e0o n\u1ed3i h\u1ea5p \u1edf 121\u00b0C trong 15 ph\u00fat tr\u01b0\u1edbc khi s\u1eed d\u1ee5ng.[:]\" \/>\n<meta property=\"og:url\" content=\"https:\/\/labochem.com.vn\/en\/s\u1ea3n ph\u1ea9m\/blood-agar-base\/\" \/>\n<meta property=\"og:site_name\" content=\"C\u00f4ng ty TNHH LABOCHEM Vi\u1ec7t Nam\" \/>\n<meta property=\"article:modified_time\" content=\"2020-05-07T08:28:59+00:00\" \/>\n<meta property=\"og:image\" content=\"https:\/\/labochem.com.vn\/wp-content\/uploads\/2020\/05\/unnamed-e1588820871535.jpg\" \/>\n\t<meta property=\"og:image:width\" content=\"300\" \/>\n\t<meta property=\"og:image:height\" content=\"300\" \/>\n\t<meta property=\"og:image:type\" content=\"image\/jpeg\" \/>\n<meta name=\"twitter:card\" content=\"summary_large_image\" \/>\n<script type=\"application\/ld+json\" class=\"yoast-schema-graph\">{\"@context\":\"https:\/\/schema.org\",\"@graph\":[{\"@type\":\"WebPage\",\"@id\":\"https:\/\/labochem.com.vn\/en\/s\u1ea3n ph\u1ea9m\/blood-agar-base\/\",\"url\":\"https:\/\/labochem.com.vn\/en\/s\u1ea3n ph\u1ea9m\/blood-agar-base\/\",\"name\":\"[:vi]Blood Agar base\u00a0[:] - C\u00f4ng ty TNHH LABOCHEM Vi\u1ec7t Nam\",\"isPartOf\":{\"@id\":\"https:\/\/labochem.com.vn\/#website\"},\"primaryImageOfPage\":{\"@id\":\"https:\/\/labochem.com.vn\/en\/s\u1ea3n ph\u1ea9m\/blood-agar-base\/#primaryimage\"},\"image\":{\"@id\":\"https:\/\/labochem.com.vn\/en\/s\u1ea3n ph\u1ea9m\/blood-agar-base\/#primaryimage\"},\"thumbnailUrl\":\"https:\/\/labochem.com.vn\/wp-content\/uploads\/2020\/05\/unnamed-e1588820871535.jpg\",\"datePublished\":\"2020-05-07T02:39:57+00:00\",\"dateModified\":\"2020-05-07T08:28:59+00:00\",\"breadcrumb\":{\"@id\":\"https:\/\/labochem.com.vn\/en\/s\u1ea3n ph\u1ea9m\/blood-agar-base\/#breadcrumb\"},\"inLanguage\":\"en-US\",\"potentialAction\":[{\"@type\":\"ReadAction\",\"target\":[\"https:\/\/labochem.com.vn\/en\/s\u1ea3n ph\u1ea9m\/blood-agar-base\/\"]}]},{\"@type\":\"ImageObject\",\"inLanguage\":\"en-US\",\"@id\":\"https:\/\/labochem.com.vn\/en\/s\u1ea3n ph\u1ea9m\/blood-agar-base\/#primaryimage\",\"url\":\"https:\/\/labochem.com.vn\/wp-content\/uploads\/2020\/05\/unnamed-e1588820871535.jpg\",\"contentUrl\":\"https:\/\/labochem.com.vn\/wp-content\/uploads\/2020\/05\/unnamed-e1588820871535.jpg\",\"width\":300,\"height\":300},{\"@type\":\"BreadcrumbList\",\"@id\":\"https:\/\/labochem.com.vn\/en\/s\u1ea3n ph\u1ea9m\/blood-agar-base\/#breadcrumb\",\"itemListElement\":[{\"@type\":\"ListItem\",\"position\":1,\"name\":\"Home\",\"item\":\"https:\/\/labochem.com.vn\/\"},{\"@type\":\"ListItem\",\"position\":2,\"name\":\"C\u1eeda h\u00e0ng\",\"item\":\"https:\/\/labochem.com.vn\/mua\/\"},{\"@type\":\"ListItem\",\"position\":3,\"name\":\"(Ti\u1ebfng Vi\u1ec7t) Blood Agar base\u00a0\"}]},{\"@type\":\"WebSite\",\"@id\":\"https:\/\/labochem.com.vn\/#website\",\"url\":\"https:\/\/labochem.com.vn\/\",\"name\":\"C\u00f4ng ty TNHH LABOCHEM Vi\u1ec7t Nam\",\"description\":\"M\u1ed9t trang web m\u1edbi s\u1eed d\u1ee5ng WordPress\",\"potentialAction\":[{\"@type\":\"SearchAction\",\"target\":{\"@type\":\"EntryPoint\",\"urlTemplate\":\"https:\/\/labochem.com.vn\/?s={search_term_string}\"},\"query-input\":\"required name=search_term_string\"}],\"inLanguage\":\"en-US\"}]}<\/script>\n<!-- \/ Yoast SEO plugin. -->","yoast_head_json":{"title":"[:vi]Blood Agar base\u00a0[:] - C\u00f4ng ty TNHH LABOCHEM Vi\u1ec7t Nam","robots":{"index":"index","follow":"follow","max-snippet":"max-snippet:-1","max-image-preview":"max-image-preview:large","max-video-preview":"max-video-preview:-1"},"canonical":"https:\/\/labochem.com.vn\/en\/s\u1ea3n ph\u1ea9m\/blood-agar-base\/","og_locale":"en_US","og_type":"article","og_title":"[:vi]Blood Agar base\u00a0[:] - C\u00f4ng ty TNHH LABOCHEM Vi\u1ec7t Nam","og_description":"[:vi]M\u00f4 t\u1ea3: Blood Agar base\u00a0 \u0111\u1ef1ng trong chai h\u00f3a ch\u1ea5t th\u00ed nghi\u1ec7m 500g \u1edf d\u1ea1ng th\u1ea1ch m\u00e1u, d\u00f9ng trong c\u00e1c ho\u1ea1t \u0111\u1ed9ng nghi\u00ean c\u1ee9u t\u1ea1i b\u1ec7nh vi\u1ec7n, c\u00e1c vi\u1ec7n nghi\u00ean c\u1ee9u, ph\u00f2ng th\u00ed nghi\u1ec7m, nh\u1eb1m ph\u00e2n l\u1eadp v\u00e0 nu\u00f4i c\u1ea5y nhi\u1ec1u lo\u1ea1i vi sinh v\u1eadt.  L\u01b0u \u00fd khi s\u1eed d\u1ee5ng: Blood Agar base c\u00f3 kh\u1ea3 n\u0103ng g\u00e2y d\u1ecb \u1ee9ng da v\u00e0 m\u1eaft, v\u00ec v\u1eady n\u00ean c\u00f3 s\u1ef1 b\u1ea3o h\u1ed9 c\u1ee7a qu\u1ea7n \u00e1o v\u00e0 k\u00ednh \u0111eo \u0111\u1ec3 tr\u00e1nh ti\u1ebfp x\u00fac khi l\u00e0m vi\u1ec7c v\u1edbi lo\u1ea1i h\u00f3a ch\u1ea5t th\u00ed nghi\u1ec7m n\u00e0y. H\u01b0\u1edbng d\u1eabn s\u1eed d\u1ee5ng: th\u1ea3 42g v\u00e0o n\u01b0\u1edbc tinh khi\u1ebft, \u0111un s\u00f4i trong v\u00f2ng 1 ph\u00fat \u0111\u1ec3 h\u00f2a tan ho\u00e0n to\u00e0n v\u00e0o m\u00f4i tr\u01b0\u1eddng, cho v\u00e0o n\u1ed3i h\u1ea5p \u1edf 121\u00b0C trong 15 ph\u00fat tr\u01b0\u1edbc khi s\u1eed d\u1ee5ng. \u0111\u1ef1ng trong chai h\u00f3a ch\u1ea5t th\u00ed nghi\u1ec7m 500g \u1edf d\u1ea1ng th\u1ea1ch m\u00e1u, d\u00f9ng trong c\u00e1c ho\u1ea1t \u0111\u1ed9ng nghi\u00ean c\u1ee9u t\u1ea1i b\u1ec7nh vi\u1ec7n, c\u00e1c vi\u1ec7n nghi\u00ean c\u1ee9u, ph\u00f2ng th\u00ed nghi\u1ec7m, nh\u1eb1m ph\u00e2n l\u1eadp v\u00e0 nu\u00f4i c\u1ea5y nhi\u1ec1u lo\u1ea1i vi sinh v\u1eadt.  L\u01b0u \u00fd khi s\u1eed d\u1ee5ng: Blood Agar base c\u00f3 kh\u1ea3 n\u0103ng g\u00e2y d\u1ecb \u1ee9ng da v\u00e0 m\u1eaft, v\u00ec v\u1eady n\u00ean c\u00f3 s\u1ef1 b\u1ea3o h\u1ed9 c\u1ee7a qu\u1ea7n \u00e1o v\u00e0 k\u00ednh \u0111eo \u0111\u1ec3 tr\u00e1nh ti\u1ebfp x\u00fac khi l\u00e0m vi\u1ec7c v\u1edbi lo\u1ea1i h\u00f3a ch\u1ea5t th\u00ed nghi\u1ec7m n\u00e0y. H\u01b0\u1edbng d\u1eabn s\u1eed d\u1ee5ng: th\u1ea3 42g v\u00e0o n\u01b0\u1edbc tinh khi\u1ebft, \u0111un s\u00f4i trong v\u00f2ng 1 ph\u00fat \u0111\u1ec3 h\u00f2a tan ho\u00e0n to\u00e0n v\u00e0o m\u00f4i tr\u01b0\u1eddng, cho v\u00e0o n\u1ed3i h\u1ea5p \u1edf 121\u00b0C trong 15 ph\u00fat tr\u01b0\u1edbc khi s\u1eed d\u1ee5ng.[:]","og_url":"https:\/\/labochem.com.vn\/en\/s\u1ea3n ph\u1ea9m\/blood-agar-base\/","og_site_name":"C\u00f4ng ty TNHH LABOCHEM Vi\u1ec7t Nam","article_modified_time":"2020-05-07T08:28:59+00:00","og_image":[{"width":300,"height":300,"url":"https:\/\/labochem.com.vn\/wp-content\/uploads\/2020\/05\/unnamed-e1588820871535.jpg","type":"image\/jpeg"}],"twitter_card":"summary_large_image","schema":{"@context":"https:\/\/schema.org","@graph":[{"@type":"WebPage","@id":"https:\/\/labochem.com.vn\/en\/s\u1ea3n ph\u1ea9m\/blood-agar-base\/","url":"https:\/\/labochem.com.vn\/en\/s\u1ea3n ph\u1ea9m\/blood-agar-base\/","name":"[:vi]Blood Agar base\u00a0[:] - C\u00f4ng ty TNHH LABOCHEM Vi\u1ec7t Nam","isPartOf":{"@id":"https:\/\/labochem.com.vn\/#website"},"primaryImageOfPage":{"@id":"https:\/\/labochem.com.vn\/en\/s\u1ea3n ph\u1ea9m\/blood-agar-base\/#primaryimage"},"image":{"@id":"https:\/\/labochem.com.vn\/en\/s\u1ea3n ph\u1ea9m\/blood-agar-base\/#primaryimage"},"thumbnailUrl":"https:\/\/labochem.com.vn\/wp-content\/uploads\/2020\/05\/unnamed-e1588820871535.jpg","datePublished":"2020-05-07T02:39:57+00:00","dateModified":"2020-05-07T08:28:59+00:00","breadcrumb":{"@id":"https:\/\/labochem.com.vn\/en\/s\u1ea3n ph\u1ea9m\/blood-agar-base\/#breadcrumb"},"inLanguage":"en-US","potentialAction":[{"@type":"ReadAction","target":["https:\/\/labochem.com.vn\/en\/s\u1ea3n ph\u1ea9m\/blood-agar-base\/"]}]},{"@type":"ImageObject","inLanguage":"en-US","@id":"https:\/\/labochem.com.vn\/en\/s\u1ea3n ph\u1ea9m\/blood-agar-base\/#primaryimage","url":"https:\/\/labochem.com.vn\/wp-content\/uploads\/2020\/05\/unnamed-e1588820871535.jpg","contentUrl":"https:\/\/labochem.com.vn\/wp-content\/uploads\/2020\/05\/unnamed-e1588820871535.jpg","width":300,"height":300},{"@type":"BreadcrumbList","@id":"https:\/\/labochem.com.vn\/en\/s\u1ea3n ph\u1ea9m\/blood-agar-base\/#breadcrumb","itemListElement":[{"@type":"ListItem","position":1,"name":"Home","item":"https:\/\/labochem.com.vn\/"},{"@type":"ListItem","position":2,"name":"C\u1eeda h\u00e0ng","item":"https:\/\/labochem.com.vn\/mua\/"},{"@type":"ListItem","position":3,"name":"(Ti\u1ebfng Vi\u1ec7t) Blood Agar base\u00a0"}]},{"@type":"WebSite","@id":"https:\/\/labochem.com.vn\/#website","url":"https:\/\/labochem.com.vn\/","name":"C\u00f4ng ty TNHH LABOCHEM Vi\u1ec7t Nam","description":"M\u1ed9t trang web m\u1edbi s\u1eed d\u1ee5ng WordPress","potentialAction":[{"@type":"SearchAction","target":{"@type":"EntryPoint","urlTemplate":"https:\/\/labochem.com.vn\/?s={search_term_string}"},"query-input":"required name=search_term_string"}],"inLanguage":"en-US"}]}},"_links":{"self":[{"href":"https:\/\/labochem.com.vn\/en\/wp-json\/wp\/v2\/product\/339"}],"collection":[{"href":"https:\/\/labochem.com.vn\/en\/wp-json\/wp\/v2\/product"}],"about":[{"href":"https:\/\/labochem.com.vn\/en\/wp-json\/wp\/v2\/types\/product"}],"replies":[{"embeddable":true,"href":"https:\/\/labochem.com.vn\/en\/wp-json\/wp\/v2\/comments?post=339"}],"wp:featuredmedia":[{"embeddable":true,"href":"https:\/\/labochem.com.vn\/en\/wp-json\/wp\/v2\/media\/340"}],"wp:attachment":[{"href":"https:\/\/labochem.com.vn\/en\/wp-json\/wp\/v2\/media?parent=339"}],"wp:term":[{"taxonomy":"product_cat","embeddable":true,"href":"https:\/\/labochem.com.vn\/en\/wp-json\/wp\/v2\/product_cat?post=339"},{"taxonomy":"product_tag","embeddable":true,"href":"https:\/\/labochem.com.vn\/en\/wp-json\/wp\/v2\/product_tag?post=339"}],"curies":[{"name":"wp","href":"https:\/\/api.w.org\/{rel}","templated":true}]}}