{"id":336,"date":"2020-05-07T02:33:24","date_gmt":"2020-05-07T02:33:24","guid":{"rendered":"https:\/\/labochem.com.vn\/?post_type=product&#038;p=336"},"modified":"2020-05-07T08:29:16","modified_gmt":"2020-05-07T08:29:16","slug":"tryptic-soy-agar","status":"publish","type":"product","link":"https:\/\/labochem.com.vn\/en\/s\u1ea3n ph\u1ea9m\/tryptic-soy-agar\/","title":{"rendered":"(Ti\u1ebfng Vi\u1ec7t) Tryptic Soy Agar"},"content":{"rendered":"","protected":false},"excerpt":{"rendered":"<p class=\"qtranxs-available-languages-message qtranxs-available-languages-message-en\">Sorry, this entry is only available in <a href=\"https:\/\/labochem.com.vn\/vi\/wp-json\/wp\/v2\/product\/336\" class=\"qtranxs-available-language-link qtranxs-available-language-link-vi\" title=\"Ti\u1ebfng Vi\u1ec7t\">Ti\u1ebfng Vi\u1ec7t<\/a>.<\/p>\n","protected":false},"featured_media":350,"comment_status":"open","ping_status":"closed","template":"","meta":[],"product_cat":[15,25],"product_tag":[87],"yoast_head":"<!-- This site is optimized with the Yoast SEO plugin v22.6 - https:\/\/yoast.com\/wordpress\/plugins\/seo\/ -->\n<title><\/title>\n<meta name=\"robots\" content=\"index, follow, max-snippet:-1, max-image-preview:large, max-video-preview:-1\" \/>\n<link rel=\"canonical\" href=\"https:\/\/labochem.com.vn\/s\u1ea3n%20ph\u1ea9m\/tryptic-soy-agar\/\" \/>\n<meta property=\"og:locale\" content=\"en_US\" \/>\n<meta property=\"og:type\" content=\"article\" \/>\n<meta property=\"og:title\" content=\"[:vi]Tryptic Soy Agar[:] - C\u00f4ng ty TNHH LABOCHEM Vi\u1ec7t Nam\" \/>\n<meta property=\"og:description\" content=\"[:vi]M\u00f4i tr\u01b0\u1eddng vi sinh Trypticase Soy Agar \u2013 Merck    TH\u00d4NG TIN H\u00d3A L\u00dd     gi\u00e1 tr\u1ecb pH 7.1 \u2013 7.5 (40 g \/ l, H\u2082O, 25 \u00b0 C) (sau khi h\u1ea5p kh\u1eed tr\u00f9ng)   M\u1eadt \u0111\u1ed9 l\u1edbn 620 kg \/ m3   \u0110\u1ed9 h\u00f2a tan 40 g \/ l    &nbsp;    TH\u00d4NG TIN AN TO\u00c0N THEO GHS5     L\u1edbp l\u01b0u tr\u1eef 10 \u2013 13 Ch\u1ea5t l\u1ecfng v\u00e0 ch\u1ea5t r\u1eafn kh\u00e1c   WGK WGK 1 h\u01a1i nguy hi\u1ec3m v\u1edbi n\u01b0\u1edbc   X\u1eed l\u00fd 3 C\u00e1c thu\u1ed1c th\u1eed h\u1eefu c\u01a1 t\u01b0\u01a1ng \u0111\u1ed1i kh\u00f4ng t\u01b0\u01a1ng t\u00e1c n\u00ean \u0111\u01b0\u1ee3c thu th\u1eadp trong v\u1eadt ch\u1ee9a A. N\u1ebfu b\u1ecb halogen h\u00f3a, ch\u00fang ph\u1ea3i \u0111\u01b0\u1ee3c thu th\u1eadp trong v\u1eadt ch\u1ee9a B. \u0110\u1ed1i v\u1edbi d\u01b0 l\u01b0\u1ee3ng r\u1eafn s\u1eed d\u1ee5ng v\u1eadt ch\u1ee9a C.    &nbsp;    TH\u00d4NG TIN L\u01afU TR\u1eee V\u00c0 V\u1eacN CHUY\u1ec2N     L\u01b0u tr\u1eef B\u1ea3o qu\u1ea3n \u1edf + 15 \u00b0 C \u0111\u1ebfn + 25 \u00b0 C.    &nbsp;    TH\u00d4NG S\u1ed0 K\u1ef8 THU\u1eacT     Ngo\u1ea1i h\u00ecnh (r\u00f5 r\u00e0ng) th\u00f4ng tho\u00e1ng   Ngo\u1ea1i h\u00ecnh (m\u00e0u s\u1eafc) m\u00e0u n\u00e2u v\u00e0ng   gi\u00e1 tr\u1ecb pH (25 \u00b0 C) 7.1 \u2013 7.5   H\u00e0nh vi h\u00f3a r\u1eafn (2 gi\u1edd., 45 \u00b0 C) ch\u1ea5t l\u1ecfng   [:]\" \/>\n<meta property=\"og:url\" content=\"https:\/\/labochem.com.vn\/s\u1ea3n ph\u1ea9m\/tryptic-soy-agar\/\" \/>\n<meta property=\"og:site_name\" content=\"C\u00f4ng ty TNHH LABOCHEM Vi\u1ec7t Nam\" \/>\n<meta property=\"article:modified_time\" content=\"2020-05-07T08:29:16+00:00\" \/>\n<meta property=\"og:image\" content=\"https:\/\/labochem.com.vn\/wp-content\/uploads\/2020\/05\/tryptic-soy-agar.jpg\" \/>\n\t<meta property=\"og:image:width\" content=\"400\" \/>\n\t<meta property=\"og:image:height\" content=\"400\" \/>\n\t<meta property=\"og:image:type\" content=\"image\/jpeg\" \/>\n<meta name=\"twitter:card\" content=\"summary_large_image\" \/>\n<script type=\"application\/ld+json\" class=\"yoast-schema-graph\">{\"@context\":\"https:\/\/schema.org\",\"@graph\":[{\"@type\":\"WebPage\",\"@id\":\"https:\/\/labochem.com.vn\/s\u1ea3n ph\u1ea9m\/tryptic-soy-agar\/\",\"url\":\"https:\/\/labochem.com.vn\/s\u1ea3n ph\u1ea9m\/tryptic-soy-agar\/\",\"name\":\"[:vi]Tryptic Soy Agar[:] - C\u00f4ng ty TNHH LABOCHEM Vi\u1ec7t Nam\",\"isPartOf\":{\"@id\":\"https:\/\/labochem.com.vn\/#website\"},\"primaryImageOfPage\":{\"@id\":\"https:\/\/labochem.com.vn\/s\u1ea3n ph\u1ea9m\/tryptic-soy-agar\/#primaryimage\"},\"image\":{\"@id\":\"https:\/\/labochem.com.vn\/s\u1ea3n ph\u1ea9m\/tryptic-soy-agar\/#primaryimage\"},\"thumbnailUrl\":\"https:\/\/labochem.com.vn\/wp-content\/uploads\/2020\/05\/tryptic-soy-agar.jpg\",\"datePublished\":\"2020-05-07T02:33:24+00:00\",\"dateModified\":\"2020-05-07T08:29:16+00:00\",\"breadcrumb\":{\"@id\":\"https:\/\/labochem.com.vn\/s\u1ea3n ph\u1ea9m\/tryptic-soy-agar\/#breadcrumb\"},\"inLanguage\":\"en-US\",\"potentialAction\":[{\"@type\":\"ReadAction\",\"target\":[\"https:\/\/labochem.com.vn\/s\u1ea3n ph\u1ea9m\/tryptic-soy-agar\/\"]}]},{\"@type\":\"ImageObject\",\"inLanguage\":\"en-US\",\"@id\":\"https:\/\/labochem.com.vn\/s\u1ea3n ph\u1ea9m\/tryptic-soy-agar\/#primaryimage\",\"url\":\"https:\/\/labochem.com.vn\/wp-content\/uploads\/2020\/05\/tryptic-soy-agar.jpg\",\"contentUrl\":\"https:\/\/labochem.com.vn\/wp-content\/uploads\/2020\/05\/tryptic-soy-agar.jpg\",\"width\":400,\"height\":400},{\"@type\":\"BreadcrumbList\",\"@id\":\"https:\/\/labochem.com.vn\/s\u1ea3n ph\u1ea9m\/tryptic-soy-agar\/#breadcrumb\",\"itemListElement\":[{\"@type\":\"ListItem\",\"position\":1,\"name\":\"Home\",\"item\":\"https:\/\/labochem.com.vn\/\"},{\"@type\":\"ListItem\",\"position\":2,\"name\":\"C\u1eeda h\u00e0ng\",\"item\":\"https:\/\/labochem.com.vn\/mua\/\"},{\"@type\":\"ListItem\",\"position\":3,\"name\":\"Tryptic Soy Agar\"}]},{\"@type\":\"WebSite\",\"@id\":\"https:\/\/labochem.com.vn\/#website\",\"url\":\"https:\/\/labochem.com.vn\/\",\"name\":\"C\u00f4ng ty TNHH LABOCHEM Vi\u1ec7t Nam\",\"description\":\"M\u1ed9t trang web m\u1edbi s\u1eed d\u1ee5ng WordPress\",\"potentialAction\":[{\"@type\":\"SearchAction\",\"target\":{\"@type\":\"EntryPoint\",\"urlTemplate\":\"https:\/\/labochem.com.vn\/?s={search_term_string}\"},\"query-input\":\"required name=search_term_string\"}],\"inLanguage\":\"en-US\"}]}<\/script>\n<!-- \/ Yoast SEO plugin. -->","yoast_head_json":{"title":"[:vi]Tryptic Soy Agar[:] - C\u00f4ng ty TNHH LABOCHEM Vi\u1ec7t Nam","robots":{"index":"index","follow":"follow","max-snippet":"max-snippet:-1","max-image-preview":"max-image-preview:large","max-video-preview":"max-video-preview:-1"},"canonical":"https:\/\/labochem.com.vn\/s\u1ea3n ph\u1ea9m\/tryptic-soy-agar\/","og_locale":"en_US","og_type":"article","og_title":"[:vi]Tryptic Soy Agar[:] - C\u00f4ng ty TNHH LABOCHEM Vi\u1ec7t Nam","og_description":"[:vi]M\u00f4i tr\u01b0\u1eddng vi sinh Trypticase Soy Agar \u2013 Merck    TH\u00d4NG TIN H\u00d3A L\u00dd     gi\u00e1 tr\u1ecb pH 7.1 \u2013 7.5 (40 g \/ l, H\u2082O, 25 \u00b0 C) (sau khi h\u1ea5p kh\u1eed tr\u00f9ng)   M\u1eadt \u0111\u1ed9 l\u1edbn 620 kg \/ m3   \u0110\u1ed9 h\u00f2a tan 40 g \/ l    &nbsp;    TH\u00d4NG TIN AN TO\u00c0N THEO GHS5     L\u1edbp l\u01b0u tr\u1eef 10 \u2013 13 Ch\u1ea5t l\u1ecfng v\u00e0 ch\u1ea5t r\u1eafn kh\u00e1c   WGK WGK 1 h\u01a1i nguy hi\u1ec3m v\u1edbi n\u01b0\u1edbc   X\u1eed l\u00fd 3 C\u00e1c thu\u1ed1c th\u1eed h\u1eefu c\u01a1 t\u01b0\u01a1ng \u0111\u1ed1i kh\u00f4ng t\u01b0\u01a1ng t\u00e1c n\u00ean \u0111\u01b0\u1ee3c thu th\u1eadp trong v\u1eadt ch\u1ee9a A. N\u1ebfu b\u1ecb halogen h\u00f3a, ch\u00fang ph\u1ea3i \u0111\u01b0\u1ee3c thu th\u1eadp trong v\u1eadt ch\u1ee9a B. \u0110\u1ed1i v\u1edbi d\u01b0 l\u01b0\u1ee3ng r\u1eafn s\u1eed d\u1ee5ng v\u1eadt ch\u1ee9a C.    &nbsp;    TH\u00d4NG TIN L\u01afU TR\u1eee V\u00c0 V\u1eacN CHUY\u1ec2N     L\u01b0u tr\u1eef B\u1ea3o qu\u1ea3n \u1edf + 15 \u00b0 C \u0111\u1ebfn + 25 \u00b0 C.    &nbsp;    TH\u00d4NG S\u1ed0 K\u1ef8 THU\u1eacT     Ngo\u1ea1i h\u00ecnh (r\u00f5 r\u00e0ng) th\u00f4ng tho\u00e1ng   Ngo\u1ea1i h\u00ecnh (m\u00e0u s\u1eafc) m\u00e0u n\u00e2u v\u00e0ng   gi\u00e1 tr\u1ecb pH (25 \u00b0 C) 7.1 \u2013 7.5   H\u00e0nh vi h\u00f3a r\u1eafn (2 gi\u1edd., 45 \u00b0 C) ch\u1ea5t l\u1ecfng   [:]","og_url":"https:\/\/labochem.com.vn\/s\u1ea3n ph\u1ea9m\/tryptic-soy-agar\/","og_site_name":"C\u00f4ng ty TNHH LABOCHEM Vi\u1ec7t Nam","article_modified_time":"2020-05-07T08:29:16+00:00","og_image":[{"width":400,"height":400,"url":"https:\/\/labochem.com.vn\/wp-content\/uploads\/2020\/05\/tryptic-soy-agar.jpg","type":"image\/jpeg"}],"twitter_card":"summary_large_image","schema":{"@context":"https:\/\/schema.org","@graph":[{"@type":"WebPage","@id":"https:\/\/labochem.com.vn\/s\u1ea3n ph\u1ea9m\/tryptic-soy-agar\/","url":"https:\/\/labochem.com.vn\/s\u1ea3n ph\u1ea9m\/tryptic-soy-agar\/","name":"[:vi]Tryptic Soy Agar[:] - C\u00f4ng ty TNHH LABOCHEM Vi\u1ec7t Nam","isPartOf":{"@id":"https:\/\/labochem.com.vn\/#website"},"primaryImageOfPage":{"@id":"https:\/\/labochem.com.vn\/s\u1ea3n ph\u1ea9m\/tryptic-soy-agar\/#primaryimage"},"image":{"@id":"https:\/\/labochem.com.vn\/s\u1ea3n ph\u1ea9m\/tryptic-soy-agar\/#primaryimage"},"thumbnailUrl":"https:\/\/labochem.com.vn\/wp-content\/uploads\/2020\/05\/tryptic-soy-agar.jpg","datePublished":"2020-05-07T02:33:24+00:00","dateModified":"2020-05-07T08:29:16+00:00","breadcrumb":{"@id":"https:\/\/labochem.com.vn\/s\u1ea3n ph\u1ea9m\/tryptic-soy-agar\/#breadcrumb"},"inLanguage":"en-US","potentialAction":[{"@type":"ReadAction","target":["https:\/\/labochem.com.vn\/s\u1ea3n ph\u1ea9m\/tryptic-soy-agar\/"]}]},{"@type":"ImageObject","inLanguage":"en-US","@id":"https:\/\/labochem.com.vn\/s\u1ea3n ph\u1ea9m\/tryptic-soy-agar\/#primaryimage","url":"https:\/\/labochem.com.vn\/wp-content\/uploads\/2020\/05\/tryptic-soy-agar.jpg","contentUrl":"https:\/\/labochem.com.vn\/wp-content\/uploads\/2020\/05\/tryptic-soy-agar.jpg","width":400,"height":400},{"@type":"BreadcrumbList","@id":"https:\/\/labochem.com.vn\/s\u1ea3n ph\u1ea9m\/tryptic-soy-agar\/#breadcrumb","itemListElement":[{"@type":"ListItem","position":1,"name":"Home","item":"https:\/\/labochem.com.vn\/"},{"@type":"ListItem","position":2,"name":"C\u1eeda h\u00e0ng","item":"https:\/\/labochem.com.vn\/mua\/"},{"@type":"ListItem","position":3,"name":"Tryptic Soy Agar"}]},{"@type":"WebSite","@id":"https:\/\/labochem.com.vn\/#website","url":"https:\/\/labochem.com.vn\/","name":"C\u00f4ng ty TNHH LABOCHEM Vi\u1ec7t Nam","description":"M\u1ed9t trang web m\u1edbi s\u1eed d\u1ee5ng WordPress","potentialAction":[{"@type":"SearchAction","target":{"@type":"EntryPoint","urlTemplate":"https:\/\/labochem.com.vn\/?s={search_term_string}"},"query-input":"required name=search_term_string"}],"inLanguage":"en-US"}]}},"_links":{"self":[{"href":"https:\/\/labochem.com.vn\/en\/wp-json\/wp\/v2\/product\/336"}],"collection":[{"href":"https:\/\/labochem.com.vn\/en\/wp-json\/wp\/v2\/product"}],"about":[{"href":"https:\/\/labochem.com.vn\/en\/wp-json\/wp\/v2\/types\/product"}],"replies":[{"embeddable":true,"href":"https:\/\/labochem.com.vn\/en\/wp-json\/wp\/v2\/comments?post=336"}],"wp:featuredmedia":[{"embeddable":true,"href":"https:\/\/labochem.com.vn\/en\/wp-json\/wp\/v2\/media\/350"}],"wp:attachment":[{"href":"https:\/\/labochem.com.vn\/en\/wp-json\/wp\/v2\/media?parent=336"}],"wp:term":[{"taxonomy":"product_cat","embeddable":true,"href":"https:\/\/labochem.com.vn\/en\/wp-json\/wp\/v2\/product_cat?post=336"},{"taxonomy":"product_tag","embeddable":true,"href":"https:\/\/labochem.com.vn\/en\/wp-json\/wp\/v2\/product_tag?post=336"}],"curies":[{"name":"wp","href":"https:\/\/api.w.org\/{rel}","templated":true}]}}