{"id":311,"date":"2020-05-06T07:54:26","date_gmt":"2020-05-06T07:54:26","guid":{"rendered":"https:\/\/labochem.com.vn\/?post_type=product&#038;p=311"},"modified":"2020-06-13T08:06:22","modified_gmt":"2020-06-13T08:06:22","slug":"may-do-nhiet-do-co-the-model-wt3652","status":"publish","type":"product","link":"https:\/\/labochem.com.vn\/en\/s\u1ea3n ph\u1ea9m\/may-do-nhiet-do-co-the-model-wt3652\/","title":{"rendered":"Body Temperature Measurement"},"content":{"rendered":"<p><strong>Non-Contact Infrared Thermometer<\/strong><\/p>\n<p><strong>Model WT3652<\/strong><\/p>\n<p><strong>Brief Introduction<\/strong><\/p>\n<p>This\u00a0 non-contact infrared thermometer decides surface temperature of an object by measuring the infrared energy radiated from the surface of the object. It is a non-contact forehead electronic thermometer designed specifically for forehead temperature of human body.<\/p>\n<p>This non-contact forehead thermometer possesses the following features:<\/p>\n<ol>\n<li>Three-color backlight as fever reminder;<\/li>\n<li>Two measurement\u00a0 modes;<\/li>\n<li>Automatic shutdown after 20 seconds of no operation;<\/li>\n<li>Fever alarm point can be set;<\/li>\n<li>Temperature correction;<\/li>\n<li>Store up to 32 sets of measured data;<\/li>\n<li>Silent mode;<\/li>\n<li>Switch between Celsius and Fahrenheit<\/li>\n<\/ol>\n<p><span style=\"text-decoration: underline;\"><strong>Technical Parameters<\/strong><\/span><\/p>\n<p>Temperature range: 32 ~ 43 \u2103<\/p>\n<p>Measurement accuracy:0.1\u2103<\/p>\n<p>Response time: 1s<\/p>\n<p>Measurement range of surface temperature: 0 ~ 100 \u2103<\/p>\n<p>Automatic shutdown time after no operation: 20 second<\/p>\n<p>Measurement distance: 1 cm ~ 10 cm<\/p>","protected":false},"excerpt":{"rendered":"<p class=\"qtranxs-available-languages-message qtranxs-available-languages-message-en\">Sorry, this entry is only available in <a href=\"https:\/\/labochem.com.vn\/vi\/wp-json\/wp\/v2\/product\/311\" class=\"qtranxs-available-language-link qtranxs-available-language-link-vi\" title=\"Ti\u1ebfng Vi\u1ec7t\">Ti\u1ebfng Vi\u1ec7t<\/a>.<\/p>\n","protected":false},"featured_media":312,"comment_status":"open","ping_status":"closed","template":"","meta":[],"product_cat":[15,29],"product_tag":[452],"yoast_head":"<!-- This site is optimized with the Yoast SEO plugin v22.6 - https:\/\/yoast.com\/wordpress\/plugins\/seo\/ -->\n<title>Body Temperature Measurement - C\u00f4ng ty TNHH LABOCHEM Vi\u1ec7t Nam<\/title>\n<meta name=\"robots\" content=\"index, follow, max-snippet:-1, max-image-preview:large, max-video-preview:-1\" \/>\n<link rel=\"canonical\" href=\"https:\/\/labochem.com.vn\/s\u1ea3n%20ph\u1ea9m\/may-do-nhiet-do-co-the-model-wt3652\/\" \/>\n<meta property=\"og:locale\" content=\"en_US\" \/>\n<meta property=\"og:type\" content=\"article\" \/>\n<meta property=\"og:title\" content=\"[:vi]M\u00e1y \u0111o nhi\u1ec7t \u0111\u1ed9 c\u01a1 th\u1ec3[:en]Body Temperature Measurement[:] - C\u00f4ng ty TNHH LABOCHEM Vi\u1ec7t Nam\" \/>\n<meta property=\"og:description\" content=\"[:vi]M\u00c1Y \u0110O NHI\u1ec6T \u0110\u1ed8 C\u01a0 TH\u1ec2   Model: WT3652  M\u00e1y \u0111o nhi\u1ec7t \u0111\u1ed9 c\u01a1 th\u1ec3 WT3652 l\u00e0 nhi\u1ec7t k\u1ebf kh\u00f4ng ti\u1ebfp x\u00fac c\u01a1 th\u1ec3, cung c\u1ea5p \u0111\u1ed9 ch\u00ednh x\u00e1c chuy\u00ean nghi\u1ec7p khi \u0111o nhi\u1ec7t \u0111\u1ed9 c\u1ee7a con b\u1ea1n. M\u00e1y k\u1ebft h\u1ee3p m\u1ed9t m\u00e0n h\u00ecnh l\u1edbn, d\u1ec5 \u0111\u1ecdc, c\u00f3 m\u00e0n h\u00ecnh k\u1ef9 thu\u1eadt s\u1ed1 LED nh\u1eb9 nh\u00e0ng. \u0110\u1eb7c \u0111i\u1ec3m c\u1ee7a m\u00e1y \u0111o nhi\u1ec7t \u0111\u1ed9 c\u01a1 th\u1ec3 WT3652:   M\u00e1y \u0111o nhi\u1ec7t \u0111\u1ed9\u00a0n\u00e0y \u0111\u01b0\u1ee3c thi\u1ebft k\u1ebf \u0111\u1eb7c bi\u1ec7t \u0111\u1ec3 l\u1ea5y nhi\u1ec7t \u0111\u1ed9 c\u01a1 th\u1ec3 c\u1ee7a m\u1ed9t ng\u01b0\u1eddi \u00a0m\u00e0 kh\u00f4ng c\u1ea7n ch\u1ea1m v\u00e0 \u1edf b\u1ea5t k\u1ec3 nhi\u1ec7t \u0111\u1ed9 ph\u00f2ng ra sao.  T\u00f9y thu\u1ed9c v\u00e0o nhi\u1ec1u lo\u1ea1i da v\u00e0 \u0111\u1ed9 d\u00e0y, c\u00f3 th\u1ec3 c\u00f3 ch\u00fat kh\u00e1c bi\u1ec7t nhi\u1ec7t \u0111\u1ed9.  M\u00e1y \u0111o nhi\u1ec7t \u0111\u1ecd c\u01a1 th\u1ec3 n\u00e0y \u0111\u01b0a ra nhi\u1ec7t \u0111\u1ed9 b\u1eb1ng c\u00e1ch \u0111o n\u0103ng l\u01b0\u1ee3ng h\u1ed3ng ngo\u1ea1i t\u1ecfa ra t\u1eeb b\u1ec1 m\u1eb7t c\u1ee7a c\u01a1 th\u1ec3.  N\u00f3 l\u00e0 m\u1ed9t nhi\u1ec7t k\u1ebf \u0111i\u1ec7n t\u1eed kh\u00f4ng ti\u1ebfp x\u00fac \u0111\u01b0\u1ee3c thi\u1ebft k\u1ebf d\u00e0nh ri\u00eang cho nhi\u1ec7t \u0111\u1ed9 tr\u00e1n c\u1ee7a c\u01a1 th\u1ec3 con ng\u01b0\u1eddi.  Th\u00f4ng s\u1ed1 k\u1ef9 thu\u1eadt c\u1ee7a m\u00e1y \u0111o nhi\u1ec7t \u0111\u1ed9 c\u01a1 th\u1ec3 WT3652:  Nhi\u1ec7t \u0111\u1ed9 \u0111o: 32 ~ 43\u00a0\u2103  \u0110\u1ed9 ch\u00ednh x\u00e1c:0.1\u2103  Th\u1eddi gian \u0111\u00e1p \u1ee9ng: 1s  Ph\u1ea1m vi nhi\u1ec7t \u0111\u1ed9: 0 ~ 100\u00a0\u2103  T\u1ef1 \u0111\u1ed9ng t\u1eaft m\u00e0n h\u00ecnh: sau 20s[:]\" \/>\n<meta property=\"og:url\" content=\"https:\/\/labochem.com.vn\/s\u1ea3n ph\u1ea9m\/may-do-nhiet-do-co-the-model-wt3652\/\" \/>\n<meta property=\"og:site_name\" content=\"C\u00f4ng ty TNHH LABOCHEM Vi\u1ec7t Nam\" \/>\n<meta property=\"article:modified_time\" content=\"2020-06-13T08:06:22+00:00\" \/>\n<meta property=\"og:image\" content=\"https:\/\/labochem.com.vn\/wp-content\/uploads\/2020\/05\/WT3652.jpg\" \/>\n\t<meta property=\"og:image:width\" content=\"1920\" \/>\n\t<meta property=\"og:image:height\" content=\"2560\" \/>\n\t<meta property=\"og:image:type\" content=\"image\/jpeg\" \/>\n<meta name=\"twitter:card\" content=\"summary_large_image\" \/>\n<meta name=\"twitter:label1\" content=\"Est. reading time\" \/>\n\t<meta name=\"twitter:data1\" content=\"1 minute\" \/>\n<script type=\"application\/ld+json\" class=\"yoast-schema-graph\">{\"@context\":\"https:\/\/schema.org\",\"@graph\":[{\"@type\":\"WebPage\",\"@id\":\"https:\/\/labochem.com.vn\/s\u1ea3n ph\u1ea9m\/may-do-nhiet-do-co-the-model-wt3652\/\",\"url\":\"https:\/\/labochem.com.vn\/s\u1ea3n ph\u1ea9m\/may-do-nhiet-do-co-the-model-wt3652\/\",\"name\":\"[:vi]M\u00e1y \u0111o nhi\u1ec7t \u0111\u1ed9 c\u01a1 th\u1ec3[:en]Body Temperature Measurement[:] - C\u00f4ng ty TNHH LABOCHEM Vi\u1ec7t Nam\",\"isPartOf\":{\"@id\":\"https:\/\/labochem.com.vn\/#website\"},\"primaryImageOfPage\":{\"@id\":\"https:\/\/labochem.com.vn\/s\u1ea3n ph\u1ea9m\/may-do-nhiet-do-co-the-model-wt3652\/#primaryimage\"},\"image\":{\"@id\":\"https:\/\/labochem.com.vn\/s\u1ea3n ph\u1ea9m\/may-do-nhiet-do-co-the-model-wt3652\/#primaryimage\"},\"thumbnailUrl\":\"https:\/\/labochem.com.vn\/wp-content\/uploads\/2020\/05\/WT3652.jpg\",\"datePublished\":\"2020-05-06T07:54:26+00:00\",\"dateModified\":\"2020-06-13T08:06:22+00:00\",\"breadcrumb\":{\"@id\":\"https:\/\/labochem.com.vn\/s\u1ea3n ph\u1ea9m\/may-do-nhiet-do-co-the-model-wt3652\/#breadcrumb\"},\"inLanguage\":\"en-US\",\"potentialAction\":[{\"@type\":\"ReadAction\",\"target\":[\"https:\/\/labochem.com.vn\/s\u1ea3n ph\u1ea9m\/may-do-nhiet-do-co-the-model-wt3652\/\"]}]},{\"@type\":\"ImageObject\",\"inLanguage\":\"en-US\",\"@id\":\"https:\/\/labochem.com.vn\/s\u1ea3n ph\u1ea9m\/may-do-nhiet-do-co-the-model-wt3652\/#primaryimage\",\"url\":\"https:\/\/labochem.com.vn\/wp-content\/uploads\/2020\/05\/WT3652.jpg\",\"contentUrl\":\"https:\/\/labochem.com.vn\/wp-content\/uploads\/2020\/05\/WT3652.jpg\",\"width\":1920,\"height\":2560},{\"@type\":\"BreadcrumbList\",\"@id\":\"https:\/\/labochem.com.vn\/s\u1ea3n ph\u1ea9m\/may-do-nhiet-do-co-the-model-wt3652\/#breadcrumb\",\"itemListElement\":[{\"@type\":\"ListItem\",\"position\":1,\"name\":\"Home\",\"item\":\"https:\/\/labochem.com.vn\/\"},{\"@type\":\"ListItem\",\"position\":2,\"name\":\"C\u1eeda h\u00e0ng\",\"item\":\"https:\/\/labochem.com.vn\/mua\/\"},{\"@type\":\"ListItem\",\"position\":3,\"name\":\"M\u00e1y \u0111o nhi\u1ec7t \u0111\u1ed9 c\u01a1 th\u1ec3\"}]},{\"@type\":\"WebSite\",\"@id\":\"https:\/\/labochem.com.vn\/#website\",\"url\":\"https:\/\/labochem.com.vn\/\",\"name\":\"C\u00f4ng ty TNHH LABOCHEM Vi\u1ec7t Nam\",\"description\":\"M\u1ed9t trang web m\u1edbi s\u1eed d\u1ee5ng WordPress\",\"potentialAction\":[{\"@type\":\"SearchAction\",\"target\":{\"@type\":\"EntryPoint\",\"urlTemplate\":\"https:\/\/labochem.com.vn\/?s={search_term_string}\"},\"query-input\":\"required name=search_term_string\"}],\"inLanguage\":\"en-US\"}]}<\/script>\n<!-- \/ Yoast SEO plugin. -->","yoast_head_json":{"title":"[:vi]M\u00e1y \u0111o nhi\u1ec7t \u0111\u1ed9 c\u01a1 th\u1ec3[:en]Body Temperature Measurement[:] - C\u00f4ng ty TNHH LABOCHEM Vi\u1ec7t Nam","robots":{"index":"index","follow":"follow","max-snippet":"max-snippet:-1","max-image-preview":"max-image-preview:large","max-video-preview":"max-video-preview:-1"},"canonical":"https:\/\/labochem.com.vn\/s\u1ea3n ph\u1ea9m\/may-do-nhiet-do-co-the-model-wt3652\/","og_locale":"en_US","og_type":"article","og_title":"[:vi]M\u00e1y \u0111o nhi\u1ec7t \u0111\u1ed9 c\u01a1 th\u1ec3[:en]Body Temperature Measurement[:] - C\u00f4ng ty TNHH LABOCHEM Vi\u1ec7t Nam","og_description":"[:vi]M\u00c1Y \u0110O NHI\u1ec6T \u0110\u1ed8 C\u01a0 TH\u1ec2   Model: WT3652  M\u00e1y \u0111o nhi\u1ec7t \u0111\u1ed9 c\u01a1 th\u1ec3 WT3652 l\u00e0 nhi\u1ec7t k\u1ebf kh\u00f4ng ti\u1ebfp x\u00fac c\u01a1 th\u1ec3, cung c\u1ea5p \u0111\u1ed9 ch\u00ednh x\u00e1c chuy\u00ean nghi\u1ec7p khi \u0111o nhi\u1ec7t \u0111\u1ed9 c\u1ee7a con b\u1ea1n. M\u00e1y k\u1ebft h\u1ee3p m\u1ed9t m\u00e0n h\u00ecnh l\u1edbn, d\u1ec5 \u0111\u1ecdc, c\u00f3 m\u00e0n h\u00ecnh k\u1ef9 thu\u1eadt s\u1ed1 LED nh\u1eb9 nh\u00e0ng. \u0110\u1eb7c \u0111i\u1ec3m c\u1ee7a m\u00e1y \u0111o nhi\u1ec7t \u0111\u1ed9 c\u01a1 th\u1ec3 WT3652:   M\u00e1y \u0111o nhi\u1ec7t \u0111\u1ed9\u00a0n\u00e0y \u0111\u01b0\u1ee3c thi\u1ebft k\u1ebf \u0111\u1eb7c bi\u1ec7t \u0111\u1ec3 l\u1ea5y nhi\u1ec7t \u0111\u1ed9 c\u01a1 th\u1ec3 c\u1ee7a m\u1ed9t ng\u01b0\u1eddi \u00a0m\u00e0 kh\u00f4ng c\u1ea7n ch\u1ea1m v\u00e0 \u1edf b\u1ea5t k\u1ec3 nhi\u1ec7t \u0111\u1ed9 ph\u00f2ng ra sao.  T\u00f9y thu\u1ed9c v\u00e0o nhi\u1ec1u lo\u1ea1i da v\u00e0 \u0111\u1ed9 d\u00e0y, c\u00f3 th\u1ec3 c\u00f3 ch\u00fat kh\u00e1c bi\u1ec7t nhi\u1ec7t \u0111\u1ed9.  M\u00e1y \u0111o nhi\u1ec7t \u0111\u1ecd c\u01a1 th\u1ec3 n\u00e0y \u0111\u01b0a ra nhi\u1ec7t \u0111\u1ed9 b\u1eb1ng c\u00e1ch \u0111o n\u0103ng l\u01b0\u1ee3ng h\u1ed3ng ngo\u1ea1i t\u1ecfa ra t\u1eeb b\u1ec1 m\u1eb7t c\u1ee7a c\u01a1 th\u1ec3.  N\u00f3 l\u00e0 m\u1ed9t nhi\u1ec7t k\u1ebf \u0111i\u1ec7n t\u1eed kh\u00f4ng ti\u1ebfp x\u00fac \u0111\u01b0\u1ee3c thi\u1ebft k\u1ebf d\u00e0nh ri\u00eang cho nhi\u1ec7t \u0111\u1ed9 tr\u00e1n c\u1ee7a c\u01a1 th\u1ec3 con ng\u01b0\u1eddi.  Th\u00f4ng s\u1ed1 k\u1ef9 thu\u1eadt c\u1ee7a m\u00e1y \u0111o nhi\u1ec7t \u0111\u1ed9 c\u01a1 th\u1ec3 WT3652:  Nhi\u1ec7t \u0111\u1ed9 \u0111o: 32 ~ 43\u00a0\u2103  \u0110\u1ed9 ch\u00ednh x\u00e1c:0.1\u2103  Th\u1eddi gian \u0111\u00e1p \u1ee9ng: 1s  Ph\u1ea1m vi nhi\u1ec7t \u0111\u1ed9: 0 ~ 100\u00a0\u2103  T\u1ef1 \u0111\u1ed9ng t\u1eaft m\u00e0n h\u00ecnh: sau 20s[:]","og_url":"https:\/\/labochem.com.vn\/s\u1ea3n ph\u1ea9m\/may-do-nhiet-do-co-the-model-wt3652\/","og_site_name":"C\u00f4ng ty TNHH LABOCHEM Vi\u1ec7t Nam","article_modified_time":"2020-06-13T08:06:22+00:00","og_image":[{"width":1920,"height":2560,"url":"https:\/\/labochem.com.vn\/wp-content\/uploads\/2020\/05\/WT3652.jpg","type":"image\/jpeg"}],"twitter_card":"summary_large_image","twitter_misc":{"Est. reading time":"1 minute"},"schema":{"@context":"https:\/\/schema.org","@graph":[{"@type":"WebPage","@id":"https:\/\/labochem.com.vn\/s\u1ea3n ph\u1ea9m\/may-do-nhiet-do-co-the-model-wt3652\/","url":"https:\/\/labochem.com.vn\/s\u1ea3n ph\u1ea9m\/may-do-nhiet-do-co-the-model-wt3652\/","name":"[:vi]M\u00e1y \u0111o nhi\u1ec7t \u0111\u1ed9 c\u01a1 th\u1ec3[:en]Body Temperature Measurement[:] - C\u00f4ng ty TNHH LABOCHEM Vi\u1ec7t Nam","isPartOf":{"@id":"https:\/\/labochem.com.vn\/#website"},"primaryImageOfPage":{"@id":"https:\/\/labochem.com.vn\/s\u1ea3n ph\u1ea9m\/may-do-nhiet-do-co-the-model-wt3652\/#primaryimage"},"image":{"@id":"https:\/\/labochem.com.vn\/s\u1ea3n ph\u1ea9m\/may-do-nhiet-do-co-the-model-wt3652\/#primaryimage"},"thumbnailUrl":"https:\/\/labochem.com.vn\/wp-content\/uploads\/2020\/05\/WT3652.jpg","datePublished":"2020-05-06T07:54:26+00:00","dateModified":"2020-06-13T08:06:22+00:00","breadcrumb":{"@id":"https:\/\/labochem.com.vn\/s\u1ea3n ph\u1ea9m\/may-do-nhiet-do-co-the-model-wt3652\/#breadcrumb"},"inLanguage":"en-US","potentialAction":[{"@type":"ReadAction","target":["https:\/\/labochem.com.vn\/s\u1ea3n ph\u1ea9m\/may-do-nhiet-do-co-the-model-wt3652\/"]}]},{"@type":"ImageObject","inLanguage":"en-US","@id":"https:\/\/labochem.com.vn\/s\u1ea3n ph\u1ea9m\/may-do-nhiet-do-co-the-model-wt3652\/#primaryimage","url":"https:\/\/labochem.com.vn\/wp-content\/uploads\/2020\/05\/WT3652.jpg","contentUrl":"https:\/\/labochem.com.vn\/wp-content\/uploads\/2020\/05\/WT3652.jpg","width":1920,"height":2560},{"@type":"BreadcrumbList","@id":"https:\/\/labochem.com.vn\/s\u1ea3n ph\u1ea9m\/may-do-nhiet-do-co-the-model-wt3652\/#breadcrumb","itemListElement":[{"@type":"ListItem","position":1,"name":"Home","item":"https:\/\/labochem.com.vn\/"},{"@type":"ListItem","position":2,"name":"C\u1eeda h\u00e0ng","item":"https:\/\/labochem.com.vn\/mua\/"},{"@type":"ListItem","position":3,"name":"M\u00e1y \u0111o nhi\u1ec7t \u0111\u1ed9 c\u01a1 th\u1ec3"}]},{"@type":"WebSite","@id":"https:\/\/labochem.com.vn\/#website","url":"https:\/\/labochem.com.vn\/","name":"C\u00f4ng ty TNHH LABOCHEM Vi\u1ec7t Nam","description":"M\u1ed9t trang web m\u1edbi s\u1eed d\u1ee5ng WordPress","potentialAction":[{"@type":"SearchAction","target":{"@type":"EntryPoint","urlTemplate":"https:\/\/labochem.com.vn\/?s={search_term_string}"},"query-input":"required name=search_term_string"}],"inLanguage":"en-US"}]}},"_links":{"self":[{"href":"https:\/\/labochem.com.vn\/en\/wp-json\/wp\/v2\/product\/311"}],"collection":[{"href":"https:\/\/labochem.com.vn\/en\/wp-json\/wp\/v2\/product"}],"about":[{"href":"https:\/\/labochem.com.vn\/en\/wp-json\/wp\/v2\/types\/product"}],"replies":[{"embeddable":true,"href":"https:\/\/labochem.com.vn\/en\/wp-json\/wp\/v2\/comments?post=311"}],"wp:featuredmedia":[{"embeddable":true,"href":"https:\/\/labochem.com.vn\/en\/wp-json\/wp\/v2\/media\/312"}],"wp:attachment":[{"href":"https:\/\/labochem.com.vn\/en\/wp-json\/wp\/v2\/media?parent=311"}],"wp:term":[{"taxonomy":"product_cat","embeddable":true,"href":"https:\/\/labochem.com.vn\/en\/wp-json\/wp\/v2\/product_cat?post=311"},{"taxonomy":"product_tag","embeddable":true,"href":"https:\/\/labochem.com.vn\/en\/wp-json\/wp\/v2\/product_tag?post=311"}],"curies":[{"name":"wp","href":"https:\/\/api.w.org\/{rel}","templated":true}]}}