{"id":309,"date":"2020-05-06T07:52:43","date_gmt":"2020-05-06T07:52:43","guid":{"rendered":"https:\/\/labochem.com.vn\/?post_type=product&#038;p=309"},"modified":"2020-05-30T09:59:30","modified_gmt":"2020-05-30T09:59:30","slug":"may-do-chat-luong-khong-khi-model-gm-8803","status":"publish","type":"product","link":"https:\/\/labochem.com.vn\/en\/s\u1ea3n ph\u1ea9m\/may-do-chat-luong-khong-khi-model-gm-8803\/","title":{"rendered":"(Ti\u1ebfng Vi\u1ec7t) M\u00e1y \u0111o ch\u1ea5t l\u01b0\u1ee3ng kh\u00f4ng kh\u00ed"},"content":{"rendered":"","protected":false},"excerpt":{"rendered":"<p class=\"qtranxs-available-languages-message qtranxs-available-languages-message-en\">Sorry, this entry is only available in <a href=\"https:\/\/labochem.com.vn\/vi\/wp-json\/wp\/v2\/product\/309\" class=\"qtranxs-available-language-link qtranxs-available-language-link-vi\" title=\"Ti\u1ebfng Vi\u1ec7t\">Ti\u1ebfng Vi\u1ec7t<\/a>.<\/p>\n","protected":false},"featured_media":310,"comment_status":"open","ping_status":"closed","template":"","meta":[],"product_cat":[15,28],"product_tag":[84],"yoast_head":"<!-- This site is optimized with the Yoast SEO plugin v22.6 - https:\/\/yoast.com\/wordpress\/plugins\/seo\/ -->\n<title><\/title>\n<meta name=\"robots\" content=\"index, follow, max-snippet:-1, max-image-preview:large, max-video-preview:-1\" \/>\n<link rel=\"canonical\" href=\"https:\/\/labochem.com.vn\/s\u1ea3n%20ph\u1ea9m\/may-do-chat-luong-khong-khi-model-gm-8803\/\" \/>\n<meta property=\"og:locale\" content=\"en_US\" \/>\n<meta property=\"og:type\" content=\"article\" \/>\n<meta property=\"og:title\" content=\"[:vi]M\u00e1y \u0111o ch\u1ea5t l\u01b0\u1ee3ng kh\u00f4ng kh\u00ed - C\u00f4ng ty TNHH LABOCHEM Vi\u1ec7t Nam\" \/>\n<meta property=\"og:description\" content=\"[:vi]M\u00c1Y \u0110O CH\u1ea4T L\u01af\u1ee2NG KH\u00d4NG KH\u00cd  Model: GM 8803  Gi\u00e1 tr\u1ecb \u0111o: N\u1ed3ng \u0111\u1ed9 h\u1ea1t trong kh\u00f4ng kh\u00ed (PM2.5, PM10)  D\u1ea3i \u0111o: 0 \u2013 5000 ug\/m3  Kh\u1ea3 n\u0103ng \u0111\u1ecdc MIN: 1 ug\/m3  \u0110\u1ed9 ph\u00e2n gi\u1ea3i: 1 ug\/m3   Th\u1eddi gian ph\u1ea3n h\u1ed3i: \u2264 10S  Nguy\u00ean l\u00fd \u0111o l\u01b0\u1eddng: Khu\u1ebfch t\u00e1n Laser  Nhi\u1ec7t \u0111\u1ed9 m\u00f4i tr\u01b0\u1eddng: 0 ~ 50\u1d52C, 32 ~ 122\u1d52F, 10 ~ 90%RH  Ngu\u1ed3n \u0111i\u1ec7n: 3 * 1.2V AAA  K\u00edch th\u01b0\u1edbc: 91.5 x 64.8 x 135mm  Tr\u1ecdng l\u01b0\u1ee3ng: 152g[:]\" \/>\n<meta property=\"og:url\" content=\"https:\/\/labochem.com.vn\/s\u1ea3n ph\u1ea9m\/may-do-chat-luong-khong-khi-model-gm-8803\/\" \/>\n<meta property=\"og:site_name\" content=\"C\u00f4ng ty TNHH LABOCHEM Vi\u1ec7t Nam\" \/>\n<meta property=\"article:modified_time\" content=\"2020-05-30T09:59:30+00:00\" \/>\n<meta property=\"og:image\" content=\"https:\/\/labochem.com.vn\/wp-content\/uploads\/2020\/05\/GM8803-2.jpg\" \/>\n\t<meta property=\"og:image:width\" content=\"1000\" \/>\n\t<meta property=\"og:image:height\" content=\"1000\" \/>\n\t<meta property=\"og:image:type\" content=\"image\/jpeg\" \/>\n<meta name=\"twitter:card\" content=\"summary_large_image\" \/>\n<script type=\"application\/ld+json\" class=\"yoast-schema-graph\">{\"@context\":\"https:\/\/schema.org\",\"@graph\":[{\"@type\":\"WebPage\",\"@id\":\"https:\/\/labochem.com.vn\/s\u1ea3n ph\u1ea9m\/may-do-chat-luong-khong-khi-model-gm-8803\/\",\"url\":\"https:\/\/labochem.com.vn\/s\u1ea3n ph\u1ea9m\/may-do-chat-luong-khong-khi-model-gm-8803\/\",\"name\":\"[:vi]M\u00e1y \u0111o ch\u1ea5t l\u01b0\u1ee3ng kh\u00f4ng kh\u00ed - C\u00f4ng ty TNHH LABOCHEM Vi\u1ec7t Nam\",\"isPartOf\":{\"@id\":\"https:\/\/labochem.com.vn\/#website\"},\"primaryImageOfPage\":{\"@id\":\"https:\/\/labochem.com.vn\/s\u1ea3n ph\u1ea9m\/may-do-chat-luong-khong-khi-model-gm-8803\/#primaryimage\"},\"image\":{\"@id\":\"https:\/\/labochem.com.vn\/s\u1ea3n ph\u1ea9m\/may-do-chat-luong-khong-khi-model-gm-8803\/#primaryimage\"},\"thumbnailUrl\":\"https:\/\/labochem.com.vn\/wp-content\/uploads\/2020\/05\/GM8803-2.jpg\",\"datePublished\":\"2020-05-06T07:52:43+00:00\",\"dateModified\":\"2020-05-30T09:59:30+00:00\",\"breadcrumb\":{\"@id\":\"https:\/\/labochem.com.vn\/s\u1ea3n ph\u1ea9m\/may-do-chat-luong-khong-khi-model-gm-8803\/#breadcrumb\"},\"inLanguage\":\"en-US\",\"potentialAction\":[{\"@type\":\"ReadAction\",\"target\":[\"https:\/\/labochem.com.vn\/s\u1ea3n ph\u1ea9m\/may-do-chat-luong-khong-khi-model-gm-8803\/\"]}]},{\"@type\":\"ImageObject\",\"inLanguage\":\"en-US\",\"@id\":\"https:\/\/labochem.com.vn\/s\u1ea3n ph\u1ea9m\/may-do-chat-luong-khong-khi-model-gm-8803\/#primaryimage\",\"url\":\"https:\/\/labochem.com.vn\/wp-content\/uploads\/2020\/05\/GM8803-2.jpg\",\"contentUrl\":\"https:\/\/labochem.com.vn\/wp-content\/uploads\/2020\/05\/GM8803-2.jpg\",\"width\":1000,\"height\":1000},{\"@type\":\"BreadcrumbList\",\"@id\":\"https:\/\/labochem.com.vn\/s\u1ea3n ph\u1ea9m\/may-do-chat-luong-khong-khi-model-gm-8803\/#breadcrumb\",\"itemListElement\":[{\"@type\":\"ListItem\",\"position\":1,\"name\":\"Home\",\"item\":\"https:\/\/labochem.com.vn\/\"},{\"@type\":\"ListItem\",\"position\":2,\"name\":\"C\u1eeda h\u00e0ng\",\"item\":\"https:\/\/labochem.com.vn\/mua\/\"},{\"@type\":\"ListItem\",\"position\":3,\"name\":\"M\u00e1y \u0111o ch\u1ea5t l\u01b0\u1ee3ng kh\u00f4ng kh\u00ed\"}]},{\"@type\":\"WebSite\",\"@id\":\"https:\/\/labochem.com.vn\/#website\",\"url\":\"https:\/\/labochem.com.vn\/\",\"name\":\"C\u00f4ng ty TNHH LABOCHEM Vi\u1ec7t Nam\",\"description\":\"M\u1ed9t trang web m\u1edbi s\u1eed d\u1ee5ng WordPress\",\"potentialAction\":[{\"@type\":\"SearchAction\",\"target\":{\"@type\":\"EntryPoint\",\"urlTemplate\":\"https:\/\/labochem.com.vn\/?s={search_term_string}\"},\"query-input\":\"required name=search_term_string\"}],\"inLanguage\":\"en-US\"}]}<\/script>\n<!-- \/ Yoast SEO plugin. -->","yoast_head_json":{"title":"[:vi]M\u00e1y \u0111o ch\u1ea5t l\u01b0\u1ee3ng kh\u00f4ng kh\u00ed - C\u00f4ng ty TNHH LABOCHEM Vi\u1ec7t Nam","robots":{"index":"index","follow":"follow","max-snippet":"max-snippet:-1","max-image-preview":"max-image-preview:large","max-video-preview":"max-video-preview:-1"},"canonical":"https:\/\/labochem.com.vn\/s\u1ea3n ph\u1ea9m\/may-do-chat-luong-khong-khi-model-gm-8803\/","og_locale":"en_US","og_type":"article","og_title":"[:vi]M\u00e1y \u0111o ch\u1ea5t l\u01b0\u1ee3ng kh\u00f4ng kh\u00ed - C\u00f4ng ty TNHH LABOCHEM Vi\u1ec7t Nam","og_description":"[:vi]M\u00c1Y \u0110O CH\u1ea4T L\u01af\u1ee2NG KH\u00d4NG KH\u00cd  Model: GM 8803  Gi\u00e1 tr\u1ecb \u0111o: N\u1ed3ng \u0111\u1ed9 h\u1ea1t trong kh\u00f4ng kh\u00ed (PM2.5, PM10)  D\u1ea3i \u0111o: 0 \u2013 5000 ug\/m3  Kh\u1ea3 n\u0103ng \u0111\u1ecdc MIN: 1 ug\/m3  \u0110\u1ed9 ph\u00e2n gi\u1ea3i: 1 ug\/m3   Th\u1eddi gian ph\u1ea3n h\u1ed3i: \u2264 10S  Nguy\u00ean l\u00fd \u0111o l\u01b0\u1eddng: Khu\u1ebfch t\u00e1n Laser  Nhi\u1ec7t \u0111\u1ed9 m\u00f4i tr\u01b0\u1eddng: 0 ~ 50\u1d52C, 32 ~ 122\u1d52F, 10 ~ 90%RH  Ngu\u1ed3n \u0111i\u1ec7n: 3 * 1.2V AAA  K\u00edch th\u01b0\u1edbc: 91.5 x 64.8 x 135mm  Tr\u1ecdng l\u01b0\u1ee3ng: 152g[:]","og_url":"https:\/\/labochem.com.vn\/s\u1ea3n ph\u1ea9m\/may-do-chat-luong-khong-khi-model-gm-8803\/","og_site_name":"C\u00f4ng ty TNHH LABOCHEM Vi\u1ec7t Nam","article_modified_time":"2020-05-30T09:59:30+00:00","og_image":[{"width":1000,"height":1000,"url":"https:\/\/labochem.com.vn\/wp-content\/uploads\/2020\/05\/GM8803-2.jpg","type":"image\/jpeg"}],"twitter_card":"summary_large_image","schema":{"@context":"https:\/\/schema.org","@graph":[{"@type":"WebPage","@id":"https:\/\/labochem.com.vn\/s\u1ea3n ph\u1ea9m\/may-do-chat-luong-khong-khi-model-gm-8803\/","url":"https:\/\/labochem.com.vn\/s\u1ea3n ph\u1ea9m\/may-do-chat-luong-khong-khi-model-gm-8803\/","name":"[:vi]M\u00e1y \u0111o ch\u1ea5t l\u01b0\u1ee3ng kh\u00f4ng kh\u00ed - C\u00f4ng ty TNHH LABOCHEM Vi\u1ec7t Nam","isPartOf":{"@id":"https:\/\/labochem.com.vn\/#website"},"primaryImageOfPage":{"@id":"https:\/\/labochem.com.vn\/s\u1ea3n ph\u1ea9m\/may-do-chat-luong-khong-khi-model-gm-8803\/#primaryimage"},"image":{"@id":"https:\/\/labochem.com.vn\/s\u1ea3n ph\u1ea9m\/may-do-chat-luong-khong-khi-model-gm-8803\/#primaryimage"},"thumbnailUrl":"https:\/\/labochem.com.vn\/wp-content\/uploads\/2020\/05\/GM8803-2.jpg","datePublished":"2020-05-06T07:52:43+00:00","dateModified":"2020-05-30T09:59:30+00:00","breadcrumb":{"@id":"https:\/\/labochem.com.vn\/s\u1ea3n ph\u1ea9m\/may-do-chat-luong-khong-khi-model-gm-8803\/#breadcrumb"},"inLanguage":"en-US","potentialAction":[{"@type":"ReadAction","target":["https:\/\/labochem.com.vn\/s\u1ea3n ph\u1ea9m\/may-do-chat-luong-khong-khi-model-gm-8803\/"]}]},{"@type":"ImageObject","inLanguage":"en-US","@id":"https:\/\/labochem.com.vn\/s\u1ea3n ph\u1ea9m\/may-do-chat-luong-khong-khi-model-gm-8803\/#primaryimage","url":"https:\/\/labochem.com.vn\/wp-content\/uploads\/2020\/05\/GM8803-2.jpg","contentUrl":"https:\/\/labochem.com.vn\/wp-content\/uploads\/2020\/05\/GM8803-2.jpg","width":1000,"height":1000},{"@type":"BreadcrumbList","@id":"https:\/\/labochem.com.vn\/s\u1ea3n ph\u1ea9m\/may-do-chat-luong-khong-khi-model-gm-8803\/#breadcrumb","itemListElement":[{"@type":"ListItem","position":1,"name":"Home","item":"https:\/\/labochem.com.vn\/"},{"@type":"ListItem","position":2,"name":"C\u1eeda h\u00e0ng","item":"https:\/\/labochem.com.vn\/mua\/"},{"@type":"ListItem","position":3,"name":"M\u00e1y \u0111o ch\u1ea5t l\u01b0\u1ee3ng kh\u00f4ng kh\u00ed"}]},{"@type":"WebSite","@id":"https:\/\/labochem.com.vn\/#website","url":"https:\/\/labochem.com.vn\/","name":"C\u00f4ng ty TNHH LABOCHEM Vi\u1ec7t Nam","description":"M\u1ed9t trang web m\u1edbi s\u1eed d\u1ee5ng WordPress","potentialAction":[{"@type":"SearchAction","target":{"@type":"EntryPoint","urlTemplate":"https:\/\/labochem.com.vn\/?s={search_term_string}"},"query-input":"required name=search_term_string"}],"inLanguage":"en-US"}]}},"_links":{"self":[{"href":"https:\/\/labochem.com.vn\/en\/wp-json\/wp\/v2\/product\/309"}],"collection":[{"href":"https:\/\/labochem.com.vn\/en\/wp-json\/wp\/v2\/product"}],"about":[{"href":"https:\/\/labochem.com.vn\/en\/wp-json\/wp\/v2\/types\/product"}],"replies":[{"embeddable":true,"href":"https:\/\/labochem.com.vn\/en\/wp-json\/wp\/v2\/comments?post=309"}],"wp:featuredmedia":[{"embeddable":true,"href":"https:\/\/labochem.com.vn\/en\/wp-json\/wp\/v2\/media\/310"}],"wp:attachment":[{"href":"https:\/\/labochem.com.vn\/en\/wp-json\/wp\/v2\/media?parent=309"}],"wp:term":[{"taxonomy":"product_cat","embeddable":true,"href":"https:\/\/labochem.com.vn\/en\/wp-json\/wp\/v2\/product_cat?post=309"},{"taxonomy":"product_tag","embeddable":true,"href":"https:\/\/labochem.com.vn\/en\/wp-json\/wp\/v2\/product_tag?post=309"}],"curies":[{"name":"wp","href":"https:\/\/api.w.org\/{rel}","templated":true}]}}