{"id":302,"date":"2020-05-06T07:43:51","date_gmt":"2020-05-06T07:43:51","guid":{"rendered":"https:\/\/labochem.com.vn\/?post_type=product&#038;p=302"},"modified":"2020-05-06T09:17:00","modified_gmt":"2020-05-06T09:17:00","slug":"dong-ho-do-dien-tro-cach-dien-model-3123","status":"publish","type":"product","link":"https:\/\/labochem.com.vn\/en\/s\u1ea3n ph\u1ea9m\/dong-ho-do-dien-tro-cach-dien-model-3123\/","title":{"rendered":"(Ti\u1ebfng Vi\u1ec7t) \u0110\u1ed2NG H\u1ed2 \u0110O \u0110I\u1ec6N TR\u1ede C\u00c1CH \u0110I\u1ec6N  Model: 3123"},"content":{"rendered":"","protected":false},"excerpt":{"rendered":"<p class=\"qtranxs-available-languages-message qtranxs-available-languages-message-en\">Sorry, this entry is only available in <a href=\"https:\/\/labochem.com.vn\/vi\/wp-json\/wp\/v2\/product\/302\" class=\"qtranxs-available-language-link qtranxs-available-language-link-vi\" title=\"Ti\u1ebfng Vi\u1ec7t\">Ti\u1ebfng Vi\u1ec7t<\/a>.<\/p>\n","protected":false},"featured_media":328,"comment_status":"open","ping_status":"closed","template":"","meta":[],"product_cat":[28],"product_tag":[77],"yoast_head":"<!-- This site is optimized with the Yoast SEO plugin v22.6 - https:\/\/yoast.com\/wordpress\/plugins\/seo\/ -->\n<title><\/title>\n<meta name=\"robots\" content=\"index, follow, max-snippet:-1, max-image-preview:large, max-video-preview:-1\" \/>\n<link rel=\"canonical\" href=\"https:\/\/labochem.com.vn\/en\/s\u1ea3n%20ph\u1ea9m\/dong-ho-do-dien-tro-cach-dien-model-3123\/\" \/>\n<meta property=\"og:locale\" content=\"en_US\" \/>\n<meta property=\"og:type\" content=\"article\" \/>\n<meta property=\"og:title\" content=\"[:vi]\u0110\u1ed2NG H\u1ed2 \u0110O \u0110I\u1ec6N TR\u1ede C\u00c1CH \u0110I\u1ec6N Model: 3123[:] - C\u00f4ng ty TNHH LABOCHEM Vi\u1ec7t Nam\" \/>\n<meta property=\"og:description\" content=\"[:vi]\u0110\u1ed2NG H\u1ed2 \u0110O \u0110I\u1ec6N TR\u1ede C\u00c1CH \u0110I\u1ec6N   Model: 3123  \u0110i\u1ec7n \u00e1p \u0111\u1ecbnh m\u1ee9c: 250 V \/ 500 V \/ 1000 V \/ 2500 V  Ph\u1ea1m vi ki\u1ec3m tra:  250 V: 0,0 ~ 499M\u03a9;  500 V: 0,0 ~ M\u03a9;  1000 V: 0,0 ~ 19,9G \u03a9;  2500 V: 0,0 ~ 99,9G \u03a9  \u0110\u1ed9 ch\u00ednh x\u00e1c: \u00b1 5% \u0111\u1ecdc  DC \/ AC Ki\u1ec3m Tra: 30 ~ 600 V  \u0110\u1ed9 ph\u00e2n gi\u1ea3i: 1.0 V  B\u1ea3o v\u1ec7 qu\u00e1 t\u1ea3i: \u0110i\u1ec7n tr\u1edf c\u00e1ch \u0111i\u1ec7n: AC 1200 V \/ 10 gi\u00e2y v\u00e0 \u0111i\u1ec7n \u00e1p: AC 720V \/ 10 gi\u00e2y  \u0110i\u1ec7n \u00e1p kh\u00e1ng: AC8320(50\/60Hz) \/ 5 gi\u00e2y  \u0110i\u1ec7n tr\u1edf c\u00e1ch \u0111i\u1ec7n: 1000M\u03a9\/ DC1000V  \u0110\u1ed9 cao ho\u1ea1t \u0111\u1ed9ng \u0111\u1ec1 xu\u1ea5t: \u00cdt h\u01a1n 2000m  \u0110i\u1ec7n \u00e1p ho\u1ea1t \u0111\u1ed9ng: 12 V  Ngu\u1ed3n: 8 * 1.5 V Pin LR14 (bao g\u1ed3m)[:]\" \/>\n<meta property=\"og:url\" content=\"https:\/\/labochem.com.vn\/en\/s\u1ea3n ph\u1ea9m\/dong-ho-do-dien-tro-cach-dien-model-3123\/\" \/>\n<meta property=\"og:site_name\" content=\"C\u00f4ng ty TNHH LABOCHEM Vi\u1ec7t Nam\" \/>\n<meta property=\"article:modified_time\" content=\"2020-05-06T09:17:00+00:00\" \/>\n<meta property=\"og:image\" content=\"https:\/\/labochem.com.vn\/wp-content\/uploads\/2020\/05\/GM3123-ANH-2.jpg\" \/>\n\t<meta property=\"og:image:width\" content=\"458\" \/>\n\t<meta property=\"og:image:height\" content=\"480\" \/>\n\t<meta property=\"og:image:type\" content=\"image\/jpeg\" \/>\n<meta name=\"twitter:card\" content=\"summary_large_image\" \/>\n<script type=\"application\/ld+json\" class=\"yoast-schema-graph\">{\"@context\":\"https:\/\/schema.org\",\"@graph\":[{\"@type\":\"WebPage\",\"@id\":\"https:\/\/labochem.com.vn\/en\/s\u1ea3n ph\u1ea9m\/dong-ho-do-dien-tro-cach-dien-model-3123\/\",\"url\":\"https:\/\/labochem.com.vn\/en\/s\u1ea3n ph\u1ea9m\/dong-ho-do-dien-tro-cach-dien-model-3123\/\",\"name\":\"[:vi]\u0110\u1ed2NG H\u1ed2 \u0110O \u0110I\u1ec6N TR\u1ede C\u00c1CH \u0110I\u1ec6N Model: 3123[:] - C\u00f4ng ty TNHH LABOCHEM Vi\u1ec7t Nam\",\"isPartOf\":{\"@id\":\"https:\/\/labochem.com.vn\/#website\"},\"primaryImageOfPage\":{\"@id\":\"https:\/\/labochem.com.vn\/en\/s\u1ea3n ph\u1ea9m\/dong-ho-do-dien-tro-cach-dien-model-3123\/#primaryimage\"},\"image\":{\"@id\":\"https:\/\/labochem.com.vn\/en\/s\u1ea3n ph\u1ea9m\/dong-ho-do-dien-tro-cach-dien-model-3123\/#primaryimage\"},\"thumbnailUrl\":\"https:\/\/labochem.com.vn\/wp-content\/uploads\/2020\/05\/GM3123-ANH-2.jpg\",\"datePublished\":\"2020-05-06T07:43:51+00:00\",\"dateModified\":\"2020-05-06T09:17:00+00:00\",\"breadcrumb\":{\"@id\":\"https:\/\/labochem.com.vn\/en\/s\u1ea3n ph\u1ea9m\/dong-ho-do-dien-tro-cach-dien-model-3123\/#breadcrumb\"},\"inLanguage\":\"en-US\",\"potentialAction\":[{\"@type\":\"ReadAction\",\"target\":[\"https:\/\/labochem.com.vn\/en\/s\u1ea3n ph\u1ea9m\/dong-ho-do-dien-tro-cach-dien-model-3123\/\"]}]},{\"@type\":\"ImageObject\",\"inLanguage\":\"en-US\",\"@id\":\"https:\/\/labochem.com.vn\/en\/s\u1ea3n ph\u1ea9m\/dong-ho-do-dien-tro-cach-dien-model-3123\/#primaryimage\",\"url\":\"https:\/\/labochem.com.vn\/wp-content\/uploads\/2020\/05\/GM3123-ANH-2.jpg\",\"contentUrl\":\"https:\/\/labochem.com.vn\/wp-content\/uploads\/2020\/05\/GM3123-ANH-2.jpg\",\"width\":458,\"height\":480},{\"@type\":\"BreadcrumbList\",\"@id\":\"https:\/\/labochem.com.vn\/en\/s\u1ea3n ph\u1ea9m\/dong-ho-do-dien-tro-cach-dien-model-3123\/#breadcrumb\",\"itemListElement\":[{\"@type\":\"ListItem\",\"position\":1,\"name\":\"Home\",\"item\":\"https:\/\/labochem.com.vn\/\"},{\"@type\":\"ListItem\",\"position\":2,\"name\":\"C\u1eeda h\u00e0ng\",\"item\":\"https:\/\/labochem.com.vn\/mua\/\"},{\"@type\":\"ListItem\",\"position\":3,\"name\":\"(Ti\u1ebfng Vi\u1ec7t) \u0110\u1ed2NG H\u1ed2 \u0110O \u0110I\u1ec6N TR\u1ede C\u00c1CH \u0110I\u1ec6N Model: 3123\"}]},{\"@type\":\"WebSite\",\"@id\":\"https:\/\/labochem.com.vn\/#website\",\"url\":\"https:\/\/labochem.com.vn\/\",\"name\":\"C\u00f4ng ty TNHH LABOCHEM Vi\u1ec7t Nam\",\"description\":\"M\u1ed9t trang web m\u1edbi s\u1eed d\u1ee5ng WordPress\",\"potentialAction\":[{\"@type\":\"SearchAction\",\"target\":{\"@type\":\"EntryPoint\",\"urlTemplate\":\"https:\/\/labochem.com.vn\/?s={search_term_string}\"},\"query-input\":\"required name=search_term_string\"}],\"inLanguage\":\"en-US\"}]}<\/script>\n<!-- \/ Yoast SEO plugin. -->","yoast_head_json":{"title":"[:vi]\u0110\u1ed2NG H\u1ed2 \u0110O \u0110I\u1ec6N TR\u1ede C\u00c1CH \u0110I\u1ec6N Model: 3123[:] - C\u00f4ng ty TNHH LABOCHEM Vi\u1ec7t Nam","robots":{"index":"index","follow":"follow","max-snippet":"max-snippet:-1","max-image-preview":"max-image-preview:large","max-video-preview":"max-video-preview:-1"},"canonical":"https:\/\/labochem.com.vn\/en\/s\u1ea3n ph\u1ea9m\/dong-ho-do-dien-tro-cach-dien-model-3123\/","og_locale":"en_US","og_type":"article","og_title":"[:vi]\u0110\u1ed2NG H\u1ed2 \u0110O \u0110I\u1ec6N TR\u1ede C\u00c1CH \u0110I\u1ec6N Model: 3123[:] - C\u00f4ng ty TNHH LABOCHEM Vi\u1ec7t Nam","og_description":"[:vi]\u0110\u1ed2NG H\u1ed2 \u0110O \u0110I\u1ec6N TR\u1ede C\u00c1CH \u0110I\u1ec6N   Model: 3123  \u0110i\u1ec7n \u00e1p \u0111\u1ecbnh m\u1ee9c: 250 V \/ 500 V \/ 1000 V \/ 2500 V  Ph\u1ea1m vi ki\u1ec3m tra:  250 V: 0,0 ~ 499M\u03a9;  500 V: 0,0 ~ M\u03a9;  1000 V: 0,0 ~ 19,9G \u03a9;  2500 V: 0,0 ~ 99,9G \u03a9  \u0110\u1ed9 ch\u00ednh x\u00e1c: \u00b1 5% \u0111\u1ecdc  DC \/ AC Ki\u1ec3m Tra: 30 ~ 600 V  \u0110\u1ed9 ph\u00e2n gi\u1ea3i: 1.0 V  B\u1ea3o v\u1ec7 qu\u00e1 t\u1ea3i: \u0110i\u1ec7n tr\u1edf c\u00e1ch \u0111i\u1ec7n: AC 1200 V \/ 10 gi\u00e2y v\u00e0 \u0111i\u1ec7n \u00e1p: AC 720V \/ 10 gi\u00e2y  \u0110i\u1ec7n \u00e1p kh\u00e1ng: AC8320(50\/60Hz) \/ 5 gi\u00e2y  \u0110i\u1ec7n tr\u1edf c\u00e1ch \u0111i\u1ec7n: 1000M\u03a9\/ DC1000V  \u0110\u1ed9 cao ho\u1ea1t \u0111\u1ed9ng \u0111\u1ec1 xu\u1ea5t: \u00cdt h\u01a1n 2000m  \u0110i\u1ec7n \u00e1p ho\u1ea1t \u0111\u1ed9ng: 12 V  Ngu\u1ed3n: 8 * 1.5 V Pin LR14 (bao g\u1ed3m)[:]","og_url":"https:\/\/labochem.com.vn\/en\/s\u1ea3n ph\u1ea9m\/dong-ho-do-dien-tro-cach-dien-model-3123\/","og_site_name":"C\u00f4ng ty TNHH LABOCHEM Vi\u1ec7t Nam","article_modified_time":"2020-05-06T09:17:00+00:00","og_image":[{"width":458,"height":480,"url":"https:\/\/labochem.com.vn\/wp-content\/uploads\/2020\/05\/GM3123-ANH-2.jpg","type":"image\/jpeg"}],"twitter_card":"summary_large_image","schema":{"@context":"https:\/\/schema.org","@graph":[{"@type":"WebPage","@id":"https:\/\/labochem.com.vn\/en\/s\u1ea3n ph\u1ea9m\/dong-ho-do-dien-tro-cach-dien-model-3123\/","url":"https:\/\/labochem.com.vn\/en\/s\u1ea3n ph\u1ea9m\/dong-ho-do-dien-tro-cach-dien-model-3123\/","name":"[:vi]\u0110\u1ed2NG H\u1ed2 \u0110O \u0110I\u1ec6N TR\u1ede C\u00c1CH \u0110I\u1ec6N Model: 3123[:] - C\u00f4ng ty TNHH LABOCHEM Vi\u1ec7t Nam","isPartOf":{"@id":"https:\/\/labochem.com.vn\/#website"},"primaryImageOfPage":{"@id":"https:\/\/labochem.com.vn\/en\/s\u1ea3n ph\u1ea9m\/dong-ho-do-dien-tro-cach-dien-model-3123\/#primaryimage"},"image":{"@id":"https:\/\/labochem.com.vn\/en\/s\u1ea3n ph\u1ea9m\/dong-ho-do-dien-tro-cach-dien-model-3123\/#primaryimage"},"thumbnailUrl":"https:\/\/labochem.com.vn\/wp-content\/uploads\/2020\/05\/GM3123-ANH-2.jpg","datePublished":"2020-05-06T07:43:51+00:00","dateModified":"2020-05-06T09:17:00+00:00","breadcrumb":{"@id":"https:\/\/labochem.com.vn\/en\/s\u1ea3n ph\u1ea9m\/dong-ho-do-dien-tro-cach-dien-model-3123\/#breadcrumb"},"inLanguage":"en-US","potentialAction":[{"@type":"ReadAction","target":["https:\/\/labochem.com.vn\/en\/s\u1ea3n ph\u1ea9m\/dong-ho-do-dien-tro-cach-dien-model-3123\/"]}]},{"@type":"ImageObject","inLanguage":"en-US","@id":"https:\/\/labochem.com.vn\/en\/s\u1ea3n ph\u1ea9m\/dong-ho-do-dien-tro-cach-dien-model-3123\/#primaryimage","url":"https:\/\/labochem.com.vn\/wp-content\/uploads\/2020\/05\/GM3123-ANH-2.jpg","contentUrl":"https:\/\/labochem.com.vn\/wp-content\/uploads\/2020\/05\/GM3123-ANH-2.jpg","width":458,"height":480},{"@type":"BreadcrumbList","@id":"https:\/\/labochem.com.vn\/en\/s\u1ea3n ph\u1ea9m\/dong-ho-do-dien-tro-cach-dien-model-3123\/#breadcrumb","itemListElement":[{"@type":"ListItem","position":1,"name":"Home","item":"https:\/\/labochem.com.vn\/"},{"@type":"ListItem","position":2,"name":"C\u1eeda h\u00e0ng","item":"https:\/\/labochem.com.vn\/mua\/"},{"@type":"ListItem","position":3,"name":"(Ti\u1ebfng Vi\u1ec7t) \u0110\u1ed2NG H\u1ed2 \u0110O \u0110I\u1ec6N TR\u1ede C\u00c1CH \u0110I\u1ec6N Model: 3123"}]},{"@type":"WebSite","@id":"https:\/\/labochem.com.vn\/#website","url":"https:\/\/labochem.com.vn\/","name":"C\u00f4ng ty TNHH LABOCHEM Vi\u1ec7t Nam","description":"M\u1ed9t trang web m\u1edbi s\u1eed d\u1ee5ng WordPress","potentialAction":[{"@type":"SearchAction","target":{"@type":"EntryPoint","urlTemplate":"https:\/\/labochem.com.vn\/?s={search_term_string}"},"query-input":"required name=search_term_string"}],"inLanguage":"en-US"}]}},"_links":{"self":[{"href":"https:\/\/labochem.com.vn\/en\/wp-json\/wp\/v2\/product\/302"}],"collection":[{"href":"https:\/\/labochem.com.vn\/en\/wp-json\/wp\/v2\/product"}],"about":[{"href":"https:\/\/labochem.com.vn\/en\/wp-json\/wp\/v2\/types\/product"}],"replies":[{"embeddable":true,"href":"https:\/\/labochem.com.vn\/en\/wp-json\/wp\/v2\/comments?post=302"}],"wp:featuredmedia":[{"embeddable":true,"href":"https:\/\/labochem.com.vn\/en\/wp-json\/wp\/v2\/media\/328"}],"wp:attachment":[{"href":"https:\/\/labochem.com.vn\/en\/wp-json\/wp\/v2\/media?parent=302"}],"wp:term":[{"taxonomy":"product_cat","embeddable":true,"href":"https:\/\/labochem.com.vn\/en\/wp-json\/wp\/v2\/product_cat?post=302"},{"taxonomy":"product_tag","embeddable":true,"href":"https:\/\/labochem.com.vn\/en\/wp-json\/wp\/v2\/product_tag?post=302"}],"curies":[{"name":"wp","href":"https:\/\/api.w.org\/{rel}","templated":true}]}}