{"id":282,"date":"2020-05-06T07:27:10","date_gmt":"2020-05-06T07:27:10","guid":{"rendered":"https:\/\/labochem.com.vn\/?post_type=product&#038;p=282"},"modified":"2023-01-06T08:52:59","modified_gmt":"2023-01-06T08:52:59","slug":"may-do-dien-tro-be-mat-model-wt311","status":"publish","type":"product","link":"https:\/\/labochem.com.vn\/en\/s\u1ea3n ph\u1ea9m\/may-do-dien-tro-be-mat-model-wt311\/","title":{"rendered":"(Ti\u1ebfng Vi\u1ec7t) M\u00c1Y \u0110O \u0110I\u1ec6N TR\u1ede B\u1ec0 M\u1eb6T  Model: WT311"},"content":{"rendered":"","protected":false},"excerpt":{"rendered":"<p class=\"qtranxs-available-languages-message qtranxs-available-languages-message-en\">Sorry, this entry is only available in <a href=\"https:\/\/labochem.com.vn\/vi\/wp-json\/wp\/v2\/product\/282\" class=\"qtranxs-available-language-link qtranxs-available-language-link-vi\" title=\"Ti\u1ebfng Vi\u1ec7t\">Ti\u1ebfng Vi\u1ec7t<\/a>.<\/p>\n","protected":false},"featured_media":283,"comment_status":"open","ping_status":"closed","template":"","meta":[],"product_cat":[28],"product_tag":[70],"yoast_head":"<!-- This site is optimized with the Yoast SEO plugin v22.6 - https:\/\/yoast.com\/wordpress\/plugins\/seo\/ -->\n<title><\/title>\n<meta name=\"robots\" content=\"index, follow, max-snippet:-1, max-image-preview:large, max-video-preview:-1\" \/>\n<link rel=\"canonical\" href=\"https:\/\/labochem.com.vn\/s\u1ea3n%20ph\u1ea9m\/may-do-dien-tro-be-mat-model-wt311\/\" \/>\n<meta property=\"og:locale\" content=\"en_US\" \/>\n<meta property=\"og:type\" content=\"article\" \/>\n<meta property=\"og:title\" content=\"[:vi]M\u00c1Y \u0110O \u0110I\u1ec6N TR\u1ede B\u1ec0 M\u1eb6T Model: WT311[:] - C\u00f4ng ty TNHH LABOCHEM Vi\u1ec7t Nam\" \/>\n<meta property=\"og:description\" content=\"[:vi]\u00a0  M\u00c1Y \u0110O \u0110I\u1ec6N TR\u1ede B\u1ec0 M\u1eb6T  Model: WT311  H\u00e3ng s\u1ea3n xu\u1ea5t: WINTACT  Ph\u1ea1m vi \u0111o: 0.1*103 \u2013 1.5*1012 \u03a9  \u0110\u1ed9 ch\u00ednh x\u00e1c: \u00b110%  Ph\u1ea1m vi nhi\u1ec7t \u0111\u1ed9: 0 ~ 500\u00a0\u2103  \u0110\u1ed9 ch\u00ednh x\u00e1c nhi\u1ec7t \u0111\u1ed9: \u00b12\u00a0\u2103  Pin : 9v  K\u00edch th\u01b0\u1edbc: 63.6*31*125.8mm  Tr\u1ecdng l\u01b0\u1ee3ng: 122g[:]\" \/>\n<meta property=\"og:url\" content=\"https:\/\/labochem.com.vn\/s\u1ea3n ph\u1ea9m\/may-do-dien-tro-be-mat-model-wt311\/\" \/>\n<meta property=\"og:site_name\" content=\"C\u00f4ng ty TNHH LABOCHEM Vi\u1ec7t Nam\" \/>\n<meta property=\"article:modified_time\" content=\"2023-01-06T08:52:59+00:00\" \/>\n<meta property=\"og:image\" content=\"https:\/\/labochem.com.vn\/wp-content\/uploads\/2020\/05\/WT311.jpg\" \/>\n\t<meta property=\"og:image:width\" content=\"1920\" \/>\n\t<meta property=\"og:image:height\" content=\"2560\" \/>\n\t<meta property=\"og:image:type\" content=\"image\/jpeg\" \/>\n<meta name=\"twitter:card\" content=\"summary_large_image\" \/>\n<script type=\"application\/ld+json\" class=\"yoast-schema-graph\">{\"@context\":\"https:\/\/schema.org\",\"@graph\":[{\"@type\":\"WebPage\",\"@id\":\"https:\/\/labochem.com.vn\/s\u1ea3n ph\u1ea9m\/may-do-dien-tro-be-mat-model-wt311\/\",\"url\":\"https:\/\/labochem.com.vn\/s\u1ea3n ph\u1ea9m\/may-do-dien-tro-be-mat-model-wt311\/\",\"name\":\"[:vi]M\u00c1Y \u0110O \u0110I\u1ec6N TR\u1ede B\u1ec0 M\u1eb6T Model: WT311[:] - C\u00f4ng ty TNHH LABOCHEM Vi\u1ec7t Nam\",\"isPartOf\":{\"@id\":\"https:\/\/labochem.com.vn\/#website\"},\"primaryImageOfPage\":{\"@id\":\"https:\/\/labochem.com.vn\/s\u1ea3n ph\u1ea9m\/may-do-dien-tro-be-mat-model-wt311\/#primaryimage\"},\"image\":{\"@id\":\"https:\/\/labochem.com.vn\/s\u1ea3n ph\u1ea9m\/may-do-dien-tro-be-mat-model-wt311\/#primaryimage\"},\"thumbnailUrl\":\"https:\/\/labochem.com.vn\/wp-content\/uploads\/2020\/05\/WT311.jpg\",\"datePublished\":\"2020-05-06T07:27:10+00:00\",\"dateModified\":\"2023-01-06T08:52:59+00:00\",\"breadcrumb\":{\"@id\":\"https:\/\/labochem.com.vn\/s\u1ea3n ph\u1ea9m\/may-do-dien-tro-be-mat-model-wt311\/#breadcrumb\"},\"inLanguage\":\"en-US\",\"potentialAction\":[{\"@type\":\"ReadAction\",\"target\":[\"https:\/\/labochem.com.vn\/s\u1ea3n ph\u1ea9m\/may-do-dien-tro-be-mat-model-wt311\/\"]}]},{\"@type\":\"ImageObject\",\"inLanguage\":\"en-US\",\"@id\":\"https:\/\/labochem.com.vn\/s\u1ea3n ph\u1ea9m\/may-do-dien-tro-be-mat-model-wt311\/#primaryimage\",\"url\":\"https:\/\/labochem.com.vn\/wp-content\/uploads\/2020\/05\/WT311.jpg\",\"contentUrl\":\"https:\/\/labochem.com.vn\/wp-content\/uploads\/2020\/05\/WT311.jpg\",\"width\":1920,\"height\":2560},{\"@type\":\"BreadcrumbList\",\"@id\":\"https:\/\/labochem.com.vn\/s\u1ea3n ph\u1ea9m\/may-do-dien-tro-be-mat-model-wt311\/#breadcrumb\",\"itemListElement\":[{\"@type\":\"ListItem\",\"position\":1,\"name\":\"Home\",\"item\":\"https:\/\/labochem.com.vn\/\"},{\"@type\":\"ListItem\",\"position\":2,\"name\":\"C\u1eeda h\u00e0ng\",\"item\":\"https:\/\/labochem.com.vn\/mua\/\"},{\"@type\":\"ListItem\",\"position\":3,\"name\":\"M\u00c1Y \u0110O \u0110I\u1ec6N TR\u1ede B\u1ec0 M\u1eb6T Model: WT311\"}]},{\"@type\":\"WebSite\",\"@id\":\"https:\/\/labochem.com.vn\/#website\",\"url\":\"https:\/\/labochem.com.vn\/\",\"name\":\"C\u00f4ng ty TNHH LABOCHEM Vi\u1ec7t Nam\",\"description\":\"M\u1ed9t trang web m\u1edbi s\u1eed d\u1ee5ng WordPress\",\"potentialAction\":[{\"@type\":\"SearchAction\",\"target\":{\"@type\":\"EntryPoint\",\"urlTemplate\":\"https:\/\/labochem.com.vn\/?s={search_term_string}\"},\"query-input\":\"required name=search_term_string\"}],\"inLanguage\":\"en-US\"}]}<\/script>\n<!-- \/ Yoast SEO plugin. -->","yoast_head_json":{"title":"[:vi]M\u00c1Y \u0110O \u0110I\u1ec6N TR\u1ede B\u1ec0 M\u1eb6T Model: WT311[:] - C\u00f4ng ty TNHH LABOCHEM Vi\u1ec7t Nam","robots":{"index":"index","follow":"follow","max-snippet":"max-snippet:-1","max-image-preview":"max-image-preview:large","max-video-preview":"max-video-preview:-1"},"canonical":"https:\/\/labochem.com.vn\/s\u1ea3n ph\u1ea9m\/may-do-dien-tro-be-mat-model-wt311\/","og_locale":"en_US","og_type":"article","og_title":"[:vi]M\u00c1Y \u0110O \u0110I\u1ec6N TR\u1ede B\u1ec0 M\u1eb6T Model: WT311[:] - C\u00f4ng ty TNHH LABOCHEM Vi\u1ec7t Nam","og_description":"[:vi]\u00a0  M\u00c1Y \u0110O \u0110I\u1ec6N TR\u1ede B\u1ec0 M\u1eb6T  Model: WT311  H\u00e3ng s\u1ea3n xu\u1ea5t: WINTACT  Ph\u1ea1m vi \u0111o: 0.1*103 \u2013 1.5*1012 \u03a9  \u0110\u1ed9 ch\u00ednh x\u00e1c: \u00b110%  Ph\u1ea1m vi nhi\u1ec7t \u0111\u1ed9: 0 ~ 500\u00a0\u2103  \u0110\u1ed9 ch\u00ednh x\u00e1c nhi\u1ec7t \u0111\u1ed9: \u00b12\u00a0\u2103  Pin : 9v  K\u00edch th\u01b0\u1edbc: 63.6*31*125.8mm  Tr\u1ecdng l\u01b0\u1ee3ng: 122g[:]","og_url":"https:\/\/labochem.com.vn\/s\u1ea3n ph\u1ea9m\/may-do-dien-tro-be-mat-model-wt311\/","og_site_name":"C\u00f4ng ty TNHH LABOCHEM Vi\u1ec7t Nam","article_modified_time":"2023-01-06T08:52:59+00:00","og_image":[{"width":1920,"height":2560,"url":"https:\/\/labochem.com.vn\/wp-content\/uploads\/2020\/05\/WT311.jpg","type":"image\/jpeg"}],"twitter_card":"summary_large_image","schema":{"@context":"https:\/\/schema.org","@graph":[{"@type":"WebPage","@id":"https:\/\/labochem.com.vn\/s\u1ea3n ph\u1ea9m\/may-do-dien-tro-be-mat-model-wt311\/","url":"https:\/\/labochem.com.vn\/s\u1ea3n ph\u1ea9m\/may-do-dien-tro-be-mat-model-wt311\/","name":"[:vi]M\u00c1Y \u0110O \u0110I\u1ec6N TR\u1ede B\u1ec0 M\u1eb6T Model: WT311[:] - C\u00f4ng ty TNHH LABOCHEM Vi\u1ec7t Nam","isPartOf":{"@id":"https:\/\/labochem.com.vn\/#website"},"primaryImageOfPage":{"@id":"https:\/\/labochem.com.vn\/s\u1ea3n ph\u1ea9m\/may-do-dien-tro-be-mat-model-wt311\/#primaryimage"},"image":{"@id":"https:\/\/labochem.com.vn\/s\u1ea3n ph\u1ea9m\/may-do-dien-tro-be-mat-model-wt311\/#primaryimage"},"thumbnailUrl":"https:\/\/labochem.com.vn\/wp-content\/uploads\/2020\/05\/WT311.jpg","datePublished":"2020-05-06T07:27:10+00:00","dateModified":"2023-01-06T08:52:59+00:00","breadcrumb":{"@id":"https:\/\/labochem.com.vn\/s\u1ea3n ph\u1ea9m\/may-do-dien-tro-be-mat-model-wt311\/#breadcrumb"},"inLanguage":"en-US","potentialAction":[{"@type":"ReadAction","target":["https:\/\/labochem.com.vn\/s\u1ea3n ph\u1ea9m\/may-do-dien-tro-be-mat-model-wt311\/"]}]},{"@type":"ImageObject","inLanguage":"en-US","@id":"https:\/\/labochem.com.vn\/s\u1ea3n ph\u1ea9m\/may-do-dien-tro-be-mat-model-wt311\/#primaryimage","url":"https:\/\/labochem.com.vn\/wp-content\/uploads\/2020\/05\/WT311.jpg","contentUrl":"https:\/\/labochem.com.vn\/wp-content\/uploads\/2020\/05\/WT311.jpg","width":1920,"height":2560},{"@type":"BreadcrumbList","@id":"https:\/\/labochem.com.vn\/s\u1ea3n ph\u1ea9m\/may-do-dien-tro-be-mat-model-wt311\/#breadcrumb","itemListElement":[{"@type":"ListItem","position":1,"name":"Home","item":"https:\/\/labochem.com.vn\/"},{"@type":"ListItem","position":2,"name":"C\u1eeda h\u00e0ng","item":"https:\/\/labochem.com.vn\/mua\/"},{"@type":"ListItem","position":3,"name":"M\u00c1Y \u0110O \u0110I\u1ec6N TR\u1ede B\u1ec0 M\u1eb6T Model: WT311"}]},{"@type":"WebSite","@id":"https:\/\/labochem.com.vn\/#website","url":"https:\/\/labochem.com.vn\/","name":"C\u00f4ng ty TNHH LABOCHEM Vi\u1ec7t Nam","description":"M\u1ed9t trang web m\u1edbi s\u1eed d\u1ee5ng WordPress","potentialAction":[{"@type":"SearchAction","target":{"@type":"EntryPoint","urlTemplate":"https:\/\/labochem.com.vn\/?s={search_term_string}"},"query-input":"required name=search_term_string"}],"inLanguage":"en-US"}]}},"_links":{"self":[{"href":"https:\/\/labochem.com.vn\/en\/wp-json\/wp\/v2\/product\/282"}],"collection":[{"href":"https:\/\/labochem.com.vn\/en\/wp-json\/wp\/v2\/product"}],"about":[{"href":"https:\/\/labochem.com.vn\/en\/wp-json\/wp\/v2\/types\/product"}],"replies":[{"embeddable":true,"href":"https:\/\/labochem.com.vn\/en\/wp-json\/wp\/v2\/comments?post=282"}],"wp:featuredmedia":[{"embeddable":true,"href":"https:\/\/labochem.com.vn\/en\/wp-json\/wp\/v2\/media\/283"}],"wp:attachment":[{"href":"https:\/\/labochem.com.vn\/en\/wp-json\/wp\/v2\/media?parent=282"}],"wp:term":[{"taxonomy":"product_cat","embeddable":true,"href":"https:\/\/labochem.com.vn\/en\/wp-json\/wp\/v2\/product_cat?post=282"},{"taxonomy":"product_tag","embeddable":true,"href":"https:\/\/labochem.com.vn\/en\/wp-json\/wp\/v2\/product_tag?post=282"}],"curies":[{"name":"wp","href":"https:\/\/api.w.org\/{rel}","templated":true}]}}