{"id":280,"date":"2020-05-06T07:25:15","date_gmt":"2020-05-06T07:25:15","guid":{"rendered":"https:\/\/labochem.com.vn\/?post_type=product&#038;p=280"},"modified":"2020-05-06T09:51:38","modified_gmt":"2020-05-06T09:51:38","slug":"may-do-buc-xa-dien-tu-model-gm3120","status":"publish","type":"product","link":"https:\/\/labochem.com.vn\/en\/s\u1ea3n ph\u1ea9m\/may-do-buc-xa-dien-tu-model-gm3120\/","title":{"rendered":"(Ti\u1ebfng Vi\u1ec7t) M\u00c1Y \u0110O B\u1ee8C X\u1ea0 \u0110I\u1ec6N T\u1eea  Model: GM3120"},"content":{"rendered":"","protected":false},"excerpt":{"rendered":"<p class=\"qtranxs-available-languages-message qtranxs-available-languages-message-en\">Sorry, this entry is only available in <a href=\"https:\/\/labochem.com.vn\/vi\/wp-json\/wp\/v2\/product\/280\" class=\"qtranxs-available-language-link qtranxs-available-language-link-vi\" title=\"Ti\u1ebfng Vi\u1ec7t\">Ti\u1ebfng Vi\u1ec7t<\/a>.<\/p>\n","protected":false},"featured_media":281,"comment_status":"open","ping_status":"closed","template":"","meta":[],"product_cat":[28],"product_tag":[69],"yoast_head":"<!-- This site is optimized with the Yoast SEO plugin v22.6 - https:\/\/yoast.com\/wordpress\/plugins\/seo\/ -->\n<title><\/title>\n<meta name=\"robots\" content=\"index, follow, max-snippet:-1, max-image-preview:large, max-video-preview:-1\" \/>\n<link rel=\"canonical\" href=\"https:\/\/labochem.com.vn\/en\/s\u1ea3n%20ph\u1ea9m\/may-do-buc-xa-dien-tu-model-gm3120\/\" \/>\n<meta property=\"og:locale\" content=\"en_US\" \/>\n<meta property=\"og:type\" content=\"article\" \/>\n<meta property=\"og:title\" content=\"[:vi]M\u00c1Y \u0110O B\u1ee8C X\u1ea0 \u0110I\u1ec6N T\u1eea Model: GM3120[:] - C\u00f4ng ty TNHH LABOCHEM Vi\u1ec7t Nam\" \/>\n<meta property=\"og:description\" content=\"[:vi]M\u00c1Y \u0110O B\u1ee8C X\u1ea0 \u0110I\u1ec6N T\u1eea  Model: GM3120  D\u1ea3i \u0111o: \u0110i\u1ec7n tr\u01b0\u1eddng: 1 ~ 1999V \/ m T\u1eeb tr\u01b0\u1eddng: 0,01 ~ 19,99  \u0110\u1ed9 ph\u00e2n gi\u1ea3i: \u0110i\u1ec7n tr\u01b0\u1eddng: 1V \/ m;\u00a0T\u1eeb tr\u01b0\u1eddng: 0.01  \u0110\u1ed9 ch\u00ednh x\u00e1c: \u0110i\u1ec7n tr\u01b0\u1eddng \u00b1 10V \/ m;\u00a0T\u1eeb tr\u01b0\u1eddng: \u00b1 0.2  D\u1ea3i t\u1ea7n s\u1ed1: 5HZ - 3500Mhz  K\u00edch th\u01b0\u1edbc: 63.6 * 31 * 125.8mm  Tr \u1ecdng l\u01b0 \u1ee3ng: 146g[:]\" \/>\n<meta property=\"og:url\" content=\"https:\/\/labochem.com.vn\/en\/s\u1ea3n ph\u1ea9m\/may-do-buc-xa-dien-tu-model-gm3120\/\" \/>\n<meta property=\"og:site_name\" content=\"C\u00f4ng ty TNHH LABOCHEM Vi\u1ec7t Nam\" \/>\n<meta property=\"article:modified_time\" content=\"2020-05-06T09:51:38+00:00\" \/>\n<meta property=\"og:image\" content=\"https:\/\/labochem.com.vn\/wp-content\/uploads\/2020\/05\/GM3120-1.jpg\" \/>\n\t<meta property=\"og:image:width\" content=\"416\" \/>\n\t<meta property=\"og:image:height\" content=\"400\" \/>\n\t<meta property=\"og:image:type\" content=\"image\/jpeg\" \/>\n<meta name=\"twitter:card\" content=\"summary_large_image\" \/>\n<script type=\"application\/ld+json\" class=\"yoast-schema-graph\">{\"@context\":\"https:\/\/schema.org\",\"@graph\":[{\"@type\":\"WebPage\",\"@id\":\"https:\/\/labochem.com.vn\/en\/s\u1ea3n ph\u1ea9m\/may-do-buc-xa-dien-tu-model-gm3120\/\",\"url\":\"https:\/\/labochem.com.vn\/en\/s\u1ea3n ph\u1ea9m\/may-do-buc-xa-dien-tu-model-gm3120\/\",\"name\":\"[:vi]M\u00c1Y \u0110O B\u1ee8C X\u1ea0 \u0110I\u1ec6N T\u1eea Model: GM3120[:] - C\u00f4ng ty TNHH LABOCHEM Vi\u1ec7t Nam\",\"isPartOf\":{\"@id\":\"https:\/\/labochem.com.vn\/#website\"},\"primaryImageOfPage\":{\"@id\":\"https:\/\/labochem.com.vn\/en\/s\u1ea3n ph\u1ea9m\/may-do-buc-xa-dien-tu-model-gm3120\/#primaryimage\"},\"image\":{\"@id\":\"https:\/\/labochem.com.vn\/en\/s\u1ea3n ph\u1ea9m\/may-do-buc-xa-dien-tu-model-gm3120\/#primaryimage\"},\"thumbnailUrl\":\"https:\/\/labochem.com.vn\/wp-content\/uploads\/2020\/05\/GM3120-1.jpg\",\"datePublished\":\"2020-05-06T07:25:15+00:00\",\"dateModified\":\"2020-05-06T09:51:38+00:00\",\"breadcrumb\":{\"@id\":\"https:\/\/labochem.com.vn\/en\/s\u1ea3n ph\u1ea9m\/may-do-buc-xa-dien-tu-model-gm3120\/#breadcrumb\"},\"inLanguage\":\"en-US\",\"potentialAction\":[{\"@type\":\"ReadAction\",\"target\":[\"https:\/\/labochem.com.vn\/en\/s\u1ea3n ph\u1ea9m\/may-do-buc-xa-dien-tu-model-gm3120\/\"]}]},{\"@type\":\"ImageObject\",\"inLanguage\":\"en-US\",\"@id\":\"https:\/\/labochem.com.vn\/en\/s\u1ea3n ph\u1ea9m\/may-do-buc-xa-dien-tu-model-gm3120\/#primaryimage\",\"url\":\"https:\/\/labochem.com.vn\/wp-content\/uploads\/2020\/05\/GM3120-1.jpg\",\"contentUrl\":\"https:\/\/labochem.com.vn\/wp-content\/uploads\/2020\/05\/GM3120-1.jpg\",\"width\":416,\"height\":400},{\"@type\":\"BreadcrumbList\",\"@id\":\"https:\/\/labochem.com.vn\/en\/s\u1ea3n ph\u1ea9m\/may-do-buc-xa-dien-tu-model-gm3120\/#breadcrumb\",\"itemListElement\":[{\"@type\":\"ListItem\",\"position\":1,\"name\":\"Home\",\"item\":\"https:\/\/labochem.com.vn\/\"},{\"@type\":\"ListItem\",\"position\":2,\"name\":\"C\u1eeda h\u00e0ng\",\"item\":\"https:\/\/labochem.com.vn\/mua\/\"},{\"@type\":\"ListItem\",\"position\":3,\"name\":\"(Ti\u1ebfng Vi\u1ec7t) M\u00c1Y \u0110O B\u1ee8C X\u1ea0 \u0110I\u1ec6N T\u1eea Model: GM3120\"}]},{\"@type\":\"WebSite\",\"@id\":\"https:\/\/labochem.com.vn\/#website\",\"url\":\"https:\/\/labochem.com.vn\/\",\"name\":\"C\u00f4ng ty TNHH LABOCHEM Vi\u1ec7t Nam\",\"description\":\"M\u1ed9t trang web m\u1edbi s\u1eed d\u1ee5ng WordPress\",\"potentialAction\":[{\"@type\":\"SearchAction\",\"target\":{\"@type\":\"EntryPoint\",\"urlTemplate\":\"https:\/\/labochem.com.vn\/?s={search_term_string}\"},\"query-input\":\"required name=search_term_string\"}],\"inLanguage\":\"en-US\"}]}<\/script>\n<!-- \/ Yoast SEO plugin. -->","yoast_head_json":{"title":"[:vi]M\u00c1Y \u0110O B\u1ee8C X\u1ea0 \u0110I\u1ec6N T\u1eea Model: GM3120[:] - C\u00f4ng ty TNHH LABOCHEM Vi\u1ec7t Nam","robots":{"index":"index","follow":"follow","max-snippet":"max-snippet:-1","max-image-preview":"max-image-preview:large","max-video-preview":"max-video-preview:-1"},"canonical":"https:\/\/labochem.com.vn\/en\/s\u1ea3n ph\u1ea9m\/may-do-buc-xa-dien-tu-model-gm3120\/","og_locale":"en_US","og_type":"article","og_title":"[:vi]M\u00c1Y \u0110O B\u1ee8C X\u1ea0 \u0110I\u1ec6N T\u1eea Model: GM3120[:] - C\u00f4ng ty TNHH LABOCHEM Vi\u1ec7t Nam","og_description":"[:vi]M\u00c1Y \u0110O B\u1ee8C X\u1ea0 \u0110I\u1ec6N T\u1eea  Model: GM3120  D\u1ea3i \u0111o: \u0110i\u1ec7n tr\u01b0\u1eddng: 1 ~ 1999V \/ m T\u1eeb tr\u01b0\u1eddng: 0,01 ~ 19,99  \u0110\u1ed9 ph\u00e2n gi\u1ea3i: \u0110i\u1ec7n tr\u01b0\u1eddng: 1V \/ m;\u00a0T\u1eeb tr\u01b0\u1eddng: 0.01  \u0110\u1ed9 ch\u00ednh x\u00e1c: \u0110i\u1ec7n tr\u01b0\u1eddng \u00b1 10V \/ m;\u00a0T\u1eeb tr\u01b0\u1eddng: \u00b1 0.2  D\u1ea3i t\u1ea7n s\u1ed1: 5HZ - 3500Mhz  K\u00edch th\u01b0\u1edbc: 63.6 * 31 * 125.8mm  Tr \u1ecdng l\u01b0 \u1ee3ng: 146g[:]","og_url":"https:\/\/labochem.com.vn\/en\/s\u1ea3n ph\u1ea9m\/may-do-buc-xa-dien-tu-model-gm3120\/","og_site_name":"C\u00f4ng ty TNHH LABOCHEM Vi\u1ec7t Nam","article_modified_time":"2020-05-06T09:51:38+00:00","og_image":[{"width":416,"height":400,"url":"https:\/\/labochem.com.vn\/wp-content\/uploads\/2020\/05\/GM3120-1.jpg","type":"image\/jpeg"}],"twitter_card":"summary_large_image","schema":{"@context":"https:\/\/schema.org","@graph":[{"@type":"WebPage","@id":"https:\/\/labochem.com.vn\/en\/s\u1ea3n ph\u1ea9m\/may-do-buc-xa-dien-tu-model-gm3120\/","url":"https:\/\/labochem.com.vn\/en\/s\u1ea3n ph\u1ea9m\/may-do-buc-xa-dien-tu-model-gm3120\/","name":"[:vi]M\u00c1Y \u0110O B\u1ee8C X\u1ea0 \u0110I\u1ec6N T\u1eea Model: GM3120[:] - C\u00f4ng ty TNHH LABOCHEM Vi\u1ec7t Nam","isPartOf":{"@id":"https:\/\/labochem.com.vn\/#website"},"primaryImageOfPage":{"@id":"https:\/\/labochem.com.vn\/en\/s\u1ea3n ph\u1ea9m\/may-do-buc-xa-dien-tu-model-gm3120\/#primaryimage"},"image":{"@id":"https:\/\/labochem.com.vn\/en\/s\u1ea3n ph\u1ea9m\/may-do-buc-xa-dien-tu-model-gm3120\/#primaryimage"},"thumbnailUrl":"https:\/\/labochem.com.vn\/wp-content\/uploads\/2020\/05\/GM3120-1.jpg","datePublished":"2020-05-06T07:25:15+00:00","dateModified":"2020-05-06T09:51:38+00:00","breadcrumb":{"@id":"https:\/\/labochem.com.vn\/en\/s\u1ea3n ph\u1ea9m\/may-do-buc-xa-dien-tu-model-gm3120\/#breadcrumb"},"inLanguage":"en-US","potentialAction":[{"@type":"ReadAction","target":["https:\/\/labochem.com.vn\/en\/s\u1ea3n ph\u1ea9m\/may-do-buc-xa-dien-tu-model-gm3120\/"]}]},{"@type":"ImageObject","inLanguage":"en-US","@id":"https:\/\/labochem.com.vn\/en\/s\u1ea3n ph\u1ea9m\/may-do-buc-xa-dien-tu-model-gm3120\/#primaryimage","url":"https:\/\/labochem.com.vn\/wp-content\/uploads\/2020\/05\/GM3120-1.jpg","contentUrl":"https:\/\/labochem.com.vn\/wp-content\/uploads\/2020\/05\/GM3120-1.jpg","width":416,"height":400},{"@type":"BreadcrumbList","@id":"https:\/\/labochem.com.vn\/en\/s\u1ea3n ph\u1ea9m\/may-do-buc-xa-dien-tu-model-gm3120\/#breadcrumb","itemListElement":[{"@type":"ListItem","position":1,"name":"Home","item":"https:\/\/labochem.com.vn\/"},{"@type":"ListItem","position":2,"name":"C\u1eeda h\u00e0ng","item":"https:\/\/labochem.com.vn\/mua\/"},{"@type":"ListItem","position":3,"name":"(Ti\u1ebfng Vi\u1ec7t) M\u00c1Y \u0110O B\u1ee8C X\u1ea0 \u0110I\u1ec6N T\u1eea Model: GM3120"}]},{"@type":"WebSite","@id":"https:\/\/labochem.com.vn\/#website","url":"https:\/\/labochem.com.vn\/","name":"C\u00f4ng ty TNHH LABOCHEM Vi\u1ec7t Nam","description":"M\u1ed9t trang web m\u1edbi s\u1eed d\u1ee5ng WordPress","potentialAction":[{"@type":"SearchAction","target":{"@type":"EntryPoint","urlTemplate":"https:\/\/labochem.com.vn\/?s={search_term_string}"},"query-input":"required name=search_term_string"}],"inLanguage":"en-US"}]}},"_links":{"self":[{"href":"https:\/\/labochem.com.vn\/en\/wp-json\/wp\/v2\/product\/280"}],"collection":[{"href":"https:\/\/labochem.com.vn\/en\/wp-json\/wp\/v2\/product"}],"about":[{"href":"https:\/\/labochem.com.vn\/en\/wp-json\/wp\/v2\/types\/product"}],"replies":[{"embeddable":true,"href":"https:\/\/labochem.com.vn\/en\/wp-json\/wp\/v2\/comments?post=280"}],"wp:featuredmedia":[{"embeddable":true,"href":"https:\/\/labochem.com.vn\/en\/wp-json\/wp\/v2\/media\/281"}],"wp:attachment":[{"href":"https:\/\/labochem.com.vn\/en\/wp-json\/wp\/v2\/media?parent=280"}],"wp:term":[{"taxonomy":"product_cat","embeddable":true,"href":"https:\/\/labochem.com.vn\/en\/wp-json\/wp\/v2\/product_cat?post=280"},{"taxonomy":"product_tag","embeddable":true,"href":"https:\/\/labochem.com.vn\/en\/wp-json\/wp\/v2\/product_tag?post=280"}],"curies":[{"name":"wp","href":"https:\/\/api.w.org\/{rel}","templated":true}]}}