{"id":251,"date":"2020-05-06T04:27:39","date_gmt":"2020-05-06T04:27:39","guid":{"rendered":"http:\/\/labochem.com.vn\/?post_type=product&#038;p=251"},"modified":"2020-05-16T08:51:24","modified_gmt":"2020-05-16T08:51:24","slug":"may-do-nhiet-do-va-do-am-model-gm-1360","status":"publish","type":"product","link":"https:\/\/labochem.com.vn\/en\/s\u1ea3n ph\u1ea9m\/may-do-nhiet-do-va-do-am-model-gm-1360\/","title":{"rendered":"(Ti\u1ebfng Vi\u1ec7t) M\u00c1Y \u0110O NHI\u1ec6T \u0110\u1ed8 V\u00c0 \u0110\u1ed8 \u1ea8M Model: GM 1360"},"content":{"rendered":"","protected":false},"excerpt":{"rendered":"<p class=\"qtranxs-available-languages-message qtranxs-available-languages-message-en\">Sorry, this entry is only available in <a href=\"https:\/\/labochem.com.vn\/vi\/wp-json\/wp\/v2\/product\/251\" class=\"qtranxs-available-language-link qtranxs-available-language-link-vi\" title=\"Ti\u1ebfng Vi\u1ec7t\">Ti\u1ebfng Vi\u1ec7t<\/a>.<\/p>\n","protected":false},"featured_media":238,"comment_status":"open","ping_status":"closed","template":"","meta":[],"product_cat":[30],"product_tag":[64],"yoast_head":"<!-- This site is optimized with the Yoast SEO plugin v22.6 - https:\/\/yoast.com\/wordpress\/plugins\/seo\/ -->\n<title><\/title>\n<meta name=\"robots\" content=\"index, follow, max-snippet:-1, max-image-preview:large, max-video-preview:-1\" \/>\n<link rel=\"canonical\" href=\"https:\/\/labochem.com.vn\/s\u1ea3n%20ph\u1ea9m\/may-do-nhiet-do-va-do-am-model-gm-1360\/\" \/>\n<meta property=\"og:locale\" content=\"en_US\" \/>\n<meta property=\"og:type\" content=\"article\" \/>\n<meta property=\"og:title\" content=\"[:vi]M\u00c1Y \u0110O NHI\u1ec6T \u0110\u1ed8 V\u00c0 \u0110\u1ed8 \u1ea8M Model: GM 1360[:] - C\u00f4ng ty TNHH LABOCHEM Vi\u1ec7t Nam\" \/>\n<meta property=\"og:description\" content=\"[:vi]M\u00e1y \u0111o nhi\u1ec7t \u0111\u1ed9 v\u00e0 \u0111\u1ed9 \u1ea9m  Model: GM1360 M\u00e1y \u0111o nhi\u1ec7t \u0111\u1ed9 v\u00e0 \u0111\u1ed9 \u1ea9m GM 1360\u00a0l\u00e0 m\u00e1y \u0111o \u0111\u1ed9 \u1ea9m v\u00e0 nhi\u1ec7t \u0111\u1ed9 k\u1ef9 thu\u1eadt s\u1ed1 cho ra k\u1ebft qu\u1ea3 ch\u00ednh x\u00e1c. T\u00edch h\u1ee3p nhi\u1ec1u t\u00ednh n\u0103ng v\u00e0 c\u00f3 \u0111\u1ed9 b\u1ec1n cao n\u00ean m\u00e1y \u0111\u01b0\u1ee3c s\u1eed d\u1ee5ng r\u1ed9ng r\u00e3i v\u00e0 ph\u1ed5 bi\u1ebfn trong c\u00e1c nh\u00e0 m\u00e1y, ph\u00f2ng th\u00ed nghi\u1ec7m,...  Th\u00f4ng s\u1ed1 k\u1ef9 thu\u1eadt c\u1ee7a m\u00e1y \u0111o nhi\u1ec7t \u0111\u1ed9 v\u00e0 \u0111\u1ed9 \u1ea9m GM 1360:   Nhi\u1ec7t \u0111\u1ed9 ho\u1ea1t \u0111\u1ed9ng: :-10~50\u2103\/ 14~122\u2109  \u0110\u1ed9 ph\u00e2n gi\u1ea3i nhi\u1ec7t \u0111\u1ed9: 1\u2103\/1.8\u2103  \u0110\u1ed9 \u1ea9m ho\u1ea1t \u0111\u1ed9ng: 5%RH ~ 98%RH  \u0110\u1ed9 ph\u00e2m gi\u1ea3i \u0111\u1ed9 \u1ea9m: 0.1%RH  T\u1ed1c \u0111\u1ed9 l\u1ea5y m\u1eabu: 2.5 l\u1ea7n\/s  Nhi\u1ec7t \u0111\u1ed9, \u0111\u1ed9 \u1ea9m l\u00e0m vi\u1ec7c: 0~50\u2103 \/32~122\u2109, 0%RH ~ 90%RH  Nhi\u1ec7t \u0111\u1ed9 l\u01b0u tr\u1eef: -10~60\u2103  Ngu\u1ed3n pin: 1*9V  K\u00edch th\u01b0\u1edbc: 26.5*20.5*4 cm  Tr\u1ecdng l\u01b0\u1ee3ng: 200g [:]\" \/>\n<meta property=\"og:url\" content=\"https:\/\/labochem.com.vn\/s\u1ea3n ph\u1ea9m\/may-do-nhiet-do-va-do-am-model-gm-1360\/\" \/>\n<meta property=\"og:site_name\" content=\"C\u00f4ng ty TNHH LABOCHEM Vi\u1ec7t Nam\" \/>\n<meta property=\"article:modified_time\" content=\"2020-05-16T08:51:24+00:00\" \/>\n<meta property=\"og:image\" content=\"https:\/\/labochem.com.vn\/wp-content\/uploads\/2020\/05\/GM1360-E.jpg\" \/>\n\t<meta property=\"og:image:width\" content=\"2289\" \/>\n\t<meta property=\"og:image:height\" content=\"2502\" \/>\n\t<meta property=\"og:image:type\" content=\"image\/jpeg\" \/>\n<meta name=\"twitter:card\" content=\"summary_large_image\" \/>\n<script type=\"application\/ld+json\" class=\"yoast-schema-graph\">{\"@context\":\"https:\/\/schema.org\",\"@graph\":[{\"@type\":\"WebPage\",\"@id\":\"https:\/\/labochem.com.vn\/s\u1ea3n ph\u1ea9m\/may-do-nhiet-do-va-do-am-model-gm-1360\/\",\"url\":\"https:\/\/labochem.com.vn\/s\u1ea3n ph\u1ea9m\/may-do-nhiet-do-va-do-am-model-gm-1360\/\",\"name\":\"[:vi]M\u00c1Y \u0110O NHI\u1ec6T \u0110\u1ed8 V\u00c0 \u0110\u1ed8 \u1ea8M Model: GM 1360[:] - C\u00f4ng ty TNHH LABOCHEM Vi\u1ec7t Nam\",\"isPartOf\":{\"@id\":\"https:\/\/labochem.com.vn\/#website\"},\"primaryImageOfPage\":{\"@id\":\"https:\/\/labochem.com.vn\/s\u1ea3n ph\u1ea9m\/may-do-nhiet-do-va-do-am-model-gm-1360\/#primaryimage\"},\"image\":{\"@id\":\"https:\/\/labochem.com.vn\/s\u1ea3n ph\u1ea9m\/may-do-nhiet-do-va-do-am-model-gm-1360\/#primaryimage\"},\"thumbnailUrl\":\"https:\/\/labochem.com.vn\/wp-content\/uploads\/2020\/05\/GM1360-E.jpg\",\"datePublished\":\"2020-05-06T04:27:39+00:00\",\"dateModified\":\"2020-05-16T08:51:24+00:00\",\"breadcrumb\":{\"@id\":\"https:\/\/labochem.com.vn\/s\u1ea3n ph\u1ea9m\/may-do-nhiet-do-va-do-am-model-gm-1360\/#breadcrumb\"},\"inLanguage\":\"en-US\",\"potentialAction\":[{\"@type\":\"ReadAction\",\"target\":[\"https:\/\/labochem.com.vn\/s\u1ea3n ph\u1ea9m\/may-do-nhiet-do-va-do-am-model-gm-1360\/\"]}]},{\"@type\":\"ImageObject\",\"inLanguage\":\"en-US\",\"@id\":\"https:\/\/labochem.com.vn\/s\u1ea3n ph\u1ea9m\/may-do-nhiet-do-va-do-am-model-gm-1360\/#primaryimage\",\"url\":\"https:\/\/labochem.com.vn\/wp-content\/uploads\/2020\/05\/GM1360-E.jpg\",\"contentUrl\":\"https:\/\/labochem.com.vn\/wp-content\/uploads\/2020\/05\/GM1360-E.jpg\",\"width\":2289,\"height\":2502},{\"@type\":\"BreadcrumbList\",\"@id\":\"https:\/\/labochem.com.vn\/s\u1ea3n ph\u1ea9m\/may-do-nhiet-do-va-do-am-model-gm-1360\/#breadcrumb\",\"itemListElement\":[{\"@type\":\"ListItem\",\"position\":1,\"name\":\"Home\",\"item\":\"https:\/\/labochem.com.vn\/\"},{\"@type\":\"ListItem\",\"position\":2,\"name\":\"C\u1eeda h\u00e0ng\",\"item\":\"https:\/\/labochem.com.vn\/mua\/\"},{\"@type\":\"ListItem\",\"position\":3,\"name\":\"M\u00c1Y \u0110O NHI\u1ec6T \u0110\u1ed8 V\u00c0 \u0110\u1ed8 \u1ea8M Model: GM 1360\"}]},{\"@type\":\"WebSite\",\"@id\":\"https:\/\/labochem.com.vn\/#website\",\"url\":\"https:\/\/labochem.com.vn\/\",\"name\":\"C\u00f4ng ty TNHH LABOCHEM Vi\u1ec7t Nam\",\"description\":\"M\u1ed9t trang web m\u1edbi s\u1eed d\u1ee5ng WordPress\",\"potentialAction\":[{\"@type\":\"SearchAction\",\"target\":{\"@type\":\"EntryPoint\",\"urlTemplate\":\"https:\/\/labochem.com.vn\/?s={search_term_string}\"},\"query-input\":\"required name=search_term_string\"}],\"inLanguage\":\"en-US\"}]}<\/script>\n<!-- \/ Yoast SEO plugin. -->","yoast_head_json":{"title":"[:vi]M\u00c1Y \u0110O NHI\u1ec6T \u0110\u1ed8 V\u00c0 \u0110\u1ed8 \u1ea8M Model: GM 1360[:] - C\u00f4ng ty TNHH LABOCHEM Vi\u1ec7t Nam","robots":{"index":"index","follow":"follow","max-snippet":"max-snippet:-1","max-image-preview":"max-image-preview:large","max-video-preview":"max-video-preview:-1"},"canonical":"https:\/\/labochem.com.vn\/s\u1ea3n ph\u1ea9m\/may-do-nhiet-do-va-do-am-model-gm-1360\/","og_locale":"en_US","og_type":"article","og_title":"[:vi]M\u00c1Y \u0110O NHI\u1ec6T \u0110\u1ed8 V\u00c0 \u0110\u1ed8 \u1ea8M Model: GM 1360[:] - C\u00f4ng ty TNHH LABOCHEM Vi\u1ec7t Nam","og_description":"[:vi]M\u00e1y \u0111o nhi\u1ec7t \u0111\u1ed9 v\u00e0 \u0111\u1ed9 \u1ea9m  Model: GM1360 M\u00e1y \u0111o nhi\u1ec7t \u0111\u1ed9 v\u00e0 \u0111\u1ed9 \u1ea9m GM 1360\u00a0l\u00e0 m\u00e1y \u0111o \u0111\u1ed9 \u1ea9m v\u00e0 nhi\u1ec7t \u0111\u1ed9 k\u1ef9 thu\u1eadt s\u1ed1 cho ra k\u1ebft qu\u1ea3 ch\u00ednh x\u00e1c. T\u00edch h\u1ee3p nhi\u1ec1u t\u00ednh n\u0103ng v\u00e0 c\u00f3 \u0111\u1ed9 b\u1ec1n cao n\u00ean m\u00e1y \u0111\u01b0\u1ee3c s\u1eed d\u1ee5ng r\u1ed9ng r\u00e3i v\u00e0 ph\u1ed5 bi\u1ebfn trong c\u00e1c nh\u00e0 m\u00e1y, ph\u00f2ng th\u00ed nghi\u1ec7m,...  Th\u00f4ng s\u1ed1 k\u1ef9 thu\u1eadt c\u1ee7a m\u00e1y \u0111o nhi\u1ec7t \u0111\u1ed9 v\u00e0 \u0111\u1ed9 \u1ea9m GM 1360:   Nhi\u1ec7t \u0111\u1ed9 ho\u1ea1t \u0111\u1ed9ng: :-10~50\u2103\/ 14~122\u2109  \u0110\u1ed9 ph\u00e2n gi\u1ea3i nhi\u1ec7t \u0111\u1ed9: 1\u2103\/1.8\u2103  \u0110\u1ed9 \u1ea9m ho\u1ea1t \u0111\u1ed9ng: 5%RH ~ 98%RH  \u0110\u1ed9 ph\u00e2m gi\u1ea3i \u0111\u1ed9 \u1ea9m: 0.1%RH  T\u1ed1c \u0111\u1ed9 l\u1ea5y m\u1eabu: 2.5 l\u1ea7n\/s  Nhi\u1ec7t \u0111\u1ed9, \u0111\u1ed9 \u1ea9m l\u00e0m vi\u1ec7c: 0~50\u2103 \/32~122\u2109, 0%RH ~ 90%RH  Nhi\u1ec7t \u0111\u1ed9 l\u01b0u tr\u1eef: -10~60\u2103  Ngu\u1ed3n pin: 1*9V  K\u00edch th\u01b0\u1edbc: 26.5*20.5*4 cm  Tr\u1ecdng l\u01b0\u1ee3ng: 200g [:]","og_url":"https:\/\/labochem.com.vn\/s\u1ea3n ph\u1ea9m\/may-do-nhiet-do-va-do-am-model-gm-1360\/","og_site_name":"C\u00f4ng ty TNHH LABOCHEM Vi\u1ec7t Nam","article_modified_time":"2020-05-16T08:51:24+00:00","og_image":[{"width":2289,"height":2502,"url":"https:\/\/labochem.com.vn\/wp-content\/uploads\/2020\/05\/GM1360-E.jpg","type":"image\/jpeg"}],"twitter_card":"summary_large_image","schema":{"@context":"https:\/\/schema.org","@graph":[{"@type":"WebPage","@id":"https:\/\/labochem.com.vn\/s\u1ea3n ph\u1ea9m\/may-do-nhiet-do-va-do-am-model-gm-1360\/","url":"https:\/\/labochem.com.vn\/s\u1ea3n ph\u1ea9m\/may-do-nhiet-do-va-do-am-model-gm-1360\/","name":"[:vi]M\u00c1Y \u0110O NHI\u1ec6T \u0110\u1ed8 V\u00c0 \u0110\u1ed8 \u1ea8M Model: GM 1360[:] - C\u00f4ng ty TNHH LABOCHEM Vi\u1ec7t Nam","isPartOf":{"@id":"https:\/\/labochem.com.vn\/#website"},"primaryImageOfPage":{"@id":"https:\/\/labochem.com.vn\/s\u1ea3n ph\u1ea9m\/may-do-nhiet-do-va-do-am-model-gm-1360\/#primaryimage"},"image":{"@id":"https:\/\/labochem.com.vn\/s\u1ea3n ph\u1ea9m\/may-do-nhiet-do-va-do-am-model-gm-1360\/#primaryimage"},"thumbnailUrl":"https:\/\/labochem.com.vn\/wp-content\/uploads\/2020\/05\/GM1360-E.jpg","datePublished":"2020-05-06T04:27:39+00:00","dateModified":"2020-05-16T08:51:24+00:00","breadcrumb":{"@id":"https:\/\/labochem.com.vn\/s\u1ea3n ph\u1ea9m\/may-do-nhiet-do-va-do-am-model-gm-1360\/#breadcrumb"},"inLanguage":"en-US","potentialAction":[{"@type":"ReadAction","target":["https:\/\/labochem.com.vn\/s\u1ea3n ph\u1ea9m\/may-do-nhiet-do-va-do-am-model-gm-1360\/"]}]},{"@type":"ImageObject","inLanguage":"en-US","@id":"https:\/\/labochem.com.vn\/s\u1ea3n ph\u1ea9m\/may-do-nhiet-do-va-do-am-model-gm-1360\/#primaryimage","url":"https:\/\/labochem.com.vn\/wp-content\/uploads\/2020\/05\/GM1360-E.jpg","contentUrl":"https:\/\/labochem.com.vn\/wp-content\/uploads\/2020\/05\/GM1360-E.jpg","width":2289,"height":2502},{"@type":"BreadcrumbList","@id":"https:\/\/labochem.com.vn\/s\u1ea3n ph\u1ea9m\/may-do-nhiet-do-va-do-am-model-gm-1360\/#breadcrumb","itemListElement":[{"@type":"ListItem","position":1,"name":"Home","item":"https:\/\/labochem.com.vn\/"},{"@type":"ListItem","position":2,"name":"C\u1eeda h\u00e0ng","item":"https:\/\/labochem.com.vn\/mua\/"},{"@type":"ListItem","position":3,"name":"M\u00c1Y \u0110O NHI\u1ec6T \u0110\u1ed8 V\u00c0 \u0110\u1ed8 \u1ea8M Model: GM 1360"}]},{"@type":"WebSite","@id":"https:\/\/labochem.com.vn\/#website","url":"https:\/\/labochem.com.vn\/","name":"C\u00f4ng ty TNHH LABOCHEM Vi\u1ec7t Nam","description":"M\u1ed9t trang web m\u1edbi s\u1eed d\u1ee5ng WordPress","potentialAction":[{"@type":"SearchAction","target":{"@type":"EntryPoint","urlTemplate":"https:\/\/labochem.com.vn\/?s={search_term_string}"},"query-input":"required name=search_term_string"}],"inLanguage":"en-US"}]}},"_links":{"self":[{"href":"https:\/\/labochem.com.vn\/en\/wp-json\/wp\/v2\/product\/251"}],"collection":[{"href":"https:\/\/labochem.com.vn\/en\/wp-json\/wp\/v2\/product"}],"about":[{"href":"https:\/\/labochem.com.vn\/en\/wp-json\/wp\/v2\/types\/product"}],"replies":[{"embeddable":true,"href":"https:\/\/labochem.com.vn\/en\/wp-json\/wp\/v2\/comments?post=251"}],"wp:featuredmedia":[{"embeddable":true,"href":"https:\/\/labochem.com.vn\/en\/wp-json\/wp\/v2\/media\/238"}],"wp:attachment":[{"href":"https:\/\/labochem.com.vn\/en\/wp-json\/wp\/v2\/media?parent=251"}],"wp:term":[{"taxonomy":"product_cat","embeddable":true,"href":"https:\/\/labochem.com.vn\/en\/wp-json\/wp\/v2\/product_cat?post=251"},{"taxonomy":"product_tag","embeddable":true,"href":"https:\/\/labochem.com.vn\/en\/wp-json\/wp\/v2\/product_tag?post=251"}],"curies":[{"name":"wp","href":"https:\/\/api.w.org\/{rel}","templated":true}]}}