{"id":246,"date":"2020-05-06T04:23:22","date_gmt":"2020-05-06T04:23:22","guid":{"rendered":"http:\/\/labochem.com.vn\/?post_type=product&#038;p=246"},"modified":"2020-05-16T07:45:03","modified_gmt":"2020-05-16T07:45:03","slug":"may-do-do-day-lop-phu-model-gm-210","status":"publish","type":"product","link":"https:\/\/labochem.com.vn\/en\/s\u1ea3n ph\u1ea9m\/may-do-do-day-lop-phu-model-gm-210\/","title":{"rendered":"(Ti\u1ebfng Vi\u1ec7t) M\u00c1Y \u0110O \u0110\u1ed8 D\u00c0Y L\u1edaP PH\u1ee6  Model: GM 210"},"content":{"rendered":"","protected":false},"excerpt":{"rendered":"<p class=\"qtranxs-available-languages-message qtranxs-available-languages-message-en\">Sorry, this entry is only available in <a href=\"https:\/\/labochem.com.vn\/vi\/wp-json\/wp\/v2\/product\/246\" class=\"qtranxs-available-language-link qtranxs-available-language-link-vi\" title=\"Ti\u1ebfng Vi\u1ec7t\">Ti\u1ebfng Vi\u1ec7t<\/a>.<\/p>\n","protected":false},"featured_media":248,"comment_status":"open","ping_status":"closed","template":"","meta":[],"product_cat":[31],"product_tag":[67],"yoast_head":"<!-- This site is optimized with the Yoast SEO plugin v22.6 - https:\/\/yoast.com\/wordpress\/plugins\/seo\/ -->\n<title><\/title>\n<meta name=\"robots\" content=\"index, follow, max-snippet:-1, max-image-preview:large, max-video-preview:-1\" \/>\n<link rel=\"canonical\" href=\"https:\/\/labochem.com.vn\/en\/s\u1ea3n%20ph\u1ea9m\/may-do-do-day-lop-phu-model-gm-210\/\" \/>\n<meta property=\"og:locale\" content=\"en_US\" \/>\n<meta property=\"og:type\" content=\"article\" \/>\n<meta property=\"og:title\" content=\"[:vi]M\u00c1Y \u0110O \u0110\u1ed8 D\u00c0Y L\u1edaP PH\u1ee6 Model: GM 210[:] - C\u00f4ng ty TNHH LABOCHEM Vi\u1ec7t Nam\" \/>\n<meta property=\"og:description\" content=\"[:vi]M\u00e1y \u0111o \u0111\u1ed9 d\u00e0y l\u1edbp ph\u1ee7  Model: GM210 M\u00e1y \u0111o \u0111\u1ed9 d\u00e0y v\u1eadt li\u1ec7u\u00a0l\u00e0 thi\u1ebft b\u1ecb gi\u00fap \u0111o \u0111\u1ed9 d\u00e0y l\u1edbp ph\u1ee7 c\u1ee7a v\u1eadt li\u1ec7u kh\u00f4ng t\u1eeb t\u00ednh \u0111\u01b0\u1ee3c \u1ee9ng d\u1ee5ng \u0111\u1ec3 \u0111o \u0111\u1ed9 d\u00e0y l\u1edbp s\u01a1n, l\u1edbp ph\u1ee7, l\u1edbp m\u1ea1 ngo\u00e0i b\u1ea3o v\u1ec7 v\u1eadt li\u1ec7u, cho ph\u00e9p x\u00e1c \u0111\u1ecbnh ch\u1ea5t l\u01b0\u1ee3ng c\u1ee7a l\u1edbp ph\u1ee7 m\u00e0 kh\u00f4ng l\u00e0m \u1ea3nh h\u01b0\u1edfng \u0111\u1ebfn b\u1ec1 m\u1eb7t s\u01a1n ph\u1ee7 trong qu\u00e1 tr\u00ecnh \u0111o \u0111\u1ea1c.  M\u00e1y \u0111o \u0111\u1ed9 d\u00e0y l\u1edbp ph\u1ee7 Benetech GM210 l\u00e0 m\u1ed9t m\u00e1y \u0111o \u0111\u1ed9 d\u00e0y l\u1edbp ph\u1ee7 b\u1ea3o v\u1ec7 cho ph\u00e9p \u0111o nhanh, ch\u00ednh x\u00e1c v\u00e0 kh\u00f4ng ph\u00e1 h\u1ee7y \u0111\u1ed9 d\u00e0y c\u1ee7a l\u1edbp ph\u1ee7 kh\u00f4ng t\u1eeb t\u00ednh (nh\u01b0 s\u01a1n v\u00e0 phim) tr\u00ean c\u00e1c b\u1ec1 m\u1eb7t kim lo\u1ea1i. S\u1ea3n ph\u1ea9m n\u00e0y \u0111\u00e3 \u0111\u01b0\u1ee3c \u1ee9ng d\u1ee5ng r\u1ed9ng r\u00e3i trong \u0111o l\u01b0\u1eddng, gia c\u00f4ng kim lo\u1ea1i, c\u00f4ng nghi\u1ec7p ho\u00e1 ch\u1ea5t, ki\u1ec3m tra h\u00e0ng h\u00f3a v\u00e0 c\u00e1c l\u0129nh v\u1ef1c kh\u00e1c. \u0110\u1eb6C \u0110I\u1ec2M N\u1ed4I B\u1eacT C\u1ee6A M\u00c1Y \u0110O \u0110\u1ed8 D\u00c0Y L\u1edaP PH\u1ee6 BENETECH GM210 \u0110o v\u1edbi 3 ch\u1ebf \u0111\u1ed9 \u0111o kh\u00e1c nhau - M\u00e1y \u0111o v\u1edbi 3 ch\u1ebf \u0111\u1ed9 \u0111o kh\u00e1c nhau: \u0111o l\u01b0\u1eddng \u0111\u01a1n, \u0111o li\u00ean t\u1ee5c v\u1edbi 3 \u0111\u01a1n v\u1ecb \u0111o kh\u00e1c nhau l\u00e0 \u00b5m, mil, mm ph\u1ee5c v\u1ee5 nhu c\u1ea7u \u0111o \u0111\u1ea1c \u0111a d\u1ea1ng c\u1ee7a qu\u00fd kh\u00e1ch Thi\u1ebft k\u1ebf c\u1ea7m tay nh\u1ecf g\u1ecdn - Thi\u1ebft k\u1ebf nh\u1ecf g\u1ecdn, v\u1edbi tr\u1ecdng l\u01b0\u1ee3ng nh\u1eb9, d\u1ec5 d\u00e0ng b\u1ecf t\u00fai mang theo khi di chuy\u1ec3n \u0111\u1ebfn c\u00e1c \u0111\u1ecba \u0111i\u1ec3m l\u00e0m vi\u1ec7c \u0111o \u0111\u1ea1c kh\u00e1c nhau.  K\u1ebft qu\u1ea3 \u0111o nhanh, ch\u00ednh x\u00e1c -\u00a0M\u00e1y \u0111o \u0111\u1ed9 d\u00e0y kim lo\u1ea1i\u00a0Benetech GM210\u00a0cho k\u1ebft qu\u1ea3 \u0111o nhanh, ch\u00ednh x\u00e1c v\u1edbi sai s\u1ed1 nh\u1ecf \u00a0\u00b1 (3% H + 1 \u00b5m).\u00a0Hi\u1ec7u chu\u1ea9n \u0111i\u1ec3m zero, hi\u1ec7u chu\u1ea9n 2 \u0111i\u1ec3m v\u00e0 hi\u1ec7u chu\u1ea9n c\u01a1 b\u1ea3n c\u00f3 s\u1eb5n - M\u00e0n h\u00ecnh LCD hi\u1ec3n th\u1ecb k\u1ebft qu\u1ea3 \u0111o r\u00f5 r\u00e0ng, s\u1eafc n\u00e9t Ch\u1ebf \u0111\u1ed9 t\u1eaft ngu\u1ed3n t\u1ef1 \u0111\u1ed9ng th\u00f4ng minh - M\u00e1y \u0111\u01b0\u1ee3c trang b\u1ecb h\u1ec7 th\u1ed1ng t\u1ef1 \u0111\u1ed9ng t\u1eaft ngu\u1ed3n sau kho\u1ea3ng 3 ph\u00fat kh\u00f4ng s\u1eed d\u1ee5ng gi\u00fap ti\u1ebft ki\u1ec7m pin t\u1ed1i \u0111a. - M\u00e1y s\u1eed d\u1ee5ng pin AAA 1.5V th\u00f4ng d\u1ee5ng, d\u1ec5 d\u00e0ng mua v\u00e0 thay khi h\u1ebft pin \u1ee8ng d\u1ee5ng r\u1ed9ng r\u00e3i - Benetech GM210 l\u00e0 thi\u1ebft b\u1ecb \u0111o chi\u1ec1u d\u00e0y l\u1edbp ph\u1ee7 b\u1ec1 m\u1eb7t tr\u00ean b\u1ec1 m\u1eb7t kim lo\u1ea1i v\u1edbi c\u00e1ch \u0111o kh\u00f4ng ph\u00e1 h\u1ee7y \u0111\u01b0\u1ee3c \u0111ang \u0111\u01b0\u1ee3c nhi\u1ec1u ng\u01b0\u1eddi tin t\u01b0\u1edfng v\u00e0 s\u1eed d\u1ee5ng. M\u00e1y \u0111\u01b0\u1ee3c \u1ee9ng d\u1ee5ng r\u1ed9ng r\u00e3i trong \u0111o l\u01b0\u1eddng, gia c\u00f4ng kim lo\u1ea1i, c\u00f4ng nghi\u1ec7p h\u00f3a ch\u1ea5t,.. TH\u00d4NG S\u1ed0 K\u1ef8 THU\u1eacT C\u1ee6A M\u00c1Y \u0110O \u0110\u1ed8 D\u00c0Y L\u1edaP PH\u1ee6 BENETECH GM210    H\u00e3ng s\u1ea3n xu\u1ea5t Benetech   Model GM210   D\u1ea3i \u0111o 0~1800\u00b5m\/ 0~70.9mil   \u0110\u1ed9 ph\u00e2n gi\u1ea3i 0.1\u00b5m\/ 1\u00b5m\/ 1 mil   Sai s\u1ed1 \u00b1 (3% H + 1 \u00b5m)   \u0110\u01b0\u1eddng k\u00ednh b\u1ec1 m\u1eb7t t\u1ed1i thi\u1ec3u 12mm   T\u00ednh ch\u1ea5t n\u1ec1n t\u1ed1i thi\u1ec3u 0.5mm   B\u00e1n k\u00ednh b\u1ec1 m\u1eb7t l\u1ed3i 2mm   B\u00e1n k\u00ednh b\u1ec1 m\u1eb7t l\u00f5m 11mm   Nhi\u1ec7t \u0111\u1ed9 ho\u1ea1t \u0111\u1ed9ng 0 ~ 40\u2103   \u0110\u1ed9 \u1ea9m ho\u1ea1t \u0111\u1ed9ng 10 ~ 95% RH   Ngu\u1ed3n \u0111i\u1ec7n Pin 1.5V AAA   K\u00edch th\u01b0\u1edbc 61.98 x 30.57 x 104.99 mm   B\u1ea3o h\u00e0nh 06 th\u00e1ng    &nbsp;[:]\" \/>\n<meta property=\"og:url\" content=\"https:\/\/labochem.com.vn\/en\/s\u1ea3n ph\u1ea9m\/may-do-do-day-lop-phu-model-gm-210\/\" \/>\n<meta property=\"og:site_name\" content=\"C\u00f4ng ty TNHH LABOCHEM Vi\u1ec7t Nam\" \/>\n<meta property=\"article:modified_time\" content=\"2020-05-16T07:45:03+00:00\" \/>\n<meta property=\"og:image\" content=\"https:\/\/labochem.com.vn\/wp-content\/uploads\/2020\/05\/GM210-01.jpg\" \/>\n\t<meta property=\"og:image:width\" content=\"2289\" \/>\n\t<meta property=\"og:image:height\" content=\"2502\" \/>\n\t<meta property=\"og:image:type\" content=\"image\/jpeg\" \/>\n<meta name=\"twitter:card\" content=\"summary_large_image\" \/>\n<script type=\"application\/ld+json\" class=\"yoast-schema-graph\">{\"@context\":\"https:\/\/schema.org\",\"@graph\":[{\"@type\":\"WebPage\",\"@id\":\"https:\/\/labochem.com.vn\/en\/s\u1ea3n ph\u1ea9m\/may-do-do-day-lop-phu-model-gm-210\/\",\"url\":\"https:\/\/labochem.com.vn\/en\/s\u1ea3n ph\u1ea9m\/may-do-do-day-lop-phu-model-gm-210\/\",\"name\":\"[:vi]M\u00c1Y \u0110O \u0110\u1ed8 D\u00c0Y L\u1edaP PH\u1ee6 Model: GM 210[:] - C\u00f4ng ty TNHH LABOCHEM Vi\u1ec7t Nam\",\"isPartOf\":{\"@id\":\"https:\/\/labochem.com.vn\/#website\"},\"primaryImageOfPage\":{\"@id\":\"https:\/\/labochem.com.vn\/en\/s\u1ea3n ph\u1ea9m\/may-do-do-day-lop-phu-model-gm-210\/#primaryimage\"},\"image\":{\"@id\":\"https:\/\/labochem.com.vn\/en\/s\u1ea3n ph\u1ea9m\/may-do-do-day-lop-phu-model-gm-210\/#primaryimage\"},\"thumbnailUrl\":\"https:\/\/labochem.com.vn\/wp-content\/uploads\/2020\/05\/GM210-01.jpg\",\"datePublished\":\"2020-05-06T04:23:22+00:00\",\"dateModified\":\"2020-05-16T07:45:03+00:00\",\"breadcrumb\":{\"@id\":\"https:\/\/labochem.com.vn\/en\/s\u1ea3n ph\u1ea9m\/may-do-do-day-lop-phu-model-gm-210\/#breadcrumb\"},\"inLanguage\":\"en-US\",\"potentialAction\":[{\"@type\":\"ReadAction\",\"target\":[\"https:\/\/labochem.com.vn\/en\/s\u1ea3n ph\u1ea9m\/may-do-do-day-lop-phu-model-gm-210\/\"]}]},{\"@type\":\"ImageObject\",\"inLanguage\":\"en-US\",\"@id\":\"https:\/\/labochem.com.vn\/en\/s\u1ea3n ph\u1ea9m\/may-do-do-day-lop-phu-model-gm-210\/#primaryimage\",\"url\":\"https:\/\/labochem.com.vn\/wp-content\/uploads\/2020\/05\/GM210-01.jpg\",\"contentUrl\":\"https:\/\/labochem.com.vn\/wp-content\/uploads\/2020\/05\/GM210-01.jpg\",\"width\":2289,\"height\":2502},{\"@type\":\"BreadcrumbList\",\"@id\":\"https:\/\/labochem.com.vn\/en\/s\u1ea3n ph\u1ea9m\/may-do-do-day-lop-phu-model-gm-210\/#breadcrumb\",\"itemListElement\":[{\"@type\":\"ListItem\",\"position\":1,\"name\":\"Home\",\"item\":\"https:\/\/labochem.com.vn\/\"},{\"@type\":\"ListItem\",\"position\":2,\"name\":\"C\u1eeda h\u00e0ng\",\"item\":\"https:\/\/labochem.com.vn\/mua\/\"},{\"@type\":\"ListItem\",\"position\":3,\"name\":\"(Ti\u1ebfng Vi\u1ec7t) M\u00c1Y \u0110O \u0110\u1ed8 D\u00c0Y L\u1edaP PH\u1ee6 Model: GM 210\"}]},{\"@type\":\"WebSite\",\"@id\":\"https:\/\/labochem.com.vn\/#website\",\"url\":\"https:\/\/labochem.com.vn\/\",\"name\":\"C\u00f4ng ty TNHH LABOCHEM Vi\u1ec7t Nam\",\"description\":\"M\u1ed9t trang web m\u1edbi s\u1eed d\u1ee5ng WordPress\",\"potentialAction\":[{\"@type\":\"SearchAction\",\"target\":{\"@type\":\"EntryPoint\",\"urlTemplate\":\"https:\/\/labochem.com.vn\/?s={search_term_string}\"},\"query-input\":\"required name=search_term_string\"}],\"inLanguage\":\"en-US\"}]}<\/script>\n<!-- \/ Yoast SEO plugin. -->","yoast_head_json":{"title":"[:vi]M\u00c1Y \u0110O \u0110\u1ed8 D\u00c0Y L\u1edaP PH\u1ee6 Model: GM 210[:] - C\u00f4ng ty TNHH LABOCHEM Vi\u1ec7t Nam","robots":{"index":"index","follow":"follow","max-snippet":"max-snippet:-1","max-image-preview":"max-image-preview:large","max-video-preview":"max-video-preview:-1"},"canonical":"https:\/\/labochem.com.vn\/en\/s\u1ea3n ph\u1ea9m\/may-do-do-day-lop-phu-model-gm-210\/","og_locale":"en_US","og_type":"article","og_title":"[:vi]M\u00c1Y \u0110O \u0110\u1ed8 D\u00c0Y L\u1edaP PH\u1ee6 Model: GM 210[:] - C\u00f4ng ty TNHH LABOCHEM Vi\u1ec7t Nam","og_description":"[:vi]M\u00e1y \u0111o \u0111\u1ed9 d\u00e0y l\u1edbp ph\u1ee7  Model: GM210 M\u00e1y \u0111o \u0111\u1ed9 d\u00e0y v\u1eadt li\u1ec7u\u00a0l\u00e0 thi\u1ebft b\u1ecb gi\u00fap \u0111o \u0111\u1ed9 d\u00e0y l\u1edbp ph\u1ee7 c\u1ee7a v\u1eadt li\u1ec7u kh\u00f4ng t\u1eeb t\u00ednh \u0111\u01b0\u1ee3c \u1ee9ng d\u1ee5ng \u0111\u1ec3 \u0111o \u0111\u1ed9 d\u00e0y l\u1edbp s\u01a1n, l\u1edbp ph\u1ee7, l\u1edbp m\u1ea1 ngo\u00e0i b\u1ea3o v\u1ec7 v\u1eadt li\u1ec7u, cho ph\u00e9p x\u00e1c \u0111\u1ecbnh ch\u1ea5t l\u01b0\u1ee3ng c\u1ee7a l\u1edbp ph\u1ee7 m\u00e0 kh\u00f4ng l\u00e0m \u1ea3nh h\u01b0\u1edfng \u0111\u1ebfn b\u1ec1 m\u1eb7t s\u01a1n ph\u1ee7 trong qu\u00e1 tr\u00ecnh \u0111o \u0111\u1ea1c.  M\u00e1y \u0111o \u0111\u1ed9 d\u00e0y l\u1edbp ph\u1ee7 Benetech GM210 l\u00e0 m\u1ed9t m\u00e1y \u0111o \u0111\u1ed9 d\u00e0y l\u1edbp ph\u1ee7 b\u1ea3o v\u1ec7 cho ph\u00e9p \u0111o nhanh, ch\u00ednh x\u00e1c v\u00e0 kh\u00f4ng ph\u00e1 h\u1ee7y \u0111\u1ed9 d\u00e0y c\u1ee7a l\u1edbp ph\u1ee7 kh\u00f4ng t\u1eeb t\u00ednh (nh\u01b0 s\u01a1n v\u00e0 phim) tr\u00ean c\u00e1c b\u1ec1 m\u1eb7t kim lo\u1ea1i. S\u1ea3n ph\u1ea9m n\u00e0y \u0111\u00e3 \u0111\u01b0\u1ee3c \u1ee9ng d\u1ee5ng r\u1ed9ng r\u00e3i trong \u0111o l\u01b0\u1eddng, gia c\u00f4ng kim lo\u1ea1i, c\u00f4ng nghi\u1ec7p ho\u00e1 ch\u1ea5t, ki\u1ec3m tra h\u00e0ng h\u00f3a v\u00e0 c\u00e1c l\u0129nh v\u1ef1c kh\u00e1c. \u0110\u1eb6C \u0110I\u1ec2M N\u1ed4I B\u1eacT C\u1ee6A M\u00c1Y \u0110O \u0110\u1ed8 D\u00c0Y L\u1edaP PH\u1ee6 BENETECH GM210 \u0110o v\u1edbi 3 ch\u1ebf \u0111\u1ed9 \u0111o kh\u00e1c nhau - M\u00e1y \u0111o v\u1edbi 3 ch\u1ebf \u0111\u1ed9 \u0111o kh\u00e1c nhau: \u0111o l\u01b0\u1eddng \u0111\u01a1n, \u0111o li\u00ean t\u1ee5c v\u1edbi 3 \u0111\u01a1n v\u1ecb \u0111o kh\u00e1c nhau l\u00e0 \u00b5m, mil, mm ph\u1ee5c v\u1ee5 nhu c\u1ea7u \u0111o \u0111\u1ea1c \u0111a d\u1ea1ng c\u1ee7a qu\u00fd kh\u00e1ch Thi\u1ebft k\u1ebf c\u1ea7m tay nh\u1ecf g\u1ecdn - Thi\u1ebft k\u1ebf nh\u1ecf g\u1ecdn, v\u1edbi tr\u1ecdng l\u01b0\u1ee3ng nh\u1eb9, d\u1ec5 d\u00e0ng b\u1ecf t\u00fai mang theo khi di chuy\u1ec3n \u0111\u1ebfn c\u00e1c \u0111\u1ecba \u0111i\u1ec3m l\u00e0m vi\u1ec7c \u0111o \u0111\u1ea1c kh\u00e1c nhau.  K\u1ebft qu\u1ea3 \u0111o nhanh, ch\u00ednh x\u00e1c -\u00a0M\u00e1y \u0111o \u0111\u1ed9 d\u00e0y kim lo\u1ea1i\u00a0Benetech GM210\u00a0cho k\u1ebft qu\u1ea3 \u0111o nhanh, ch\u00ednh x\u00e1c v\u1edbi sai s\u1ed1 nh\u1ecf \u00a0\u00b1 (3% H + 1 \u00b5m).\u00a0Hi\u1ec7u chu\u1ea9n \u0111i\u1ec3m zero, hi\u1ec7u chu\u1ea9n 2 \u0111i\u1ec3m v\u00e0 hi\u1ec7u chu\u1ea9n c\u01a1 b\u1ea3n c\u00f3 s\u1eb5n - M\u00e0n h\u00ecnh LCD hi\u1ec3n th\u1ecb k\u1ebft qu\u1ea3 \u0111o r\u00f5 r\u00e0ng, s\u1eafc n\u00e9t Ch\u1ebf \u0111\u1ed9 t\u1eaft ngu\u1ed3n t\u1ef1 \u0111\u1ed9ng th\u00f4ng minh - M\u00e1y \u0111\u01b0\u1ee3c trang b\u1ecb h\u1ec7 th\u1ed1ng t\u1ef1 \u0111\u1ed9ng t\u1eaft ngu\u1ed3n sau kho\u1ea3ng 3 ph\u00fat kh\u00f4ng s\u1eed d\u1ee5ng gi\u00fap ti\u1ebft ki\u1ec7m pin t\u1ed1i \u0111a. - M\u00e1y s\u1eed d\u1ee5ng pin AAA 1.5V th\u00f4ng d\u1ee5ng, d\u1ec5 d\u00e0ng mua v\u00e0 thay khi h\u1ebft pin \u1ee8ng d\u1ee5ng r\u1ed9ng r\u00e3i - Benetech GM210 l\u00e0 thi\u1ebft b\u1ecb \u0111o chi\u1ec1u d\u00e0y l\u1edbp ph\u1ee7 b\u1ec1 m\u1eb7t tr\u00ean b\u1ec1 m\u1eb7t kim lo\u1ea1i v\u1edbi c\u00e1ch \u0111o kh\u00f4ng ph\u00e1 h\u1ee7y \u0111\u01b0\u1ee3c \u0111ang \u0111\u01b0\u1ee3c nhi\u1ec1u ng\u01b0\u1eddi tin t\u01b0\u1edfng v\u00e0 s\u1eed d\u1ee5ng. M\u00e1y \u0111\u01b0\u1ee3c \u1ee9ng d\u1ee5ng r\u1ed9ng r\u00e3i trong \u0111o l\u01b0\u1eddng, gia c\u00f4ng kim lo\u1ea1i, c\u00f4ng nghi\u1ec7p h\u00f3a ch\u1ea5t,.. TH\u00d4NG S\u1ed0 K\u1ef8 THU\u1eacT C\u1ee6A M\u00c1Y \u0110O \u0110\u1ed8 D\u00c0Y L\u1edaP PH\u1ee6 BENETECH GM210    H\u00e3ng s\u1ea3n xu\u1ea5t Benetech   Model GM210   D\u1ea3i \u0111o 0~1800\u00b5m\/ 0~70.9mil   \u0110\u1ed9 ph\u00e2n gi\u1ea3i 0.1\u00b5m\/ 1\u00b5m\/ 1 mil   Sai s\u1ed1 \u00b1 (3% H + 1 \u00b5m)   \u0110\u01b0\u1eddng k\u00ednh b\u1ec1 m\u1eb7t t\u1ed1i thi\u1ec3u 12mm   T\u00ednh ch\u1ea5t n\u1ec1n t\u1ed1i thi\u1ec3u 0.5mm   B\u00e1n k\u00ednh b\u1ec1 m\u1eb7t l\u1ed3i 2mm   B\u00e1n k\u00ednh b\u1ec1 m\u1eb7t l\u00f5m 11mm   Nhi\u1ec7t \u0111\u1ed9 ho\u1ea1t \u0111\u1ed9ng 0 ~ 40\u2103   \u0110\u1ed9 \u1ea9m ho\u1ea1t \u0111\u1ed9ng 10 ~ 95% RH   Ngu\u1ed3n \u0111i\u1ec7n Pin 1.5V AAA   K\u00edch th\u01b0\u1edbc 61.98 x 30.57 x 104.99 mm   B\u1ea3o h\u00e0nh 06 th\u00e1ng    &nbsp;[:]","og_url":"https:\/\/labochem.com.vn\/en\/s\u1ea3n ph\u1ea9m\/may-do-do-day-lop-phu-model-gm-210\/","og_site_name":"C\u00f4ng ty TNHH LABOCHEM Vi\u1ec7t Nam","article_modified_time":"2020-05-16T07:45:03+00:00","og_image":[{"width":2289,"height":2502,"url":"https:\/\/labochem.com.vn\/wp-content\/uploads\/2020\/05\/GM210-01.jpg","type":"image\/jpeg"}],"twitter_card":"summary_large_image","schema":{"@context":"https:\/\/schema.org","@graph":[{"@type":"WebPage","@id":"https:\/\/labochem.com.vn\/en\/s\u1ea3n ph\u1ea9m\/may-do-do-day-lop-phu-model-gm-210\/","url":"https:\/\/labochem.com.vn\/en\/s\u1ea3n ph\u1ea9m\/may-do-do-day-lop-phu-model-gm-210\/","name":"[:vi]M\u00c1Y \u0110O \u0110\u1ed8 D\u00c0Y L\u1edaP PH\u1ee6 Model: GM 210[:] - C\u00f4ng ty TNHH LABOCHEM Vi\u1ec7t Nam","isPartOf":{"@id":"https:\/\/labochem.com.vn\/#website"},"primaryImageOfPage":{"@id":"https:\/\/labochem.com.vn\/en\/s\u1ea3n ph\u1ea9m\/may-do-do-day-lop-phu-model-gm-210\/#primaryimage"},"image":{"@id":"https:\/\/labochem.com.vn\/en\/s\u1ea3n ph\u1ea9m\/may-do-do-day-lop-phu-model-gm-210\/#primaryimage"},"thumbnailUrl":"https:\/\/labochem.com.vn\/wp-content\/uploads\/2020\/05\/GM210-01.jpg","datePublished":"2020-05-06T04:23:22+00:00","dateModified":"2020-05-16T07:45:03+00:00","breadcrumb":{"@id":"https:\/\/labochem.com.vn\/en\/s\u1ea3n ph\u1ea9m\/may-do-do-day-lop-phu-model-gm-210\/#breadcrumb"},"inLanguage":"en-US","potentialAction":[{"@type":"ReadAction","target":["https:\/\/labochem.com.vn\/en\/s\u1ea3n ph\u1ea9m\/may-do-do-day-lop-phu-model-gm-210\/"]}]},{"@type":"ImageObject","inLanguage":"en-US","@id":"https:\/\/labochem.com.vn\/en\/s\u1ea3n ph\u1ea9m\/may-do-do-day-lop-phu-model-gm-210\/#primaryimage","url":"https:\/\/labochem.com.vn\/wp-content\/uploads\/2020\/05\/GM210-01.jpg","contentUrl":"https:\/\/labochem.com.vn\/wp-content\/uploads\/2020\/05\/GM210-01.jpg","width":2289,"height":2502},{"@type":"BreadcrumbList","@id":"https:\/\/labochem.com.vn\/en\/s\u1ea3n ph\u1ea9m\/may-do-do-day-lop-phu-model-gm-210\/#breadcrumb","itemListElement":[{"@type":"ListItem","position":1,"name":"Home","item":"https:\/\/labochem.com.vn\/"},{"@type":"ListItem","position":2,"name":"C\u1eeda h\u00e0ng","item":"https:\/\/labochem.com.vn\/mua\/"},{"@type":"ListItem","position":3,"name":"(Ti\u1ebfng Vi\u1ec7t) M\u00c1Y \u0110O \u0110\u1ed8 D\u00c0Y L\u1edaP PH\u1ee6 Model: GM 210"}]},{"@type":"WebSite","@id":"https:\/\/labochem.com.vn\/#website","url":"https:\/\/labochem.com.vn\/","name":"C\u00f4ng ty TNHH LABOCHEM Vi\u1ec7t Nam","description":"M\u1ed9t trang web m\u1edbi s\u1eed d\u1ee5ng WordPress","potentialAction":[{"@type":"SearchAction","target":{"@type":"EntryPoint","urlTemplate":"https:\/\/labochem.com.vn\/?s={search_term_string}"},"query-input":"required name=search_term_string"}],"inLanguage":"en-US"}]}},"_links":{"self":[{"href":"https:\/\/labochem.com.vn\/en\/wp-json\/wp\/v2\/product\/246"}],"collection":[{"href":"https:\/\/labochem.com.vn\/en\/wp-json\/wp\/v2\/product"}],"about":[{"href":"https:\/\/labochem.com.vn\/en\/wp-json\/wp\/v2\/types\/product"}],"replies":[{"embeddable":true,"href":"https:\/\/labochem.com.vn\/en\/wp-json\/wp\/v2\/comments?post=246"}],"wp:featuredmedia":[{"embeddable":true,"href":"https:\/\/labochem.com.vn\/en\/wp-json\/wp\/v2\/media\/248"}],"wp:attachment":[{"href":"https:\/\/labochem.com.vn\/en\/wp-json\/wp\/v2\/media?parent=246"}],"wp:term":[{"taxonomy":"product_cat","embeddable":true,"href":"https:\/\/labochem.com.vn\/en\/wp-json\/wp\/v2\/product_cat?post=246"},{"taxonomy":"product_tag","embeddable":true,"href":"https:\/\/labochem.com.vn\/en\/wp-json\/wp\/v2\/product_tag?post=246"}],"curies":[{"name":"wp","href":"https:\/\/api.w.org\/{rel}","templated":true}]}}