{"id":241,"date":"2020-05-06T04:17:48","date_gmt":"2020-05-06T04:17:48","guid":{"rendered":"http:\/\/labochem.com.vn\/?post_type=product&#038;p=241"},"modified":"2020-05-16T08:54:27","modified_gmt":"2020-05-16T08:54:27","slug":"241","status":"publish","type":"product","link":"https:\/\/labochem.com.vn\/en\/s\u1ea3n ph\u1ea9m\/241\/","title":{"rendered":"M\u00c1Y \u0110O NHI\u1ec6T \u0110\u1ed8 C\u00d3 \u0110\u1ea6U \u0110O Model: GM1312"},"content":{"rendered":"","protected":false},"excerpt":{"rendered":"<p class=\"qtranxs-available-languages-message qtranxs-available-languages-message-en\">Sorry, this entry is only available in <a href=\"https:\/\/labochem.com.vn\/vi\/wp-json\/wp\/v2\/product\/241\" class=\"qtranxs-available-language-link qtranxs-available-language-link-vi\" title=\"Ti\u1ebfng Vi\u1ec7t\">Ti\u1ebfng Vi\u1ec7t<\/a>.<\/p>\n","protected":false},"featured_media":242,"comment_status":"open","ping_status":"closed","template":"","meta":[],"product_cat":[30],"product_tag":[65],"yoast_head":"<!-- This site is optimized with the Yoast SEO plugin v22.6 - https:\/\/yoast.com\/wordpress\/plugins\/seo\/ -->\n<title>M\u00c1Y \u0110O NHI\u1ec6T \u0110\u1ed8 C\u00d3 \u0110\u1ea6U \u0110O Model: GM1312 - C\u00f4ng ty TNHH LABOCHEM Vi\u1ec7t Nam<\/title>\n<meta name=\"robots\" content=\"index, follow, max-snippet:-1, max-image-preview:large, max-video-preview:-1\" \/>\n<link rel=\"canonical\" href=\"https:\/\/labochem.com.vn\/en\/s\u1ea3n%20ph\u1ea9m\/241\/\" \/>\n<meta property=\"og:locale\" content=\"en_US\" \/>\n<meta property=\"og:type\" content=\"article\" \/>\n<meta property=\"og:title\" content=\"M\u00c1Y \u0110O NHI\u1ec6T \u0110\u1ed8 C\u00d3 \u0110\u1ea6U \u0110O Model: GM1312 - C\u00f4ng ty TNHH LABOCHEM Vi\u1ec7t Nam\" \/>\n<meta property=\"og:description\" content=\"[:vi]M\u00e1y \u0111o nhi\u1ec7t \u0111\u1ed9 ti\u1ebfp x\u00fac 2 k\u00eanh Benetech GM1312 BENETECH GM1312 v\u1edbi kho\u1ea3ng \u0111o t\u1eeb \u00a0-50 ~ 300C l\u00e0 c\u1eb7p nhi\u1ec7t Nhi\u1ec7t k\u1ebf \u0111a k\u00eanh k\u1ef9 thu\u1eadt s\u1ed1, c\u00f3 c\u00e1c d\u1ea3i \u0111o nh\u01b0: K \/ J \/ T \/ E \/ R \/ S \/ N LCD.\u00a0M\u00e1y \u0111o nhi\u1ec7t \u0111\u1ed9 ti\u1ebfp x\u00fac Benetech GM1312\u00a0s\u1eed d\u1ee5ng v\u1edbi m\u1ed9t lo\u1ea1t c\u00e1c ki\u1ec3u K \u0111\u1ec3 \u0111o nhi\u1ec7t \u0111\u1ed9. BENETECH GM1312 cho k\u1ebft qu\u1ea3 nhanh v\u1edbi\u00a0\u0111\u1ed9 ch\u00ednh x\u00e1c cao \u00a0\u00b10.1% + 0.6\u2103.  T\u00ednh n\u0103ng c\u1ee7a\u00a0BENETECH GM1312:  1. C\u00e1c ch\u1ee9c n\u0103ng b\u00f9 \u0111i\u1ec7n cung c\u1ea5p b\u1ed3i th\u01b0\u1eddng cho l\u1ed7i c\u1eb7p nhi\u1ec7t \u0111\u1ec3 c\u1ea3i thi\u1ec7n \u0111\u1ed9 ch\u00ednh x\u00e1c t\u1ed5ng th\u1ec3.  2. C\u00f3 c\u00e1c lo\u1ea1i nhi\u1ec7t k\u1ebf kh\u00e1c nhau: J, K, T, E, N, S v\u00e0 lo\u1ea1i R.  3. \u0110\u01a1n v\u1ecb \u0111\u1ed9 C v\u00e0 \u0111\u01a1n v\u1ecb \u0111\u1ed9 F c\u00f3 th\u1ec3 thay \u0111\u1ed5i cho nhau  4. M\u00e0n h\u00ecnh LCD v\u1edbi thi\u1ebft k\u1ebf \u1edf \u00a0trung t\u00e2m, d\u1ec5 d\u00e0ng ho\u1ea1t \u0111\u1ed9ng.  5. M\u00e0n h\u00ecnh \u0111\u00f4i v\u1edbi \u0111\u00e8n n\u1ec1n cho T1 \/ T2 v\u00e0 s\u1ef1 k\u1ebft h\u1ee3p c\u1ee7a T1 v\u00e0 T2.  Ch\u1ee9c n\u0103ng\u00a0c\u1ee7a\u00a0BENETECH GM1312:  - Ch\u1ee9c n\u0103ng l\u01b0u gi\u1eef d\u1eef li\u1ec7u v\u00e0 t\u1ef1 \u0111\u1ed9ng t\u1eaft ngu\u1ed3n.  - Ch\u1ee9c n\u0103ng \u0111\u1ecdc gi\u00e1 tr\u1ecb Max\/ min\/ gi\u00e1 tr\u1ecb trung b\u00ecnh.  - M\u00e0n h\u00ecnh LCD c\u00f3 \u0111\u00e8n n\u1ec1n.  - L\u1ef1a ch\u1ecdn \u0111\u01a1n v\u1ecb \u0111\u1ed9 C v\u00e0 \u0111\u1ed9 F  - C\u00f3 k\u00eanh \u0111\u1ea7u v\u00e0o k\u00e9p - Ch\u1ee9c n\u0103ng b\u00f9 \u0111i\u1ec7n  Th\u00f4ng tin chi ti\u1ebft s\u1ea3n ph\u1ea9m:  - M\u00e1y \u0111o c\u1eb7p \u0111i\u1ec7n c\u1ee7a J, K, T, E, N, v\u00e0 Lo\u1ea1i R; lo\u1ea1i K - Nhi\u1ec7t \u0111\u1ed9 \u0111o: -50\u2103 ~ 300\u2103 - \u0110\u1ed9 ch\u00ednh x\u00e1c \u00b10.1% + 0.6\u2103 - L\u1ef1a ch\u1ecdn \u0111\u01a1n v\u1ecb \u2103\/\u00b0F[:]\" \/>\n<meta property=\"og:url\" content=\"https:\/\/labochem.com.vn\/en\/s\u1ea3n ph\u1ea9m\/241\/\" \/>\n<meta property=\"og:site_name\" content=\"C\u00f4ng ty TNHH LABOCHEM Vi\u1ec7t Nam\" \/>\n<meta property=\"article:modified_time\" content=\"2020-05-16T08:54:27+00:00\" \/>\n<meta property=\"og:image\" content=\"https:\/\/labochem.com.vn\/wp-content\/uploads\/2020\/05\/GM1312-01.jpg\" \/>\n\t<meta property=\"og:image:width\" content=\"2289\" \/>\n\t<meta property=\"og:image:height\" content=\"2502\" \/>\n\t<meta property=\"og:image:type\" content=\"image\/jpeg\" \/>\n<meta name=\"twitter:card\" content=\"summary_large_image\" \/>\n<script type=\"application\/ld+json\" class=\"yoast-schema-graph\">{\"@context\":\"https:\/\/schema.org\",\"@graph\":[{\"@type\":\"WebPage\",\"@id\":\"https:\/\/labochem.com.vn\/en\/s\u1ea3n ph\u1ea9m\/241\/\",\"url\":\"https:\/\/labochem.com.vn\/en\/s\u1ea3n ph\u1ea9m\/241\/\",\"name\":\"M\u00c1Y \u0110O NHI\u1ec6T \u0110\u1ed8 C\u00d3 \u0110\u1ea6U \u0110O Model: GM1312 - C\u00f4ng ty TNHH LABOCHEM Vi\u1ec7t Nam\",\"isPartOf\":{\"@id\":\"https:\/\/labochem.com.vn\/#website\"},\"primaryImageOfPage\":{\"@id\":\"https:\/\/labochem.com.vn\/en\/s\u1ea3n ph\u1ea9m\/241\/#primaryimage\"},\"image\":{\"@id\":\"https:\/\/labochem.com.vn\/en\/s\u1ea3n ph\u1ea9m\/241\/#primaryimage\"},\"thumbnailUrl\":\"https:\/\/labochem.com.vn\/wp-content\/uploads\/2020\/05\/GM1312-01.jpg\",\"datePublished\":\"2020-05-06T04:17:48+00:00\",\"dateModified\":\"2020-05-16T08:54:27+00:00\",\"breadcrumb\":{\"@id\":\"https:\/\/labochem.com.vn\/en\/s\u1ea3n ph\u1ea9m\/241\/#breadcrumb\"},\"inLanguage\":\"en-US\",\"potentialAction\":[{\"@type\":\"ReadAction\",\"target\":[\"https:\/\/labochem.com.vn\/en\/s\u1ea3n ph\u1ea9m\/241\/\"]}]},{\"@type\":\"ImageObject\",\"inLanguage\":\"en-US\",\"@id\":\"https:\/\/labochem.com.vn\/en\/s\u1ea3n ph\u1ea9m\/241\/#primaryimage\",\"url\":\"https:\/\/labochem.com.vn\/wp-content\/uploads\/2020\/05\/GM1312-01.jpg\",\"contentUrl\":\"https:\/\/labochem.com.vn\/wp-content\/uploads\/2020\/05\/GM1312-01.jpg\",\"width\":2289,\"height\":2502},{\"@type\":\"BreadcrumbList\",\"@id\":\"https:\/\/labochem.com.vn\/en\/s\u1ea3n ph\u1ea9m\/241\/#breadcrumb\",\"itemListElement\":[{\"@type\":\"ListItem\",\"position\":1,\"name\":\"Home\",\"item\":\"https:\/\/labochem.com.vn\/\"},{\"@type\":\"ListItem\",\"position\":2,\"name\":\"C\u1eeda h\u00e0ng\",\"item\":\"https:\/\/labochem.com.vn\/mua\/\"},{\"@type\":\"ListItem\",\"position\":3,\"name\":\"M\u00c1Y \u0110O NHI\u1ec6T \u0110\u1ed8 C\u00d3 \u0110\u1ea6U \u0110O Model: GM1312\"}]},{\"@type\":\"WebSite\",\"@id\":\"https:\/\/labochem.com.vn\/#website\",\"url\":\"https:\/\/labochem.com.vn\/\",\"name\":\"C\u00f4ng ty TNHH LABOCHEM Vi\u1ec7t Nam\",\"description\":\"M\u1ed9t trang web m\u1edbi s\u1eed d\u1ee5ng WordPress\",\"potentialAction\":[{\"@type\":\"SearchAction\",\"target\":{\"@type\":\"EntryPoint\",\"urlTemplate\":\"https:\/\/labochem.com.vn\/?s={search_term_string}\"},\"query-input\":\"required name=search_term_string\"}],\"inLanguage\":\"en-US\"}]}<\/script>\n<!-- \/ Yoast SEO plugin. -->","yoast_head_json":{"title":"M\u00c1Y \u0110O NHI\u1ec6T \u0110\u1ed8 C\u00d3 \u0110\u1ea6U \u0110O Model: GM1312 - C\u00f4ng ty TNHH LABOCHEM Vi\u1ec7t Nam","robots":{"index":"index","follow":"follow","max-snippet":"max-snippet:-1","max-image-preview":"max-image-preview:large","max-video-preview":"max-video-preview:-1"},"canonical":"https:\/\/labochem.com.vn\/en\/s\u1ea3n ph\u1ea9m\/241\/","og_locale":"en_US","og_type":"article","og_title":"M\u00c1Y \u0110O NHI\u1ec6T \u0110\u1ed8 C\u00d3 \u0110\u1ea6U \u0110O Model: GM1312 - C\u00f4ng ty TNHH LABOCHEM Vi\u1ec7t Nam","og_description":"[:vi]M\u00e1y \u0111o nhi\u1ec7t \u0111\u1ed9 ti\u1ebfp x\u00fac 2 k\u00eanh Benetech GM1312 BENETECH GM1312 v\u1edbi kho\u1ea3ng \u0111o t\u1eeb \u00a0-50 ~ 300C l\u00e0 c\u1eb7p nhi\u1ec7t Nhi\u1ec7t k\u1ebf \u0111a k\u00eanh k\u1ef9 thu\u1eadt s\u1ed1, c\u00f3 c\u00e1c d\u1ea3i \u0111o nh\u01b0: K \/ J \/ T \/ E \/ R \/ S \/ N LCD.\u00a0M\u00e1y \u0111o nhi\u1ec7t \u0111\u1ed9 ti\u1ebfp x\u00fac Benetech GM1312\u00a0s\u1eed d\u1ee5ng v\u1edbi m\u1ed9t lo\u1ea1t c\u00e1c ki\u1ec3u K \u0111\u1ec3 \u0111o nhi\u1ec7t \u0111\u1ed9. BENETECH GM1312 cho k\u1ebft qu\u1ea3 nhanh v\u1edbi\u00a0\u0111\u1ed9 ch\u00ednh x\u00e1c cao \u00a0\u00b10.1% + 0.6\u2103.  T\u00ednh n\u0103ng c\u1ee7a\u00a0BENETECH GM1312:  1. C\u00e1c ch\u1ee9c n\u0103ng b\u00f9 \u0111i\u1ec7n cung c\u1ea5p b\u1ed3i th\u01b0\u1eddng cho l\u1ed7i c\u1eb7p nhi\u1ec7t \u0111\u1ec3 c\u1ea3i thi\u1ec7n \u0111\u1ed9 ch\u00ednh x\u00e1c t\u1ed5ng th\u1ec3.  2. C\u00f3 c\u00e1c lo\u1ea1i nhi\u1ec7t k\u1ebf kh\u00e1c nhau: J, K, T, E, N, S v\u00e0 lo\u1ea1i R.  3. \u0110\u01a1n v\u1ecb \u0111\u1ed9 C v\u00e0 \u0111\u01a1n v\u1ecb \u0111\u1ed9 F c\u00f3 th\u1ec3 thay \u0111\u1ed5i cho nhau  4. M\u00e0n h\u00ecnh LCD v\u1edbi thi\u1ebft k\u1ebf \u1edf \u00a0trung t\u00e2m, d\u1ec5 d\u00e0ng ho\u1ea1t \u0111\u1ed9ng.  5. M\u00e0n h\u00ecnh \u0111\u00f4i v\u1edbi \u0111\u00e8n n\u1ec1n cho T1 \/ T2 v\u00e0 s\u1ef1 k\u1ebft h\u1ee3p c\u1ee7a T1 v\u00e0 T2.  Ch\u1ee9c n\u0103ng\u00a0c\u1ee7a\u00a0BENETECH GM1312:  - Ch\u1ee9c n\u0103ng l\u01b0u gi\u1eef d\u1eef li\u1ec7u v\u00e0 t\u1ef1 \u0111\u1ed9ng t\u1eaft ngu\u1ed3n.  - Ch\u1ee9c n\u0103ng \u0111\u1ecdc gi\u00e1 tr\u1ecb Max\/ min\/ gi\u00e1 tr\u1ecb trung b\u00ecnh.  - M\u00e0n h\u00ecnh LCD c\u00f3 \u0111\u00e8n n\u1ec1n.  - L\u1ef1a ch\u1ecdn \u0111\u01a1n v\u1ecb \u0111\u1ed9 C v\u00e0 \u0111\u1ed9 F  - C\u00f3 k\u00eanh \u0111\u1ea7u v\u00e0o k\u00e9p - Ch\u1ee9c n\u0103ng b\u00f9 \u0111i\u1ec7n  Th\u00f4ng tin chi ti\u1ebft s\u1ea3n ph\u1ea9m:  - M\u00e1y \u0111o c\u1eb7p \u0111i\u1ec7n c\u1ee7a J, K, T, E, N, v\u00e0 Lo\u1ea1i R; lo\u1ea1i K - Nhi\u1ec7t \u0111\u1ed9 \u0111o: -50\u2103 ~ 300\u2103 - \u0110\u1ed9 ch\u00ednh x\u00e1c \u00b10.1% + 0.6\u2103 - L\u1ef1a ch\u1ecdn \u0111\u01a1n v\u1ecb \u2103\/\u00b0F[:]","og_url":"https:\/\/labochem.com.vn\/en\/s\u1ea3n ph\u1ea9m\/241\/","og_site_name":"C\u00f4ng ty TNHH LABOCHEM Vi\u1ec7t Nam","article_modified_time":"2020-05-16T08:54:27+00:00","og_image":[{"width":2289,"height":2502,"url":"https:\/\/labochem.com.vn\/wp-content\/uploads\/2020\/05\/GM1312-01.jpg","type":"image\/jpeg"}],"twitter_card":"summary_large_image","schema":{"@context":"https:\/\/schema.org","@graph":[{"@type":"WebPage","@id":"https:\/\/labochem.com.vn\/en\/s\u1ea3n ph\u1ea9m\/241\/","url":"https:\/\/labochem.com.vn\/en\/s\u1ea3n ph\u1ea9m\/241\/","name":"M\u00c1Y \u0110O NHI\u1ec6T \u0110\u1ed8 C\u00d3 \u0110\u1ea6U \u0110O Model: GM1312 - C\u00f4ng ty TNHH LABOCHEM Vi\u1ec7t Nam","isPartOf":{"@id":"https:\/\/labochem.com.vn\/#website"},"primaryImageOfPage":{"@id":"https:\/\/labochem.com.vn\/en\/s\u1ea3n ph\u1ea9m\/241\/#primaryimage"},"image":{"@id":"https:\/\/labochem.com.vn\/en\/s\u1ea3n ph\u1ea9m\/241\/#primaryimage"},"thumbnailUrl":"https:\/\/labochem.com.vn\/wp-content\/uploads\/2020\/05\/GM1312-01.jpg","datePublished":"2020-05-06T04:17:48+00:00","dateModified":"2020-05-16T08:54:27+00:00","breadcrumb":{"@id":"https:\/\/labochem.com.vn\/en\/s\u1ea3n ph\u1ea9m\/241\/#breadcrumb"},"inLanguage":"en-US","potentialAction":[{"@type":"ReadAction","target":["https:\/\/labochem.com.vn\/en\/s\u1ea3n ph\u1ea9m\/241\/"]}]},{"@type":"ImageObject","inLanguage":"en-US","@id":"https:\/\/labochem.com.vn\/en\/s\u1ea3n ph\u1ea9m\/241\/#primaryimage","url":"https:\/\/labochem.com.vn\/wp-content\/uploads\/2020\/05\/GM1312-01.jpg","contentUrl":"https:\/\/labochem.com.vn\/wp-content\/uploads\/2020\/05\/GM1312-01.jpg","width":2289,"height":2502},{"@type":"BreadcrumbList","@id":"https:\/\/labochem.com.vn\/en\/s\u1ea3n ph\u1ea9m\/241\/#breadcrumb","itemListElement":[{"@type":"ListItem","position":1,"name":"Home","item":"https:\/\/labochem.com.vn\/"},{"@type":"ListItem","position":2,"name":"C\u1eeda h\u00e0ng","item":"https:\/\/labochem.com.vn\/mua\/"},{"@type":"ListItem","position":3,"name":"M\u00c1Y \u0110O NHI\u1ec6T \u0110\u1ed8 C\u00d3 \u0110\u1ea6U \u0110O Model: GM1312"}]},{"@type":"WebSite","@id":"https:\/\/labochem.com.vn\/#website","url":"https:\/\/labochem.com.vn\/","name":"C\u00f4ng ty TNHH LABOCHEM Vi\u1ec7t Nam","description":"M\u1ed9t trang web m\u1edbi s\u1eed d\u1ee5ng WordPress","potentialAction":[{"@type":"SearchAction","target":{"@type":"EntryPoint","urlTemplate":"https:\/\/labochem.com.vn\/?s={search_term_string}"},"query-input":"required name=search_term_string"}],"inLanguage":"en-US"}]}},"_links":{"self":[{"href":"https:\/\/labochem.com.vn\/en\/wp-json\/wp\/v2\/product\/241"}],"collection":[{"href":"https:\/\/labochem.com.vn\/en\/wp-json\/wp\/v2\/product"}],"about":[{"href":"https:\/\/labochem.com.vn\/en\/wp-json\/wp\/v2\/types\/product"}],"replies":[{"embeddable":true,"href":"https:\/\/labochem.com.vn\/en\/wp-json\/wp\/v2\/comments?post=241"}],"wp:featuredmedia":[{"embeddable":true,"href":"https:\/\/labochem.com.vn\/en\/wp-json\/wp\/v2\/media\/242"}],"wp:attachment":[{"href":"https:\/\/labochem.com.vn\/en\/wp-json\/wp\/v2\/media?parent=241"}],"wp:term":[{"taxonomy":"product_cat","embeddable":true,"href":"https:\/\/labochem.com.vn\/en\/wp-json\/wp\/v2\/product_cat?post=241"},{"taxonomy":"product_tag","embeddable":true,"href":"https:\/\/labochem.com.vn\/en\/wp-json\/wp\/v2\/product_tag?post=241"}],"curies":[{"name":"wp","href":"https:\/\/api.w.org\/{rel}","templated":true}]}}