{"id":230,"date":"2020-05-06T03:16:12","date_gmt":"2020-05-06T03:16:12","guid":{"rendered":"http:\/\/labochem.com.vn\/?post_type=product&#038;p=230"},"modified":"2020-05-16T09:28:22","modified_gmt":"2020-05-16T09:28:22","slug":"may-do-toc-do-gio-model-gm-8902","status":"publish","type":"product","link":"https:\/\/labochem.com.vn\/en\/s\u1ea3n ph\u1ea9m\/may-do-toc-do-gio-model-gm-8902\/","title":{"rendered":"(Ti\u1ebfng Vi\u1ec7t) M\u00c1Y \u0110O T\u1ed0C \u0110\u1ed8 GI\u00d3  Model: GM 8902+"},"content":{"rendered":"","protected":false},"excerpt":{"rendered":"<p class=\"qtranxs-available-languages-message qtranxs-available-languages-message-en\">Sorry, this entry is only available in <a href=\"https:\/\/labochem.com.vn\/vi\/wp-json\/wp\/v2\/product\/230\" class=\"qtranxs-available-language-link qtranxs-available-language-link-vi\" title=\"Ti\u1ebfng Vi\u1ec7t\">Ti\u1ebfng Vi\u1ec7t<\/a>.<\/p>\n","protected":false},"featured_media":231,"comment_status":"open","ping_status":"closed","template":"","meta":[],"product_cat":[36],"product_tag":[63],"yoast_head":"<!-- This site is optimized with the Yoast SEO plugin v22.6 - https:\/\/yoast.com\/wordpress\/plugins\/seo\/ -->\n<title><\/title>\n<meta name=\"robots\" content=\"index, follow, max-snippet:-1, max-image-preview:large, max-video-preview:-1\" \/>\n<link rel=\"canonical\" href=\"https:\/\/labochem.com.vn\/en\/s\u1ea3n%20ph\u1ea9m\/may-do-toc-do-gio-model-gm-8902\/\" \/>\n<meta property=\"og:locale\" content=\"en_US\" \/>\n<meta property=\"og:type\" content=\"article\" \/>\n<meta property=\"og:title\" content=\"[:vi]M\u00c1Y \u0110O T\u1ed0C \u0110\u1ed8 GI\u00d3 Model: GM 8902+[:] - C\u00f4ng ty TNHH LABOCHEM Vi\u1ec7t Nam\" \/>\n<meta property=\"og:description\" content=\"[:vi]M\u00c1Y \u0110O T\u1ed0C \u0110\u1ed8 GI\u00d3  Model: GM 8902+  M\u00e1y \u0111o t\u1ed1c \u0111\u1ed9 gi\u00f3 Benetech GM 8902+\u00a0l\u00e0 m\u1ed9t d\u1ee5ng c\u1ee5 \u0111o chuy\u00ean nghi\u1ec7p \u0111\u01b0\u1ee3c trang b\u1ecb m\u1ed9t ch\u1ee9c n\u0103ng nh\u1ea1y c\u1ea3m t\u1eeb xa \u0111\u1ec3 \u0111o \u1edf nh\u1eefng n\u01a1i kh\u00f3 ti\u1ebfp c\u1eadn. Trong th\u1eddi gian th\u1ef1c, n\u00f3 c\u00f3 th\u1ec3 \u0111o t\u1ed1c \u0111\u1ed9, \u00e2m l\u01b0\u1ee3ng v\u00e0 nhi\u1ec7t \u0111\u1ed9 c\u1ee7a lu\u1ed3ng kh\u00f4ng kh\u00ed. M\u00e1y r\u1ea5t d\u1ec5 s\u1eed d\u1ee5ng v\u00e0 \u0111\u00e1ng tin c\u1eady, \u0111\u01b0\u1ee3c trang b\u1ecb b\u1ed9 nh\u1edb cho 50 \u0111i\u1ec3m v\u00e0 kh\u1ea3 n\u0103ng k\u1ebft n\u1ed1i v\u1edbi PC.  C\u00e1c gi\u00e1 tr\u1ecb \u0111o: v\u1eadn t\u1ed1c kh\u00f4ng kh\u00ed, nhi\u1ec7t \u0111\u1ed9 kh\u00f4ng kh\u00ed  D\u1ea3i \u0111o v\u1eadn t\u1ed1c kh\u00f4ng kh\u00ed: 0.3 ~ 45m\/s,  D\u1ea3i do nhi\u1ec7t \u0111\u1ed9 : 0 ~ 45\u00baC, 32 ~ 113\u00baF  L\u01b0\u1ee3ng kh\u00f4ng kh\u00ed: 0 ~999900m3\/ph\u00fat  \u0110\u1ed9 ph\u00e2n gi\u1ea3i: 0.2\u00baC, 0.1m \/ s  \u0110\u01a1n v\u1ecb v\u1eadn t\u1ed1c: m\/s, Ft\/ ph\u00fat, nut, Km\/h  M\u00e0n h\u00ecnh: LCD  C\u1ea3m bi\u1ebfn v\u1eadn t\u1ed1c kh\u00f4ng kh\u00ed: c\u00e1nh qu\u1ea1t nh\u1ef1a, c\u1ea3m \u1ee9ng t\u1eeb  C\u1ea3m bi\u1ebfn nhi\u1ec7t \u0111\u1ed9: nhi\u1ec7t k\u1ebf NTC  B\u00e1o khi pin y\u1ebfu  T\u1ef1 \u0111\u1ed9ng ng\u1eaft \u0111i\u1ec7n: 14 ph\u00fat m\u00e0 kh\u00f4ng c\u00f3 b\u1ea5t k\u1ef3 ho\u1ea1t \u0111\u1ed9ng  Ngu\u1ed3n \u0111i\u1ec7n d\u00f9ng pin (1 x 9V)  K\u00edch th\u01b0\u1edbc: 77 x 36 x 163.5mm[:]\" \/>\n<meta property=\"og:url\" content=\"https:\/\/labochem.com.vn\/en\/s\u1ea3n ph\u1ea9m\/may-do-toc-do-gio-model-gm-8902\/\" \/>\n<meta property=\"og:site_name\" content=\"C\u00f4ng ty TNHH LABOCHEM Vi\u1ec7t Nam\" \/>\n<meta property=\"article:modified_time\" content=\"2020-05-16T09:28:22+00:00\" \/>\n<meta property=\"og:image\" content=\"https:\/\/labochem.com.vn\/wp-content\/uploads\/2020\/05\/gm8902.jpg\" \/>\n\t<meta property=\"og:image:width\" content=\"281\" \/>\n\t<meta property=\"og:image:height\" content=\"279\" \/>\n\t<meta property=\"og:image:type\" content=\"image\/jpeg\" \/>\n<meta name=\"twitter:card\" content=\"summary_large_image\" \/>\n<script type=\"application\/ld+json\" class=\"yoast-schema-graph\">{\"@context\":\"https:\/\/schema.org\",\"@graph\":[{\"@type\":\"WebPage\",\"@id\":\"https:\/\/labochem.com.vn\/en\/s\u1ea3n ph\u1ea9m\/may-do-toc-do-gio-model-gm-8902\/\",\"url\":\"https:\/\/labochem.com.vn\/en\/s\u1ea3n ph\u1ea9m\/may-do-toc-do-gio-model-gm-8902\/\",\"name\":\"[:vi]M\u00c1Y \u0110O T\u1ed0C \u0110\u1ed8 GI\u00d3 Model: GM 8902+[:] - C\u00f4ng ty TNHH LABOCHEM Vi\u1ec7t Nam\",\"isPartOf\":{\"@id\":\"https:\/\/labochem.com.vn\/#website\"},\"primaryImageOfPage\":{\"@id\":\"https:\/\/labochem.com.vn\/en\/s\u1ea3n ph\u1ea9m\/may-do-toc-do-gio-model-gm-8902\/#primaryimage\"},\"image\":{\"@id\":\"https:\/\/labochem.com.vn\/en\/s\u1ea3n ph\u1ea9m\/may-do-toc-do-gio-model-gm-8902\/#primaryimage\"},\"thumbnailUrl\":\"https:\/\/labochem.com.vn\/wp-content\/uploads\/2020\/05\/gm8902.jpg\",\"datePublished\":\"2020-05-06T03:16:12+00:00\",\"dateModified\":\"2020-05-16T09:28:22+00:00\",\"breadcrumb\":{\"@id\":\"https:\/\/labochem.com.vn\/en\/s\u1ea3n ph\u1ea9m\/may-do-toc-do-gio-model-gm-8902\/#breadcrumb\"},\"inLanguage\":\"en-US\",\"potentialAction\":[{\"@type\":\"ReadAction\",\"target\":[\"https:\/\/labochem.com.vn\/en\/s\u1ea3n ph\u1ea9m\/may-do-toc-do-gio-model-gm-8902\/\"]}]},{\"@type\":\"ImageObject\",\"inLanguage\":\"en-US\",\"@id\":\"https:\/\/labochem.com.vn\/en\/s\u1ea3n ph\u1ea9m\/may-do-toc-do-gio-model-gm-8902\/#primaryimage\",\"url\":\"https:\/\/labochem.com.vn\/wp-content\/uploads\/2020\/05\/gm8902.jpg\",\"contentUrl\":\"https:\/\/labochem.com.vn\/wp-content\/uploads\/2020\/05\/gm8902.jpg\",\"width\":281,\"height\":279},{\"@type\":\"BreadcrumbList\",\"@id\":\"https:\/\/labochem.com.vn\/en\/s\u1ea3n ph\u1ea9m\/may-do-toc-do-gio-model-gm-8902\/#breadcrumb\",\"itemListElement\":[{\"@type\":\"ListItem\",\"position\":1,\"name\":\"Home\",\"item\":\"https:\/\/labochem.com.vn\/\"},{\"@type\":\"ListItem\",\"position\":2,\"name\":\"C\u1eeda h\u00e0ng\",\"item\":\"https:\/\/labochem.com.vn\/mua\/\"},{\"@type\":\"ListItem\",\"position\":3,\"name\":\"(Ti\u1ebfng Vi\u1ec7t) M\u00c1Y \u0110O T\u1ed0C \u0110\u1ed8 GI\u00d3 Model: GM 8902+\"}]},{\"@type\":\"WebSite\",\"@id\":\"https:\/\/labochem.com.vn\/#website\",\"url\":\"https:\/\/labochem.com.vn\/\",\"name\":\"C\u00f4ng ty TNHH LABOCHEM Vi\u1ec7t Nam\",\"description\":\"M\u1ed9t trang web m\u1edbi s\u1eed d\u1ee5ng WordPress\",\"potentialAction\":[{\"@type\":\"SearchAction\",\"target\":{\"@type\":\"EntryPoint\",\"urlTemplate\":\"https:\/\/labochem.com.vn\/?s={search_term_string}\"},\"query-input\":\"required name=search_term_string\"}],\"inLanguage\":\"en-US\"}]}<\/script>\n<!-- \/ Yoast SEO plugin. -->","yoast_head_json":{"title":"[:vi]M\u00c1Y \u0110O T\u1ed0C \u0110\u1ed8 GI\u00d3 Model: GM 8902+[:] - C\u00f4ng ty TNHH LABOCHEM Vi\u1ec7t Nam","robots":{"index":"index","follow":"follow","max-snippet":"max-snippet:-1","max-image-preview":"max-image-preview:large","max-video-preview":"max-video-preview:-1"},"canonical":"https:\/\/labochem.com.vn\/en\/s\u1ea3n ph\u1ea9m\/may-do-toc-do-gio-model-gm-8902\/","og_locale":"en_US","og_type":"article","og_title":"[:vi]M\u00c1Y \u0110O T\u1ed0C \u0110\u1ed8 GI\u00d3 Model: GM 8902+[:] - C\u00f4ng ty TNHH LABOCHEM Vi\u1ec7t Nam","og_description":"[:vi]M\u00c1Y \u0110O T\u1ed0C \u0110\u1ed8 GI\u00d3  Model: GM 8902+  M\u00e1y \u0111o t\u1ed1c \u0111\u1ed9 gi\u00f3 Benetech GM 8902+\u00a0l\u00e0 m\u1ed9t d\u1ee5ng c\u1ee5 \u0111o chuy\u00ean nghi\u1ec7p \u0111\u01b0\u1ee3c trang b\u1ecb m\u1ed9t ch\u1ee9c n\u0103ng nh\u1ea1y c\u1ea3m t\u1eeb xa \u0111\u1ec3 \u0111o \u1edf nh\u1eefng n\u01a1i kh\u00f3 ti\u1ebfp c\u1eadn. Trong th\u1eddi gian th\u1ef1c, n\u00f3 c\u00f3 th\u1ec3 \u0111o t\u1ed1c \u0111\u1ed9, \u00e2m l\u01b0\u1ee3ng v\u00e0 nhi\u1ec7t \u0111\u1ed9 c\u1ee7a lu\u1ed3ng kh\u00f4ng kh\u00ed. M\u00e1y r\u1ea5t d\u1ec5 s\u1eed d\u1ee5ng v\u00e0 \u0111\u00e1ng tin c\u1eady, \u0111\u01b0\u1ee3c trang b\u1ecb b\u1ed9 nh\u1edb cho 50 \u0111i\u1ec3m v\u00e0 kh\u1ea3 n\u0103ng k\u1ebft n\u1ed1i v\u1edbi PC.  C\u00e1c gi\u00e1 tr\u1ecb \u0111o: v\u1eadn t\u1ed1c kh\u00f4ng kh\u00ed, nhi\u1ec7t \u0111\u1ed9 kh\u00f4ng kh\u00ed  D\u1ea3i \u0111o v\u1eadn t\u1ed1c kh\u00f4ng kh\u00ed: 0.3 ~ 45m\/s,  D\u1ea3i do nhi\u1ec7t \u0111\u1ed9 : 0 ~ 45\u00baC, 32 ~ 113\u00baF  L\u01b0\u1ee3ng kh\u00f4ng kh\u00ed: 0 ~999900m3\/ph\u00fat  \u0110\u1ed9 ph\u00e2n gi\u1ea3i: 0.2\u00baC, 0.1m \/ s  \u0110\u01a1n v\u1ecb v\u1eadn t\u1ed1c: m\/s, Ft\/ ph\u00fat, nut, Km\/h  M\u00e0n h\u00ecnh: LCD  C\u1ea3m bi\u1ebfn v\u1eadn t\u1ed1c kh\u00f4ng kh\u00ed: c\u00e1nh qu\u1ea1t nh\u1ef1a, c\u1ea3m \u1ee9ng t\u1eeb  C\u1ea3m bi\u1ebfn nhi\u1ec7t \u0111\u1ed9: nhi\u1ec7t k\u1ebf NTC  B\u00e1o khi pin y\u1ebfu  T\u1ef1 \u0111\u1ed9ng ng\u1eaft \u0111i\u1ec7n: 14 ph\u00fat m\u00e0 kh\u00f4ng c\u00f3 b\u1ea5t k\u1ef3 ho\u1ea1t \u0111\u1ed9ng  Ngu\u1ed3n \u0111i\u1ec7n d\u00f9ng pin (1 x 9V)  K\u00edch th\u01b0\u1edbc: 77 x 36 x 163.5mm[:]","og_url":"https:\/\/labochem.com.vn\/en\/s\u1ea3n ph\u1ea9m\/may-do-toc-do-gio-model-gm-8902\/","og_site_name":"C\u00f4ng ty TNHH LABOCHEM Vi\u1ec7t Nam","article_modified_time":"2020-05-16T09:28:22+00:00","og_image":[{"width":281,"height":279,"url":"https:\/\/labochem.com.vn\/wp-content\/uploads\/2020\/05\/gm8902.jpg","type":"image\/jpeg"}],"twitter_card":"summary_large_image","schema":{"@context":"https:\/\/schema.org","@graph":[{"@type":"WebPage","@id":"https:\/\/labochem.com.vn\/en\/s\u1ea3n ph\u1ea9m\/may-do-toc-do-gio-model-gm-8902\/","url":"https:\/\/labochem.com.vn\/en\/s\u1ea3n ph\u1ea9m\/may-do-toc-do-gio-model-gm-8902\/","name":"[:vi]M\u00c1Y \u0110O T\u1ed0C \u0110\u1ed8 GI\u00d3 Model: GM 8902+[:] - C\u00f4ng ty TNHH LABOCHEM Vi\u1ec7t Nam","isPartOf":{"@id":"https:\/\/labochem.com.vn\/#website"},"primaryImageOfPage":{"@id":"https:\/\/labochem.com.vn\/en\/s\u1ea3n ph\u1ea9m\/may-do-toc-do-gio-model-gm-8902\/#primaryimage"},"image":{"@id":"https:\/\/labochem.com.vn\/en\/s\u1ea3n ph\u1ea9m\/may-do-toc-do-gio-model-gm-8902\/#primaryimage"},"thumbnailUrl":"https:\/\/labochem.com.vn\/wp-content\/uploads\/2020\/05\/gm8902.jpg","datePublished":"2020-05-06T03:16:12+00:00","dateModified":"2020-05-16T09:28:22+00:00","breadcrumb":{"@id":"https:\/\/labochem.com.vn\/en\/s\u1ea3n ph\u1ea9m\/may-do-toc-do-gio-model-gm-8902\/#breadcrumb"},"inLanguage":"en-US","potentialAction":[{"@type":"ReadAction","target":["https:\/\/labochem.com.vn\/en\/s\u1ea3n ph\u1ea9m\/may-do-toc-do-gio-model-gm-8902\/"]}]},{"@type":"ImageObject","inLanguage":"en-US","@id":"https:\/\/labochem.com.vn\/en\/s\u1ea3n ph\u1ea9m\/may-do-toc-do-gio-model-gm-8902\/#primaryimage","url":"https:\/\/labochem.com.vn\/wp-content\/uploads\/2020\/05\/gm8902.jpg","contentUrl":"https:\/\/labochem.com.vn\/wp-content\/uploads\/2020\/05\/gm8902.jpg","width":281,"height":279},{"@type":"BreadcrumbList","@id":"https:\/\/labochem.com.vn\/en\/s\u1ea3n ph\u1ea9m\/may-do-toc-do-gio-model-gm-8902\/#breadcrumb","itemListElement":[{"@type":"ListItem","position":1,"name":"Home","item":"https:\/\/labochem.com.vn\/"},{"@type":"ListItem","position":2,"name":"C\u1eeda h\u00e0ng","item":"https:\/\/labochem.com.vn\/mua\/"},{"@type":"ListItem","position":3,"name":"(Ti\u1ebfng Vi\u1ec7t) M\u00c1Y \u0110O T\u1ed0C \u0110\u1ed8 GI\u00d3 Model: GM 8902+"}]},{"@type":"WebSite","@id":"https:\/\/labochem.com.vn\/#website","url":"https:\/\/labochem.com.vn\/","name":"C\u00f4ng ty TNHH LABOCHEM Vi\u1ec7t Nam","description":"M\u1ed9t trang web m\u1edbi s\u1eed d\u1ee5ng WordPress","potentialAction":[{"@type":"SearchAction","target":{"@type":"EntryPoint","urlTemplate":"https:\/\/labochem.com.vn\/?s={search_term_string}"},"query-input":"required name=search_term_string"}],"inLanguage":"en-US"}]}},"_links":{"self":[{"href":"https:\/\/labochem.com.vn\/en\/wp-json\/wp\/v2\/product\/230"}],"collection":[{"href":"https:\/\/labochem.com.vn\/en\/wp-json\/wp\/v2\/product"}],"about":[{"href":"https:\/\/labochem.com.vn\/en\/wp-json\/wp\/v2\/types\/product"}],"replies":[{"embeddable":true,"href":"https:\/\/labochem.com.vn\/en\/wp-json\/wp\/v2\/comments?post=230"}],"wp:featuredmedia":[{"embeddable":true,"href":"https:\/\/labochem.com.vn\/en\/wp-json\/wp\/v2\/media\/231"}],"wp:attachment":[{"href":"https:\/\/labochem.com.vn\/en\/wp-json\/wp\/v2\/media?parent=230"}],"wp:term":[{"taxonomy":"product_cat","embeddable":true,"href":"https:\/\/labochem.com.vn\/en\/wp-json\/wp\/v2\/product_cat?post=230"},{"taxonomy":"product_tag","embeddable":true,"href":"https:\/\/labochem.com.vn\/en\/wp-json\/wp\/v2\/product_tag?post=230"}],"curies":[{"name":"wp","href":"https:\/\/api.w.org\/{rel}","templated":true}]}}