{"id":228,"date":"2020-05-06T03:12:07","date_gmt":"2020-05-06T03:12:07","guid":{"rendered":"http:\/\/labochem.com.vn\/?post_type=product&#038;p=228"},"modified":"2020-05-16T08:33:39","modified_gmt":"2020-05-16T08:33:39","slug":"may-do-do-rung-model-gm63a","status":"publish","type":"product","link":"https:\/\/labochem.com.vn\/en\/s\u1ea3n ph\u1ea9m\/may-do-do-rung-model-gm63a\/","title":{"rendered":"(Ti\u1ebfng Vi\u1ec7t) M\u00c1Y \u0110O \u0110\u1ed8 RUNG  Model: GM63A"},"content":{"rendered":"","protected":false},"excerpt":{"rendered":"<p class=\"qtranxs-available-languages-message qtranxs-available-languages-message-en\">Sorry, this entry is only available in <a href=\"https:\/\/labochem.com.vn\/vi\/wp-json\/wp\/v2\/product\/228\" class=\"qtranxs-available-language-link qtranxs-available-language-link-vi\" title=\"Ti\u1ebfng Vi\u1ec7t\">Ti\u1ebfng Vi\u1ec7t<\/a>.<\/p>\n","protected":false},"featured_media":229,"comment_status":"open","ping_status":"closed","template":"","meta":[],"product_cat":[33],"product_tag":[62],"yoast_head":"<!-- This site is optimized with the Yoast SEO plugin v22.6 - https:\/\/yoast.com\/wordpress\/plugins\/seo\/ -->\n<title><\/title>\n<meta name=\"robots\" content=\"index, follow, max-snippet:-1, max-image-preview:large, max-video-preview:-1\" \/>\n<link rel=\"canonical\" href=\"https:\/\/labochem.com.vn\/en\/s\u1ea3n%20ph\u1ea9m\/may-do-do-rung-model-gm63a\/\" \/>\n<meta property=\"og:locale\" content=\"en_US\" \/>\n<meta property=\"og:type\" content=\"article\" \/>\n<meta property=\"og:title\" content=\"[:vi]M\u00c1Y \u0110O \u0110\u1ed8 RUNG Model: GM63A[:] - C\u00f4ng ty TNHH LABOCHEM Vi\u1ec7t Nam\" \/>\n<meta property=\"og:description\" content=\"[:vi]M\u00e1y \u0111o \u0111\u1ed9 rung c\u1ea7m tay c\u1ea7m tay GM63A M\u00e1y \u0111o \u0111\u1ed9 rung\u00a0\u0111\u01b0\u1ee3c s\u1eed d\u1ee5ng r\u1ed9ng r\u00e3i v\u00e0 linh ho\u1ea1t trong ng\u00e0nh d\u1ea7u kh\u00ed, h\u00f3a h\u1ecdc, luy\u1ec7n kim, m\u00e1y m\u00f3c, m\u1ecf ho\u1eb7c c\u00e1c ng\u00e0nh c\u00f4ng nghi\u1ec7p kh\u00e1c.\u00a0BENETECH GM63A\u00a0\u0111\u01b0\u1ee3c s\u1eed d\u1ee5ng r\u1ed9ng r\u00e3i \u0111\u1ec3 gi\u00e1m s\u00e1t tr\u1ea1ng th\u00e1i rung \u0111\u1ed9ng c\u1ee7a thi\u1ebft b\u1ecb c\u01a1 kh\u00ed v\u00e0 ch\u1ea9n \u0111o\u00e1n l\u1ed7i. ch\u1ee9c n\u0103ng \u0111\u1ed3ng h\u1ed3 \u0111o \u0111\u1ec3 \u0111o gia t\u1ed1c, v\u1eadn t\u1ed1c v\u00e0 di d\u1eddi.\u00a0\u0111\u1ed9 ch\u00ednh x\u00e1c cao v\u00e0 \u0111\u1ed9 \u1ed5n \u0111\u1ecbnh cao l\u1ee3i th\u1ebf th\u00eam gi\u00e1 tr\u1ecb s\u1eed d\u1ee5ng c\u1ee7a n\u00f3 v\u00e0 chi ph\u00ed th\u1ef1c hi\u1ec7n.\u00a0V\u1edbi m\u1ed9t \u1ed5 c\u1eafm \u0111\u1ea7u ra AC, n\u00f3 c\u00f3 th\u1ec3 truy c\u1eadp \u0111\u1ec3 nh\u1eadn \u0111\u01b0\u1ee3c t\u00edn hi\u1ec7u thu\u1eadn ti\u1ec7n.\u00a0B\u00ean c\u1ea1nh \u0111\u00f3, thi\u1ebft k\u1ebf v\u1edbi m\u1ed9t d\u00e2y \u0111eo tr\u00ean m\u1eb7t c\u1ee7a n\u00f3 l\u00e0 x\u00e1ch tay \u0111\u1ec3 th\u1ef1c hi\u1ec7n trong qu\u00e1 tr\u00ecnh s\u1eed d\u1ee5ng.\u00a0\u0110\u00f3 l\u00e0 ti\u1ebft ki\u1ec7m n\u0103ng l\u01b0\u1ee3ng v\u00e0 th\u00e2n thi\u1ec7n v\u1edbi m\u00f4i tr\u01b0\u1eddng ch\u1ec9 c\u1ea7n m\u1ed9t c\u00e1i pin.  T\u00cdNH N\u0102NG, \u0110\u1eb6C \u0110I\u1ec2M C\u1ee6A THI\u1ebeT B\u1eca \u0110O \u0110\u1ed8 RUNG GM63A.   \u0110o t\u1ed1c, v\u1eadn t\u1ed1c v\u00e0 Displacement  \u0110\u1ed9 ch\u00ednh x\u00e1c cao v\u1edbi 5% ch\u00eanh l\u1ec7ch l\u00ean xu\u1ed1ng  B\u1ea1n c\u00f3 th\u1ec3 ch\u1ecdn c\u00e1c t\u00ednh n\u0103ng t\u1ea7n s\u1ed1 rung \u0111\u1ed9ng kh\u00e1c nhau  ch\u1ee9c n\u0103ng xu\u1ea5t d\u1eef li\u1ec7u  Ch\u1ee9c n\u0103ng hi\u1ec3n th\u1ecb \u0111\u00e8n n\u1ec1n LCD  d\u1ea5u hi\u1ec7u pin y\u1ebfu l\u00e0 ti\u1ebft ki\u1ec7m n\u0103ng l\u01b0\u1ee3ng  t\u1eaft ch\u1ee9c n\u0103ng t\u1ef1 \u0111\u1ed9ng  Th\u00f4ng s\u1ed1 k\u1ef9 thu\u1eadt c\u1ee7a m\u00e1y \u0111o \u0111\u1ed9 rung c\u1ea7m tay Benetech GM63A - Model: GM63A -\u00a0H\u00e3ng s\u1ea3n xu\u1ea5t : Benetech -\u00a0Gia t\u1ed1c: 0.1 ~ 199.9m \/ s -\u00a0V\u1eadn t\u1ed1c: 0.1 ~ 1999.9m \/ s -\u00a0\u0110\u1ed9 d\u1ecbch chuy\u1ec3n: 0,001 ~ 1,999 mm (P-P) -\u00a0\u0110\u1ed9 ch\u00ednh x\u00e1c: \u00b1 5% H \u00b1 2digits -\u00a0T\u1ea7n s\u1ed1 \u0111o: Gia t\u1ed1c: 10Hz ~ 1KHz (LO); 1KHz ~ 15kHz (HI) -\u00a0V\u1eadn t\u1ed1c: 10Hz ~ 1KHz (LO) -\u00a0\u0110\u1ed9 d\u1ecbch chuy\u1ec3n: 10Hz ~ 1KHz (LO) -\u00a0Nhi\u1ec7t \u0111\u1ed9 ho\u1ea1t \u0111\u1ed9ng: 0 ~ 40 \u2103 -\u00a0\u0110\u01b0\u1ee3c trang b\u1ecb hai t\u00e0u th\u0103m d\u00f2 (S v\u00e0 L) \u0111\u1ec3 th\u00edch \u1ee9ng v\u1edbi c\u00e1c y\u00eau c\u1ea7u \u0111o l\u01b0\u1eddng kh\u00e1c nhau -\u00a0B\u00e1o khi pin y\u1ebfu -\u00a0T\u1ef1 \u0111\u1ed9ng t\u1eaft ngu\u1ed3n -\u00a0Ngu\u1ed3n \u0111i\u1ec7n d\u00f9ng pin -\u00a0K\u00edch th\u01b0\u1edbc 175 x 67 x 33mm -\u00a0Tr\u1ecdng l\u01b0\u1ee3ng: 134 g[:]\" \/>\n<meta property=\"og:url\" content=\"https:\/\/labochem.com.vn\/en\/s\u1ea3n ph\u1ea9m\/may-do-do-rung-model-gm63a\/\" \/>\n<meta property=\"og:site_name\" content=\"C\u00f4ng ty TNHH LABOCHEM Vi\u1ec7t Nam\" \/>\n<meta property=\"article:modified_time\" content=\"2020-05-16T08:33:39+00:00\" \/>\n<meta property=\"og:image\" content=\"https:\/\/labochem.com.vn\/wp-content\/uploads\/2020\/05\/GM63A-E.jpg\" \/>\n\t<meta property=\"og:image:width\" content=\"2289\" \/>\n\t<meta property=\"og:image:height\" content=\"2502\" \/>\n\t<meta property=\"og:image:type\" content=\"image\/jpeg\" \/>\n<meta name=\"twitter:card\" content=\"summary_large_image\" \/>\n<script type=\"application\/ld+json\" class=\"yoast-schema-graph\">{\"@context\":\"https:\/\/schema.org\",\"@graph\":[{\"@type\":\"WebPage\",\"@id\":\"https:\/\/labochem.com.vn\/en\/s\u1ea3n ph\u1ea9m\/may-do-do-rung-model-gm63a\/\",\"url\":\"https:\/\/labochem.com.vn\/en\/s\u1ea3n ph\u1ea9m\/may-do-do-rung-model-gm63a\/\",\"name\":\"[:vi]M\u00c1Y \u0110O \u0110\u1ed8 RUNG Model: GM63A[:] - C\u00f4ng ty TNHH LABOCHEM Vi\u1ec7t Nam\",\"isPartOf\":{\"@id\":\"https:\/\/labochem.com.vn\/#website\"},\"primaryImageOfPage\":{\"@id\":\"https:\/\/labochem.com.vn\/en\/s\u1ea3n ph\u1ea9m\/may-do-do-rung-model-gm63a\/#primaryimage\"},\"image\":{\"@id\":\"https:\/\/labochem.com.vn\/en\/s\u1ea3n ph\u1ea9m\/may-do-do-rung-model-gm63a\/#primaryimage\"},\"thumbnailUrl\":\"https:\/\/labochem.com.vn\/wp-content\/uploads\/2020\/05\/GM63A-E.jpg\",\"datePublished\":\"2020-05-06T03:12:07+00:00\",\"dateModified\":\"2020-05-16T08:33:39+00:00\",\"breadcrumb\":{\"@id\":\"https:\/\/labochem.com.vn\/en\/s\u1ea3n ph\u1ea9m\/may-do-do-rung-model-gm63a\/#breadcrumb\"},\"inLanguage\":\"en-US\",\"potentialAction\":[{\"@type\":\"ReadAction\",\"target\":[\"https:\/\/labochem.com.vn\/en\/s\u1ea3n ph\u1ea9m\/may-do-do-rung-model-gm63a\/\"]}]},{\"@type\":\"ImageObject\",\"inLanguage\":\"en-US\",\"@id\":\"https:\/\/labochem.com.vn\/en\/s\u1ea3n ph\u1ea9m\/may-do-do-rung-model-gm63a\/#primaryimage\",\"url\":\"https:\/\/labochem.com.vn\/wp-content\/uploads\/2020\/05\/GM63A-E.jpg\",\"contentUrl\":\"https:\/\/labochem.com.vn\/wp-content\/uploads\/2020\/05\/GM63A-E.jpg\",\"width\":2289,\"height\":2502},{\"@type\":\"BreadcrumbList\",\"@id\":\"https:\/\/labochem.com.vn\/en\/s\u1ea3n ph\u1ea9m\/may-do-do-rung-model-gm63a\/#breadcrumb\",\"itemListElement\":[{\"@type\":\"ListItem\",\"position\":1,\"name\":\"Home\",\"item\":\"https:\/\/labochem.com.vn\/\"},{\"@type\":\"ListItem\",\"position\":2,\"name\":\"C\u1eeda h\u00e0ng\",\"item\":\"https:\/\/labochem.com.vn\/mua\/\"},{\"@type\":\"ListItem\",\"position\":3,\"name\":\"(Ti\u1ebfng Vi\u1ec7t) M\u00c1Y \u0110O \u0110\u1ed8 RUNG Model: GM63A\"}]},{\"@type\":\"WebSite\",\"@id\":\"https:\/\/labochem.com.vn\/#website\",\"url\":\"https:\/\/labochem.com.vn\/\",\"name\":\"C\u00f4ng ty TNHH LABOCHEM Vi\u1ec7t Nam\",\"description\":\"M\u1ed9t trang web m\u1edbi s\u1eed d\u1ee5ng WordPress\",\"potentialAction\":[{\"@type\":\"SearchAction\",\"target\":{\"@type\":\"EntryPoint\",\"urlTemplate\":\"https:\/\/labochem.com.vn\/?s={search_term_string}\"},\"query-input\":\"required name=search_term_string\"}],\"inLanguage\":\"en-US\"}]}<\/script>\n<!-- \/ Yoast SEO plugin. -->","yoast_head_json":{"title":"[:vi]M\u00c1Y \u0110O \u0110\u1ed8 RUNG Model: GM63A[:] - C\u00f4ng ty TNHH LABOCHEM Vi\u1ec7t Nam","robots":{"index":"index","follow":"follow","max-snippet":"max-snippet:-1","max-image-preview":"max-image-preview:large","max-video-preview":"max-video-preview:-1"},"canonical":"https:\/\/labochem.com.vn\/en\/s\u1ea3n ph\u1ea9m\/may-do-do-rung-model-gm63a\/","og_locale":"en_US","og_type":"article","og_title":"[:vi]M\u00c1Y \u0110O \u0110\u1ed8 RUNG Model: GM63A[:] - C\u00f4ng ty TNHH LABOCHEM Vi\u1ec7t Nam","og_description":"[:vi]M\u00e1y \u0111o \u0111\u1ed9 rung c\u1ea7m tay c\u1ea7m tay GM63A M\u00e1y \u0111o \u0111\u1ed9 rung\u00a0\u0111\u01b0\u1ee3c s\u1eed d\u1ee5ng r\u1ed9ng r\u00e3i v\u00e0 linh ho\u1ea1t trong ng\u00e0nh d\u1ea7u kh\u00ed, h\u00f3a h\u1ecdc, luy\u1ec7n kim, m\u00e1y m\u00f3c, m\u1ecf ho\u1eb7c c\u00e1c ng\u00e0nh c\u00f4ng nghi\u1ec7p kh\u00e1c.\u00a0BENETECH GM63A\u00a0\u0111\u01b0\u1ee3c s\u1eed d\u1ee5ng r\u1ed9ng r\u00e3i \u0111\u1ec3 gi\u00e1m s\u00e1t tr\u1ea1ng th\u00e1i rung \u0111\u1ed9ng c\u1ee7a thi\u1ebft b\u1ecb c\u01a1 kh\u00ed v\u00e0 ch\u1ea9n \u0111o\u00e1n l\u1ed7i. ch\u1ee9c n\u0103ng \u0111\u1ed3ng h\u1ed3 \u0111o \u0111\u1ec3 \u0111o gia t\u1ed1c, v\u1eadn t\u1ed1c v\u00e0 di d\u1eddi.\u00a0\u0111\u1ed9 ch\u00ednh x\u00e1c cao v\u00e0 \u0111\u1ed9 \u1ed5n \u0111\u1ecbnh cao l\u1ee3i th\u1ebf th\u00eam gi\u00e1 tr\u1ecb s\u1eed d\u1ee5ng c\u1ee7a n\u00f3 v\u00e0 chi ph\u00ed th\u1ef1c hi\u1ec7n.\u00a0V\u1edbi m\u1ed9t \u1ed5 c\u1eafm \u0111\u1ea7u ra AC, n\u00f3 c\u00f3 th\u1ec3 truy c\u1eadp \u0111\u1ec3 nh\u1eadn \u0111\u01b0\u1ee3c t\u00edn hi\u1ec7u thu\u1eadn ti\u1ec7n.\u00a0B\u00ean c\u1ea1nh \u0111\u00f3, thi\u1ebft k\u1ebf v\u1edbi m\u1ed9t d\u00e2y \u0111eo tr\u00ean m\u1eb7t c\u1ee7a n\u00f3 l\u00e0 x\u00e1ch tay \u0111\u1ec3 th\u1ef1c hi\u1ec7n trong qu\u00e1 tr\u00ecnh s\u1eed d\u1ee5ng.\u00a0\u0110\u00f3 l\u00e0 ti\u1ebft ki\u1ec7m n\u0103ng l\u01b0\u1ee3ng v\u00e0 th\u00e2n thi\u1ec7n v\u1edbi m\u00f4i tr\u01b0\u1eddng ch\u1ec9 c\u1ea7n m\u1ed9t c\u00e1i pin.  T\u00cdNH N\u0102NG, \u0110\u1eb6C \u0110I\u1ec2M C\u1ee6A THI\u1ebeT B\u1eca \u0110O \u0110\u1ed8 RUNG GM63A.   \u0110o t\u1ed1c, v\u1eadn t\u1ed1c v\u00e0 Displacement  \u0110\u1ed9 ch\u00ednh x\u00e1c cao v\u1edbi 5% ch\u00eanh l\u1ec7ch l\u00ean xu\u1ed1ng  B\u1ea1n c\u00f3 th\u1ec3 ch\u1ecdn c\u00e1c t\u00ednh n\u0103ng t\u1ea7n s\u1ed1 rung \u0111\u1ed9ng kh\u00e1c nhau  ch\u1ee9c n\u0103ng xu\u1ea5t d\u1eef li\u1ec7u  Ch\u1ee9c n\u0103ng hi\u1ec3n th\u1ecb \u0111\u00e8n n\u1ec1n LCD  d\u1ea5u hi\u1ec7u pin y\u1ebfu l\u00e0 ti\u1ebft ki\u1ec7m n\u0103ng l\u01b0\u1ee3ng  t\u1eaft ch\u1ee9c n\u0103ng t\u1ef1 \u0111\u1ed9ng  Th\u00f4ng s\u1ed1 k\u1ef9 thu\u1eadt c\u1ee7a m\u00e1y \u0111o \u0111\u1ed9 rung c\u1ea7m tay Benetech GM63A - Model: GM63A -\u00a0H\u00e3ng s\u1ea3n xu\u1ea5t : Benetech -\u00a0Gia t\u1ed1c: 0.1 ~ 199.9m \/ s -\u00a0V\u1eadn t\u1ed1c: 0.1 ~ 1999.9m \/ s -\u00a0\u0110\u1ed9 d\u1ecbch chuy\u1ec3n: 0,001 ~ 1,999 mm (P-P) -\u00a0\u0110\u1ed9 ch\u00ednh x\u00e1c: \u00b1 5% H \u00b1 2digits -\u00a0T\u1ea7n s\u1ed1 \u0111o: Gia t\u1ed1c: 10Hz ~ 1KHz (LO); 1KHz ~ 15kHz (HI) -\u00a0V\u1eadn t\u1ed1c: 10Hz ~ 1KHz (LO) -\u00a0\u0110\u1ed9 d\u1ecbch chuy\u1ec3n: 10Hz ~ 1KHz (LO) -\u00a0Nhi\u1ec7t \u0111\u1ed9 ho\u1ea1t \u0111\u1ed9ng: 0 ~ 40 \u2103 -\u00a0\u0110\u01b0\u1ee3c trang b\u1ecb hai t\u00e0u th\u0103m d\u00f2 (S v\u00e0 L) \u0111\u1ec3 th\u00edch \u1ee9ng v\u1edbi c\u00e1c y\u00eau c\u1ea7u \u0111o l\u01b0\u1eddng kh\u00e1c nhau -\u00a0B\u00e1o khi pin y\u1ebfu -\u00a0T\u1ef1 \u0111\u1ed9ng t\u1eaft ngu\u1ed3n -\u00a0Ngu\u1ed3n \u0111i\u1ec7n d\u00f9ng pin -\u00a0K\u00edch th\u01b0\u1edbc 175 x 67 x 33mm -\u00a0Tr\u1ecdng l\u01b0\u1ee3ng: 134 g[:]","og_url":"https:\/\/labochem.com.vn\/en\/s\u1ea3n ph\u1ea9m\/may-do-do-rung-model-gm63a\/","og_site_name":"C\u00f4ng ty TNHH LABOCHEM Vi\u1ec7t Nam","article_modified_time":"2020-05-16T08:33:39+00:00","og_image":[{"width":2289,"height":2502,"url":"https:\/\/labochem.com.vn\/wp-content\/uploads\/2020\/05\/GM63A-E.jpg","type":"image\/jpeg"}],"twitter_card":"summary_large_image","schema":{"@context":"https:\/\/schema.org","@graph":[{"@type":"WebPage","@id":"https:\/\/labochem.com.vn\/en\/s\u1ea3n ph\u1ea9m\/may-do-do-rung-model-gm63a\/","url":"https:\/\/labochem.com.vn\/en\/s\u1ea3n ph\u1ea9m\/may-do-do-rung-model-gm63a\/","name":"[:vi]M\u00c1Y \u0110O \u0110\u1ed8 RUNG Model: GM63A[:] - C\u00f4ng ty TNHH LABOCHEM Vi\u1ec7t Nam","isPartOf":{"@id":"https:\/\/labochem.com.vn\/#website"},"primaryImageOfPage":{"@id":"https:\/\/labochem.com.vn\/en\/s\u1ea3n ph\u1ea9m\/may-do-do-rung-model-gm63a\/#primaryimage"},"image":{"@id":"https:\/\/labochem.com.vn\/en\/s\u1ea3n ph\u1ea9m\/may-do-do-rung-model-gm63a\/#primaryimage"},"thumbnailUrl":"https:\/\/labochem.com.vn\/wp-content\/uploads\/2020\/05\/GM63A-E.jpg","datePublished":"2020-05-06T03:12:07+00:00","dateModified":"2020-05-16T08:33:39+00:00","breadcrumb":{"@id":"https:\/\/labochem.com.vn\/en\/s\u1ea3n ph\u1ea9m\/may-do-do-rung-model-gm63a\/#breadcrumb"},"inLanguage":"en-US","potentialAction":[{"@type":"ReadAction","target":["https:\/\/labochem.com.vn\/en\/s\u1ea3n ph\u1ea9m\/may-do-do-rung-model-gm63a\/"]}]},{"@type":"ImageObject","inLanguage":"en-US","@id":"https:\/\/labochem.com.vn\/en\/s\u1ea3n ph\u1ea9m\/may-do-do-rung-model-gm63a\/#primaryimage","url":"https:\/\/labochem.com.vn\/wp-content\/uploads\/2020\/05\/GM63A-E.jpg","contentUrl":"https:\/\/labochem.com.vn\/wp-content\/uploads\/2020\/05\/GM63A-E.jpg","width":2289,"height":2502},{"@type":"BreadcrumbList","@id":"https:\/\/labochem.com.vn\/en\/s\u1ea3n ph\u1ea9m\/may-do-do-rung-model-gm63a\/#breadcrumb","itemListElement":[{"@type":"ListItem","position":1,"name":"Home","item":"https:\/\/labochem.com.vn\/"},{"@type":"ListItem","position":2,"name":"C\u1eeda h\u00e0ng","item":"https:\/\/labochem.com.vn\/mua\/"},{"@type":"ListItem","position":3,"name":"(Ti\u1ebfng Vi\u1ec7t) M\u00c1Y \u0110O \u0110\u1ed8 RUNG Model: GM63A"}]},{"@type":"WebSite","@id":"https:\/\/labochem.com.vn\/#website","url":"https:\/\/labochem.com.vn\/","name":"C\u00f4ng ty TNHH LABOCHEM Vi\u1ec7t Nam","description":"M\u1ed9t trang web m\u1edbi s\u1eed d\u1ee5ng WordPress","potentialAction":[{"@type":"SearchAction","target":{"@type":"EntryPoint","urlTemplate":"https:\/\/labochem.com.vn\/?s={search_term_string}"},"query-input":"required name=search_term_string"}],"inLanguage":"en-US"}]}},"_links":{"self":[{"href":"https:\/\/labochem.com.vn\/en\/wp-json\/wp\/v2\/product\/228"}],"collection":[{"href":"https:\/\/labochem.com.vn\/en\/wp-json\/wp\/v2\/product"}],"about":[{"href":"https:\/\/labochem.com.vn\/en\/wp-json\/wp\/v2\/types\/product"}],"replies":[{"embeddable":true,"href":"https:\/\/labochem.com.vn\/en\/wp-json\/wp\/v2\/comments?post=228"}],"wp:featuredmedia":[{"embeddable":true,"href":"https:\/\/labochem.com.vn\/en\/wp-json\/wp\/v2\/media\/229"}],"wp:attachment":[{"href":"https:\/\/labochem.com.vn\/en\/wp-json\/wp\/v2\/media?parent=228"}],"wp:term":[{"taxonomy":"product_cat","embeddable":true,"href":"https:\/\/labochem.com.vn\/en\/wp-json\/wp\/v2\/product_cat?post=228"},{"taxonomy":"product_tag","embeddable":true,"href":"https:\/\/labochem.com.vn\/en\/wp-json\/wp\/v2\/product_tag?post=228"}],"curies":[{"name":"wp","href":"https:\/\/api.w.org\/{rel}","templated":true}]}}