{"id":199,"date":"2020-05-06T02:59:36","date_gmt":"2020-05-06T02:59:36","guid":{"rendered":"http:\/\/labochem.com.vn\/?post_type=product&#038;p=199"},"modified":"2020-05-16T09:46:12","modified_gmt":"2020-05-16T09:46:12","slug":"may-do-do-on-model-gm1358","status":"publish","type":"product","link":"https:\/\/labochem.com.vn\/en\/s\u1ea3n ph\u1ea9m\/may-do-do-on-model-gm1358\/","title":{"rendered":"(Ti\u1ebfng Vi\u1ec7t) M\u00c1Y \u0110O \u0110\u1ed8 \u1ed2N  Model: GM1358\u00a0\u00a0\u00a0\u00a0"},"content":{"rendered":"","protected":false},"excerpt":{"rendered":"<p class=\"qtranxs-available-languages-message qtranxs-available-languages-message-en\">Sorry, this entry is only available in <a href=\"https:\/\/labochem.com.vn\/vi\/wp-json\/wp\/v2\/product\/199\" class=\"qtranxs-available-language-link qtranxs-available-language-link-vi\" title=\"Ti\u1ebfng Vi\u1ec7t\">Ti\u1ebfng Vi\u1ec7t<\/a>.<\/p>\n","protected":false},"featured_media":200,"comment_status":"open","ping_status":"closed","template":"","meta":[],"product_cat":[34],"product_tag":[61],"yoast_head":"<!-- This site is optimized with the Yoast SEO plugin v22.6 - https:\/\/yoast.com\/wordpress\/plugins\/seo\/ -->\n<title><\/title>\n<meta name=\"robots\" content=\"index, follow, max-snippet:-1, max-image-preview:large, max-video-preview:-1\" \/>\n<link rel=\"canonical\" href=\"https:\/\/labochem.com.vn\/en\/s\u1ea3n%20ph\u1ea9m\/may-do-do-on-model-gm1358\/\" \/>\n<meta property=\"og:locale\" content=\"en_US\" \/>\n<meta property=\"og:type\" content=\"article\" \/>\n<meta property=\"og:title\" content=\"[:vi]M\u00c1Y \u0110O \u0110\u1ed8 \u1ed2N Model: GM1358\u00a0\u00a0\u00a0\u00a0[:] - C\u00f4ng ty TNHH LABOCHEM Vi\u1ec7t Nam\" \/>\n<meta property=\"og:description\" content=\"[:vi]M\u00c1Y \u0110O \u0110\u1ed8 \u1ed2N  Model: GM1358\u00a0\u00a0\u00a0\u00a0  M\u00e1y \u0111o \u0111\u1ed9 \u1ed3n Benetech GM1358\u00a0l\u00e0 d\u00f2ng m\u00e1y \u0111o \u0111\u1ed9 \u1ed3n ch\u1ea5t l\u01b0\u1ee3ng, c\u00f3 gi\u00e1 th\u00e0nh h\u1ee3p l\u00fd \u0111\u01b0\u1ee3c \u01b0a chu\u1ed9ng nh\u1ea5t hi\u1ec7n nay. M\u00e1y cho k\u1ebft qu\u1ea3 ch\u00ednh x\u00e1c nh\u1edd v\u1eady m\u00e0 b\u1ea1n c\u00f3 th\u1ec3 \u0111\u00e1nh gi\u00e1 \u0111\u01b0\u1ee3c ch\u00ednh x\u00e1c \u0111\u1ed9 \u1ed5n c\u1ee7a m\u00f4i tr\u01b0\u1eddng mu\u1ed1n \u0111o. Th\u00f4ng s\u1ed1 k\u1ef9 thu\u1eadt c\u1ee7a m\u00e1y \u0111o \u0111\u1ed9 \u1ed3n Benetech GM1358 \u0110\u1ea1t ti\u00eau chu\u1ea9n c\u1ee7a \u1ee6y ban k\u1ef9 thu\u1eadt \u0111i\u1ec7n qu\u1ed1c t\u1ebf IEC PUB 651 TYPE2 v\u00e0 ti\u00eau chu\u1ea9n c\u1ee7a M\u1ef9 ANSI S1.4 TYPE2 D\u1ea3i \u0111o: 30 ~ 130 dBA 35 ~ 130 DBC \u0110\u1ed9 ch\u00ednh x\u00e1c: \u00b1 1.5 dB Ch\u1eef s\u1ed1 &amp; \u0110\u1ed9 ph\u00e2n gi\u1ea3i: 5 ch\u1eef s\u1ed1 &amp; 0.1 dB T\u1ea7n s\u1ed1 \u0111\u00e1p \u1ee9ng: 31.5Hz ~ 8.5KHz M\u1ee9c \u0111o: 30 ~ 130, 40 ~ 90, 50 ~ 100, 60 ~ 110, 80 ~ 130 T\u1ea7n s\u1ed1 tr\u1ecdng s\u1ed1 \u0111\u1eb7c tr\u01b0ng: A &amp; C Th\u1eddi gian gia tr\u1ecdng: Nhanh\/Ch\u1eadm T\u1ea7n s\u1ed1 l\u1ea5y m\u1eabu: 2 l\u1ea7n \/ gi\u00e2y Microphone: 1\/2 inch \u0111\u1ed9 ph\u00e2n c\u1ef1c \u0111i\u1ec7n dung microphone \u0110\u1ea7u ra AC \/ DC B\u00e1o khi qu\u00e1 t\u1ea3i: OVER \/ UNDER B\u00e1o khi pin y\u1ebfu T\u1ef1 \u0111\u1ed9ng t\u1eaft ngu\u1ed3n Ngu\u1ed3n \u0111i\u1ec7n d\u00f9ng pin K\u00edch th\u01b0\u1edbc 207 x 70 x 29 mm Tr\u1ecdng l\u01b0\u1ee3ng: 178g (bao g\u1ed3m pin) \u0110\u1eb7c \u0111i\u1ec3m c\u1ee7a m\u00e1y \u0111o \u0111\u1ed9 \u1ed3n Benetech GM1358 Ngo\u00e0i vi\u1ec7c cho ra k\u1ebft qu\u1ea3 ch\u00ednh x\u00e1c GM1358 c\u00f2n th\u1ef1c hi\u1ec7n nh\u1eefng ph\u00e9p \u0111o r\u1ea5t nhanh ch\u00f3ng, c\u00f3 t\u1ea7n s\u1ed1 l\u1ea5y m\u1eabu 2 l\u1ea7n\/gi\u00e2y \u0111\u00e1p \u1ee9ng \u0111\u01b0\u1ee3c nhu c\u1ea7u c\u1ee7a ng\u01b0\u1eddi d\u00f9ng. \u0110\u00e2y l\u00e0 s\u1ea3n ph\u1ea9m \u0111\u01b0\u1ee3c s\u1ea3n xu\u1ea5t theo c\u00f4ng ngh\u1ec7 hi\u1ec7n \u0111\u1ea1i, \u0111\u01b0\u1ee3c s\u1ea3n xu\u1ea5t b\u1edbi Benetech- Trung Qu\u1ed1c\u00a0 \u0111\u1ea3m b\u1ea3o v\u1ec1 ch\u1ea5t l\u01b0\u1ee3ng v\u00e0 \u0111\u1ed9 b\u1ec1n b\u1ec9. M\u00e1y \u0111\u01b0\u1ee3c thi\u1ebft k\u1ebf v\u1edbi ki\u1ec3u d\u00e1ng nh\u1ecf g\u1ecdn, tr\u1ecdng l\u01b0\u1ee3ng ch\u1ec9 c\u00f3 78g n\u00ean r\u1ea5t d\u1ec5 c\u1ea7m tay v\u00e0 s\u1eed d\u1ee5ng. S\u1ea3m ph\u1ea9m \u0111\u1ea1t chu\u1ea9n v\u1ec1 ch\u1ea5t l\u01b0\u1ee3ng v\u00e0 \u0111\u1ed9 b\u1ec1n b\u1ec9 ch\u1eafc ch\u1eafn s\u1ebd l\u00e0m h\u00e0i l\u00f2ng m\u1ecdi ng\u01b0\u1eddi ti\u00eau d\u00f9ng khi s\u1eed d\u1ee5ng.[:]\" \/>\n<meta property=\"og:url\" content=\"https:\/\/labochem.com.vn\/en\/s\u1ea3n ph\u1ea9m\/may-do-do-on-model-gm1358\/\" \/>\n<meta property=\"og:site_name\" content=\"C\u00f4ng ty TNHH LABOCHEM Vi\u1ec7t Nam\" \/>\n<meta property=\"article:modified_time\" content=\"2020-05-16T09:46:12+00:00\" \/>\n<meta property=\"og:image\" content=\"https:\/\/labochem.com.vn\/wp-content\/uploads\/2020\/05\/GM1358-E.jpg\" \/>\n\t<meta property=\"og:image:width\" content=\"732\" \/>\n\t<meta property=\"og:image:height\" content=\"800\" \/>\n\t<meta property=\"og:image:type\" content=\"image\/jpeg\" \/>\n<meta name=\"twitter:card\" content=\"summary_large_image\" \/>\n<script type=\"application\/ld+json\" class=\"yoast-schema-graph\">{\"@context\":\"https:\/\/schema.org\",\"@graph\":[{\"@type\":\"WebPage\",\"@id\":\"https:\/\/labochem.com.vn\/en\/s\u1ea3n ph\u1ea9m\/may-do-do-on-model-gm1358\/\",\"url\":\"https:\/\/labochem.com.vn\/en\/s\u1ea3n ph\u1ea9m\/may-do-do-on-model-gm1358\/\",\"name\":\"[:vi]M\u00c1Y \u0110O \u0110\u1ed8 \u1ed2N Model: GM1358\u00a0\u00a0\u00a0\u00a0[:] - C\u00f4ng ty TNHH LABOCHEM Vi\u1ec7t Nam\",\"isPartOf\":{\"@id\":\"https:\/\/labochem.com.vn\/#website\"},\"primaryImageOfPage\":{\"@id\":\"https:\/\/labochem.com.vn\/en\/s\u1ea3n ph\u1ea9m\/may-do-do-on-model-gm1358\/#primaryimage\"},\"image\":{\"@id\":\"https:\/\/labochem.com.vn\/en\/s\u1ea3n ph\u1ea9m\/may-do-do-on-model-gm1358\/#primaryimage\"},\"thumbnailUrl\":\"https:\/\/labochem.com.vn\/wp-content\/uploads\/2020\/05\/GM1358-E.jpg\",\"datePublished\":\"2020-05-06T02:59:36+00:00\",\"dateModified\":\"2020-05-16T09:46:12+00:00\",\"breadcrumb\":{\"@id\":\"https:\/\/labochem.com.vn\/en\/s\u1ea3n ph\u1ea9m\/may-do-do-on-model-gm1358\/#breadcrumb\"},\"inLanguage\":\"en-US\",\"potentialAction\":[{\"@type\":\"ReadAction\",\"target\":[\"https:\/\/labochem.com.vn\/en\/s\u1ea3n ph\u1ea9m\/may-do-do-on-model-gm1358\/\"]}]},{\"@type\":\"ImageObject\",\"inLanguage\":\"en-US\",\"@id\":\"https:\/\/labochem.com.vn\/en\/s\u1ea3n ph\u1ea9m\/may-do-do-on-model-gm1358\/#primaryimage\",\"url\":\"https:\/\/labochem.com.vn\/wp-content\/uploads\/2020\/05\/GM1358-E.jpg\",\"contentUrl\":\"https:\/\/labochem.com.vn\/wp-content\/uploads\/2020\/05\/GM1358-E.jpg\",\"width\":732,\"height\":800},{\"@type\":\"BreadcrumbList\",\"@id\":\"https:\/\/labochem.com.vn\/en\/s\u1ea3n ph\u1ea9m\/may-do-do-on-model-gm1358\/#breadcrumb\",\"itemListElement\":[{\"@type\":\"ListItem\",\"position\":1,\"name\":\"Home\",\"item\":\"https:\/\/labochem.com.vn\/\"},{\"@type\":\"ListItem\",\"position\":2,\"name\":\"C\u1eeda h\u00e0ng\",\"item\":\"https:\/\/labochem.com.vn\/mua\/\"},{\"@type\":\"ListItem\",\"position\":3,\"name\":\"(Ti\u1ebfng Vi\u1ec7t) M\u00c1Y \u0110O \u0110\u1ed8 \u1ed2N Model: GM1358\u00a0\u00a0\u00a0\u00a0\"}]},{\"@type\":\"WebSite\",\"@id\":\"https:\/\/labochem.com.vn\/#website\",\"url\":\"https:\/\/labochem.com.vn\/\",\"name\":\"C\u00f4ng ty TNHH LABOCHEM Vi\u1ec7t Nam\",\"description\":\"M\u1ed9t trang web m\u1edbi s\u1eed d\u1ee5ng WordPress\",\"potentialAction\":[{\"@type\":\"SearchAction\",\"target\":{\"@type\":\"EntryPoint\",\"urlTemplate\":\"https:\/\/labochem.com.vn\/?s={search_term_string}\"},\"query-input\":\"required name=search_term_string\"}],\"inLanguage\":\"en-US\"}]}<\/script>\n<!-- \/ Yoast SEO plugin. -->","yoast_head_json":{"title":"[:vi]M\u00c1Y \u0110O \u0110\u1ed8 \u1ed2N Model: GM1358\u00a0\u00a0\u00a0\u00a0[:] - C\u00f4ng ty TNHH LABOCHEM Vi\u1ec7t Nam","robots":{"index":"index","follow":"follow","max-snippet":"max-snippet:-1","max-image-preview":"max-image-preview:large","max-video-preview":"max-video-preview:-1"},"canonical":"https:\/\/labochem.com.vn\/en\/s\u1ea3n ph\u1ea9m\/may-do-do-on-model-gm1358\/","og_locale":"en_US","og_type":"article","og_title":"[:vi]M\u00c1Y \u0110O \u0110\u1ed8 \u1ed2N Model: GM1358\u00a0\u00a0\u00a0\u00a0[:] - C\u00f4ng ty TNHH LABOCHEM Vi\u1ec7t Nam","og_description":"[:vi]M\u00c1Y \u0110O \u0110\u1ed8 \u1ed2N  Model: GM1358\u00a0\u00a0\u00a0\u00a0  M\u00e1y \u0111o \u0111\u1ed9 \u1ed3n Benetech GM1358\u00a0l\u00e0 d\u00f2ng m\u00e1y \u0111o \u0111\u1ed9 \u1ed3n ch\u1ea5t l\u01b0\u1ee3ng, c\u00f3 gi\u00e1 th\u00e0nh h\u1ee3p l\u00fd \u0111\u01b0\u1ee3c \u01b0a chu\u1ed9ng nh\u1ea5t hi\u1ec7n nay. M\u00e1y cho k\u1ebft qu\u1ea3 ch\u00ednh x\u00e1c nh\u1edd v\u1eady m\u00e0 b\u1ea1n c\u00f3 th\u1ec3 \u0111\u00e1nh gi\u00e1 \u0111\u01b0\u1ee3c ch\u00ednh x\u00e1c \u0111\u1ed9 \u1ed5n c\u1ee7a m\u00f4i tr\u01b0\u1eddng mu\u1ed1n \u0111o. Th\u00f4ng s\u1ed1 k\u1ef9 thu\u1eadt c\u1ee7a m\u00e1y \u0111o \u0111\u1ed9 \u1ed3n Benetech GM1358 \u0110\u1ea1t ti\u00eau chu\u1ea9n c\u1ee7a \u1ee6y ban k\u1ef9 thu\u1eadt \u0111i\u1ec7n qu\u1ed1c t\u1ebf IEC PUB 651 TYPE2 v\u00e0 ti\u00eau chu\u1ea9n c\u1ee7a M\u1ef9 ANSI S1.4 TYPE2 D\u1ea3i \u0111o: 30 ~ 130 dBA 35 ~ 130 DBC \u0110\u1ed9 ch\u00ednh x\u00e1c: \u00b1 1.5 dB Ch\u1eef s\u1ed1 &amp; \u0110\u1ed9 ph\u00e2n gi\u1ea3i: 5 ch\u1eef s\u1ed1 &amp; 0.1 dB T\u1ea7n s\u1ed1 \u0111\u00e1p \u1ee9ng: 31.5Hz ~ 8.5KHz M\u1ee9c \u0111o: 30 ~ 130, 40 ~ 90, 50 ~ 100, 60 ~ 110, 80 ~ 130 T\u1ea7n s\u1ed1 tr\u1ecdng s\u1ed1 \u0111\u1eb7c tr\u01b0ng: A &amp; C Th\u1eddi gian gia tr\u1ecdng: Nhanh\/Ch\u1eadm T\u1ea7n s\u1ed1 l\u1ea5y m\u1eabu: 2 l\u1ea7n \/ gi\u00e2y Microphone: 1\/2 inch \u0111\u1ed9 ph\u00e2n c\u1ef1c \u0111i\u1ec7n dung microphone \u0110\u1ea7u ra AC \/ DC B\u00e1o khi qu\u00e1 t\u1ea3i: OVER \/ UNDER B\u00e1o khi pin y\u1ebfu T\u1ef1 \u0111\u1ed9ng t\u1eaft ngu\u1ed3n Ngu\u1ed3n \u0111i\u1ec7n d\u00f9ng pin K\u00edch th\u01b0\u1edbc 207 x 70 x 29 mm Tr\u1ecdng l\u01b0\u1ee3ng: 178g (bao g\u1ed3m pin) \u0110\u1eb7c \u0111i\u1ec3m c\u1ee7a m\u00e1y \u0111o \u0111\u1ed9 \u1ed3n Benetech GM1358 Ngo\u00e0i vi\u1ec7c cho ra k\u1ebft qu\u1ea3 ch\u00ednh x\u00e1c GM1358 c\u00f2n th\u1ef1c hi\u1ec7n nh\u1eefng ph\u00e9p \u0111o r\u1ea5t nhanh ch\u00f3ng, c\u00f3 t\u1ea7n s\u1ed1 l\u1ea5y m\u1eabu 2 l\u1ea7n\/gi\u00e2y \u0111\u00e1p \u1ee9ng \u0111\u01b0\u1ee3c nhu c\u1ea7u c\u1ee7a ng\u01b0\u1eddi d\u00f9ng. \u0110\u00e2y l\u00e0 s\u1ea3n ph\u1ea9m \u0111\u01b0\u1ee3c s\u1ea3n xu\u1ea5t theo c\u00f4ng ngh\u1ec7 hi\u1ec7n \u0111\u1ea1i, \u0111\u01b0\u1ee3c s\u1ea3n xu\u1ea5t b\u1edbi Benetech- Trung Qu\u1ed1c\u00a0 \u0111\u1ea3m b\u1ea3o v\u1ec1 ch\u1ea5t l\u01b0\u1ee3ng v\u00e0 \u0111\u1ed9 b\u1ec1n b\u1ec9. M\u00e1y \u0111\u01b0\u1ee3c thi\u1ebft k\u1ebf v\u1edbi ki\u1ec3u d\u00e1ng nh\u1ecf g\u1ecdn, tr\u1ecdng l\u01b0\u1ee3ng ch\u1ec9 c\u00f3 78g n\u00ean r\u1ea5t d\u1ec5 c\u1ea7m tay v\u00e0 s\u1eed d\u1ee5ng. S\u1ea3m ph\u1ea9m \u0111\u1ea1t chu\u1ea9n v\u1ec1 ch\u1ea5t l\u01b0\u1ee3ng v\u00e0 \u0111\u1ed9 b\u1ec1n b\u1ec9 ch\u1eafc ch\u1eafn s\u1ebd l\u00e0m h\u00e0i l\u00f2ng m\u1ecdi ng\u01b0\u1eddi ti\u00eau d\u00f9ng khi s\u1eed d\u1ee5ng.[:]","og_url":"https:\/\/labochem.com.vn\/en\/s\u1ea3n ph\u1ea9m\/may-do-do-on-model-gm1358\/","og_site_name":"C\u00f4ng ty TNHH LABOCHEM Vi\u1ec7t Nam","article_modified_time":"2020-05-16T09:46:12+00:00","og_image":[{"width":732,"height":800,"url":"https:\/\/labochem.com.vn\/wp-content\/uploads\/2020\/05\/GM1358-E.jpg","type":"image\/jpeg"}],"twitter_card":"summary_large_image","schema":{"@context":"https:\/\/schema.org","@graph":[{"@type":"WebPage","@id":"https:\/\/labochem.com.vn\/en\/s\u1ea3n ph\u1ea9m\/may-do-do-on-model-gm1358\/","url":"https:\/\/labochem.com.vn\/en\/s\u1ea3n ph\u1ea9m\/may-do-do-on-model-gm1358\/","name":"[:vi]M\u00c1Y \u0110O \u0110\u1ed8 \u1ed2N Model: GM1358\u00a0\u00a0\u00a0\u00a0[:] - C\u00f4ng ty TNHH LABOCHEM Vi\u1ec7t Nam","isPartOf":{"@id":"https:\/\/labochem.com.vn\/#website"},"primaryImageOfPage":{"@id":"https:\/\/labochem.com.vn\/en\/s\u1ea3n ph\u1ea9m\/may-do-do-on-model-gm1358\/#primaryimage"},"image":{"@id":"https:\/\/labochem.com.vn\/en\/s\u1ea3n ph\u1ea9m\/may-do-do-on-model-gm1358\/#primaryimage"},"thumbnailUrl":"https:\/\/labochem.com.vn\/wp-content\/uploads\/2020\/05\/GM1358-E.jpg","datePublished":"2020-05-06T02:59:36+00:00","dateModified":"2020-05-16T09:46:12+00:00","breadcrumb":{"@id":"https:\/\/labochem.com.vn\/en\/s\u1ea3n ph\u1ea9m\/may-do-do-on-model-gm1358\/#breadcrumb"},"inLanguage":"en-US","potentialAction":[{"@type":"ReadAction","target":["https:\/\/labochem.com.vn\/en\/s\u1ea3n ph\u1ea9m\/may-do-do-on-model-gm1358\/"]}]},{"@type":"ImageObject","inLanguage":"en-US","@id":"https:\/\/labochem.com.vn\/en\/s\u1ea3n ph\u1ea9m\/may-do-do-on-model-gm1358\/#primaryimage","url":"https:\/\/labochem.com.vn\/wp-content\/uploads\/2020\/05\/GM1358-E.jpg","contentUrl":"https:\/\/labochem.com.vn\/wp-content\/uploads\/2020\/05\/GM1358-E.jpg","width":732,"height":800},{"@type":"BreadcrumbList","@id":"https:\/\/labochem.com.vn\/en\/s\u1ea3n ph\u1ea9m\/may-do-do-on-model-gm1358\/#breadcrumb","itemListElement":[{"@type":"ListItem","position":1,"name":"Home","item":"https:\/\/labochem.com.vn\/"},{"@type":"ListItem","position":2,"name":"C\u1eeda h\u00e0ng","item":"https:\/\/labochem.com.vn\/mua\/"},{"@type":"ListItem","position":3,"name":"(Ti\u1ebfng Vi\u1ec7t) M\u00c1Y \u0110O \u0110\u1ed8 \u1ed2N Model: GM1358\u00a0\u00a0\u00a0\u00a0"}]},{"@type":"WebSite","@id":"https:\/\/labochem.com.vn\/#website","url":"https:\/\/labochem.com.vn\/","name":"C\u00f4ng ty TNHH LABOCHEM Vi\u1ec7t Nam","description":"M\u1ed9t trang web m\u1edbi s\u1eed d\u1ee5ng WordPress","potentialAction":[{"@type":"SearchAction","target":{"@type":"EntryPoint","urlTemplate":"https:\/\/labochem.com.vn\/?s={search_term_string}"},"query-input":"required name=search_term_string"}],"inLanguage":"en-US"}]}},"_links":{"self":[{"href":"https:\/\/labochem.com.vn\/en\/wp-json\/wp\/v2\/product\/199"}],"collection":[{"href":"https:\/\/labochem.com.vn\/en\/wp-json\/wp\/v2\/product"}],"about":[{"href":"https:\/\/labochem.com.vn\/en\/wp-json\/wp\/v2\/types\/product"}],"replies":[{"embeddable":true,"href":"https:\/\/labochem.com.vn\/en\/wp-json\/wp\/v2\/comments?post=199"}],"wp:featuredmedia":[{"embeddable":true,"href":"https:\/\/labochem.com.vn\/en\/wp-json\/wp\/v2\/media\/200"}],"wp:attachment":[{"href":"https:\/\/labochem.com.vn\/en\/wp-json\/wp\/v2\/media?parent=199"}],"wp:term":[{"taxonomy":"product_cat","embeddable":true,"href":"https:\/\/labochem.com.vn\/en\/wp-json\/wp\/v2\/product_cat?post=199"},{"taxonomy":"product_tag","embeddable":true,"href":"https:\/\/labochem.com.vn\/en\/wp-json\/wp\/v2\/product_tag?post=199"}],"curies":[{"name":"wp","href":"https:\/\/api.w.org\/{rel}","templated":true}]}}