{"id":197,"date":"2020-05-06T02:58:23","date_gmt":"2020-05-06T02:58:23","guid":{"rendered":"http:\/\/labochem.com.vn\/?post_type=product&#038;p=197"},"modified":"2020-05-16T09:48:56","modified_gmt":"2020-05-16T09:48:56","slug":"may-do-do-on-model-gm1356","status":"publish","type":"product","link":"https:\/\/labochem.com.vn\/en\/s\u1ea3n ph\u1ea9m\/may-do-do-on-model-gm1356\/","title":{"rendered":"(Ti\u1ebfng Vi\u1ec7t) M\u00c1Y \u0110O \u0110\u1ed8 \u1ed2N  Model: GM1356"},"content":{"rendered":"","protected":false},"excerpt":{"rendered":"<p class=\"qtranxs-available-languages-message qtranxs-available-languages-message-en\">Sorry, this entry is only available in <a href=\"https:\/\/labochem.com.vn\/vi\/wp-json\/wp\/v2\/product\/197\" class=\"qtranxs-available-language-link qtranxs-available-language-link-vi\" title=\"Ti\u1ebfng Vi\u1ec7t\">Ti\u1ebfng Vi\u1ec7t<\/a>.<\/p>\n","protected":false},"featured_media":198,"comment_status":"open","ping_status":"closed","template":"","meta":[],"product_cat":[34],"product_tag":[60],"yoast_head":"<!-- This site is optimized with the Yoast SEO plugin v22.6 - https:\/\/yoast.com\/wordpress\/plugins\/seo\/ -->\n<title><\/title>\n<meta name=\"robots\" content=\"index, follow, max-snippet:-1, max-image-preview:large, max-video-preview:-1\" \/>\n<link rel=\"canonical\" href=\"https:\/\/labochem.com.vn\/en\/s\u1ea3n%20ph\u1ea9m\/may-do-do-on-model-gm1356\/\" \/>\n<meta property=\"og:locale\" content=\"en_US\" \/>\n<meta property=\"og:type\" content=\"article\" \/>\n<meta property=\"og:title\" content=\"[:vi]M\u00c1Y \u0110O \u0110\u1ed8 \u1ed2N Model: GM1356[:] - C\u00f4ng ty TNHH LABOCHEM Vi\u1ec7t Nam\" \/>\n<meta property=\"og:description\" content=\"[:vi]M\u00c1Y \u0110O \u0110\u1ed8 \u1ed2N  Model: GM1356  M\u00e1y \u0111o \u0111\u1ed9 \u1ed3n \u00e2m thanh GM1356\u00a0ghi l\u1ea1i ch\u00ednh x\u00e1c nh\u1eefng d\u1eef li\u1ec7u v\u1ec1 \u00e2m thanh ti\u1ebfng \u1ed3n, gi\u00fap ng\u01b0\u1eddi d\u00f9ng \u0111\u00e1nh gi\u00e1 n\u1ebfu m\u00f4i tr\u01b0\u1eddng b\u1ecb \u00f4 nhi\u1ec5m ti\u1ebfng \u1ed3n s\u1ebd c\u00f3 \u1ea3nh h\u01b0\u1edfng ti\u00eau c\u1ef1c \u0111\u1ebfn s\u1ee9c kh\u1ecfe v\u00e0 s\u1ef1 an to\u00e0n c\u1ee7a con ng\u01b0\u1eddi, t\u1eeb \u0111\u00f3 c\u00f3 nh\u1eefng bi\u1ec7n ph\u00e1p kh\u1eafc ph\u1ee5c v\u00e0 x\u1eed l\u00fd s\u1ef1 c\u1ed1 nhanh ch\u00f3ng, hi\u1ec7u qu\u1ea3 \u0111\u1ebfn ng\u01b0\u1eddi d\u00f9ng.  M\u1ed9t s\u1ed1 \u01b0u \u0111i\u1ec3m n\u1ed5i b\u1eadt c\u1ee7a m\u00e1y \u0111o \u0111\u1ed9 \u1ed3n \u00e2m thanh GM1356  Thi\u1ebft k\u1ebf nh\u1ecf g\u1ecdn, ti\u1ec7n l\u1ee3i GM1356 c\u00f3 thi\u1ebft k\u1ebf nh\u1ecf g\u1ecdn v\u00e0 ti\u1ec7n d\u1ee5ng trong vi\u1ec7c gi\u00fap ng\u01b0\u1eddi d\u00f9ng ki\u1ec3m tra m\u1ee9c \u0111\u1ed9 \u1ed3n c\u1ee7a m\u00f4i tr\u01b0\u1eddng. M\u00e1y \u1edf d\u1ea1ng c\u1ea7m tay, d\u1ec5 d\u00e0ng di chuy\u1ec3n v\u00e0 mang theo s\u1eed d\u1ee5ng \u1edf b\u1ea5t c\u1ee9 \u0111\u00e2u b\u1ea1n mu\u1ed1n.  T\u00edch h\u1ee3p \u0111\u1ea7u thu \u00e2m thanh hi\u1ec7n \u0111\u1ea1i Thi\u1ebft b\u1ecb \u0111\u01b0\u1ee3c t\u00edch h\u1ee3p \u0111\u1ea7u thu \u00e2m thanh c\u00f3 \u0111\u1ed9 ph\u1ea3n h\u1ed3i c\u1ef1c cao n\u1eb1m ph\u00eda tr\u00ean trong m\u1ed9t l\u1edbp x\u1ed1p l\u1ecdc \u00e2m. \u0110\u1ed9 ch\u00ednh x\u00e1c cao, t\u1ef7 l\u1ec7 sai s\u1ed1 th\u1ea5p. M\u00e0n h\u00ecnh hi\u1ec3n th\u1ecb r\u00f5 n\u00e9t M\u00e1y \u0111o \u0111\u1ed9 \u1ed3n GM-1356 \u0111\u01b0\u1ee3c thi\u1ebft k\u1ebf t\u1ed1i \u01b0u \u0111\u1ec3 x\u00e1c \u0111\u1ecbnh m\u1ee9c \u0111\u1ed9 ti\u1ebfng \u1ed3n cho ng\u01b0\u1eddi d\u00f9ng. M\u00e0n h\u00ecnh hi\u1ec3n th\u1ecb l\u1edbn th\u00edch h\u1ee3p \u0111o ti\u1ebfng \u1ed3n trong c\u00e1c m\u00f4i tr\u01b0\u1eddng kh\u00e1c nhau nh\u01b0 n\u01a1i l\u00e0m vi\u1ec7c, ki\u1ec3m so\u00e1t \u0111\u1ed9 \u1ed3n c\u1ee7a m\u00e1y m\u00f3c, thi\u1ebft b\u1ecb\u2026  \u0110\u1ea1t chu\u1ea9n qu\u1ed1c t\u1ebf M\u00e1y \u0111o model n\u00e0y \u0111\u01b0\u1ee3c ph\u00e1t tri\u1ec3n theo ti\u00eau chu\u1ea9n Qu\u1ed1c t\u1ebf IEC PUB 651 TYPE2 v\u00e0 ti\u00eau chu\u1ea9n M\u1ef9 ANSI S1.4 TYPE2. B\u1ea1n ho\u00e0n to\u00e0n c\u00f3 th\u1ec3 y\u00ean t\u00e2m khi l\u1ef1a ch\u1ecdn s\u1ea3n ph\u1ea9m n\u00e0y c\u1ee7a H\u1ea3i Minh.  Th\u00f4ng s\u1ed1 k\u1ef9 thu\u1eadt c\u1ee7a m\u00e1y \u0111o \u0111\u1ed9 \u1ed3n \u00e2m thanh GM1356    Model GM1356   D\u1ea3i \u0111o 30 ~ 130 dBA\/ 35~130dBC   \u0110\u1ed9 ch\u00ednh x\u00e1c \u00b1 1.5 dB   Ch\u1eef s\u1ed1 &amp; \u0110\u1ed9 ph\u00e2n gi\u1ea3i 4 ch\u1eef s\u1ed1 &amp; 0.1 dB   T\u1ea7n s\u1ed1 \u0111\u00e1p \u1ee9ng 31.5Hz ~ 8.5KHz   T\u1ed1c \u0111\u1ed9 l\u1ea5y m\u1eabu 2 l\u1ea7n \/ gi\u00e2y   Microphone 1\/2 inch \u0111\u1ed9 ph\u00e2n c\u1ef1c \u0111i\u1ec7n dung microphone   \u0110\u1ecdc gi\u00e1 tr\u1ecb MAX   Ghi d\u1eef li\u1ec7u 4700 data   C\u1ed5ng k\u1ebft n\u1ed1i USB   Ngu\u1ed3n \u0111i\u1ec7n 1.5V AA x 4\/ DC 6V 100mA   K\u00edch th\u01b0\u1edbc 266 x 70 x 35 mm   Tr\u1ecdng l\u01b0\u1ee3ng 144g (bao g\u1ed3m pin)   B\u1ea3o h\u00e0nh 12 th\u00e1ng    &nbsp;[:]\" \/>\n<meta property=\"og:url\" content=\"https:\/\/labochem.com.vn\/en\/s\u1ea3n ph\u1ea9m\/may-do-do-on-model-gm1356\/\" \/>\n<meta property=\"og:site_name\" content=\"C\u00f4ng ty TNHH LABOCHEM Vi\u1ec7t Nam\" \/>\n<meta property=\"article:modified_time\" content=\"2020-05-16T09:48:56+00:00\" \/>\n<meta property=\"og:image\" content=\"https:\/\/labochem.com.vn\/wp-content\/uploads\/2020\/05\/GM1356-E.jpg\" \/>\n\t<meta property=\"og:image:width\" content=\"732\" \/>\n\t<meta property=\"og:image:height\" content=\"800\" \/>\n\t<meta property=\"og:image:type\" content=\"image\/jpeg\" \/>\n<meta name=\"twitter:card\" content=\"summary_large_image\" \/>\n<script type=\"application\/ld+json\" class=\"yoast-schema-graph\">{\"@context\":\"https:\/\/schema.org\",\"@graph\":[{\"@type\":\"WebPage\",\"@id\":\"https:\/\/labochem.com.vn\/en\/s\u1ea3n ph\u1ea9m\/may-do-do-on-model-gm1356\/\",\"url\":\"https:\/\/labochem.com.vn\/en\/s\u1ea3n ph\u1ea9m\/may-do-do-on-model-gm1356\/\",\"name\":\"[:vi]M\u00c1Y \u0110O \u0110\u1ed8 \u1ed2N Model: GM1356[:] - C\u00f4ng ty TNHH LABOCHEM Vi\u1ec7t Nam\",\"isPartOf\":{\"@id\":\"https:\/\/labochem.com.vn\/#website\"},\"primaryImageOfPage\":{\"@id\":\"https:\/\/labochem.com.vn\/en\/s\u1ea3n ph\u1ea9m\/may-do-do-on-model-gm1356\/#primaryimage\"},\"image\":{\"@id\":\"https:\/\/labochem.com.vn\/en\/s\u1ea3n ph\u1ea9m\/may-do-do-on-model-gm1356\/#primaryimage\"},\"thumbnailUrl\":\"https:\/\/labochem.com.vn\/wp-content\/uploads\/2020\/05\/GM1356-E.jpg\",\"datePublished\":\"2020-05-06T02:58:23+00:00\",\"dateModified\":\"2020-05-16T09:48:56+00:00\",\"breadcrumb\":{\"@id\":\"https:\/\/labochem.com.vn\/en\/s\u1ea3n ph\u1ea9m\/may-do-do-on-model-gm1356\/#breadcrumb\"},\"inLanguage\":\"en-US\",\"potentialAction\":[{\"@type\":\"ReadAction\",\"target\":[\"https:\/\/labochem.com.vn\/en\/s\u1ea3n ph\u1ea9m\/may-do-do-on-model-gm1356\/\"]}]},{\"@type\":\"ImageObject\",\"inLanguage\":\"en-US\",\"@id\":\"https:\/\/labochem.com.vn\/en\/s\u1ea3n ph\u1ea9m\/may-do-do-on-model-gm1356\/#primaryimage\",\"url\":\"https:\/\/labochem.com.vn\/wp-content\/uploads\/2020\/05\/GM1356-E.jpg\",\"contentUrl\":\"https:\/\/labochem.com.vn\/wp-content\/uploads\/2020\/05\/GM1356-E.jpg\",\"width\":732,\"height\":800},{\"@type\":\"BreadcrumbList\",\"@id\":\"https:\/\/labochem.com.vn\/en\/s\u1ea3n ph\u1ea9m\/may-do-do-on-model-gm1356\/#breadcrumb\",\"itemListElement\":[{\"@type\":\"ListItem\",\"position\":1,\"name\":\"Home\",\"item\":\"https:\/\/labochem.com.vn\/\"},{\"@type\":\"ListItem\",\"position\":2,\"name\":\"C\u1eeda h\u00e0ng\",\"item\":\"https:\/\/labochem.com.vn\/mua\/\"},{\"@type\":\"ListItem\",\"position\":3,\"name\":\"(Ti\u1ebfng Vi\u1ec7t) M\u00c1Y \u0110O \u0110\u1ed8 \u1ed2N Model: GM1356\"}]},{\"@type\":\"WebSite\",\"@id\":\"https:\/\/labochem.com.vn\/#website\",\"url\":\"https:\/\/labochem.com.vn\/\",\"name\":\"C\u00f4ng ty TNHH LABOCHEM Vi\u1ec7t Nam\",\"description\":\"M\u1ed9t trang web m\u1edbi s\u1eed d\u1ee5ng WordPress\",\"potentialAction\":[{\"@type\":\"SearchAction\",\"target\":{\"@type\":\"EntryPoint\",\"urlTemplate\":\"https:\/\/labochem.com.vn\/?s={search_term_string}\"},\"query-input\":\"required name=search_term_string\"}],\"inLanguage\":\"en-US\"}]}<\/script>\n<!-- \/ Yoast SEO plugin. -->","yoast_head_json":{"title":"[:vi]M\u00c1Y \u0110O \u0110\u1ed8 \u1ed2N Model: GM1356[:] - C\u00f4ng ty TNHH LABOCHEM Vi\u1ec7t Nam","robots":{"index":"index","follow":"follow","max-snippet":"max-snippet:-1","max-image-preview":"max-image-preview:large","max-video-preview":"max-video-preview:-1"},"canonical":"https:\/\/labochem.com.vn\/en\/s\u1ea3n ph\u1ea9m\/may-do-do-on-model-gm1356\/","og_locale":"en_US","og_type":"article","og_title":"[:vi]M\u00c1Y \u0110O \u0110\u1ed8 \u1ed2N Model: GM1356[:] - C\u00f4ng ty TNHH LABOCHEM Vi\u1ec7t Nam","og_description":"[:vi]M\u00c1Y \u0110O \u0110\u1ed8 \u1ed2N  Model: GM1356  M\u00e1y \u0111o \u0111\u1ed9 \u1ed3n \u00e2m thanh GM1356\u00a0ghi l\u1ea1i ch\u00ednh x\u00e1c nh\u1eefng d\u1eef li\u1ec7u v\u1ec1 \u00e2m thanh ti\u1ebfng \u1ed3n, gi\u00fap ng\u01b0\u1eddi d\u00f9ng \u0111\u00e1nh gi\u00e1 n\u1ebfu m\u00f4i tr\u01b0\u1eddng b\u1ecb \u00f4 nhi\u1ec5m ti\u1ebfng \u1ed3n s\u1ebd c\u00f3 \u1ea3nh h\u01b0\u1edfng ti\u00eau c\u1ef1c \u0111\u1ebfn s\u1ee9c kh\u1ecfe v\u00e0 s\u1ef1 an to\u00e0n c\u1ee7a con ng\u01b0\u1eddi, t\u1eeb \u0111\u00f3 c\u00f3 nh\u1eefng bi\u1ec7n ph\u00e1p kh\u1eafc ph\u1ee5c v\u00e0 x\u1eed l\u00fd s\u1ef1 c\u1ed1 nhanh ch\u00f3ng, hi\u1ec7u qu\u1ea3 \u0111\u1ebfn ng\u01b0\u1eddi d\u00f9ng.  M\u1ed9t s\u1ed1 \u01b0u \u0111i\u1ec3m n\u1ed5i b\u1eadt c\u1ee7a m\u00e1y \u0111o \u0111\u1ed9 \u1ed3n \u00e2m thanh GM1356  Thi\u1ebft k\u1ebf nh\u1ecf g\u1ecdn, ti\u1ec7n l\u1ee3i GM1356 c\u00f3 thi\u1ebft k\u1ebf nh\u1ecf g\u1ecdn v\u00e0 ti\u1ec7n d\u1ee5ng trong vi\u1ec7c gi\u00fap ng\u01b0\u1eddi d\u00f9ng ki\u1ec3m tra m\u1ee9c \u0111\u1ed9 \u1ed3n c\u1ee7a m\u00f4i tr\u01b0\u1eddng. M\u00e1y \u1edf d\u1ea1ng c\u1ea7m tay, d\u1ec5 d\u00e0ng di chuy\u1ec3n v\u00e0 mang theo s\u1eed d\u1ee5ng \u1edf b\u1ea5t c\u1ee9 \u0111\u00e2u b\u1ea1n mu\u1ed1n.  T\u00edch h\u1ee3p \u0111\u1ea7u thu \u00e2m thanh hi\u1ec7n \u0111\u1ea1i Thi\u1ebft b\u1ecb \u0111\u01b0\u1ee3c t\u00edch h\u1ee3p \u0111\u1ea7u thu \u00e2m thanh c\u00f3 \u0111\u1ed9 ph\u1ea3n h\u1ed3i c\u1ef1c cao n\u1eb1m ph\u00eda tr\u00ean trong m\u1ed9t l\u1edbp x\u1ed1p l\u1ecdc \u00e2m. \u0110\u1ed9 ch\u00ednh x\u00e1c cao, t\u1ef7 l\u1ec7 sai s\u1ed1 th\u1ea5p. M\u00e0n h\u00ecnh hi\u1ec3n th\u1ecb r\u00f5 n\u00e9t M\u00e1y \u0111o \u0111\u1ed9 \u1ed3n GM-1356 \u0111\u01b0\u1ee3c thi\u1ebft k\u1ebf t\u1ed1i \u01b0u \u0111\u1ec3 x\u00e1c \u0111\u1ecbnh m\u1ee9c \u0111\u1ed9 ti\u1ebfng \u1ed3n cho ng\u01b0\u1eddi d\u00f9ng. M\u00e0n h\u00ecnh hi\u1ec3n th\u1ecb l\u1edbn th\u00edch h\u1ee3p \u0111o ti\u1ebfng \u1ed3n trong c\u00e1c m\u00f4i tr\u01b0\u1eddng kh\u00e1c nhau nh\u01b0 n\u01a1i l\u00e0m vi\u1ec7c, ki\u1ec3m so\u00e1t \u0111\u1ed9 \u1ed3n c\u1ee7a m\u00e1y m\u00f3c, thi\u1ebft b\u1ecb\u2026  \u0110\u1ea1t chu\u1ea9n qu\u1ed1c t\u1ebf M\u00e1y \u0111o model n\u00e0y \u0111\u01b0\u1ee3c ph\u00e1t tri\u1ec3n theo ti\u00eau chu\u1ea9n Qu\u1ed1c t\u1ebf IEC PUB 651 TYPE2 v\u00e0 ti\u00eau chu\u1ea9n M\u1ef9 ANSI S1.4 TYPE2. B\u1ea1n ho\u00e0n to\u00e0n c\u00f3 th\u1ec3 y\u00ean t\u00e2m khi l\u1ef1a ch\u1ecdn s\u1ea3n ph\u1ea9m n\u00e0y c\u1ee7a H\u1ea3i Minh.  Th\u00f4ng s\u1ed1 k\u1ef9 thu\u1eadt c\u1ee7a m\u00e1y \u0111o \u0111\u1ed9 \u1ed3n \u00e2m thanh GM1356    Model GM1356   D\u1ea3i \u0111o 30 ~ 130 dBA\/ 35~130dBC   \u0110\u1ed9 ch\u00ednh x\u00e1c \u00b1 1.5 dB   Ch\u1eef s\u1ed1 &amp; \u0110\u1ed9 ph\u00e2n gi\u1ea3i 4 ch\u1eef s\u1ed1 &amp; 0.1 dB   T\u1ea7n s\u1ed1 \u0111\u00e1p \u1ee9ng 31.5Hz ~ 8.5KHz   T\u1ed1c \u0111\u1ed9 l\u1ea5y m\u1eabu 2 l\u1ea7n \/ gi\u00e2y   Microphone 1\/2 inch \u0111\u1ed9 ph\u00e2n c\u1ef1c \u0111i\u1ec7n dung microphone   \u0110\u1ecdc gi\u00e1 tr\u1ecb MAX   Ghi d\u1eef li\u1ec7u 4700 data   C\u1ed5ng k\u1ebft n\u1ed1i USB   Ngu\u1ed3n \u0111i\u1ec7n 1.5V AA x 4\/ DC 6V 100mA   K\u00edch th\u01b0\u1edbc 266 x 70 x 35 mm   Tr\u1ecdng l\u01b0\u1ee3ng 144g (bao g\u1ed3m pin)   B\u1ea3o h\u00e0nh 12 th\u00e1ng    &nbsp;[:]","og_url":"https:\/\/labochem.com.vn\/en\/s\u1ea3n ph\u1ea9m\/may-do-do-on-model-gm1356\/","og_site_name":"C\u00f4ng ty TNHH LABOCHEM Vi\u1ec7t Nam","article_modified_time":"2020-05-16T09:48:56+00:00","og_image":[{"width":732,"height":800,"url":"https:\/\/labochem.com.vn\/wp-content\/uploads\/2020\/05\/GM1356-E.jpg","type":"image\/jpeg"}],"twitter_card":"summary_large_image","schema":{"@context":"https:\/\/schema.org","@graph":[{"@type":"WebPage","@id":"https:\/\/labochem.com.vn\/en\/s\u1ea3n ph\u1ea9m\/may-do-do-on-model-gm1356\/","url":"https:\/\/labochem.com.vn\/en\/s\u1ea3n ph\u1ea9m\/may-do-do-on-model-gm1356\/","name":"[:vi]M\u00c1Y \u0110O \u0110\u1ed8 \u1ed2N Model: GM1356[:] - C\u00f4ng ty TNHH LABOCHEM Vi\u1ec7t Nam","isPartOf":{"@id":"https:\/\/labochem.com.vn\/#website"},"primaryImageOfPage":{"@id":"https:\/\/labochem.com.vn\/en\/s\u1ea3n ph\u1ea9m\/may-do-do-on-model-gm1356\/#primaryimage"},"image":{"@id":"https:\/\/labochem.com.vn\/en\/s\u1ea3n ph\u1ea9m\/may-do-do-on-model-gm1356\/#primaryimage"},"thumbnailUrl":"https:\/\/labochem.com.vn\/wp-content\/uploads\/2020\/05\/GM1356-E.jpg","datePublished":"2020-05-06T02:58:23+00:00","dateModified":"2020-05-16T09:48:56+00:00","breadcrumb":{"@id":"https:\/\/labochem.com.vn\/en\/s\u1ea3n ph\u1ea9m\/may-do-do-on-model-gm1356\/#breadcrumb"},"inLanguage":"en-US","potentialAction":[{"@type":"ReadAction","target":["https:\/\/labochem.com.vn\/en\/s\u1ea3n ph\u1ea9m\/may-do-do-on-model-gm1356\/"]}]},{"@type":"ImageObject","inLanguage":"en-US","@id":"https:\/\/labochem.com.vn\/en\/s\u1ea3n ph\u1ea9m\/may-do-do-on-model-gm1356\/#primaryimage","url":"https:\/\/labochem.com.vn\/wp-content\/uploads\/2020\/05\/GM1356-E.jpg","contentUrl":"https:\/\/labochem.com.vn\/wp-content\/uploads\/2020\/05\/GM1356-E.jpg","width":732,"height":800},{"@type":"BreadcrumbList","@id":"https:\/\/labochem.com.vn\/en\/s\u1ea3n ph\u1ea9m\/may-do-do-on-model-gm1356\/#breadcrumb","itemListElement":[{"@type":"ListItem","position":1,"name":"Home","item":"https:\/\/labochem.com.vn\/"},{"@type":"ListItem","position":2,"name":"C\u1eeda h\u00e0ng","item":"https:\/\/labochem.com.vn\/mua\/"},{"@type":"ListItem","position":3,"name":"(Ti\u1ebfng Vi\u1ec7t) M\u00c1Y \u0110O \u0110\u1ed8 \u1ed2N Model: GM1356"}]},{"@type":"WebSite","@id":"https:\/\/labochem.com.vn\/#website","url":"https:\/\/labochem.com.vn\/","name":"C\u00f4ng ty TNHH LABOCHEM Vi\u1ec7t Nam","description":"M\u1ed9t trang web m\u1edbi s\u1eed d\u1ee5ng WordPress","potentialAction":[{"@type":"SearchAction","target":{"@type":"EntryPoint","urlTemplate":"https:\/\/labochem.com.vn\/?s={search_term_string}"},"query-input":"required name=search_term_string"}],"inLanguage":"en-US"}]}},"_links":{"self":[{"href":"https:\/\/labochem.com.vn\/en\/wp-json\/wp\/v2\/product\/197"}],"collection":[{"href":"https:\/\/labochem.com.vn\/en\/wp-json\/wp\/v2\/product"}],"about":[{"href":"https:\/\/labochem.com.vn\/en\/wp-json\/wp\/v2\/types\/product"}],"replies":[{"embeddable":true,"href":"https:\/\/labochem.com.vn\/en\/wp-json\/wp\/v2\/comments?post=197"}],"wp:featuredmedia":[{"embeddable":true,"href":"https:\/\/labochem.com.vn\/en\/wp-json\/wp\/v2\/media\/198"}],"wp:attachment":[{"href":"https:\/\/labochem.com.vn\/en\/wp-json\/wp\/v2\/media?parent=197"}],"wp:term":[{"taxonomy":"product_cat","embeddable":true,"href":"https:\/\/labochem.com.vn\/en\/wp-json\/wp\/v2\/product_cat?post=197"},{"taxonomy":"product_tag","embeddable":true,"href":"https:\/\/labochem.com.vn\/en\/wp-json\/wp\/v2\/product_tag?post=197"}],"curies":[{"name":"wp","href":"https:\/\/api.w.org\/{rel}","templated":true}]}}