{"id":195,"date":"2020-05-06T02:57:02","date_gmt":"2020-05-06T02:57:02","guid":{"rendered":"http:\/\/labochem.com.vn\/?post_type=product&#038;p=195"},"modified":"2020-05-16T09:50:55","modified_gmt":"2020-05-16T09:50:55","slug":"may-do-do-on-model-gm1352","status":"publish","type":"product","link":"https:\/\/labochem.com.vn\/en\/s\u1ea3n ph\u1ea9m\/may-do-do-on-model-gm1352\/","title":{"rendered":"(Ti\u1ebfng Vi\u1ec7t) M\u00c1Y \u0110O \u0110\u1ed8 \u1ed2N  Model: GM1352"},"content":{"rendered":"","protected":false},"excerpt":{"rendered":"<p class=\"qtranxs-available-languages-message qtranxs-available-languages-message-en\">Sorry, this entry is only available in <a href=\"https:\/\/labochem.com.vn\/vi\/wp-json\/wp\/v2\/product\/195\" class=\"qtranxs-available-language-link qtranxs-available-language-link-vi\" title=\"Ti\u1ebfng Vi\u1ec7t\">Ti\u1ebfng Vi\u1ec7t<\/a>.<\/p>\n","protected":false},"featured_media":196,"comment_status":"open","ping_status":"closed","template":"","meta":[],"product_cat":[34],"product_tag":[59],"yoast_head":"<!-- This site is optimized with the Yoast SEO plugin v22.6 - https:\/\/yoast.com\/wordpress\/plugins\/seo\/ -->\n<title><\/title>\n<meta name=\"robots\" content=\"index, follow, max-snippet:-1, max-image-preview:large, max-video-preview:-1\" \/>\n<link rel=\"canonical\" href=\"https:\/\/labochem.com.vn\/en\/s\u1ea3n%20ph\u1ea9m\/may-do-do-on-model-gm1352\/\" \/>\n<meta property=\"og:locale\" content=\"en_US\" \/>\n<meta property=\"og:type\" content=\"article\" \/>\n<meta property=\"og:title\" content=\"[:vi]M\u00c1Y \u0110O \u0110\u1ed8 \u1ed2N Model: GM1352[:] - C\u00f4ng ty TNHH LABOCHEM Vi\u1ec7t Nam\" \/>\n<meta property=\"og:description\" content=\"[:vi]M\u00c1Y \u0110O \u0110\u1ed8 \u1ed2N  Model: GM1352  Sa\u0309n ph\u00e2\u0309m ma\u0301y \u0111o \u00e2m thanh GM1352 \u0111\u01b0\u01a1\u0323c ti\u0301ch h\u01a1\u0323p ca\u0309m bi\u00ea\u0301n th\u00f4ng minh , k\u00ea\u0301t n\u00f4\u0301i tr\u01b0\u0323c ti\u00ea\u0301p v\u01a1\u0301i ma\u0300n hi\u0300nh LCD , nh\u00e2\u0323n ti\u0301n hi\u00ea\u0323u \u00e2m thanh qua \u0111\u00e2\u0300u lo\u0323c , truy\u00ea\u0300n ti\u0301n hi\u00ea\u0323u qua b\u00f4\u0323 x\u01b0\u0309 ly\u0301 th\u00f4ng tin , sau \u0111o\u0301 hi\u00ea\u0323n k\u00ea\u0301t qua\u0309 \u0111o l\u00ean ma\u0300n hi\u0300nh hi\u00ea\u0309n thi\u0323.  Th\u00f4ng s\u1ed1 k\u1ef9 thu\u1eadt\u00a0  Ph\u1ea1m vi \u0111i\u1ec1u ch\u1ec9nh: 30 ~ 130dBA  \u0110\u1ed9 ch\u00ednh x\u00e1c: \u00b1 1.5dB  T\u1ea7n s\u1ed1 \u0111\u00e1p \u1ee9ng: 31.5Hz ~ 8 KHz  C\u00e1c \u0111\u1eb7c t\u00ednh tr\u1ecdng s\u1ed1 t\u1ea7n s\u1ed1: Tr\u1ecdng s\u1ed1  \u0110\u1ed9 ph\u00e2n gi\u1ea3i: 0.1dB  Ngu\u1ed3n \u0111i\u1ec7n: 3 * 1.5V Pin AAA  Nhi\u1ec7t \u0111\u1ed9 l\u00e0m vi\u1ec7c v\u00e0 \u0111\u1ed9 \u1ea9m: 0 ~ 40 \u2103,\u00a0 10 ~ 80% RH  Nhi\u1ec7t \u0111\u1ed9 l\u01b0u tr\u1eef v\u00e0 \u0111\u1ed9 \u1ea9m: -10 ~ 60 \u2103, 0 ~ 90% RH  Tr\u1ecdng l\u01b0\u1ee3ng: 84.08g (kh\u00f4ng bao g\u1ed3m pin)  K\u00edch th\u01b0\u1edbc b\u00ean ngo\u00e0i: 50 * 33 * 159.5mm[:]\" \/>\n<meta property=\"og:url\" content=\"https:\/\/labochem.com.vn\/en\/s\u1ea3n ph\u1ea9m\/may-do-do-on-model-gm1352\/\" \/>\n<meta property=\"og:site_name\" content=\"C\u00f4ng ty TNHH LABOCHEM Vi\u1ec7t Nam\" \/>\n<meta property=\"article:modified_time\" content=\"2020-05-16T09:50:55+00:00\" \/>\n<meta property=\"og:image\" content=\"https:\/\/labochem.com.vn\/wp-content\/uploads\/2020\/05\/GM1352-11.jpg\" \/>\n\t<meta property=\"og:image:width\" content=\"2289\" \/>\n\t<meta property=\"og:image:height\" content=\"2502\" \/>\n\t<meta property=\"og:image:type\" content=\"image\/jpeg\" \/>\n<meta name=\"twitter:card\" content=\"summary_large_image\" \/>\n<script type=\"application\/ld+json\" class=\"yoast-schema-graph\">{\"@context\":\"https:\/\/schema.org\",\"@graph\":[{\"@type\":\"WebPage\",\"@id\":\"https:\/\/labochem.com.vn\/en\/s\u1ea3n ph\u1ea9m\/may-do-do-on-model-gm1352\/\",\"url\":\"https:\/\/labochem.com.vn\/en\/s\u1ea3n ph\u1ea9m\/may-do-do-on-model-gm1352\/\",\"name\":\"[:vi]M\u00c1Y \u0110O \u0110\u1ed8 \u1ed2N Model: GM1352[:] - C\u00f4ng ty TNHH LABOCHEM Vi\u1ec7t Nam\",\"isPartOf\":{\"@id\":\"https:\/\/labochem.com.vn\/#website\"},\"primaryImageOfPage\":{\"@id\":\"https:\/\/labochem.com.vn\/en\/s\u1ea3n ph\u1ea9m\/may-do-do-on-model-gm1352\/#primaryimage\"},\"image\":{\"@id\":\"https:\/\/labochem.com.vn\/en\/s\u1ea3n ph\u1ea9m\/may-do-do-on-model-gm1352\/#primaryimage\"},\"thumbnailUrl\":\"https:\/\/labochem.com.vn\/wp-content\/uploads\/2020\/05\/GM1352-11.jpg\",\"datePublished\":\"2020-05-06T02:57:02+00:00\",\"dateModified\":\"2020-05-16T09:50:55+00:00\",\"breadcrumb\":{\"@id\":\"https:\/\/labochem.com.vn\/en\/s\u1ea3n ph\u1ea9m\/may-do-do-on-model-gm1352\/#breadcrumb\"},\"inLanguage\":\"en-US\",\"potentialAction\":[{\"@type\":\"ReadAction\",\"target\":[\"https:\/\/labochem.com.vn\/en\/s\u1ea3n ph\u1ea9m\/may-do-do-on-model-gm1352\/\"]}]},{\"@type\":\"ImageObject\",\"inLanguage\":\"en-US\",\"@id\":\"https:\/\/labochem.com.vn\/en\/s\u1ea3n ph\u1ea9m\/may-do-do-on-model-gm1352\/#primaryimage\",\"url\":\"https:\/\/labochem.com.vn\/wp-content\/uploads\/2020\/05\/GM1352-11.jpg\",\"contentUrl\":\"https:\/\/labochem.com.vn\/wp-content\/uploads\/2020\/05\/GM1352-11.jpg\",\"width\":2289,\"height\":2502},{\"@type\":\"BreadcrumbList\",\"@id\":\"https:\/\/labochem.com.vn\/en\/s\u1ea3n ph\u1ea9m\/may-do-do-on-model-gm1352\/#breadcrumb\",\"itemListElement\":[{\"@type\":\"ListItem\",\"position\":1,\"name\":\"Home\",\"item\":\"https:\/\/labochem.com.vn\/\"},{\"@type\":\"ListItem\",\"position\":2,\"name\":\"C\u1eeda h\u00e0ng\",\"item\":\"https:\/\/labochem.com.vn\/mua\/\"},{\"@type\":\"ListItem\",\"position\":3,\"name\":\"(Ti\u1ebfng Vi\u1ec7t) M\u00c1Y \u0110O \u0110\u1ed8 \u1ed2N Model: GM1352\"}]},{\"@type\":\"WebSite\",\"@id\":\"https:\/\/labochem.com.vn\/#website\",\"url\":\"https:\/\/labochem.com.vn\/\",\"name\":\"C\u00f4ng ty TNHH LABOCHEM Vi\u1ec7t Nam\",\"description\":\"M\u1ed9t trang web m\u1edbi s\u1eed d\u1ee5ng WordPress\",\"potentialAction\":[{\"@type\":\"SearchAction\",\"target\":{\"@type\":\"EntryPoint\",\"urlTemplate\":\"https:\/\/labochem.com.vn\/?s={search_term_string}\"},\"query-input\":\"required name=search_term_string\"}],\"inLanguage\":\"en-US\"}]}<\/script>\n<!-- \/ Yoast SEO plugin. -->","yoast_head_json":{"title":"[:vi]M\u00c1Y \u0110O \u0110\u1ed8 \u1ed2N Model: GM1352[:] - C\u00f4ng ty TNHH LABOCHEM Vi\u1ec7t Nam","robots":{"index":"index","follow":"follow","max-snippet":"max-snippet:-1","max-image-preview":"max-image-preview:large","max-video-preview":"max-video-preview:-1"},"canonical":"https:\/\/labochem.com.vn\/en\/s\u1ea3n ph\u1ea9m\/may-do-do-on-model-gm1352\/","og_locale":"en_US","og_type":"article","og_title":"[:vi]M\u00c1Y \u0110O \u0110\u1ed8 \u1ed2N Model: GM1352[:] - C\u00f4ng ty TNHH LABOCHEM Vi\u1ec7t Nam","og_description":"[:vi]M\u00c1Y \u0110O \u0110\u1ed8 \u1ed2N  Model: GM1352  Sa\u0309n ph\u00e2\u0309m ma\u0301y \u0111o \u00e2m thanh GM1352 \u0111\u01b0\u01a1\u0323c ti\u0301ch h\u01a1\u0323p ca\u0309m bi\u00ea\u0301n th\u00f4ng minh , k\u00ea\u0301t n\u00f4\u0301i tr\u01b0\u0323c ti\u00ea\u0301p v\u01a1\u0301i ma\u0300n hi\u0300nh LCD , nh\u00e2\u0323n ti\u0301n hi\u00ea\u0323u \u00e2m thanh qua \u0111\u00e2\u0300u lo\u0323c , truy\u00ea\u0300n ti\u0301n hi\u00ea\u0323u qua b\u00f4\u0323 x\u01b0\u0309 ly\u0301 th\u00f4ng tin , sau \u0111o\u0301 hi\u00ea\u0323n k\u00ea\u0301t qua\u0309 \u0111o l\u00ean ma\u0300n hi\u0300nh hi\u00ea\u0309n thi\u0323.  Th\u00f4ng s\u1ed1 k\u1ef9 thu\u1eadt\u00a0  Ph\u1ea1m vi \u0111i\u1ec1u ch\u1ec9nh: 30 ~ 130dBA  \u0110\u1ed9 ch\u00ednh x\u00e1c: \u00b1 1.5dB  T\u1ea7n s\u1ed1 \u0111\u00e1p \u1ee9ng: 31.5Hz ~ 8 KHz  C\u00e1c \u0111\u1eb7c t\u00ednh tr\u1ecdng s\u1ed1 t\u1ea7n s\u1ed1: Tr\u1ecdng s\u1ed1  \u0110\u1ed9 ph\u00e2n gi\u1ea3i: 0.1dB  Ngu\u1ed3n \u0111i\u1ec7n: 3 * 1.5V Pin AAA  Nhi\u1ec7t \u0111\u1ed9 l\u00e0m vi\u1ec7c v\u00e0 \u0111\u1ed9 \u1ea9m: 0 ~ 40 \u2103,\u00a0 10 ~ 80% RH  Nhi\u1ec7t \u0111\u1ed9 l\u01b0u tr\u1eef v\u00e0 \u0111\u1ed9 \u1ea9m: -10 ~ 60 \u2103, 0 ~ 90% RH  Tr\u1ecdng l\u01b0\u1ee3ng: 84.08g (kh\u00f4ng bao g\u1ed3m pin)  K\u00edch th\u01b0\u1edbc b\u00ean ngo\u00e0i: 50 * 33 * 159.5mm[:]","og_url":"https:\/\/labochem.com.vn\/en\/s\u1ea3n ph\u1ea9m\/may-do-do-on-model-gm1352\/","og_site_name":"C\u00f4ng ty TNHH LABOCHEM Vi\u1ec7t Nam","article_modified_time":"2020-05-16T09:50:55+00:00","og_image":[{"width":2289,"height":2502,"url":"https:\/\/labochem.com.vn\/wp-content\/uploads\/2020\/05\/GM1352-11.jpg","type":"image\/jpeg"}],"twitter_card":"summary_large_image","schema":{"@context":"https:\/\/schema.org","@graph":[{"@type":"WebPage","@id":"https:\/\/labochem.com.vn\/en\/s\u1ea3n ph\u1ea9m\/may-do-do-on-model-gm1352\/","url":"https:\/\/labochem.com.vn\/en\/s\u1ea3n ph\u1ea9m\/may-do-do-on-model-gm1352\/","name":"[:vi]M\u00c1Y \u0110O \u0110\u1ed8 \u1ed2N Model: GM1352[:] - C\u00f4ng ty TNHH LABOCHEM Vi\u1ec7t Nam","isPartOf":{"@id":"https:\/\/labochem.com.vn\/#website"},"primaryImageOfPage":{"@id":"https:\/\/labochem.com.vn\/en\/s\u1ea3n ph\u1ea9m\/may-do-do-on-model-gm1352\/#primaryimage"},"image":{"@id":"https:\/\/labochem.com.vn\/en\/s\u1ea3n ph\u1ea9m\/may-do-do-on-model-gm1352\/#primaryimage"},"thumbnailUrl":"https:\/\/labochem.com.vn\/wp-content\/uploads\/2020\/05\/GM1352-11.jpg","datePublished":"2020-05-06T02:57:02+00:00","dateModified":"2020-05-16T09:50:55+00:00","breadcrumb":{"@id":"https:\/\/labochem.com.vn\/en\/s\u1ea3n ph\u1ea9m\/may-do-do-on-model-gm1352\/#breadcrumb"},"inLanguage":"en-US","potentialAction":[{"@type":"ReadAction","target":["https:\/\/labochem.com.vn\/en\/s\u1ea3n ph\u1ea9m\/may-do-do-on-model-gm1352\/"]}]},{"@type":"ImageObject","inLanguage":"en-US","@id":"https:\/\/labochem.com.vn\/en\/s\u1ea3n ph\u1ea9m\/may-do-do-on-model-gm1352\/#primaryimage","url":"https:\/\/labochem.com.vn\/wp-content\/uploads\/2020\/05\/GM1352-11.jpg","contentUrl":"https:\/\/labochem.com.vn\/wp-content\/uploads\/2020\/05\/GM1352-11.jpg","width":2289,"height":2502},{"@type":"BreadcrumbList","@id":"https:\/\/labochem.com.vn\/en\/s\u1ea3n ph\u1ea9m\/may-do-do-on-model-gm1352\/#breadcrumb","itemListElement":[{"@type":"ListItem","position":1,"name":"Home","item":"https:\/\/labochem.com.vn\/"},{"@type":"ListItem","position":2,"name":"C\u1eeda h\u00e0ng","item":"https:\/\/labochem.com.vn\/mua\/"},{"@type":"ListItem","position":3,"name":"(Ti\u1ebfng Vi\u1ec7t) M\u00c1Y \u0110O \u0110\u1ed8 \u1ed2N Model: GM1352"}]},{"@type":"WebSite","@id":"https:\/\/labochem.com.vn\/#website","url":"https:\/\/labochem.com.vn\/","name":"C\u00f4ng ty TNHH LABOCHEM Vi\u1ec7t Nam","description":"M\u1ed9t trang web m\u1edbi s\u1eed d\u1ee5ng WordPress","potentialAction":[{"@type":"SearchAction","target":{"@type":"EntryPoint","urlTemplate":"https:\/\/labochem.com.vn\/?s={search_term_string}"},"query-input":"required name=search_term_string"}],"inLanguage":"en-US"}]}},"_links":{"self":[{"href":"https:\/\/labochem.com.vn\/en\/wp-json\/wp\/v2\/product\/195"}],"collection":[{"href":"https:\/\/labochem.com.vn\/en\/wp-json\/wp\/v2\/product"}],"about":[{"href":"https:\/\/labochem.com.vn\/en\/wp-json\/wp\/v2\/types\/product"}],"replies":[{"embeddable":true,"href":"https:\/\/labochem.com.vn\/en\/wp-json\/wp\/v2\/comments?post=195"}],"wp:featuredmedia":[{"embeddable":true,"href":"https:\/\/labochem.com.vn\/en\/wp-json\/wp\/v2\/media\/196"}],"wp:attachment":[{"href":"https:\/\/labochem.com.vn\/en\/wp-json\/wp\/v2\/media?parent=195"}],"wp:term":[{"taxonomy":"product_cat","embeddable":true,"href":"https:\/\/labochem.com.vn\/en\/wp-json\/wp\/v2\/product_cat?post=195"},{"taxonomy":"product_tag","embeddable":true,"href":"https:\/\/labochem.com.vn\/en\/wp-json\/wp\/v2\/product_tag?post=195"}],"curies":[{"name":"wp","href":"https:\/\/api.w.org\/{rel}","templated":true}]}}