{"id":193,"date":"2020-05-06T02:55:01","date_gmt":"2020-05-06T02:55:01","guid":{"rendered":"http:\/\/labochem.com.vn\/?post_type=product&#038;p=193"},"modified":"2020-05-16T09:56:05","modified_gmt":"2020-05-16T09:56:05","slug":"may-do-do-on-model-gm1351","status":"publish","type":"product","link":"https:\/\/labochem.com.vn\/en\/s\u1ea3n ph\u1ea9m\/may-do-do-on-model-gm1351\/","title":{"rendered":"(Ti\u1ebfng Vi\u1ec7t) M\u00c1Y \u0110O \u0110\u1ed8 \u1ed2N  Model: GM1351"},"content":{"rendered":"","protected":false},"excerpt":{"rendered":"<p class=\"qtranxs-available-languages-message qtranxs-available-languages-message-en\">Sorry, this entry is only available in <a href=\"https:\/\/labochem.com.vn\/vi\/wp-json\/wp\/v2\/product\/193\" class=\"qtranxs-available-language-link qtranxs-available-language-link-vi\" title=\"Ti\u1ebfng Vi\u1ec7t\">Ti\u1ebfng Vi\u1ec7t<\/a>.<\/p>\n","protected":false},"featured_media":194,"comment_status":"open","ping_status":"closed","template":"","meta":[],"product_cat":[34],"product_tag":[58],"yoast_head":"<!-- This site is optimized with the Yoast SEO plugin v22.6 - https:\/\/yoast.com\/wordpress\/plugins\/seo\/ -->\n<title><\/title>\n<meta name=\"robots\" content=\"index, follow, max-snippet:-1, max-image-preview:large, max-video-preview:-1\" \/>\n<link rel=\"canonical\" href=\"https:\/\/labochem.com.vn\/en\/s\u1ea3n%20ph\u1ea9m\/may-do-do-on-model-gm1351\/\" \/>\n<meta property=\"og:locale\" content=\"en_US\" \/>\n<meta property=\"og:type\" content=\"article\" \/>\n<meta property=\"og:title\" content=\"[:vi]M\u00c1Y \u0110O \u0110\u1ed8 \u1ed2N Model: GM1351[:] - C\u00f4ng ty TNHH LABOCHEM Vi\u1ec7t Nam\" \/>\n<meta property=\"og:description\" content=\"[:vi]M\u00c1Y \u0110O \u0110\u1ed8 \u1ed2N  Model: GM1351 Ti\u1ebfng \u1ed3n \u1ea3nh h\u01b0\u1edfng t\u1edbi s\u1ee9c kh\u1ecfe v\u00e0 t\u00ednh m\u1ea1ng c\u1ee7a ng\u01b0\u1eddi lao \u0111\u1ed9ng v\u00ec v\u1eady\u00a0M\u00e1y \u0111o \u0111\u1ed9 \u1ed3n\u00a0ra \u0111\u1eddi gi\u1ea3m thi\u1ec3u vi\u1ec7c \u00f4 nhi\u1ec5m ti\u1ebfng \u1ed3n. M\u00e1y \u0111o \u0111\u1ed9 \u1ed3n Benetech GM1351 l\u00e0 d\u1ee5ng c\u1ee5 d\u00f9ng \u0111\u1ec3 \u0111o c\u01b0\u1eddng \u0111\u1ed9 \u00e2m thanh \u0111\u1ec3 c\u00f3 th\u1ec3 x\u00e1c \u0111\u1ecbnh m\u1ee9c c\u01b0\u1eddng \u0111\u1ed9 \u00e2m thanh v\u00e0 c\u00f3 nh\u1eefng bi\u1ec7n ph\u00e1p b\u1ea3o v\u1ec7 s\u1ee9c kh\u1ecfe c\u1ee5 th\u1ec3 v\u00e0 h\u1ee3p l\u00fd, tr\u00e1nh \u0111\u01b0\u1ee3c t\u00ecnh tr\u1ea1ng \u00e2m thanh qu\u00e1 l\u1edbn \u1ea3nh h\u01b0\u1edfng t\u1edbi s\u1ee9c kh\u1ecfe v\u00e0 cu\u1ed9c s\u1ed1ng c\u1ee7a m\u1ecdi ng\u01b0\u1eddi.   \u0110\u1eb6C \u0110I\u1ec2M\u00a0 N\u1ed4I B\u1eacT C\u1ee6A M\u00c1Y \u0110O \u0110\u1ed8 \u1ed2N BENETECH GM1351  -\u00a0D\u00f9ng \u0111\u1ec3 \u0111\u00e1nh gi\u00e1 ti\u1ebfng \u1ed3n - M\u00e1y c\u00f3 d\u1ea3i \u0111o 30 ~ 130 dBA - T\u1ed1c \u0111\u1ed9 l\u1ea5y m\u1eabu r\u1ea5t nhanh l\u00e0 2 gi\u00e2y tr\u00ean m\u1ed9t l\u1ea7n - Cho k\u1ebft qu\u1ea3 \u0111o nhanh v\u00e0 ch\u00ednh x\u00e1c - Sai s\u1ed1 khi \u0111o r\u1ea5t nh\u1ecf ch\u1ec9 kho\u1ea3ng \u00b1 1.5dB - T\u1ef1 \u0111\u1ed9ng ng\u1eaft \u0111i\u1ec7n khi kh\u00f4ng s\u1eed d\u1ee5ng, b\u00e1o hi\u1ec7u pin y\u1ebfu - C\u00f3 \u0111\u00e8n n\u1ec1n m\u00e0n h\u00ecnh LCD l\u1edbn, r\u00f5 r\u00e0ng  CHI TI\u1ebeT T\u00cdNH N\u0102NG C\u1ee6A M\u00c1Y \u0110O \u0110\u1ed8 \u1ed2N BENETECH GM1351  K\u1ebft qu\u1ea3 \u0111o nhanh ch\u00f3ng, ch\u00ednh x\u00e1c  - M\u00e1y \u0111o \u0111\u1ed9 \u1ed3n ho\u1ea1t \u0111\u1ed9ng theo nguy\u00ean t\u1eafc t\u00e1c \u0111\u1ed9ng c\u1ee7a \u00e1p su\u1ea5t \u00e2m thanh cho k\u1ebft qu\u1ea3 \u0111o nhanh ch\u00f3ng v\u00e0 \u0111\u1ed9 ch\u00ednh x\u00e1c cao k\u1ec3 c\u1ea3 khi ng\u01b0\u1eddi d\u00f9ng c\u00f3 di chuy\u1ec3n khi \u0111o \u0111\u1ea1c gi\u00fap cho c\u00f4ng vi\u1ec7c \u0111o \u0111\u1ea1c tr\u1edf n\u00ean d\u1ec5 d\u00e0ng h\u01a1n bao gi\u1edd h\u1ebft  Thi\u1ebft b\u1ecb \u0111o \u0111\u1ed9 \u1ed3n ti\u1ec7n d\u1ee5ng  - M\u00e1y \u0111o \u0111\u1ed9 \u1ed3n Benetech GM1351\u00a0l\u00e0 thi\u1ebft b\u1ecb \u0111o \u0111\u1ed9 \u1ed3n c\u00f3 d\u1ea3i \u0111o 30 ~ 130 dBA, d\u00f9ng \u0111\u1ec3 \u0111o v\u00e0 \u0111\u00e1nh gi\u00e1 ti\u1ebfng \u1ed3n, \u0111\u1ec3 t\u1eeb \u0111\u00f3 ng\u01b0\u1eddi s\u1eed d\u1ee5ng c\u00f3 th\u1ec3 \u0111\u01b0a ra nh\u1eefng gi\u1ea3i ph\u00e1p t\u1ed1i \u01b0u nh\u1ea5t kh\u1eafc ph\u1ee5c ti\u1ebfng \u1ed3n, b\u1ea3o v\u1ec7 s\u1ee9c kh\u1ecfe c\u1ee7a con ng\u01b0\u1eddi. - T\u1ed1c \u0111\u1ed9 l\u1ea5y m\u1eabu r\u1ea5t nhanh l\u00e0 2 gi\u00e2y tr\u00ean m\u1ed9t l\u1ea7n, M\u00e1y \u0111o \u0111\u1ed9 \u1ed3n Benetech GM1351 cho k\u1ebft qu\u1ea3 nhanh v\u00e0 ch\u00ednh x\u00e1c, sai s\u1ed1 r\u1ea5t \u00edt, ch\u1ec9 trong kho\u1ea3ng \u00b1 1.5 dB, gi\u00fap ng\u01b0\u1eddi s\u1eed d\u1ee5ng \u0111o v\u00e0 \u0111\u00e1nh gi\u00e1 ti\u1ebfng \u1ed3n ch\u00ednh x\u00e1c h\u01a1n.     Thi\u1ebft k\u1ebf nh\u1ecf g\u1ecdn, d\u1ec5 s\u1eed d\u1ee5ng  - Thi\u1ebft k\u1ebf m\u00e1y d\u1ea1ng c\u1ea7m tay nh\u1ecf g\u1ecdn tr\u1ecdng l\u01b0\u1ee3ng ch\u1ec9 144g thu\u1eadn ti\u1ec7n cho ng\u01b0\u1eddi d\u00f9ng trong c\u00f4ng t\u00e1c \u0111o hay khi ph\u1ea3i di chuy\u1ec3n \u0111\u1ebfn c\u00e1c \u0111\u1ecba \u0111i\u1ec3m l\u00e0m vi\u1ec7c kh\u00e1c nhau. - Vi\u1ec7c s\u1eed d\u1ee5ng m\u00e1y v\u00f4 c\u00f9ng d\u1ec5 d\u00e0ng, thao t\u00e1c \u0111\u01a1n gi\u1ea3n d\u1ec5 d\u00e0ng s\u1eed d\u1ee5ng. - M\u00e1y \u0111o \u0111\u1ed9 \u1ed3n Benetech GM1351 c\u00f2n c\u00f3 \u0111\u00e8n n\u1ec1n t\u1ef1 \u0111\u1ed9ng v\u00e0 c\u00f3 b\u00e1o khi pin y\u1ebfu n\u00ean gi\u00fap ng\u01b0\u1eddi s\u1eed d\u1ee5ng ch\u1ee7 \u0111\u1ed9ng h\u01a1n trong vi\u1ec7c th\u1ef1c hi\u1ec7n c\u00e1c ph\u00e9p \u0111o.   Th\u00f4ng s\u1ed1 k\u1ef9 thu\u1eadt c\u1ee7a M\u00e1y \u0111o \u0111\u1ed9 \u1ed3n Benetech GM1351:    H\u00e3ng s\u1ea3n xu\u1ea5t: Benetech   Model: GM1351   D\u1ea3i \u0111o: 30 ~ 130 dBA   \u0110\u1ed9 ch\u00ednh x\u00e1c: \u00b1 1.5 dB   Ch\u1eef s\u1ed1 &amp; \u0110\u1ed9 ph\u00e2n gi\u1ea3i: 4 ch\u1eef s\u1ed1 &amp; 0.1 dB   T\u1ea7n s\u1ed1 \u0111\u00e1p \u1ee9ng: 31.5Hz ~ 8.5KHz   T\u1ed1c \u0111\u1ed9 l\u1ea5y m\u1eabu: 2 l\u1ea7n \/ gi\u00e2y   Microphone: 1\/2 inch \u0111\u1ed9 ph\u00e2n c\u1ef1c \u0111i\u1ec7n dung microphone   Ngu\u1ed3n \u0111i\u1ec7n: D\u00f9ng pin   \u0110\u00e8n n\u1ec1n t\u1ef1 \u0111\u1ed9ng C\u00f3   B\u00e1o khi pin y\u1ebfu C\u00f3   T\u1ef1 \u0111\u1ed9ng ng\u1eaft \u0111i\u1ec7n C\u00f3   Ti\u00eau chu\u1ea9n: \u0110\u1ea1t ti\u00eau chu\u1ea9n c\u1ee7a \u1ee6y ban k\u1ef9 thu\u1eadt \u0111i\u1ec7n qu\u1ed1c t\u1ebf IEC PUB 651 TYPE2 v\u00e0 ti\u00eau chu\u1ea9n c\u1ee7a M\u1ef9 ANSI S1.4 TYPE2   K\u00edch th\u01b0\u1edbc: 57 x 36 x 149 mm   Tr\u1ecdng l\u01b0\u1ee3ng: 144g (bao g\u1ed3m pin)   B\u1ea3o h\u00e0nh: 6 th\u00e1ng   [:]\" \/>\n<meta property=\"og:url\" content=\"https:\/\/labochem.com.vn\/en\/s\u1ea3n ph\u1ea9m\/may-do-do-on-model-gm1351\/\" \/>\n<meta property=\"og:site_name\" content=\"C\u00f4ng ty TNHH LABOCHEM Vi\u1ec7t Nam\" \/>\n<meta property=\"article:modified_time\" content=\"2020-05-16T09:56:05+00:00\" \/>\n<meta property=\"og:image\" content=\"https:\/\/labochem.com.vn\/wp-content\/uploads\/2020\/05\/GM1351-E.jpg\" \/>\n\t<meta property=\"og:image:width\" content=\"732\" \/>\n\t<meta property=\"og:image:height\" content=\"800\" \/>\n\t<meta property=\"og:image:type\" content=\"image\/jpeg\" \/>\n<meta name=\"twitter:card\" content=\"summary_large_image\" \/>\n<script type=\"application\/ld+json\" class=\"yoast-schema-graph\">{\"@context\":\"https:\/\/schema.org\",\"@graph\":[{\"@type\":\"WebPage\",\"@id\":\"https:\/\/labochem.com.vn\/en\/s\u1ea3n ph\u1ea9m\/may-do-do-on-model-gm1351\/\",\"url\":\"https:\/\/labochem.com.vn\/en\/s\u1ea3n ph\u1ea9m\/may-do-do-on-model-gm1351\/\",\"name\":\"[:vi]M\u00c1Y \u0110O \u0110\u1ed8 \u1ed2N Model: GM1351[:] - C\u00f4ng ty TNHH LABOCHEM Vi\u1ec7t Nam\",\"isPartOf\":{\"@id\":\"https:\/\/labochem.com.vn\/#website\"},\"primaryImageOfPage\":{\"@id\":\"https:\/\/labochem.com.vn\/en\/s\u1ea3n ph\u1ea9m\/may-do-do-on-model-gm1351\/#primaryimage\"},\"image\":{\"@id\":\"https:\/\/labochem.com.vn\/en\/s\u1ea3n ph\u1ea9m\/may-do-do-on-model-gm1351\/#primaryimage\"},\"thumbnailUrl\":\"https:\/\/labochem.com.vn\/wp-content\/uploads\/2020\/05\/GM1351-E.jpg\",\"datePublished\":\"2020-05-06T02:55:01+00:00\",\"dateModified\":\"2020-05-16T09:56:05+00:00\",\"breadcrumb\":{\"@id\":\"https:\/\/labochem.com.vn\/en\/s\u1ea3n ph\u1ea9m\/may-do-do-on-model-gm1351\/#breadcrumb\"},\"inLanguage\":\"en-US\",\"potentialAction\":[{\"@type\":\"ReadAction\",\"target\":[\"https:\/\/labochem.com.vn\/en\/s\u1ea3n ph\u1ea9m\/may-do-do-on-model-gm1351\/\"]}]},{\"@type\":\"ImageObject\",\"inLanguage\":\"en-US\",\"@id\":\"https:\/\/labochem.com.vn\/en\/s\u1ea3n ph\u1ea9m\/may-do-do-on-model-gm1351\/#primaryimage\",\"url\":\"https:\/\/labochem.com.vn\/wp-content\/uploads\/2020\/05\/GM1351-E.jpg\",\"contentUrl\":\"https:\/\/labochem.com.vn\/wp-content\/uploads\/2020\/05\/GM1351-E.jpg\",\"width\":732,\"height\":800},{\"@type\":\"BreadcrumbList\",\"@id\":\"https:\/\/labochem.com.vn\/en\/s\u1ea3n ph\u1ea9m\/may-do-do-on-model-gm1351\/#breadcrumb\",\"itemListElement\":[{\"@type\":\"ListItem\",\"position\":1,\"name\":\"Home\",\"item\":\"https:\/\/labochem.com.vn\/\"},{\"@type\":\"ListItem\",\"position\":2,\"name\":\"C\u1eeda h\u00e0ng\",\"item\":\"https:\/\/labochem.com.vn\/mua\/\"},{\"@type\":\"ListItem\",\"position\":3,\"name\":\"(Ti\u1ebfng Vi\u1ec7t) M\u00c1Y \u0110O \u0110\u1ed8 \u1ed2N Model: GM1351\"}]},{\"@type\":\"WebSite\",\"@id\":\"https:\/\/labochem.com.vn\/#website\",\"url\":\"https:\/\/labochem.com.vn\/\",\"name\":\"C\u00f4ng ty TNHH LABOCHEM Vi\u1ec7t Nam\",\"description\":\"M\u1ed9t trang web m\u1edbi s\u1eed d\u1ee5ng WordPress\",\"potentialAction\":[{\"@type\":\"SearchAction\",\"target\":{\"@type\":\"EntryPoint\",\"urlTemplate\":\"https:\/\/labochem.com.vn\/?s={search_term_string}\"},\"query-input\":\"required name=search_term_string\"}],\"inLanguage\":\"en-US\"}]}<\/script>\n<!-- \/ Yoast SEO plugin. -->","yoast_head_json":{"title":"[:vi]M\u00c1Y \u0110O \u0110\u1ed8 \u1ed2N Model: GM1351[:] - C\u00f4ng ty TNHH LABOCHEM Vi\u1ec7t Nam","robots":{"index":"index","follow":"follow","max-snippet":"max-snippet:-1","max-image-preview":"max-image-preview:large","max-video-preview":"max-video-preview:-1"},"canonical":"https:\/\/labochem.com.vn\/en\/s\u1ea3n ph\u1ea9m\/may-do-do-on-model-gm1351\/","og_locale":"en_US","og_type":"article","og_title":"[:vi]M\u00c1Y \u0110O \u0110\u1ed8 \u1ed2N Model: GM1351[:] - C\u00f4ng ty TNHH LABOCHEM Vi\u1ec7t Nam","og_description":"[:vi]M\u00c1Y \u0110O \u0110\u1ed8 \u1ed2N  Model: GM1351 Ti\u1ebfng \u1ed3n \u1ea3nh h\u01b0\u1edfng t\u1edbi s\u1ee9c kh\u1ecfe v\u00e0 t\u00ednh m\u1ea1ng c\u1ee7a ng\u01b0\u1eddi lao \u0111\u1ed9ng v\u00ec v\u1eady\u00a0M\u00e1y \u0111o \u0111\u1ed9 \u1ed3n\u00a0ra \u0111\u1eddi gi\u1ea3m thi\u1ec3u vi\u1ec7c \u00f4 nhi\u1ec5m ti\u1ebfng \u1ed3n. M\u00e1y \u0111o \u0111\u1ed9 \u1ed3n Benetech GM1351 l\u00e0 d\u1ee5ng c\u1ee5 d\u00f9ng \u0111\u1ec3 \u0111o c\u01b0\u1eddng \u0111\u1ed9 \u00e2m thanh \u0111\u1ec3 c\u00f3 th\u1ec3 x\u00e1c \u0111\u1ecbnh m\u1ee9c c\u01b0\u1eddng \u0111\u1ed9 \u00e2m thanh v\u00e0 c\u00f3 nh\u1eefng bi\u1ec7n ph\u00e1p b\u1ea3o v\u1ec7 s\u1ee9c kh\u1ecfe c\u1ee5 th\u1ec3 v\u00e0 h\u1ee3p l\u00fd, tr\u00e1nh \u0111\u01b0\u1ee3c t\u00ecnh tr\u1ea1ng \u00e2m thanh qu\u00e1 l\u1edbn \u1ea3nh h\u01b0\u1edfng t\u1edbi s\u1ee9c kh\u1ecfe v\u00e0 cu\u1ed9c s\u1ed1ng c\u1ee7a m\u1ecdi ng\u01b0\u1eddi.   \u0110\u1eb6C \u0110I\u1ec2M\u00a0 N\u1ed4I B\u1eacT C\u1ee6A M\u00c1Y \u0110O \u0110\u1ed8 \u1ed2N BENETECH GM1351  -\u00a0D\u00f9ng \u0111\u1ec3 \u0111\u00e1nh gi\u00e1 ti\u1ebfng \u1ed3n - M\u00e1y c\u00f3 d\u1ea3i \u0111o 30 ~ 130 dBA - T\u1ed1c \u0111\u1ed9 l\u1ea5y m\u1eabu r\u1ea5t nhanh l\u00e0 2 gi\u00e2y tr\u00ean m\u1ed9t l\u1ea7n - Cho k\u1ebft qu\u1ea3 \u0111o nhanh v\u00e0 ch\u00ednh x\u00e1c - Sai s\u1ed1 khi \u0111o r\u1ea5t nh\u1ecf ch\u1ec9 kho\u1ea3ng \u00b1 1.5dB - T\u1ef1 \u0111\u1ed9ng ng\u1eaft \u0111i\u1ec7n khi kh\u00f4ng s\u1eed d\u1ee5ng, b\u00e1o hi\u1ec7u pin y\u1ebfu - C\u00f3 \u0111\u00e8n n\u1ec1n m\u00e0n h\u00ecnh LCD l\u1edbn, r\u00f5 r\u00e0ng  CHI TI\u1ebeT T\u00cdNH N\u0102NG C\u1ee6A M\u00c1Y \u0110O \u0110\u1ed8 \u1ed2N BENETECH GM1351  K\u1ebft qu\u1ea3 \u0111o nhanh ch\u00f3ng, ch\u00ednh x\u00e1c  - M\u00e1y \u0111o \u0111\u1ed9 \u1ed3n ho\u1ea1t \u0111\u1ed9ng theo nguy\u00ean t\u1eafc t\u00e1c \u0111\u1ed9ng c\u1ee7a \u00e1p su\u1ea5t \u00e2m thanh cho k\u1ebft qu\u1ea3 \u0111o nhanh ch\u00f3ng v\u00e0 \u0111\u1ed9 ch\u00ednh x\u00e1c cao k\u1ec3 c\u1ea3 khi ng\u01b0\u1eddi d\u00f9ng c\u00f3 di chuy\u1ec3n khi \u0111o \u0111\u1ea1c gi\u00fap cho c\u00f4ng vi\u1ec7c \u0111o \u0111\u1ea1c tr\u1edf n\u00ean d\u1ec5 d\u00e0ng h\u01a1n bao gi\u1edd h\u1ebft  Thi\u1ebft b\u1ecb \u0111o \u0111\u1ed9 \u1ed3n ti\u1ec7n d\u1ee5ng  - M\u00e1y \u0111o \u0111\u1ed9 \u1ed3n Benetech GM1351\u00a0l\u00e0 thi\u1ebft b\u1ecb \u0111o \u0111\u1ed9 \u1ed3n c\u00f3 d\u1ea3i \u0111o 30 ~ 130 dBA, d\u00f9ng \u0111\u1ec3 \u0111o v\u00e0 \u0111\u00e1nh gi\u00e1 ti\u1ebfng \u1ed3n, \u0111\u1ec3 t\u1eeb \u0111\u00f3 ng\u01b0\u1eddi s\u1eed d\u1ee5ng c\u00f3 th\u1ec3 \u0111\u01b0a ra nh\u1eefng gi\u1ea3i ph\u00e1p t\u1ed1i \u01b0u nh\u1ea5t kh\u1eafc ph\u1ee5c ti\u1ebfng \u1ed3n, b\u1ea3o v\u1ec7 s\u1ee9c kh\u1ecfe c\u1ee7a con ng\u01b0\u1eddi. - T\u1ed1c \u0111\u1ed9 l\u1ea5y m\u1eabu r\u1ea5t nhanh l\u00e0 2 gi\u00e2y tr\u00ean m\u1ed9t l\u1ea7n, M\u00e1y \u0111o \u0111\u1ed9 \u1ed3n Benetech GM1351 cho k\u1ebft qu\u1ea3 nhanh v\u00e0 ch\u00ednh x\u00e1c, sai s\u1ed1 r\u1ea5t \u00edt, ch\u1ec9 trong kho\u1ea3ng \u00b1 1.5 dB, gi\u00fap ng\u01b0\u1eddi s\u1eed d\u1ee5ng \u0111o v\u00e0 \u0111\u00e1nh gi\u00e1 ti\u1ebfng \u1ed3n ch\u00ednh x\u00e1c h\u01a1n.     Thi\u1ebft k\u1ebf nh\u1ecf g\u1ecdn, d\u1ec5 s\u1eed d\u1ee5ng  - Thi\u1ebft k\u1ebf m\u00e1y d\u1ea1ng c\u1ea7m tay nh\u1ecf g\u1ecdn tr\u1ecdng l\u01b0\u1ee3ng ch\u1ec9 144g thu\u1eadn ti\u1ec7n cho ng\u01b0\u1eddi d\u00f9ng trong c\u00f4ng t\u00e1c \u0111o hay khi ph\u1ea3i di chuy\u1ec3n \u0111\u1ebfn c\u00e1c \u0111\u1ecba \u0111i\u1ec3m l\u00e0m vi\u1ec7c kh\u00e1c nhau. - Vi\u1ec7c s\u1eed d\u1ee5ng m\u00e1y v\u00f4 c\u00f9ng d\u1ec5 d\u00e0ng, thao t\u00e1c \u0111\u01a1n gi\u1ea3n d\u1ec5 d\u00e0ng s\u1eed d\u1ee5ng. - M\u00e1y \u0111o \u0111\u1ed9 \u1ed3n Benetech GM1351 c\u00f2n c\u00f3 \u0111\u00e8n n\u1ec1n t\u1ef1 \u0111\u1ed9ng v\u00e0 c\u00f3 b\u00e1o khi pin y\u1ebfu n\u00ean gi\u00fap ng\u01b0\u1eddi s\u1eed d\u1ee5ng ch\u1ee7 \u0111\u1ed9ng h\u01a1n trong vi\u1ec7c th\u1ef1c hi\u1ec7n c\u00e1c ph\u00e9p \u0111o.   Th\u00f4ng s\u1ed1 k\u1ef9 thu\u1eadt c\u1ee7a M\u00e1y \u0111o \u0111\u1ed9 \u1ed3n Benetech GM1351:    H\u00e3ng s\u1ea3n xu\u1ea5t: Benetech   Model: GM1351   D\u1ea3i \u0111o: 30 ~ 130 dBA   \u0110\u1ed9 ch\u00ednh x\u00e1c: \u00b1 1.5 dB   Ch\u1eef s\u1ed1 &amp; \u0110\u1ed9 ph\u00e2n gi\u1ea3i: 4 ch\u1eef s\u1ed1 &amp; 0.1 dB   T\u1ea7n s\u1ed1 \u0111\u00e1p \u1ee9ng: 31.5Hz ~ 8.5KHz   T\u1ed1c \u0111\u1ed9 l\u1ea5y m\u1eabu: 2 l\u1ea7n \/ gi\u00e2y   Microphone: 1\/2 inch \u0111\u1ed9 ph\u00e2n c\u1ef1c \u0111i\u1ec7n dung microphone   Ngu\u1ed3n \u0111i\u1ec7n: D\u00f9ng pin   \u0110\u00e8n n\u1ec1n t\u1ef1 \u0111\u1ed9ng C\u00f3   B\u00e1o khi pin y\u1ebfu C\u00f3   T\u1ef1 \u0111\u1ed9ng ng\u1eaft \u0111i\u1ec7n C\u00f3   Ti\u00eau chu\u1ea9n: \u0110\u1ea1t ti\u00eau chu\u1ea9n c\u1ee7a \u1ee6y ban k\u1ef9 thu\u1eadt \u0111i\u1ec7n qu\u1ed1c t\u1ebf IEC PUB 651 TYPE2 v\u00e0 ti\u00eau chu\u1ea9n c\u1ee7a M\u1ef9 ANSI S1.4 TYPE2   K\u00edch th\u01b0\u1edbc: 57 x 36 x 149 mm   Tr\u1ecdng l\u01b0\u1ee3ng: 144g (bao g\u1ed3m pin)   B\u1ea3o h\u00e0nh: 6 th\u00e1ng   [:]","og_url":"https:\/\/labochem.com.vn\/en\/s\u1ea3n ph\u1ea9m\/may-do-do-on-model-gm1351\/","og_site_name":"C\u00f4ng ty TNHH LABOCHEM Vi\u1ec7t Nam","article_modified_time":"2020-05-16T09:56:05+00:00","og_image":[{"width":732,"height":800,"url":"https:\/\/labochem.com.vn\/wp-content\/uploads\/2020\/05\/GM1351-E.jpg","type":"image\/jpeg"}],"twitter_card":"summary_large_image","schema":{"@context":"https:\/\/schema.org","@graph":[{"@type":"WebPage","@id":"https:\/\/labochem.com.vn\/en\/s\u1ea3n ph\u1ea9m\/may-do-do-on-model-gm1351\/","url":"https:\/\/labochem.com.vn\/en\/s\u1ea3n ph\u1ea9m\/may-do-do-on-model-gm1351\/","name":"[:vi]M\u00c1Y \u0110O \u0110\u1ed8 \u1ed2N Model: GM1351[:] - C\u00f4ng ty TNHH LABOCHEM Vi\u1ec7t Nam","isPartOf":{"@id":"https:\/\/labochem.com.vn\/#website"},"primaryImageOfPage":{"@id":"https:\/\/labochem.com.vn\/en\/s\u1ea3n ph\u1ea9m\/may-do-do-on-model-gm1351\/#primaryimage"},"image":{"@id":"https:\/\/labochem.com.vn\/en\/s\u1ea3n ph\u1ea9m\/may-do-do-on-model-gm1351\/#primaryimage"},"thumbnailUrl":"https:\/\/labochem.com.vn\/wp-content\/uploads\/2020\/05\/GM1351-E.jpg","datePublished":"2020-05-06T02:55:01+00:00","dateModified":"2020-05-16T09:56:05+00:00","breadcrumb":{"@id":"https:\/\/labochem.com.vn\/en\/s\u1ea3n ph\u1ea9m\/may-do-do-on-model-gm1351\/#breadcrumb"},"inLanguage":"en-US","potentialAction":[{"@type":"ReadAction","target":["https:\/\/labochem.com.vn\/en\/s\u1ea3n ph\u1ea9m\/may-do-do-on-model-gm1351\/"]}]},{"@type":"ImageObject","inLanguage":"en-US","@id":"https:\/\/labochem.com.vn\/en\/s\u1ea3n ph\u1ea9m\/may-do-do-on-model-gm1351\/#primaryimage","url":"https:\/\/labochem.com.vn\/wp-content\/uploads\/2020\/05\/GM1351-E.jpg","contentUrl":"https:\/\/labochem.com.vn\/wp-content\/uploads\/2020\/05\/GM1351-E.jpg","width":732,"height":800},{"@type":"BreadcrumbList","@id":"https:\/\/labochem.com.vn\/en\/s\u1ea3n ph\u1ea9m\/may-do-do-on-model-gm1351\/#breadcrumb","itemListElement":[{"@type":"ListItem","position":1,"name":"Home","item":"https:\/\/labochem.com.vn\/"},{"@type":"ListItem","position":2,"name":"C\u1eeda h\u00e0ng","item":"https:\/\/labochem.com.vn\/mua\/"},{"@type":"ListItem","position":3,"name":"(Ti\u1ebfng Vi\u1ec7t) M\u00c1Y \u0110O \u0110\u1ed8 \u1ed2N Model: GM1351"}]},{"@type":"WebSite","@id":"https:\/\/labochem.com.vn\/#website","url":"https:\/\/labochem.com.vn\/","name":"C\u00f4ng ty TNHH LABOCHEM Vi\u1ec7t Nam","description":"M\u1ed9t trang web m\u1edbi s\u1eed d\u1ee5ng WordPress","potentialAction":[{"@type":"SearchAction","target":{"@type":"EntryPoint","urlTemplate":"https:\/\/labochem.com.vn\/?s={search_term_string}"},"query-input":"required name=search_term_string"}],"inLanguage":"en-US"}]}},"_links":{"self":[{"href":"https:\/\/labochem.com.vn\/en\/wp-json\/wp\/v2\/product\/193"}],"collection":[{"href":"https:\/\/labochem.com.vn\/en\/wp-json\/wp\/v2\/product"}],"about":[{"href":"https:\/\/labochem.com.vn\/en\/wp-json\/wp\/v2\/types\/product"}],"replies":[{"embeddable":true,"href":"https:\/\/labochem.com.vn\/en\/wp-json\/wp\/v2\/comments?post=193"}],"wp:featuredmedia":[{"embeddable":true,"href":"https:\/\/labochem.com.vn\/en\/wp-json\/wp\/v2\/media\/194"}],"wp:attachment":[{"href":"https:\/\/labochem.com.vn\/en\/wp-json\/wp\/v2\/media?parent=193"}],"wp:term":[{"taxonomy":"product_cat","embeddable":true,"href":"https:\/\/labochem.com.vn\/en\/wp-json\/wp\/v2\/product_cat?post=193"},{"taxonomy":"product_tag","embeddable":true,"href":"https:\/\/labochem.com.vn\/en\/wp-json\/wp\/v2\/product_tag?post=193"}],"curies":[{"name":"wp","href":"https:\/\/api.w.org\/{rel}","templated":true}]}}