{"id":191,"date":"2020-05-06T02:50:55","date_gmt":"2020-05-06T02:50:55","guid":{"rendered":"http:\/\/labochem.com.vn\/?post_type=product&#038;p=191"},"modified":"2020-05-16T08:29:34","modified_gmt":"2020-05-16T08:29:34","slug":"may-do-cuong-do-sang-model-gm1010","status":"publish","type":"product","link":"https:\/\/labochem.com.vn\/en\/s\u1ea3n ph\u1ea9m\/may-do-cuong-do-sang-model-gm1010\/","title":{"rendered":"(Ti\u1ebfng Vi\u1ec7t) \u00a0  M\u00c1Y \u0110O C\u01af\u1edcNG \u0110\u1ed8 S\u00c1NG  Model: GM1010"},"content":{"rendered":"","protected":false},"excerpt":{"rendered":"<p class=\"qtranxs-available-languages-message qtranxs-available-languages-message-en\">Sorry, this entry is only available in <a href=\"https:\/\/labochem.com.vn\/vi\/wp-json\/wp\/v2\/product\/191\" class=\"qtranxs-available-language-link qtranxs-available-language-link-vi\" title=\"Ti\u1ebfng Vi\u1ec7t\">Ti\u1ebfng Vi\u1ec7t<\/a>.<\/p>\n","protected":false},"featured_media":192,"comment_status":"open","ping_status":"closed","template":"","meta":[],"product_cat":[32],"product_tag":[57],"yoast_head":"<!-- This site is optimized with the Yoast SEO plugin v22.6 - https:\/\/yoast.com\/wordpress\/plugins\/seo\/ -->\n<title><\/title>\n<meta name=\"robots\" content=\"index, follow, max-snippet:-1, max-image-preview:large, max-video-preview:-1\" \/>\n<link rel=\"canonical\" href=\"https:\/\/labochem.com.vn\/en\/s\u1ea3n%20ph\u1ea9m\/may-do-cuong-do-sang-model-gm1010\/\" \/>\n<meta property=\"og:locale\" content=\"en_US\" \/>\n<meta property=\"og:type\" content=\"article\" \/>\n<meta property=\"og:title\" content=\"[:vi]\u00a0 M\u00c1Y \u0110O C\u01af\u1edcNG \u0110\u1ed8 S\u00c1NG Model: GM1010[:] - C\u00f4ng ty TNHH LABOCHEM Vi\u1ec7t Nam\" \/>\n<meta property=\"og:description\" content=\"[:vi]M\u00e1y \u0111o c\u01b0\u1eddng \u0111\u1ed9 \u00e1nh s\u00e1ng Model: GM 1010   M\u00e1y \u0111o c\u01b0\u1eddng \u0111\u1ed9 \u00e1nh s\u00e1ng Benetech GM1010\u00a0\u0111\u1ebfn t\u1eeb th\u01b0\u01a1ng hi\u1ec7u Benetech - m\u1ed9t nh\u00e0 s\u1ea3n xu\u1ea5t n\u1ed5i ti\u1ebfng c\u1ee7a c\u00e1c c\u00f4ng c\u1ee5 ki\u1ec3m tra v\u00e0 \u0111o l\u01b0\u1eddng ti\u1ec7n l\u1ee3i. GM1010 \u0111\u01b0\u1ee3c s\u1ea3n xu\u1ea5t tr\u00ean d\u00e2y chuy\u1ec1n c\u00f4ng ngh\u1ec7 hi\u1ec7n \u0111\u1ea1i \u0111\u01b0\u1ee3c s\u1eed d\u1ee5ng d\u00f9ng \u0111\u1ec3 \u0111o c\u01b0\u1eddng \u0111\u1ed9 \u00e1nh s\u00e1ng t\u1ea1i b\u1ec7nh vi\u1ec7n, tr\u01b0\u1eddng h\u1ecdc, x\u01b0\u1edfng s\u1ea3n xu\u1ea5t, ph\u00f2ng h\u1ecdc, ph\u00f2ng th\u00ed nghi\u1ec7m, c\u00f4ng tr\u01b0\u1eddng... Nh\u1eefng \u0111\u1eb7c \u0111i\u1ec3m n\u1ed5i b\u1eadt c\u1ee7a m\u00e1y \u0111o \u00e1nh s\u00e1ng GM1010 - Thi\u1ebft k\u1ebf nh\u1ecf g\u1ecdn, tinh t\u1ebf Thi\u1ebft b\u1ecb \u0111o \u00e1nh s\u00e1ng GM1010 \u0111\u01b0\u1ee3c thi\u1ebft k\u1ebf ki\u1ec3u d\u00e1ng c\u1ea7m tay v\u1edbi k\u00edch th\u01b0\u1edbc\u00a0 52,5 x 35,5 x 166mm v\u00f4 c\u00f9ng g\u1ecdn nh\u1eb9, ti\u1ec7n l\u1ee3i cho vi\u1ec7c b\u1ecf t\u00fai mang \u0111i c\u0169ng nh\u01b0 ng\u01b0\u1eddi d\u00f9ng di chuy\u1ec3n t\u1eebu \u0111\u1ecba \u0111i\u1ec3m n\u00e0y qua \u0111\u1ecba \u0111i\u1ec3m kh\u00e1c m\u1ed9t c\u00e1ch linh ho\u1ea1t. M\u00e1y c\u00f3 gam m\u00e0u tr\u1eafng ch\u1ee7 \u0111\u1ea1o r\u1ea5t tinh t\u1ebf v\u00e0 sang tr\u1ecdng. - T\u00ednh n\u0103ng th\u00f4ng minh v\u01b0\u1ee3t tr\u1ed9i M\u00e1y \u0111o \u00e1nh s\u00e1ng Benetech GM1010 s\u1eed d\u1ee5ng s\u00e1ng t\u1ea1o ph\u1ea7n m\u1ec1m \u0111\u1ed9c l\u1eadp v\u00e0 c\u1ea3i thi\u1ec7n m\u1ea1ch \u0111\u1ed9c l\u1eadp, t\u1eeb \u0111\u00f3 cung c\u1ea5p c\u00e1c th\u00f4ng s\u1ed1 ch\u00ednh x\u00e1c \u1edf m\u1ee9c \u0111\u1ed9 chi ti\u1ebft nh\u1ea5t v\u00e0 mang t\u00ednh \u1ed5n \u0111\u1ecbnh so v\u1edbi nh\u1eefng s\u1ea3n ph\u1ea9m t\u01b0\u01a1ng t\u1ef1. V\u1edbi d\u1ea3i \u0111o l\u00ean t\u1edbi 200,000Lux, GM1010 th\u00edch h\u1ee3p cho vi\u1ec7c \u0111o c\u01b0\u1eddng \u0111\u1ed9 \u00e1nh s\u00e1ng n\u01a1i l\u00e0m vi\u1ec7c, x\u01b0\u1edfng s\u1ea3n xu\u1ea5t, ph\u00f2ng h\u1ecdc,.. - Ch\u1ee9c n\u0103ng t\u1ef1 \u0111\u1ed9ng \u0111o Thi\u1ebft b\u1ecb \u0111o \u00e1nh s\u00e1ng Benetech GM1010 c\u00f3 ch\u1ee9c n\u0103ng \u0111o t\u1ef1 \u0111\u1ed9ng, t\u1ef1 \u0111\u1ed9ng t\u1eaft \u0111i\u1ec7n sau 5 ph\u00fat kh\u00f4ng s\u1eed d\u1ee5ng gi\u00fap b\u1ea1n kh\u00f4ng c\u1ea7n ph\u1ea3i lo l\u0103ng \u0111o xong m\u00e0 qu\u00ean t\u1eaft l\u00e0m hao h\u1ee5t n\u0103ng l\u01b0\u1ee3ng, tu\u1ed5i th\u1ecd c\u1ee7a m\u00e1y. - C\u1ea5u t\u1ea1o ch\u1eafc ch\u1eafn, \u00edt h\u01b0 h\u1ecfng M\u00e1y \u0111o \u00e1nh s\u00e1ng\u00a0\u0111i\u1ec7n t\u1eed hi\u1ec7n s\u1ed1 \u0111\u01b0\u1ee3c s\u1ea3n xu\u1ea5t tr\u00ean d\u00e2y chuy\u1ec1n c\u00f4ng ngh\u1ec7 hi\u1ec7n \u0111\u1ea1i \u0111\u01b0\u1ee3c l\u00e0m b\u1eb1ng nh\u1eefng v\u1eadt li\u1ec7u cao c\u1ea5p, ho\u1ea1t \u0111\u1ed9ng \u1ed5n \u0111\u1ecbnh, c\u00f3 c\u1ea5u t\u1ea1o ch\u1eafc ch\u1eafn, ho\u1ea1t \u0111\u1ed9ng \u1ed5n \u0111\u1ecbnh \u00edt h\u01b0 h\u1ecfng. N\u1ebfu c\u00f3 ch\u1ebf \u0111\u1ed9 b\u1ea3o d\u01b0\u1ee1ng, v\u1ec7 sinh m\u00e1y \u0111\u00fang c\u00e1ch, m\u00e1y c\u00f3 th\u1ec3 k\u00e9o d\u00e0i tu\u1ed5i th\u1ecd t\u1eeb 5 -7 n\u0103m. \u0110\u1eb7c \u0111i\u1ec3m chi ti\u1ebft c\u1ee7a m\u00e1y   * Ch\u1ee9c n\u0103ng l\u1ef1a ch\u1ecdn * Sau 5 ph\u00fat \u0111i\u1ec7n t\u1ef1 \u0111\u1ed9ng t\u1eaft * Ch\u1ee9c n\u0103ng \u0111\u00e8n * \u0110o t\u1ed1i \u0111a v\u00e0 t\u1ed1i thi\u1ec3u * Ch\u1ee9c n\u0103ng \u0111o t\u1ef1 \u0111\u1ed9ng ( AUTO) * T\u0103ng d\u1eef li\u1ec7u v\u00e0 gi\u1ea3m th\u1eddi gian ng\u1eafn * D\u1ea5u hi\u1ec7u pin y\u1ebfu&#039; Th\u00f4ng s\u1ed1 k\u1ef9 thu\u1eadt   &nbsp;    T\u00ean s\u1ea3n ph\u1ea9m \u00a0M\u00e1y \u0111o c\u01b0\u1eddng \u0111\u1ed9 \u00e1nh s\u00e1ng   H\u00e3ng s\u1ea3n xu\u1ea5t \u00a0Benetech   Model \u00a0Benetech\u00a0GM1010   D\u1ea3i \u0111o \u00a00Lux ~ 200,000Lux \/ 0Fc ~ 185,806Fc   \u0110\u1ed9 ch\u00ednh x\u00e1c \u00a0\u00b1 3% \u00b1 0,5% RDG f.s. (&lt;10,000Lux)  \u00a0\u00b1 4% RDG \u00b1 10dgts. (&gt; 10,000Lux)   Tu\u1ed5i th\u1ecd pin:\u00a0 \u00a0Kh\u00f4ng \u00edt h\u01a1n 60 gi\u1edd   Sensor \u00e1nh s\u00e1ng:\u00a0 \u00a0silicon photodiode   Nhi\u1ec7t \u0111\u1ed9 ho\u1ea1t \u0111\u1ed9ng v\u00e0 \u0111\u1ed9 \u1ea9m:\u00a0 \u00a00 \u2103 ~ 40 \u2103, 10% RH ~ 90% RH   \u0110\u01a1n v\u1ecb:\u00a0 \u00a0LUX (Lux) \/ FC (footcandles)   Nhi\u1ec7t \u0111\u1ed9 b\u1ea3o qu\u1ea3n v\u00e0 \u0111\u1ed9 \u1ea9m:\u00a0 \u00a0-20 \u2103 ~ 50 \u2103, 10% RH ~ 90% RH   Ngu\u1ed3n \u0111i\u1ec7n\u00a0 \u00a0d\u00f9ng pin   K\u00edch th\u01b0\u1edbc m\u00e1y:\u00a0 \u00a052,5 x 35,5 x 166mm   Ch\u1ee9c n\u0103ng l\u1ef1a ch\u1ecdn \u00a0-\u00a0Sau 5 ph\u00fat t\u1ef1 \u0111\u1ed9ng t\u1eaft ngu\u1ed3n \u00a0- Ch\u1ee9c n\u0103ng \u0111\u00e8n \u00a0- T\u1ed1i \u0111a v\u00e0 t\u1ed1i thi\u1ec3u \u0111o \u00a0- Ch\u1ee9c n\u0103ng \u0111o t\u1ef1 \u0111\u1ed9ng (AUTO) \u00a0- T\u0103ng d\u1eef li\u1ec7u v\u00e0 gi\u1ea3m th\u1eddi gian ng\u1eafn \u00a0- B\u00e1o khi pin y\u1ebfu   B\u1ea3o h\u00e0nh \u00a06 th\u00e1ng   [:]\" \/>\n<meta property=\"og:url\" content=\"https:\/\/labochem.com.vn\/en\/s\u1ea3n ph\u1ea9m\/may-do-cuong-do-sang-model-gm1010\/\" \/>\n<meta property=\"og:site_name\" content=\"C\u00f4ng ty TNHH LABOCHEM Vi\u1ec7t Nam\" \/>\n<meta property=\"article:modified_time\" content=\"2020-05-16T08:29:34+00:00\" \/>\n<meta property=\"og:image\" content=\"https:\/\/labochem.com.vn\/wp-content\/uploads\/2020\/05\/GM1010-E.jpg\" \/>\n\t<meta property=\"og:image:width\" content=\"2289\" \/>\n\t<meta property=\"og:image:height\" content=\"2502\" \/>\n\t<meta property=\"og:image:type\" content=\"image\/jpeg\" \/>\n<meta name=\"twitter:card\" content=\"summary_large_image\" \/>\n<script type=\"application\/ld+json\" class=\"yoast-schema-graph\">{\"@context\":\"https:\/\/schema.org\",\"@graph\":[{\"@type\":\"WebPage\",\"@id\":\"https:\/\/labochem.com.vn\/en\/s\u1ea3n ph\u1ea9m\/may-do-cuong-do-sang-model-gm1010\/\",\"url\":\"https:\/\/labochem.com.vn\/en\/s\u1ea3n ph\u1ea9m\/may-do-cuong-do-sang-model-gm1010\/\",\"name\":\"[:vi]\u00a0 M\u00c1Y \u0110O C\u01af\u1edcNG \u0110\u1ed8 S\u00c1NG Model: GM1010[:] - C\u00f4ng ty TNHH LABOCHEM Vi\u1ec7t Nam\",\"isPartOf\":{\"@id\":\"https:\/\/labochem.com.vn\/#website\"},\"primaryImageOfPage\":{\"@id\":\"https:\/\/labochem.com.vn\/en\/s\u1ea3n ph\u1ea9m\/may-do-cuong-do-sang-model-gm1010\/#primaryimage\"},\"image\":{\"@id\":\"https:\/\/labochem.com.vn\/en\/s\u1ea3n ph\u1ea9m\/may-do-cuong-do-sang-model-gm1010\/#primaryimage\"},\"thumbnailUrl\":\"https:\/\/labochem.com.vn\/wp-content\/uploads\/2020\/05\/GM1010-E.jpg\",\"datePublished\":\"2020-05-06T02:50:55+00:00\",\"dateModified\":\"2020-05-16T08:29:34+00:00\",\"breadcrumb\":{\"@id\":\"https:\/\/labochem.com.vn\/en\/s\u1ea3n ph\u1ea9m\/may-do-cuong-do-sang-model-gm1010\/#breadcrumb\"},\"inLanguage\":\"en-US\",\"potentialAction\":[{\"@type\":\"ReadAction\",\"target\":[\"https:\/\/labochem.com.vn\/en\/s\u1ea3n ph\u1ea9m\/may-do-cuong-do-sang-model-gm1010\/\"]}]},{\"@type\":\"ImageObject\",\"inLanguage\":\"en-US\",\"@id\":\"https:\/\/labochem.com.vn\/en\/s\u1ea3n ph\u1ea9m\/may-do-cuong-do-sang-model-gm1010\/#primaryimage\",\"url\":\"https:\/\/labochem.com.vn\/wp-content\/uploads\/2020\/05\/GM1010-E.jpg\",\"contentUrl\":\"https:\/\/labochem.com.vn\/wp-content\/uploads\/2020\/05\/GM1010-E.jpg\",\"width\":2289,\"height\":2502},{\"@type\":\"BreadcrumbList\",\"@id\":\"https:\/\/labochem.com.vn\/en\/s\u1ea3n ph\u1ea9m\/may-do-cuong-do-sang-model-gm1010\/#breadcrumb\",\"itemListElement\":[{\"@type\":\"ListItem\",\"position\":1,\"name\":\"Home\",\"item\":\"https:\/\/labochem.com.vn\/\"},{\"@type\":\"ListItem\",\"position\":2,\"name\":\"C\u1eeda h\u00e0ng\",\"item\":\"https:\/\/labochem.com.vn\/mua\/\"},{\"@type\":\"ListItem\",\"position\":3,\"name\":\"(Ti\u1ebfng Vi\u1ec7t) \u00a0 M\u00c1Y \u0110O C\u01af\u1edcNG \u0110\u1ed8 S\u00c1NG Model: GM1010\"}]},{\"@type\":\"WebSite\",\"@id\":\"https:\/\/labochem.com.vn\/#website\",\"url\":\"https:\/\/labochem.com.vn\/\",\"name\":\"C\u00f4ng ty TNHH LABOCHEM Vi\u1ec7t Nam\",\"description\":\"M\u1ed9t trang web m\u1edbi s\u1eed d\u1ee5ng WordPress\",\"potentialAction\":[{\"@type\":\"SearchAction\",\"target\":{\"@type\":\"EntryPoint\",\"urlTemplate\":\"https:\/\/labochem.com.vn\/?s={search_term_string}\"},\"query-input\":\"required name=search_term_string\"}],\"inLanguage\":\"en-US\"}]}<\/script>\n<!-- \/ Yoast SEO plugin. -->","yoast_head_json":{"title":"[:vi]\u00a0 M\u00c1Y \u0110O C\u01af\u1edcNG \u0110\u1ed8 S\u00c1NG Model: GM1010[:] - C\u00f4ng ty TNHH LABOCHEM Vi\u1ec7t Nam","robots":{"index":"index","follow":"follow","max-snippet":"max-snippet:-1","max-image-preview":"max-image-preview:large","max-video-preview":"max-video-preview:-1"},"canonical":"https:\/\/labochem.com.vn\/en\/s\u1ea3n ph\u1ea9m\/may-do-cuong-do-sang-model-gm1010\/","og_locale":"en_US","og_type":"article","og_title":"[:vi]\u00a0 M\u00c1Y \u0110O C\u01af\u1edcNG \u0110\u1ed8 S\u00c1NG Model: GM1010[:] - C\u00f4ng ty TNHH LABOCHEM Vi\u1ec7t Nam","og_description":"[:vi]M\u00e1y \u0111o c\u01b0\u1eddng \u0111\u1ed9 \u00e1nh s\u00e1ng Model: GM 1010   M\u00e1y \u0111o c\u01b0\u1eddng \u0111\u1ed9 \u00e1nh s\u00e1ng Benetech GM1010\u00a0\u0111\u1ebfn t\u1eeb th\u01b0\u01a1ng hi\u1ec7u Benetech - m\u1ed9t nh\u00e0 s\u1ea3n xu\u1ea5t n\u1ed5i ti\u1ebfng c\u1ee7a c\u00e1c c\u00f4ng c\u1ee5 ki\u1ec3m tra v\u00e0 \u0111o l\u01b0\u1eddng ti\u1ec7n l\u1ee3i. GM1010 \u0111\u01b0\u1ee3c s\u1ea3n xu\u1ea5t tr\u00ean d\u00e2y chuy\u1ec1n c\u00f4ng ngh\u1ec7 hi\u1ec7n \u0111\u1ea1i \u0111\u01b0\u1ee3c s\u1eed d\u1ee5ng d\u00f9ng \u0111\u1ec3 \u0111o c\u01b0\u1eddng \u0111\u1ed9 \u00e1nh s\u00e1ng t\u1ea1i b\u1ec7nh vi\u1ec7n, tr\u01b0\u1eddng h\u1ecdc, x\u01b0\u1edfng s\u1ea3n xu\u1ea5t, ph\u00f2ng h\u1ecdc, ph\u00f2ng th\u00ed nghi\u1ec7m, c\u00f4ng tr\u01b0\u1eddng... Nh\u1eefng \u0111\u1eb7c \u0111i\u1ec3m n\u1ed5i b\u1eadt c\u1ee7a m\u00e1y \u0111o \u00e1nh s\u00e1ng GM1010 - Thi\u1ebft k\u1ebf nh\u1ecf g\u1ecdn, tinh t\u1ebf Thi\u1ebft b\u1ecb \u0111o \u00e1nh s\u00e1ng GM1010 \u0111\u01b0\u1ee3c thi\u1ebft k\u1ebf ki\u1ec3u d\u00e1ng c\u1ea7m tay v\u1edbi k\u00edch th\u01b0\u1edbc\u00a0 52,5 x 35,5 x 166mm v\u00f4 c\u00f9ng g\u1ecdn nh\u1eb9, ti\u1ec7n l\u1ee3i cho vi\u1ec7c b\u1ecf t\u00fai mang \u0111i c\u0169ng nh\u01b0 ng\u01b0\u1eddi d\u00f9ng di chuy\u1ec3n t\u1eebu \u0111\u1ecba \u0111i\u1ec3m n\u00e0y qua \u0111\u1ecba \u0111i\u1ec3m kh\u00e1c m\u1ed9t c\u00e1ch linh ho\u1ea1t. M\u00e1y c\u00f3 gam m\u00e0u tr\u1eafng ch\u1ee7 \u0111\u1ea1o r\u1ea5t tinh t\u1ebf v\u00e0 sang tr\u1ecdng. - T\u00ednh n\u0103ng th\u00f4ng minh v\u01b0\u1ee3t tr\u1ed9i M\u00e1y \u0111o \u00e1nh s\u00e1ng Benetech GM1010 s\u1eed d\u1ee5ng s\u00e1ng t\u1ea1o ph\u1ea7n m\u1ec1m \u0111\u1ed9c l\u1eadp v\u00e0 c\u1ea3i thi\u1ec7n m\u1ea1ch \u0111\u1ed9c l\u1eadp, t\u1eeb \u0111\u00f3 cung c\u1ea5p c\u00e1c th\u00f4ng s\u1ed1 ch\u00ednh x\u00e1c \u1edf m\u1ee9c \u0111\u1ed9 chi ti\u1ebft nh\u1ea5t v\u00e0 mang t\u00ednh \u1ed5n \u0111\u1ecbnh so v\u1edbi nh\u1eefng s\u1ea3n ph\u1ea9m t\u01b0\u01a1ng t\u1ef1. V\u1edbi d\u1ea3i \u0111o l\u00ean t\u1edbi 200,000Lux, GM1010 th\u00edch h\u1ee3p cho vi\u1ec7c \u0111o c\u01b0\u1eddng \u0111\u1ed9 \u00e1nh s\u00e1ng n\u01a1i l\u00e0m vi\u1ec7c, x\u01b0\u1edfng s\u1ea3n xu\u1ea5t, ph\u00f2ng h\u1ecdc,.. - Ch\u1ee9c n\u0103ng t\u1ef1 \u0111\u1ed9ng \u0111o Thi\u1ebft b\u1ecb \u0111o \u00e1nh s\u00e1ng Benetech GM1010 c\u00f3 ch\u1ee9c n\u0103ng \u0111o t\u1ef1 \u0111\u1ed9ng, t\u1ef1 \u0111\u1ed9ng t\u1eaft \u0111i\u1ec7n sau 5 ph\u00fat kh\u00f4ng s\u1eed d\u1ee5ng gi\u00fap b\u1ea1n kh\u00f4ng c\u1ea7n ph\u1ea3i lo l\u0103ng \u0111o xong m\u00e0 qu\u00ean t\u1eaft l\u00e0m hao h\u1ee5t n\u0103ng l\u01b0\u1ee3ng, tu\u1ed5i th\u1ecd c\u1ee7a m\u00e1y. - C\u1ea5u t\u1ea1o ch\u1eafc ch\u1eafn, \u00edt h\u01b0 h\u1ecfng M\u00e1y \u0111o \u00e1nh s\u00e1ng\u00a0\u0111i\u1ec7n t\u1eed hi\u1ec7n s\u1ed1 \u0111\u01b0\u1ee3c s\u1ea3n xu\u1ea5t tr\u00ean d\u00e2y chuy\u1ec1n c\u00f4ng ngh\u1ec7 hi\u1ec7n \u0111\u1ea1i \u0111\u01b0\u1ee3c l\u00e0m b\u1eb1ng nh\u1eefng v\u1eadt li\u1ec7u cao c\u1ea5p, ho\u1ea1t \u0111\u1ed9ng \u1ed5n \u0111\u1ecbnh, c\u00f3 c\u1ea5u t\u1ea1o ch\u1eafc ch\u1eafn, ho\u1ea1t \u0111\u1ed9ng \u1ed5n \u0111\u1ecbnh \u00edt h\u01b0 h\u1ecfng. N\u1ebfu c\u00f3 ch\u1ebf \u0111\u1ed9 b\u1ea3o d\u01b0\u1ee1ng, v\u1ec7 sinh m\u00e1y \u0111\u00fang c\u00e1ch, m\u00e1y c\u00f3 th\u1ec3 k\u00e9o d\u00e0i tu\u1ed5i th\u1ecd t\u1eeb 5 -7 n\u0103m. \u0110\u1eb7c \u0111i\u1ec3m chi ti\u1ebft c\u1ee7a m\u00e1y   * Ch\u1ee9c n\u0103ng l\u1ef1a ch\u1ecdn * Sau 5 ph\u00fat \u0111i\u1ec7n t\u1ef1 \u0111\u1ed9ng t\u1eaft * Ch\u1ee9c n\u0103ng \u0111\u00e8n * \u0110o t\u1ed1i \u0111a v\u00e0 t\u1ed1i thi\u1ec3u * Ch\u1ee9c n\u0103ng \u0111o t\u1ef1 \u0111\u1ed9ng ( AUTO) * T\u0103ng d\u1eef li\u1ec7u v\u00e0 gi\u1ea3m th\u1eddi gian ng\u1eafn * D\u1ea5u hi\u1ec7u pin y\u1ebfu' Th\u00f4ng s\u1ed1 k\u1ef9 thu\u1eadt   &nbsp;    T\u00ean s\u1ea3n ph\u1ea9m \u00a0M\u00e1y \u0111o c\u01b0\u1eddng \u0111\u1ed9 \u00e1nh s\u00e1ng   H\u00e3ng s\u1ea3n xu\u1ea5t \u00a0Benetech   Model \u00a0Benetech\u00a0GM1010   D\u1ea3i \u0111o \u00a00Lux ~ 200,000Lux \/ 0Fc ~ 185,806Fc   \u0110\u1ed9 ch\u00ednh x\u00e1c \u00a0\u00b1 3% \u00b1 0,5% RDG f.s. (&lt;10,000Lux)  \u00a0\u00b1 4% RDG \u00b1 10dgts. (&gt; 10,000Lux)   Tu\u1ed5i th\u1ecd pin:\u00a0 \u00a0Kh\u00f4ng \u00edt h\u01a1n 60 gi\u1edd   Sensor \u00e1nh s\u00e1ng:\u00a0 \u00a0silicon photodiode   Nhi\u1ec7t \u0111\u1ed9 ho\u1ea1t \u0111\u1ed9ng v\u00e0 \u0111\u1ed9 \u1ea9m:\u00a0 \u00a00 \u2103 ~ 40 \u2103, 10% RH ~ 90% RH   \u0110\u01a1n v\u1ecb:\u00a0 \u00a0LUX (Lux) \/ FC (footcandles)   Nhi\u1ec7t \u0111\u1ed9 b\u1ea3o qu\u1ea3n v\u00e0 \u0111\u1ed9 \u1ea9m:\u00a0 \u00a0-20 \u2103 ~ 50 \u2103, 10% RH ~ 90% RH   Ngu\u1ed3n \u0111i\u1ec7n\u00a0 \u00a0d\u00f9ng pin   K\u00edch th\u01b0\u1edbc m\u00e1y:\u00a0 \u00a052,5 x 35,5 x 166mm   Ch\u1ee9c n\u0103ng l\u1ef1a ch\u1ecdn \u00a0-\u00a0Sau 5 ph\u00fat t\u1ef1 \u0111\u1ed9ng t\u1eaft ngu\u1ed3n \u00a0- Ch\u1ee9c n\u0103ng \u0111\u00e8n \u00a0- T\u1ed1i \u0111a v\u00e0 t\u1ed1i thi\u1ec3u \u0111o \u00a0- Ch\u1ee9c n\u0103ng \u0111o t\u1ef1 \u0111\u1ed9ng (AUTO) \u00a0- T\u0103ng d\u1eef li\u1ec7u v\u00e0 gi\u1ea3m th\u1eddi gian ng\u1eafn \u00a0- B\u00e1o khi pin y\u1ebfu   B\u1ea3o h\u00e0nh \u00a06 th\u00e1ng   [:]","og_url":"https:\/\/labochem.com.vn\/en\/s\u1ea3n ph\u1ea9m\/may-do-cuong-do-sang-model-gm1010\/","og_site_name":"C\u00f4ng ty TNHH LABOCHEM Vi\u1ec7t Nam","article_modified_time":"2020-05-16T08:29:34+00:00","og_image":[{"width":2289,"height":2502,"url":"https:\/\/labochem.com.vn\/wp-content\/uploads\/2020\/05\/GM1010-E.jpg","type":"image\/jpeg"}],"twitter_card":"summary_large_image","schema":{"@context":"https:\/\/schema.org","@graph":[{"@type":"WebPage","@id":"https:\/\/labochem.com.vn\/en\/s\u1ea3n ph\u1ea9m\/may-do-cuong-do-sang-model-gm1010\/","url":"https:\/\/labochem.com.vn\/en\/s\u1ea3n ph\u1ea9m\/may-do-cuong-do-sang-model-gm1010\/","name":"[:vi]\u00a0 M\u00c1Y \u0110O C\u01af\u1edcNG \u0110\u1ed8 S\u00c1NG Model: GM1010[:] - C\u00f4ng ty TNHH LABOCHEM Vi\u1ec7t Nam","isPartOf":{"@id":"https:\/\/labochem.com.vn\/#website"},"primaryImageOfPage":{"@id":"https:\/\/labochem.com.vn\/en\/s\u1ea3n ph\u1ea9m\/may-do-cuong-do-sang-model-gm1010\/#primaryimage"},"image":{"@id":"https:\/\/labochem.com.vn\/en\/s\u1ea3n ph\u1ea9m\/may-do-cuong-do-sang-model-gm1010\/#primaryimage"},"thumbnailUrl":"https:\/\/labochem.com.vn\/wp-content\/uploads\/2020\/05\/GM1010-E.jpg","datePublished":"2020-05-06T02:50:55+00:00","dateModified":"2020-05-16T08:29:34+00:00","breadcrumb":{"@id":"https:\/\/labochem.com.vn\/en\/s\u1ea3n ph\u1ea9m\/may-do-cuong-do-sang-model-gm1010\/#breadcrumb"},"inLanguage":"en-US","potentialAction":[{"@type":"ReadAction","target":["https:\/\/labochem.com.vn\/en\/s\u1ea3n ph\u1ea9m\/may-do-cuong-do-sang-model-gm1010\/"]}]},{"@type":"ImageObject","inLanguage":"en-US","@id":"https:\/\/labochem.com.vn\/en\/s\u1ea3n ph\u1ea9m\/may-do-cuong-do-sang-model-gm1010\/#primaryimage","url":"https:\/\/labochem.com.vn\/wp-content\/uploads\/2020\/05\/GM1010-E.jpg","contentUrl":"https:\/\/labochem.com.vn\/wp-content\/uploads\/2020\/05\/GM1010-E.jpg","width":2289,"height":2502},{"@type":"BreadcrumbList","@id":"https:\/\/labochem.com.vn\/en\/s\u1ea3n ph\u1ea9m\/may-do-cuong-do-sang-model-gm1010\/#breadcrumb","itemListElement":[{"@type":"ListItem","position":1,"name":"Home","item":"https:\/\/labochem.com.vn\/"},{"@type":"ListItem","position":2,"name":"C\u1eeda h\u00e0ng","item":"https:\/\/labochem.com.vn\/mua\/"},{"@type":"ListItem","position":3,"name":"(Ti\u1ebfng Vi\u1ec7t) \u00a0 M\u00c1Y \u0110O C\u01af\u1edcNG \u0110\u1ed8 S\u00c1NG Model: GM1010"}]},{"@type":"WebSite","@id":"https:\/\/labochem.com.vn\/#website","url":"https:\/\/labochem.com.vn\/","name":"C\u00f4ng ty TNHH LABOCHEM Vi\u1ec7t Nam","description":"M\u1ed9t trang web m\u1edbi s\u1eed d\u1ee5ng WordPress","potentialAction":[{"@type":"SearchAction","target":{"@type":"EntryPoint","urlTemplate":"https:\/\/labochem.com.vn\/?s={search_term_string}"},"query-input":"required name=search_term_string"}],"inLanguage":"en-US"}]}},"_links":{"self":[{"href":"https:\/\/labochem.com.vn\/en\/wp-json\/wp\/v2\/product\/191"}],"collection":[{"href":"https:\/\/labochem.com.vn\/en\/wp-json\/wp\/v2\/product"}],"about":[{"href":"https:\/\/labochem.com.vn\/en\/wp-json\/wp\/v2\/types\/product"}],"replies":[{"embeddable":true,"href":"https:\/\/labochem.com.vn\/en\/wp-json\/wp\/v2\/comments?post=191"}],"wp:featuredmedia":[{"embeddable":true,"href":"https:\/\/labochem.com.vn\/en\/wp-json\/wp\/v2\/media\/192"}],"wp:attachment":[{"href":"https:\/\/labochem.com.vn\/en\/wp-json\/wp\/v2\/media?parent=191"}],"wp:term":[{"taxonomy":"product_cat","embeddable":true,"href":"https:\/\/labochem.com.vn\/en\/wp-json\/wp\/v2\/product_cat?post=191"},{"taxonomy":"product_tag","embeddable":true,"href":"https:\/\/labochem.com.vn\/en\/wp-json\/wp\/v2\/product_tag?post=191"}],"curies":[{"name":"wp","href":"https:\/\/api.w.org\/{rel}","templated":true}]}}