{"id":189,"date":"2020-05-06T02:48:06","date_gmt":"2020-05-06T02:48:06","guid":{"rendered":"http:\/\/labochem.com.vn\/?post_type=product&#038;p=189"},"modified":"2020-05-16T09:19:48","modified_gmt":"2020-05-16T09:19:48","slug":"may-do-do-am-cho-hat-model-gm640","status":"publish","type":"product","link":"https:\/\/labochem.com.vn\/en\/s\u1ea3n ph\u1ea9m\/may-do-do-am-cho-hat-model-gm640\/","title":{"rendered":"(Ti\u1ebfng Vi\u1ec7t) M\u00c1Y \u0110O \u0110\u1ed8 \u1ea8M CHO H\u1ea0T  Model: GM640"},"content":{"rendered":"","protected":false},"excerpt":{"rendered":"<p class=\"qtranxs-available-languages-message qtranxs-available-languages-message-en\">Sorry, this entry is only available in <a href=\"https:\/\/labochem.com.vn\/vi\/wp-json\/wp\/v2\/product\/189\" class=\"qtranxs-available-language-link qtranxs-available-language-link-vi\" title=\"Ti\u1ebfng Vi\u1ec7t\">Ti\u1ebfng Vi\u1ec7t<\/a>.<\/p>\n","protected":false},"featured_media":190,"comment_status":"open","ping_status":"closed","template":"","meta":[],"product_cat":[35],"product_tag":[56],"yoast_head":"<!-- This site is optimized with the Yoast SEO plugin v22.6 - https:\/\/yoast.com\/wordpress\/plugins\/seo\/ -->\n<title><\/title>\n<meta name=\"robots\" content=\"index, follow, max-snippet:-1, max-image-preview:large, max-video-preview:-1\" \/>\n<link rel=\"canonical\" href=\"https:\/\/labochem.com.vn\/en\/s\u1ea3n%20ph\u1ea9m\/may-do-do-am-cho-hat-model-gm640\/\" \/>\n<meta property=\"og:locale\" content=\"en_US\" \/>\n<meta property=\"og:type\" content=\"article\" \/>\n<meta property=\"og:title\" content=\"[:vi]M\u00c1Y \u0110O \u0110\u1ed8 \u1ea8M CHO H\u1ea0T Model: GM640 [:] - C\u00f4ng ty TNHH LABOCHEM Vi\u1ec7t Nam\" \/>\n<meta property=\"og:description\" content=\"[:vi]M\u00c1Y \u0110O \u0110\u1ed8 \u1ea8M CHO H\u1ea0T  Model: GM640\u00a0 \u00a0M\u00e1y \u0111o \u0111\u1ed9 \u1ea9m n\u00f4ng s\u1ea3n l\u00e0 m\u1ed9t\u00a0Thi\u1ebft b\u1ecb \u0111o \u0111\u1ed9 \u1ea9m\u00a0\u0111\u1ed9c \u0111\u00e1o, t\u00edch h\u1ee3p c\u00f4ng ngh\u1ec7 \u0111o \u0111i\u1ec7n tr\u1edf v\u00e0 c\u00f4ng ngh\u1ec7 c\u1ea3m bi\u1ebfn \u0111\u1ec3 \u0111o ch\u00ednh x\u00e1c \u0111\u1ed9 \u1ea9m c\u1ee7a c\u00e1c nguy\u00ean v\u1eadt li\u1ec7u kh\u00e1c nhau. M\u00e1y \u0111o \u0111\u1ed9 \u1ea9m n\u00f4ng s\u1ea3n Benetech GM640 l\u00e0 thi\u1ebft b\u1ecb \u0111o \u0111\u1ed9 \u1ea9m c\u1ea7m tay chuy\u00ean d\u00f9ng \u0111\u1ec3 \u0111o \u0111\u1ed9 \u1ea9m ng\u0169 c\u1ed1c, \u0111\u1ed9 \u1ea9m c\u1ee7a l\u00faa g\u1ea1o \u0111\u1eb7c bi\u1ec7t l\u00e0 c\u00e1c lo\u1ea1i h\u1ea1t nh\u01b0 h\u1ea1t ti\u00eau, c\u00e0 ph\u00ea,... m\u1ed9t c\u00e1ch nhanh ch\u00f3ng v\u00e0 v\u00f4 c\u00f9ng ch\u00ednh x\u00e1c. M\u00e1y \u0111\u01b0\u1ee3c c\u1ea5u t\u1ea1o ch\u1eafc ch\u1eafn, c\u00f9ng thi\u1ebft k\u1ebf c\u1ea7m tay nh\u1ecf g\u1ecdn r\u1ea5t ti\u1ec7n l\u1ee3i cho c\u00f4ng vi\u1ec7c, h\u01a1n n\u1eefa gi\u00e1 th\u00e0nh ph\u1ea3i ch\u0103ng ph\u00f9 h\u1ee3p t\u00fai ti\u1ec1n ng\u01b0\u1eddi ti\u00eau d\u00f9ng.  \u0110\u1eb6C \u0110I\u1ec2M\u00a0 N\u1ed4I B\u1eacT C\u1ee6A M\u00c1Y \u0110O \u0110\u1ed8 \u1ea8M N\u00d4NG S\u1ea2N BENETECH GM640  - B\u1ed9 vi x\u1eed l\u00fd LSI- \u0111o nhanh v\u00e0 ch\u00ednh x\u00e1c - 8 ch\u01b0\u01a1ng tr\u00ecnh \u0111o l\u01b0\u1eddng - \u0110\u1ed9 ch\u00ednh x\u00e1c cao v\u00e0 \u0111\u00e1ng tin c\u1eady - V\u1ecf ngo\u00e0i \u0111\u01b0\u1ee3c l\u00e0m b\u1eb1ng tr\u1ecdng l\u01b0\u1ee3ng nh\u1eb9 v\u00e0 b\u1ec1n nh\u1ef1a ABS -\u00a0 Tr\u1ea3 k\u1ebft qu\u1ea3 \u0111o m\u1ed9t c\u00e1ch nhanh ch\u00f3ng - C\u00f3 \u0111\u00e8n n\u1ec1n m\u00e0n h\u00ecnh LCD l\u1edbn, r\u00f5 r\u00e0ng -\u00a0 Ch\u1ee9c n\u0103ng Hold (gi\u1eef \u0111o l\u01b0\u1eddng) - T\u1ef1 \u0111\u1ed9ng t\u1eaft: 5 ph\u00fat m\u00e0 kh\u00f4ng c\u00f3 ho\u1ea1t \u0111\u1ed9ng t\u1ef1 \u0111\u1ed9ng t\u1eaft m\u00e1y - Ch\u1ee9c n\u0103ng l\u01b0u gi\u1eef li\u1ec7u  CHI TI\u1ebeT T\u00cdNH N\u0102NG C\u1ee6A M\u00c1Y \u0110O \u0110\u1ed8 \u1ea8M N\u00d4NG S\u1ea2N BENETECH GM640  K\u1ebft qu\u1ea3 \u0111o nhanh ch\u00f3ng, ch\u00ednh x\u00e1c  - M\u00e1y \u0111o \u0111\u1ed9 \u1ea9m ho\u1ea1t \u0111\u1ed9ng d\u1ef1a tr\u00ean nguy\u00ean l\u00ed thay \u0111\u1ed5i \u0111i\u1ec7n tr\u1edf kh\u00e1ng, \u0111i\u1ec7n dung cho k\u1ebft qu\u1ea3 \u0111o nhanh ch\u00f3ng v\u00e0 \u0111\u1ed9 ch\u00ednh x\u00e1c cao d\u00f9 ng\u01b0\u1eddi d\u00f9ng c\u00f3 di chuy\u1ec3n khi \u0111o \u0111\u1ea1c, gi\u00fap ki\u1ec3m so\u00e1t ch\u1eb7t ch\u1ebd \u0111\u01b0\u1ee3c \u0111\u1ed5 \u1ea9m v\u00e0 n\u00e2ng cao ch\u1ea5t l\u01b0\u1ee3ng s\u1ea3n ph\u1ea9m. - M\u00e1y \u0111o \u0111\u1ed9 \u1ea9m t\u00edch h\u1ee3p t\u00ednh n\u0103ng c\u1ee7a c\u00f4ng ngh\u1ec7 \u0111o \u0111i\u1ec7n tr\u1edf v\u00e0 c\u00f4ng ngh\u1ec7 c\u1ea3m bi\u1ebfn c\u1ee7a thi\u1ebft b\u1ecb, Ch\u1ee9c n\u0103ng Hold gi\u1eef ch\u1ebf \u0111\u1ed9 \u0111o, Chuy\u1ec3n \u0111\u1ed5i \u0111\u01a1n v\u1ecb \u0111o, T\u1ef1 \u0111\u1ed9ng t\u1eaft khi kh\u00f4ng s\u1eed d\u1ee5ng\u2026.  Thi\u1ebft k\u1ebf nh\u1ecf g\u1ecdn, d\u1ec5 s\u1eed d\u1ee5ng  - Thi\u1ebft k\u1ebf m\u00e1y d\u1ea1ng c\u1ea7m tay nh\u1ecf g\u1ecdn, thu\u1eadn ti\u1ec7n cho ng\u01b0\u1eddi d\u00f9ng trong c\u00f4ng t\u00e1c \u0111o hay khi ph\u1ea3i di chuy\u1ec3n \u0111\u1ebfn c\u00e1c \u0111\u1ecba \u0111i\u1ec3m l\u00e0m vi\u1ec7c. - \u0110\u00e8n s\u1ed1 hi\u1ec3n th\u1ecb ch\u00ednh x\u00e1c \u0111i\u1ec1u ki\u1ec7n \u0111\u1ed9 \u1ea9m c\u1ee7a nguy\u00ean v\u1eadt li\u1ec7u c\u1ea7n \u0111o, qua \u0111\u00f3 gi\u00fap ng\u01b0\u1eddi s\u1eed d\u1ee5ng l\u1eadp bi\u1ec3u \u0111\u1ed3 \u0111\u1ed9 \u1ea9m v\u00e0 theo d\u00f5i nh\u1eefng thay \u0111\u1ed5i trong \u0111i\u1ec1u ki\u1ec7n ch\u00ednh x\u00e1c v\u00e0 \u0111\u00e1ng tin c\u1eady.  Thi\u1ebft b\u1ecb \u0111o \u0111a n\u0103ng, ti\u1ec7n d\u1ee5ng  - M\u00e1y \u0111o \u0111\u1ed9 \u1ea9m n\u00f4ng s\u1ea3n Benetech GM640 l\u00e0 m\u1ed9t thi\u1ebft b\u1ecb \u0111a n\u0103ng v\u00e0 ti\u1ec7n d\u1ee5ng \u0111\u01b0\u1ee3c thi\u1ebft k\u1ebf \u0111\u1ec3 \u0111o \u0111\u1ed9 \u1ea9m v\u00e0 nhi\u1ec7t \u0111\u1ed9 c\u1ee7a c\u00e1c lo\u1ea1i ng\u0169 c\u1ed1c nh\u01b0: l\u00faa m\u00ec, l\u00faa m\u1ea1ch \u0111en, y\u1ebfn m\u1ea1ch, l\u00faa m\u1ea1ch, ng\u00f4, c\u1ea3i d\u1ea7u, \u0111\u1eadu n\u00e0nh, g\u1ea1o l\u1ee9t, l\u00faa n\u01b0\u1edbc v\u00e0 th\u1ee9c \u0103n gia s\u00fac. - M\u00e1y \u0111o \u0111\u1ed9 \u1ea9m Benetech GM640 c\u00f3 th\u1ec3 \u0111o \u0111\u1ed9 \u1ea9m trong kho\u1ea3ng t\u1eeb\u00a0 5% \u0111\u1ebfn 30% v\u00e0 nhi\u1ec7t \u0111\u1ed9\u00a0 -10-60\u00b0C cho k\u1ebft qu\u1ea3 nhanh ch\u00f3ng v\u00e0 ch\u00ednh x\u00e1c.  Th\u00f4ng s\u1ed1 k\u1ef9 thu\u1eadt c\u1ee7a m\u00e1y \u0111o \u0111\u1ed9 \u1ea9m n\u00f4ng s\u1ea3n Benetech GM640:      H\u00e3ng s\u1ea3n xu\u1ea5t Benetech   M\u00e3 s\u1ea3n ph\u1ea9m GM640    D\u1ea3i \u0111o \u0110\u1ed9 \u1ea9m 5% -30%   Nhi\u1ec7t \u0111\u1ed9 -10\u2103-60\u2103    Sai s\u1ed1 t\u1ed1i \u0111a \u0110\u1ed9 \u1ea9m \u00b1 (1% Rh = 0,5)   Nhi\u1ec7t \u0111\u1ed9 \u00b1 2.5oC (\u00b1 5 \u00b0F)    \u0110\u1ed9 ph\u00e2n gi\u1ea3i \u0110\u1ed9 \u1ea9m 0.5%   Nhi\u1ec7t \u0111\u1ed9 0-85% Rh    M\u00f4i tr\u01b0\u1eddng ho\u1ea1t \u0111\u1ed9ng \u0110\u1ed9 \u1ea9m 0,1-85% Rh   Nhi\u1ec7t \u0111\u1ed9 0\u2103-40\u2103   \u0110\u01a1n v\u1ecb chuy\u1ec3n \u0111\u1ed5i nhi\u1ec7t \u0111\u1ed9 \u2103\/\u00b0F   Ngu\u1ed3n Pin AAA 3x   T\u1ef1 \u0111\u1ed9ng t\u1eaft Sau 5 ph\u00fat   M\u00e0n h\u00ecnh 2.2 &quot;   K\u00edch th\u01b0\u1edbc 15,7 cm x 7,8 cm x 3,3 cm   Tr\u1ecdng l\u01b0\u1ee3ng 191g   B\u1ea3o h\u00e0nh 6 th\u00e1ng   [:]\" \/>\n<meta property=\"og:url\" content=\"https:\/\/labochem.com.vn\/en\/s\u1ea3n ph\u1ea9m\/may-do-do-am-cho-hat-model-gm640\/\" \/>\n<meta property=\"og:site_name\" content=\"C\u00f4ng ty TNHH LABOCHEM Vi\u1ec7t Nam\" \/>\n<meta property=\"article:modified_time\" content=\"2020-05-16T09:19:48+00:00\" \/>\n<meta property=\"og:image\" content=\"https:\/\/labochem.com.vn\/wp-content\/uploads\/2020\/05\/GM640.jpg\" \/>\n\t<meta property=\"og:image:width\" content=\"800\" \/>\n\t<meta property=\"og:image:height\" content=\"800\" \/>\n\t<meta property=\"og:image:type\" content=\"image\/jpeg\" \/>\n<meta name=\"twitter:card\" content=\"summary_large_image\" \/>\n<script type=\"application\/ld+json\" class=\"yoast-schema-graph\">{\"@context\":\"https:\/\/schema.org\",\"@graph\":[{\"@type\":\"WebPage\",\"@id\":\"https:\/\/labochem.com.vn\/en\/s\u1ea3n ph\u1ea9m\/may-do-do-am-cho-hat-model-gm640\/\",\"url\":\"https:\/\/labochem.com.vn\/en\/s\u1ea3n ph\u1ea9m\/may-do-do-am-cho-hat-model-gm640\/\",\"name\":\"[:vi]M\u00c1Y \u0110O \u0110\u1ed8 \u1ea8M CHO H\u1ea0T Model: GM640 [:] - C\u00f4ng ty TNHH LABOCHEM Vi\u1ec7t Nam\",\"isPartOf\":{\"@id\":\"https:\/\/labochem.com.vn\/#website\"},\"primaryImageOfPage\":{\"@id\":\"https:\/\/labochem.com.vn\/en\/s\u1ea3n ph\u1ea9m\/may-do-do-am-cho-hat-model-gm640\/#primaryimage\"},\"image\":{\"@id\":\"https:\/\/labochem.com.vn\/en\/s\u1ea3n ph\u1ea9m\/may-do-do-am-cho-hat-model-gm640\/#primaryimage\"},\"thumbnailUrl\":\"https:\/\/labochem.com.vn\/wp-content\/uploads\/2020\/05\/GM640.jpg\",\"datePublished\":\"2020-05-06T02:48:06+00:00\",\"dateModified\":\"2020-05-16T09:19:48+00:00\",\"breadcrumb\":{\"@id\":\"https:\/\/labochem.com.vn\/en\/s\u1ea3n ph\u1ea9m\/may-do-do-am-cho-hat-model-gm640\/#breadcrumb\"},\"inLanguage\":\"en-US\",\"potentialAction\":[{\"@type\":\"ReadAction\",\"target\":[\"https:\/\/labochem.com.vn\/en\/s\u1ea3n ph\u1ea9m\/may-do-do-am-cho-hat-model-gm640\/\"]}]},{\"@type\":\"ImageObject\",\"inLanguage\":\"en-US\",\"@id\":\"https:\/\/labochem.com.vn\/en\/s\u1ea3n ph\u1ea9m\/may-do-do-am-cho-hat-model-gm640\/#primaryimage\",\"url\":\"https:\/\/labochem.com.vn\/wp-content\/uploads\/2020\/05\/GM640.jpg\",\"contentUrl\":\"https:\/\/labochem.com.vn\/wp-content\/uploads\/2020\/05\/GM640.jpg\",\"width\":800,\"height\":800},{\"@type\":\"BreadcrumbList\",\"@id\":\"https:\/\/labochem.com.vn\/en\/s\u1ea3n ph\u1ea9m\/may-do-do-am-cho-hat-model-gm640\/#breadcrumb\",\"itemListElement\":[{\"@type\":\"ListItem\",\"position\":1,\"name\":\"Home\",\"item\":\"https:\/\/labochem.com.vn\/\"},{\"@type\":\"ListItem\",\"position\":2,\"name\":\"C\u1eeda h\u00e0ng\",\"item\":\"https:\/\/labochem.com.vn\/mua\/\"},{\"@type\":\"ListItem\",\"position\":3,\"name\":\"(Ti\u1ebfng Vi\u1ec7t) M\u00c1Y \u0110O \u0110\u1ed8 \u1ea8M CHO H\u1ea0T Model: GM640\"}]},{\"@type\":\"WebSite\",\"@id\":\"https:\/\/labochem.com.vn\/#website\",\"url\":\"https:\/\/labochem.com.vn\/\",\"name\":\"C\u00f4ng ty TNHH LABOCHEM Vi\u1ec7t Nam\",\"description\":\"M\u1ed9t trang web m\u1edbi s\u1eed d\u1ee5ng WordPress\",\"potentialAction\":[{\"@type\":\"SearchAction\",\"target\":{\"@type\":\"EntryPoint\",\"urlTemplate\":\"https:\/\/labochem.com.vn\/?s={search_term_string}\"},\"query-input\":\"required name=search_term_string\"}],\"inLanguage\":\"en-US\"}]}<\/script>\n<!-- \/ Yoast SEO plugin. -->","yoast_head_json":{"title":"[:vi]M\u00c1Y \u0110O \u0110\u1ed8 \u1ea8M CHO H\u1ea0T Model: GM640 [:] - C\u00f4ng ty TNHH LABOCHEM Vi\u1ec7t Nam","robots":{"index":"index","follow":"follow","max-snippet":"max-snippet:-1","max-image-preview":"max-image-preview:large","max-video-preview":"max-video-preview:-1"},"canonical":"https:\/\/labochem.com.vn\/en\/s\u1ea3n ph\u1ea9m\/may-do-do-am-cho-hat-model-gm640\/","og_locale":"en_US","og_type":"article","og_title":"[:vi]M\u00c1Y \u0110O \u0110\u1ed8 \u1ea8M CHO H\u1ea0T Model: GM640 [:] - C\u00f4ng ty TNHH LABOCHEM Vi\u1ec7t Nam","og_description":"[:vi]M\u00c1Y \u0110O \u0110\u1ed8 \u1ea8M CHO H\u1ea0T  Model: GM640\u00a0 \u00a0M\u00e1y \u0111o \u0111\u1ed9 \u1ea9m n\u00f4ng s\u1ea3n l\u00e0 m\u1ed9t\u00a0Thi\u1ebft b\u1ecb \u0111o \u0111\u1ed9 \u1ea9m\u00a0\u0111\u1ed9c \u0111\u00e1o, t\u00edch h\u1ee3p c\u00f4ng ngh\u1ec7 \u0111o \u0111i\u1ec7n tr\u1edf v\u00e0 c\u00f4ng ngh\u1ec7 c\u1ea3m bi\u1ebfn \u0111\u1ec3 \u0111o ch\u00ednh x\u00e1c \u0111\u1ed9 \u1ea9m c\u1ee7a c\u00e1c nguy\u00ean v\u1eadt li\u1ec7u kh\u00e1c nhau. M\u00e1y \u0111o \u0111\u1ed9 \u1ea9m n\u00f4ng s\u1ea3n Benetech GM640 l\u00e0 thi\u1ebft b\u1ecb \u0111o \u0111\u1ed9 \u1ea9m c\u1ea7m tay chuy\u00ean d\u00f9ng \u0111\u1ec3 \u0111o \u0111\u1ed9 \u1ea9m ng\u0169 c\u1ed1c, \u0111\u1ed9 \u1ea9m c\u1ee7a l\u00faa g\u1ea1o \u0111\u1eb7c bi\u1ec7t l\u00e0 c\u00e1c lo\u1ea1i h\u1ea1t nh\u01b0 h\u1ea1t ti\u00eau, c\u00e0 ph\u00ea,... m\u1ed9t c\u00e1ch nhanh ch\u00f3ng v\u00e0 v\u00f4 c\u00f9ng ch\u00ednh x\u00e1c. M\u00e1y \u0111\u01b0\u1ee3c c\u1ea5u t\u1ea1o ch\u1eafc ch\u1eafn, c\u00f9ng thi\u1ebft k\u1ebf c\u1ea7m tay nh\u1ecf g\u1ecdn r\u1ea5t ti\u1ec7n l\u1ee3i cho c\u00f4ng vi\u1ec7c, h\u01a1n n\u1eefa gi\u00e1 th\u00e0nh ph\u1ea3i ch\u0103ng ph\u00f9 h\u1ee3p t\u00fai ti\u1ec1n ng\u01b0\u1eddi ti\u00eau d\u00f9ng.  \u0110\u1eb6C \u0110I\u1ec2M\u00a0 N\u1ed4I B\u1eacT C\u1ee6A M\u00c1Y \u0110O \u0110\u1ed8 \u1ea8M N\u00d4NG S\u1ea2N BENETECH GM640  - B\u1ed9 vi x\u1eed l\u00fd LSI- \u0111o nhanh v\u00e0 ch\u00ednh x\u00e1c - 8 ch\u01b0\u01a1ng tr\u00ecnh \u0111o l\u01b0\u1eddng - \u0110\u1ed9 ch\u00ednh x\u00e1c cao v\u00e0 \u0111\u00e1ng tin c\u1eady - V\u1ecf ngo\u00e0i \u0111\u01b0\u1ee3c l\u00e0m b\u1eb1ng tr\u1ecdng l\u01b0\u1ee3ng nh\u1eb9 v\u00e0 b\u1ec1n nh\u1ef1a ABS -\u00a0 Tr\u1ea3 k\u1ebft qu\u1ea3 \u0111o m\u1ed9t c\u00e1ch nhanh ch\u00f3ng - C\u00f3 \u0111\u00e8n n\u1ec1n m\u00e0n h\u00ecnh LCD l\u1edbn, r\u00f5 r\u00e0ng -\u00a0 Ch\u1ee9c n\u0103ng Hold (gi\u1eef \u0111o l\u01b0\u1eddng) - T\u1ef1 \u0111\u1ed9ng t\u1eaft: 5 ph\u00fat m\u00e0 kh\u00f4ng c\u00f3 ho\u1ea1t \u0111\u1ed9ng t\u1ef1 \u0111\u1ed9ng t\u1eaft m\u00e1y - Ch\u1ee9c n\u0103ng l\u01b0u gi\u1eef li\u1ec7u  CHI TI\u1ebeT T\u00cdNH N\u0102NG C\u1ee6A M\u00c1Y \u0110O \u0110\u1ed8 \u1ea8M N\u00d4NG S\u1ea2N BENETECH GM640  K\u1ebft qu\u1ea3 \u0111o nhanh ch\u00f3ng, ch\u00ednh x\u00e1c  - M\u00e1y \u0111o \u0111\u1ed9 \u1ea9m ho\u1ea1t \u0111\u1ed9ng d\u1ef1a tr\u00ean nguy\u00ean l\u00ed thay \u0111\u1ed5i \u0111i\u1ec7n tr\u1edf kh\u00e1ng, \u0111i\u1ec7n dung cho k\u1ebft qu\u1ea3 \u0111o nhanh ch\u00f3ng v\u00e0 \u0111\u1ed9 ch\u00ednh x\u00e1c cao d\u00f9 ng\u01b0\u1eddi d\u00f9ng c\u00f3 di chuy\u1ec3n khi \u0111o \u0111\u1ea1c, gi\u00fap ki\u1ec3m so\u00e1t ch\u1eb7t ch\u1ebd \u0111\u01b0\u1ee3c \u0111\u1ed5 \u1ea9m v\u00e0 n\u00e2ng cao ch\u1ea5t l\u01b0\u1ee3ng s\u1ea3n ph\u1ea9m. - M\u00e1y \u0111o \u0111\u1ed9 \u1ea9m t\u00edch h\u1ee3p t\u00ednh n\u0103ng c\u1ee7a c\u00f4ng ngh\u1ec7 \u0111o \u0111i\u1ec7n tr\u1edf v\u00e0 c\u00f4ng ngh\u1ec7 c\u1ea3m bi\u1ebfn c\u1ee7a thi\u1ebft b\u1ecb, Ch\u1ee9c n\u0103ng Hold gi\u1eef ch\u1ebf \u0111\u1ed9 \u0111o, Chuy\u1ec3n \u0111\u1ed5i \u0111\u01a1n v\u1ecb \u0111o, T\u1ef1 \u0111\u1ed9ng t\u1eaft khi kh\u00f4ng s\u1eed d\u1ee5ng\u2026.  Thi\u1ebft k\u1ebf nh\u1ecf g\u1ecdn, d\u1ec5 s\u1eed d\u1ee5ng  - Thi\u1ebft k\u1ebf m\u00e1y d\u1ea1ng c\u1ea7m tay nh\u1ecf g\u1ecdn, thu\u1eadn ti\u1ec7n cho ng\u01b0\u1eddi d\u00f9ng trong c\u00f4ng t\u00e1c \u0111o hay khi ph\u1ea3i di chuy\u1ec3n \u0111\u1ebfn c\u00e1c \u0111\u1ecba \u0111i\u1ec3m l\u00e0m vi\u1ec7c. - \u0110\u00e8n s\u1ed1 hi\u1ec3n th\u1ecb ch\u00ednh x\u00e1c \u0111i\u1ec1u ki\u1ec7n \u0111\u1ed9 \u1ea9m c\u1ee7a nguy\u00ean v\u1eadt li\u1ec7u c\u1ea7n \u0111o, qua \u0111\u00f3 gi\u00fap ng\u01b0\u1eddi s\u1eed d\u1ee5ng l\u1eadp bi\u1ec3u \u0111\u1ed3 \u0111\u1ed9 \u1ea9m v\u00e0 theo d\u00f5i nh\u1eefng thay \u0111\u1ed5i trong \u0111i\u1ec1u ki\u1ec7n ch\u00ednh x\u00e1c v\u00e0 \u0111\u00e1ng tin c\u1eady.  Thi\u1ebft b\u1ecb \u0111o \u0111a n\u0103ng, ti\u1ec7n d\u1ee5ng  - M\u00e1y \u0111o \u0111\u1ed9 \u1ea9m n\u00f4ng s\u1ea3n Benetech GM640 l\u00e0 m\u1ed9t thi\u1ebft b\u1ecb \u0111a n\u0103ng v\u00e0 ti\u1ec7n d\u1ee5ng \u0111\u01b0\u1ee3c thi\u1ebft k\u1ebf \u0111\u1ec3 \u0111o \u0111\u1ed9 \u1ea9m v\u00e0 nhi\u1ec7t \u0111\u1ed9 c\u1ee7a c\u00e1c lo\u1ea1i ng\u0169 c\u1ed1c nh\u01b0: l\u00faa m\u00ec, l\u00faa m\u1ea1ch \u0111en, y\u1ebfn m\u1ea1ch, l\u00faa m\u1ea1ch, ng\u00f4, c\u1ea3i d\u1ea7u, \u0111\u1eadu n\u00e0nh, g\u1ea1o l\u1ee9t, l\u00faa n\u01b0\u1edbc v\u00e0 th\u1ee9c \u0103n gia s\u00fac. - M\u00e1y \u0111o \u0111\u1ed9 \u1ea9m Benetech GM640 c\u00f3 th\u1ec3 \u0111o \u0111\u1ed9 \u1ea9m trong kho\u1ea3ng t\u1eeb\u00a0 5% \u0111\u1ebfn 30% v\u00e0 nhi\u1ec7t \u0111\u1ed9\u00a0 -10-60\u00b0C cho k\u1ebft qu\u1ea3 nhanh ch\u00f3ng v\u00e0 ch\u00ednh x\u00e1c.  Th\u00f4ng s\u1ed1 k\u1ef9 thu\u1eadt c\u1ee7a m\u00e1y \u0111o \u0111\u1ed9 \u1ea9m n\u00f4ng s\u1ea3n Benetech GM640:      H\u00e3ng s\u1ea3n xu\u1ea5t Benetech   M\u00e3 s\u1ea3n ph\u1ea9m GM640    D\u1ea3i \u0111o \u0110\u1ed9 \u1ea9m 5% -30%   Nhi\u1ec7t \u0111\u1ed9 -10\u2103-60\u2103    Sai s\u1ed1 t\u1ed1i \u0111a \u0110\u1ed9 \u1ea9m \u00b1 (1% Rh = 0,5)   Nhi\u1ec7t \u0111\u1ed9 \u00b1 2.5oC (\u00b1 5 \u00b0F)    \u0110\u1ed9 ph\u00e2n gi\u1ea3i \u0110\u1ed9 \u1ea9m 0.5%   Nhi\u1ec7t \u0111\u1ed9 0-85% Rh    M\u00f4i tr\u01b0\u1eddng ho\u1ea1t \u0111\u1ed9ng \u0110\u1ed9 \u1ea9m 0,1-85% Rh   Nhi\u1ec7t \u0111\u1ed9 0\u2103-40\u2103   \u0110\u01a1n v\u1ecb chuy\u1ec3n \u0111\u1ed5i nhi\u1ec7t \u0111\u1ed9 \u2103\/\u00b0F   Ngu\u1ed3n Pin AAA 3x   T\u1ef1 \u0111\u1ed9ng t\u1eaft Sau 5 ph\u00fat   M\u00e0n h\u00ecnh 2.2 \"   K\u00edch th\u01b0\u1edbc 15,7 cm x 7,8 cm x 3,3 cm   Tr\u1ecdng l\u01b0\u1ee3ng 191g   B\u1ea3o h\u00e0nh 6 th\u00e1ng   [:]","og_url":"https:\/\/labochem.com.vn\/en\/s\u1ea3n ph\u1ea9m\/may-do-do-am-cho-hat-model-gm640\/","og_site_name":"C\u00f4ng ty TNHH LABOCHEM Vi\u1ec7t Nam","article_modified_time":"2020-05-16T09:19:48+00:00","og_image":[{"width":800,"height":800,"url":"https:\/\/labochem.com.vn\/wp-content\/uploads\/2020\/05\/GM640.jpg","type":"image\/jpeg"}],"twitter_card":"summary_large_image","schema":{"@context":"https:\/\/schema.org","@graph":[{"@type":"WebPage","@id":"https:\/\/labochem.com.vn\/en\/s\u1ea3n ph\u1ea9m\/may-do-do-am-cho-hat-model-gm640\/","url":"https:\/\/labochem.com.vn\/en\/s\u1ea3n ph\u1ea9m\/may-do-do-am-cho-hat-model-gm640\/","name":"[:vi]M\u00c1Y \u0110O \u0110\u1ed8 \u1ea8M CHO H\u1ea0T Model: GM640 [:] - C\u00f4ng ty TNHH LABOCHEM Vi\u1ec7t Nam","isPartOf":{"@id":"https:\/\/labochem.com.vn\/#website"},"primaryImageOfPage":{"@id":"https:\/\/labochem.com.vn\/en\/s\u1ea3n ph\u1ea9m\/may-do-do-am-cho-hat-model-gm640\/#primaryimage"},"image":{"@id":"https:\/\/labochem.com.vn\/en\/s\u1ea3n ph\u1ea9m\/may-do-do-am-cho-hat-model-gm640\/#primaryimage"},"thumbnailUrl":"https:\/\/labochem.com.vn\/wp-content\/uploads\/2020\/05\/GM640.jpg","datePublished":"2020-05-06T02:48:06+00:00","dateModified":"2020-05-16T09:19:48+00:00","breadcrumb":{"@id":"https:\/\/labochem.com.vn\/en\/s\u1ea3n ph\u1ea9m\/may-do-do-am-cho-hat-model-gm640\/#breadcrumb"},"inLanguage":"en-US","potentialAction":[{"@type":"ReadAction","target":["https:\/\/labochem.com.vn\/en\/s\u1ea3n ph\u1ea9m\/may-do-do-am-cho-hat-model-gm640\/"]}]},{"@type":"ImageObject","inLanguage":"en-US","@id":"https:\/\/labochem.com.vn\/en\/s\u1ea3n ph\u1ea9m\/may-do-do-am-cho-hat-model-gm640\/#primaryimage","url":"https:\/\/labochem.com.vn\/wp-content\/uploads\/2020\/05\/GM640.jpg","contentUrl":"https:\/\/labochem.com.vn\/wp-content\/uploads\/2020\/05\/GM640.jpg","width":800,"height":800},{"@type":"BreadcrumbList","@id":"https:\/\/labochem.com.vn\/en\/s\u1ea3n ph\u1ea9m\/may-do-do-am-cho-hat-model-gm640\/#breadcrumb","itemListElement":[{"@type":"ListItem","position":1,"name":"Home","item":"https:\/\/labochem.com.vn\/"},{"@type":"ListItem","position":2,"name":"C\u1eeda h\u00e0ng","item":"https:\/\/labochem.com.vn\/mua\/"},{"@type":"ListItem","position":3,"name":"(Ti\u1ebfng Vi\u1ec7t) M\u00c1Y \u0110O \u0110\u1ed8 \u1ea8M CHO H\u1ea0T Model: GM640"}]},{"@type":"WebSite","@id":"https:\/\/labochem.com.vn\/#website","url":"https:\/\/labochem.com.vn\/","name":"C\u00f4ng ty TNHH LABOCHEM Vi\u1ec7t Nam","description":"M\u1ed9t trang web m\u1edbi s\u1eed d\u1ee5ng WordPress","potentialAction":[{"@type":"SearchAction","target":{"@type":"EntryPoint","urlTemplate":"https:\/\/labochem.com.vn\/?s={search_term_string}"},"query-input":"required name=search_term_string"}],"inLanguage":"en-US"}]}},"_links":{"self":[{"href":"https:\/\/labochem.com.vn\/en\/wp-json\/wp\/v2\/product\/189"}],"collection":[{"href":"https:\/\/labochem.com.vn\/en\/wp-json\/wp\/v2\/product"}],"about":[{"href":"https:\/\/labochem.com.vn\/en\/wp-json\/wp\/v2\/types\/product"}],"replies":[{"embeddable":true,"href":"https:\/\/labochem.com.vn\/en\/wp-json\/wp\/v2\/comments?post=189"}],"wp:featuredmedia":[{"embeddable":true,"href":"https:\/\/labochem.com.vn\/en\/wp-json\/wp\/v2\/media\/190"}],"wp:attachment":[{"href":"https:\/\/labochem.com.vn\/en\/wp-json\/wp\/v2\/media?parent=189"}],"wp:term":[{"taxonomy":"product_cat","embeddable":true,"href":"https:\/\/labochem.com.vn\/en\/wp-json\/wp\/v2\/product_cat?post=189"},{"taxonomy":"product_tag","embeddable":true,"href":"https:\/\/labochem.com.vn\/en\/wp-json\/wp\/v2\/product_tag?post=189"}],"curies":[{"name":"wp","href":"https:\/\/api.w.org\/{rel}","templated":true}]}}