{"id":185,"date":"2020-05-06T02:39:58","date_gmt":"2020-05-06T02:39:58","guid":{"rendered":"http:\/\/labochem.com.vn\/?post_type=product&#038;p=185"},"modified":"2020-05-16T09:15:40","modified_gmt":"2020-05-16T09:15:40","slug":"may-do-do-am-go-model-gm620","status":"publish","type":"product","link":"https:\/\/labochem.com.vn\/en\/s\u1ea3n ph\u1ea9m\/may-do-do-am-go-model-gm620\/","title":{"rendered":"(Ti\u1ebfng Vi\u1ec7t) M\u00c1Y \u0110O \u0110\u1ed8 \u00c2M G\u1ed6  Model: GM620"},"content":{"rendered":"","protected":false},"excerpt":{"rendered":"<p class=\"qtranxs-available-languages-message qtranxs-available-languages-message-en\">Sorry, this entry is only available in <a href=\"https:\/\/labochem.com.vn\/vi\/wp-json\/wp\/v2\/product\/185\" class=\"qtranxs-available-language-link qtranxs-available-language-link-vi\" title=\"Ti\u1ebfng Vi\u1ec7t\">Ti\u1ebfng Vi\u1ec7t<\/a>.<\/p>\n","protected":false},"featured_media":186,"comment_status":"open","ping_status":"closed","template":"","meta":[],"product_cat":[35],"product_tag":[54],"yoast_head":"<!-- This site is optimized with the Yoast SEO plugin v22.6 - https:\/\/yoast.com\/wordpress\/plugins\/seo\/ -->\n<title><\/title>\n<meta name=\"robots\" content=\"index, follow, max-snippet:-1, max-image-preview:large, max-video-preview:-1\" \/>\n<link rel=\"canonical\" href=\"https:\/\/labochem.com.vn\/en\/s\u1ea3n%20ph\u1ea9m\/may-do-do-am-go-model-gm620\/\" \/>\n<meta property=\"og:locale\" content=\"en_US\" \/>\n<meta property=\"og:type\" content=\"article\" \/>\n<meta property=\"og:title\" content=\"[:vi]M\u00c1Y \u0110O \u0110\u1ed8 \u00c2M G\u1ed6 Model: GM620[:] - C\u00f4ng ty TNHH LABOCHEM Vi\u1ec7t Nam\" \/>\n<meta property=\"og:description\" content=\"[:vi]M\u00e1y \u0111o \u0111\u1ed9 \u1ea9m g\u1ed7 Benetech Model: GM620    S\u1ea3n ph\u1ea9m\u00a0m\u00e1y \u0111o \u0111\u1ed9 \u1ea9m g\u1ed7 hi\u1ec7u Benetech model GM 620\u00a0\u0111\u01b0\u1ee3c s\u1ea3n xu\u1ea5t chuy\u00ean d\u00f9ng \u0111\u1ec3 \u0111o \u0111\u1ed9 \u1ea9m g\u1ed7 v\u00e0 n\u00f3 \u0111\u01b0\u1ee3c d\u00f9ng nhi\u1ec1u nh\u1ea5t trong ngh\u00e0nh s\u1ea3n xu\u1ea5t, ch\u1ebf bi\u1ebfn g\u1ed7 c\u00f4ng nghi\u1ec7p. Thi\u1ebft b\u1ecb \u0111o \u0111\u1ed9 \u1ea9m\u00a0Benetech GM 620\u00a0c\u00f3 thi\u1ebft k\u1ebf c\u1ea7m tay nh\u1ecf g\u1ecdn, c\u1ea5u t\u1ea1o ch\u1eafc ch\u1eafn thu\u1eadn l\u1ee3i cho vi\u1ec7c amng \u0111i xa, m\u00e1y c\u00f3 gi\u00e1 th\u00e0nh kh\u00e1 m\u1ec1m so v\u1edbi c\u00e1c d\u00f2ng s\u1ea3n ph\u1ea9m kh\u00e1c c\u00f9ng lo\u1ea1i nh\u01b0ng v\u1eabn \u0111\u1ea3m b\u1ea3o \u0111\u01b0\u1ee3c \u0111\u1ea7y \u0111\u1ee7 ch\u1ee9c n\u0103ng v\u00e0 ch\u1ea5t l\u01b0\u1ee3ng \u0111o. T\u00ednh n\u0103ng v\u01b0\u1ee3t tr\u1ed9i c\u1ee7a thi\u1ebft b\u1ecb \u0111o \u0111\u1ed9 \u1ea9m.    Thi\u1ebft k\u1ebf c\u1ea7m tay nh\u1ecf g\u1ecdn, ch\u1eafc ch\u1eafn r\u1ea5t ph\u00f9 h\u1ee3p cho vi\u1ec7c mang \u0111i.  \u0110o \u0111\u1ed9 \u1ea9m ch\u00ednh x\u00e1c v\u00e0 nhanh ch\u00f3ng  Gi\u00e1 th\u00e0nh r\u1ebb nh\u1ea5t so v\u1edbi c\u00e1c d\u00f2ng s\u1ea3n ph\u1ea9m kh\u00e1c, h\u1ee3p v\u1edbi t\u00fai ti\u1ec1n c\u1ee7a nhi\u1ec1u ng\u01b0\u1eddi ti\u00eau d\u00f9ng  V\u1ecf m\u00e1y l\u00e0m t\u1eeb v\u1eadt li\u1ec7u t\u1ed1t, n\u00ean khi c\u1ea7m c\u00f3 c\u1ea3m gi\u00e1c r\u1ea5t m\u1ecbn.  Th\u00f4ng s\u1ed1 k\u1ef9 thu\u1eadt c\u1ee7a m\u00e1y \u0111o \u0111\u1ed9 \u1ea9m g\u1ed7 Benetech GM 620        T\u00ean s\u1ea3n ph\u1ea9m \u00a0M\u00e1y \u0111o \u0111\u1ed9 \u1ea9m g\u1ed7   H\u00e3ng s\u1ea3n xu\u1ea5t :\u00a0 \u00a0Benetech   Model:\u00a0 \u00a0GM620   Ph\u1ea1m vi \u0111o:\u00a0 \u00a02 ~ 40% \/ 50% \/ 60% \/ 70%   \u0110\u1ed9 ph\u00e2n gi\u1ea3i:\u00a0 \u00a00,5%   Nhi\u1ec7t \u0111\u1ed9 \u0111o:\u00a0 \u00a0-10 ~ 60 \u2103   Ph\u1ea1m vi \u0111o \u0111\u1ed9 \u1ea9m:\u00a0 \u00a020% RH ~ 90% RH   \u00a0T\u1ed1c \u0111\u1ed9 \u0111\u00e1p \u1ee9ng \u0111o \u0111\u1ed9 \u1ea9m:\u00a0 \u00a0&lt;1s   \u00a0Sai s\u1ed1 \u0111o:\u00a0 \u00a0\u00b1 1%   M\u00e0n h\u00ecnh hi\u1ec3n th\u1ecb\u00a0 \u00a0LCD   Ngu\u1ed3n \u0111i\u1ec7n \u00a0 \u00a0Pin   B\u1ea3o h\u00e0nh \u00a06 th\u00e1ng    [:]\" \/>\n<meta property=\"og:url\" content=\"https:\/\/labochem.com.vn\/en\/s\u1ea3n ph\u1ea9m\/may-do-do-am-go-model-gm620\/\" \/>\n<meta property=\"og:site_name\" content=\"C\u00f4ng ty TNHH LABOCHEM Vi\u1ec7t Nam\" \/>\n<meta property=\"article:modified_time\" content=\"2020-05-16T09:15:40+00:00\" \/>\n<meta property=\"og:image\" content=\"https:\/\/labochem.com.vn\/wp-content\/uploads\/2020\/05\/GM620-E.jpg\" \/>\n\t<meta property=\"og:image:width\" content=\"2289\" \/>\n\t<meta property=\"og:image:height\" content=\"2504\" \/>\n\t<meta property=\"og:image:type\" content=\"image\/jpeg\" \/>\n<meta name=\"twitter:card\" content=\"summary_large_image\" \/>\n<script type=\"application\/ld+json\" class=\"yoast-schema-graph\">{\"@context\":\"https:\/\/schema.org\",\"@graph\":[{\"@type\":\"WebPage\",\"@id\":\"https:\/\/labochem.com.vn\/en\/s\u1ea3n ph\u1ea9m\/may-do-do-am-go-model-gm620\/\",\"url\":\"https:\/\/labochem.com.vn\/en\/s\u1ea3n ph\u1ea9m\/may-do-do-am-go-model-gm620\/\",\"name\":\"[:vi]M\u00c1Y \u0110O \u0110\u1ed8 \u00c2M G\u1ed6 Model: GM620[:] - C\u00f4ng ty TNHH LABOCHEM Vi\u1ec7t Nam\",\"isPartOf\":{\"@id\":\"https:\/\/labochem.com.vn\/#website\"},\"primaryImageOfPage\":{\"@id\":\"https:\/\/labochem.com.vn\/en\/s\u1ea3n ph\u1ea9m\/may-do-do-am-go-model-gm620\/#primaryimage\"},\"image\":{\"@id\":\"https:\/\/labochem.com.vn\/en\/s\u1ea3n ph\u1ea9m\/may-do-do-am-go-model-gm620\/#primaryimage\"},\"thumbnailUrl\":\"https:\/\/labochem.com.vn\/wp-content\/uploads\/2020\/05\/GM620-E.jpg\",\"datePublished\":\"2020-05-06T02:39:58+00:00\",\"dateModified\":\"2020-05-16T09:15:40+00:00\",\"breadcrumb\":{\"@id\":\"https:\/\/labochem.com.vn\/en\/s\u1ea3n ph\u1ea9m\/may-do-do-am-go-model-gm620\/#breadcrumb\"},\"inLanguage\":\"en-US\",\"potentialAction\":[{\"@type\":\"ReadAction\",\"target\":[\"https:\/\/labochem.com.vn\/en\/s\u1ea3n ph\u1ea9m\/may-do-do-am-go-model-gm620\/\"]}]},{\"@type\":\"ImageObject\",\"inLanguage\":\"en-US\",\"@id\":\"https:\/\/labochem.com.vn\/en\/s\u1ea3n ph\u1ea9m\/may-do-do-am-go-model-gm620\/#primaryimage\",\"url\":\"https:\/\/labochem.com.vn\/wp-content\/uploads\/2020\/05\/GM620-E.jpg\",\"contentUrl\":\"https:\/\/labochem.com.vn\/wp-content\/uploads\/2020\/05\/GM620-E.jpg\",\"width\":2289,\"height\":2504},{\"@type\":\"BreadcrumbList\",\"@id\":\"https:\/\/labochem.com.vn\/en\/s\u1ea3n ph\u1ea9m\/may-do-do-am-go-model-gm620\/#breadcrumb\",\"itemListElement\":[{\"@type\":\"ListItem\",\"position\":1,\"name\":\"Home\",\"item\":\"https:\/\/labochem.com.vn\/\"},{\"@type\":\"ListItem\",\"position\":2,\"name\":\"C\u1eeda h\u00e0ng\",\"item\":\"https:\/\/labochem.com.vn\/mua\/\"},{\"@type\":\"ListItem\",\"position\":3,\"name\":\"(Ti\u1ebfng Vi\u1ec7t) M\u00c1Y \u0110O \u0110\u1ed8 \u00c2M G\u1ed6 Model: GM620\"}]},{\"@type\":\"WebSite\",\"@id\":\"https:\/\/labochem.com.vn\/#website\",\"url\":\"https:\/\/labochem.com.vn\/\",\"name\":\"C\u00f4ng ty TNHH LABOCHEM Vi\u1ec7t Nam\",\"description\":\"M\u1ed9t trang web m\u1edbi s\u1eed d\u1ee5ng WordPress\",\"potentialAction\":[{\"@type\":\"SearchAction\",\"target\":{\"@type\":\"EntryPoint\",\"urlTemplate\":\"https:\/\/labochem.com.vn\/?s={search_term_string}\"},\"query-input\":\"required name=search_term_string\"}],\"inLanguage\":\"en-US\"}]}<\/script>\n<!-- \/ Yoast SEO plugin. -->","yoast_head_json":{"title":"[:vi]M\u00c1Y \u0110O \u0110\u1ed8 \u00c2M G\u1ed6 Model: GM620[:] - C\u00f4ng ty TNHH LABOCHEM Vi\u1ec7t Nam","robots":{"index":"index","follow":"follow","max-snippet":"max-snippet:-1","max-image-preview":"max-image-preview:large","max-video-preview":"max-video-preview:-1"},"canonical":"https:\/\/labochem.com.vn\/en\/s\u1ea3n ph\u1ea9m\/may-do-do-am-go-model-gm620\/","og_locale":"en_US","og_type":"article","og_title":"[:vi]M\u00c1Y \u0110O \u0110\u1ed8 \u00c2M G\u1ed6 Model: GM620[:] - C\u00f4ng ty TNHH LABOCHEM Vi\u1ec7t Nam","og_description":"[:vi]M\u00e1y \u0111o \u0111\u1ed9 \u1ea9m g\u1ed7 Benetech Model: GM620    S\u1ea3n ph\u1ea9m\u00a0m\u00e1y \u0111o \u0111\u1ed9 \u1ea9m g\u1ed7 hi\u1ec7u Benetech model GM 620\u00a0\u0111\u01b0\u1ee3c s\u1ea3n xu\u1ea5t chuy\u00ean d\u00f9ng \u0111\u1ec3 \u0111o \u0111\u1ed9 \u1ea9m g\u1ed7 v\u00e0 n\u00f3 \u0111\u01b0\u1ee3c d\u00f9ng nhi\u1ec1u nh\u1ea5t trong ngh\u00e0nh s\u1ea3n xu\u1ea5t, ch\u1ebf bi\u1ebfn g\u1ed7 c\u00f4ng nghi\u1ec7p. Thi\u1ebft b\u1ecb \u0111o \u0111\u1ed9 \u1ea9m\u00a0Benetech GM 620\u00a0c\u00f3 thi\u1ebft k\u1ebf c\u1ea7m tay nh\u1ecf g\u1ecdn, c\u1ea5u t\u1ea1o ch\u1eafc ch\u1eafn thu\u1eadn l\u1ee3i cho vi\u1ec7c amng \u0111i xa, m\u00e1y c\u00f3 gi\u00e1 th\u00e0nh kh\u00e1 m\u1ec1m so v\u1edbi c\u00e1c d\u00f2ng s\u1ea3n ph\u1ea9m kh\u00e1c c\u00f9ng lo\u1ea1i nh\u01b0ng v\u1eabn \u0111\u1ea3m b\u1ea3o \u0111\u01b0\u1ee3c \u0111\u1ea7y \u0111\u1ee7 ch\u1ee9c n\u0103ng v\u00e0 ch\u1ea5t l\u01b0\u1ee3ng \u0111o. T\u00ednh n\u0103ng v\u01b0\u1ee3t tr\u1ed9i c\u1ee7a thi\u1ebft b\u1ecb \u0111o \u0111\u1ed9 \u1ea9m.    Thi\u1ebft k\u1ebf c\u1ea7m tay nh\u1ecf g\u1ecdn, ch\u1eafc ch\u1eafn r\u1ea5t ph\u00f9 h\u1ee3p cho vi\u1ec7c mang \u0111i.  \u0110o \u0111\u1ed9 \u1ea9m ch\u00ednh x\u00e1c v\u00e0 nhanh ch\u00f3ng  Gi\u00e1 th\u00e0nh r\u1ebb nh\u1ea5t so v\u1edbi c\u00e1c d\u00f2ng s\u1ea3n ph\u1ea9m kh\u00e1c, h\u1ee3p v\u1edbi t\u00fai ti\u1ec1n c\u1ee7a nhi\u1ec1u ng\u01b0\u1eddi ti\u00eau d\u00f9ng  V\u1ecf m\u00e1y l\u00e0m t\u1eeb v\u1eadt li\u1ec7u t\u1ed1t, n\u00ean khi c\u1ea7m c\u00f3 c\u1ea3m gi\u00e1c r\u1ea5t m\u1ecbn.  Th\u00f4ng s\u1ed1 k\u1ef9 thu\u1eadt c\u1ee7a m\u00e1y \u0111o \u0111\u1ed9 \u1ea9m g\u1ed7 Benetech GM 620        T\u00ean s\u1ea3n ph\u1ea9m \u00a0M\u00e1y \u0111o \u0111\u1ed9 \u1ea9m g\u1ed7   H\u00e3ng s\u1ea3n xu\u1ea5t :\u00a0 \u00a0Benetech   Model:\u00a0 \u00a0GM620   Ph\u1ea1m vi \u0111o:\u00a0 \u00a02 ~ 40% \/ 50% \/ 60% \/ 70%   \u0110\u1ed9 ph\u00e2n gi\u1ea3i:\u00a0 \u00a00,5%   Nhi\u1ec7t \u0111\u1ed9 \u0111o:\u00a0 \u00a0-10 ~ 60 \u2103   Ph\u1ea1m vi \u0111o \u0111\u1ed9 \u1ea9m:\u00a0 \u00a020% RH ~ 90% RH   \u00a0T\u1ed1c \u0111\u1ed9 \u0111\u00e1p \u1ee9ng \u0111o \u0111\u1ed9 \u1ea9m:\u00a0 \u00a0&lt;1s   \u00a0Sai s\u1ed1 \u0111o:\u00a0 \u00a0\u00b1 1%   M\u00e0n h\u00ecnh hi\u1ec3n th\u1ecb\u00a0 \u00a0LCD   Ngu\u1ed3n \u0111i\u1ec7n \u00a0 \u00a0Pin   B\u1ea3o h\u00e0nh \u00a06 th\u00e1ng    [:]","og_url":"https:\/\/labochem.com.vn\/en\/s\u1ea3n ph\u1ea9m\/may-do-do-am-go-model-gm620\/","og_site_name":"C\u00f4ng ty TNHH LABOCHEM Vi\u1ec7t Nam","article_modified_time":"2020-05-16T09:15:40+00:00","og_image":[{"width":2289,"height":2504,"url":"https:\/\/labochem.com.vn\/wp-content\/uploads\/2020\/05\/GM620-E.jpg","type":"image\/jpeg"}],"twitter_card":"summary_large_image","schema":{"@context":"https:\/\/schema.org","@graph":[{"@type":"WebPage","@id":"https:\/\/labochem.com.vn\/en\/s\u1ea3n ph\u1ea9m\/may-do-do-am-go-model-gm620\/","url":"https:\/\/labochem.com.vn\/en\/s\u1ea3n ph\u1ea9m\/may-do-do-am-go-model-gm620\/","name":"[:vi]M\u00c1Y \u0110O \u0110\u1ed8 \u00c2M G\u1ed6 Model: GM620[:] - C\u00f4ng ty TNHH LABOCHEM Vi\u1ec7t Nam","isPartOf":{"@id":"https:\/\/labochem.com.vn\/#website"},"primaryImageOfPage":{"@id":"https:\/\/labochem.com.vn\/en\/s\u1ea3n ph\u1ea9m\/may-do-do-am-go-model-gm620\/#primaryimage"},"image":{"@id":"https:\/\/labochem.com.vn\/en\/s\u1ea3n ph\u1ea9m\/may-do-do-am-go-model-gm620\/#primaryimage"},"thumbnailUrl":"https:\/\/labochem.com.vn\/wp-content\/uploads\/2020\/05\/GM620-E.jpg","datePublished":"2020-05-06T02:39:58+00:00","dateModified":"2020-05-16T09:15:40+00:00","breadcrumb":{"@id":"https:\/\/labochem.com.vn\/en\/s\u1ea3n ph\u1ea9m\/may-do-do-am-go-model-gm620\/#breadcrumb"},"inLanguage":"en-US","potentialAction":[{"@type":"ReadAction","target":["https:\/\/labochem.com.vn\/en\/s\u1ea3n ph\u1ea9m\/may-do-do-am-go-model-gm620\/"]}]},{"@type":"ImageObject","inLanguage":"en-US","@id":"https:\/\/labochem.com.vn\/en\/s\u1ea3n ph\u1ea9m\/may-do-do-am-go-model-gm620\/#primaryimage","url":"https:\/\/labochem.com.vn\/wp-content\/uploads\/2020\/05\/GM620-E.jpg","contentUrl":"https:\/\/labochem.com.vn\/wp-content\/uploads\/2020\/05\/GM620-E.jpg","width":2289,"height":2504},{"@type":"BreadcrumbList","@id":"https:\/\/labochem.com.vn\/en\/s\u1ea3n ph\u1ea9m\/may-do-do-am-go-model-gm620\/#breadcrumb","itemListElement":[{"@type":"ListItem","position":1,"name":"Home","item":"https:\/\/labochem.com.vn\/"},{"@type":"ListItem","position":2,"name":"C\u1eeda h\u00e0ng","item":"https:\/\/labochem.com.vn\/mua\/"},{"@type":"ListItem","position":3,"name":"(Ti\u1ebfng Vi\u1ec7t) M\u00c1Y \u0110O \u0110\u1ed8 \u00c2M G\u1ed6 Model: GM620"}]},{"@type":"WebSite","@id":"https:\/\/labochem.com.vn\/#website","url":"https:\/\/labochem.com.vn\/","name":"C\u00f4ng ty TNHH LABOCHEM Vi\u1ec7t Nam","description":"M\u1ed9t trang web m\u1edbi s\u1eed d\u1ee5ng WordPress","potentialAction":[{"@type":"SearchAction","target":{"@type":"EntryPoint","urlTemplate":"https:\/\/labochem.com.vn\/?s={search_term_string}"},"query-input":"required name=search_term_string"}],"inLanguage":"en-US"}]}},"_links":{"self":[{"href":"https:\/\/labochem.com.vn\/en\/wp-json\/wp\/v2\/product\/185"}],"collection":[{"href":"https:\/\/labochem.com.vn\/en\/wp-json\/wp\/v2\/product"}],"about":[{"href":"https:\/\/labochem.com.vn\/en\/wp-json\/wp\/v2\/types\/product"}],"replies":[{"embeddable":true,"href":"https:\/\/labochem.com.vn\/en\/wp-json\/wp\/v2\/comments?post=185"}],"wp:featuredmedia":[{"embeddable":true,"href":"https:\/\/labochem.com.vn\/en\/wp-json\/wp\/v2\/media\/186"}],"wp:attachment":[{"href":"https:\/\/labochem.com.vn\/en\/wp-json\/wp\/v2\/media?parent=185"}],"wp:term":[{"taxonomy":"product_cat","embeddable":true,"href":"https:\/\/labochem.com.vn\/en\/wp-json\/wp\/v2\/product_cat?post=185"},{"taxonomy":"product_tag","embeddable":true,"href":"https:\/\/labochem.com.vn\/en\/wp-json\/wp\/v2\/product_tag?post=185"}],"curies":[{"name":"wp","href":"https:\/\/api.w.org\/{rel}","templated":true}]}}