{"id":179,"date":"2020-05-06T02:02:39","date_gmt":"2020-05-06T02:02:39","guid":{"rendered":"http:\/\/labochem.com.vn\/?post_type=product&#038;p=179"},"modified":"2020-05-16T09:05:20","modified_gmt":"2020-05-16T09:05:20","slug":"may-do-do-am-va-nhiet-do-model-gm1362","status":"publish","type":"product","link":"https:\/\/labochem.com.vn\/en\/s\u1ea3n ph\u1ea9m\/may-do-do-am-va-nhiet-do-model-gm1362\/","title":{"rendered":"(Ti\u1ebfng Vi\u1ec7t) M\u00c1Y \u0110O \u0110\u1ed8 \u1ea8M V\u00c0 NHI\u1ec6T \u0110\u1ed8  Model: GM1362"},"content":{"rendered":"","protected":false},"excerpt":{"rendered":"<p class=\"qtranxs-available-languages-message qtranxs-available-languages-message-en\">Sorry, this entry is only available in <a href=\"https:\/\/labochem.com.vn\/vi\/wp-json\/wp\/v2\/product\/179\" class=\"qtranxs-available-language-link qtranxs-available-language-link-vi\" title=\"Ti\u1ebfng Vi\u1ec7t\">Ti\u1ebfng Vi\u1ec7t<\/a>.<\/p>\n","protected":false},"featured_media":180,"comment_status":"open","ping_status":"closed","template":"","meta":[],"product_cat":[30],"product_tag":[51],"yoast_head":"<!-- This site is optimized with the Yoast SEO plugin v22.6 - https:\/\/yoast.com\/wordpress\/plugins\/seo\/ -->\n<title><\/title>\n<meta name=\"robots\" content=\"index, follow, max-snippet:-1, max-image-preview:large, max-video-preview:-1\" \/>\n<link rel=\"canonical\" href=\"https:\/\/labochem.com.vn\/en\/s\u1ea3n%20ph\u1ea9m\/may-do-do-am-va-nhiet-do-model-gm1362\/\" \/>\n<meta property=\"og:locale\" content=\"en_US\" \/>\n<meta property=\"og:type\" content=\"article\" \/>\n<meta property=\"og:title\" content=\"[:vi]M\u00c1Y \u0110O \u0110\u1ed8 \u1ea8M V\u00c0 NHI\u1ec6T \u0110\u1ed8 Model: GM1362[:] - C\u00f4ng ty TNHH LABOCHEM Vi\u1ec7t Nam\" \/>\n<meta property=\"og:description\" content=\"[:vi]M\u00e1y \u0111o nhi\u1ec7t \u0111\u1ed9 v\u00e0 \u0111\u1ed9 \u1ea9m Benetech GM1362 Thi\u1ebft k\u1ebf nh\u1ecf g\u1ecdn, \u00a0M\u00e1y \u0111o nhi\u1ec7t \u0111\u1ed9 v\u00e0 \u0111\u1ed9 \u1ea9m Benetech GM1362 \u00a0l\u00e0 m\u1ed9t trong nh\u1eefng s\u1ea3n ph\u1ea9m ti\u1ec7n d\u1ee5ng v\u1edbi gi\u00e1 c\u1ea3 ph\u1ea3i ch\u0103ng, nh\u1eadn \u0111\u01b0\u1ee3c s\u1ef1 quan t\u00e2m c\u1ee7a \u0111\u00f4ng \u0111\u1ea3o c\u00f4ng ch\u00fang. So v\u1edbi c\u00e1c s\u1ea3n ph\u1ea9m ti\u1ec1n nhi\u1ec7m, \u00a0n\u00f3 kh\u00f4ng h\u1ec1 thua k\u00e9m v\u1ec1 ch\u1ea5t l\u01b0\u1ee3ng c\u0169ng nh\u01b0 ph\u1ea1m vi \u0111o nhi\u1ec7t \u0111\u1ed9 v\u00e0 \u0111\u1ed9 \u1ea9m. M\u00e1y \u0111o nhi\u1ec7t \u0111\u1ed9 v\u00e0 \u0111\u1ed9 \u1ea9m Benetech GM1362 \u00a0r\u1ea5t th\u00edch h\u1ee3p \u0111\u1ec3 s\u1eed d\u1ee5ng trong gia \u0111\u00ecnh. Benetech GM1362 \u00a0d\u1ec5 d\u00e0ng ho\u1ea1t \u0111\u1ed9ng ch\u1ec9 v\u1edbi 2 n\u00fat v\u00e0 c\u00f3 m\u1ed9t m\u00e0n h\u00ecnh LCD \u0111\u00e8n n\u1ec1n r\u00f5 r\u00e0ng d\u00f9 trong m\u00f4i tr\u01b0\u1eddng thi\u1ebfu \u00e1nh s\u00e1ng hay \u00e1nh s\u00e1ng m\u1edd.  Thao t\u00e1c s\u1eed d\u1ee5ng\u00a0GM1362\u00a0kh\u00e1 \u0111\u01a1n gi\u1ea3n, ch\u1ec9 c\u1ea7n b\u1eadt n\u00fat ngu\u1ed3n. \u0110\u1ea1i l\u01b0\u1ee3ng \u0111o nhi\u1ec7t \u0111\u1ed9 v\u00e0 \u0111\u1ed9 \u1ea9m t\u01b0\u01a1ng \u0111\u1ed1i s\u1ebd \u0111\u01b0\u1ee3c hi\u1ec3n th\u1ecb ngay l\u1eadp t\u1ee9c. Ngo\u00e0i ra GM1362 c\u00f2n c\u00f3 m\u1ed9t built-in nhi\u1ec7t k\u1ebf cung c\u1ea5p nhi\u1ec7t \u0111\u1ed9 ch\u00ednh x\u00e1c trong c\u1ea3 \u0111\u01a1n v\u1ecb \u0111\u1ed9 C \u00b0 v\u00e0 \u0111\u1ed9 F \u00b0. Benetech GM1362 \u00a0\u0111\u01b0\u1ee3c l\u1eadp tr\u00ecnh v\u1edbi ch\u1ee9c n\u0103ng t\u1ef1 \u0111\u1ed9ng t\u1eaft ngu\u1ed3n n\u00ean kh\u00f4ng c\u1ea7n ph\u1ea3i lo l\u1eafng v\u1ec1 vi\u1ec7c l\u00e3ng ph\u00ed pin. Th\u00f4ng tin chi ti\u1ebft s\u1ea3n ph\u1ea9m: - Nhi\u1ec7t \u0111\u1ed9 \u0111o: -10 \u2103 ~ 50 \u2103 - \u0110\u1ed9 ch\u00ednh x\u00e1c \u0111o nhi\u1ec7t \u0111\u1ed9: \u00b1 1 \u2103 ho\u1eb7c \u00b1 1.8 \u2109 - D\u1ea3i \u0111o \u0111\u1ed9 \u1ea9m: 5% RH ~ 98% RH - \u0110\u1ed9 ch\u00ednh x\u00e1c\u00a0 \u0111o \u0111\u1ed9 \u1ea9m: \u00b1 3% (30-95%); \u00b1 5% (10-30%) - \u0110\u1ea1i l\u01b0\u1ee3ng \u0111o \u2103 \/ \u2109 - Ng\u1eaft ngu\u1ed3n t\u1ef1 \u0111\u1ed9ng\/b\u1eb1ng tay - B\u00e1o khi pin y\u1ebfu - Ch\u1ee9c n\u0103ng l\u01b0u gi\u1eef gi\u00e1 tr\u1ecb \u0111o - \u0110\u1ed9 ph\u00e2n gi\u1ea3i nhi\u1ec7t \u0111\u1ed9: 0.1 \u2103 - \u0110\u1ed9 ph\u00e2n gi\u1ea3i \u0111\u1ed9 \u1ea9m: 0,1% RH - T\u1ed1c \u0111\u1ed9 l\u1ea5y m\u1eabu: 2.5 l\u1ea7n \/ sec - M\u00e0n h\u00ecnh k\u00e9p LCD hi\u1ec3n th\u1ecb nhi\u1ec7t \u0111\u1ed9 v\u00e0 \u0111\u1ed9 \u1ea9m - Ngu\u1ed3n \u0111i\u1ec7n d\u00f9ng pin - K\u00edch th\u01b0\u1edbc: 207 x 70 x 30mm  \u0110\u1ec3 ho\u1ea1t \u0111\u1ed9ng GM1362, b\u1ea1n c\u1ea7n bi\u1ebft l\u00e0 2 n\u00fat l\u00e0 \u0111\u1ee7. \u0110\u1ec3 s\u1eed d\u1ee5ng ch\u1ee9c n\u0103ng gi\u1eef, ch\u1ec9 c\u1ea7n b\u1ea5m v\u00e0o n\u00fat &quot;MAX&quot; m\u1ed9t l\u1ea7n, v\u00e0 \u0111\u1ec3 s\u1eed d\u1ee5ng c\u00e1c ch\u1ee9c n\u0103ng t\u1ed1i \u0111a \/ ph\u00fat, ch\u1ec9 c\u1ea7n gi\u1eef n\u00fat trong 2 gi\u00e2y. \u0110\u1ec3 t\u1eaft, ch\u1ec9 c\u1ea7n gi\u1eef n\u00fat ngu\u1ed3n trong 3 gi\u00e2y. N\u1ebfu b\u1ea1n qu\u00ean, \u0111\u1eebng lo l\u1eafng, c\u1eadu b\u00e9 x\u1ea5u n\u00e0y \u0111i k\u00e8m v\u1edbi m\u1ed9t t\u00ednh n\u0103ng t\u1ef1 \u0111\u1ed9ng t\u1eaft \u0111i\u1ec7n l\u00e0m cho \u0111\u1ed3ng h\u1ed3 c\u1ea3 hai d\u1ec5 s\u1eed d\u1ee5ng v\u00e0 ti\u1ebft ki\u1ec7m n\u0103ng l\u01b0\u1ee3ng. Ngo\u00e0i ra, n\u1ebfu b\u1ea1n \u0111o l\u01b0\u1eddng trong m\u00f4i tr\u01b0\u1eddng xung quanh m\u1edd, ch\u1ec9 c\u1ea7n nh\u1ea5n n\u00fat ngu\u1ed3n m\u1ed9t l\u1ea7n. Benetech GM1362 c\u00f3 th\u1ec3 \u0111\u01b0\u1ee3c s\u1eed d\u1ee5ng \u1edf kh\u1eafp m\u1ecdi n\u01a1i \u0111\u1ec3 \u0111o \u0111\u1ed9 \u1ea9m t\u01b0\u01a1ng \u0111\u1ed1i. H\u1ea7u h\u1ebft c\u00e1c h\u1ed9 gia \u0111\u00ecnh hi\u1ec7n nay \u0111\u1ec1u kh\u00f4ng ch\u00fa \u00fd \u0111\u1ebfn \u0111\u1ed9 \u1ea9m trong kh\u00f4ng gian c\u1ee7a m\u00ecnh m\u00e0 kh\u00f4ng bi\u1ebft r\u1eb1ng \u0111\u1ed9 \u1ea9m th\u1ef1c s\u1ef1 c\u00f3 th\u1ec3 \u1ea3nh h\u01b0\u1edfng \u0111\u1ebfn cu\u1ed9c s\u1ed1ng c\u1ee7a h\u1ecd r\u1ea5t \u0111\u00e1ng k\u1ec3. Tr\u1ebb em v\u00e0 ng\u01b0\u1eddi cao tu\u1ed5i lu\u00f4n nh\u1ea1y c\u1ea3m v\u1edbi \u0111\u1ed9 \u1ea9m. \u0110i\u1ec1u n\u00e0y c\u00f3 th\u1ec3 g\u00e2y kh\u00f3 ng\u1ee7 v\u00e0 kh\u00f3 th\u1edf, c\u00f3 th\u1ec3 d\u1eabn \u0111\u1ebfn s\u1ee9c kh\u1ecfe t\u1ed5ng th\u1ec3 y\u1ebfu. Do v\u1eady, vi\u1ec7c chu\u1ea9n b\u1ecb cho m\u00ecnh m\u1ed9t c\u00f4ng c\u1ee5 \u0111o \u0111\u1ed9 \u1ea9m v\u00e0 nhi\u1ec7t \u0111\u1ed9 nh\u01b0 Benetech GM1362 l\u00e0 v\u00f4 c\u00f9ng c\u1ea7n thi\u1ebft \u0111\u1ec3 c\u1ea3i thi\u1ec7n cu\u1ed9c s\u1ed1ng c\u1ee7a b\u1ea1n. Benetech GM1362 c\u00f3 \u01b0u th\u1ebf \u00a0l\u00e0 nh\u1ecf g\u1ecdn, \u0111\u1ee7 \u0111\u1ec3 s\u1eed d\u1ee5ng hi\u1ec7u qu\u1ea3 t\u1ea1i nh\u00e0 ho\u1eb7c n\u01a1i l\u00e0m vi\u1ec7c.[:]\" \/>\n<meta property=\"og:url\" content=\"https:\/\/labochem.com.vn\/en\/s\u1ea3n ph\u1ea9m\/may-do-do-am-va-nhiet-do-model-gm1362\/\" \/>\n<meta property=\"og:site_name\" content=\"C\u00f4ng ty TNHH LABOCHEM Vi\u1ec7t Nam\" \/>\n<meta property=\"article:modified_time\" content=\"2020-05-16T09:05:20+00:00\" \/>\n<meta property=\"og:image\" content=\"https:\/\/labochem.com.vn\/wp-content\/uploads\/2020\/05\/GM1362-E.jpg\" \/>\n\t<meta property=\"og:image:width\" content=\"2289\" \/>\n\t<meta property=\"og:image:height\" content=\"2502\" \/>\n\t<meta property=\"og:image:type\" content=\"image\/jpeg\" \/>\n<meta name=\"twitter:card\" content=\"summary_large_image\" \/>\n<script type=\"application\/ld+json\" class=\"yoast-schema-graph\">{\"@context\":\"https:\/\/schema.org\",\"@graph\":[{\"@type\":\"WebPage\",\"@id\":\"https:\/\/labochem.com.vn\/en\/s\u1ea3n ph\u1ea9m\/may-do-do-am-va-nhiet-do-model-gm1362\/\",\"url\":\"https:\/\/labochem.com.vn\/en\/s\u1ea3n ph\u1ea9m\/may-do-do-am-va-nhiet-do-model-gm1362\/\",\"name\":\"[:vi]M\u00c1Y \u0110O \u0110\u1ed8 \u1ea8M V\u00c0 NHI\u1ec6T \u0110\u1ed8 Model: GM1362[:] - C\u00f4ng ty TNHH LABOCHEM Vi\u1ec7t Nam\",\"isPartOf\":{\"@id\":\"https:\/\/labochem.com.vn\/#website\"},\"primaryImageOfPage\":{\"@id\":\"https:\/\/labochem.com.vn\/en\/s\u1ea3n ph\u1ea9m\/may-do-do-am-va-nhiet-do-model-gm1362\/#primaryimage\"},\"image\":{\"@id\":\"https:\/\/labochem.com.vn\/en\/s\u1ea3n ph\u1ea9m\/may-do-do-am-va-nhiet-do-model-gm1362\/#primaryimage\"},\"thumbnailUrl\":\"https:\/\/labochem.com.vn\/wp-content\/uploads\/2020\/05\/GM1362-E.jpg\",\"datePublished\":\"2020-05-06T02:02:39+00:00\",\"dateModified\":\"2020-05-16T09:05:20+00:00\",\"breadcrumb\":{\"@id\":\"https:\/\/labochem.com.vn\/en\/s\u1ea3n ph\u1ea9m\/may-do-do-am-va-nhiet-do-model-gm1362\/#breadcrumb\"},\"inLanguage\":\"en-US\",\"potentialAction\":[{\"@type\":\"ReadAction\",\"target\":[\"https:\/\/labochem.com.vn\/en\/s\u1ea3n ph\u1ea9m\/may-do-do-am-va-nhiet-do-model-gm1362\/\"]}]},{\"@type\":\"ImageObject\",\"inLanguage\":\"en-US\",\"@id\":\"https:\/\/labochem.com.vn\/en\/s\u1ea3n ph\u1ea9m\/may-do-do-am-va-nhiet-do-model-gm1362\/#primaryimage\",\"url\":\"https:\/\/labochem.com.vn\/wp-content\/uploads\/2020\/05\/GM1362-E.jpg\",\"contentUrl\":\"https:\/\/labochem.com.vn\/wp-content\/uploads\/2020\/05\/GM1362-E.jpg\",\"width\":2289,\"height\":2502},{\"@type\":\"BreadcrumbList\",\"@id\":\"https:\/\/labochem.com.vn\/en\/s\u1ea3n ph\u1ea9m\/may-do-do-am-va-nhiet-do-model-gm1362\/#breadcrumb\",\"itemListElement\":[{\"@type\":\"ListItem\",\"position\":1,\"name\":\"Home\",\"item\":\"https:\/\/labochem.com.vn\/\"},{\"@type\":\"ListItem\",\"position\":2,\"name\":\"C\u1eeda h\u00e0ng\",\"item\":\"https:\/\/labochem.com.vn\/mua\/\"},{\"@type\":\"ListItem\",\"position\":3,\"name\":\"(Ti\u1ebfng Vi\u1ec7t) M\u00c1Y \u0110O \u0110\u1ed8 \u1ea8M V\u00c0 NHI\u1ec6T \u0110\u1ed8 Model: GM1362\"}]},{\"@type\":\"WebSite\",\"@id\":\"https:\/\/labochem.com.vn\/#website\",\"url\":\"https:\/\/labochem.com.vn\/\",\"name\":\"C\u00f4ng ty TNHH LABOCHEM Vi\u1ec7t Nam\",\"description\":\"M\u1ed9t trang web m\u1edbi s\u1eed d\u1ee5ng WordPress\",\"potentialAction\":[{\"@type\":\"SearchAction\",\"target\":{\"@type\":\"EntryPoint\",\"urlTemplate\":\"https:\/\/labochem.com.vn\/?s={search_term_string}\"},\"query-input\":\"required name=search_term_string\"}],\"inLanguage\":\"en-US\"}]}<\/script>\n<!-- \/ Yoast SEO plugin. -->","yoast_head_json":{"title":"[:vi]M\u00c1Y \u0110O \u0110\u1ed8 \u1ea8M V\u00c0 NHI\u1ec6T \u0110\u1ed8 Model: GM1362[:] - C\u00f4ng ty TNHH LABOCHEM Vi\u1ec7t Nam","robots":{"index":"index","follow":"follow","max-snippet":"max-snippet:-1","max-image-preview":"max-image-preview:large","max-video-preview":"max-video-preview:-1"},"canonical":"https:\/\/labochem.com.vn\/en\/s\u1ea3n ph\u1ea9m\/may-do-do-am-va-nhiet-do-model-gm1362\/","og_locale":"en_US","og_type":"article","og_title":"[:vi]M\u00c1Y \u0110O \u0110\u1ed8 \u1ea8M V\u00c0 NHI\u1ec6T \u0110\u1ed8 Model: GM1362[:] - C\u00f4ng ty TNHH LABOCHEM Vi\u1ec7t Nam","og_description":"[:vi]M\u00e1y \u0111o nhi\u1ec7t \u0111\u1ed9 v\u00e0 \u0111\u1ed9 \u1ea9m Benetech GM1362 Thi\u1ebft k\u1ebf nh\u1ecf g\u1ecdn, \u00a0M\u00e1y \u0111o nhi\u1ec7t \u0111\u1ed9 v\u00e0 \u0111\u1ed9 \u1ea9m Benetech GM1362 \u00a0l\u00e0 m\u1ed9t trong nh\u1eefng s\u1ea3n ph\u1ea9m ti\u1ec7n d\u1ee5ng v\u1edbi gi\u00e1 c\u1ea3 ph\u1ea3i ch\u0103ng, nh\u1eadn \u0111\u01b0\u1ee3c s\u1ef1 quan t\u00e2m c\u1ee7a \u0111\u00f4ng \u0111\u1ea3o c\u00f4ng ch\u00fang. So v\u1edbi c\u00e1c s\u1ea3n ph\u1ea9m ti\u1ec1n nhi\u1ec7m, \u00a0n\u00f3 kh\u00f4ng h\u1ec1 thua k\u00e9m v\u1ec1 ch\u1ea5t l\u01b0\u1ee3ng c\u0169ng nh\u01b0 ph\u1ea1m vi \u0111o nhi\u1ec7t \u0111\u1ed9 v\u00e0 \u0111\u1ed9 \u1ea9m. M\u00e1y \u0111o nhi\u1ec7t \u0111\u1ed9 v\u00e0 \u0111\u1ed9 \u1ea9m Benetech GM1362 \u00a0r\u1ea5t th\u00edch h\u1ee3p \u0111\u1ec3 s\u1eed d\u1ee5ng trong gia \u0111\u00ecnh. Benetech GM1362 \u00a0d\u1ec5 d\u00e0ng ho\u1ea1t \u0111\u1ed9ng ch\u1ec9 v\u1edbi 2 n\u00fat v\u00e0 c\u00f3 m\u1ed9t m\u00e0n h\u00ecnh LCD \u0111\u00e8n n\u1ec1n r\u00f5 r\u00e0ng d\u00f9 trong m\u00f4i tr\u01b0\u1eddng thi\u1ebfu \u00e1nh s\u00e1ng hay \u00e1nh s\u00e1ng m\u1edd.  Thao t\u00e1c s\u1eed d\u1ee5ng\u00a0GM1362\u00a0kh\u00e1 \u0111\u01a1n gi\u1ea3n, ch\u1ec9 c\u1ea7n b\u1eadt n\u00fat ngu\u1ed3n. \u0110\u1ea1i l\u01b0\u1ee3ng \u0111o nhi\u1ec7t \u0111\u1ed9 v\u00e0 \u0111\u1ed9 \u1ea9m t\u01b0\u01a1ng \u0111\u1ed1i s\u1ebd \u0111\u01b0\u1ee3c hi\u1ec3n th\u1ecb ngay l\u1eadp t\u1ee9c. Ngo\u00e0i ra GM1362 c\u00f2n c\u00f3 m\u1ed9t built-in nhi\u1ec7t k\u1ebf cung c\u1ea5p nhi\u1ec7t \u0111\u1ed9 ch\u00ednh x\u00e1c trong c\u1ea3 \u0111\u01a1n v\u1ecb \u0111\u1ed9 C \u00b0 v\u00e0 \u0111\u1ed9 F \u00b0. Benetech GM1362 \u00a0\u0111\u01b0\u1ee3c l\u1eadp tr\u00ecnh v\u1edbi ch\u1ee9c n\u0103ng t\u1ef1 \u0111\u1ed9ng t\u1eaft ngu\u1ed3n n\u00ean kh\u00f4ng c\u1ea7n ph\u1ea3i lo l\u1eafng v\u1ec1 vi\u1ec7c l\u00e3ng ph\u00ed pin. Th\u00f4ng tin chi ti\u1ebft s\u1ea3n ph\u1ea9m: - Nhi\u1ec7t \u0111\u1ed9 \u0111o: -10 \u2103 ~ 50 \u2103 - \u0110\u1ed9 ch\u00ednh x\u00e1c \u0111o nhi\u1ec7t \u0111\u1ed9: \u00b1 1 \u2103 ho\u1eb7c \u00b1 1.8 \u2109 - D\u1ea3i \u0111o \u0111\u1ed9 \u1ea9m: 5% RH ~ 98% RH - \u0110\u1ed9 ch\u00ednh x\u00e1c\u00a0 \u0111o \u0111\u1ed9 \u1ea9m: \u00b1 3% (30-95%); \u00b1 5% (10-30%) - \u0110\u1ea1i l\u01b0\u1ee3ng \u0111o \u2103 \/ \u2109 - Ng\u1eaft ngu\u1ed3n t\u1ef1 \u0111\u1ed9ng\/b\u1eb1ng tay - B\u00e1o khi pin y\u1ebfu - Ch\u1ee9c n\u0103ng l\u01b0u gi\u1eef gi\u00e1 tr\u1ecb \u0111o - \u0110\u1ed9 ph\u00e2n gi\u1ea3i nhi\u1ec7t \u0111\u1ed9: 0.1 \u2103 - \u0110\u1ed9 ph\u00e2n gi\u1ea3i \u0111\u1ed9 \u1ea9m: 0,1% RH - T\u1ed1c \u0111\u1ed9 l\u1ea5y m\u1eabu: 2.5 l\u1ea7n \/ sec - M\u00e0n h\u00ecnh k\u00e9p LCD hi\u1ec3n th\u1ecb nhi\u1ec7t \u0111\u1ed9 v\u00e0 \u0111\u1ed9 \u1ea9m - Ngu\u1ed3n \u0111i\u1ec7n d\u00f9ng pin - K\u00edch th\u01b0\u1edbc: 207 x 70 x 30mm  \u0110\u1ec3 ho\u1ea1t \u0111\u1ed9ng GM1362, b\u1ea1n c\u1ea7n bi\u1ebft l\u00e0 2 n\u00fat l\u00e0 \u0111\u1ee7. \u0110\u1ec3 s\u1eed d\u1ee5ng ch\u1ee9c n\u0103ng gi\u1eef, ch\u1ec9 c\u1ea7n b\u1ea5m v\u00e0o n\u00fat \"MAX\" m\u1ed9t l\u1ea7n, v\u00e0 \u0111\u1ec3 s\u1eed d\u1ee5ng c\u00e1c ch\u1ee9c n\u0103ng t\u1ed1i \u0111a \/ ph\u00fat, ch\u1ec9 c\u1ea7n gi\u1eef n\u00fat trong 2 gi\u00e2y. \u0110\u1ec3 t\u1eaft, ch\u1ec9 c\u1ea7n gi\u1eef n\u00fat ngu\u1ed3n trong 3 gi\u00e2y. N\u1ebfu b\u1ea1n qu\u00ean, \u0111\u1eebng lo l\u1eafng, c\u1eadu b\u00e9 x\u1ea5u n\u00e0y \u0111i k\u00e8m v\u1edbi m\u1ed9t t\u00ednh n\u0103ng t\u1ef1 \u0111\u1ed9ng t\u1eaft \u0111i\u1ec7n l\u00e0m cho \u0111\u1ed3ng h\u1ed3 c\u1ea3 hai d\u1ec5 s\u1eed d\u1ee5ng v\u00e0 ti\u1ebft ki\u1ec7m n\u0103ng l\u01b0\u1ee3ng. Ngo\u00e0i ra, n\u1ebfu b\u1ea1n \u0111o l\u01b0\u1eddng trong m\u00f4i tr\u01b0\u1eddng xung quanh m\u1edd, ch\u1ec9 c\u1ea7n nh\u1ea5n n\u00fat ngu\u1ed3n m\u1ed9t l\u1ea7n. Benetech GM1362 c\u00f3 th\u1ec3 \u0111\u01b0\u1ee3c s\u1eed d\u1ee5ng \u1edf kh\u1eafp m\u1ecdi n\u01a1i \u0111\u1ec3 \u0111o \u0111\u1ed9 \u1ea9m t\u01b0\u01a1ng \u0111\u1ed1i. H\u1ea7u h\u1ebft c\u00e1c h\u1ed9 gia \u0111\u00ecnh hi\u1ec7n nay \u0111\u1ec1u kh\u00f4ng ch\u00fa \u00fd \u0111\u1ebfn \u0111\u1ed9 \u1ea9m trong kh\u00f4ng gian c\u1ee7a m\u00ecnh m\u00e0 kh\u00f4ng bi\u1ebft r\u1eb1ng \u0111\u1ed9 \u1ea9m th\u1ef1c s\u1ef1 c\u00f3 th\u1ec3 \u1ea3nh h\u01b0\u1edfng \u0111\u1ebfn cu\u1ed9c s\u1ed1ng c\u1ee7a h\u1ecd r\u1ea5t \u0111\u00e1ng k\u1ec3. Tr\u1ebb em v\u00e0 ng\u01b0\u1eddi cao tu\u1ed5i lu\u00f4n nh\u1ea1y c\u1ea3m v\u1edbi \u0111\u1ed9 \u1ea9m. \u0110i\u1ec1u n\u00e0y c\u00f3 th\u1ec3 g\u00e2y kh\u00f3 ng\u1ee7 v\u00e0 kh\u00f3 th\u1edf, c\u00f3 th\u1ec3 d\u1eabn \u0111\u1ebfn s\u1ee9c kh\u1ecfe t\u1ed5ng th\u1ec3 y\u1ebfu. Do v\u1eady, vi\u1ec7c chu\u1ea9n b\u1ecb cho m\u00ecnh m\u1ed9t c\u00f4ng c\u1ee5 \u0111o \u0111\u1ed9 \u1ea9m v\u00e0 nhi\u1ec7t \u0111\u1ed9 nh\u01b0 Benetech GM1362 l\u00e0 v\u00f4 c\u00f9ng c\u1ea7n thi\u1ebft \u0111\u1ec3 c\u1ea3i thi\u1ec7n cu\u1ed9c s\u1ed1ng c\u1ee7a b\u1ea1n. Benetech GM1362 c\u00f3 \u01b0u th\u1ebf \u00a0l\u00e0 nh\u1ecf g\u1ecdn, \u0111\u1ee7 \u0111\u1ec3 s\u1eed d\u1ee5ng hi\u1ec7u qu\u1ea3 t\u1ea1i nh\u00e0 ho\u1eb7c n\u01a1i l\u00e0m vi\u1ec7c.[:]","og_url":"https:\/\/labochem.com.vn\/en\/s\u1ea3n ph\u1ea9m\/may-do-do-am-va-nhiet-do-model-gm1362\/","og_site_name":"C\u00f4ng ty TNHH LABOCHEM Vi\u1ec7t Nam","article_modified_time":"2020-05-16T09:05:20+00:00","og_image":[{"width":2289,"height":2502,"url":"https:\/\/labochem.com.vn\/wp-content\/uploads\/2020\/05\/GM1362-E.jpg","type":"image\/jpeg"}],"twitter_card":"summary_large_image","schema":{"@context":"https:\/\/schema.org","@graph":[{"@type":"WebPage","@id":"https:\/\/labochem.com.vn\/en\/s\u1ea3n ph\u1ea9m\/may-do-do-am-va-nhiet-do-model-gm1362\/","url":"https:\/\/labochem.com.vn\/en\/s\u1ea3n ph\u1ea9m\/may-do-do-am-va-nhiet-do-model-gm1362\/","name":"[:vi]M\u00c1Y \u0110O \u0110\u1ed8 \u1ea8M V\u00c0 NHI\u1ec6T \u0110\u1ed8 Model: GM1362[:] - C\u00f4ng ty TNHH LABOCHEM Vi\u1ec7t Nam","isPartOf":{"@id":"https:\/\/labochem.com.vn\/#website"},"primaryImageOfPage":{"@id":"https:\/\/labochem.com.vn\/en\/s\u1ea3n ph\u1ea9m\/may-do-do-am-va-nhiet-do-model-gm1362\/#primaryimage"},"image":{"@id":"https:\/\/labochem.com.vn\/en\/s\u1ea3n ph\u1ea9m\/may-do-do-am-va-nhiet-do-model-gm1362\/#primaryimage"},"thumbnailUrl":"https:\/\/labochem.com.vn\/wp-content\/uploads\/2020\/05\/GM1362-E.jpg","datePublished":"2020-05-06T02:02:39+00:00","dateModified":"2020-05-16T09:05:20+00:00","breadcrumb":{"@id":"https:\/\/labochem.com.vn\/en\/s\u1ea3n ph\u1ea9m\/may-do-do-am-va-nhiet-do-model-gm1362\/#breadcrumb"},"inLanguage":"en-US","potentialAction":[{"@type":"ReadAction","target":["https:\/\/labochem.com.vn\/en\/s\u1ea3n ph\u1ea9m\/may-do-do-am-va-nhiet-do-model-gm1362\/"]}]},{"@type":"ImageObject","inLanguage":"en-US","@id":"https:\/\/labochem.com.vn\/en\/s\u1ea3n ph\u1ea9m\/may-do-do-am-va-nhiet-do-model-gm1362\/#primaryimage","url":"https:\/\/labochem.com.vn\/wp-content\/uploads\/2020\/05\/GM1362-E.jpg","contentUrl":"https:\/\/labochem.com.vn\/wp-content\/uploads\/2020\/05\/GM1362-E.jpg","width":2289,"height":2502},{"@type":"BreadcrumbList","@id":"https:\/\/labochem.com.vn\/en\/s\u1ea3n ph\u1ea9m\/may-do-do-am-va-nhiet-do-model-gm1362\/#breadcrumb","itemListElement":[{"@type":"ListItem","position":1,"name":"Home","item":"https:\/\/labochem.com.vn\/"},{"@type":"ListItem","position":2,"name":"C\u1eeda h\u00e0ng","item":"https:\/\/labochem.com.vn\/mua\/"},{"@type":"ListItem","position":3,"name":"(Ti\u1ebfng Vi\u1ec7t) M\u00c1Y \u0110O \u0110\u1ed8 \u1ea8M V\u00c0 NHI\u1ec6T \u0110\u1ed8 Model: GM1362"}]},{"@type":"WebSite","@id":"https:\/\/labochem.com.vn\/#website","url":"https:\/\/labochem.com.vn\/","name":"C\u00f4ng ty TNHH LABOCHEM Vi\u1ec7t Nam","description":"M\u1ed9t trang web m\u1edbi s\u1eed d\u1ee5ng WordPress","potentialAction":[{"@type":"SearchAction","target":{"@type":"EntryPoint","urlTemplate":"https:\/\/labochem.com.vn\/?s={search_term_string}"},"query-input":"required name=search_term_string"}],"inLanguage":"en-US"}]}},"_links":{"self":[{"href":"https:\/\/labochem.com.vn\/en\/wp-json\/wp\/v2\/product\/179"}],"collection":[{"href":"https:\/\/labochem.com.vn\/en\/wp-json\/wp\/v2\/product"}],"about":[{"href":"https:\/\/labochem.com.vn\/en\/wp-json\/wp\/v2\/types\/product"}],"replies":[{"embeddable":true,"href":"https:\/\/labochem.com.vn\/en\/wp-json\/wp\/v2\/comments?post=179"}],"wp:featuredmedia":[{"embeddable":true,"href":"https:\/\/labochem.com.vn\/en\/wp-json\/wp\/v2\/media\/180"}],"wp:attachment":[{"href":"https:\/\/labochem.com.vn\/en\/wp-json\/wp\/v2\/media?parent=179"}],"wp:term":[{"taxonomy":"product_cat","embeddable":true,"href":"https:\/\/labochem.com.vn\/en\/wp-json\/wp\/v2\/product_cat?post=179"},{"taxonomy":"product_tag","embeddable":true,"href":"https:\/\/labochem.com.vn\/en\/wp-json\/wp\/v2\/product_tag?post=179"}],"curies":[{"name":"wp","href":"https:\/\/api.w.org\/{rel}","templated":true}]}}