{"id":177,"date":"2020-05-06T02:00:06","date_gmt":"2020-05-06T02:00:06","guid":{"rendered":"http:\/\/labochem.com.vn\/?post_type=product&#038;p=177"},"modified":"2020-05-16T09:02:42","modified_gmt":"2020-05-16T09:02:42","slug":"may-do-do-am-va-nhiet-do-model-gm1361","status":"publish","type":"product","link":"https:\/\/labochem.com.vn\/en\/s\u1ea3n ph\u1ea9m\/may-do-do-am-va-nhiet-do-model-gm1361\/","title":{"rendered":"(Ti\u1ebfng Vi\u1ec7t) M\u00c1Y \u0110O \u0110\u1ed8 \u1ea8M V\u00c0 NHI\u1ec6T \u0110\u1ed8  Model: GM1361"},"content":{"rendered":"","protected":false},"excerpt":{"rendered":"<p class=\"qtranxs-available-languages-message qtranxs-available-languages-message-en\">Sorry, this entry is only available in <a href=\"https:\/\/labochem.com.vn\/vi\/wp-json\/wp\/v2\/product\/177\" class=\"qtranxs-available-language-link qtranxs-available-language-link-vi\" title=\"Ti\u1ebfng Vi\u1ec7t\">Ti\u1ebfng Vi\u1ec7t<\/a>.<\/p>\n","protected":false},"featured_media":178,"comment_status":"open","ping_status":"closed","template":"","meta":[],"product_cat":[30],"product_tag":[50],"yoast_head":"<!-- This site is optimized with the Yoast SEO plugin v22.6 - https:\/\/yoast.com\/wordpress\/plugins\/seo\/ -->\n<title><\/title>\n<meta name=\"robots\" content=\"index, follow, max-snippet:-1, max-image-preview:large, max-video-preview:-1\" \/>\n<link rel=\"canonical\" href=\"https:\/\/labochem.com.vn\/en\/s\u1ea3n%20ph\u1ea9m\/may-do-do-am-va-nhiet-do-model-gm1361\/\" \/>\n<meta property=\"og:locale\" content=\"en_US\" \/>\n<meta property=\"og:type\" content=\"article\" \/>\n<meta property=\"og:title\" content=\"[:vi]M\u00c1Y \u0110O \u0110\u1ed8 \u1ea8M V\u00c0 NHI\u1ec6T \u0110\u1ed8 Model: GM1361[:] - C\u00f4ng ty TNHH LABOCHEM Vi\u1ec7t Nam\" \/>\n<meta property=\"og:description\" content=\"[:vi]M\u00c1Y \u0110O \u0110\u1ed8 \u1ea8M V\u00c0 NHI\u1ec6T \u0110\u1ed8  Model: GM1361\u00a0  M\u00e1y \u0111o \u0111\u1ed9 \u1ea9m v\u00e0 nhi\u1ec7t \u0111\u1ed9 kh\u00f4ng kh\u00ed c\u1ea7m tay\u00a0GM1361\u00a0l\u00e0 thi\u1ebft b\u1ecb nh\u1ecf g\u1ecdn c\u00f3 \u0111\u1ed9 nh\u1ea1y cao gi\u00fap \u0111o \u0111\u1ed9 \u1ea9m v\u00e0 nhi\u1ec7t \u0111\u1ed9 m\u00f4i tr\u01b0\u1eddng ch\u00ednh x\u00e1c v\u00e0 nhanh ch\u00f3ng. C\u00f3 th\u00eam \u0111\u1ea7u \u0111o nhi\u1ec7t \u0111\u1ed9 ti\u1ebfp x\u00fac d\u1ea1ng K l\u00ean \u0111\u1ebfn 1000\u2103.\u00a0M\u00e1y \u0111\u01b0\u1ee3c \u1ee9ng d\u1ee5ng trong vi\u1ec7c \u0111o nhi\u1ec7t \u0111\u1ed9 v\u00e0 \u0111\u1ed9 \u1ea9m m\u00f4i tr\u01b0\u1eddng l\u00e0m vi\u1ec7c, kho l\u1ea1nh, kho ch\u1ee9a h\u00e0ng, kho ch\u1ee9a n\u00f4ng s\u1ea3n, t\u1ee7 c\u1ea5p \u0111\u00f4ng, kho ch\u1ee9a h\u1ea3i s\u1ea3n \u2026 \u00a0M\u00e1y c\u0169ng c\u00f3 ch\u1ebf \u0111\u1ed9 ti\u1ebft ki\u1ec7m pin t\u1ef1 \u0111\u1ed9ng v\u00e0 \u0111\u1ed9 b\u1ec1n cao.\u00a0BENETECH\u00a0GM1361\u00a0cho k\u1ebft qu\u1ea3 c\u00f3 \u0111\u1ed9 ch\u00ednh x\u00e1c cao, \u0111\u1ed9 ph\u00e2n gi\u1ea3i cao v\u00e0 kh\u1ea3 n\u0103ng l\u1eb7p l\u1ea1i th\u1ea5p. M\u00e0n h\u00ecnh LCD v\u1edbi thi\u1ebft k\u1ebf \u00a0\u0111\u00e8n n\u1ec1n cho ph\u00e9p b\u1ea1n c\u00f3 \u0111\u01b0\u1ee3c d\u1eef li\u1ec7u m\u1ed9t c\u00e1ch d\u1ec5 d\u00e0ng v\u00e0 r\u00f5 r\u00e0ng ngay c\u1ea3 trong b\u00f3ng t\u1ed1i. T\u00ednh n\u0103ng c\u1ee7a GM1361: - Theo d\u00f5i nhi\u1ec7t \u0111\u1ed9 v\u00e0 \u0111\u1ed9 \u1ea9m m\u00f4i tr\u01b0\u1eddng, kho h\u00e0ng, x\u01b0\u1edfng s\u1ea3n xu\u1ea5t. - \u0110o nhi\u1ec7t \u0111\u1ed9 \u0111i\u1ec3m \u0111\u1ecdng s\u01b0\u01a1ng, \u0111\u1ed9 b\u1ea7u \u01b0\u1edbt v\u00e0 nhi\u1ec7t \u0111\u1ed9 bay h\u01a1i. - T\u1eaft m\u00e1y T\u1ef1 \u0111\u1ed9ng \/ th\u1ee7 c\u00f4ng - B\u00e1o d\u1ea5u hi\u1ec7u pin y\u1ebfu - N\u00fat Hold gi\u1eef d\u1eef li\u1ec7u - L\u1ef1a ch\u1ecdn \u2103 \/ \u2109  Th\u00f4ng tin chi ti\u1ebft s\u1ea3n ph\u1ea9m: - Nhi\u1ec7t \u0111\u1ed9 \u0111o: -10 \u2103 ~ 50 \u2103 (-30 \u2103 ~ 1000 \u2103 K-type) - \u0110\u1ed9 ch\u00ednh x\u00e1c nhi\u1ec7t \u0111\u1ed9 \u0111o: \u00b1 1 \u2103 ho\u1eb7c \u00b1 1.8 \u2109 - D\u1ea3i \u0111o \u0111\u1ed9 \u1ea9m: 5% RH ~ 98% RH - \u0110\u1ed9 ch\u00ednh x\u00e1c \u0111o \u0111\u1ed9 \u1ea9m: \u00b1 3% (30-95%); \u00b1 5% (10-30%) - \u0110\u1ea1i l\u01b0\u1ee3ng \u0111o \u2103 \/ \u2109 - \u0110\u1ed9 ph\u00e2n gi\u1ea3i nhi\u1ec7t \u0111\u1ed9: 0.1 \u2103 - \u0110\u1ed9 ph\u00e2n gi\u1ea3i \u0111\u1ed9 \u1ea9m: 0,1% RH - T\u1ed1c \u0111\u1ed9 l\u1ea5y m\u1eabu: 2.5 l\u1ea7n \/ sec - M\u00e0n h\u00ecnh k\u00e9p LCD hi\u1ec3n th\u1ecb nhi\u1ec7t \u0111\u1ed9 v\u00e0 \u0111\u1ed9 \u1ea9m - Ngu\u1ed3n \u0111i\u1ec7n d\u00f9ng pin - K\u00edch th\u01b0\u1edbc: 160 x 70 x 30mm[:]\" \/>\n<meta property=\"og:url\" content=\"https:\/\/labochem.com.vn\/en\/s\u1ea3n ph\u1ea9m\/may-do-do-am-va-nhiet-do-model-gm1361\/\" \/>\n<meta property=\"og:site_name\" content=\"C\u00f4ng ty TNHH LABOCHEM Vi\u1ec7t Nam\" \/>\n<meta property=\"article:modified_time\" content=\"2020-05-16T09:02:42+00:00\" \/>\n<meta property=\"og:image\" content=\"https:\/\/labochem.com.vn\/wp-content\/uploads\/2020\/05\/GM1361-E.jpg\" \/>\n\t<meta property=\"og:image:width\" content=\"2289\" \/>\n\t<meta property=\"og:image:height\" content=\"2502\" \/>\n\t<meta property=\"og:image:type\" content=\"image\/jpeg\" \/>\n<meta name=\"twitter:card\" content=\"summary_large_image\" \/>\n<script type=\"application\/ld+json\" class=\"yoast-schema-graph\">{\"@context\":\"https:\/\/schema.org\",\"@graph\":[{\"@type\":\"WebPage\",\"@id\":\"https:\/\/labochem.com.vn\/en\/s\u1ea3n ph\u1ea9m\/may-do-do-am-va-nhiet-do-model-gm1361\/\",\"url\":\"https:\/\/labochem.com.vn\/en\/s\u1ea3n ph\u1ea9m\/may-do-do-am-va-nhiet-do-model-gm1361\/\",\"name\":\"[:vi]M\u00c1Y \u0110O \u0110\u1ed8 \u1ea8M V\u00c0 NHI\u1ec6T \u0110\u1ed8 Model: GM1361[:] - C\u00f4ng ty TNHH LABOCHEM Vi\u1ec7t Nam\",\"isPartOf\":{\"@id\":\"https:\/\/labochem.com.vn\/#website\"},\"primaryImageOfPage\":{\"@id\":\"https:\/\/labochem.com.vn\/en\/s\u1ea3n ph\u1ea9m\/may-do-do-am-va-nhiet-do-model-gm1361\/#primaryimage\"},\"image\":{\"@id\":\"https:\/\/labochem.com.vn\/en\/s\u1ea3n ph\u1ea9m\/may-do-do-am-va-nhiet-do-model-gm1361\/#primaryimage\"},\"thumbnailUrl\":\"https:\/\/labochem.com.vn\/wp-content\/uploads\/2020\/05\/GM1361-E.jpg\",\"datePublished\":\"2020-05-06T02:00:06+00:00\",\"dateModified\":\"2020-05-16T09:02:42+00:00\",\"breadcrumb\":{\"@id\":\"https:\/\/labochem.com.vn\/en\/s\u1ea3n ph\u1ea9m\/may-do-do-am-va-nhiet-do-model-gm1361\/#breadcrumb\"},\"inLanguage\":\"en-US\",\"potentialAction\":[{\"@type\":\"ReadAction\",\"target\":[\"https:\/\/labochem.com.vn\/en\/s\u1ea3n ph\u1ea9m\/may-do-do-am-va-nhiet-do-model-gm1361\/\"]}]},{\"@type\":\"ImageObject\",\"inLanguage\":\"en-US\",\"@id\":\"https:\/\/labochem.com.vn\/en\/s\u1ea3n ph\u1ea9m\/may-do-do-am-va-nhiet-do-model-gm1361\/#primaryimage\",\"url\":\"https:\/\/labochem.com.vn\/wp-content\/uploads\/2020\/05\/GM1361-E.jpg\",\"contentUrl\":\"https:\/\/labochem.com.vn\/wp-content\/uploads\/2020\/05\/GM1361-E.jpg\",\"width\":2289,\"height\":2502},{\"@type\":\"BreadcrumbList\",\"@id\":\"https:\/\/labochem.com.vn\/en\/s\u1ea3n ph\u1ea9m\/may-do-do-am-va-nhiet-do-model-gm1361\/#breadcrumb\",\"itemListElement\":[{\"@type\":\"ListItem\",\"position\":1,\"name\":\"Home\",\"item\":\"https:\/\/labochem.com.vn\/\"},{\"@type\":\"ListItem\",\"position\":2,\"name\":\"C\u1eeda h\u00e0ng\",\"item\":\"https:\/\/labochem.com.vn\/mua\/\"},{\"@type\":\"ListItem\",\"position\":3,\"name\":\"(Ti\u1ebfng Vi\u1ec7t) M\u00c1Y \u0110O \u0110\u1ed8 \u1ea8M V\u00c0 NHI\u1ec6T \u0110\u1ed8 Model: GM1361\"}]},{\"@type\":\"WebSite\",\"@id\":\"https:\/\/labochem.com.vn\/#website\",\"url\":\"https:\/\/labochem.com.vn\/\",\"name\":\"C\u00f4ng ty TNHH LABOCHEM Vi\u1ec7t Nam\",\"description\":\"M\u1ed9t trang web m\u1edbi s\u1eed d\u1ee5ng WordPress\",\"potentialAction\":[{\"@type\":\"SearchAction\",\"target\":{\"@type\":\"EntryPoint\",\"urlTemplate\":\"https:\/\/labochem.com.vn\/?s={search_term_string}\"},\"query-input\":\"required name=search_term_string\"}],\"inLanguage\":\"en-US\"}]}<\/script>\n<!-- \/ Yoast SEO plugin. -->","yoast_head_json":{"title":"[:vi]M\u00c1Y \u0110O \u0110\u1ed8 \u1ea8M V\u00c0 NHI\u1ec6T \u0110\u1ed8 Model: GM1361[:] - C\u00f4ng ty TNHH LABOCHEM Vi\u1ec7t Nam","robots":{"index":"index","follow":"follow","max-snippet":"max-snippet:-1","max-image-preview":"max-image-preview:large","max-video-preview":"max-video-preview:-1"},"canonical":"https:\/\/labochem.com.vn\/en\/s\u1ea3n ph\u1ea9m\/may-do-do-am-va-nhiet-do-model-gm1361\/","og_locale":"en_US","og_type":"article","og_title":"[:vi]M\u00c1Y \u0110O \u0110\u1ed8 \u1ea8M V\u00c0 NHI\u1ec6T \u0110\u1ed8 Model: GM1361[:] - C\u00f4ng ty TNHH LABOCHEM Vi\u1ec7t Nam","og_description":"[:vi]M\u00c1Y \u0110O \u0110\u1ed8 \u1ea8M V\u00c0 NHI\u1ec6T \u0110\u1ed8  Model: GM1361\u00a0  M\u00e1y \u0111o \u0111\u1ed9 \u1ea9m v\u00e0 nhi\u1ec7t \u0111\u1ed9 kh\u00f4ng kh\u00ed c\u1ea7m tay\u00a0GM1361\u00a0l\u00e0 thi\u1ebft b\u1ecb nh\u1ecf g\u1ecdn c\u00f3 \u0111\u1ed9 nh\u1ea1y cao gi\u00fap \u0111o \u0111\u1ed9 \u1ea9m v\u00e0 nhi\u1ec7t \u0111\u1ed9 m\u00f4i tr\u01b0\u1eddng ch\u00ednh x\u00e1c v\u00e0 nhanh ch\u00f3ng. C\u00f3 th\u00eam \u0111\u1ea7u \u0111o nhi\u1ec7t \u0111\u1ed9 ti\u1ebfp x\u00fac d\u1ea1ng K l\u00ean \u0111\u1ebfn 1000\u2103.\u00a0M\u00e1y \u0111\u01b0\u1ee3c \u1ee9ng d\u1ee5ng trong vi\u1ec7c \u0111o nhi\u1ec7t \u0111\u1ed9 v\u00e0 \u0111\u1ed9 \u1ea9m m\u00f4i tr\u01b0\u1eddng l\u00e0m vi\u1ec7c, kho l\u1ea1nh, kho ch\u1ee9a h\u00e0ng, kho ch\u1ee9a n\u00f4ng s\u1ea3n, t\u1ee7 c\u1ea5p \u0111\u00f4ng, kho ch\u1ee9a h\u1ea3i s\u1ea3n \u2026 \u00a0M\u00e1y c\u0169ng c\u00f3 ch\u1ebf \u0111\u1ed9 ti\u1ebft ki\u1ec7m pin t\u1ef1 \u0111\u1ed9ng v\u00e0 \u0111\u1ed9 b\u1ec1n cao.\u00a0BENETECH\u00a0GM1361\u00a0cho k\u1ebft qu\u1ea3 c\u00f3 \u0111\u1ed9 ch\u00ednh x\u00e1c cao, \u0111\u1ed9 ph\u00e2n gi\u1ea3i cao v\u00e0 kh\u1ea3 n\u0103ng l\u1eb7p l\u1ea1i th\u1ea5p. M\u00e0n h\u00ecnh LCD v\u1edbi thi\u1ebft k\u1ebf \u00a0\u0111\u00e8n n\u1ec1n cho ph\u00e9p b\u1ea1n c\u00f3 \u0111\u01b0\u1ee3c d\u1eef li\u1ec7u m\u1ed9t c\u00e1ch d\u1ec5 d\u00e0ng v\u00e0 r\u00f5 r\u00e0ng ngay c\u1ea3 trong b\u00f3ng t\u1ed1i. T\u00ednh n\u0103ng c\u1ee7a GM1361: - Theo d\u00f5i nhi\u1ec7t \u0111\u1ed9 v\u00e0 \u0111\u1ed9 \u1ea9m m\u00f4i tr\u01b0\u1eddng, kho h\u00e0ng, x\u01b0\u1edfng s\u1ea3n xu\u1ea5t. - \u0110o nhi\u1ec7t \u0111\u1ed9 \u0111i\u1ec3m \u0111\u1ecdng s\u01b0\u01a1ng, \u0111\u1ed9 b\u1ea7u \u01b0\u1edbt v\u00e0 nhi\u1ec7t \u0111\u1ed9 bay h\u01a1i. - T\u1eaft m\u00e1y T\u1ef1 \u0111\u1ed9ng \/ th\u1ee7 c\u00f4ng - B\u00e1o d\u1ea5u hi\u1ec7u pin y\u1ebfu - N\u00fat Hold gi\u1eef d\u1eef li\u1ec7u - L\u1ef1a ch\u1ecdn \u2103 \/ \u2109  Th\u00f4ng tin chi ti\u1ebft s\u1ea3n ph\u1ea9m: - Nhi\u1ec7t \u0111\u1ed9 \u0111o: -10 \u2103 ~ 50 \u2103 (-30 \u2103 ~ 1000 \u2103 K-type) - \u0110\u1ed9 ch\u00ednh x\u00e1c nhi\u1ec7t \u0111\u1ed9 \u0111o: \u00b1 1 \u2103 ho\u1eb7c \u00b1 1.8 \u2109 - D\u1ea3i \u0111o \u0111\u1ed9 \u1ea9m: 5% RH ~ 98% RH - \u0110\u1ed9 ch\u00ednh x\u00e1c \u0111o \u0111\u1ed9 \u1ea9m: \u00b1 3% (30-95%); \u00b1 5% (10-30%) - \u0110\u1ea1i l\u01b0\u1ee3ng \u0111o \u2103 \/ \u2109 - \u0110\u1ed9 ph\u00e2n gi\u1ea3i nhi\u1ec7t \u0111\u1ed9: 0.1 \u2103 - \u0110\u1ed9 ph\u00e2n gi\u1ea3i \u0111\u1ed9 \u1ea9m: 0,1% RH - T\u1ed1c \u0111\u1ed9 l\u1ea5y m\u1eabu: 2.5 l\u1ea7n \/ sec - M\u00e0n h\u00ecnh k\u00e9p LCD hi\u1ec3n th\u1ecb nhi\u1ec7t \u0111\u1ed9 v\u00e0 \u0111\u1ed9 \u1ea9m - Ngu\u1ed3n \u0111i\u1ec7n d\u00f9ng pin - K\u00edch th\u01b0\u1edbc: 160 x 70 x 30mm[:]","og_url":"https:\/\/labochem.com.vn\/en\/s\u1ea3n ph\u1ea9m\/may-do-do-am-va-nhiet-do-model-gm1361\/","og_site_name":"C\u00f4ng ty TNHH LABOCHEM Vi\u1ec7t Nam","article_modified_time":"2020-05-16T09:02:42+00:00","og_image":[{"width":2289,"height":2502,"url":"https:\/\/labochem.com.vn\/wp-content\/uploads\/2020\/05\/GM1361-E.jpg","type":"image\/jpeg"}],"twitter_card":"summary_large_image","schema":{"@context":"https:\/\/schema.org","@graph":[{"@type":"WebPage","@id":"https:\/\/labochem.com.vn\/en\/s\u1ea3n ph\u1ea9m\/may-do-do-am-va-nhiet-do-model-gm1361\/","url":"https:\/\/labochem.com.vn\/en\/s\u1ea3n ph\u1ea9m\/may-do-do-am-va-nhiet-do-model-gm1361\/","name":"[:vi]M\u00c1Y \u0110O \u0110\u1ed8 \u1ea8M V\u00c0 NHI\u1ec6T \u0110\u1ed8 Model: GM1361[:] - C\u00f4ng ty TNHH LABOCHEM Vi\u1ec7t Nam","isPartOf":{"@id":"https:\/\/labochem.com.vn\/#website"},"primaryImageOfPage":{"@id":"https:\/\/labochem.com.vn\/en\/s\u1ea3n ph\u1ea9m\/may-do-do-am-va-nhiet-do-model-gm1361\/#primaryimage"},"image":{"@id":"https:\/\/labochem.com.vn\/en\/s\u1ea3n ph\u1ea9m\/may-do-do-am-va-nhiet-do-model-gm1361\/#primaryimage"},"thumbnailUrl":"https:\/\/labochem.com.vn\/wp-content\/uploads\/2020\/05\/GM1361-E.jpg","datePublished":"2020-05-06T02:00:06+00:00","dateModified":"2020-05-16T09:02:42+00:00","breadcrumb":{"@id":"https:\/\/labochem.com.vn\/en\/s\u1ea3n ph\u1ea9m\/may-do-do-am-va-nhiet-do-model-gm1361\/#breadcrumb"},"inLanguage":"en-US","potentialAction":[{"@type":"ReadAction","target":["https:\/\/labochem.com.vn\/en\/s\u1ea3n ph\u1ea9m\/may-do-do-am-va-nhiet-do-model-gm1361\/"]}]},{"@type":"ImageObject","inLanguage":"en-US","@id":"https:\/\/labochem.com.vn\/en\/s\u1ea3n ph\u1ea9m\/may-do-do-am-va-nhiet-do-model-gm1361\/#primaryimage","url":"https:\/\/labochem.com.vn\/wp-content\/uploads\/2020\/05\/GM1361-E.jpg","contentUrl":"https:\/\/labochem.com.vn\/wp-content\/uploads\/2020\/05\/GM1361-E.jpg","width":2289,"height":2502},{"@type":"BreadcrumbList","@id":"https:\/\/labochem.com.vn\/en\/s\u1ea3n ph\u1ea9m\/may-do-do-am-va-nhiet-do-model-gm1361\/#breadcrumb","itemListElement":[{"@type":"ListItem","position":1,"name":"Home","item":"https:\/\/labochem.com.vn\/"},{"@type":"ListItem","position":2,"name":"C\u1eeda h\u00e0ng","item":"https:\/\/labochem.com.vn\/mua\/"},{"@type":"ListItem","position":3,"name":"(Ti\u1ebfng Vi\u1ec7t) M\u00c1Y \u0110O \u0110\u1ed8 \u1ea8M V\u00c0 NHI\u1ec6T \u0110\u1ed8 Model: GM1361"}]},{"@type":"WebSite","@id":"https:\/\/labochem.com.vn\/#website","url":"https:\/\/labochem.com.vn\/","name":"C\u00f4ng ty TNHH LABOCHEM Vi\u1ec7t Nam","description":"M\u1ed9t trang web m\u1edbi s\u1eed d\u1ee5ng WordPress","potentialAction":[{"@type":"SearchAction","target":{"@type":"EntryPoint","urlTemplate":"https:\/\/labochem.com.vn\/?s={search_term_string}"},"query-input":"required name=search_term_string"}],"inLanguage":"en-US"}]}},"_links":{"self":[{"href":"https:\/\/labochem.com.vn\/en\/wp-json\/wp\/v2\/product\/177"}],"collection":[{"href":"https:\/\/labochem.com.vn\/en\/wp-json\/wp\/v2\/product"}],"about":[{"href":"https:\/\/labochem.com.vn\/en\/wp-json\/wp\/v2\/types\/product"}],"replies":[{"embeddable":true,"href":"https:\/\/labochem.com.vn\/en\/wp-json\/wp\/v2\/comments?post=177"}],"wp:featuredmedia":[{"embeddable":true,"href":"https:\/\/labochem.com.vn\/en\/wp-json\/wp\/v2\/media\/178"}],"wp:attachment":[{"href":"https:\/\/labochem.com.vn\/en\/wp-json\/wp\/v2\/media?parent=177"}],"wp:term":[{"taxonomy":"product_cat","embeddable":true,"href":"https:\/\/labochem.com.vn\/en\/wp-json\/wp\/v2\/product_cat?post=177"},{"taxonomy":"product_tag","embeddable":true,"href":"https:\/\/labochem.com.vn\/en\/wp-json\/wp\/v2\/product_tag?post=177"}],"curies":[{"name":"wp","href":"https:\/\/api.w.org\/{rel}","templated":true}]}}