{"id":175,"date":"2020-05-06T01:56:41","date_gmt":"2020-05-06T01:56:41","guid":{"rendered":"http:\/\/labochem.com.vn\/?post_type=product&#038;p=175"},"modified":"2020-05-16T09:32:12","modified_gmt":"2020-05-16T09:32:12","slug":"may-do-toc-do-gio-model-gm8908","status":"publish","type":"product","link":"https:\/\/labochem.com.vn\/en\/s\u1ea3n ph\u1ea9m\/may-do-toc-do-gio-model-gm8908\/","title":{"rendered":"(Ti\u1ebfng Vi\u1ec7t) M\u00c1Y \u0110O T\u1ed0C \u0110\u1ed8 GI\u00d3  Model: GM8908"},"content":{"rendered":"","protected":false},"excerpt":{"rendered":"<p class=\"qtranxs-available-languages-message qtranxs-available-languages-message-en\">Sorry, this entry is only available in <a href=\"https:\/\/labochem.com.vn\/vi\/wp-json\/wp\/v2\/product\/175\" class=\"qtranxs-available-language-link qtranxs-available-language-link-vi\" title=\"Ti\u1ebfng Vi\u1ec7t\">Ti\u1ebfng Vi\u1ec7t<\/a>.<\/p>\n","protected":false},"featured_media":176,"comment_status":"open","ping_status":"closed","template":"","meta":[],"product_cat":[36],"product_tag":[49],"yoast_head":"<!-- This site is optimized with the Yoast SEO plugin v22.6 - https:\/\/yoast.com\/wordpress\/plugins\/seo\/ -->\n<title><\/title>\n<meta name=\"robots\" content=\"index, follow, max-snippet:-1, max-image-preview:large, max-video-preview:-1\" \/>\n<link rel=\"canonical\" href=\"https:\/\/labochem.com.vn\/en\/s\u1ea3n%20ph\u1ea9m\/may-do-toc-do-gio-model-gm8908\/\" \/>\n<meta property=\"og:locale\" content=\"en_US\" \/>\n<meta property=\"og:type\" content=\"article\" \/>\n<meta property=\"og:title\" content=\"[:vi]M\u00c1Y \u0110O T\u1ed0C \u0110\u1ed8 GI\u00d3 Model: GM8908[:] - C\u00f4ng ty TNHH LABOCHEM Vi\u1ec7t Nam\" \/>\n<meta property=\"og:description\" content=\"[:vi]M\u00c1Y \u0110O T\u1ed0C \u0110\u1ed8 GI\u00d3  Model: GM8908  M\u00e1y \u0111o t\u1ed1c \u0111\u1ed9 gi\u00f3 GM8908\u00a0l\u00e0 m\u1ed9t thi\u1ebft b\u1ecb \u0111o t\u1ed1c \u0111\u1ed9 gi\u00f3 c\u1ea7m tay ti\u1ec7n d\u1ee5ng. T\u00ednh n\u0103ng ch\u00ednh c\u1ee7a m\u00e1y l\u00e0 \u0111o nhi\u1ec7t \u0111\u1ed9 kh\u00f4ng kh\u00ed trung b\u00ecnh, \u0111o t\u1ed1c \u0111\u1ed9 gi\u00f3, m\u00f4 ph\u1ecfng ph\u1ea3n \u1ee9ng c\u1ee7a gi\u00f3.  Th\u00f4ng s\u1ed1 k\u1ef9 thu\u1eadt  C\u00e1c gi\u00e1 tr\u1ecb \u0111o: v\u1eadn t\u1ed1c kh\u00f4ng kh\u00ed, nhi\u1ec7t \u0111\u1ed9 kh\u00f4ng kh\u00ed  D\u1ea3i \u0111o v\u1eadn t\u1ed1c kh\u00f4ng kh\u00ed: 0.7 ~ 30m \/ s, 0 ~ 90km \/ h, 0 ~ 5860ft \/ min, 0 ~ 55knots, 0 ~ 65mph (\u00b1 5%)  D\u1ea3i do nhi\u1ec7t \u0111\u1ed9 kh\u00f4ng kh\u00ed: -10 ~ 45 \u00ba C, 14 ~ 113\u00ba F (\u00b1 2\u00ba C)  \u0110\u1ed9 ph\u00e2n gi\u1ea3i: 0.2\u00ba C, 0.2m \/ s  M\u00e0n h\u00ecnh: LCD  C\u1ea3m bi\u1ebfn v\u1eadn t\u1ed1c kh\u00f4ng kh\u00ed: c\u00e1nh qu\u1ea1t nh\u1ef1a, c\u1ea3m \u1ee9ng t\u1eeb  C\u1ea3m bi\u1ebfn nhi\u1ec7t \u0111\u1ed9: nhi\u1ec7t k\u1ebf NTC  B\u00e1o khi pin y\u1ebfu  T\u1ef1 \u0111\u1ed9ng ng\u1eaft \u0111i\u1ec7n: 14 ph\u00fat m\u00e0 kh\u00f4ng c\u00f3 b\u1ea5t k\u1ef3 ho\u1ea1t \u0111\u1ed9ng  Ngu\u1ed3n \u0111i\u1ec7n d\u00f9ng pin  K\u00edch th\u01b0\u1edbc: 104x57.8x20mm  Tr\u1ecdng l\u01b0\u1ee3ng: 59g (bao g\u1ed3m c\u1ea3 pin)[:]\" \/>\n<meta property=\"og:url\" content=\"https:\/\/labochem.com.vn\/en\/s\u1ea3n ph\u1ea9m\/may-do-toc-do-gio-model-gm8908\/\" \/>\n<meta property=\"og:site_name\" content=\"C\u00f4ng ty TNHH LABOCHEM Vi\u1ec7t Nam\" \/>\n<meta property=\"article:modified_time\" content=\"2020-05-16T09:32:12+00:00\" \/>\n<meta property=\"og:image\" content=\"https:\/\/labochem.com.vn\/wp-content\/uploads\/2020\/05\/GM8908-E.jpg\" \/>\n\t<meta property=\"og:image:width\" content=\"732\" \/>\n\t<meta property=\"og:image:height\" content=\"800\" \/>\n\t<meta property=\"og:image:type\" content=\"image\/jpeg\" \/>\n<meta name=\"twitter:card\" content=\"summary_large_image\" \/>\n<script type=\"application\/ld+json\" class=\"yoast-schema-graph\">{\"@context\":\"https:\/\/schema.org\",\"@graph\":[{\"@type\":\"WebPage\",\"@id\":\"https:\/\/labochem.com.vn\/en\/s\u1ea3n ph\u1ea9m\/may-do-toc-do-gio-model-gm8908\/\",\"url\":\"https:\/\/labochem.com.vn\/en\/s\u1ea3n ph\u1ea9m\/may-do-toc-do-gio-model-gm8908\/\",\"name\":\"[:vi]M\u00c1Y \u0110O T\u1ed0C \u0110\u1ed8 GI\u00d3 Model: GM8908[:] - C\u00f4ng ty TNHH LABOCHEM Vi\u1ec7t Nam\",\"isPartOf\":{\"@id\":\"https:\/\/labochem.com.vn\/#website\"},\"primaryImageOfPage\":{\"@id\":\"https:\/\/labochem.com.vn\/en\/s\u1ea3n ph\u1ea9m\/may-do-toc-do-gio-model-gm8908\/#primaryimage\"},\"image\":{\"@id\":\"https:\/\/labochem.com.vn\/en\/s\u1ea3n ph\u1ea9m\/may-do-toc-do-gio-model-gm8908\/#primaryimage\"},\"thumbnailUrl\":\"https:\/\/labochem.com.vn\/wp-content\/uploads\/2020\/05\/GM8908-E.jpg\",\"datePublished\":\"2020-05-06T01:56:41+00:00\",\"dateModified\":\"2020-05-16T09:32:12+00:00\",\"breadcrumb\":{\"@id\":\"https:\/\/labochem.com.vn\/en\/s\u1ea3n ph\u1ea9m\/may-do-toc-do-gio-model-gm8908\/#breadcrumb\"},\"inLanguage\":\"en-US\",\"potentialAction\":[{\"@type\":\"ReadAction\",\"target\":[\"https:\/\/labochem.com.vn\/en\/s\u1ea3n ph\u1ea9m\/may-do-toc-do-gio-model-gm8908\/\"]}]},{\"@type\":\"ImageObject\",\"inLanguage\":\"en-US\",\"@id\":\"https:\/\/labochem.com.vn\/en\/s\u1ea3n ph\u1ea9m\/may-do-toc-do-gio-model-gm8908\/#primaryimage\",\"url\":\"https:\/\/labochem.com.vn\/wp-content\/uploads\/2020\/05\/GM8908-E.jpg\",\"contentUrl\":\"https:\/\/labochem.com.vn\/wp-content\/uploads\/2020\/05\/GM8908-E.jpg\",\"width\":732,\"height\":800},{\"@type\":\"BreadcrumbList\",\"@id\":\"https:\/\/labochem.com.vn\/en\/s\u1ea3n ph\u1ea9m\/may-do-toc-do-gio-model-gm8908\/#breadcrumb\",\"itemListElement\":[{\"@type\":\"ListItem\",\"position\":1,\"name\":\"Home\",\"item\":\"https:\/\/labochem.com.vn\/\"},{\"@type\":\"ListItem\",\"position\":2,\"name\":\"C\u1eeda h\u00e0ng\",\"item\":\"https:\/\/labochem.com.vn\/mua\/\"},{\"@type\":\"ListItem\",\"position\":3,\"name\":\"(Ti\u1ebfng Vi\u1ec7t) M\u00c1Y \u0110O T\u1ed0C \u0110\u1ed8 GI\u00d3 Model: GM8908\"}]},{\"@type\":\"WebSite\",\"@id\":\"https:\/\/labochem.com.vn\/#website\",\"url\":\"https:\/\/labochem.com.vn\/\",\"name\":\"C\u00f4ng ty TNHH LABOCHEM Vi\u1ec7t Nam\",\"description\":\"M\u1ed9t trang web m\u1edbi s\u1eed d\u1ee5ng WordPress\",\"potentialAction\":[{\"@type\":\"SearchAction\",\"target\":{\"@type\":\"EntryPoint\",\"urlTemplate\":\"https:\/\/labochem.com.vn\/?s={search_term_string}\"},\"query-input\":\"required name=search_term_string\"}],\"inLanguage\":\"en-US\"}]}<\/script>\n<!-- \/ Yoast SEO plugin. -->","yoast_head_json":{"title":"[:vi]M\u00c1Y \u0110O T\u1ed0C \u0110\u1ed8 GI\u00d3 Model: GM8908[:] - C\u00f4ng ty TNHH LABOCHEM Vi\u1ec7t Nam","robots":{"index":"index","follow":"follow","max-snippet":"max-snippet:-1","max-image-preview":"max-image-preview:large","max-video-preview":"max-video-preview:-1"},"canonical":"https:\/\/labochem.com.vn\/en\/s\u1ea3n ph\u1ea9m\/may-do-toc-do-gio-model-gm8908\/","og_locale":"en_US","og_type":"article","og_title":"[:vi]M\u00c1Y \u0110O T\u1ed0C \u0110\u1ed8 GI\u00d3 Model: GM8908[:] - C\u00f4ng ty TNHH LABOCHEM Vi\u1ec7t Nam","og_description":"[:vi]M\u00c1Y \u0110O T\u1ed0C \u0110\u1ed8 GI\u00d3  Model: GM8908  M\u00e1y \u0111o t\u1ed1c \u0111\u1ed9 gi\u00f3 GM8908\u00a0l\u00e0 m\u1ed9t thi\u1ebft b\u1ecb \u0111o t\u1ed1c \u0111\u1ed9 gi\u00f3 c\u1ea7m tay ti\u1ec7n d\u1ee5ng. T\u00ednh n\u0103ng ch\u00ednh c\u1ee7a m\u00e1y l\u00e0 \u0111o nhi\u1ec7t \u0111\u1ed9 kh\u00f4ng kh\u00ed trung b\u00ecnh, \u0111o t\u1ed1c \u0111\u1ed9 gi\u00f3, m\u00f4 ph\u1ecfng ph\u1ea3n \u1ee9ng c\u1ee7a gi\u00f3.  Th\u00f4ng s\u1ed1 k\u1ef9 thu\u1eadt  C\u00e1c gi\u00e1 tr\u1ecb \u0111o: v\u1eadn t\u1ed1c kh\u00f4ng kh\u00ed, nhi\u1ec7t \u0111\u1ed9 kh\u00f4ng kh\u00ed  D\u1ea3i \u0111o v\u1eadn t\u1ed1c kh\u00f4ng kh\u00ed: 0.7 ~ 30m \/ s, 0 ~ 90km \/ h, 0 ~ 5860ft \/ min, 0 ~ 55knots, 0 ~ 65mph (\u00b1 5%)  D\u1ea3i do nhi\u1ec7t \u0111\u1ed9 kh\u00f4ng kh\u00ed: -10 ~ 45 \u00ba C, 14 ~ 113\u00ba F (\u00b1 2\u00ba C)  \u0110\u1ed9 ph\u00e2n gi\u1ea3i: 0.2\u00ba C, 0.2m \/ s  M\u00e0n h\u00ecnh: LCD  C\u1ea3m bi\u1ebfn v\u1eadn t\u1ed1c kh\u00f4ng kh\u00ed: c\u00e1nh qu\u1ea1t nh\u1ef1a, c\u1ea3m \u1ee9ng t\u1eeb  C\u1ea3m bi\u1ebfn nhi\u1ec7t \u0111\u1ed9: nhi\u1ec7t k\u1ebf NTC  B\u00e1o khi pin y\u1ebfu  T\u1ef1 \u0111\u1ed9ng ng\u1eaft \u0111i\u1ec7n: 14 ph\u00fat m\u00e0 kh\u00f4ng c\u00f3 b\u1ea5t k\u1ef3 ho\u1ea1t \u0111\u1ed9ng  Ngu\u1ed3n \u0111i\u1ec7n d\u00f9ng pin  K\u00edch th\u01b0\u1edbc: 104x57.8x20mm  Tr\u1ecdng l\u01b0\u1ee3ng: 59g (bao g\u1ed3m c\u1ea3 pin)[:]","og_url":"https:\/\/labochem.com.vn\/en\/s\u1ea3n ph\u1ea9m\/may-do-toc-do-gio-model-gm8908\/","og_site_name":"C\u00f4ng ty TNHH LABOCHEM Vi\u1ec7t Nam","article_modified_time":"2020-05-16T09:32:12+00:00","og_image":[{"width":732,"height":800,"url":"https:\/\/labochem.com.vn\/wp-content\/uploads\/2020\/05\/GM8908-E.jpg","type":"image\/jpeg"}],"twitter_card":"summary_large_image","schema":{"@context":"https:\/\/schema.org","@graph":[{"@type":"WebPage","@id":"https:\/\/labochem.com.vn\/en\/s\u1ea3n ph\u1ea9m\/may-do-toc-do-gio-model-gm8908\/","url":"https:\/\/labochem.com.vn\/en\/s\u1ea3n ph\u1ea9m\/may-do-toc-do-gio-model-gm8908\/","name":"[:vi]M\u00c1Y \u0110O T\u1ed0C \u0110\u1ed8 GI\u00d3 Model: GM8908[:] - C\u00f4ng ty TNHH LABOCHEM Vi\u1ec7t Nam","isPartOf":{"@id":"https:\/\/labochem.com.vn\/#website"},"primaryImageOfPage":{"@id":"https:\/\/labochem.com.vn\/en\/s\u1ea3n ph\u1ea9m\/may-do-toc-do-gio-model-gm8908\/#primaryimage"},"image":{"@id":"https:\/\/labochem.com.vn\/en\/s\u1ea3n ph\u1ea9m\/may-do-toc-do-gio-model-gm8908\/#primaryimage"},"thumbnailUrl":"https:\/\/labochem.com.vn\/wp-content\/uploads\/2020\/05\/GM8908-E.jpg","datePublished":"2020-05-06T01:56:41+00:00","dateModified":"2020-05-16T09:32:12+00:00","breadcrumb":{"@id":"https:\/\/labochem.com.vn\/en\/s\u1ea3n ph\u1ea9m\/may-do-toc-do-gio-model-gm8908\/#breadcrumb"},"inLanguage":"en-US","potentialAction":[{"@type":"ReadAction","target":["https:\/\/labochem.com.vn\/en\/s\u1ea3n ph\u1ea9m\/may-do-toc-do-gio-model-gm8908\/"]}]},{"@type":"ImageObject","inLanguage":"en-US","@id":"https:\/\/labochem.com.vn\/en\/s\u1ea3n ph\u1ea9m\/may-do-toc-do-gio-model-gm8908\/#primaryimage","url":"https:\/\/labochem.com.vn\/wp-content\/uploads\/2020\/05\/GM8908-E.jpg","contentUrl":"https:\/\/labochem.com.vn\/wp-content\/uploads\/2020\/05\/GM8908-E.jpg","width":732,"height":800},{"@type":"BreadcrumbList","@id":"https:\/\/labochem.com.vn\/en\/s\u1ea3n ph\u1ea9m\/may-do-toc-do-gio-model-gm8908\/#breadcrumb","itemListElement":[{"@type":"ListItem","position":1,"name":"Home","item":"https:\/\/labochem.com.vn\/"},{"@type":"ListItem","position":2,"name":"C\u1eeda h\u00e0ng","item":"https:\/\/labochem.com.vn\/mua\/"},{"@type":"ListItem","position":3,"name":"(Ti\u1ebfng Vi\u1ec7t) M\u00c1Y \u0110O T\u1ed0C \u0110\u1ed8 GI\u00d3 Model: GM8908"}]},{"@type":"WebSite","@id":"https:\/\/labochem.com.vn\/#website","url":"https:\/\/labochem.com.vn\/","name":"C\u00f4ng ty TNHH LABOCHEM Vi\u1ec7t Nam","description":"M\u1ed9t trang web m\u1edbi s\u1eed d\u1ee5ng WordPress","potentialAction":[{"@type":"SearchAction","target":{"@type":"EntryPoint","urlTemplate":"https:\/\/labochem.com.vn\/?s={search_term_string}"},"query-input":"required name=search_term_string"}],"inLanguage":"en-US"}]}},"_links":{"self":[{"href":"https:\/\/labochem.com.vn\/en\/wp-json\/wp\/v2\/product\/175"}],"collection":[{"href":"https:\/\/labochem.com.vn\/en\/wp-json\/wp\/v2\/product"}],"about":[{"href":"https:\/\/labochem.com.vn\/en\/wp-json\/wp\/v2\/types\/product"}],"replies":[{"embeddable":true,"href":"https:\/\/labochem.com.vn\/en\/wp-json\/wp\/v2\/comments?post=175"}],"wp:featuredmedia":[{"embeddable":true,"href":"https:\/\/labochem.com.vn\/en\/wp-json\/wp\/v2\/media\/176"}],"wp:attachment":[{"href":"https:\/\/labochem.com.vn\/en\/wp-json\/wp\/v2\/media?parent=175"}],"wp:term":[{"taxonomy":"product_cat","embeddable":true,"href":"https:\/\/labochem.com.vn\/en\/wp-json\/wp\/v2\/product_cat?post=175"},{"taxonomy":"product_tag","embeddable":true,"href":"https:\/\/labochem.com.vn\/en\/wp-json\/wp\/v2\/product_tag?post=175"}],"curies":[{"name":"wp","href":"https:\/\/api.w.org\/{rel}","templated":true}]}}