{"id":173,"date":"2020-05-06T01:54:57","date_gmt":"2020-05-06T01:54:57","guid":{"rendered":"http:\/\/labochem.com.vn\/?post_type=product&#038;p=173"},"modified":"2020-05-16T09:42:04","modified_gmt":"2020-05-16T09:42:04","slug":"may-do-toc-do-gio-model-gm8901","status":"publish","type":"product","link":"https:\/\/labochem.com.vn\/en\/s\u1ea3n ph\u1ea9m\/may-do-toc-do-gio-model-gm8901\/","title":{"rendered":"(Ti\u1ebfng Vi\u1ec7t) M\u00c1Y \u0110O T\u1ed0C \u0110\u1ed8 GI\u00d3  Model: GM8901"},"content":{"rendered":"","protected":false},"excerpt":{"rendered":"<p class=\"qtranxs-available-languages-message qtranxs-available-languages-message-en\">Sorry, this entry is only available in <a href=\"https:\/\/labochem.com.vn\/vi\/wp-json\/wp\/v2\/product\/173\" class=\"qtranxs-available-language-link qtranxs-available-language-link-vi\" title=\"Ti\u1ebfng Vi\u1ec7t\">Ti\u1ebfng Vi\u1ec7t<\/a>.<\/p>\n","protected":false},"featured_media":174,"comment_status":"open","ping_status":"closed","template":"","meta":[],"product_cat":[36],"product_tag":[48],"yoast_head":"<!-- This site is optimized with the Yoast SEO plugin v22.6 - https:\/\/yoast.com\/wordpress\/plugins\/seo\/ -->\n<title><\/title>\n<meta name=\"robots\" content=\"index, follow, max-snippet:-1, max-image-preview:large, max-video-preview:-1\" \/>\n<link rel=\"canonical\" href=\"https:\/\/labochem.com.vn\/en\/s\u1ea3n%20ph\u1ea9m\/may-do-toc-do-gio-model-gm8901\/\" \/>\n<meta property=\"og:locale\" content=\"en_US\" \/>\n<meta property=\"og:type\" content=\"article\" \/>\n<meta property=\"og:title\" content=\"[:vi]M\u00c1Y \u0110O T\u1ed0C \u0110\u1ed8 GI\u00d3 Model: GM8901[:] - C\u00f4ng ty TNHH LABOCHEM Vi\u1ec7t Nam\" \/>\n<meta property=\"og:description\" content=\"[:vi]M\u00c1Y \u0110O T\u1ed0C \u0110\u1ed8 GI\u00d3  Model: GM8901  M\u00e1y \u0111o v\u1eadn t\u1ed1c gi\u00f3 v\u00e0 nhi\u1ec7t \u0111\u1ed9 kh\u00f4ng kh\u00ed Benetech GM8901\u00a0S\u1eed d\u1ee5ng m\u1ed9t m\u00e0n h\u00ecnh LCD l\u1edbn, v\u1edbi \u0111\u00e8n n\u1ec1n m\u00e0u tr\u1eafng l\u00e0 d\u1ec5 d\u00e0ng h\u01a1n \u0111\u1ec3 \u0111\u1ecdc d\u1eef li\u1ec7u ngay c\u1ea3 trong \u0111i\u1ec1u ki\u1ec7n \u00e1nh s\u00e1ng k\u00e9m. Thi\u1ebft k\u1ebf v\u1edbi k\u00edch th\u01b0\u1edbc 45 x 72 x 35mm, tr\u1ecdng l\u01b0\u1ee3ng ch\u1ec9 275g bao g\u1ed3m c\u1ea3 pin nh\u1ecf g\u1ecdn v\u00e0 ho\u1ea1t \u0111\u1ed9ng \u0111\u01a1n gi\u1ea3n, ph\u1ea3n \u1ee9ng nhanh ch\u00f3ng v\u00e0 \u0111o l\u01b0\u1eddng ch\u00ednh x\u00e1c c\u1ee7a c\u00e1c th\u00f4ng s\u1ed1 kh\u00ed t\u01b0\u1ee3ng. Benetech GM8901\u00a0\u0110\u01b0\u1ee3c s\u1eed d\u1ee5ng r\u1ed9ng r\u00e3i trong h\u1ec7 th\u1ed1ng s\u01b0\u1edfi, th\u00f4ng gi\u00f3, \u0111i\u1ec1u h\u00f2a kh\u00f4ng kh\u00ed, kh\u00ed t\u01b0\u1ee3ng n\u00f4ng nghi\u1ec7p, l\u1ea1nh, kh\u00f4, kh\u1ea3o s\u00e1t s\u1ee9c kh\u1ecfe lao \u0111\u1ed9ng, vv . \u0110\u1ec3 \u0111o v\u1eadn t\u1ed1c kh\u00f4ng kh\u00ed trong nh\u00e0 \/ ngo\u00e0i tr\u1eddi. N\u00f3 th\u1ef1c s\u1ef1 l\u00e0 m\u1ed9t c\u00f4ng c\u1ee5 c\u1ea7n thi\u1ebft!  M\u00e1y \u0111o t\u1ed1c \u0111\u1ed9 gi\u00f3 Benetech GM8901\u00a0l\u00e0 m\u1ed9t c\u00f4ng c\u1ee5 l\u00fd t\u01b0\u1edfng cho l\u01b0\u1edbt v\u00e1n, ch\u00e8o thuy\u1ec1n, c\u00e2u c\u00e1, th\u1ea3 di\u1ec1u v\u00e0 leo n\u00fai. Ngo\u00e0i rabB\u1ea1n c\u0169ng c\u00f3 th\u1ec3 s\u1eed d\u1ee5ng n\u00f3 cho m\u1ee5c \u0111\u00edch c\u00f4ng nghi\u1ec7p v\u00e0 gia d\u1ee5ng nh\u01b0 \u0111o t\u1ed1c \u0111\u1ed9 gi\u00f3 v\u00e0 nhi\u1ec7t \u0111\u1ed9 c\u1ee7a CPU qu\u1ea1t vi t\u00ednh, m\u00e1y l\u1ea1nh, m\u00e1y th\u1ed5i kh\u00ed, vv.... GM816A k\u1ef9 thu\u1eadt s\u1ed1 \u0111o t\u1ed1c \u0111\u1ed9 gi\u00f3 th\u00f4ng qua chip ti\u00eau th\u1ee5 \u0111i\u1ec7n n\u0103ng m\u1edbi v\u00e0 th\u1ea5p c\u00f9ng v\u1edbi s\u00e1ng t\u1ea1o v\u00e0 khoa h\u1ecdc thi\u1ebft k\u1ebf, v\u00e0 sau \u0111\u00f3 \u0111\u1ea1t \u0111\u01b0\u1ee3c \u0111\u1ed9 ch\u00ednh x\u00e1c cao, \u0111\u1ed9 \u1ed5n \u0111\u1ecbnh cao. T\u00ednh n\u0103ng v\u00e0 \u0111\u1eb7c \u0111i\u1ec3m n\u1ed5i b\u1eadt    C\u1ea3m bi\u1ebfn \u00e1p su\u1ea5t ch\u00ednh x\u00e1c .High  \u0110o t\u1ed1c \u0111\u1ed9 gi\u00f3 v\u00e0 nhi\u1ec7t \u0111\u1ed9 kh\u00f4ng kh\u00ed  \u0110o t\u1ed1c \u0111\u1ed9 Maximum, minmum v\u00e0 trung b\u00ecnh  D\u1ea3i \u0111o t\u1ed1c \u0111\u1ed9 gi\u00f3 l\u00e0 0-45 m \/ s  L\u1ef1a ch\u1ecdn .Celsius \/ Fahrenheit  Gi\u1eef gi\u00e1 tr\u1ecb \u0111o  Barcode Ch\u1ec9 ra t\u1ed1c \u0111\u1ed9 kh\u00f4ng kh\u00ed  M\u00e0n h\u00ecnh LCD d\u1ec5 \u0111\u1ecdc v\u1edbi \u0111\u00e8n n\u1ec1n  5 \u0111\u01a1n v\u1ecb \u0111o v\u1eadn t\u1ed1c kh\u00f4ng kh\u00ed: M \/ s, Km \/ h, Ft \/ ph\u00fat, Knots, MPH  D\u1ea5u hi\u1ec7u pin y\u1ebfu  T\u1ef1 \u0111\u1ed9ng hay t\u1eaft m\u00e1y b\u1eb1ng tay.  D\u1ec5 d\u00e1ng s\u1eed d\u1ee5ng  Ho\u1ea1t \u0111\u1ed9ng b\u1edfi m\u1ed9t pin 9V, r\u1ea5t ti\u1ebft ki\u1ec7m n\u0103ng l\u01b0\u1ee3ng  M\u00e1y \u0111o t\u1ed1c \u0111\u1ed9 gi\u00f3 Benetech GM8901 c\u00f3 nh\u1eefng th\u00f4ng s\u1ed1 nh\u01b0 sau    T\u00ean s\u1ea3n ph\u1ea9m \u00a0M\u00e1y \u0111o t\u1ed1c \u0111\u1ed9 gi\u00f3, nhi\u1ec7t \u0111\u1ed9 kh\u00f4ng kh\u00ed   Model \u00a0Benetech GM8901   H\u00e3ng s\u1ea3n xu\u1ea5t \u00a0Benetech   Xu\u1ea5t x\u1ee9 \u00a0Trung Qu\u1ed1c   C\u00e1c gi\u00e1 tr\u1ecb \u0111o:\u00a0 \u00a0v\u1eadn t\u1ed1c kh\u00f4ng kh\u00ed, \u00a0nhi\u1ec7t \u0111\u1ed9 kh\u00f4ng kh\u00ed   D\u1ea3i \u0111o v\u1eadn t\u1ed1c kh\u00f4ng kh\u00ed:\u00a0 \u00a00.5 ~ 45 m \/ s, 0 ~ 140 km \/ h, \u00a00 ~ 8800 Ft \/ ph\u00fat, \u00a00 ~ 88Knots, \u00a00 ~ 100 mph \u00a0\u0110\u1ed9 ch\u00ednh x\u00e1c: \u00b1 3%   D\u1ea3i \u0111o nhi\u1ec7t \u0111\u1ed9 kh\u00f4ng kh\u00ed:\u00a0 \u00a00 ~ 45\u00baC, \u00a032 ~ 113\u00baF \u00a0\u0110\u1ed9 ch\u00ednh x\u00e1c \u00b1 2\u00baC   \u0110\u1ed9 ph\u00e2n gi\u1ea3i:\u00a0 \u00a00.2\u00ba C, 0.1m \/ s   C\u1ea3m bi\u1ebfn v\u1eadn t\u1ed1c kh\u00f4ng kh\u00ed:\u00a0 \u00a0c\u00e1nh qu\u1ea1t nh\u1ef1a, c\u1ea3m \u1ee9ng t\u1eeb   C\u1ea3m bi\u1ebfn nhi\u1ec7t \u0111\u1ed9:\u00a0 \u00a0nhi\u1ec7t k\u1ebf NTC   T\u1ef1 \u0111\u1ed9ng ng\u1eaft \u0111i\u1ec7n:\u00a0 \u00a014 ph\u00fat m\u00e0 kh\u00f4ng c\u00f3 b\u1ea5t k\u1ef3 ho\u1ea1t \u0111\u1ed9ng n\u00e0o   M\u00e0n h\u00ecnh:\u00a0 \u00a0LCD   Ngu\u1ed3n \u0111i\u1ec7n\u00a0 \u00a0d\u00f9ng pin   K\u00edch th\u01b0\u1edbc (mm) \u00a045 x 72 x 35mm   Tr\u1ecdng l\u01b0\u1ee3ng:\u00a0 \u00a0275g (bao g\u1ed3m c\u1ea3 pin)   B\u1ea3o h\u00e0nh \u00a06 th\u00e1ng   [:]\" \/>\n<meta property=\"og:url\" content=\"https:\/\/labochem.com.vn\/en\/s\u1ea3n ph\u1ea9m\/may-do-toc-do-gio-model-gm8901\/\" \/>\n<meta property=\"og:site_name\" content=\"C\u00f4ng ty TNHH LABOCHEM Vi\u1ec7t Nam\" \/>\n<meta property=\"article:modified_time\" content=\"2020-05-16T09:42:04+00:00\" \/>\n<meta property=\"og:image\" content=\"https:\/\/labochem.com.vn\/wp-content\/uploads\/2020\/05\/GM8901-E.jpg\" \/>\n\t<meta property=\"og:image:width\" content=\"732\" \/>\n\t<meta property=\"og:image:height\" content=\"800\" \/>\n\t<meta property=\"og:image:type\" content=\"image\/jpeg\" \/>\n<meta name=\"twitter:card\" content=\"summary_large_image\" \/>\n<script type=\"application\/ld+json\" class=\"yoast-schema-graph\">{\"@context\":\"https:\/\/schema.org\",\"@graph\":[{\"@type\":\"WebPage\",\"@id\":\"https:\/\/labochem.com.vn\/en\/s\u1ea3n ph\u1ea9m\/may-do-toc-do-gio-model-gm8901\/\",\"url\":\"https:\/\/labochem.com.vn\/en\/s\u1ea3n ph\u1ea9m\/may-do-toc-do-gio-model-gm8901\/\",\"name\":\"[:vi]M\u00c1Y \u0110O T\u1ed0C \u0110\u1ed8 GI\u00d3 Model: GM8901[:] - C\u00f4ng ty TNHH LABOCHEM Vi\u1ec7t Nam\",\"isPartOf\":{\"@id\":\"https:\/\/labochem.com.vn\/#website\"},\"primaryImageOfPage\":{\"@id\":\"https:\/\/labochem.com.vn\/en\/s\u1ea3n ph\u1ea9m\/may-do-toc-do-gio-model-gm8901\/#primaryimage\"},\"image\":{\"@id\":\"https:\/\/labochem.com.vn\/en\/s\u1ea3n ph\u1ea9m\/may-do-toc-do-gio-model-gm8901\/#primaryimage\"},\"thumbnailUrl\":\"https:\/\/labochem.com.vn\/wp-content\/uploads\/2020\/05\/GM8901-E.jpg\",\"datePublished\":\"2020-05-06T01:54:57+00:00\",\"dateModified\":\"2020-05-16T09:42:04+00:00\",\"breadcrumb\":{\"@id\":\"https:\/\/labochem.com.vn\/en\/s\u1ea3n ph\u1ea9m\/may-do-toc-do-gio-model-gm8901\/#breadcrumb\"},\"inLanguage\":\"en-US\",\"potentialAction\":[{\"@type\":\"ReadAction\",\"target\":[\"https:\/\/labochem.com.vn\/en\/s\u1ea3n ph\u1ea9m\/may-do-toc-do-gio-model-gm8901\/\"]}]},{\"@type\":\"ImageObject\",\"inLanguage\":\"en-US\",\"@id\":\"https:\/\/labochem.com.vn\/en\/s\u1ea3n ph\u1ea9m\/may-do-toc-do-gio-model-gm8901\/#primaryimage\",\"url\":\"https:\/\/labochem.com.vn\/wp-content\/uploads\/2020\/05\/GM8901-E.jpg\",\"contentUrl\":\"https:\/\/labochem.com.vn\/wp-content\/uploads\/2020\/05\/GM8901-E.jpg\",\"width\":732,\"height\":800},{\"@type\":\"BreadcrumbList\",\"@id\":\"https:\/\/labochem.com.vn\/en\/s\u1ea3n ph\u1ea9m\/may-do-toc-do-gio-model-gm8901\/#breadcrumb\",\"itemListElement\":[{\"@type\":\"ListItem\",\"position\":1,\"name\":\"Home\",\"item\":\"https:\/\/labochem.com.vn\/\"},{\"@type\":\"ListItem\",\"position\":2,\"name\":\"C\u1eeda h\u00e0ng\",\"item\":\"https:\/\/labochem.com.vn\/mua\/\"},{\"@type\":\"ListItem\",\"position\":3,\"name\":\"(Ti\u1ebfng Vi\u1ec7t) M\u00c1Y \u0110O T\u1ed0C \u0110\u1ed8 GI\u00d3 Model: GM8901\"}]},{\"@type\":\"WebSite\",\"@id\":\"https:\/\/labochem.com.vn\/#website\",\"url\":\"https:\/\/labochem.com.vn\/\",\"name\":\"C\u00f4ng ty TNHH LABOCHEM Vi\u1ec7t Nam\",\"description\":\"M\u1ed9t trang web m\u1edbi s\u1eed d\u1ee5ng WordPress\",\"potentialAction\":[{\"@type\":\"SearchAction\",\"target\":{\"@type\":\"EntryPoint\",\"urlTemplate\":\"https:\/\/labochem.com.vn\/?s={search_term_string}\"},\"query-input\":\"required name=search_term_string\"}],\"inLanguage\":\"en-US\"}]}<\/script>\n<!-- \/ Yoast SEO plugin. -->","yoast_head_json":{"title":"[:vi]M\u00c1Y \u0110O T\u1ed0C \u0110\u1ed8 GI\u00d3 Model: GM8901[:] - C\u00f4ng ty TNHH LABOCHEM Vi\u1ec7t Nam","robots":{"index":"index","follow":"follow","max-snippet":"max-snippet:-1","max-image-preview":"max-image-preview:large","max-video-preview":"max-video-preview:-1"},"canonical":"https:\/\/labochem.com.vn\/en\/s\u1ea3n ph\u1ea9m\/may-do-toc-do-gio-model-gm8901\/","og_locale":"en_US","og_type":"article","og_title":"[:vi]M\u00c1Y \u0110O T\u1ed0C \u0110\u1ed8 GI\u00d3 Model: GM8901[:] - C\u00f4ng ty TNHH LABOCHEM Vi\u1ec7t Nam","og_description":"[:vi]M\u00c1Y \u0110O T\u1ed0C \u0110\u1ed8 GI\u00d3  Model: GM8901  M\u00e1y \u0111o v\u1eadn t\u1ed1c gi\u00f3 v\u00e0 nhi\u1ec7t \u0111\u1ed9 kh\u00f4ng kh\u00ed Benetech GM8901\u00a0S\u1eed d\u1ee5ng m\u1ed9t m\u00e0n h\u00ecnh LCD l\u1edbn, v\u1edbi \u0111\u00e8n n\u1ec1n m\u00e0u tr\u1eafng l\u00e0 d\u1ec5 d\u00e0ng h\u01a1n \u0111\u1ec3 \u0111\u1ecdc d\u1eef li\u1ec7u ngay c\u1ea3 trong \u0111i\u1ec1u ki\u1ec7n \u00e1nh s\u00e1ng k\u00e9m. Thi\u1ebft k\u1ebf v\u1edbi k\u00edch th\u01b0\u1edbc 45 x 72 x 35mm, tr\u1ecdng l\u01b0\u1ee3ng ch\u1ec9 275g bao g\u1ed3m c\u1ea3 pin nh\u1ecf g\u1ecdn v\u00e0 ho\u1ea1t \u0111\u1ed9ng \u0111\u01a1n gi\u1ea3n, ph\u1ea3n \u1ee9ng nhanh ch\u00f3ng v\u00e0 \u0111o l\u01b0\u1eddng ch\u00ednh x\u00e1c c\u1ee7a c\u00e1c th\u00f4ng s\u1ed1 kh\u00ed t\u01b0\u1ee3ng. Benetech GM8901\u00a0\u0110\u01b0\u1ee3c s\u1eed d\u1ee5ng r\u1ed9ng r\u00e3i trong h\u1ec7 th\u1ed1ng s\u01b0\u1edfi, th\u00f4ng gi\u00f3, \u0111i\u1ec1u h\u00f2a kh\u00f4ng kh\u00ed, kh\u00ed t\u01b0\u1ee3ng n\u00f4ng nghi\u1ec7p, l\u1ea1nh, kh\u00f4, kh\u1ea3o s\u00e1t s\u1ee9c kh\u1ecfe lao \u0111\u1ed9ng, vv . \u0110\u1ec3 \u0111o v\u1eadn t\u1ed1c kh\u00f4ng kh\u00ed trong nh\u00e0 \/ ngo\u00e0i tr\u1eddi. N\u00f3 th\u1ef1c s\u1ef1 l\u00e0 m\u1ed9t c\u00f4ng c\u1ee5 c\u1ea7n thi\u1ebft!  M\u00e1y \u0111o t\u1ed1c \u0111\u1ed9 gi\u00f3 Benetech GM8901\u00a0l\u00e0 m\u1ed9t c\u00f4ng c\u1ee5 l\u00fd t\u01b0\u1edfng cho l\u01b0\u1edbt v\u00e1n, ch\u00e8o thuy\u1ec1n, c\u00e2u c\u00e1, th\u1ea3 di\u1ec1u v\u00e0 leo n\u00fai. Ngo\u00e0i rabB\u1ea1n c\u0169ng c\u00f3 th\u1ec3 s\u1eed d\u1ee5ng n\u00f3 cho m\u1ee5c \u0111\u00edch c\u00f4ng nghi\u1ec7p v\u00e0 gia d\u1ee5ng nh\u01b0 \u0111o t\u1ed1c \u0111\u1ed9 gi\u00f3 v\u00e0 nhi\u1ec7t \u0111\u1ed9 c\u1ee7a CPU qu\u1ea1t vi t\u00ednh, m\u00e1y l\u1ea1nh, m\u00e1y th\u1ed5i kh\u00ed, vv.... GM816A k\u1ef9 thu\u1eadt s\u1ed1 \u0111o t\u1ed1c \u0111\u1ed9 gi\u00f3 th\u00f4ng qua chip ti\u00eau th\u1ee5 \u0111i\u1ec7n n\u0103ng m\u1edbi v\u00e0 th\u1ea5p c\u00f9ng v\u1edbi s\u00e1ng t\u1ea1o v\u00e0 khoa h\u1ecdc thi\u1ebft k\u1ebf, v\u00e0 sau \u0111\u00f3 \u0111\u1ea1t \u0111\u01b0\u1ee3c \u0111\u1ed9 ch\u00ednh x\u00e1c cao, \u0111\u1ed9 \u1ed5n \u0111\u1ecbnh cao. T\u00ednh n\u0103ng v\u00e0 \u0111\u1eb7c \u0111i\u1ec3m n\u1ed5i b\u1eadt    C\u1ea3m bi\u1ebfn \u00e1p su\u1ea5t ch\u00ednh x\u00e1c .High  \u0110o t\u1ed1c \u0111\u1ed9 gi\u00f3 v\u00e0 nhi\u1ec7t \u0111\u1ed9 kh\u00f4ng kh\u00ed  \u0110o t\u1ed1c \u0111\u1ed9 Maximum, minmum v\u00e0 trung b\u00ecnh  D\u1ea3i \u0111o t\u1ed1c \u0111\u1ed9 gi\u00f3 l\u00e0 0-45 m \/ s  L\u1ef1a ch\u1ecdn .Celsius \/ Fahrenheit  Gi\u1eef gi\u00e1 tr\u1ecb \u0111o  Barcode Ch\u1ec9 ra t\u1ed1c \u0111\u1ed9 kh\u00f4ng kh\u00ed  M\u00e0n h\u00ecnh LCD d\u1ec5 \u0111\u1ecdc v\u1edbi \u0111\u00e8n n\u1ec1n  5 \u0111\u01a1n v\u1ecb \u0111o v\u1eadn t\u1ed1c kh\u00f4ng kh\u00ed: M \/ s, Km \/ h, Ft \/ ph\u00fat, Knots, MPH  D\u1ea5u hi\u1ec7u pin y\u1ebfu  T\u1ef1 \u0111\u1ed9ng hay t\u1eaft m\u00e1y b\u1eb1ng tay.  D\u1ec5 d\u00e1ng s\u1eed d\u1ee5ng  Ho\u1ea1t \u0111\u1ed9ng b\u1edfi m\u1ed9t pin 9V, r\u1ea5t ti\u1ebft ki\u1ec7m n\u0103ng l\u01b0\u1ee3ng  M\u00e1y \u0111o t\u1ed1c \u0111\u1ed9 gi\u00f3 Benetech GM8901 c\u00f3 nh\u1eefng th\u00f4ng s\u1ed1 nh\u01b0 sau    T\u00ean s\u1ea3n ph\u1ea9m \u00a0M\u00e1y \u0111o t\u1ed1c \u0111\u1ed9 gi\u00f3, nhi\u1ec7t \u0111\u1ed9 kh\u00f4ng kh\u00ed   Model \u00a0Benetech GM8901   H\u00e3ng s\u1ea3n xu\u1ea5t \u00a0Benetech   Xu\u1ea5t x\u1ee9 \u00a0Trung Qu\u1ed1c   C\u00e1c gi\u00e1 tr\u1ecb \u0111o:\u00a0 \u00a0v\u1eadn t\u1ed1c kh\u00f4ng kh\u00ed, \u00a0nhi\u1ec7t \u0111\u1ed9 kh\u00f4ng kh\u00ed   D\u1ea3i \u0111o v\u1eadn t\u1ed1c kh\u00f4ng kh\u00ed:\u00a0 \u00a00.5 ~ 45 m \/ s, 0 ~ 140 km \/ h, \u00a00 ~ 8800 Ft \/ ph\u00fat, \u00a00 ~ 88Knots, \u00a00 ~ 100 mph \u00a0\u0110\u1ed9 ch\u00ednh x\u00e1c: \u00b1 3%   D\u1ea3i \u0111o nhi\u1ec7t \u0111\u1ed9 kh\u00f4ng kh\u00ed:\u00a0 \u00a00 ~ 45\u00baC, \u00a032 ~ 113\u00baF \u00a0\u0110\u1ed9 ch\u00ednh x\u00e1c \u00b1 2\u00baC   \u0110\u1ed9 ph\u00e2n gi\u1ea3i:\u00a0 \u00a00.2\u00ba C, 0.1m \/ s   C\u1ea3m bi\u1ebfn v\u1eadn t\u1ed1c kh\u00f4ng kh\u00ed:\u00a0 \u00a0c\u00e1nh qu\u1ea1t nh\u1ef1a, c\u1ea3m \u1ee9ng t\u1eeb   C\u1ea3m bi\u1ebfn nhi\u1ec7t \u0111\u1ed9:\u00a0 \u00a0nhi\u1ec7t k\u1ebf NTC   T\u1ef1 \u0111\u1ed9ng ng\u1eaft \u0111i\u1ec7n:\u00a0 \u00a014 ph\u00fat m\u00e0 kh\u00f4ng c\u00f3 b\u1ea5t k\u1ef3 ho\u1ea1t \u0111\u1ed9ng n\u00e0o   M\u00e0n h\u00ecnh:\u00a0 \u00a0LCD   Ngu\u1ed3n \u0111i\u1ec7n\u00a0 \u00a0d\u00f9ng pin   K\u00edch th\u01b0\u1edbc (mm) \u00a045 x 72 x 35mm   Tr\u1ecdng l\u01b0\u1ee3ng:\u00a0 \u00a0275g (bao g\u1ed3m c\u1ea3 pin)   B\u1ea3o h\u00e0nh \u00a06 th\u00e1ng   [:]","og_url":"https:\/\/labochem.com.vn\/en\/s\u1ea3n ph\u1ea9m\/may-do-toc-do-gio-model-gm8901\/","og_site_name":"C\u00f4ng ty TNHH LABOCHEM Vi\u1ec7t Nam","article_modified_time":"2020-05-16T09:42:04+00:00","og_image":[{"width":732,"height":800,"url":"https:\/\/labochem.com.vn\/wp-content\/uploads\/2020\/05\/GM8901-E.jpg","type":"image\/jpeg"}],"twitter_card":"summary_large_image","schema":{"@context":"https:\/\/schema.org","@graph":[{"@type":"WebPage","@id":"https:\/\/labochem.com.vn\/en\/s\u1ea3n ph\u1ea9m\/may-do-toc-do-gio-model-gm8901\/","url":"https:\/\/labochem.com.vn\/en\/s\u1ea3n ph\u1ea9m\/may-do-toc-do-gio-model-gm8901\/","name":"[:vi]M\u00c1Y \u0110O T\u1ed0C \u0110\u1ed8 GI\u00d3 Model: GM8901[:] - C\u00f4ng ty TNHH LABOCHEM Vi\u1ec7t Nam","isPartOf":{"@id":"https:\/\/labochem.com.vn\/#website"},"primaryImageOfPage":{"@id":"https:\/\/labochem.com.vn\/en\/s\u1ea3n ph\u1ea9m\/may-do-toc-do-gio-model-gm8901\/#primaryimage"},"image":{"@id":"https:\/\/labochem.com.vn\/en\/s\u1ea3n ph\u1ea9m\/may-do-toc-do-gio-model-gm8901\/#primaryimage"},"thumbnailUrl":"https:\/\/labochem.com.vn\/wp-content\/uploads\/2020\/05\/GM8901-E.jpg","datePublished":"2020-05-06T01:54:57+00:00","dateModified":"2020-05-16T09:42:04+00:00","breadcrumb":{"@id":"https:\/\/labochem.com.vn\/en\/s\u1ea3n ph\u1ea9m\/may-do-toc-do-gio-model-gm8901\/#breadcrumb"},"inLanguage":"en-US","potentialAction":[{"@type":"ReadAction","target":["https:\/\/labochem.com.vn\/en\/s\u1ea3n ph\u1ea9m\/may-do-toc-do-gio-model-gm8901\/"]}]},{"@type":"ImageObject","inLanguage":"en-US","@id":"https:\/\/labochem.com.vn\/en\/s\u1ea3n ph\u1ea9m\/may-do-toc-do-gio-model-gm8901\/#primaryimage","url":"https:\/\/labochem.com.vn\/wp-content\/uploads\/2020\/05\/GM8901-E.jpg","contentUrl":"https:\/\/labochem.com.vn\/wp-content\/uploads\/2020\/05\/GM8901-E.jpg","width":732,"height":800},{"@type":"BreadcrumbList","@id":"https:\/\/labochem.com.vn\/en\/s\u1ea3n ph\u1ea9m\/may-do-toc-do-gio-model-gm8901\/#breadcrumb","itemListElement":[{"@type":"ListItem","position":1,"name":"Home","item":"https:\/\/labochem.com.vn\/"},{"@type":"ListItem","position":2,"name":"C\u1eeda h\u00e0ng","item":"https:\/\/labochem.com.vn\/mua\/"},{"@type":"ListItem","position":3,"name":"(Ti\u1ebfng Vi\u1ec7t) M\u00c1Y \u0110O T\u1ed0C \u0110\u1ed8 GI\u00d3 Model: GM8901"}]},{"@type":"WebSite","@id":"https:\/\/labochem.com.vn\/#website","url":"https:\/\/labochem.com.vn\/","name":"C\u00f4ng ty TNHH LABOCHEM Vi\u1ec7t Nam","description":"M\u1ed9t trang web m\u1edbi s\u1eed d\u1ee5ng WordPress","potentialAction":[{"@type":"SearchAction","target":{"@type":"EntryPoint","urlTemplate":"https:\/\/labochem.com.vn\/?s={search_term_string}"},"query-input":"required name=search_term_string"}],"inLanguage":"en-US"}]}},"_links":{"self":[{"href":"https:\/\/labochem.com.vn\/en\/wp-json\/wp\/v2\/product\/173"}],"collection":[{"href":"https:\/\/labochem.com.vn\/en\/wp-json\/wp\/v2\/product"}],"about":[{"href":"https:\/\/labochem.com.vn\/en\/wp-json\/wp\/v2\/types\/product"}],"replies":[{"embeddable":true,"href":"https:\/\/labochem.com.vn\/en\/wp-json\/wp\/v2\/comments?post=173"}],"wp:featuredmedia":[{"embeddable":true,"href":"https:\/\/labochem.com.vn\/en\/wp-json\/wp\/v2\/media\/174"}],"wp:attachment":[{"href":"https:\/\/labochem.com.vn\/en\/wp-json\/wp\/v2\/media?parent=173"}],"wp:term":[{"taxonomy":"product_cat","embeddable":true,"href":"https:\/\/labochem.com.vn\/en\/wp-json\/wp\/v2\/product_cat?post=173"},{"taxonomy":"product_tag","embeddable":true,"href":"https:\/\/labochem.com.vn\/en\/wp-json\/wp\/v2\/product_tag?post=173"}],"curies":[{"name":"wp","href":"https:\/\/api.w.org\/{rel}","templated":true}]}}