{"id":171,"date":"2020-05-06T01:53:35","date_gmt":"2020-05-06T01:53:35","guid":{"rendered":"http:\/\/labochem.com.vn\/?post_type=product&#038;p=171"},"modified":"2020-05-16T09:38:15","modified_gmt":"2020-05-16T09:38:15","slug":"may-do-toc-do-gio-model-gm816a","status":"publish","type":"product","link":"https:\/\/labochem.com.vn\/en\/s\u1ea3n ph\u1ea9m\/may-do-toc-do-gio-model-gm816a\/","title":{"rendered":"(Ti\u1ebfng Vi\u1ec7t) M\u00c1Y \u0110O T\u1ed0C \u0110\u1ed8 GI\u00d3  Model: GM816A"},"content":{"rendered":"","protected":false},"excerpt":{"rendered":"<p class=\"qtranxs-available-languages-message qtranxs-available-languages-message-en\">Sorry, this entry is only available in <a href=\"https:\/\/labochem.com.vn\/vi\/wp-json\/wp\/v2\/product\/171\" class=\"qtranxs-available-language-link qtranxs-available-language-link-vi\" title=\"Ti\u1ebfng Vi\u1ec7t\">Ti\u1ebfng Vi\u1ec7t<\/a>.<\/p>\n","protected":false},"featured_media":172,"comment_status":"open","ping_status":"closed","template":"","meta":[],"product_cat":[36],"product_tag":[47],"yoast_head":"<!-- This site is optimized with the Yoast SEO plugin v22.6 - https:\/\/yoast.com\/wordpress\/plugins\/seo\/ -->\n<title><\/title>\n<meta name=\"robots\" content=\"index, follow, max-snippet:-1, max-image-preview:large, max-video-preview:-1\" \/>\n<link rel=\"canonical\" href=\"https:\/\/labochem.com.vn\/en\/s\u1ea3n%20ph\u1ea9m\/may-do-toc-do-gio-model-gm816a\/\" \/>\n<meta property=\"og:locale\" content=\"en_US\" \/>\n<meta property=\"og:type\" content=\"article\" \/>\n<meta property=\"og:title\" content=\"[:vi]M\u00c1Y \u0110O T\u1ed0C \u0110\u1ed8 GI\u00d3 Model: GM816A[:] - C\u00f4ng ty TNHH LABOCHEM Vi\u1ec7t Nam\" \/>\n<meta property=\"og:description\" content=\"[:vi]M\u00c1Y \u0110O T\u1ed0C \u0110\u1ed8 GI\u00d3  Model: GM816A  Benetech GM816A\u00a0l\u00e0 m\u1ed9t c\u00f4ng c\u1ee5 l\u00fd t\u01b0\u1edfng cho l\u01b0\u1edbt v\u00e1n, ch\u00e8o thuy\u1ec1n, c\u00e2u c\u00e1, th\u1ea3 di\u1ec1u v\u00e0 leo n\u00fai. B\u1ea1n c\u0169ng c\u00f3 th\u1ec3 s\u1eed d\u1ee5ng n\u00f3 cho m\u1ee5c \u0111\u00edch c\u00f4ng nghi\u1ec7p v\u00e0 gia d\u1ee5ng nh\u01b0 \u0111o t\u1ed1c \u0111\u1ed9 gi\u00f3 v\u00e0 nhi\u1ec7t \u0111\u1ed9 c\u1ee7a CPU, qu\u1ea1t m\u00e1y t\u00ednh, m\u00e1y l\u1ea1nh, m\u00e1y th\u1ed5i kh\u00ed, vv.... \u00a0M\u00e1y \u0111o v\u1eadn t\u1ed1c gi\u00f3 Benetech GM816A k\u1ef9 thu\u1eadt s\u1ed1 \u0111o t\u1ed1c \u0111\u1ed9 gi\u00f3 th\u00f4ng qua chip ti\u00eau th\u1ee5 \u0111i\u1ec7n n\u0103ng m\u1edbi v\u00e0 th\u1ea5p c\u00f9ng v\u1edbi s\u00e1ng t\u1ea1o v\u00e0 khoa h\u1ecdc thi\u1ebft k\u1ebf, v\u00e0 sau \u0111\u00f3 \u0111\u1ea1t \u0111\u01b0\u1ee3c \u0111\u1ed9 ch\u00ednh x\u00e1c cao, \u0111\u1ed9 \u1ed5n \u0111\u1ecbnh cao v\u00e0 gi\u00e1 th\u00e0nh cao. M\u00e1y \u0111o t\u1ed1c \u0111\u1ed9 gi\u00f3\u00a0Benetech GM816A\u00a0S\u1eed d\u1ee5ng m\u1ed9t m\u00e0n h\u00ecnh LCD l\u1edbn, c\u00f3 \u0111\u00e8n n\u1ec1n l\u00e0 d\u1ec5 d\u00e0ng h\u01a1n \u0111\u1ec3 \u0111\u1ecdc d\u1eef li\u1ec7u ngay c\u1ea3 trong b\u00f3ng t\u1ed1t. Tr\u1ecdng l\u01b0\u1ee3ng nh\u1eb9 v\u00e0 ho\u1ea1t \u0111\u1ed9ng \u0111\u01a1n gi\u1ea3n, ph\u1ea3n \u1ee9ng nhanh ch\u00f3ng v\u00e0 \u0111o l\u01b0\u1eddng ch\u00ednh x\u00e1c c\u1ee7a c\u00e1c th\u00f4ng s\u1ed1 kh\u00ed t\u01b0\u1ee3ng. \u0110\u01b0\u1ee3c s\u1eed d\u1ee5ng trong h\u1ec7 th\u1ed1ng s\u01b0\u1edfi, th\u00f4ng gi\u00f3, \u0111i\u1ec1u h\u00f2a kh\u00f4ng kh\u00ed, kh\u00ed t\u01b0\u1ee3ng n\u00f4ng nghi\u1ec7p, l\u1ea1nh, kh\u00f4, kh\u1ea3o s\u00e1t s\u1ee9c kh\u1ecfe lao \u0111\u1ed9ng, vv . \u0110\u1ec3 \u0111o v\u1eadn t\u1ed1c kh\u00f4ng kh\u00ed trong nh\u00e0 \/ ngo\u00e0i tr\u1eddi. N\u00f3 th\u1ef1c s\u1ef1 l\u00e0 m\u1ed9t c\u00f4ng c\u1ee5 c\u1ea7n thi\u1ebft!  T\u00cdNH N\u0102NG, \u0110\u1eb6C \u0110I\u1ec2M  - \u0110o t\u1ed1c \u0111\u1ed9 gi\u00f3 v\u00e0 nhi\u1ec7t \u0111\u1ed9  - Ph\u1ea1m vi \u0111o t\u1ed1c \u0111\u1ed9 gi\u00f3 l\u00e0 t\u1eeb 0 \u0111\u1ebfn 30m \/ s  - \u0110o t\u1ed1c \u0111\u1ed9 gi\u00f3 hi\u1ec7n t\u1ea1i v\u00e0 trung b\u00ecnh  - \u0110o t\u1ed1c \u0111\u1ed9 gi\u00f3 t\u1ed1i \u0111a v\u00e0 t\u1ed1i thi\u1ec3u  - Hi\u1ec3n th\u1ecb nhi\u1ec7t \u0111\u1ed9 trong \u2103 \/ \u2109  - M\u00e0n h\u00ecnh LCD \u0111\u00e8n n\u1ec1n m\u00e0u tr\u1eafng  - T\u1ef1 \u0111\u1ed9ng \/ b\u1eb1ng tay t\u1eaft \u0111i\u1ec7n -\u00a0B\u00e1o khi pin y\u1ebfu  Th\u00f4ng s\u1ed1 k\u1ef9 thu\u1eadt :    T\u00ean s\u1ea3n ph\u1ea9m \u00a0M\u00e1y \u0111o t\u1ed1c \u0111\u1ed9 gi\u00f3, nhi\u1ec7t \u0111\u1ed9 kh\u00f4ng kh\u00ed   Model \u00a0Benetech GM816A   H\u00e3ng s\u1ea3n xu\u1ea5t \u00a0Benetech   Xu\u1ea5t x\u1ee9 \u00a0Trung Qu\u1ed1c   C\u00e1c gi\u00e1 tr\u1ecb \u0111o:\u00a0 \u00a0v\u1eadn t\u1ed1c kh\u00f4ng kh\u00ed, \u00a0nhi\u1ec7t \u0111\u1ed9 kh\u00f4ng kh\u00ed   D\u1ea3i \u0111o v\u1eadn t\u1ed1c kh\u00f4ng kh\u00ed:\u00a0 \u00a00.8 ~ 30m \/ s, 0 ~ 90km \/ h, 0 ~ 5860ft \/ min, \u00a00 ~ 55knots, 0 ~ 65mph (\u00b1 5%)   D\u1ea3i \u0111o nhi\u1ec7t \u0111\u1ed9 kh\u00f4ng kh\u00ed:\u00a0 \u00a0-10 ~ 45 \u00ba C, 14 ~ 113\u00ba F (\u00b1 2\u00ba C)   \u0110\u1ed9 ph\u00e2n gi\u1ea3i:\u00a0 \u00a00.2\u00ba C, 0.2m \/ s   C\u1ea3m bi\u1ebfn v\u1eadn t\u1ed1c kh\u00f4ng kh\u00ed:\u00a0 \u00a0c\u00e1nh qu\u1ea1t nh\u1ef1a, c\u1ea3m \u1ee9ng t\u1eeb   C\u1ea3m bi\u1ebfn nhi\u1ec7t \u0111\u1ed9:\u00a0 \u00a0nhi\u1ec7t k\u1ebf NTC   T\u1ef1 \u0111\u1ed9ng ng\u1eaft \u0111i\u1ec7n:\u00a0 \u00a014 ph\u00fat m\u00e0 kh\u00f4ng c\u00f3 b\u1ea5t k\u1ef3 ho\u1ea1t \u0111\u1ed9ng   M\u00e0n h\u00ecnh:\u00a0 \u00a0LCD   Ngu\u1ed3n \u0111i\u1ec7n\u00a0 \u00a0d\u00f9ng pin   K\u00edch th\u01b0\u1edbc (mm) \u00a052,5 x 35,5 x 160mm   B\u1ea3o h\u00e0nh \u00a06 th\u00e1ng    [:]\" \/>\n<meta property=\"og:url\" content=\"https:\/\/labochem.com.vn\/en\/s\u1ea3n ph\u1ea9m\/may-do-toc-do-gio-model-gm816a\/\" \/>\n<meta property=\"og:site_name\" content=\"C\u00f4ng ty TNHH LABOCHEM Vi\u1ec7t Nam\" \/>\n<meta property=\"article:modified_time\" content=\"2020-05-16T09:38:15+00:00\" \/>\n<meta property=\"og:image\" content=\"https:\/\/labochem.com.vn\/wp-content\/uploads\/2020\/05\/GM816A-E-1.jpg\" \/>\n\t<meta property=\"og:image:width\" content=\"732\" \/>\n\t<meta property=\"og:image:height\" content=\"800\" \/>\n\t<meta property=\"og:image:type\" content=\"image\/jpeg\" \/>\n<meta name=\"twitter:card\" content=\"summary_large_image\" \/>\n<script type=\"application\/ld+json\" class=\"yoast-schema-graph\">{\"@context\":\"https:\/\/schema.org\",\"@graph\":[{\"@type\":\"WebPage\",\"@id\":\"https:\/\/labochem.com.vn\/en\/s\u1ea3n ph\u1ea9m\/may-do-toc-do-gio-model-gm816a\/\",\"url\":\"https:\/\/labochem.com.vn\/en\/s\u1ea3n ph\u1ea9m\/may-do-toc-do-gio-model-gm816a\/\",\"name\":\"[:vi]M\u00c1Y \u0110O T\u1ed0C \u0110\u1ed8 GI\u00d3 Model: GM816A[:] - C\u00f4ng ty TNHH LABOCHEM Vi\u1ec7t Nam\",\"isPartOf\":{\"@id\":\"https:\/\/labochem.com.vn\/#website\"},\"primaryImageOfPage\":{\"@id\":\"https:\/\/labochem.com.vn\/en\/s\u1ea3n ph\u1ea9m\/may-do-toc-do-gio-model-gm816a\/#primaryimage\"},\"image\":{\"@id\":\"https:\/\/labochem.com.vn\/en\/s\u1ea3n ph\u1ea9m\/may-do-toc-do-gio-model-gm816a\/#primaryimage\"},\"thumbnailUrl\":\"https:\/\/labochem.com.vn\/wp-content\/uploads\/2020\/05\/GM816A-E-1.jpg\",\"datePublished\":\"2020-05-06T01:53:35+00:00\",\"dateModified\":\"2020-05-16T09:38:15+00:00\",\"breadcrumb\":{\"@id\":\"https:\/\/labochem.com.vn\/en\/s\u1ea3n ph\u1ea9m\/may-do-toc-do-gio-model-gm816a\/#breadcrumb\"},\"inLanguage\":\"en-US\",\"potentialAction\":[{\"@type\":\"ReadAction\",\"target\":[\"https:\/\/labochem.com.vn\/en\/s\u1ea3n ph\u1ea9m\/may-do-toc-do-gio-model-gm816a\/\"]}]},{\"@type\":\"ImageObject\",\"inLanguage\":\"en-US\",\"@id\":\"https:\/\/labochem.com.vn\/en\/s\u1ea3n ph\u1ea9m\/may-do-toc-do-gio-model-gm816a\/#primaryimage\",\"url\":\"https:\/\/labochem.com.vn\/wp-content\/uploads\/2020\/05\/GM816A-E-1.jpg\",\"contentUrl\":\"https:\/\/labochem.com.vn\/wp-content\/uploads\/2020\/05\/GM816A-E-1.jpg\",\"width\":732,\"height\":800},{\"@type\":\"BreadcrumbList\",\"@id\":\"https:\/\/labochem.com.vn\/en\/s\u1ea3n ph\u1ea9m\/may-do-toc-do-gio-model-gm816a\/#breadcrumb\",\"itemListElement\":[{\"@type\":\"ListItem\",\"position\":1,\"name\":\"Home\",\"item\":\"https:\/\/labochem.com.vn\/\"},{\"@type\":\"ListItem\",\"position\":2,\"name\":\"C\u1eeda h\u00e0ng\",\"item\":\"https:\/\/labochem.com.vn\/mua\/\"},{\"@type\":\"ListItem\",\"position\":3,\"name\":\"(Ti\u1ebfng Vi\u1ec7t) M\u00c1Y \u0110O T\u1ed0C \u0110\u1ed8 GI\u00d3 Model: GM816A\"}]},{\"@type\":\"WebSite\",\"@id\":\"https:\/\/labochem.com.vn\/#website\",\"url\":\"https:\/\/labochem.com.vn\/\",\"name\":\"C\u00f4ng ty TNHH LABOCHEM Vi\u1ec7t Nam\",\"description\":\"M\u1ed9t trang web m\u1edbi s\u1eed d\u1ee5ng WordPress\",\"potentialAction\":[{\"@type\":\"SearchAction\",\"target\":{\"@type\":\"EntryPoint\",\"urlTemplate\":\"https:\/\/labochem.com.vn\/?s={search_term_string}\"},\"query-input\":\"required name=search_term_string\"}],\"inLanguage\":\"en-US\"}]}<\/script>\n<!-- \/ Yoast SEO plugin. -->","yoast_head_json":{"title":"[:vi]M\u00c1Y \u0110O T\u1ed0C \u0110\u1ed8 GI\u00d3 Model: GM816A[:] - C\u00f4ng ty TNHH LABOCHEM Vi\u1ec7t Nam","robots":{"index":"index","follow":"follow","max-snippet":"max-snippet:-1","max-image-preview":"max-image-preview:large","max-video-preview":"max-video-preview:-1"},"canonical":"https:\/\/labochem.com.vn\/en\/s\u1ea3n ph\u1ea9m\/may-do-toc-do-gio-model-gm816a\/","og_locale":"en_US","og_type":"article","og_title":"[:vi]M\u00c1Y \u0110O T\u1ed0C \u0110\u1ed8 GI\u00d3 Model: GM816A[:] - C\u00f4ng ty TNHH LABOCHEM Vi\u1ec7t Nam","og_description":"[:vi]M\u00c1Y \u0110O T\u1ed0C \u0110\u1ed8 GI\u00d3  Model: GM816A  Benetech GM816A\u00a0l\u00e0 m\u1ed9t c\u00f4ng c\u1ee5 l\u00fd t\u01b0\u1edfng cho l\u01b0\u1edbt v\u00e1n, ch\u00e8o thuy\u1ec1n, c\u00e2u c\u00e1, th\u1ea3 di\u1ec1u v\u00e0 leo n\u00fai. B\u1ea1n c\u0169ng c\u00f3 th\u1ec3 s\u1eed d\u1ee5ng n\u00f3 cho m\u1ee5c \u0111\u00edch c\u00f4ng nghi\u1ec7p v\u00e0 gia d\u1ee5ng nh\u01b0 \u0111o t\u1ed1c \u0111\u1ed9 gi\u00f3 v\u00e0 nhi\u1ec7t \u0111\u1ed9 c\u1ee7a CPU, qu\u1ea1t m\u00e1y t\u00ednh, m\u00e1y l\u1ea1nh, m\u00e1y th\u1ed5i kh\u00ed, vv.... \u00a0M\u00e1y \u0111o v\u1eadn t\u1ed1c gi\u00f3 Benetech GM816A k\u1ef9 thu\u1eadt s\u1ed1 \u0111o t\u1ed1c \u0111\u1ed9 gi\u00f3 th\u00f4ng qua chip ti\u00eau th\u1ee5 \u0111i\u1ec7n n\u0103ng m\u1edbi v\u00e0 th\u1ea5p c\u00f9ng v\u1edbi s\u00e1ng t\u1ea1o v\u00e0 khoa h\u1ecdc thi\u1ebft k\u1ebf, v\u00e0 sau \u0111\u00f3 \u0111\u1ea1t \u0111\u01b0\u1ee3c \u0111\u1ed9 ch\u00ednh x\u00e1c cao, \u0111\u1ed9 \u1ed5n \u0111\u1ecbnh cao v\u00e0 gi\u00e1 th\u00e0nh cao. M\u00e1y \u0111o t\u1ed1c \u0111\u1ed9 gi\u00f3\u00a0Benetech GM816A\u00a0S\u1eed d\u1ee5ng m\u1ed9t m\u00e0n h\u00ecnh LCD l\u1edbn, c\u00f3 \u0111\u00e8n n\u1ec1n l\u00e0 d\u1ec5 d\u00e0ng h\u01a1n \u0111\u1ec3 \u0111\u1ecdc d\u1eef li\u1ec7u ngay c\u1ea3 trong b\u00f3ng t\u1ed1t. Tr\u1ecdng l\u01b0\u1ee3ng nh\u1eb9 v\u00e0 ho\u1ea1t \u0111\u1ed9ng \u0111\u01a1n gi\u1ea3n, ph\u1ea3n \u1ee9ng nhanh ch\u00f3ng v\u00e0 \u0111o l\u01b0\u1eddng ch\u00ednh x\u00e1c c\u1ee7a c\u00e1c th\u00f4ng s\u1ed1 kh\u00ed t\u01b0\u1ee3ng. \u0110\u01b0\u1ee3c s\u1eed d\u1ee5ng trong h\u1ec7 th\u1ed1ng s\u01b0\u1edfi, th\u00f4ng gi\u00f3, \u0111i\u1ec1u h\u00f2a kh\u00f4ng kh\u00ed, kh\u00ed t\u01b0\u1ee3ng n\u00f4ng nghi\u1ec7p, l\u1ea1nh, kh\u00f4, kh\u1ea3o s\u00e1t s\u1ee9c kh\u1ecfe lao \u0111\u1ed9ng, vv . \u0110\u1ec3 \u0111o v\u1eadn t\u1ed1c kh\u00f4ng kh\u00ed trong nh\u00e0 \/ ngo\u00e0i tr\u1eddi. N\u00f3 th\u1ef1c s\u1ef1 l\u00e0 m\u1ed9t c\u00f4ng c\u1ee5 c\u1ea7n thi\u1ebft!  T\u00cdNH N\u0102NG, \u0110\u1eb6C \u0110I\u1ec2M  - \u0110o t\u1ed1c \u0111\u1ed9 gi\u00f3 v\u00e0 nhi\u1ec7t \u0111\u1ed9  - Ph\u1ea1m vi \u0111o t\u1ed1c \u0111\u1ed9 gi\u00f3 l\u00e0 t\u1eeb 0 \u0111\u1ebfn 30m \/ s  - \u0110o t\u1ed1c \u0111\u1ed9 gi\u00f3 hi\u1ec7n t\u1ea1i v\u00e0 trung b\u00ecnh  - \u0110o t\u1ed1c \u0111\u1ed9 gi\u00f3 t\u1ed1i \u0111a v\u00e0 t\u1ed1i thi\u1ec3u  - Hi\u1ec3n th\u1ecb nhi\u1ec7t \u0111\u1ed9 trong \u2103 \/ \u2109  - M\u00e0n h\u00ecnh LCD \u0111\u00e8n n\u1ec1n m\u00e0u tr\u1eafng  - T\u1ef1 \u0111\u1ed9ng \/ b\u1eb1ng tay t\u1eaft \u0111i\u1ec7n -\u00a0B\u00e1o khi pin y\u1ebfu  Th\u00f4ng s\u1ed1 k\u1ef9 thu\u1eadt :    T\u00ean s\u1ea3n ph\u1ea9m \u00a0M\u00e1y \u0111o t\u1ed1c \u0111\u1ed9 gi\u00f3, nhi\u1ec7t \u0111\u1ed9 kh\u00f4ng kh\u00ed   Model \u00a0Benetech GM816A   H\u00e3ng s\u1ea3n xu\u1ea5t \u00a0Benetech   Xu\u1ea5t x\u1ee9 \u00a0Trung Qu\u1ed1c   C\u00e1c gi\u00e1 tr\u1ecb \u0111o:\u00a0 \u00a0v\u1eadn t\u1ed1c kh\u00f4ng kh\u00ed, \u00a0nhi\u1ec7t \u0111\u1ed9 kh\u00f4ng kh\u00ed   D\u1ea3i \u0111o v\u1eadn t\u1ed1c kh\u00f4ng kh\u00ed:\u00a0 \u00a00.8 ~ 30m \/ s, 0 ~ 90km \/ h, 0 ~ 5860ft \/ min, \u00a00 ~ 55knots, 0 ~ 65mph (\u00b1 5%)   D\u1ea3i \u0111o nhi\u1ec7t \u0111\u1ed9 kh\u00f4ng kh\u00ed:\u00a0 \u00a0-10 ~ 45 \u00ba C, 14 ~ 113\u00ba F (\u00b1 2\u00ba C)   \u0110\u1ed9 ph\u00e2n gi\u1ea3i:\u00a0 \u00a00.2\u00ba C, 0.2m \/ s   C\u1ea3m bi\u1ebfn v\u1eadn t\u1ed1c kh\u00f4ng kh\u00ed:\u00a0 \u00a0c\u00e1nh qu\u1ea1t nh\u1ef1a, c\u1ea3m \u1ee9ng t\u1eeb   C\u1ea3m bi\u1ebfn nhi\u1ec7t \u0111\u1ed9:\u00a0 \u00a0nhi\u1ec7t k\u1ebf NTC   T\u1ef1 \u0111\u1ed9ng ng\u1eaft \u0111i\u1ec7n:\u00a0 \u00a014 ph\u00fat m\u00e0 kh\u00f4ng c\u00f3 b\u1ea5t k\u1ef3 ho\u1ea1t \u0111\u1ed9ng   M\u00e0n h\u00ecnh:\u00a0 \u00a0LCD   Ngu\u1ed3n \u0111i\u1ec7n\u00a0 \u00a0d\u00f9ng pin   K\u00edch th\u01b0\u1edbc (mm) \u00a052,5 x 35,5 x 160mm   B\u1ea3o h\u00e0nh \u00a06 th\u00e1ng    [:]","og_url":"https:\/\/labochem.com.vn\/en\/s\u1ea3n ph\u1ea9m\/may-do-toc-do-gio-model-gm816a\/","og_site_name":"C\u00f4ng ty TNHH LABOCHEM Vi\u1ec7t Nam","article_modified_time":"2020-05-16T09:38:15+00:00","og_image":[{"width":732,"height":800,"url":"https:\/\/labochem.com.vn\/wp-content\/uploads\/2020\/05\/GM816A-E-1.jpg","type":"image\/jpeg"}],"twitter_card":"summary_large_image","schema":{"@context":"https:\/\/schema.org","@graph":[{"@type":"WebPage","@id":"https:\/\/labochem.com.vn\/en\/s\u1ea3n ph\u1ea9m\/may-do-toc-do-gio-model-gm816a\/","url":"https:\/\/labochem.com.vn\/en\/s\u1ea3n ph\u1ea9m\/may-do-toc-do-gio-model-gm816a\/","name":"[:vi]M\u00c1Y \u0110O T\u1ed0C \u0110\u1ed8 GI\u00d3 Model: GM816A[:] - C\u00f4ng ty TNHH LABOCHEM Vi\u1ec7t Nam","isPartOf":{"@id":"https:\/\/labochem.com.vn\/#website"},"primaryImageOfPage":{"@id":"https:\/\/labochem.com.vn\/en\/s\u1ea3n ph\u1ea9m\/may-do-toc-do-gio-model-gm816a\/#primaryimage"},"image":{"@id":"https:\/\/labochem.com.vn\/en\/s\u1ea3n ph\u1ea9m\/may-do-toc-do-gio-model-gm816a\/#primaryimage"},"thumbnailUrl":"https:\/\/labochem.com.vn\/wp-content\/uploads\/2020\/05\/GM816A-E-1.jpg","datePublished":"2020-05-06T01:53:35+00:00","dateModified":"2020-05-16T09:38:15+00:00","breadcrumb":{"@id":"https:\/\/labochem.com.vn\/en\/s\u1ea3n ph\u1ea9m\/may-do-toc-do-gio-model-gm816a\/#breadcrumb"},"inLanguage":"en-US","potentialAction":[{"@type":"ReadAction","target":["https:\/\/labochem.com.vn\/en\/s\u1ea3n ph\u1ea9m\/may-do-toc-do-gio-model-gm816a\/"]}]},{"@type":"ImageObject","inLanguage":"en-US","@id":"https:\/\/labochem.com.vn\/en\/s\u1ea3n ph\u1ea9m\/may-do-toc-do-gio-model-gm816a\/#primaryimage","url":"https:\/\/labochem.com.vn\/wp-content\/uploads\/2020\/05\/GM816A-E-1.jpg","contentUrl":"https:\/\/labochem.com.vn\/wp-content\/uploads\/2020\/05\/GM816A-E-1.jpg","width":732,"height":800},{"@type":"BreadcrumbList","@id":"https:\/\/labochem.com.vn\/en\/s\u1ea3n ph\u1ea9m\/may-do-toc-do-gio-model-gm816a\/#breadcrumb","itemListElement":[{"@type":"ListItem","position":1,"name":"Home","item":"https:\/\/labochem.com.vn\/"},{"@type":"ListItem","position":2,"name":"C\u1eeda h\u00e0ng","item":"https:\/\/labochem.com.vn\/mua\/"},{"@type":"ListItem","position":3,"name":"(Ti\u1ebfng Vi\u1ec7t) M\u00c1Y \u0110O T\u1ed0C \u0110\u1ed8 GI\u00d3 Model: GM816A"}]},{"@type":"WebSite","@id":"https:\/\/labochem.com.vn\/#website","url":"https:\/\/labochem.com.vn\/","name":"C\u00f4ng ty TNHH LABOCHEM Vi\u1ec7t Nam","description":"M\u1ed9t trang web m\u1edbi s\u1eed d\u1ee5ng WordPress","potentialAction":[{"@type":"SearchAction","target":{"@type":"EntryPoint","urlTemplate":"https:\/\/labochem.com.vn\/?s={search_term_string}"},"query-input":"required name=search_term_string"}],"inLanguage":"en-US"}]}},"_links":{"self":[{"href":"https:\/\/labochem.com.vn\/en\/wp-json\/wp\/v2\/product\/171"}],"collection":[{"href":"https:\/\/labochem.com.vn\/en\/wp-json\/wp\/v2\/product"}],"about":[{"href":"https:\/\/labochem.com.vn\/en\/wp-json\/wp\/v2\/types\/product"}],"replies":[{"embeddable":true,"href":"https:\/\/labochem.com.vn\/en\/wp-json\/wp\/v2\/comments?post=171"}],"wp:featuredmedia":[{"embeddable":true,"href":"https:\/\/labochem.com.vn\/en\/wp-json\/wp\/v2\/media\/172"}],"wp:attachment":[{"href":"https:\/\/labochem.com.vn\/en\/wp-json\/wp\/v2\/media?parent=171"}],"wp:term":[{"taxonomy":"product_cat","embeddable":true,"href":"https:\/\/labochem.com.vn\/en\/wp-json\/wp\/v2\/product_cat?post=171"},{"taxonomy":"product_tag","embeddable":true,"href":"https:\/\/labochem.com.vn\/en\/wp-json\/wp\/v2\/product_tag?post=171"}],"curies":[{"name":"wp","href":"https:\/\/api.w.org\/{rel}","templated":true}]}}