{"id":165,"date":"2020-05-06T01:46:27","date_gmt":"2020-05-06T01:46:27","guid":{"rendered":"http:\/\/labochem.com.vn\/?post_type=product&#038;p=165"},"modified":"2020-05-18T02:03:59","modified_gmt":"2020-05-18T02:03:59","slug":"nhiet-ke-hong-ngoai-model-gm1850","status":"publish","type":"product","link":"https:\/\/labochem.com.vn\/en\/s\u1ea3n ph\u1ea9m\/nhiet-ke-hong-ngoai-model-gm1850\/","title":{"rendered":"(Ti\u1ebfng Vi\u1ec7t) NHI\u1ec6T K\u1ebe H\u1ed2NG NGO\u1ea0I  Model: GM1850"},"content":{"rendered":"","protected":false},"excerpt":{"rendered":"<p class=\"qtranxs-available-languages-message qtranxs-available-languages-message-en\">Sorry, this entry is only available in <a href=\"https:\/\/labochem.com.vn\/vi\/wp-json\/wp\/v2\/product\/165\" class=\"qtranxs-available-language-link qtranxs-available-language-link-vi\" title=\"Ti\u1ebfng Vi\u1ec7t\">Ti\u1ebfng Vi\u1ec7t<\/a>.<\/p>\n","protected":false},"featured_media":166,"comment_status":"open","ping_status":"closed","template":"","meta":[],"product_cat":[15,29],"product_tag":[45],"yoast_head":"<!-- This site is optimized with the Yoast SEO plugin v22.6 - https:\/\/yoast.com\/wordpress\/plugins\/seo\/ -->\n<title><\/title>\n<meta name=\"robots\" content=\"index, follow, max-snippet:-1, max-image-preview:large, max-video-preview:-1\" \/>\n<link rel=\"canonical\" href=\"https:\/\/labochem.com.vn\/en\/s\u1ea3n%20ph\u1ea9m\/nhiet-ke-hong-ngoai-model-gm1850\/\" \/>\n<meta property=\"og:locale\" content=\"en_US\" \/>\n<meta property=\"og:type\" content=\"article\" \/>\n<meta property=\"og:title\" content=\"[:vi]NHI\u1ec6T K\u1ebe H\u1ed2NG NGO\u1ea0I Model: GM1850[:] - C\u00f4ng ty TNHH LABOCHEM Vi\u1ec7t Nam\" \/>\n<meta property=\"og:description\" content=\"[:vi]NHI\u1ec6T K\u1ebe H\u1ed2NG NGO\u1ea0I  Model: GM1850  M\u00e1y \u0111o nhi\u1ec7t \u0111\u1ed9 t\u1eeb xa\u00a0GM-1850\u00a0c\u00f3 kh\u1ea3 n\u0103ng \u0111o nh\u1eefng ngu\u1ed3n nhi\u1ec7t t\u1eeb xa, kh\u00f4ng c\u1ea7n ti\u1ebfp x\u00fac tr\u1ef1c ti\u1ebfp l\u00ean \u0111\u1ebfn 1850 \u2103 v\u1edbi \u0111\u1ed9 ch\u00ednh x\u00e1c cao v\u00e0 nhanh ch\u00f3ng. DGM-1850 s\u1eed d\u1ee5ng k\u1ef9 thu\u1eadt \u0111o b\u1eb1ng c\u1ea3m \u1ee9ng b\u1ee9c x\u1ea1 h\u1ed3ng ngo\u1ea1i.  M\u00e1y \u0111o nhi\u1ec7t \u0111\u1ed9 GM-1850\u00a0c\u00f3 t\u1ef7 l\u1ec7 kho\u1ea3ng c\u00e1ch r\u1ea5t cao 80:1 (T\u1ef7 l\u1ec7 c\u00e0ng cao th\u00ec s\u1ebd cho ph\u00e9p \u0111o nhi\u1ec7t \u0111\u1ed9 ch\u00ednh x\u00e1c \u0111\u01b0\u1ee3c \u1edf kho\u1ea3ng c\u00e1ch c\u00e0ng xa: V\u00ed d\u1ee5 \u0111\u01b0\u1eddng k\u00ednh ngu\u1ed3n nhi\u1ec7t l\u00e0 1cm th\u00ec kho\u1ea3ng c\u00e1ch t\u1ed1i \u0111a \u0111\u1ec3 \u0111o nhi\u1ec7t \u0111\u1ed9 ch\u00ednh x\u00e1c l\u00e0 80cm), K\u1ebft h\u1ee3p v\u1edbi 1 tia Laser \u0111\u1ec3 \u0111\u1ecbnh v\u1ecb ngu\u1ed3n nhi\u1ec7t gi\u00fap cho ng\u01b0\u1eddi d\u00f9ng d\u1ec5 d\u00e0ng \u0111o nhi\u1ec7t \u0111\u1ed9 ch\u00ednh x\u00e1c t\u1eeb xa m\u00e0 kh\u00f4ng ph\u1ea3i \u0111\u1ebfn g\u1ea7n.  TH\u00d4NG S\u1ed0 K\u1ef8 THU\u1eacT:   Nhi\u1ec7t \u0111\u1ed9 : 200 ~ 1850 \u2103\u00a0 (392 ~ 3362 \u2109 )  \u0110\u1ed9 ch\u00ednh x\u00e1c : \u00b1 1.5% ho\u1eb7c \u00b11,5 \u2103  \u0110\u1ed9 l\u1eb7p l\u1ea1i : \u00b1 1% ho\u1eb7c \u00b11 \u2103  T\u1ef7 l\u1ec7 kho\u1ea3ng c\u00e1ch r\u1ea5t cao: 80: 1  \u0110\u1ed9 ph\u00e1t x\u1ea1 : 0.1 ~ 1.00 \u0111i\u1ec1u ch\u1ec9nh  \u0110\u1ed9 ph\u00e2n gi\u1ea3i : 0,1 \u2103 \/ \u2109  Th\u1eddi gian \u0111\u00e1p \u1ee9ng : 500ms  B\u01b0\u1edbc s\u00f3ng : 900 -1700nm  MAX \/ MIN \/ AVG \/ DIF \u0111\u1ecdc  Thi\u1ebft l\u1eadp b\u00e1o \u0111\u1ed9ng nhi\u1ec7t \u0111\u1ed9\u00a0 Cao \/ th\u1ea5p  B\u1ed9 nh\u1edb l\u01b0u tr\u1eef 100 d\u1eef li\u1ec7u  L\u1ef1a ch\u1ecdn \u0111\u1ed9 \u2103 \/ \u2109  Ch\u1ee9c n\u0103ng gi\u1eef d\u1eef li\u1ec7u Hold  L\u1ef1a ch\u1ecdn m\u1ee5c ti\u00eau b\u1eb1ng tia Laser  \u0110\u00e8n n\u1ec1n m\u00e0n h\u00ecnh LCD\u00a0 l\u1ef1a ch\u1ecdn ON \/ OFF  Giao di\u1ec7n RS232 &amp; ph\u1ea7n m\u1ec1m ph\u00e2n t\u00edch  T\u1ef1 \u0111\u1ed9ng t\u1eaft m\u00e1y  B\u00e1o\u00a0 hi\u1ec7u cho th\u1ea5y \u0111i\u1ec7n n\u0103ng th\u1ea5p  Ngu\u1ed3n \u0111i\u1ec7n d\u00f9ng pin (9V)  K\u00edch th\u01b0\u1edbc: 200 x 155 x 59mm  Tr\u1ecdng l\u01b0\u1ee3ng: 312g (bao g\u1ed3m c\u1ea3 pin)[:]\" \/>\n<meta property=\"og:url\" content=\"https:\/\/labochem.com.vn\/en\/s\u1ea3n ph\u1ea9m\/nhiet-ke-hong-ngoai-model-gm1850\/\" \/>\n<meta property=\"og:site_name\" content=\"C\u00f4ng ty TNHH LABOCHEM Vi\u1ec7t Nam\" \/>\n<meta property=\"article:modified_time\" content=\"2020-05-18T02:03:59+00:00\" \/>\n<meta property=\"og:image\" content=\"https:\/\/labochem.com.vn\/wp-content\/uploads\/2020\/05\/GM1850-3.jpg\" \/>\n\t<meta property=\"og:image:width\" content=\"600\" \/>\n\t<meta property=\"og:image:height\" content=\"600\" \/>\n\t<meta property=\"og:image:type\" content=\"image\/jpeg\" \/>\n<meta name=\"twitter:card\" content=\"summary_large_image\" \/>\n<script type=\"application\/ld+json\" class=\"yoast-schema-graph\">{\"@context\":\"https:\/\/schema.org\",\"@graph\":[{\"@type\":\"WebPage\",\"@id\":\"https:\/\/labochem.com.vn\/en\/s\u1ea3n ph\u1ea9m\/nhiet-ke-hong-ngoai-model-gm1850\/\",\"url\":\"https:\/\/labochem.com.vn\/en\/s\u1ea3n ph\u1ea9m\/nhiet-ke-hong-ngoai-model-gm1850\/\",\"name\":\"[:vi]NHI\u1ec6T K\u1ebe H\u1ed2NG NGO\u1ea0I Model: GM1850[:] - C\u00f4ng ty TNHH LABOCHEM Vi\u1ec7t Nam\",\"isPartOf\":{\"@id\":\"https:\/\/labochem.com.vn\/#website\"},\"primaryImageOfPage\":{\"@id\":\"https:\/\/labochem.com.vn\/en\/s\u1ea3n ph\u1ea9m\/nhiet-ke-hong-ngoai-model-gm1850\/#primaryimage\"},\"image\":{\"@id\":\"https:\/\/labochem.com.vn\/en\/s\u1ea3n ph\u1ea9m\/nhiet-ke-hong-ngoai-model-gm1850\/#primaryimage\"},\"thumbnailUrl\":\"https:\/\/labochem.com.vn\/wp-content\/uploads\/2020\/05\/GM1850-3.jpg\",\"datePublished\":\"2020-05-06T01:46:27+00:00\",\"dateModified\":\"2020-05-18T02:03:59+00:00\",\"breadcrumb\":{\"@id\":\"https:\/\/labochem.com.vn\/en\/s\u1ea3n ph\u1ea9m\/nhiet-ke-hong-ngoai-model-gm1850\/#breadcrumb\"},\"inLanguage\":\"en-US\",\"potentialAction\":[{\"@type\":\"ReadAction\",\"target\":[\"https:\/\/labochem.com.vn\/en\/s\u1ea3n ph\u1ea9m\/nhiet-ke-hong-ngoai-model-gm1850\/\"]}]},{\"@type\":\"ImageObject\",\"inLanguage\":\"en-US\",\"@id\":\"https:\/\/labochem.com.vn\/en\/s\u1ea3n ph\u1ea9m\/nhiet-ke-hong-ngoai-model-gm1850\/#primaryimage\",\"url\":\"https:\/\/labochem.com.vn\/wp-content\/uploads\/2020\/05\/GM1850-3.jpg\",\"contentUrl\":\"https:\/\/labochem.com.vn\/wp-content\/uploads\/2020\/05\/GM1850-3.jpg\",\"width\":600,\"height\":600},{\"@type\":\"BreadcrumbList\",\"@id\":\"https:\/\/labochem.com.vn\/en\/s\u1ea3n ph\u1ea9m\/nhiet-ke-hong-ngoai-model-gm1850\/#breadcrumb\",\"itemListElement\":[{\"@type\":\"ListItem\",\"position\":1,\"name\":\"Home\",\"item\":\"https:\/\/labochem.com.vn\/\"},{\"@type\":\"ListItem\",\"position\":2,\"name\":\"C\u1eeda h\u00e0ng\",\"item\":\"https:\/\/labochem.com.vn\/mua\/\"},{\"@type\":\"ListItem\",\"position\":3,\"name\":\"(Ti\u1ebfng Vi\u1ec7t) NHI\u1ec6T K\u1ebe H\u1ed2NG NGO\u1ea0I Model: GM1850\"}]},{\"@type\":\"WebSite\",\"@id\":\"https:\/\/labochem.com.vn\/#website\",\"url\":\"https:\/\/labochem.com.vn\/\",\"name\":\"C\u00f4ng ty TNHH LABOCHEM Vi\u1ec7t Nam\",\"description\":\"M\u1ed9t trang web m\u1edbi s\u1eed d\u1ee5ng WordPress\",\"potentialAction\":[{\"@type\":\"SearchAction\",\"target\":{\"@type\":\"EntryPoint\",\"urlTemplate\":\"https:\/\/labochem.com.vn\/?s={search_term_string}\"},\"query-input\":\"required name=search_term_string\"}],\"inLanguage\":\"en-US\"}]}<\/script>\n<!-- \/ Yoast SEO plugin. -->","yoast_head_json":{"title":"[:vi]NHI\u1ec6T K\u1ebe H\u1ed2NG NGO\u1ea0I Model: GM1850[:] - C\u00f4ng ty TNHH LABOCHEM Vi\u1ec7t Nam","robots":{"index":"index","follow":"follow","max-snippet":"max-snippet:-1","max-image-preview":"max-image-preview:large","max-video-preview":"max-video-preview:-1"},"canonical":"https:\/\/labochem.com.vn\/en\/s\u1ea3n ph\u1ea9m\/nhiet-ke-hong-ngoai-model-gm1850\/","og_locale":"en_US","og_type":"article","og_title":"[:vi]NHI\u1ec6T K\u1ebe H\u1ed2NG NGO\u1ea0I Model: GM1850[:] - C\u00f4ng ty TNHH LABOCHEM Vi\u1ec7t Nam","og_description":"[:vi]NHI\u1ec6T K\u1ebe H\u1ed2NG NGO\u1ea0I  Model: GM1850  M\u00e1y \u0111o nhi\u1ec7t \u0111\u1ed9 t\u1eeb xa\u00a0GM-1850\u00a0c\u00f3 kh\u1ea3 n\u0103ng \u0111o nh\u1eefng ngu\u1ed3n nhi\u1ec7t t\u1eeb xa, kh\u00f4ng c\u1ea7n ti\u1ebfp x\u00fac tr\u1ef1c ti\u1ebfp l\u00ean \u0111\u1ebfn 1850 \u2103 v\u1edbi \u0111\u1ed9 ch\u00ednh x\u00e1c cao v\u00e0 nhanh ch\u00f3ng. DGM-1850 s\u1eed d\u1ee5ng k\u1ef9 thu\u1eadt \u0111o b\u1eb1ng c\u1ea3m \u1ee9ng b\u1ee9c x\u1ea1 h\u1ed3ng ngo\u1ea1i.  M\u00e1y \u0111o nhi\u1ec7t \u0111\u1ed9 GM-1850\u00a0c\u00f3 t\u1ef7 l\u1ec7 kho\u1ea3ng c\u00e1ch r\u1ea5t cao 80:1 (T\u1ef7 l\u1ec7 c\u00e0ng cao th\u00ec s\u1ebd cho ph\u00e9p \u0111o nhi\u1ec7t \u0111\u1ed9 ch\u00ednh x\u00e1c \u0111\u01b0\u1ee3c \u1edf kho\u1ea3ng c\u00e1ch c\u00e0ng xa: V\u00ed d\u1ee5 \u0111\u01b0\u1eddng k\u00ednh ngu\u1ed3n nhi\u1ec7t l\u00e0 1cm th\u00ec kho\u1ea3ng c\u00e1ch t\u1ed1i \u0111a \u0111\u1ec3 \u0111o nhi\u1ec7t \u0111\u1ed9 ch\u00ednh x\u00e1c l\u00e0 80cm), K\u1ebft h\u1ee3p v\u1edbi 1 tia Laser \u0111\u1ec3 \u0111\u1ecbnh v\u1ecb ngu\u1ed3n nhi\u1ec7t gi\u00fap cho ng\u01b0\u1eddi d\u00f9ng d\u1ec5 d\u00e0ng \u0111o nhi\u1ec7t \u0111\u1ed9 ch\u00ednh x\u00e1c t\u1eeb xa m\u00e0 kh\u00f4ng ph\u1ea3i \u0111\u1ebfn g\u1ea7n.  TH\u00d4NG S\u1ed0 K\u1ef8 THU\u1eacT:   Nhi\u1ec7t \u0111\u1ed9 : 200 ~ 1850 \u2103\u00a0 (392 ~ 3362 \u2109 )  \u0110\u1ed9 ch\u00ednh x\u00e1c : \u00b1 1.5% ho\u1eb7c \u00b11,5 \u2103  \u0110\u1ed9 l\u1eb7p l\u1ea1i : \u00b1 1% ho\u1eb7c \u00b11 \u2103  T\u1ef7 l\u1ec7 kho\u1ea3ng c\u00e1ch r\u1ea5t cao: 80: 1  \u0110\u1ed9 ph\u00e1t x\u1ea1 : 0.1 ~ 1.00 \u0111i\u1ec1u ch\u1ec9nh  \u0110\u1ed9 ph\u00e2n gi\u1ea3i : 0,1 \u2103 \/ \u2109  Th\u1eddi gian \u0111\u00e1p \u1ee9ng : 500ms  B\u01b0\u1edbc s\u00f3ng : 900 -1700nm  MAX \/ MIN \/ AVG \/ DIF \u0111\u1ecdc  Thi\u1ebft l\u1eadp b\u00e1o \u0111\u1ed9ng nhi\u1ec7t \u0111\u1ed9\u00a0 Cao \/ th\u1ea5p  B\u1ed9 nh\u1edb l\u01b0u tr\u1eef 100 d\u1eef li\u1ec7u  L\u1ef1a ch\u1ecdn \u0111\u1ed9 \u2103 \/ \u2109  Ch\u1ee9c n\u0103ng gi\u1eef d\u1eef li\u1ec7u Hold  L\u1ef1a ch\u1ecdn m\u1ee5c ti\u00eau b\u1eb1ng tia Laser  \u0110\u00e8n n\u1ec1n m\u00e0n h\u00ecnh LCD\u00a0 l\u1ef1a ch\u1ecdn ON \/ OFF  Giao di\u1ec7n RS232 &amp; ph\u1ea7n m\u1ec1m ph\u00e2n t\u00edch  T\u1ef1 \u0111\u1ed9ng t\u1eaft m\u00e1y  B\u00e1o\u00a0 hi\u1ec7u cho th\u1ea5y \u0111i\u1ec7n n\u0103ng th\u1ea5p  Ngu\u1ed3n \u0111i\u1ec7n d\u00f9ng pin (9V)  K\u00edch th\u01b0\u1edbc: 200 x 155 x 59mm  Tr\u1ecdng l\u01b0\u1ee3ng: 312g (bao g\u1ed3m c\u1ea3 pin)[:]","og_url":"https:\/\/labochem.com.vn\/en\/s\u1ea3n ph\u1ea9m\/nhiet-ke-hong-ngoai-model-gm1850\/","og_site_name":"C\u00f4ng ty TNHH LABOCHEM Vi\u1ec7t Nam","article_modified_time":"2020-05-18T02:03:59+00:00","og_image":[{"width":600,"height":600,"url":"https:\/\/labochem.com.vn\/wp-content\/uploads\/2020\/05\/GM1850-3.jpg","type":"image\/jpeg"}],"twitter_card":"summary_large_image","schema":{"@context":"https:\/\/schema.org","@graph":[{"@type":"WebPage","@id":"https:\/\/labochem.com.vn\/en\/s\u1ea3n ph\u1ea9m\/nhiet-ke-hong-ngoai-model-gm1850\/","url":"https:\/\/labochem.com.vn\/en\/s\u1ea3n ph\u1ea9m\/nhiet-ke-hong-ngoai-model-gm1850\/","name":"[:vi]NHI\u1ec6T K\u1ebe H\u1ed2NG NGO\u1ea0I Model: GM1850[:] - C\u00f4ng ty TNHH LABOCHEM Vi\u1ec7t Nam","isPartOf":{"@id":"https:\/\/labochem.com.vn\/#website"},"primaryImageOfPage":{"@id":"https:\/\/labochem.com.vn\/en\/s\u1ea3n ph\u1ea9m\/nhiet-ke-hong-ngoai-model-gm1850\/#primaryimage"},"image":{"@id":"https:\/\/labochem.com.vn\/en\/s\u1ea3n ph\u1ea9m\/nhiet-ke-hong-ngoai-model-gm1850\/#primaryimage"},"thumbnailUrl":"https:\/\/labochem.com.vn\/wp-content\/uploads\/2020\/05\/GM1850-3.jpg","datePublished":"2020-05-06T01:46:27+00:00","dateModified":"2020-05-18T02:03:59+00:00","breadcrumb":{"@id":"https:\/\/labochem.com.vn\/en\/s\u1ea3n ph\u1ea9m\/nhiet-ke-hong-ngoai-model-gm1850\/#breadcrumb"},"inLanguage":"en-US","potentialAction":[{"@type":"ReadAction","target":["https:\/\/labochem.com.vn\/en\/s\u1ea3n ph\u1ea9m\/nhiet-ke-hong-ngoai-model-gm1850\/"]}]},{"@type":"ImageObject","inLanguage":"en-US","@id":"https:\/\/labochem.com.vn\/en\/s\u1ea3n ph\u1ea9m\/nhiet-ke-hong-ngoai-model-gm1850\/#primaryimage","url":"https:\/\/labochem.com.vn\/wp-content\/uploads\/2020\/05\/GM1850-3.jpg","contentUrl":"https:\/\/labochem.com.vn\/wp-content\/uploads\/2020\/05\/GM1850-3.jpg","width":600,"height":600},{"@type":"BreadcrumbList","@id":"https:\/\/labochem.com.vn\/en\/s\u1ea3n ph\u1ea9m\/nhiet-ke-hong-ngoai-model-gm1850\/#breadcrumb","itemListElement":[{"@type":"ListItem","position":1,"name":"Home","item":"https:\/\/labochem.com.vn\/"},{"@type":"ListItem","position":2,"name":"C\u1eeda h\u00e0ng","item":"https:\/\/labochem.com.vn\/mua\/"},{"@type":"ListItem","position":3,"name":"(Ti\u1ebfng Vi\u1ec7t) NHI\u1ec6T K\u1ebe H\u1ed2NG NGO\u1ea0I Model: GM1850"}]},{"@type":"WebSite","@id":"https:\/\/labochem.com.vn\/#website","url":"https:\/\/labochem.com.vn\/","name":"C\u00f4ng ty TNHH LABOCHEM Vi\u1ec7t Nam","description":"M\u1ed9t trang web m\u1edbi s\u1eed d\u1ee5ng WordPress","potentialAction":[{"@type":"SearchAction","target":{"@type":"EntryPoint","urlTemplate":"https:\/\/labochem.com.vn\/?s={search_term_string}"},"query-input":"required name=search_term_string"}],"inLanguage":"en-US"}]}},"_links":{"self":[{"href":"https:\/\/labochem.com.vn\/en\/wp-json\/wp\/v2\/product\/165"}],"collection":[{"href":"https:\/\/labochem.com.vn\/en\/wp-json\/wp\/v2\/product"}],"about":[{"href":"https:\/\/labochem.com.vn\/en\/wp-json\/wp\/v2\/types\/product"}],"replies":[{"embeddable":true,"href":"https:\/\/labochem.com.vn\/en\/wp-json\/wp\/v2\/comments?post=165"}],"wp:featuredmedia":[{"embeddable":true,"href":"https:\/\/labochem.com.vn\/en\/wp-json\/wp\/v2\/media\/166"}],"wp:attachment":[{"href":"https:\/\/labochem.com.vn\/en\/wp-json\/wp\/v2\/media?parent=165"}],"wp:term":[{"taxonomy":"product_cat","embeddable":true,"href":"https:\/\/labochem.com.vn\/en\/wp-json\/wp\/v2\/product_cat?post=165"},{"taxonomy":"product_tag","embeddable":true,"href":"https:\/\/labochem.com.vn\/en\/wp-json\/wp\/v2\/product_tag?post=165"}],"curies":[{"name":"wp","href":"https:\/\/api.w.org\/{rel}","templated":true}]}}