{"id":163,"date":"2020-05-06T01:36:50","date_gmt":"2020-05-06T01:36:50","guid":{"rendered":"http:\/\/labochem.com.vn\/?post_type=product&#038;p=163"},"modified":"2020-05-18T02:08:26","modified_gmt":"2020-05-18T02:08:26","slug":"nhiet-ke-hong-ngoai-model-gm1651","status":"publish","type":"product","link":"https:\/\/labochem.com.vn\/en\/s\u1ea3n ph\u1ea9m\/nhiet-ke-hong-ngoai-model-gm1651\/","title":{"rendered":"(Ti\u1ebfng Vi\u1ec7t) NHI\u1ec6T K\u1ebe H\u1ed2NG NGO\u1ea0I Model: GM1651"},"content":{"rendered":"","protected":false},"excerpt":{"rendered":"<p class=\"qtranxs-available-languages-message qtranxs-available-languages-message-en\">Sorry, this entry is only available in <a href=\"https:\/\/labochem.com.vn\/vi\/wp-json\/wp\/v2\/product\/163\" class=\"qtranxs-available-language-link qtranxs-available-language-link-vi\" title=\"Ti\u1ebfng Vi\u1ec7t\">Ti\u1ebfng Vi\u1ec7t<\/a>.<\/p>\n","protected":false},"featured_media":164,"comment_status":"open","ping_status":"closed","template":"","meta":[],"product_cat":[29],"product_tag":[44],"yoast_head":"<!-- This site is optimized with the Yoast SEO plugin v22.6 - https:\/\/yoast.com\/wordpress\/plugins\/seo\/ -->\n<title><\/title>\n<meta name=\"robots\" content=\"index, follow, max-snippet:-1, max-image-preview:large, max-video-preview:-1\" \/>\n<link rel=\"canonical\" href=\"https:\/\/labochem.com.vn\/en\/s\u1ea3n%20ph\u1ea9m\/nhiet-ke-hong-ngoai-model-gm1651\/\" \/>\n<meta property=\"og:locale\" content=\"en_US\" \/>\n<meta property=\"og:type\" content=\"article\" \/>\n<meta property=\"og:title\" content=\"[:vi]NHI\u1ec6T K\u1ebe H\u1ed2NG NGO\u1ea0I Model: GM1651[:] - C\u00f4ng ty TNHH LABOCHEM Vi\u1ec7t Nam\" \/>\n<meta property=\"og:description\" content=\"[:vi]NHI\u1ec6T K\u1ebe H\u1ed2NG NGO\u1ea0I  Model: GM1651  -\u00a0M\u00e1y\u00a0\u0111o nhi\u1ec7t \u0111\u1ed9 h\u1ed3ng ngo\u1ea1i\u00a0GM-1651\u00a0c\u00f3 kh\u1ea3 n\u0103ng \u0111o nh\u1eefng ngu\u1ed3n nhi\u1ec7t t\u1eeb xa, kh\u00f4ng c\u1ea7n ti\u1ebfp x\u00fac tr\u1ef1c ti\u1ebfp v\u1edbi \u0111\u1ed9 ch\u00ednh x\u00e1c cao v\u00e0 nhanh ch\u00f3ng. GM-1651 s\u1eed d\u1ee5ng k\u1ef9 thu\u1eadt \u0111o b\u1eb1ng h\u1ed3ng ngo\u1ea1i, k\u1ebft h\u1ee3p v\u1edbi k\u1ef9 thu\u1eadt laser \u0111\u1ec3 \u0111\u1ecbnh v\u1ecb ngu\u1ed3n nhi\u1ec7t. Kho\u1ea3ng \u0111o c\u1ee7a m\u00e1y l\u00e0 t\u1eeb -50 ~ 1650 \u00b0C. - M\u00e1y \u0111o GM-1651 c\u00f3 m\u00e0n h\u00ecnh LCD k\u00edch th\u01b0\u1edbc l\u1edbn, ho\u1ea1t \u0111\u1ed9ng \u0111a ch\u1ee9c n\u0103ng, ti\u00eau th\u1ee5 \u0111i\u1ec7n n\u0103ng th\u1ea5p v\u00e0 \u0111\u1eb7c bi\u1ec7t c\u00f3 s\u1ef1 ho\u1ea1t \u0111\u1ed9ng \u1ed5n \u0111\u1ecbnh v\u1edbi \u0111\u1ed9 ch\u00ednh x\u00e1c cao. - Ngo\u00e0i ra m\u00e1y \u0111o nhi\u1ec7t \u0111\u1ed9 GM-1651 c\u00f2n c\u00f3 th\u1ec3 t\u1ef1 \u0111\u1ed9ng t\u1eaft m\u00e1y gi\u00fap ti\u1ebft ki\u1ec7m pin \u0111\u00e1ng k\u1ec3. Ph\u00edm b\u1ea5m \u00eam thao t\u00e1c d\u1ec5 d\u00e0ng. M\u00e1y cung c\u1ea5p c\u00e1c ch\u1ee9c n\u0103ng xem nh\u01b0: Data hold, chuy\u1ec3n \u0111\u1ed5i \u0111\u01a1n v\u1ecb \u0111o v\u00e0 hi\u1ec3n th\u1ecb \u00baC\/\u00baF.  *\u00a0C\u00e1c \u1ee9ng d\u1ee5ng c\u1ee7a GM1651:  \u2013\u00a0\u1ee8ng d\u1ee5ng trong Th\u00f4ng gi\u00f3, \u0111i\u1ec1u h\u00f2a kh\u00f4ng kh\u00ed v\u00e0 l\u00e0m l\u1ea1nh \u2013 Ph\u1ee5c v\u1ee5 trong ng\u00e0nh c\u00f4ng nghi\u1ec7p \u00f4 t\u00f4, \u0110i\u1ec7n &amp; \u0111i\u1ec7n \u00e1p \/ l\u0129nh v\u1ef1c thanh tra hi\u1ec7n h\u00e0nh, x\u1eed l\u00fd n\u01b0\u1edbc v\u00e0 ki\u1ec3m tra ch\u1ea5t l\u01b0\u1ee3ng n\u01b0\u1edbc, Ki\u1ec3m so\u00e1t m\u00f4i tr\u01b0\u1eddng, ng\u00e0nh c\u00f4ng nghi\u1ec7p kh\u00ed \u0111\u1ed1t, ng\u00e0nh c\u00f4ng nghi\u1ec7p ch\u1ebf bi\u1ebfn th\u1ef1c ph\u1ea9m.  Th\u00f4ng s\u1ed1 k\u1ef9 thu\u1eadt:  Nhi\u1ec7t \u0111\u1ed9 \u0111o: -30 ~ 1650 \u2103 (-22~3002 \u2109)  \u0110\u1ed9 ch\u00ednh x\u00e1c: \u00b1 1.5% ho\u1eb7c \u00b1 1,5 \u2103  \u0110\u1ed9 l\u1eb7p l\u1ea1i: \u00b1 1% ho\u1eb7c \u00b1 1 \u2103  T\u1ef7 l\u1ec7 kho\u1ea3ng c\u00e1ch \u0111i\u1ec3m \u0111o: 50: 1  \u0110\u1ed9 ph\u00e1t x\u1ea1: 0.1 ~ 1.00 c\u00f3 th\u1ec3 \u0111i\u1ec1u ch\u1ec9nh  \u0110\u1ed9 ph\u00e2n gi\u1ea3i: 0,1 \u2103 \/ \u2109  Th\u1eddi gian \u0111\u00e1p \u1ee9ng: 500ms  B\u01b0\u1edbc s\u00f3ng: 8-14\u03bcm  B\u00e1o khi nhi\u1ec7t \u0111\u1ed9 cao\/th\u1ea5p  Ch\u1ee9c n\u0103ng l\u01b0u tr\u1eef\/g\u1ecdi l\u1ea1i d\u1eef li\u1ec7u  \u0110\u1ea1i l\u01b0\u1ee3ng \u0111o \u2103 \/ \u2109  Ch\u1ee9c n\u0103ng l\u01b0u gi\u1eef gi\u00e1 tr\u1ecb \u0111o  L\u1ef1a ch\u1ecdn \u0111i\u1ec3m \u0111o b\u1eb1ng laser  B\u00e1o khi \u0111i\u1ec7n n\u0103ng th\u1ea5p  Ngu\u1ed3n \u0111i\u1ec7n d\u00f9ng pin  K\u00edch th\u01b0\u1edbc: 141x 60 x 200mm  Tr\u1ecdng l\u01b0\u1ee3ng: 270g (bao g\u1ed3m c\u1ea3 pin)[:]\" \/>\n<meta property=\"og:url\" content=\"https:\/\/labochem.com.vn\/en\/s\u1ea3n ph\u1ea9m\/nhiet-ke-hong-ngoai-model-gm1651\/\" \/>\n<meta property=\"og:site_name\" content=\"C\u00f4ng ty TNHH LABOCHEM Vi\u1ec7t Nam\" \/>\n<meta property=\"article:modified_time\" content=\"2020-05-18T02:08:26+00:00\" \/>\n<meta property=\"og:image\" content=\"https:\/\/labochem.com.vn\/wp-content\/uploads\/2020\/05\/GM1651.jpg\" \/>\n\t<meta property=\"og:image:width\" content=\"800\" \/>\n\t<meta property=\"og:image:height\" content=\"800\" \/>\n\t<meta property=\"og:image:type\" content=\"image\/jpeg\" \/>\n<meta name=\"twitter:card\" content=\"summary_large_image\" \/>\n<script type=\"application\/ld+json\" class=\"yoast-schema-graph\">{\"@context\":\"https:\/\/schema.org\",\"@graph\":[{\"@type\":\"WebPage\",\"@id\":\"https:\/\/labochem.com.vn\/en\/s\u1ea3n ph\u1ea9m\/nhiet-ke-hong-ngoai-model-gm1651\/\",\"url\":\"https:\/\/labochem.com.vn\/en\/s\u1ea3n ph\u1ea9m\/nhiet-ke-hong-ngoai-model-gm1651\/\",\"name\":\"[:vi]NHI\u1ec6T K\u1ebe H\u1ed2NG NGO\u1ea0I Model: GM1651[:] - C\u00f4ng ty TNHH LABOCHEM Vi\u1ec7t Nam\",\"isPartOf\":{\"@id\":\"https:\/\/labochem.com.vn\/#website\"},\"primaryImageOfPage\":{\"@id\":\"https:\/\/labochem.com.vn\/en\/s\u1ea3n ph\u1ea9m\/nhiet-ke-hong-ngoai-model-gm1651\/#primaryimage\"},\"image\":{\"@id\":\"https:\/\/labochem.com.vn\/en\/s\u1ea3n ph\u1ea9m\/nhiet-ke-hong-ngoai-model-gm1651\/#primaryimage\"},\"thumbnailUrl\":\"https:\/\/labochem.com.vn\/wp-content\/uploads\/2020\/05\/GM1651.jpg\",\"datePublished\":\"2020-05-06T01:36:50+00:00\",\"dateModified\":\"2020-05-18T02:08:26+00:00\",\"breadcrumb\":{\"@id\":\"https:\/\/labochem.com.vn\/en\/s\u1ea3n ph\u1ea9m\/nhiet-ke-hong-ngoai-model-gm1651\/#breadcrumb\"},\"inLanguage\":\"en-US\",\"potentialAction\":[{\"@type\":\"ReadAction\",\"target\":[\"https:\/\/labochem.com.vn\/en\/s\u1ea3n ph\u1ea9m\/nhiet-ke-hong-ngoai-model-gm1651\/\"]}]},{\"@type\":\"ImageObject\",\"inLanguage\":\"en-US\",\"@id\":\"https:\/\/labochem.com.vn\/en\/s\u1ea3n ph\u1ea9m\/nhiet-ke-hong-ngoai-model-gm1651\/#primaryimage\",\"url\":\"https:\/\/labochem.com.vn\/wp-content\/uploads\/2020\/05\/GM1651.jpg\",\"contentUrl\":\"https:\/\/labochem.com.vn\/wp-content\/uploads\/2020\/05\/GM1651.jpg\",\"width\":800,\"height\":800},{\"@type\":\"BreadcrumbList\",\"@id\":\"https:\/\/labochem.com.vn\/en\/s\u1ea3n ph\u1ea9m\/nhiet-ke-hong-ngoai-model-gm1651\/#breadcrumb\",\"itemListElement\":[{\"@type\":\"ListItem\",\"position\":1,\"name\":\"Home\",\"item\":\"https:\/\/labochem.com.vn\/\"},{\"@type\":\"ListItem\",\"position\":2,\"name\":\"C\u1eeda h\u00e0ng\",\"item\":\"https:\/\/labochem.com.vn\/mua\/\"},{\"@type\":\"ListItem\",\"position\":3,\"name\":\"(Ti\u1ebfng Vi\u1ec7t) NHI\u1ec6T K\u1ebe H\u1ed2NG NGO\u1ea0I Model: GM1651\"}]},{\"@type\":\"WebSite\",\"@id\":\"https:\/\/labochem.com.vn\/#website\",\"url\":\"https:\/\/labochem.com.vn\/\",\"name\":\"C\u00f4ng ty TNHH LABOCHEM Vi\u1ec7t Nam\",\"description\":\"M\u1ed9t trang web m\u1edbi s\u1eed d\u1ee5ng WordPress\",\"potentialAction\":[{\"@type\":\"SearchAction\",\"target\":{\"@type\":\"EntryPoint\",\"urlTemplate\":\"https:\/\/labochem.com.vn\/?s={search_term_string}\"},\"query-input\":\"required name=search_term_string\"}],\"inLanguage\":\"en-US\"}]}<\/script>\n<!-- \/ Yoast SEO plugin. -->","yoast_head_json":{"title":"[:vi]NHI\u1ec6T K\u1ebe H\u1ed2NG NGO\u1ea0I Model: GM1651[:] - C\u00f4ng ty TNHH LABOCHEM Vi\u1ec7t Nam","robots":{"index":"index","follow":"follow","max-snippet":"max-snippet:-1","max-image-preview":"max-image-preview:large","max-video-preview":"max-video-preview:-1"},"canonical":"https:\/\/labochem.com.vn\/en\/s\u1ea3n ph\u1ea9m\/nhiet-ke-hong-ngoai-model-gm1651\/","og_locale":"en_US","og_type":"article","og_title":"[:vi]NHI\u1ec6T K\u1ebe H\u1ed2NG NGO\u1ea0I Model: GM1651[:] - C\u00f4ng ty TNHH LABOCHEM Vi\u1ec7t Nam","og_description":"[:vi]NHI\u1ec6T K\u1ebe H\u1ed2NG NGO\u1ea0I  Model: GM1651  -\u00a0M\u00e1y\u00a0\u0111o nhi\u1ec7t \u0111\u1ed9 h\u1ed3ng ngo\u1ea1i\u00a0GM-1651\u00a0c\u00f3 kh\u1ea3 n\u0103ng \u0111o nh\u1eefng ngu\u1ed3n nhi\u1ec7t t\u1eeb xa, kh\u00f4ng c\u1ea7n ti\u1ebfp x\u00fac tr\u1ef1c ti\u1ebfp v\u1edbi \u0111\u1ed9 ch\u00ednh x\u00e1c cao v\u00e0 nhanh ch\u00f3ng. GM-1651 s\u1eed d\u1ee5ng k\u1ef9 thu\u1eadt \u0111o b\u1eb1ng h\u1ed3ng ngo\u1ea1i, k\u1ebft h\u1ee3p v\u1edbi k\u1ef9 thu\u1eadt laser \u0111\u1ec3 \u0111\u1ecbnh v\u1ecb ngu\u1ed3n nhi\u1ec7t. Kho\u1ea3ng \u0111o c\u1ee7a m\u00e1y l\u00e0 t\u1eeb -50 ~ 1650 \u00b0C. - M\u00e1y \u0111o GM-1651 c\u00f3 m\u00e0n h\u00ecnh LCD k\u00edch th\u01b0\u1edbc l\u1edbn, ho\u1ea1t \u0111\u1ed9ng \u0111a ch\u1ee9c n\u0103ng, ti\u00eau th\u1ee5 \u0111i\u1ec7n n\u0103ng th\u1ea5p v\u00e0 \u0111\u1eb7c bi\u1ec7t c\u00f3 s\u1ef1 ho\u1ea1t \u0111\u1ed9ng \u1ed5n \u0111\u1ecbnh v\u1edbi \u0111\u1ed9 ch\u00ednh x\u00e1c cao. - Ngo\u00e0i ra m\u00e1y \u0111o nhi\u1ec7t \u0111\u1ed9 GM-1651 c\u00f2n c\u00f3 th\u1ec3 t\u1ef1 \u0111\u1ed9ng t\u1eaft m\u00e1y gi\u00fap ti\u1ebft ki\u1ec7m pin \u0111\u00e1ng k\u1ec3. Ph\u00edm b\u1ea5m \u00eam thao t\u00e1c d\u1ec5 d\u00e0ng. M\u00e1y cung c\u1ea5p c\u00e1c ch\u1ee9c n\u0103ng xem nh\u01b0: Data hold, chuy\u1ec3n \u0111\u1ed5i \u0111\u01a1n v\u1ecb \u0111o v\u00e0 hi\u1ec3n th\u1ecb \u00baC\/\u00baF.  *\u00a0C\u00e1c \u1ee9ng d\u1ee5ng c\u1ee7a GM1651:  \u2013\u00a0\u1ee8ng d\u1ee5ng trong Th\u00f4ng gi\u00f3, \u0111i\u1ec1u h\u00f2a kh\u00f4ng kh\u00ed v\u00e0 l\u00e0m l\u1ea1nh \u2013 Ph\u1ee5c v\u1ee5 trong ng\u00e0nh c\u00f4ng nghi\u1ec7p \u00f4 t\u00f4, \u0110i\u1ec7n &amp; \u0111i\u1ec7n \u00e1p \/ l\u0129nh v\u1ef1c thanh tra hi\u1ec7n h\u00e0nh, x\u1eed l\u00fd n\u01b0\u1edbc v\u00e0 ki\u1ec3m tra ch\u1ea5t l\u01b0\u1ee3ng n\u01b0\u1edbc, Ki\u1ec3m so\u00e1t m\u00f4i tr\u01b0\u1eddng, ng\u00e0nh c\u00f4ng nghi\u1ec7p kh\u00ed \u0111\u1ed1t, ng\u00e0nh c\u00f4ng nghi\u1ec7p ch\u1ebf bi\u1ebfn th\u1ef1c ph\u1ea9m.  Th\u00f4ng s\u1ed1 k\u1ef9 thu\u1eadt:  Nhi\u1ec7t \u0111\u1ed9 \u0111o: -30 ~ 1650 \u2103 (-22~3002 \u2109)  \u0110\u1ed9 ch\u00ednh x\u00e1c: \u00b1 1.5% ho\u1eb7c \u00b1 1,5 \u2103  \u0110\u1ed9 l\u1eb7p l\u1ea1i: \u00b1 1% ho\u1eb7c \u00b1 1 \u2103  T\u1ef7 l\u1ec7 kho\u1ea3ng c\u00e1ch \u0111i\u1ec3m \u0111o: 50: 1  \u0110\u1ed9 ph\u00e1t x\u1ea1: 0.1 ~ 1.00 c\u00f3 th\u1ec3 \u0111i\u1ec1u ch\u1ec9nh  \u0110\u1ed9 ph\u00e2n gi\u1ea3i: 0,1 \u2103 \/ \u2109  Th\u1eddi gian \u0111\u00e1p \u1ee9ng: 500ms  B\u01b0\u1edbc s\u00f3ng: 8-14\u03bcm  B\u00e1o khi nhi\u1ec7t \u0111\u1ed9 cao\/th\u1ea5p  Ch\u1ee9c n\u0103ng l\u01b0u tr\u1eef\/g\u1ecdi l\u1ea1i d\u1eef li\u1ec7u  \u0110\u1ea1i l\u01b0\u1ee3ng \u0111o \u2103 \/ \u2109  Ch\u1ee9c n\u0103ng l\u01b0u gi\u1eef gi\u00e1 tr\u1ecb \u0111o  L\u1ef1a ch\u1ecdn \u0111i\u1ec3m \u0111o b\u1eb1ng laser  B\u00e1o khi \u0111i\u1ec7n n\u0103ng th\u1ea5p  Ngu\u1ed3n \u0111i\u1ec7n d\u00f9ng pin  K\u00edch th\u01b0\u1edbc: 141x 60 x 200mm  Tr\u1ecdng l\u01b0\u1ee3ng: 270g (bao g\u1ed3m c\u1ea3 pin)[:]","og_url":"https:\/\/labochem.com.vn\/en\/s\u1ea3n ph\u1ea9m\/nhiet-ke-hong-ngoai-model-gm1651\/","og_site_name":"C\u00f4ng ty TNHH LABOCHEM Vi\u1ec7t Nam","article_modified_time":"2020-05-18T02:08:26+00:00","og_image":[{"width":800,"height":800,"url":"https:\/\/labochem.com.vn\/wp-content\/uploads\/2020\/05\/GM1651.jpg","type":"image\/jpeg"}],"twitter_card":"summary_large_image","schema":{"@context":"https:\/\/schema.org","@graph":[{"@type":"WebPage","@id":"https:\/\/labochem.com.vn\/en\/s\u1ea3n ph\u1ea9m\/nhiet-ke-hong-ngoai-model-gm1651\/","url":"https:\/\/labochem.com.vn\/en\/s\u1ea3n ph\u1ea9m\/nhiet-ke-hong-ngoai-model-gm1651\/","name":"[:vi]NHI\u1ec6T K\u1ebe H\u1ed2NG NGO\u1ea0I Model: GM1651[:] - C\u00f4ng ty TNHH LABOCHEM Vi\u1ec7t Nam","isPartOf":{"@id":"https:\/\/labochem.com.vn\/#website"},"primaryImageOfPage":{"@id":"https:\/\/labochem.com.vn\/en\/s\u1ea3n ph\u1ea9m\/nhiet-ke-hong-ngoai-model-gm1651\/#primaryimage"},"image":{"@id":"https:\/\/labochem.com.vn\/en\/s\u1ea3n ph\u1ea9m\/nhiet-ke-hong-ngoai-model-gm1651\/#primaryimage"},"thumbnailUrl":"https:\/\/labochem.com.vn\/wp-content\/uploads\/2020\/05\/GM1651.jpg","datePublished":"2020-05-06T01:36:50+00:00","dateModified":"2020-05-18T02:08:26+00:00","breadcrumb":{"@id":"https:\/\/labochem.com.vn\/en\/s\u1ea3n ph\u1ea9m\/nhiet-ke-hong-ngoai-model-gm1651\/#breadcrumb"},"inLanguage":"en-US","potentialAction":[{"@type":"ReadAction","target":["https:\/\/labochem.com.vn\/en\/s\u1ea3n ph\u1ea9m\/nhiet-ke-hong-ngoai-model-gm1651\/"]}]},{"@type":"ImageObject","inLanguage":"en-US","@id":"https:\/\/labochem.com.vn\/en\/s\u1ea3n ph\u1ea9m\/nhiet-ke-hong-ngoai-model-gm1651\/#primaryimage","url":"https:\/\/labochem.com.vn\/wp-content\/uploads\/2020\/05\/GM1651.jpg","contentUrl":"https:\/\/labochem.com.vn\/wp-content\/uploads\/2020\/05\/GM1651.jpg","width":800,"height":800},{"@type":"BreadcrumbList","@id":"https:\/\/labochem.com.vn\/en\/s\u1ea3n ph\u1ea9m\/nhiet-ke-hong-ngoai-model-gm1651\/#breadcrumb","itemListElement":[{"@type":"ListItem","position":1,"name":"Home","item":"https:\/\/labochem.com.vn\/"},{"@type":"ListItem","position":2,"name":"C\u1eeda h\u00e0ng","item":"https:\/\/labochem.com.vn\/mua\/"},{"@type":"ListItem","position":3,"name":"(Ti\u1ebfng Vi\u1ec7t) NHI\u1ec6T K\u1ebe H\u1ed2NG NGO\u1ea0I Model: GM1651"}]},{"@type":"WebSite","@id":"https:\/\/labochem.com.vn\/#website","url":"https:\/\/labochem.com.vn\/","name":"C\u00f4ng ty TNHH LABOCHEM Vi\u1ec7t Nam","description":"M\u1ed9t trang web m\u1edbi s\u1eed d\u1ee5ng WordPress","potentialAction":[{"@type":"SearchAction","target":{"@type":"EntryPoint","urlTemplate":"https:\/\/labochem.com.vn\/?s={search_term_string}"},"query-input":"required name=search_term_string"}],"inLanguage":"en-US"}]}},"_links":{"self":[{"href":"https:\/\/labochem.com.vn\/en\/wp-json\/wp\/v2\/product\/163"}],"collection":[{"href":"https:\/\/labochem.com.vn\/en\/wp-json\/wp\/v2\/product"}],"about":[{"href":"https:\/\/labochem.com.vn\/en\/wp-json\/wp\/v2\/types\/product"}],"replies":[{"embeddable":true,"href":"https:\/\/labochem.com.vn\/en\/wp-json\/wp\/v2\/comments?post=163"}],"wp:featuredmedia":[{"embeddable":true,"href":"https:\/\/labochem.com.vn\/en\/wp-json\/wp\/v2\/media\/164"}],"wp:attachment":[{"href":"https:\/\/labochem.com.vn\/en\/wp-json\/wp\/v2\/media?parent=163"}],"wp:term":[{"taxonomy":"product_cat","embeddable":true,"href":"https:\/\/labochem.com.vn\/en\/wp-json\/wp\/v2\/product_cat?post=163"},{"taxonomy":"product_tag","embeddable":true,"href":"https:\/\/labochem.com.vn\/en\/wp-json\/wp\/v2\/product_tag?post=163"}],"curies":[{"name":"wp","href":"https:\/\/api.w.org\/{rel}","templated":true}]}}