{"id":159,"date":"2020-05-06T01:28:40","date_gmt":"2020-05-06T01:28:40","guid":{"rendered":"http:\/\/labochem.com.vn\/?post_type=product&#038;p=159"},"modified":"2020-06-12T08:58:00","modified_gmt":"2020-06-12T08:58:00","slug":"nhiet-ke-hong-ngoai-model-gm1350","status":"publish","type":"product","link":"https:\/\/labochem.com.vn\/en\/s\u1ea3n ph\u1ea9m\/nhiet-ke-hong-ngoai-model-gm1350\/","title":{"rendered":"Infrared Thermometer GM1350"},"content":{"rendered":"","protected":false},"excerpt":{"rendered":"<p><strong>INFRARED THERMOMETER<\/strong><\/p>\n<p><strong>MODEL:GM1350<\/strong><\/p>\n<p>This infrared thermometer is use for measuring the temperature of the object&#8217;s surface, which is applicable for various hot, hazardous or hard-to reach objects without contact safely and quickly.<\/p>\n<p>This unit consist of Optics, Temperature Sensor Signal amplifier, Processing circuit and LCD Display. The Optics collected the infrared energy emitted by object and focus onto the Sensor. This signal will be turned out to be digital shown on the LCD after the signal amplifier and processing circuit.<\/p>\n<p><span style=\"text-decoration: underline;\"><strong>Specification<\/strong><\/span>:<\/p>\n<p>&#8211; Temperature range: -18 ~ 1350 \u2103 (0 ~ 2462 \u2109)<\/p>\n<p>&#8211; Accuracy: \u00b1 1.5% or \u00b1 1,5 \u2103<\/p>\n<p>&#8211; Repeatability: \u00b1 1% or \u00b1 1 \u2103<\/p>\n<p>&#8211; Distance to Spot size: 50: 1<\/p>\n<p>&#8211; Emissivity: 0.1 ~ 1.00 Adjustable<\/p>\n<p>&#8211; Resolution: 0,1 \u2103 \/ \u2109<\/p>\n<p>&#8211; Response time: 500ms<\/p>\n<p>&#8211; Spectral response: 8\u03bcm-14\u03bcm<\/p>\n<p>&#8211; Hi-Low temperature alarm setup<\/p>\n<p>&#8211; Data store\/recall<\/p>\n<p>&#8211; Measured unit:\u00a0 \u2103 \/ \u2109<\/p>\n<p>&#8211; Datas hold function<\/p>\n<p>&#8211; Laser measuring point<\/p>\n<p>&#8211; Auto power off<\/p>\n<p>&#8211; Low battery indication<\/p>\n<p>&#8211; Power: Battery<\/p>\n<p>&#8211; Dimension: 200 x 155 x 59mm<\/p>\n<p>&#8211; Weight: 312g (Including battery)<\/p>\n","protected":false},"featured_media":160,"comment_status":"open","ping_status":"closed","template":"","meta":[],"product_cat":[29],"product_tag":[445],"yoast_head":"<!-- This site is optimized with the Yoast SEO plugin v22.6 - https:\/\/yoast.com\/wordpress\/plugins\/seo\/ -->\n<title>Infrared Thermometer GM1350 - C\u00f4ng ty TNHH LABOCHEM Vi\u1ec7t Nam<\/title>\n<meta name=\"robots\" content=\"index, follow, max-snippet:-1, max-image-preview:large, max-video-preview:-1\" \/>\n<link rel=\"canonical\" href=\"https:\/\/labochem.com.vn\/s\u1ea3n%20ph\u1ea9m\/nhiet-ke-hong-ngoai-model-gm1350\/\" \/>\n<meta property=\"og:locale\" content=\"en_US\" \/>\n<meta property=\"og:type\" content=\"article\" \/>\n<meta property=\"og:title\" content=\"[:vi]NHI\u1ec6T K\u1ebe H\u1ed2NG NGO\u1ea0I Model: GM1350[:en]Infrared Thermometer GM1350[:] - C\u00f4ng ty TNHH LABOCHEM Vi\u1ec7t Nam\" \/>\n<meta property=\"og:description\" content=\"[:vi]NHI\u1ec6T K\u1ebe H\u1ed2NG NGO\u1ea0I  Model: GM1350   \u00a0Nhi\u1ec7t k\u1ebf h\u1ed3ng ngo\u1ea1i GM 1350 l\u00e0 m\u00e1y \u0111o nhi\u1ec7t \u0111\u1ed9 k\u1ef9 thu\u1eadt s\u1ed1 \u1ee9ng d\u1ee5ng tia h\u1ed3ng ngo\u1ea1i \u0111\u1ec3 x\u00e1c \u0111\u1ecbnh nhi\u1ec7t \u0111\u1ed9 t\u1ea1i \u0111i\u1ec3m c\u1ea7n \u0111o m\u00e0 kh\u00f4ng c\u1ea7n ti\u1ebfp x\u00fac v\u1edbi b\u1ec1 m\u1eb7t \u1ee9ng d\u1ee5ng cho c\u00e1c tr\u01b0\u1eddng h\u1ee3p v\u1eadt n\u00f3ng, \u0111\u1ed9c h\u1ea1i, kh\u00f3 kh\u0103n khi ti\u1ebfp c\u1eadn.\u00a0M\u00e1y \u0111o nhi\u1ec7t \u0111\u1ed9 h\u1ed3ng ngo\u1ea1i GM1350\u00a0c\u00f3 ph\u1ea1m vi \u0111o nhi\u1ec7t \u0111\u1ed9\u00a0 r\u1ed9ng, c\u00f3 th\u1ec3 chuy\u1ec3n \u0111\u1ed5i gi\u1eefa \u0111\u1ed9 \u00b0C v\u00e0 \u0111\u1ed9 \u00b0F.\u00a0M\u00e1y \u0111o nhi\u1ec7t \u0111\u1ed9 h\u1ed3ng ngo\u1ea1i GM1350\u00a0\u0111o nhi\u1ec7t \u0111\u1ed9 b\u1ec1 m\u1eb7t c\u1ee7a m\u1ed9t \u0111\u1ed1i t\u01b0\u1ee3ng, \u0111\u01a1n v\u1ecb quang h\u1ecdc ph\u00e1t ra t\u00edn hi\u1ec7u, ph\u1ea3n \u00e1nh v\u00e0 truy\u1ec1n n\u0103ng l\u01b0\u1ee3ng thu th\u1eadp \u0111\u01b0\u1ee3c v\u00e0 t\u1eadp trung v\u00e0o m\u1ed9t m\u00e1y d\u00f2, thi\u1ebft b\u1ecb \u0111i\u1ec7n t\u1eed d\u1ecbch c\u00e1c th\u00f4ng tin nhi\u1ec7t \u0111\u1ed9 \u0111\u00e3 \u0111\u1ecdc \u0111\u01b0\u1ee3c v\u00e0 hi\u1ec3n th\u1ecb tr\u00ean m\u00e0n h\u00ecnh LCD.  \u01afu \u0111i\u1ec3m\u00a0M\u00e1y \u0111o nhi\u1ec7t \u0111\u1ed9 h\u1ed3ng ngo\u1ea1i GM1350- Cho ph\u00e9p \u0111o c\u00e1c v\u1eadt th\u1ec3 chuy\u1ec3n \u0111\u1ed9ng v\u1edbi nhi\u1ec7t \u0111\u1ed9 ho\u1eb7c c\u00e1c v\u1eadt th\u1ec3 n\u1eb1m \u1edf nh\u1eefng m\u00f4i tr\u01b0\u1eddng nguy hi\u1ec3m nh\u01b0 tr\u00ean cao, trong d\u00e2y chuy\u1ec1n \u0111ang s\u1ea3n xu\u1ea5t.- \u0110o nhi\u1ec7t \u0111\u1ed9 m\u00e0 kh\u00f4ng s\u1ee3 v\u1ea5n \u0111\u1ec1 ph\u1ea3n \u1ee9ng l\u1ea1i c\u1ee7a v\u1eadt th\u1ec3 nh\u01b0 dung m\u00f4i, acid\u2026.v\u00e0 kh\u00f4ng g\u00e2y t\u1ed5n h\u1ea1i \u0111\u1ebfn v\u1eadt th\u1ec3 \u0111o.- Tu\u1ed5i th\u1ecd \u0111o l\u01b0\u1eddng cao, b\u1ec1n b\u1ec9, m\u00e1y ph\u1ea3n \u1ee9ng nhi\u1ec7t \u0111\u1ed9 v\u1eadt th\u1ec3 \u0111o v\u1edbi \u0111\u1ed9 tr\u1ebd th\u1eddi gian ng\u1eafn nh\u1ea5t.Th\u00f4ng s\u1ed1 k\u0129 thu\u1eadt\u00a0M\u00e1y \u0111o nhi\u1ec7t \u0111\u1ed9 h\u1ed3ng ngo\u1ea1i GM1350:  - Nhi\u1ec7t \u0111\u1ed9 \u0111o: -18 ~ 1350\u00a0\u2103\u00a0(0 ~ 2462\u00a0\u2109)  - \u0110\u1ed9 ch\u00ednh x\u00e1c: \u00b1 1.5% ho\u1eb7c \u00b1 1,5\u00a0\u2103  - \u0110\u1ed9 l\u1eb7p l\u1ea1i: \u00b1 1% ho\u1eb7c \u00b1 1\u00a0\u2103  - T\u1ef7 l\u1ec7 kho\u1ea3ng c\u00e1ch \u0111i\u1ec3m \u0111o: 50: 1  - \u0110\u1ed9 ph\u00e1t x\u1ea1: 0.1 ~ 1.00 c\u00f3 th\u1ec3 \u0111i\u1ec1u ch\u1ec9nh  - \u0110\u1ed9 ph\u00e2n gi\u1ea3i: 0,1\u00a0\u2103\u00a0\/\u00a0\u2109  - Th\u1eddi gian \u0111\u00e1p \u1ee9ng: 500ms  - B\u01b0\u1edbc s\u00f3ng: 8-14\u03bcm  - B\u00e1o khi nhi\u1ec7t \u0111\u1ed9 cao\/th\u1ea5p  - Ch\u1ee9c n\u0103ng l\u01b0u tr\u1eef\/g\u1ecdi l\u1ea1i d\u1eef li\u1ec7u  - \u0110\u1ea1i l\u01b0\u1ee3ng \u0111o\u00a0\u2103\u00a0\/\u00a0\u2109  - Ch\u1ee9c n\u0103ng gi\u1eef gi\u00e1 tr\u1ecb \u0111o  - L\u1ef1a ch\u1ecdn \u0111i\u1ec3m \u0111o b\u1eb1ng laser  - T\u1ef1 \u0111\u1ed9ng ng\u1eaft ngu\u1ed3n  - B\u00e1o khi \u0111i\u1ec7n n\u0103ng th\u1ea5p  - Ngu\u1ed3n \u0111i\u1ec7n d\u00f9ng pin  - K\u00edch th\u01b0\u1edbc: 200 x 155 x 59mm  - Tr\u1ecdng l\u01b0\u1ee3ng: 312g (bao g\u1ed3m c\u1ea3 pin) [:en]INFRARED THERMOMETER  MODEL:GM1350  This infrared thermometer is use for measuring the temperature of the object&#039;s surface, which is applicable for various hot, hazardous or hard-to reach objects without contact safely and quickly.  This unit consist of Optics, Temperature Sensor Signal amplifier, Processing circuit and LCD Display. The Optics collected the infrared energy emitted by object and focus onto the Sensor. This signal will be turned out to be digital shown on the LCD after the signal amplifier and processing circuit.  Specification:  - Temperature range: -18 ~ 1350 \u2103 (0 ~ 2462 \u2109)  - Accuracy: \u00b1 1.5% or \u00b1 1,5 \u2103  - Repeatability: \u00b1 1% or \u00b1 1 \u2103  - Distance to Spot size: 50: 1  - Emissivity: 0.1 ~ 1.00 Adjustable  - Resolution: 0,1 \u2103 \/ \u2109  - Response time: 500ms  - Spectral response: 8\u03bcm-14\u03bcm  - Hi-Low temperature alarm setup  - Data store\/recall  - Measured unit:\u00a0 \u2103 \/ \u2109  - Datas hold function  - Laser measuring point  - Auto power off  - Low battery indication  - Power: Battery  - Dimension: 200 x 155 x 59mm  - Weight: 312g (Including battery)[:]\" \/>\n<meta property=\"og:url\" content=\"https:\/\/labochem.com.vn\/s\u1ea3n ph\u1ea9m\/nhiet-ke-hong-ngoai-model-gm1350\/\" \/>\n<meta property=\"og:site_name\" content=\"C\u00f4ng ty TNHH LABOCHEM Vi\u1ec7t Nam\" \/>\n<meta property=\"article:modified_time\" content=\"2020-06-12T08:58:00+00:00\" \/>\n<meta property=\"og:image\" content=\"https:\/\/labochem.com.vn\/wp-content\/uploads\/2020\/05\/gm1350.jpg\" \/>\n\t<meta property=\"og:image:width\" content=\"1500\" \/>\n\t<meta property=\"og:image:height\" content=\"1420\" \/>\n\t<meta property=\"og:image:type\" content=\"image\/jpeg\" \/>\n<meta name=\"twitter:card\" content=\"summary_large_image\" \/>\n<script type=\"application\/ld+json\" class=\"yoast-schema-graph\">{\"@context\":\"https:\/\/schema.org\",\"@graph\":[{\"@type\":\"WebPage\",\"@id\":\"https:\/\/labochem.com.vn\/s\u1ea3n ph\u1ea9m\/nhiet-ke-hong-ngoai-model-gm1350\/\",\"url\":\"https:\/\/labochem.com.vn\/s\u1ea3n ph\u1ea9m\/nhiet-ke-hong-ngoai-model-gm1350\/\",\"name\":\"[:vi]NHI\u1ec6T K\u1ebe H\u1ed2NG NGO\u1ea0I Model: GM1350[:en]Infrared Thermometer GM1350[:] - C\u00f4ng ty TNHH LABOCHEM Vi\u1ec7t Nam\",\"isPartOf\":{\"@id\":\"https:\/\/labochem.com.vn\/#website\"},\"primaryImageOfPage\":{\"@id\":\"https:\/\/labochem.com.vn\/s\u1ea3n ph\u1ea9m\/nhiet-ke-hong-ngoai-model-gm1350\/#primaryimage\"},\"image\":{\"@id\":\"https:\/\/labochem.com.vn\/s\u1ea3n ph\u1ea9m\/nhiet-ke-hong-ngoai-model-gm1350\/#primaryimage\"},\"thumbnailUrl\":\"https:\/\/labochem.com.vn\/wp-content\/uploads\/2020\/05\/gm1350.jpg\",\"datePublished\":\"2020-05-06T01:28:40+00:00\",\"dateModified\":\"2020-06-12T08:58:00+00:00\",\"breadcrumb\":{\"@id\":\"https:\/\/labochem.com.vn\/s\u1ea3n ph\u1ea9m\/nhiet-ke-hong-ngoai-model-gm1350\/#breadcrumb\"},\"inLanguage\":\"en-US\",\"potentialAction\":[{\"@type\":\"ReadAction\",\"target\":[\"https:\/\/labochem.com.vn\/s\u1ea3n ph\u1ea9m\/nhiet-ke-hong-ngoai-model-gm1350\/\"]}]},{\"@type\":\"ImageObject\",\"inLanguage\":\"en-US\",\"@id\":\"https:\/\/labochem.com.vn\/s\u1ea3n ph\u1ea9m\/nhiet-ke-hong-ngoai-model-gm1350\/#primaryimage\",\"url\":\"https:\/\/labochem.com.vn\/wp-content\/uploads\/2020\/05\/gm1350.jpg\",\"contentUrl\":\"https:\/\/labochem.com.vn\/wp-content\/uploads\/2020\/05\/gm1350.jpg\",\"width\":1500,\"height\":1420},{\"@type\":\"BreadcrumbList\",\"@id\":\"https:\/\/labochem.com.vn\/s\u1ea3n ph\u1ea9m\/nhiet-ke-hong-ngoai-model-gm1350\/#breadcrumb\",\"itemListElement\":[{\"@type\":\"ListItem\",\"position\":1,\"name\":\"Home\",\"item\":\"https:\/\/labochem.com.vn\/\"},{\"@type\":\"ListItem\",\"position\":2,\"name\":\"C\u1eeda h\u00e0ng\",\"item\":\"https:\/\/labochem.com.vn\/mua\/\"},{\"@type\":\"ListItem\",\"position\":3,\"name\":\"NHI\u1ec6T K\u1ebe H\u1ed2NG NGO\u1ea0I Model: GM1350\"}]},{\"@type\":\"WebSite\",\"@id\":\"https:\/\/labochem.com.vn\/#website\",\"url\":\"https:\/\/labochem.com.vn\/\",\"name\":\"C\u00f4ng ty TNHH LABOCHEM Vi\u1ec7t Nam\",\"description\":\"M\u1ed9t trang web m\u1edbi s\u1eed d\u1ee5ng WordPress\",\"potentialAction\":[{\"@type\":\"SearchAction\",\"target\":{\"@type\":\"EntryPoint\",\"urlTemplate\":\"https:\/\/labochem.com.vn\/?s={search_term_string}\"},\"query-input\":\"required name=search_term_string\"}],\"inLanguage\":\"en-US\"}]}<\/script>\n<!-- \/ Yoast SEO plugin. -->","yoast_head_json":{"title":"[:vi]NHI\u1ec6T K\u1ebe H\u1ed2NG NGO\u1ea0I Model: GM1350[:en]Infrared Thermometer GM1350[:] - C\u00f4ng ty TNHH LABOCHEM Vi\u1ec7t Nam","robots":{"index":"index","follow":"follow","max-snippet":"max-snippet:-1","max-image-preview":"max-image-preview:large","max-video-preview":"max-video-preview:-1"},"canonical":"https:\/\/labochem.com.vn\/s\u1ea3n ph\u1ea9m\/nhiet-ke-hong-ngoai-model-gm1350\/","og_locale":"en_US","og_type":"article","og_title":"[:vi]NHI\u1ec6T K\u1ebe H\u1ed2NG NGO\u1ea0I Model: GM1350[:en]Infrared Thermometer GM1350[:] - C\u00f4ng ty TNHH LABOCHEM Vi\u1ec7t Nam","og_description":"[:vi]NHI\u1ec6T K\u1ebe H\u1ed2NG NGO\u1ea0I  Model: GM1350   \u00a0Nhi\u1ec7t k\u1ebf h\u1ed3ng ngo\u1ea1i GM 1350 l\u00e0 m\u00e1y \u0111o nhi\u1ec7t \u0111\u1ed9 k\u1ef9 thu\u1eadt s\u1ed1 \u1ee9ng d\u1ee5ng tia h\u1ed3ng ngo\u1ea1i \u0111\u1ec3 x\u00e1c \u0111\u1ecbnh nhi\u1ec7t \u0111\u1ed9 t\u1ea1i \u0111i\u1ec3m c\u1ea7n \u0111o m\u00e0 kh\u00f4ng c\u1ea7n ti\u1ebfp x\u00fac v\u1edbi b\u1ec1 m\u1eb7t \u1ee9ng d\u1ee5ng cho c\u00e1c tr\u01b0\u1eddng h\u1ee3p v\u1eadt n\u00f3ng, \u0111\u1ed9c h\u1ea1i, kh\u00f3 kh\u0103n khi ti\u1ebfp c\u1eadn.\u00a0M\u00e1y \u0111o nhi\u1ec7t \u0111\u1ed9 h\u1ed3ng ngo\u1ea1i GM1350\u00a0c\u00f3 ph\u1ea1m vi \u0111o nhi\u1ec7t \u0111\u1ed9\u00a0 r\u1ed9ng, c\u00f3 th\u1ec3 chuy\u1ec3n \u0111\u1ed5i gi\u1eefa \u0111\u1ed9 \u00b0C v\u00e0 \u0111\u1ed9 \u00b0F.\u00a0M\u00e1y \u0111o nhi\u1ec7t \u0111\u1ed9 h\u1ed3ng ngo\u1ea1i GM1350\u00a0\u0111o nhi\u1ec7t \u0111\u1ed9 b\u1ec1 m\u1eb7t c\u1ee7a m\u1ed9t \u0111\u1ed1i t\u01b0\u1ee3ng, \u0111\u01a1n v\u1ecb quang h\u1ecdc ph\u00e1t ra t\u00edn hi\u1ec7u, ph\u1ea3n \u00e1nh v\u00e0 truy\u1ec1n n\u0103ng l\u01b0\u1ee3ng thu th\u1eadp \u0111\u01b0\u1ee3c v\u00e0 t\u1eadp trung v\u00e0o m\u1ed9t m\u00e1y d\u00f2, thi\u1ebft b\u1ecb \u0111i\u1ec7n t\u1eed d\u1ecbch c\u00e1c th\u00f4ng tin nhi\u1ec7t \u0111\u1ed9 \u0111\u00e3 \u0111\u1ecdc \u0111\u01b0\u1ee3c v\u00e0 hi\u1ec3n th\u1ecb tr\u00ean m\u00e0n h\u00ecnh LCD.  \u01afu \u0111i\u1ec3m\u00a0M\u00e1y \u0111o nhi\u1ec7t \u0111\u1ed9 h\u1ed3ng ngo\u1ea1i GM1350- Cho ph\u00e9p \u0111o c\u00e1c v\u1eadt th\u1ec3 chuy\u1ec3n \u0111\u1ed9ng v\u1edbi nhi\u1ec7t \u0111\u1ed9 ho\u1eb7c c\u00e1c v\u1eadt th\u1ec3 n\u1eb1m \u1edf nh\u1eefng m\u00f4i tr\u01b0\u1eddng nguy hi\u1ec3m nh\u01b0 tr\u00ean cao, trong d\u00e2y chuy\u1ec1n \u0111ang s\u1ea3n xu\u1ea5t.- \u0110o nhi\u1ec7t \u0111\u1ed9 m\u00e0 kh\u00f4ng s\u1ee3 v\u1ea5n \u0111\u1ec1 ph\u1ea3n \u1ee9ng l\u1ea1i c\u1ee7a v\u1eadt th\u1ec3 nh\u01b0 dung m\u00f4i, acid\u2026.v\u00e0 kh\u00f4ng g\u00e2y t\u1ed5n h\u1ea1i \u0111\u1ebfn v\u1eadt th\u1ec3 \u0111o.- Tu\u1ed5i th\u1ecd \u0111o l\u01b0\u1eddng cao, b\u1ec1n b\u1ec9, m\u00e1y ph\u1ea3n \u1ee9ng nhi\u1ec7t \u0111\u1ed9 v\u1eadt th\u1ec3 \u0111o v\u1edbi \u0111\u1ed9 tr\u1ebd th\u1eddi gian ng\u1eafn nh\u1ea5t.Th\u00f4ng s\u1ed1 k\u0129 thu\u1eadt\u00a0M\u00e1y \u0111o nhi\u1ec7t \u0111\u1ed9 h\u1ed3ng ngo\u1ea1i GM1350:  - Nhi\u1ec7t \u0111\u1ed9 \u0111o: -18 ~ 1350\u00a0\u2103\u00a0(0 ~ 2462\u00a0\u2109)  - \u0110\u1ed9 ch\u00ednh x\u00e1c: \u00b1 1.5% ho\u1eb7c \u00b1 1,5\u00a0\u2103  - \u0110\u1ed9 l\u1eb7p l\u1ea1i: \u00b1 1% ho\u1eb7c \u00b1 1\u00a0\u2103  - T\u1ef7 l\u1ec7 kho\u1ea3ng c\u00e1ch \u0111i\u1ec3m \u0111o: 50: 1  - \u0110\u1ed9 ph\u00e1t x\u1ea1: 0.1 ~ 1.00 c\u00f3 th\u1ec3 \u0111i\u1ec1u ch\u1ec9nh  - \u0110\u1ed9 ph\u00e2n gi\u1ea3i: 0,1\u00a0\u2103\u00a0\/\u00a0\u2109  - Th\u1eddi gian \u0111\u00e1p \u1ee9ng: 500ms  - B\u01b0\u1edbc s\u00f3ng: 8-14\u03bcm  - B\u00e1o khi nhi\u1ec7t \u0111\u1ed9 cao\/th\u1ea5p  - Ch\u1ee9c n\u0103ng l\u01b0u tr\u1eef\/g\u1ecdi l\u1ea1i d\u1eef li\u1ec7u  - \u0110\u1ea1i l\u01b0\u1ee3ng \u0111o\u00a0\u2103\u00a0\/\u00a0\u2109  - Ch\u1ee9c n\u0103ng gi\u1eef gi\u00e1 tr\u1ecb \u0111o  - L\u1ef1a ch\u1ecdn \u0111i\u1ec3m \u0111o b\u1eb1ng laser  - T\u1ef1 \u0111\u1ed9ng ng\u1eaft ngu\u1ed3n  - B\u00e1o khi \u0111i\u1ec7n n\u0103ng th\u1ea5p  - Ngu\u1ed3n \u0111i\u1ec7n d\u00f9ng pin  - K\u00edch th\u01b0\u1edbc: 200 x 155 x 59mm  - Tr\u1ecdng l\u01b0\u1ee3ng: 312g (bao g\u1ed3m c\u1ea3 pin) [:en]INFRARED THERMOMETER  MODEL:GM1350  This infrared thermometer is use for measuring the temperature of the object's surface, which is applicable for various hot, hazardous or hard-to reach objects without contact safely and quickly.  This unit consist of Optics, Temperature Sensor Signal amplifier, Processing circuit and LCD Display. The Optics collected the infrared energy emitted by object and focus onto the Sensor. This signal will be turned out to be digital shown on the LCD after the signal amplifier and processing circuit.  Specification:  - Temperature range: -18 ~ 1350 \u2103 (0 ~ 2462 \u2109)  - Accuracy: \u00b1 1.5% or \u00b1 1,5 \u2103  - Repeatability: \u00b1 1% or \u00b1 1 \u2103  - Distance to Spot size: 50: 1  - Emissivity: 0.1 ~ 1.00 Adjustable  - Resolution: 0,1 \u2103 \/ \u2109  - Response time: 500ms  - Spectral response: 8\u03bcm-14\u03bcm  - Hi-Low temperature alarm setup  - Data store\/recall  - Measured unit:\u00a0 \u2103 \/ \u2109  - Datas hold function  - Laser measuring point  - Auto power off  - Low battery indication  - Power: Battery  - Dimension: 200 x 155 x 59mm  - Weight: 312g (Including battery)[:]","og_url":"https:\/\/labochem.com.vn\/s\u1ea3n ph\u1ea9m\/nhiet-ke-hong-ngoai-model-gm1350\/","og_site_name":"C\u00f4ng ty TNHH LABOCHEM Vi\u1ec7t Nam","article_modified_time":"2020-06-12T08:58:00+00:00","og_image":[{"width":1500,"height":1420,"url":"https:\/\/labochem.com.vn\/wp-content\/uploads\/2020\/05\/gm1350.jpg","type":"image\/jpeg"}],"twitter_card":"summary_large_image","schema":{"@context":"https:\/\/schema.org","@graph":[{"@type":"WebPage","@id":"https:\/\/labochem.com.vn\/s\u1ea3n ph\u1ea9m\/nhiet-ke-hong-ngoai-model-gm1350\/","url":"https:\/\/labochem.com.vn\/s\u1ea3n ph\u1ea9m\/nhiet-ke-hong-ngoai-model-gm1350\/","name":"[:vi]NHI\u1ec6T K\u1ebe H\u1ed2NG NGO\u1ea0I Model: GM1350[:en]Infrared Thermometer GM1350[:] - C\u00f4ng ty TNHH LABOCHEM Vi\u1ec7t Nam","isPartOf":{"@id":"https:\/\/labochem.com.vn\/#website"},"primaryImageOfPage":{"@id":"https:\/\/labochem.com.vn\/s\u1ea3n ph\u1ea9m\/nhiet-ke-hong-ngoai-model-gm1350\/#primaryimage"},"image":{"@id":"https:\/\/labochem.com.vn\/s\u1ea3n ph\u1ea9m\/nhiet-ke-hong-ngoai-model-gm1350\/#primaryimage"},"thumbnailUrl":"https:\/\/labochem.com.vn\/wp-content\/uploads\/2020\/05\/gm1350.jpg","datePublished":"2020-05-06T01:28:40+00:00","dateModified":"2020-06-12T08:58:00+00:00","breadcrumb":{"@id":"https:\/\/labochem.com.vn\/s\u1ea3n ph\u1ea9m\/nhiet-ke-hong-ngoai-model-gm1350\/#breadcrumb"},"inLanguage":"en-US","potentialAction":[{"@type":"ReadAction","target":["https:\/\/labochem.com.vn\/s\u1ea3n ph\u1ea9m\/nhiet-ke-hong-ngoai-model-gm1350\/"]}]},{"@type":"ImageObject","inLanguage":"en-US","@id":"https:\/\/labochem.com.vn\/s\u1ea3n ph\u1ea9m\/nhiet-ke-hong-ngoai-model-gm1350\/#primaryimage","url":"https:\/\/labochem.com.vn\/wp-content\/uploads\/2020\/05\/gm1350.jpg","contentUrl":"https:\/\/labochem.com.vn\/wp-content\/uploads\/2020\/05\/gm1350.jpg","width":1500,"height":1420},{"@type":"BreadcrumbList","@id":"https:\/\/labochem.com.vn\/s\u1ea3n ph\u1ea9m\/nhiet-ke-hong-ngoai-model-gm1350\/#breadcrumb","itemListElement":[{"@type":"ListItem","position":1,"name":"Home","item":"https:\/\/labochem.com.vn\/"},{"@type":"ListItem","position":2,"name":"C\u1eeda h\u00e0ng","item":"https:\/\/labochem.com.vn\/mua\/"},{"@type":"ListItem","position":3,"name":"NHI\u1ec6T K\u1ebe H\u1ed2NG NGO\u1ea0I Model: GM1350"}]},{"@type":"WebSite","@id":"https:\/\/labochem.com.vn\/#website","url":"https:\/\/labochem.com.vn\/","name":"C\u00f4ng ty TNHH LABOCHEM Vi\u1ec7t Nam","description":"M\u1ed9t trang web m\u1edbi s\u1eed d\u1ee5ng WordPress","potentialAction":[{"@type":"SearchAction","target":{"@type":"EntryPoint","urlTemplate":"https:\/\/labochem.com.vn\/?s={search_term_string}"},"query-input":"required name=search_term_string"}],"inLanguage":"en-US"}]}},"_links":{"self":[{"href":"https:\/\/labochem.com.vn\/en\/wp-json\/wp\/v2\/product\/159"}],"collection":[{"href":"https:\/\/labochem.com.vn\/en\/wp-json\/wp\/v2\/product"}],"about":[{"href":"https:\/\/labochem.com.vn\/en\/wp-json\/wp\/v2\/types\/product"}],"replies":[{"embeddable":true,"href":"https:\/\/labochem.com.vn\/en\/wp-json\/wp\/v2\/comments?post=159"}],"wp:featuredmedia":[{"embeddable":true,"href":"https:\/\/labochem.com.vn\/en\/wp-json\/wp\/v2\/media\/160"}],"wp:attachment":[{"href":"https:\/\/labochem.com.vn\/en\/wp-json\/wp\/v2\/media?parent=159"}],"wp:term":[{"taxonomy":"product_cat","embeddable":true,"href":"https:\/\/labochem.com.vn\/en\/wp-json\/wp\/v2\/product_cat?post=159"},{"taxonomy":"product_tag","embeddable":true,"href":"https:\/\/labochem.com.vn\/en\/wp-json\/wp\/v2\/product_tag?post=159"}],"curies":[{"name":"wp","href":"https:\/\/api.w.org\/{rel}","templated":true}]}}