{"id":155,"date":"2020-05-06T01:21:51","date_gmt":"2020-05-06T01:21:51","guid":{"rendered":"http:\/\/labochem.com.vn\/?post_type=product&#038;p=155"},"modified":"2020-06-12T09:12:00","modified_gmt":"2020-06-12T09:12:00","slug":"nhiet-ke-hong-ngoai-model-gm900","status":"publish","type":"product","link":"https:\/\/labochem.com.vn\/en\/s\u1ea3n ph\u1ea9m\/nhiet-ke-hong-ngoai-model-gm900\/","title":{"rendered":"Infrared Thermometer GM900"},"content":{"rendered":"","protected":false},"excerpt":{"rendered":"<p><strong>INFRARED THERMOMETER<\/strong><\/p>\n<p><strong>MODEL:GM900<\/strong><\/p>\n<p>This infrared thermometer is use for measuring the temperature of the object&#8217;s surface, which is applicable for various hot, hazardous or hard-to reach objects without contact safely and quickly.<\/p>\n<p>This unit consist of Optics, Temperature Sensor Signal amplifier, Processing circuit and LCD Display. The Optics collected the infrared energy emitted by object and focus onto the Sensor. This signal will be turned out to be digital shown on the LCD after the signal amplifier and processing circuit.<\/p>\n<p><strong>Specification<\/strong><\/p>\n<p>Temperature range: -50 ~ 950\u2103 (-58 ~ 1742\u2109)<\/p>\n<p>Accurancy: 0 ~ 950\u2103 (32\u2109 ~ 1742\u2109): \u00a0\u00b1 1.5\u2103 (\u00b12.7\u2109)\/\u00b1 3%<\/p>\n<p>-50 ~ 0\u2103 (-58 ~ 32\u2109): \u00b13\u2103 (\u00b15\u2109) Whichever is greater<\/p>\n<p>Resolution: <strong>0.1<\/strong><strong>\u2103<\/strong> or <strong>0.1<\/strong><strong>\u2109<\/strong><\/p>\n<p>Repeatability: 1% of reading or 1\u2103<\/p>\n<p>Response time\u00a0 500 mSec, 95% response<\/p>\n<p>Spectral response : 5\u00b5m ~ 14\u00b5m<\/p>\n<p>Emissivity : 0.10~1.00 Ajustable (0.95 Presset)<\/p>\n<p>Distance to Spot size:\u00a0 12:1<\/p>\n<p>Operating Temperature: 0 ~ 40\u2103 (32 ~ 104\u2109)<\/p>\n<p>Operating Humidity: <strong>10RH ~ 95%RH non-condensing, up to 30<\/strong>\u2103(<strong>86<\/strong>\u2109)<\/p>\n<p>Storage Temperature : -20 ~ 60\u2103 (-4\u2109 ~ 140\u2109)<\/p>\n<p>Power:\u00a0 \u00a0 9V Alkaline or NiCd battery<\/p>\n<p><strong>Typical battery life (Alkaline): Non-laser mode: 22 hrs; Laser Models: 12 hrs<\/strong><\/p>\n<p><strong>Weight : 210g<\/strong><\/p>\n<p><strong>Dimension: 175*100*49mm\u00a0<\/strong><\/p>\n","protected":false},"featured_media":156,"comment_status":"open","ping_status":"closed","template":"","meta":[],"product_cat":[29],"product_tag":[448],"yoast_head":"<!-- This site is optimized with the Yoast SEO plugin v22.6 - https:\/\/yoast.com\/wordpress\/plugins\/seo\/ -->\n<title>Infrared Thermometer GM900 - C\u00f4ng ty TNHH LABOCHEM Vi\u1ec7t Nam<\/title>\n<meta name=\"robots\" content=\"index, follow, max-snippet:-1, max-image-preview:large, max-video-preview:-1\" \/>\n<link rel=\"canonical\" href=\"https:\/\/labochem.com.vn\/en\/s\u1ea3n%20ph\u1ea9m\/nhiet-ke-hong-ngoai-model-gm900\/\" \/>\n<meta property=\"og:locale\" content=\"en_US\" \/>\n<meta property=\"og:type\" content=\"article\" \/>\n<meta property=\"og:title\" content=\"[:vi]NHI\u1ec6T K\u1ebe H\u1ed2NG NGO\u1ea0I Model: GM900[:en]Infrared Thermometer GM900[:] - C\u00f4ng ty TNHH LABOCHEM Vi\u1ec7t Nam\" \/>\n<meta property=\"og:description\" content=\"[:vi]NHI\u1ec6T K\u1ebe H\u1ed2NG NGO\u1ea0I  Model: GM900  S\u00fang b\u1eafn nhi\u1ec7t \u0111\u1ed9 t\u1eeb xa BENETECH GM-900\u00a0v\u1edbi c\u00f4ng ngh\u1ec7 c\u1ea3m \u1ee9ng b\u1ee9c x\u1ea1 h\u1ed3ng ngo\u1ea1i d\u1ea3i \u0111o l\u1edbn h\u01a1n, cho ph\u00e9p \u0111o nhi\u1ec7t \u0111\u1ed9 b\u1ec1 m\u1eb7t t\u1eeb xa, \u0111\u01b0\u1ee3c \u1ee9ng d\u1ee5ng r\u1ed9ng r\u00e3i trong nhi\u1ec1u l\u0129nh v\u1ef1c \u0111\u1eb7c bi\u1ec7t trong c\u00f4ng ngi\u1ec7p \u0111\u00fac gang, th\u00e9p, l\u00f2 h\u01a1i, s\u1ea3n xu\u1ea5t linh ki\u1ec7n \u0111i\u1ec7n t\u1eed, m\u00e1y t\u00ednh..  \u0110\u01b0\u1ee3c thi\u1ebft k\u1ebf ki\u1ec3u d\u00e1ng c\u1ea7m tay hi\u1ec7n \u0111\u1ea1i v\u1edbi m\u00e0n h\u00ecnh Led LCD \u0111\u1ed9 ph\u00e2n d\u1ea3i cao cho hi\u1ec3n th\u1ecb r\u00f5 n\u00e9t c\u00e1c th\u00f4ng s\u1ed1 khi \u0111o ngay c\u1ea3 d\u01b0\u1edbi \u00e1nh s\u00e1ng ban ng\u00e0y hay khi tr\u1eddi t\u1ed1i, t\u1ed1c \u0111\u1ed9 x\u1eed l\u00ed nhanh ch\u1ec9 m\u1ea5t kho\u1ea3ng 1 gi\u00e2y s\u00fang \u0111o nhi\u1ec7t \u0111\u1ed9 \u0111\u00e3 cho ra k\u1ebft qu\u1ea3 \u0111o ch\u00ednh x\u00e1c \u0111i\u1ec3m c\u1ea7n \u0111o.  S\u00fang b\u1eafn nhi\u1ec7t \u0111\u1ed9 Benetech GM-900\u00a0s\u1ebd gi\u00fap b\u1ea1n \u0111o ch\u00ednh x\u00e1c nhi\u1ec7t \u0111\u1ed9 \u1edf nh\u1eefng n\u01a1i m\u00e0 b\u1eb1ng nh\u1eefng c\u00e1ch th\u00f4ng th\u01b0\u1eddng con ng\u01b0\u1eddi kh\u00f4ng th\u1ec3 ti\u1ebfp c\u1eadn v\u00e0 tr\u1ef1c ti\u1ebfp \u0111o nhi\u1ec7t \u0111\u1ed9 b\u1eb1ng nhi\u1ec7t k\u1ebf th\u00f4ng th\u01b0\u1eddng v\u00ed d\u1ee5 nh\u01b0 l\u00f2 h\u01a1i, nh\u1eefng m\u00e1y m\u00f3c c\u00f4ng nghi\u1ec7p c\u00f3 nhi\u1ec7t \u0111\u1ed9 cao, hay nh\u1eefng n\u01a1i b\u1ecb nhi\u1ec5m ph\u00f3ng x\u1ea1 g\u00e2y nguy hi\u1ec3m cho con ng\u01b0\u1eddi khi l\u00e0m vi\u1ec7c tr\u1ef1c ti\u1ebfp...  Th\u00f4ng s\u1ed1 k\u1ef9 thu\u1eadt:  Nhi\u1ec7t \u0111\u1ed9 \u0111o:-50 ~ 900 \u2103(-58~1652\u2109)  \u0110\u1ed9 ch\u00ednh x\u00e1c: \u00b1 1.5% ho\u1eb7c \u00b1 1,5 \u2103  \u0110\u1ed9 l\u1eb7p l\u1ea1i: \u00b1 1% ho\u1eb7c \u00b1 1 \u2103  T\u1ef7 l\u1ec7 kho\u1ea3ng c\u00e1ch \u0111i\u1ec3m \u0111o: 12: 1  \u0110\u1ed9 ph\u00e1t x\u1ea1: 0.1~ 1.0 c\u00f3 th\u1ec3 \u0111i\u1ec1u ch\u1ec9nh  \u0110\u1ed9 ph\u00e2n gi\u1ea3i: 0,1 \u2103 \/ \u2109  Th\u1eddi gian \u0111\u00e1p \u1ee9ng: 500ms  B\u01b0\u1edbc s\u00f3ng: 8-14\u03bcm  B\u00e1o khi nhi\u1ec7t \u0111\u1ed9 cao\/th\u1ea5p  Ch\u1ee9c n\u0103ng l\u01b0u tr\u1eef\/g\u1ecdi l\u1ea1i d\u1eef li\u1ec7u  \u0110\u1ea1i l\u01b0\u1ee3ng \u0111o \u2103 \/ \u2109  Ch\u1ee9c n\u0103ng gi\u1eef gi\u00e1 tr\u1ecb \u0111o  L\u1ef1a ch\u1ecdn \u0111i\u1ec3m \u0111o b\u1eb1ng laser  T\u1ef1 \u0111\u1ed9ng ng\u1eaft ngu\u1ed3n  B\u00e1o khi \u0111i\u1ec7n n\u0103ng th\u1ea5p  Ngu\u1ed3n \u0111i\u1ec7n d\u00f9ng pin  K\u00edch th\u01b0\u1edbc: 175 x 100 x 49mm  Tr\u1ecdng l\u01b0\u1ee3ng: 210g (bao g\u1ed3m c\u1ea3 pin)[:en]INFRARED THERMOMETER  MODEL:GM900  This infrared thermometer is use for measuring the temperature of the object&#039;s surface, which is applicable for various hot, hazardous or hard-to reach objects without contact safely and quickly.  This unit consist of Optics, Temperature Sensor Signal amplifier, Processing circuit and LCD Display. The Optics collected the infrared energy emitted by object and focus onto the Sensor. This signal will be turned out to be digital shown on the LCD after the signal amplifier and processing circuit.  Specification  Temperature range: -50 ~ 950\u2103 (-58 ~ 1742\u2109)  Accurancy: 0 ~ 950\u2103 (32\u2109 ~ 1742\u2109): \u00a0\u00b1 1.5\u2103 (\u00b12.7\u2109)\/\u00b1 3%  -50 ~ 0\u2103 (-58 ~ 32\u2109): \u00b13\u2103 (\u00b15\u2109) Whichever is greater  Resolution: 0.1\u2103 or 0.1\u2109  Repeatability: 1% of reading or 1\u2103  Response time\u00a0 500 mSec, 95% response  Spectral response : 5\u00b5m ~ 14\u00b5m  Emissivity : 0.10~1.00 Ajustable (0.95 Presset)  Distance to Spot size:\u00a0 12:1  Operating Temperature: 0 ~ 40\u2103 (32 ~ 104\u2109)  Operating Humidity: 10RH ~ 95%RH non-condensing, up to 30\u2103(86\u2109)  Storage Temperature : -20 ~ 60\u2103 (-4\u2109 ~ 140\u2109)  Power:\u00a0 \u00a0 9V Alkaline or NiCd battery  Typical battery life (Alkaline): Non-laser mode: 22 hrs; Laser Models: 12 hrs  Weight : 210g  Dimension: 175*100*49mm\u00a0[:]\" \/>\n<meta property=\"og:url\" content=\"https:\/\/labochem.com.vn\/en\/s\u1ea3n ph\u1ea9m\/nhiet-ke-hong-ngoai-model-gm900\/\" \/>\n<meta property=\"og:site_name\" content=\"C\u00f4ng ty TNHH LABOCHEM Vi\u1ec7t Nam\" \/>\n<meta property=\"article:modified_time\" content=\"2020-06-12T09:12:00+00:00\" \/>\n<meta property=\"og:image\" content=\"https:\/\/labochem.com.vn\/wp-content\/uploads\/2020\/05\/gm900.1.jpg\" \/>\n\t<meta property=\"og:image:width\" content=\"1000\" \/>\n\t<meta property=\"og:image:height\" content=\"1000\" \/>\n\t<meta property=\"og:image:type\" content=\"image\/jpeg\" \/>\n<meta name=\"twitter:card\" content=\"summary_large_image\" \/>\n<script type=\"application\/ld+json\" class=\"yoast-schema-graph\">{\"@context\":\"https:\/\/schema.org\",\"@graph\":[{\"@type\":\"WebPage\",\"@id\":\"https:\/\/labochem.com.vn\/en\/s\u1ea3n ph\u1ea9m\/nhiet-ke-hong-ngoai-model-gm900\/\",\"url\":\"https:\/\/labochem.com.vn\/en\/s\u1ea3n ph\u1ea9m\/nhiet-ke-hong-ngoai-model-gm900\/\",\"name\":\"[:vi]NHI\u1ec6T K\u1ebe H\u1ed2NG NGO\u1ea0I Model: GM900[:en]Infrared Thermometer GM900[:] - C\u00f4ng ty TNHH LABOCHEM Vi\u1ec7t Nam\",\"isPartOf\":{\"@id\":\"https:\/\/labochem.com.vn\/#website\"},\"primaryImageOfPage\":{\"@id\":\"https:\/\/labochem.com.vn\/en\/s\u1ea3n ph\u1ea9m\/nhiet-ke-hong-ngoai-model-gm900\/#primaryimage\"},\"image\":{\"@id\":\"https:\/\/labochem.com.vn\/en\/s\u1ea3n ph\u1ea9m\/nhiet-ke-hong-ngoai-model-gm900\/#primaryimage\"},\"thumbnailUrl\":\"https:\/\/labochem.com.vn\/wp-content\/uploads\/2020\/05\/gm900.1.jpg\",\"datePublished\":\"2020-05-06T01:21:51+00:00\",\"dateModified\":\"2020-06-12T09:12:00+00:00\",\"breadcrumb\":{\"@id\":\"https:\/\/labochem.com.vn\/en\/s\u1ea3n ph\u1ea9m\/nhiet-ke-hong-ngoai-model-gm900\/#breadcrumb\"},\"inLanguage\":\"en-US\",\"potentialAction\":[{\"@type\":\"ReadAction\",\"target\":[\"https:\/\/labochem.com.vn\/en\/s\u1ea3n ph\u1ea9m\/nhiet-ke-hong-ngoai-model-gm900\/\"]}]},{\"@type\":\"ImageObject\",\"inLanguage\":\"en-US\",\"@id\":\"https:\/\/labochem.com.vn\/en\/s\u1ea3n ph\u1ea9m\/nhiet-ke-hong-ngoai-model-gm900\/#primaryimage\",\"url\":\"https:\/\/labochem.com.vn\/wp-content\/uploads\/2020\/05\/gm900.1.jpg\",\"contentUrl\":\"https:\/\/labochem.com.vn\/wp-content\/uploads\/2020\/05\/gm900.1.jpg\",\"width\":1000,\"height\":1000},{\"@type\":\"BreadcrumbList\",\"@id\":\"https:\/\/labochem.com.vn\/en\/s\u1ea3n ph\u1ea9m\/nhiet-ke-hong-ngoai-model-gm900\/#breadcrumb\",\"itemListElement\":[{\"@type\":\"ListItem\",\"position\":1,\"name\":\"Home\",\"item\":\"https:\/\/labochem.com.vn\/\"},{\"@type\":\"ListItem\",\"position\":2,\"name\":\"C\u1eeda h\u00e0ng\",\"item\":\"https:\/\/labochem.com.vn\/mua\/\"},{\"@type\":\"ListItem\",\"position\":3,\"name\":\"Infrared Thermometer GM900\"}]},{\"@type\":\"WebSite\",\"@id\":\"https:\/\/labochem.com.vn\/#website\",\"url\":\"https:\/\/labochem.com.vn\/\",\"name\":\"C\u00f4ng ty TNHH LABOCHEM Vi\u1ec7t Nam\",\"description\":\"M\u1ed9t trang web m\u1edbi s\u1eed d\u1ee5ng WordPress\",\"potentialAction\":[{\"@type\":\"SearchAction\",\"target\":{\"@type\":\"EntryPoint\",\"urlTemplate\":\"https:\/\/labochem.com.vn\/?s={search_term_string}\"},\"query-input\":\"required name=search_term_string\"}],\"inLanguage\":\"en-US\"}]}<\/script>\n<!-- \/ Yoast SEO plugin. -->","yoast_head_json":{"title":"[:vi]NHI\u1ec6T K\u1ebe H\u1ed2NG NGO\u1ea0I Model: GM900[:en]Infrared Thermometer GM900[:] - C\u00f4ng ty TNHH LABOCHEM Vi\u1ec7t Nam","robots":{"index":"index","follow":"follow","max-snippet":"max-snippet:-1","max-image-preview":"max-image-preview:large","max-video-preview":"max-video-preview:-1"},"canonical":"https:\/\/labochem.com.vn\/en\/s\u1ea3n ph\u1ea9m\/nhiet-ke-hong-ngoai-model-gm900\/","og_locale":"en_US","og_type":"article","og_title":"[:vi]NHI\u1ec6T K\u1ebe H\u1ed2NG NGO\u1ea0I Model: GM900[:en]Infrared Thermometer GM900[:] - C\u00f4ng ty TNHH LABOCHEM Vi\u1ec7t Nam","og_description":"[:vi]NHI\u1ec6T K\u1ebe H\u1ed2NG NGO\u1ea0I  Model: GM900  S\u00fang b\u1eafn nhi\u1ec7t \u0111\u1ed9 t\u1eeb xa BENETECH GM-900\u00a0v\u1edbi c\u00f4ng ngh\u1ec7 c\u1ea3m \u1ee9ng b\u1ee9c x\u1ea1 h\u1ed3ng ngo\u1ea1i d\u1ea3i \u0111o l\u1edbn h\u01a1n, cho ph\u00e9p \u0111o nhi\u1ec7t \u0111\u1ed9 b\u1ec1 m\u1eb7t t\u1eeb xa, \u0111\u01b0\u1ee3c \u1ee9ng d\u1ee5ng r\u1ed9ng r\u00e3i trong nhi\u1ec1u l\u0129nh v\u1ef1c \u0111\u1eb7c bi\u1ec7t trong c\u00f4ng ngi\u1ec7p \u0111\u00fac gang, th\u00e9p, l\u00f2 h\u01a1i, s\u1ea3n xu\u1ea5t linh ki\u1ec7n \u0111i\u1ec7n t\u1eed, m\u00e1y t\u00ednh..  \u0110\u01b0\u1ee3c thi\u1ebft k\u1ebf ki\u1ec3u d\u00e1ng c\u1ea7m tay hi\u1ec7n \u0111\u1ea1i v\u1edbi m\u00e0n h\u00ecnh Led LCD \u0111\u1ed9 ph\u00e2n d\u1ea3i cao cho hi\u1ec3n th\u1ecb r\u00f5 n\u00e9t c\u00e1c th\u00f4ng s\u1ed1 khi \u0111o ngay c\u1ea3 d\u01b0\u1edbi \u00e1nh s\u00e1ng ban ng\u00e0y hay khi tr\u1eddi t\u1ed1i, t\u1ed1c \u0111\u1ed9 x\u1eed l\u00ed nhanh ch\u1ec9 m\u1ea5t kho\u1ea3ng 1 gi\u00e2y s\u00fang \u0111o nhi\u1ec7t \u0111\u1ed9 \u0111\u00e3 cho ra k\u1ebft qu\u1ea3 \u0111o ch\u00ednh x\u00e1c \u0111i\u1ec3m c\u1ea7n \u0111o.  S\u00fang b\u1eafn nhi\u1ec7t \u0111\u1ed9 Benetech GM-900\u00a0s\u1ebd gi\u00fap b\u1ea1n \u0111o ch\u00ednh x\u00e1c nhi\u1ec7t \u0111\u1ed9 \u1edf nh\u1eefng n\u01a1i m\u00e0 b\u1eb1ng nh\u1eefng c\u00e1ch th\u00f4ng th\u01b0\u1eddng con ng\u01b0\u1eddi kh\u00f4ng th\u1ec3 ti\u1ebfp c\u1eadn v\u00e0 tr\u1ef1c ti\u1ebfp \u0111o nhi\u1ec7t \u0111\u1ed9 b\u1eb1ng nhi\u1ec7t k\u1ebf th\u00f4ng th\u01b0\u1eddng v\u00ed d\u1ee5 nh\u01b0 l\u00f2 h\u01a1i, nh\u1eefng m\u00e1y m\u00f3c c\u00f4ng nghi\u1ec7p c\u00f3 nhi\u1ec7t \u0111\u1ed9 cao, hay nh\u1eefng n\u01a1i b\u1ecb nhi\u1ec5m ph\u00f3ng x\u1ea1 g\u00e2y nguy hi\u1ec3m cho con ng\u01b0\u1eddi khi l\u00e0m vi\u1ec7c tr\u1ef1c ti\u1ebfp...  Th\u00f4ng s\u1ed1 k\u1ef9 thu\u1eadt:  Nhi\u1ec7t \u0111\u1ed9 \u0111o:-50 ~ 900 \u2103(-58~1652\u2109)  \u0110\u1ed9 ch\u00ednh x\u00e1c: \u00b1 1.5% ho\u1eb7c \u00b1 1,5 \u2103  \u0110\u1ed9 l\u1eb7p l\u1ea1i: \u00b1 1% ho\u1eb7c \u00b1 1 \u2103  T\u1ef7 l\u1ec7 kho\u1ea3ng c\u00e1ch \u0111i\u1ec3m \u0111o: 12: 1  \u0110\u1ed9 ph\u00e1t x\u1ea1: 0.1~ 1.0 c\u00f3 th\u1ec3 \u0111i\u1ec1u ch\u1ec9nh  \u0110\u1ed9 ph\u00e2n gi\u1ea3i: 0,1 \u2103 \/ \u2109  Th\u1eddi gian \u0111\u00e1p \u1ee9ng: 500ms  B\u01b0\u1edbc s\u00f3ng: 8-14\u03bcm  B\u00e1o khi nhi\u1ec7t \u0111\u1ed9 cao\/th\u1ea5p  Ch\u1ee9c n\u0103ng l\u01b0u tr\u1eef\/g\u1ecdi l\u1ea1i d\u1eef li\u1ec7u  \u0110\u1ea1i l\u01b0\u1ee3ng \u0111o \u2103 \/ \u2109  Ch\u1ee9c n\u0103ng gi\u1eef gi\u00e1 tr\u1ecb \u0111o  L\u1ef1a ch\u1ecdn \u0111i\u1ec3m \u0111o b\u1eb1ng laser  T\u1ef1 \u0111\u1ed9ng ng\u1eaft ngu\u1ed3n  B\u00e1o khi \u0111i\u1ec7n n\u0103ng th\u1ea5p  Ngu\u1ed3n \u0111i\u1ec7n d\u00f9ng pin  K\u00edch th\u01b0\u1edbc: 175 x 100 x 49mm  Tr\u1ecdng l\u01b0\u1ee3ng: 210g (bao g\u1ed3m c\u1ea3 pin)[:en]INFRARED THERMOMETER  MODEL:GM900  This infrared thermometer is use for measuring the temperature of the object's surface, which is applicable for various hot, hazardous or hard-to reach objects without contact safely and quickly.  This unit consist of Optics, Temperature Sensor Signal amplifier, Processing circuit and LCD Display. The Optics collected the infrared energy emitted by object and focus onto the Sensor. This signal will be turned out to be digital shown on the LCD after the signal amplifier and processing circuit.  Specification  Temperature range: -50 ~ 950\u2103 (-58 ~ 1742\u2109)  Accurancy: 0 ~ 950\u2103 (32\u2109 ~ 1742\u2109): \u00a0\u00b1 1.5\u2103 (\u00b12.7\u2109)\/\u00b1 3%  -50 ~ 0\u2103 (-58 ~ 32\u2109): \u00b13\u2103 (\u00b15\u2109) Whichever is greater  Resolution: 0.1\u2103 or 0.1\u2109  Repeatability: 1% of reading or 1\u2103  Response time\u00a0 500 mSec, 95% response  Spectral response : 5\u00b5m ~ 14\u00b5m  Emissivity : 0.10~1.00 Ajustable (0.95 Presset)  Distance to Spot size:\u00a0 12:1  Operating Temperature: 0 ~ 40\u2103 (32 ~ 104\u2109)  Operating Humidity: 10RH ~ 95%RH non-condensing, up to 30\u2103(86\u2109)  Storage Temperature : -20 ~ 60\u2103 (-4\u2109 ~ 140\u2109)  Power:\u00a0 \u00a0 9V Alkaline or NiCd battery  Typical battery life (Alkaline): Non-laser mode: 22 hrs; Laser Models: 12 hrs  Weight : 210g  Dimension: 175*100*49mm\u00a0[:]","og_url":"https:\/\/labochem.com.vn\/en\/s\u1ea3n ph\u1ea9m\/nhiet-ke-hong-ngoai-model-gm900\/","og_site_name":"C\u00f4ng ty TNHH LABOCHEM Vi\u1ec7t Nam","article_modified_time":"2020-06-12T09:12:00+00:00","og_image":[{"width":1000,"height":1000,"url":"https:\/\/labochem.com.vn\/wp-content\/uploads\/2020\/05\/gm900.1.jpg","type":"image\/jpeg"}],"twitter_card":"summary_large_image","schema":{"@context":"https:\/\/schema.org","@graph":[{"@type":"WebPage","@id":"https:\/\/labochem.com.vn\/en\/s\u1ea3n ph\u1ea9m\/nhiet-ke-hong-ngoai-model-gm900\/","url":"https:\/\/labochem.com.vn\/en\/s\u1ea3n ph\u1ea9m\/nhiet-ke-hong-ngoai-model-gm900\/","name":"[:vi]NHI\u1ec6T K\u1ebe H\u1ed2NG NGO\u1ea0I Model: GM900[:en]Infrared Thermometer GM900[:] - C\u00f4ng ty TNHH LABOCHEM Vi\u1ec7t Nam","isPartOf":{"@id":"https:\/\/labochem.com.vn\/#website"},"primaryImageOfPage":{"@id":"https:\/\/labochem.com.vn\/en\/s\u1ea3n ph\u1ea9m\/nhiet-ke-hong-ngoai-model-gm900\/#primaryimage"},"image":{"@id":"https:\/\/labochem.com.vn\/en\/s\u1ea3n ph\u1ea9m\/nhiet-ke-hong-ngoai-model-gm900\/#primaryimage"},"thumbnailUrl":"https:\/\/labochem.com.vn\/wp-content\/uploads\/2020\/05\/gm900.1.jpg","datePublished":"2020-05-06T01:21:51+00:00","dateModified":"2020-06-12T09:12:00+00:00","breadcrumb":{"@id":"https:\/\/labochem.com.vn\/en\/s\u1ea3n ph\u1ea9m\/nhiet-ke-hong-ngoai-model-gm900\/#breadcrumb"},"inLanguage":"en-US","potentialAction":[{"@type":"ReadAction","target":["https:\/\/labochem.com.vn\/en\/s\u1ea3n ph\u1ea9m\/nhiet-ke-hong-ngoai-model-gm900\/"]}]},{"@type":"ImageObject","inLanguage":"en-US","@id":"https:\/\/labochem.com.vn\/en\/s\u1ea3n ph\u1ea9m\/nhiet-ke-hong-ngoai-model-gm900\/#primaryimage","url":"https:\/\/labochem.com.vn\/wp-content\/uploads\/2020\/05\/gm900.1.jpg","contentUrl":"https:\/\/labochem.com.vn\/wp-content\/uploads\/2020\/05\/gm900.1.jpg","width":1000,"height":1000},{"@type":"BreadcrumbList","@id":"https:\/\/labochem.com.vn\/en\/s\u1ea3n ph\u1ea9m\/nhiet-ke-hong-ngoai-model-gm900\/#breadcrumb","itemListElement":[{"@type":"ListItem","position":1,"name":"Home","item":"https:\/\/labochem.com.vn\/"},{"@type":"ListItem","position":2,"name":"C\u1eeda h\u00e0ng","item":"https:\/\/labochem.com.vn\/mua\/"},{"@type":"ListItem","position":3,"name":"Infrared Thermometer GM900"}]},{"@type":"WebSite","@id":"https:\/\/labochem.com.vn\/#website","url":"https:\/\/labochem.com.vn\/","name":"C\u00f4ng ty TNHH LABOCHEM Vi\u1ec7t Nam","description":"M\u1ed9t trang web m\u1edbi s\u1eed d\u1ee5ng WordPress","potentialAction":[{"@type":"SearchAction","target":{"@type":"EntryPoint","urlTemplate":"https:\/\/labochem.com.vn\/?s={search_term_string}"},"query-input":"required name=search_term_string"}],"inLanguage":"en-US"}]}},"_links":{"self":[{"href":"https:\/\/labochem.com.vn\/en\/wp-json\/wp\/v2\/product\/155"}],"collection":[{"href":"https:\/\/labochem.com.vn\/en\/wp-json\/wp\/v2\/product"}],"about":[{"href":"https:\/\/labochem.com.vn\/en\/wp-json\/wp\/v2\/types\/product"}],"replies":[{"embeddable":true,"href":"https:\/\/labochem.com.vn\/en\/wp-json\/wp\/v2\/comments?post=155"}],"wp:featuredmedia":[{"embeddable":true,"href":"https:\/\/labochem.com.vn\/en\/wp-json\/wp\/v2\/media\/156"}],"wp:attachment":[{"href":"https:\/\/labochem.com.vn\/en\/wp-json\/wp\/v2\/media?parent=155"}],"wp:term":[{"taxonomy":"product_cat","embeddable":true,"href":"https:\/\/labochem.com.vn\/en\/wp-json\/wp\/v2\/product_cat?post=155"},{"taxonomy":"product_tag","embeddable":true,"href":"https:\/\/labochem.com.vn\/en\/wp-json\/wp\/v2\/product_tag?post=155"}],"curies":[{"name":"wp","href":"https:\/\/api.w.org\/{rel}","templated":true}]}}