{"id":148,"date":"2020-05-05T10:10:04","date_gmt":"2020-05-05T10:10:04","guid":{"rendered":"http:\/\/labochem.com.vn\/?post_type=product&#038;p=148"},"modified":"2020-05-18T07:23:11","modified_gmt":"2020-05-18T07:23:11","slug":"nhiet-ke-hong-ngoai-model-wt700","status":"publish","type":"product","link":"https:\/\/labochem.com.vn\/en\/s\u1ea3n ph\u1ea9m\/nhiet-ke-hong-ngoai-model-wt700\/","title":{"rendered":"(Ti\u1ebfng Vi\u1ec7t) NHI\u1ec6T K\u1ebe H\u1ed2NG NGO\u1ea0I Model: WT700"},"content":{"rendered":"","protected":false},"excerpt":{"rendered":"<p class=\"qtranxs-available-languages-message qtranxs-available-languages-message-en\">Sorry, this entry is only available in <a href=\"https:\/\/labochem.com.vn\/vi\/wp-json\/wp\/v2\/product\/148\" class=\"qtranxs-available-language-link qtranxs-available-language-link-vi\" title=\"Ti\u1ebfng Vi\u1ec7t\">Ti\u1ebfng Vi\u1ec7t<\/a>.<\/p>\n","protected":false},"featured_media":149,"comment_status":"open","ping_status":"closed","template":"","meta":[],"product_cat":[29],"product_tag":[39],"yoast_head":"<!-- This site is optimized with the Yoast SEO plugin v22.6 - https:\/\/yoast.com\/wordpress\/plugins\/seo\/ -->\n<title><\/title>\n<meta name=\"robots\" content=\"index, follow, max-snippet:-1, max-image-preview:large, max-video-preview:-1\" \/>\n<link rel=\"canonical\" href=\"https:\/\/labochem.com.vn\/en\/s\u1ea3n%20ph\u1ea9m\/nhiet-ke-hong-ngoai-model-wt700\/\" \/>\n<meta property=\"og:locale\" content=\"en_US\" \/>\n<meta property=\"og:type\" content=\"article\" \/>\n<meta property=\"og:title\" content=\"[:vi]NHI\u1ec6T K\u1ebe H\u1ed2NG NGO\u1ea0I Model: WT700[:] - C\u00f4ng ty TNHH LABOCHEM Vi\u1ec7t Nam\" \/>\n<meta property=\"og:description\" content=\"[:vi]NHI\u1ec6T K\u1ebe H\u1ed2NG NGO\u1ea0I  Model: WT700  M\u00e1y \u0111o nhi\u1ec7t \u0111\u1ed9 h\u1ed3ng ngo\u1ea1i Benetech WT700\u00a0 M\u00e1y \u0111o nhi\u1ec7t \u0111\u1ed9 h\u1ed3ng ngo\u1ea1i Benetech WT700 \u0111\u01b0\u1ee3c s\u1eed d\u1ee5ng \u0111\u1ec3 \u0111o nhi\u1ec7t \u0111\u1ed9 c\u1ee7a b\u1ec1 m\u1eb7t c\u1ee7a \u0111\u1ed1i t\u01b0\u1ee3ng c\u00f3 nhi\u1ec7t \u0111\u1ed9 cao m\u00e0 kh\u00f4ng c\u1ea7n ph\u1ea3i ti\u1ebfp x\u00fac. M\u00e1y \u0111o nhi\u1ec7t \u0111\u1ed9 h\u1ed3ng ngo\u1ea1i\u00a0Benetech WT700\u00a0\u1ee9ng d\u1ee5ng cho c\u00e1c \u0111\u1ed1i t\u01b0\u1ee3ng qu\u00e1 n\u00f3ng, \u0111\u1ed9c h\u1ea1i, kh\u00f3 ti\u1ebfp c\u1eadn m\u1ed9t c\u00e1ch an to\u00e0n v\u00e0 nhanh ch\u00f3ng. Bao g\u1ed3m Optics, Nhi\u1ec7t \u0111\u1ed9 khu\u1ebfch \u0111\u1ea1i c\u1ea3m bi\u1ebfn t\u00edn hi\u1ec7u, m\u1ea1ch x\u1eed l\u00fd v\u00e0 m\u00e0n h\u00ecnh LCD hi\u1ec3n th\u1ecb.  Benetech WT700\u00a0 c\u00f3 m\u00e0n h\u00ecnh LCD k\u00edch th\u01b0\u1edbc l\u1edbn, ho\u1ea1t \u0111\u1ed9ng \u0111a ch\u1ee9c n\u0103ng, ti\u00eau th\u1ee5 \u0111i\u1ec7n n\u0103ng th\u1ea5p v\u00e0 \u0111\u1eb7c bi\u1ec7t c\u00f3 s\u1ef1 ho\u1ea1t \u0111\u1ed9ng \u1ed5n \u0111\u1ecbnh v\u1edbi \u0111\u1ed9 ch\u00ednh x\u00e1c cao. Kho\u1ea3ng \u0111o c\u1ee7a m\u00e1y T\u1eeb -50 \u00b0 C \u0111\u1ebfn 700 \u00b0 C (-58 \u00b0 F \u0111\u1ebfn 1292 \u00b0 F).\u00a0M\u00e1y c\u00f3 ch\u1ee9c n\u0103ng T\u1ef1 \u0111\u1ed9ng t\u1eaft m\u00e1y khi kh\u00f4ng s\u1eed d\u1ee5ng,; ch\u1ee9c n\u0103ng Hold d\u1eef li\u1ec7u; ti\u1ebft ki\u1ec7m \u0111i\u1ec7n n\u0103ng ti\u00eau th\u1ee5. Thi\u1ebft b\u1ecb m\u00e1y \u0111o nhi\u1ec7t \u0111\u1ed9 b\u1eb1ng h\u1ed3ng ngo\u1ea1i Benetech WT700 l\u00e0 m\u1ed9t s\u1ea3n ph\u1ea9m c\u1ee7a nh\u00e3n hi\u1ec7u Benetech n\u1ed5i ti\u1ebfng. S\u1eed d\u1ee5ng c\u00f4ng ngh\u1ec7 ti\u00ean ti\u1ebfn, \u0111o ch\u00ednh x\u00e1c nhi\u1ec7t \u0111\u1ed9 v\u00e0 \u0111\u1ed9 \u1ea9m trong nh\u00e0 m\u1ed9t c\u00e1ch nhanh ch\u00f3ng. Thi\u1ebft k\u1ebf nh\u1ecf g\u1ecdn, ti\u1ec7n l\u1ee3i, d\u1ec5 s\u1eed d\u1ee5ng, \u0111\u00e2y s\u1ebd l\u00e0 thi\u1ebft b\u1ecb h\u1eefu \u00edch b\u1ea3o v\u1ec7 d\u1ee9c kh\u1ecfe cho m\u1ecdi gia \u0111\u00ecnh.  M\u00e1y \u0111o nhi\u1ec7t \u0111\u1ed9 b\u1eb1ng h\u1ed3ng ngo\u1ea1i Benetech WT700 c\u00f3 nhi\u1ec1u \u01b0u \u0111i\u1ec3m: - Cho ph\u00e9p \u0111o c\u00e1c v\u1eadt th\u1ec3 chuy\u1ec3n \u0111\u1ed9ng v\u1edbi nhi\u1ec7t \u0111\u1ed9 ho\u1eb7c c\u00e1c v\u1eadt th\u1ec3 n\u1eb1m \u1edf nh\u1eefng m\u00f4i tr\u01b0\u1eddng nguy hi\u1ec3m nh\u01b0 tr\u00ean cao, trong d\u00e2y chuy\u1ec1n \u0111ang s\u1ea3n xu\u1ea5t. - \u0110o nhi\u1ec7t \u0111\u1ed9 m\u00e0 kh\u00f4ng s\u1ee3 v\u1ea5n \u0111\u1ec1 ph\u1ea3n \u1ee9ng l\u1ea1i c\u1ee7a v\u1eadt th\u1ec3 nh\u01b0 dung m\u00f4i, acid....v\u00e0 kh\u00f4ng g\u00e2y t\u1ed5n h\u1ea1i \u0111\u1ebfn v\u1eadt th\u1ec3 \u0111o. - Tu\u1ed5i th\u1ecd \u0111o l\u01b0\u1eddng cao, b\u1ec1n b\u1ec9, m\u00e1y ph\u1ea3n \u1ee9ng nhi\u1ec7t \u0111\u1ed9 v\u1eadt th\u1ec3 \u0111o v\u1edbi \u0111\u1ed9 tr\u1ebd th\u1eddi gian ng\u1eafn nh\u1ea5t. C\u1ea5u t\u1ea1o c\u1ee7a M\u00e1y \u0111o nhi\u1ec7t \u0111\u1ed9 h\u1ed3ng ngo\u1ea1i Benetech WT700 - N\u00daT \u0110O: B\u00e2\u0323t n\u00fat \u0111o \u0111\u1ec3 b\u1eadt ngu\u1ed3n v\u00e0 b\u1eaft \u0111\u1ea7u \u0111o. M\u00e1y s\u1ebd t\u1ef1 \u0111\u1ed9ng t\u1eaft ngu\u1ed3n sau kho\u1ea3ng 2p kh\u00f4ng s\u1eed d\u1ee5ng. - N\u00daT \u0110\u00c8N:\u00a0 B\u1ea5m n\u00fat \u0111\u1ec3 b\u1eadt \u0111\u00e8n n\u1ec1n m\u00e0n h\u00ecnh. - N\u00daT LASER: B\u1ea5m khi xu\u1ea5t hi\u1ec7n bi\u1ec3u t\u01b0\u1ee3ng \u201ctam gi\u00e1c\u201d tr\u00ean m\u00e0n h\u00ecnh \u0111\u1ec3 b\u1eadt tia laser \u0111\u1ecbnh v\u1ecb v\u1ecb tr\u00ed mu\u1ed1n ngu\u1ed3n nhi\u1ec7t mu\u1ed1n \u0111o. - N\u00daT 0C : \u0110\u01a1n v\u1ecb nhi\u1ec7t \u0111\u1ed9 l\u00e0 \u0111\u1ed9 C - N\u00daT 0C : \u0110\u01a1n v\u1ecb nhi\u1ec7t \u0111\u1ed9 l\u00e0 \u0111\u1ed9 F  L\u01b0u \u00fd khi s\u1eed d\u1ee5ng: - H\u01b0\u1edbng n\u00fat \u0111\u1ecbnh v\u1ecb laser v\u00e0o b\u1ec1 m\u1eb7t c\u1ea7n \u0111o nhi\u1ec7t \u0111\u1ed9, sau \u0111\u00f3 b\u1ea5m v\u00e0 gi\u1eef n\u00fat \u0111o kho\u1ea3ng 3-5s cho m\u00e1y \u1ed5n \u0111\u1ecbnh k\u1ebft qu\u1ea3, th\u1ea3 tay ra kh\u1ecfi n\u00fat \u0111o, k\u1ebft qu\u1ea3 hi\u1ec3n th\u1ecb tr\u00ean m\u00e0n h\u00ecnh. - Kho\u1ea3ng c\u00e1ch t\u1eeb v\u1ecb tr\u00ed \u0111\u1ee9ng t\u1edbi b\u1ec1 m\u1eb7t c\u1ee7a ngu\u1ed3n nhi\u1ec7t ph\u1ee5 thu\u1ed9c v\u00e0o ti\u1ebft di\u1ec7n b\u1ec1 m\u1eb7t c\u1ee7a ngu\u1ed3n nhi\u1ec7t v\u00e0 tu\u00e2n theo t\u1ec9 l\u1ec7 12:1. Th\u00f4ng tin chi ti\u1ebft s\u1ea3n ph\u1ea9m:\u00a0  Nhi\u1ec7t \u0111\u1ed9 \u0111o: -50 ~ 700 \u2103 (-58 ~ 1292\u2109)  \u0110\u1ed9 ch\u00ednh x\u00e1c: \u00b1 1.5% ho\u1eb7c \u00b1 1,5 \u2103  \u0110\u1ed9 l\u1eb7p l\u1ea1i: \u00b1 1% ho\u1eb7c \u00b1 1 \u2103  T\u1ef7 l\u1ec7 kho\u1ea3ng c\u00e1ch \u0111i\u1ec3m \u0111o: 12: 1  \u0110\u1ed9 ph\u00e1t x\u1ea1: 0.1 ~ 1.00 c\u00f3 th\u1ec3 \u0111i\u1ec1u ch\u1ec9nh  \u0110\u1ed9 ph\u00e2n gi\u1ea3i: 0,1 \u2103 \/ \u2109  Th\u1eddi gian \u0111\u00e1p \u1ee9ng: 500ms  B\u01b0\u1edbc s\u00f3ng: 8-14\u03bcm  \u0110\u1ea1i l\u01b0\u1ee3ng \u0111o \u2103 \/ \u2109  Ch\u1ee9c n\u0103ng gi\u1eef gi\u00e1 tr\u1ecb \u0111o  Ch\u1ee9c n\u0103ng l\u1ef1a ch\u1ecdn \u0111i\u1ec3m \u0111o b\u1eb1ng laser  Gi\u00e1 tr\u1ecb \u0111\u1ecdc:MAX\/MIN\/AVG\/DIF  T\u1ef1 \u0111\u1ed9ng ng\u1eaft ngu\u1ed3n  B\u00e1o khi \u0111i\u1ec7n n\u0103ng th\u1ea5p  Ngu\u1ed3n \u0111i\u1ec7n d\u00f9ng pin (1 x 9V)[:]\" \/>\n<meta property=\"og:url\" content=\"https:\/\/labochem.com.vn\/en\/s\u1ea3n ph\u1ea9m\/nhiet-ke-hong-ngoai-model-wt700\/\" \/>\n<meta property=\"og:site_name\" content=\"C\u00f4ng ty TNHH LABOCHEM Vi\u1ec7t Nam\" \/>\n<meta property=\"article:modified_time\" content=\"2020-05-18T07:23:11+00:00\" \/>\n<meta property=\"og:image\" content=\"https:\/\/labochem.com.vn\/wp-content\/uploads\/2020\/05\/700.jpg\" \/>\n\t<meta property=\"og:image:width\" content=\"224\" \/>\n\t<meta property=\"og:image:height\" content=\"224\" \/>\n\t<meta property=\"og:image:type\" content=\"image\/jpeg\" \/>\n<meta name=\"twitter:card\" content=\"summary_large_image\" \/>\n<script type=\"application\/ld+json\" class=\"yoast-schema-graph\">{\"@context\":\"https:\/\/schema.org\",\"@graph\":[{\"@type\":\"WebPage\",\"@id\":\"https:\/\/labochem.com.vn\/en\/s\u1ea3n ph\u1ea9m\/nhiet-ke-hong-ngoai-model-wt700\/\",\"url\":\"https:\/\/labochem.com.vn\/en\/s\u1ea3n ph\u1ea9m\/nhiet-ke-hong-ngoai-model-wt700\/\",\"name\":\"[:vi]NHI\u1ec6T K\u1ebe H\u1ed2NG NGO\u1ea0I Model: WT700[:] - C\u00f4ng ty TNHH LABOCHEM Vi\u1ec7t Nam\",\"isPartOf\":{\"@id\":\"https:\/\/labochem.com.vn\/#website\"},\"primaryImageOfPage\":{\"@id\":\"https:\/\/labochem.com.vn\/en\/s\u1ea3n ph\u1ea9m\/nhiet-ke-hong-ngoai-model-wt700\/#primaryimage\"},\"image\":{\"@id\":\"https:\/\/labochem.com.vn\/en\/s\u1ea3n ph\u1ea9m\/nhiet-ke-hong-ngoai-model-wt700\/#primaryimage\"},\"thumbnailUrl\":\"https:\/\/labochem.com.vn\/wp-content\/uploads\/2020\/05\/700.jpg\",\"datePublished\":\"2020-05-05T10:10:04+00:00\",\"dateModified\":\"2020-05-18T07:23:11+00:00\",\"breadcrumb\":{\"@id\":\"https:\/\/labochem.com.vn\/en\/s\u1ea3n ph\u1ea9m\/nhiet-ke-hong-ngoai-model-wt700\/#breadcrumb\"},\"inLanguage\":\"en-US\",\"potentialAction\":[{\"@type\":\"ReadAction\",\"target\":[\"https:\/\/labochem.com.vn\/en\/s\u1ea3n ph\u1ea9m\/nhiet-ke-hong-ngoai-model-wt700\/\"]}]},{\"@type\":\"ImageObject\",\"inLanguage\":\"en-US\",\"@id\":\"https:\/\/labochem.com.vn\/en\/s\u1ea3n ph\u1ea9m\/nhiet-ke-hong-ngoai-model-wt700\/#primaryimage\",\"url\":\"https:\/\/labochem.com.vn\/wp-content\/uploads\/2020\/05\/700.jpg\",\"contentUrl\":\"https:\/\/labochem.com.vn\/wp-content\/uploads\/2020\/05\/700.jpg\",\"width\":224,\"height\":224},{\"@type\":\"BreadcrumbList\",\"@id\":\"https:\/\/labochem.com.vn\/en\/s\u1ea3n ph\u1ea9m\/nhiet-ke-hong-ngoai-model-wt700\/#breadcrumb\",\"itemListElement\":[{\"@type\":\"ListItem\",\"position\":1,\"name\":\"Home\",\"item\":\"https:\/\/labochem.com.vn\/\"},{\"@type\":\"ListItem\",\"position\":2,\"name\":\"C\u1eeda h\u00e0ng\",\"item\":\"https:\/\/labochem.com.vn\/mua\/\"},{\"@type\":\"ListItem\",\"position\":3,\"name\":\"(Ti\u1ebfng Vi\u1ec7t) NHI\u1ec6T K\u1ebe H\u1ed2NG NGO\u1ea0I Model: WT700\"}]},{\"@type\":\"WebSite\",\"@id\":\"https:\/\/labochem.com.vn\/#website\",\"url\":\"https:\/\/labochem.com.vn\/\",\"name\":\"C\u00f4ng ty TNHH LABOCHEM Vi\u1ec7t Nam\",\"description\":\"M\u1ed9t trang web m\u1edbi s\u1eed d\u1ee5ng WordPress\",\"potentialAction\":[{\"@type\":\"SearchAction\",\"target\":{\"@type\":\"EntryPoint\",\"urlTemplate\":\"https:\/\/labochem.com.vn\/?s={search_term_string}\"},\"query-input\":\"required name=search_term_string\"}],\"inLanguage\":\"en-US\"}]}<\/script>\n<!-- \/ Yoast SEO plugin. -->","yoast_head_json":{"title":"[:vi]NHI\u1ec6T K\u1ebe H\u1ed2NG NGO\u1ea0I Model: WT700[:] - C\u00f4ng ty TNHH LABOCHEM Vi\u1ec7t Nam","robots":{"index":"index","follow":"follow","max-snippet":"max-snippet:-1","max-image-preview":"max-image-preview:large","max-video-preview":"max-video-preview:-1"},"canonical":"https:\/\/labochem.com.vn\/en\/s\u1ea3n ph\u1ea9m\/nhiet-ke-hong-ngoai-model-wt700\/","og_locale":"en_US","og_type":"article","og_title":"[:vi]NHI\u1ec6T K\u1ebe H\u1ed2NG NGO\u1ea0I Model: WT700[:] - C\u00f4ng ty TNHH LABOCHEM Vi\u1ec7t Nam","og_description":"[:vi]NHI\u1ec6T K\u1ebe H\u1ed2NG NGO\u1ea0I  Model: WT700  M\u00e1y \u0111o nhi\u1ec7t \u0111\u1ed9 h\u1ed3ng ngo\u1ea1i Benetech WT700\u00a0 M\u00e1y \u0111o nhi\u1ec7t \u0111\u1ed9 h\u1ed3ng ngo\u1ea1i Benetech WT700 \u0111\u01b0\u1ee3c s\u1eed d\u1ee5ng \u0111\u1ec3 \u0111o nhi\u1ec7t \u0111\u1ed9 c\u1ee7a b\u1ec1 m\u1eb7t c\u1ee7a \u0111\u1ed1i t\u01b0\u1ee3ng c\u00f3 nhi\u1ec7t \u0111\u1ed9 cao m\u00e0 kh\u00f4ng c\u1ea7n ph\u1ea3i ti\u1ebfp x\u00fac. M\u00e1y \u0111o nhi\u1ec7t \u0111\u1ed9 h\u1ed3ng ngo\u1ea1i\u00a0Benetech WT700\u00a0\u1ee9ng d\u1ee5ng cho c\u00e1c \u0111\u1ed1i t\u01b0\u1ee3ng qu\u00e1 n\u00f3ng, \u0111\u1ed9c h\u1ea1i, kh\u00f3 ti\u1ebfp c\u1eadn m\u1ed9t c\u00e1ch an to\u00e0n v\u00e0 nhanh ch\u00f3ng. Bao g\u1ed3m Optics, Nhi\u1ec7t \u0111\u1ed9 khu\u1ebfch \u0111\u1ea1i c\u1ea3m bi\u1ebfn t\u00edn hi\u1ec7u, m\u1ea1ch x\u1eed l\u00fd v\u00e0 m\u00e0n h\u00ecnh LCD hi\u1ec3n th\u1ecb.  Benetech WT700\u00a0 c\u00f3 m\u00e0n h\u00ecnh LCD k\u00edch th\u01b0\u1edbc l\u1edbn, ho\u1ea1t \u0111\u1ed9ng \u0111a ch\u1ee9c n\u0103ng, ti\u00eau th\u1ee5 \u0111i\u1ec7n n\u0103ng th\u1ea5p v\u00e0 \u0111\u1eb7c bi\u1ec7t c\u00f3 s\u1ef1 ho\u1ea1t \u0111\u1ed9ng \u1ed5n \u0111\u1ecbnh v\u1edbi \u0111\u1ed9 ch\u00ednh x\u00e1c cao. Kho\u1ea3ng \u0111o c\u1ee7a m\u00e1y T\u1eeb -50 \u00b0 C \u0111\u1ebfn 700 \u00b0 C (-58 \u00b0 F \u0111\u1ebfn 1292 \u00b0 F).\u00a0M\u00e1y c\u00f3 ch\u1ee9c n\u0103ng T\u1ef1 \u0111\u1ed9ng t\u1eaft m\u00e1y khi kh\u00f4ng s\u1eed d\u1ee5ng,; ch\u1ee9c n\u0103ng Hold d\u1eef li\u1ec7u; ti\u1ebft ki\u1ec7m \u0111i\u1ec7n n\u0103ng ti\u00eau th\u1ee5. Thi\u1ebft b\u1ecb m\u00e1y \u0111o nhi\u1ec7t \u0111\u1ed9 b\u1eb1ng h\u1ed3ng ngo\u1ea1i Benetech WT700 l\u00e0 m\u1ed9t s\u1ea3n ph\u1ea9m c\u1ee7a nh\u00e3n hi\u1ec7u Benetech n\u1ed5i ti\u1ebfng. S\u1eed d\u1ee5ng c\u00f4ng ngh\u1ec7 ti\u00ean ti\u1ebfn, \u0111o ch\u00ednh x\u00e1c nhi\u1ec7t \u0111\u1ed9 v\u00e0 \u0111\u1ed9 \u1ea9m trong nh\u00e0 m\u1ed9t c\u00e1ch nhanh ch\u00f3ng. Thi\u1ebft k\u1ebf nh\u1ecf g\u1ecdn, ti\u1ec7n l\u1ee3i, d\u1ec5 s\u1eed d\u1ee5ng, \u0111\u00e2y s\u1ebd l\u00e0 thi\u1ebft b\u1ecb h\u1eefu \u00edch b\u1ea3o v\u1ec7 d\u1ee9c kh\u1ecfe cho m\u1ecdi gia \u0111\u00ecnh.  M\u00e1y \u0111o nhi\u1ec7t \u0111\u1ed9 b\u1eb1ng h\u1ed3ng ngo\u1ea1i Benetech WT700 c\u00f3 nhi\u1ec1u \u01b0u \u0111i\u1ec3m: - Cho ph\u00e9p \u0111o c\u00e1c v\u1eadt th\u1ec3 chuy\u1ec3n \u0111\u1ed9ng v\u1edbi nhi\u1ec7t \u0111\u1ed9 ho\u1eb7c c\u00e1c v\u1eadt th\u1ec3 n\u1eb1m \u1edf nh\u1eefng m\u00f4i tr\u01b0\u1eddng nguy hi\u1ec3m nh\u01b0 tr\u00ean cao, trong d\u00e2y chuy\u1ec1n \u0111ang s\u1ea3n xu\u1ea5t. - \u0110o nhi\u1ec7t \u0111\u1ed9 m\u00e0 kh\u00f4ng s\u1ee3 v\u1ea5n \u0111\u1ec1 ph\u1ea3n \u1ee9ng l\u1ea1i c\u1ee7a v\u1eadt th\u1ec3 nh\u01b0 dung m\u00f4i, acid....v\u00e0 kh\u00f4ng g\u00e2y t\u1ed5n h\u1ea1i \u0111\u1ebfn v\u1eadt th\u1ec3 \u0111o. - Tu\u1ed5i th\u1ecd \u0111o l\u01b0\u1eddng cao, b\u1ec1n b\u1ec9, m\u00e1y ph\u1ea3n \u1ee9ng nhi\u1ec7t \u0111\u1ed9 v\u1eadt th\u1ec3 \u0111o v\u1edbi \u0111\u1ed9 tr\u1ebd th\u1eddi gian ng\u1eafn nh\u1ea5t. C\u1ea5u t\u1ea1o c\u1ee7a M\u00e1y \u0111o nhi\u1ec7t \u0111\u1ed9 h\u1ed3ng ngo\u1ea1i Benetech WT700 - N\u00daT \u0110O: B\u00e2\u0323t n\u00fat \u0111o \u0111\u1ec3 b\u1eadt ngu\u1ed3n v\u00e0 b\u1eaft \u0111\u1ea7u \u0111o. M\u00e1y s\u1ebd t\u1ef1 \u0111\u1ed9ng t\u1eaft ngu\u1ed3n sau kho\u1ea3ng 2p kh\u00f4ng s\u1eed d\u1ee5ng. - N\u00daT \u0110\u00c8N:\u00a0 B\u1ea5m n\u00fat \u0111\u1ec3 b\u1eadt \u0111\u00e8n n\u1ec1n m\u00e0n h\u00ecnh. - N\u00daT LASER: B\u1ea5m khi xu\u1ea5t hi\u1ec7n bi\u1ec3u t\u01b0\u1ee3ng \u201ctam gi\u00e1c\u201d tr\u00ean m\u00e0n h\u00ecnh \u0111\u1ec3 b\u1eadt tia laser \u0111\u1ecbnh v\u1ecb v\u1ecb tr\u00ed mu\u1ed1n ngu\u1ed3n nhi\u1ec7t mu\u1ed1n \u0111o. - N\u00daT 0C : \u0110\u01a1n v\u1ecb nhi\u1ec7t \u0111\u1ed9 l\u00e0 \u0111\u1ed9 C - N\u00daT 0C : \u0110\u01a1n v\u1ecb nhi\u1ec7t \u0111\u1ed9 l\u00e0 \u0111\u1ed9 F  L\u01b0u \u00fd khi s\u1eed d\u1ee5ng: - H\u01b0\u1edbng n\u00fat \u0111\u1ecbnh v\u1ecb laser v\u00e0o b\u1ec1 m\u1eb7t c\u1ea7n \u0111o nhi\u1ec7t \u0111\u1ed9, sau \u0111\u00f3 b\u1ea5m v\u00e0 gi\u1eef n\u00fat \u0111o kho\u1ea3ng 3-5s cho m\u00e1y \u1ed5n \u0111\u1ecbnh k\u1ebft qu\u1ea3, th\u1ea3 tay ra kh\u1ecfi n\u00fat \u0111o, k\u1ebft qu\u1ea3 hi\u1ec3n th\u1ecb tr\u00ean m\u00e0n h\u00ecnh. - Kho\u1ea3ng c\u00e1ch t\u1eeb v\u1ecb tr\u00ed \u0111\u1ee9ng t\u1edbi b\u1ec1 m\u1eb7t c\u1ee7a ngu\u1ed3n nhi\u1ec7t ph\u1ee5 thu\u1ed9c v\u00e0o ti\u1ebft di\u1ec7n b\u1ec1 m\u1eb7t c\u1ee7a ngu\u1ed3n nhi\u1ec7t v\u00e0 tu\u00e2n theo t\u1ec9 l\u1ec7 12:1. Th\u00f4ng tin chi ti\u1ebft s\u1ea3n ph\u1ea9m:\u00a0  Nhi\u1ec7t \u0111\u1ed9 \u0111o: -50 ~ 700 \u2103 (-58 ~ 1292\u2109)  \u0110\u1ed9 ch\u00ednh x\u00e1c: \u00b1 1.5% ho\u1eb7c \u00b1 1,5 \u2103  \u0110\u1ed9 l\u1eb7p l\u1ea1i: \u00b1 1% ho\u1eb7c \u00b1 1 \u2103  T\u1ef7 l\u1ec7 kho\u1ea3ng c\u00e1ch \u0111i\u1ec3m \u0111o: 12: 1  \u0110\u1ed9 ph\u00e1t x\u1ea1: 0.1 ~ 1.00 c\u00f3 th\u1ec3 \u0111i\u1ec1u ch\u1ec9nh  \u0110\u1ed9 ph\u00e2n gi\u1ea3i: 0,1 \u2103 \/ \u2109  Th\u1eddi gian \u0111\u00e1p \u1ee9ng: 500ms  B\u01b0\u1edbc s\u00f3ng: 8-14\u03bcm  \u0110\u1ea1i l\u01b0\u1ee3ng \u0111o \u2103 \/ \u2109  Ch\u1ee9c n\u0103ng gi\u1eef gi\u00e1 tr\u1ecb \u0111o  Ch\u1ee9c n\u0103ng l\u1ef1a ch\u1ecdn \u0111i\u1ec3m \u0111o b\u1eb1ng laser  Gi\u00e1 tr\u1ecb \u0111\u1ecdc:MAX\/MIN\/AVG\/DIF  T\u1ef1 \u0111\u1ed9ng ng\u1eaft ngu\u1ed3n  B\u00e1o khi \u0111i\u1ec7n n\u0103ng th\u1ea5p  Ngu\u1ed3n \u0111i\u1ec7n d\u00f9ng pin (1 x 9V)[:]","og_url":"https:\/\/labochem.com.vn\/en\/s\u1ea3n ph\u1ea9m\/nhiet-ke-hong-ngoai-model-wt700\/","og_site_name":"C\u00f4ng ty TNHH LABOCHEM Vi\u1ec7t Nam","article_modified_time":"2020-05-18T07:23:11+00:00","og_image":[{"width":224,"height":224,"url":"https:\/\/labochem.com.vn\/wp-content\/uploads\/2020\/05\/700.jpg","type":"image\/jpeg"}],"twitter_card":"summary_large_image","schema":{"@context":"https:\/\/schema.org","@graph":[{"@type":"WebPage","@id":"https:\/\/labochem.com.vn\/en\/s\u1ea3n ph\u1ea9m\/nhiet-ke-hong-ngoai-model-wt700\/","url":"https:\/\/labochem.com.vn\/en\/s\u1ea3n ph\u1ea9m\/nhiet-ke-hong-ngoai-model-wt700\/","name":"[:vi]NHI\u1ec6T K\u1ebe H\u1ed2NG NGO\u1ea0I Model: WT700[:] - C\u00f4ng ty TNHH LABOCHEM Vi\u1ec7t Nam","isPartOf":{"@id":"https:\/\/labochem.com.vn\/#website"},"primaryImageOfPage":{"@id":"https:\/\/labochem.com.vn\/en\/s\u1ea3n ph\u1ea9m\/nhiet-ke-hong-ngoai-model-wt700\/#primaryimage"},"image":{"@id":"https:\/\/labochem.com.vn\/en\/s\u1ea3n ph\u1ea9m\/nhiet-ke-hong-ngoai-model-wt700\/#primaryimage"},"thumbnailUrl":"https:\/\/labochem.com.vn\/wp-content\/uploads\/2020\/05\/700.jpg","datePublished":"2020-05-05T10:10:04+00:00","dateModified":"2020-05-18T07:23:11+00:00","breadcrumb":{"@id":"https:\/\/labochem.com.vn\/en\/s\u1ea3n ph\u1ea9m\/nhiet-ke-hong-ngoai-model-wt700\/#breadcrumb"},"inLanguage":"en-US","potentialAction":[{"@type":"ReadAction","target":["https:\/\/labochem.com.vn\/en\/s\u1ea3n ph\u1ea9m\/nhiet-ke-hong-ngoai-model-wt700\/"]}]},{"@type":"ImageObject","inLanguage":"en-US","@id":"https:\/\/labochem.com.vn\/en\/s\u1ea3n ph\u1ea9m\/nhiet-ke-hong-ngoai-model-wt700\/#primaryimage","url":"https:\/\/labochem.com.vn\/wp-content\/uploads\/2020\/05\/700.jpg","contentUrl":"https:\/\/labochem.com.vn\/wp-content\/uploads\/2020\/05\/700.jpg","width":224,"height":224},{"@type":"BreadcrumbList","@id":"https:\/\/labochem.com.vn\/en\/s\u1ea3n ph\u1ea9m\/nhiet-ke-hong-ngoai-model-wt700\/#breadcrumb","itemListElement":[{"@type":"ListItem","position":1,"name":"Home","item":"https:\/\/labochem.com.vn\/"},{"@type":"ListItem","position":2,"name":"C\u1eeda h\u00e0ng","item":"https:\/\/labochem.com.vn\/mua\/"},{"@type":"ListItem","position":3,"name":"(Ti\u1ebfng Vi\u1ec7t) NHI\u1ec6T K\u1ebe H\u1ed2NG NGO\u1ea0I Model: WT700"}]},{"@type":"WebSite","@id":"https:\/\/labochem.com.vn\/#website","url":"https:\/\/labochem.com.vn\/","name":"C\u00f4ng ty TNHH LABOCHEM Vi\u1ec7t Nam","description":"M\u1ed9t trang web m\u1edbi s\u1eed d\u1ee5ng WordPress","potentialAction":[{"@type":"SearchAction","target":{"@type":"EntryPoint","urlTemplate":"https:\/\/labochem.com.vn\/?s={search_term_string}"},"query-input":"required name=search_term_string"}],"inLanguage":"en-US"}]}},"_links":{"self":[{"href":"https:\/\/labochem.com.vn\/en\/wp-json\/wp\/v2\/product\/148"}],"collection":[{"href":"https:\/\/labochem.com.vn\/en\/wp-json\/wp\/v2\/product"}],"about":[{"href":"https:\/\/labochem.com.vn\/en\/wp-json\/wp\/v2\/types\/product"}],"replies":[{"embeddable":true,"href":"https:\/\/labochem.com.vn\/en\/wp-json\/wp\/v2\/comments?post=148"}],"wp:featuredmedia":[{"embeddable":true,"href":"https:\/\/labochem.com.vn\/en\/wp-json\/wp\/v2\/media\/149"}],"wp:attachment":[{"href":"https:\/\/labochem.com.vn\/en\/wp-json\/wp\/v2\/media?parent=148"}],"wp:term":[{"taxonomy":"product_cat","embeddable":true,"href":"https:\/\/labochem.com.vn\/en\/wp-json\/wp\/v2\/product_cat?post=148"},{"taxonomy":"product_tag","embeddable":true,"href":"https:\/\/labochem.com.vn\/en\/wp-json\/wp\/v2\/product_tag?post=148"}],"curies":[{"name":"wp","href":"https:\/\/api.w.org\/{rel}","templated":true}]}}