{"id":144,"date":"2020-05-05T09:56:56","date_gmt":"2020-05-05T09:56:56","guid":{"rendered":"http:\/\/labochem.com.vn\/?post_type=product&#038;p=144"},"modified":"2020-05-18T07:25:33","modified_gmt":"2020-05-18T07:25:33","slug":"nhiet-ke-hong-ngoai-model-gm300e","status":"publish","type":"product","link":"https:\/\/labochem.com.vn\/en\/s\u1ea3n ph\u1ea9m\/nhiet-ke-hong-ngoai-model-gm300e\/","title":{"rendered":"(Ti\u1ebfng Vi\u1ec7t) NHI\u1ec6T K\u1ebe H\u1ed2NG NGO\u1ea0I Model: GM300E"},"content":{"rendered":"","protected":false},"excerpt":{"rendered":"<p class=\"qtranxs-available-languages-message qtranxs-available-languages-message-en\">Sorry, this entry is only available in <a href=\"https:\/\/labochem.com.vn\/vi\/wp-json\/wp\/v2\/product\/144\" class=\"qtranxs-available-language-link qtranxs-available-language-link-vi\" title=\"Ti\u1ebfng Vi\u1ec7t\">Ti\u1ebfng Vi\u1ec7t<\/a>.<\/p>\n","protected":false},"featured_media":145,"comment_status":"open","ping_status":"closed","template":"","meta":[],"product_cat":[29],"product_tag":[],"yoast_head":"<!-- This site is optimized with the Yoast SEO plugin v22.6 - https:\/\/yoast.com\/wordpress\/plugins\/seo\/ -->\n<title><\/title>\n<meta name=\"robots\" content=\"index, follow, max-snippet:-1, max-image-preview:large, max-video-preview:-1\" \/>\n<link rel=\"canonical\" href=\"https:\/\/labochem.com.vn\/en\/s\u1ea3n%20ph\u1ea9m\/nhiet-ke-hong-ngoai-model-gm300e\/\" \/>\n<meta property=\"og:locale\" content=\"en_US\" \/>\n<meta property=\"og:type\" content=\"article\" \/>\n<meta property=\"og:title\" content=\"[:vi]NHI\u1ec6T K\u1ebe H\u1ed2NG NGO\u1ea0I Model: GM300E[:] - C\u00f4ng ty TNHH LABOCHEM Vi\u1ec7t Nam\" \/>\n<meta property=\"og:description\" content=\"[:vi]   NHI\u1ec6T K\u1ebe H\u1ed2NG NGO\u1ea0I  Model: GM300E  M\u00e1y \u0111o nhi\u1ec7t \u0111\u1ed9 h\u1ed3ng ngo\u1ea1i Benetech GM300E \u00a0\u0111o nhi\u1ec7t \u0111\u1ed9 b\u1eb1ng nguy\u00ean l\u00ed c\u1ea3m \u1ee9ng h\u1ed3ng ngo\u1ea1i, c\u00f3 th\u1ec3 \u0111o nhi\u1ec7t \u0111\u1ed9 t\u1eeb -50 to 420\u00b0C v\u1edbi t\u1ef7 l\u1ec7 kho\u1ea3ng c\u00e1ch \u0111i\u1ec3m \u0111o l\u00e0 12:1 \u0110\u1ed9 ph\u00e1t x\u1ea1 nhi\u1ec7t c\u1ee7a m\u00e1y t\u1eeb \u00a00.1 \u0111\u1ebfn 1.00 v\u00e0 c\u00f3 th\u1ec3 \u0111i\u1ec1u ch\u1ec9nh \u0111\u01b0\u1ee3c t\u00f9y theo nhu c\u1ea7u c\u1ee7a ng\u01b0\u1eddi s\u1eed d\u1ee5ng.\u00a0Benetech GM300E cho k\u1ebf qu\u1ea3 nhanh ch\u00f3ng, \u0111\u1ed9 ch\u00ednh x\u00e1c cao:\u00a0\u00b11.5% or \u00b11.5\u00b0C.  M\u00e1y \u0111o nhi\u1ec7t \u0111\u1ed9 h\u1ed3ng ngo\u1ea1i\u00a0Benetech GM300E\u00a0\u0111\u01b0\u1ee3c trang b\u1ecb c\u00e1c ch\u1ee9c n\u0103ng v\u01b0\u1ee3t tr\u1ed9i nh\u01b0 \u0111\u1ed1i v\u1edbi gi\u00e1 tr\u1ecb \u0111\u1ecdc, m\u00e1y c\u00f3 th\u1ec3 \u0111\u1ecdc \u0111\u01b0\u1ee3c gi\u00e1 tr\u1ecb L\u1edbn nh\u1ea5t\/Nh\u1ecf nh\u1ea5t\/C\u00e1c gi\u00e1 tr\u1ecb kh\u00e1c\/ gi\u00e1 tr\u1ecb Trung b\u00ecnh; \u00a0Kh\u1ea3 n\u0103ng thi\u1ebft l\u1eadp b\u00e1o \u0111\u1ed9ng khi nhi\u1ec7t \u0111\u1ed9 cao\/th\u1ea5p.  M\u00e1y \u0111o nhi\u1ec7t \u0111\u1ed9 h\u1ed3ng ngo\u1ea1i Benetech GM300E \u00a0\u0111\u01b0\u1ee3c s\u1eed d\u1ee5ng \u0111\u1ec3 \u0111o nhi\u1ec7t \u0111\u1ed9 c\u1ee7a b\u1ec1 m\u1eb7t c\u1ee7a \u0111\u1ed1i t\u01b0\u1ee3ng, l\u00e0 c\u00e1c \u0111\u1ed1i t\u01b0\u1ee3ng c\u00f3 nhi\u1ec7t \u0111\u1ed9 cao, \u0111\u1ed9c h\u1ea1i\u2026 m\u00e0 kh\u00f4ng c\u1ea7n ti\u1ebfp x\u00fac m\u1ed9t c\u00e1ch an to\u00e0n v\u00e0 nhanh ch\u00f3ng.\u00a0Benetech GM300E \u00a0 bao g\u1ed3m \u1ed1ng k\u00ednh, c\u1ea3m bi\u1ebfn nhi\u1ec7t \u0111\u1ed9, b\u1ed9 khu\u1ebfch \u0111\u1ea1i t\u00edn hi\u1ec7u, m\u1ea1ch x\u1eed l\u00fd v\u00e0 m\u00e0n h\u00ecnh LCD. C\u00e1c \u1ed1ng k\u00ednh thu n\u0103ng l\u01b0\u1ee3ng h\u1ed3ng ngo\u1ea1i ph\u00e1t ra t\u1eeb \u0111\u1ed1i t\u01b0\u1ee3ng v\u00e0 t\u1eadp trung v\u00e0o c\u1ea3m bi\u1ebfn. Sau \u0111\u00f3, c\u00e1c c\u1ea3m bi\u1ebfn chuy\u1ec3n n\u0103ng l\u01b0\u1ee3ng th\u00e0nh t\u00edn hi\u1ec7u \u0111i\u1ec7n. T\u00edn hi\u1ec7u n\u00e0y s\u1ebd \u0111\u01b0\u1ee3c b\u1eadt ra \u0111\u01b0\u1ee3c k\u1ef9 thu\u1eadt s\u1ed1 hi\u1ec3n th\u1ecb tr\u00ean m\u00e0n h\u00ecnh LCD khi c\u00e1c b\u1ed9 khu\u1ebfch \u0111\u1ea1i t\u00edn hi\u1ec7u v\u00e0 m\u1ea1ch x\u1eed.  T\u00ednh n\u0103ng c\u1ee7a\u00a0M\u00e1y \u0111o nhi\u1ec7t \u0111\u1ed9 h\u1ed3ng ngo\u1ea1i Benetech GM300E\u00a0: - \u00a0Chuy\u1ec3n \u0111\u1ed5i \u0111\u01a1n v\u1ecb \u0111o \u0111\u1ed9 C \/ F - \u00a0\u0110\u01b0\u1ee3c trang b\u1ecb laser cho ph\u00e9p nh\u1eafm m\u1ee5c ti\u00eau ch\u00ednh x\u00e1c - Ch\u1ee9c n\u0103ng l\u01b0u gi\u1eef Nhi\u1ec7t \u0111\u1ed9 - M\u00e0n h\u00ecnh LCD - Tr\u1ecdng l\u01b0\u1ee3ng nh\u1eb9 v\u00e0 d\u1ec5 s\u1eed d\u1ee5ng  - \u00a0Nh\u00e3n hi\u1ec7u m\u1edbi v\u00e0 ch\u1ea5t l\u01b0\u1ee3ng cao, tr\u1ecdng l\u01b0\u1ee3ng nh\u1eb9 v\u00e0 nh\u1ecf g\u1ecdn. - Thao t\u00e1c \u0111\u01a1n gi\u1ea3n m\u1ed9t tay. - \u0110\u01a1n gi\u1ea3n ch\u1ec9 c\u1ea7n tr\u1ecf \u0111\u1ebfn m\u1ed9t \u0111\u1ed1i t\u01b0\u1ee3ng v\u00e0 \u0111\u1ecdc nhi\u1ec7t \u0111\u1ed9 c\u1ee7a n\u00f3. - Ch\u00ednh x\u00e1c kh\u00f4ng ti\u1ebfp x\u00fac IR nhi\u1ec7t k\u1ebf, an to\u00e0n v\u00e0 d\u1ec5 s\u1eed d\u1ee5ng. - Laser on \/ off chuy\u1ec3n \u0111\u1ed5i, t\u1ef1 \u0111\u1ed9ng t\u1eaft ngu\u1ed3n v\u00e0 d\u1eef li\u1ec7u nhi\u1ec7t \u0111\u1ed9 gi\u1eef. - \u0110\u1ecdc \u0111\u01b0\u1ee3c gi\u00e1 tr\u1ecb MAX \/ MIN \/ AVG \/ DIF - \u00a0c\u00e0i \u0111\u1eb7t b\u00e1o \u0111\u1ed9ng nhi\u1ec7t \u0111\u1ed9\u00a0Cao \/ th\u1ea5p - \u00a0Backlight ON \/ OFF c\u00f3 th\u1ec3 l\u1ef1a ch\u1ecdn  L\u01b0u \u00fd khi s\u1eed d\u1ee5ng Benetech GM300E: - Khi \u0111o l\u01b0\u1eddng, ch\u00fa \u00fd \u0111\u1ebfn c\u00e1c c\u00e1ch \u0111\u1ec3 ph\u00e1t hi\u1ec7n k\u00edch th\u01b0\u1edbc. Khi c\u00e1ch (D) t\u1eeb b\u1ec1 m\u1eb7t m\u1ee5c ti\u00eau t\u0103ng l\u00ean, k\u00edch th\u01b0\u1edbc \u0111i\u1ec3m (S) c\u1ee7a khu v\u1ef1c \u0111o b\u1eb1ng \u0111\u01a1n v\u1ecb tr\u1edf n\u00ean l\u1edbn h\u01a1n. - H\u00e3y ch\u1eafc ch\u1eafn r\u1eb1ng nh\u1eefng m\u1ee5c ti\u00eau l\u1edbn h\u01a1n k\u00edch th\u01b0\u1edbc \u0111i\u1ec3m c\u1ee7a \u0111\u01a1n v\u1ecb. Nh\u1ecf h\u01a1n m\u1ee5c ti\u00eau \u0111o kho\u1ea3ng c\u00e1ch g\u1ea7n h\u01a1n. Khi \u0111\u1ed9 ch\u00ednh x\u00e1c l\u00e0 r\u1ea5t quan tr\u1ecdng, \u0111\u1ea3m b\u1ea3o c\u00e1c m\u1ee5c ti\u00eau \u00edt nh\u1ea5t l\u00e0 hai l\u1ea7n l\u1edbn nh\u01b0 c\u00e1c Sise. - H\u1ea7u h\u1ebft c\u00e1c v\u1eadt li\u1ec7u h\u1eefu c\u01a1 v\u00e0 c\u00e1c b\u1ec1 m\u1eb7t s\u01a1n ho\u1eb7c b\u1ecb oxy h\u00f3a c\u00f3 \u0111\u1ed9 ph\u00e1t x\u1ea1 l\u00e0 0,95. \u0110\u1ecdc kh\u00f4ng ch\u00ednh x\u00e1c s\u1ebd d\u1eabn \u0111\u1ebfn\u00a0 cho r\u1eb1ng \u0111\u1ed9 s\u00e1ng b\u00f3ng c\u1ee7a b\u1ec1 m\u1eb7t kim lo\u1ea1i \u0111\u01b0\u1ee3c \u0111\u00e1nh b\u00f3ng. V\u00ec v\u1eady n\u00ean \u00a0che b\u1ec1 m\u1eb7t m\u1ee5c ti\u00eau v\u1edbi b\u0103ng che ho\u1eb7c s\u01a1n m\u00e0u \u0111en ph\u1eb3ng.  Th\u00f4ng tin chi ti\u1ebft s\u1ea3n ph\u1ea9m:  Thang \u0111o: -50 to 420\u00b0C (-58~788\u2109)  \u0110\u1ed9 ch\u00ednh x\u00e1c: \u00b1 1.5% ho\u1eb7c \u00b1 1,5 \u2103  \u0110\u1ed9 l\u1eb7p l\u1ea1i: \u00b1 1% ho\u1eb7c \u00b1 1 \u2103  T\u1ef7 l\u1ec7 kho\u1ea3ng c\u00e1ch \u0111i\u1ec3m \u0111o: 12:1  \u0110\u1ed9 ph\u00e1t x\u1ea1 nhi\u1ec7t: 0.1-1.00 \u0111i\u1ec1u ch\u1ec9nh \u0111\u01b0\u1ee3c  \u0110\u1ea1i l\u01b0\u1ee3ng \u0111o: \u2103 \/ \u2109  Th\u1eddi gian \u0111\u00e1p \u1ee9ng: 500ms  B\u01b0\u1edbc s\u00f3ng: 8-14\u03bcm  Gi\u00e1 tr\u1ecb \u0111\u1ecdc:MAX\/MIN\/AVG\/DIF  Thi\u1ebft l\u1eadp b\u00e1o \u0111\u1ed9ng khi nhi\u1ec7t \u0111\u1ed9 cao\/th\u1ea5p \u0110\u1ea1i l\u01b0\u1ee3ng \u0111o: \u2103 \/ \u2109  Ch\u1ee9c n\u0103ng gi\u1eef gi\u00e1 tr\u1ecb \u0111o  L\u1ef1a ch\u1ecdn \u0111i\u1ec3m \u0111o b\u1eb1ng laser  T\u1ef1 \u0111\u1ed9ng ng\u1eaft ngu\u1ed3n  B\u00e1o khi \u0111i\u1ec7n n\u0103ng th\u1ea5p  Ngu\u1ed3n \u0111i\u1ec7n d\u00f9ng pin (1 x 9V)  K\u00edch th\u01b0\u1edbc: 153 x 101 x 43mm  &nbsp;   [:]\" \/>\n<meta property=\"og:url\" content=\"https:\/\/labochem.com.vn\/en\/s\u1ea3n ph\u1ea9m\/nhiet-ke-hong-ngoai-model-gm300e\/\" \/>\n<meta property=\"og:site_name\" content=\"C\u00f4ng ty TNHH LABOCHEM Vi\u1ec7t Nam\" \/>\n<meta property=\"article:modified_time\" content=\"2020-05-18T07:25:33+00:00\" \/>\n<meta property=\"og:image\" content=\"https:\/\/labochem.com.vn\/wp-content\/uploads\/2020\/05\/300e.jpg\" \/>\n\t<meta property=\"og:image:width\" content=\"215\" \/>\n\t<meta property=\"og:image:height\" content=\"235\" \/>\n\t<meta property=\"og:image:type\" content=\"image\/jpeg\" \/>\n<meta name=\"twitter:card\" content=\"summary_large_image\" \/>\n<script type=\"application\/ld+json\" class=\"yoast-schema-graph\">{\"@context\":\"https:\/\/schema.org\",\"@graph\":[{\"@type\":\"WebPage\",\"@id\":\"https:\/\/labochem.com.vn\/en\/s\u1ea3n ph\u1ea9m\/nhiet-ke-hong-ngoai-model-gm300e\/\",\"url\":\"https:\/\/labochem.com.vn\/en\/s\u1ea3n ph\u1ea9m\/nhiet-ke-hong-ngoai-model-gm300e\/\",\"name\":\"[:vi]NHI\u1ec6T K\u1ebe H\u1ed2NG NGO\u1ea0I Model: GM300E[:] - C\u00f4ng ty TNHH LABOCHEM Vi\u1ec7t Nam\",\"isPartOf\":{\"@id\":\"https:\/\/labochem.com.vn\/#website\"},\"primaryImageOfPage\":{\"@id\":\"https:\/\/labochem.com.vn\/en\/s\u1ea3n ph\u1ea9m\/nhiet-ke-hong-ngoai-model-gm300e\/#primaryimage\"},\"image\":{\"@id\":\"https:\/\/labochem.com.vn\/en\/s\u1ea3n ph\u1ea9m\/nhiet-ke-hong-ngoai-model-gm300e\/#primaryimage\"},\"thumbnailUrl\":\"https:\/\/labochem.com.vn\/wp-content\/uploads\/2020\/05\/300e.jpg\",\"datePublished\":\"2020-05-05T09:56:56+00:00\",\"dateModified\":\"2020-05-18T07:25:33+00:00\",\"breadcrumb\":{\"@id\":\"https:\/\/labochem.com.vn\/en\/s\u1ea3n ph\u1ea9m\/nhiet-ke-hong-ngoai-model-gm300e\/#breadcrumb\"},\"inLanguage\":\"en-US\",\"potentialAction\":[{\"@type\":\"ReadAction\",\"target\":[\"https:\/\/labochem.com.vn\/en\/s\u1ea3n ph\u1ea9m\/nhiet-ke-hong-ngoai-model-gm300e\/\"]}]},{\"@type\":\"ImageObject\",\"inLanguage\":\"en-US\",\"@id\":\"https:\/\/labochem.com.vn\/en\/s\u1ea3n ph\u1ea9m\/nhiet-ke-hong-ngoai-model-gm300e\/#primaryimage\",\"url\":\"https:\/\/labochem.com.vn\/wp-content\/uploads\/2020\/05\/300e.jpg\",\"contentUrl\":\"https:\/\/labochem.com.vn\/wp-content\/uploads\/2020\/05\/300e.jpg\",\"width\":215,\"height\":235},{\"@type\":\"BreadcrumbList\",\"@id\":\"https:\/\/labochem.com.vn\/en\/s\u1ea3n ph\u1ea9m\/nhiet-ke-hong-ngoai-model-gm300e\/#breadcrumb\",\"itemListElement\":[{\"@type\":\"ListItem\",\"position\":1,\"name\":\"Home\",\"item\":\"https:\/\/labochem.com.vn\/\"},{\"@type\":\"ListItem\",\"position\":2,\"name\":\"C\u1eeda h\u00e0ng\",\"item\":\"https:\/\/labochem.com.vn\/mua\/\"},{\"@type\":\"ListItem\",\"position\":3,\"name\":\"(Ti\u1ebfng Vi\u1ec7t) NHI\u1ec6T K\u1ebe H\u1ed2NG NGO\u1ea0I Model: GM300E\"}]},{\"@type\":\"WebSite\",\"@id\":\"https:\/\/labochem.com.vn\/#website\",\"url\":\"https:\/\/labochem.com.vn\/\",\"name\":\"C\u00f4ng ty TNHH LABOCHEM Vi\u1ec7t Nam\",\"description\":\"M\u1ed9t trang web m\u1edbi s\u1eed d\u1ee5ng WordPress\",\"potentialAction\":[{\"@type\":\"SearchAction\",\"target\":{\"@type\":\"EntryPoint\",\"urlTemplate\":\"https:\/\/labochem.com.vn\/?s={search_term_string}\"},\"query-input\":\"required name=search_term_string\"}],\"inLanguage\":\"en-US\"}]}<\/script>\n<!-- \/ Yoast SEO plugin. -->","yoast_head_json":{"title":"[:vi]NHI\u1ec6T K\u1ebe H\u1ed2NG NGO\u1ea0I Model: GM300E[:] - C\u00f4ng ty TNHH LABOCHEM Vi\u1ec7t Nam","robots":{"index":"index","follow":"follow","max-snippet":"max-snippet:-1","max-image-preview":"max-image-preview:large","max-video-preview":"max-video-preview:-1"},"canonical":"https:\/\/labochem.com.vn\/en\/s\u1ea3n ph\u1ea9m\/nhiet-ke-hong-ngoai-model-gm300e\/","og_locale":"en_US","og_type":"article","og_title":"[:vi]NHI\u1ec6T K\u1ebe H\u1ed2NG NGO\u1ea0I Model: GM300E[:] - C\u00f4ng ty TNHH LABOCHEM Vi\u1ec7t Nam","og_description":"[:vi]   NHI\u1ec6T K\u1ebe H\u1ed2NG NGO\u1ea0I  Model: GM300E  M\u00e1y \u0111o nhi\u1ec7t \u0111\u1ed9 h\u1ed3ng ngo\u1ea1i Benetech GM300E \u00a0\u0111o nhi\u1ec7t \u0111\u1ed9 b\u1eb1ng nguy\u00ean l\u00ed c\u1ea3m \u1ee9ng h\u1ed3ng ngo\u1ea1i, c\u00f3 th\u1ec3 \u0111o nhi\u1ec7t \u0111\u1ed9 t\u1eeb -50 to 420\u00b0C v\u1edbi t\u1ef7 l\u1ec7 kho\u1ea3ng c\u00e1ch \u0111i\u1ec3m \u0111o l\u00e0 12:1 \u0110\u1ed9 ph\u00e1t x\u1ea1 nhi\u1ec7t c\u1ee7a m\u00e1y t\u1eeb \u00a00.1 \u0111\u1ebfn 1.00 v\u00e0 c\u00f3 th\u1ec3 \u0111i\u1ec1u ch\u1ec9nh \u0111\u01b0\u1ee3c t\u00f9y theo nhu c\u1ea7u c\u1ee7a ng\u01b0\u1eddi s\u1eed d\u1ee5ng.\u00a0Benetech GM300E cho k\u1ebf qu\u1ea3 nhanh ch\u00f3ng, \u0111\u1ed9 ch\u00ednh x\u00e1c cao:\u00a0\u00b11.5% or \u00b11.5\u00b0C.  M\u00e1y \u0111o nhi\u1ec7t \u0111\u1ed9 h\u1ed3ng ngo\u1ea1i\u00a0Benetech GM300E\u00a0\u0111\u01b0\u1ee3c trang b\u1ecb c\u00e1c ch\u1ee9c n\u0103ng v\u01b0\u1ee3t tr\u1ed9i nh\u01b0 \u0111\u1ed1i v\u1edbi gi\u00e1 tr\u1ecb \u0111\u1ecdc, m\u00e1y c\u00f3 th\u1ec3 \u0111\u1ecdc \u0111\u01b0\u1ee3c gi\u00e1 tr\u1ecb L\u1edbn nh\u1ea5t\/Nh\u1ecf nh\u1ea5t\/C\u00e1c gi\u00e1 tr\u1ecb kh\u00e1c\/ gi\u00e1 tr\u1ecb Trung b\u00ecnh; \u00a0Kh\u1ea3 n\u0103ng thi\u1ebft l\u1eadp b\u00e1o \u0111\u1ed9ng khi nhi\u1ec7t \u0111\u1ed9 cao\/th\u1ea5p.  M\u00e1y \u0111o nhi\u1ec7t \u0111\u1ed9 h\u1ed3ng ngo\u1ea1i Benetech GM300E \u00a0\u0111\u01b0\u1ee3c s\u1eed d\u1ee5ng \u0111\u1ec3 \u0111o nhi\u1ec7t \u0111\u1ed9 c\u1ee7a b\u1ec1 m\u1eb7t c\u1ee7a \u0111\u1ed1i t\u01b0\u1ee3ng, l\u00e0 c\u00e1c \u0111\u1ed1i t\u01b0\u1ee3ng c\u00f3 nhi\u1ec7t \u0111\u1ed9 cao, \u0111\u1ed9c h\u1ea1i\u2026 m\u00e0 kh\u00f4ng c\u1ea7n ti\u1ebfp x\u00fac m\u1ed9t c\u00e1ch an to\u00e0n v\u00e0 nhanh ch\u00f3ng.\u00a0Benetech GM300E \u00a0 bao g\u1ed3m \u1ed1ng k\u00ednh, c\u1ea3m bi\u1ebfn nhi\u1ec7t \u0111\u1ed9, b\u1ed9 khu\u1ebfch \u0111\u1ea1i t\u00edn hi\u1ec7u, m\u1ea1ch x\u1eed l\u00fd v\u00e0 m\u00e0n h\u00ecnh LCD. C\u00e1c \u1ed1ng k\u00ednh thu n\u0103ng l\u01b0\u1ee3ng h\u1ed3ng ngo\u1ea1i ph\u00e1t ra t\u1eeb \u0111\u1ed1i t\u01b0\u1ee3ng v\u00e0 t\u1eadp trung v\u00e0o c\u1ea3m bi\u1ebfn. Sau \u0111\u00f3, c\u00e1c c\u1ea3m bi\u1ebfn chuy\u1ec3n n\u0103ng l\u01b0\u1ee3ng th\u00e0nh t\u00edn hi\u1ec7u \u0111i\u1ec7n. T\u00edn hi\u1ec7u n\u00e0y s\u1ebd \u0111\u01b0\u1ee3c b\u1eadt ra \u0111\u01b0\u1ee3c k\u1ef9 thu\u1eadt s\u1ed1 hi\u1ec3n th\u1ecb tr\u00ean m\u00e0n h\u00ecnh LCD khi c\u00e1c b\u1ed9 khu\u1ebfch \u0111\u1ea1i t\u00edn hi\u1ec7u v\u00e0 m\u1ea1ch x\u1eed.  T\u00ednh n\u0103ng c\u1ee7a\u00a0M\u00e1y \u0111o nhi\u1ec7t \u0111\u1ed9 h\u1ed3ng ngo\u1ea1i Benetech GM300E\u00a0: - \u00a0Chuy\u1ec3n \u0111\u1ed5i \u0111\u01a1n v\u1ecb \u0111o \u0111\u1ed9 C \/ F - \u00a0\u0110\u01b0\u1ee3c trang b\u1ecb laser cho ph\u00e9p nh\u1eafm m\u1ee5c ti\u00eau ch\u00ednh x\u00e1c - Ch\u1ee9c n\u0103ng l\u01b0u gi\u1eef Nhi\u1ec7t \u0111\u1ed9 - M\u00e0n h\u00ecnh LCD - Tr\u1ecdng l\u01b0\u1ee3ng nh\u1eb9 v\u00e0 d\u1ec5 s\u1eed d\u1ee5ng  - \u00a0Nh\u00e3n hi\u1ec7u m\u1edbi v\u00e0 ch\u1ea5t l\u01b0\u1ee3ng cao, tr\u1ecdng l\u01b0\u1ee3ng nh\u1eb9 v\u00e0 nh\u1ecf g\u1ecdn. - Thao t\u00e1c \u0111\u01a1n gi\u1ea3n m\u1ed9t tay. - \u0110\u01a1n gi\u1ea3n ch\u1ec9 c\u1ea7n tr\u1ecf \u0111\u1ebfn m\u1ed9t \u0111\u1ed1i t\u01b0\u1ee3ng v\u00e0 \u0111\u1ecdc nhi\u1ec7t \u0111\u1ed9 c\u1ee7a n\u00f3. - Ch\u00ednh x\u00e1c kh\u00f4ng ti\u1ebfp x\u00fac IR nhi\u1ec7t k\u1ebf, an to\u00e0n v\u00e0 d\u1ec5 s\u1eed d\u1ee5ng. - Laser on \/ off chuy\u1ec3n \u0111\u1ed5i, t\u1ef1 \u0111\u1ed9ng t\u1eaft ngu\u1ed3n v\u00e0 d\u1eef li\u1ec7u nhi\u1ec7t \u0111\u1ed9 gi\u1eef. - \u0110\u1ecdc \u0111\u01b0\u1ee3c gi\u00e1 tr\u1ecb MAX \/ MIN \/ AVG \/ DIF - \u00a0c\u00e0i \u0111\u1eb7t b\u00e1o \u0111\u1ed9ng nhi\u1ec7t \u0111\u1ed9\u00a0Cao \/ th\u1ea5p - \u00a0Backlight ON \/ OFF c\u00f3 th\u1ec3 l\u1ef1a ch\u1ecdn  L\u01b0u \u00fd khi s\u1eed d\u1ee5ng Benetech GM300E: - Khi \u0111o l\u01b0\u1eddng, ch\u00fa \u00fd \u0111\u1ebfn c\u00e1c c\u00e1ch \u0111\u1ec3 ph\u00e1t hi\u1ec7n k\u00edch th\u01b0\u1edbc. Khi c\u00e1ch (D) t\u1eeb b\u1ec1 m\u1eb7t m\u1ee5c ti\u00eau t\u0103ng l\u00ean, k\u00edch th\u01b0\u1edbc \u0111i\u1ec3m (S) c\u1ee7a khu v\u1ef1c \u0111o b\u1eb1ng \u0111\u01a1n v\u1ecb tr\u1edf n\u00ean l\u1edbn h\u01a1n. - H\u00e3y ch\u1eafc ch\u1eafn r\u1eb1ng nh\u1eefng m\u1ee5c ti\u00eau l\u1edbn h\u01a1n k\u00edch th\u01b0\u1edbc \u0111i\u1ec3m c\u1ee7a \u0111\u01a1n v\u1ecb. Nh\u1ecf h\u01a1n m\u1ee5c ti\u00eau \u0111o kho\u1ea3ng c\u00e1ch g\u1ea7n h\u01a1n. Khi \u0111\u1ed9 ch\u00ednh x\u00e1c l\u00e0 r\u1ea5t quan tr\u1ecdng, \u0111\u1ea3m b\u1ea3o c\u00e1c m\u1ee5c ti\u00eau \u00edt nh\u1ea5t l\u00e0 hai l\u1ea7n l\u1edbn nh\u01b0 c\u00e1c Sise. - H\u1ea7u h\u1ebft c\u00e1c v\u1eadt li\u1ec7u h\u1eefu c\u01a1 v\u00e0 c\u00e1c b\u1ec1 m\u1eb7t s\u01a1n ho\u1eb7c b\u1ecb oxy h\u00f3a c\u00f3 \u0111\u1ed9 ph\u00e1t x\u1ea1 l\u00e0 0,95. \u0110\u1ecdc kh\u00f4ng ch\u00ednh x\u00e1c s\u1ebd d\u1eabn \u0111\u1ebfn\u00a0 cho r\u1eb1ng \u0111\u1ed9 s\u00e1ng b\u00f3ng c\u1ee7a b\u1ec1 m\u1eb7t kim lo\u1ea1i \u0111\u01b0\u1ee3c \u0111\u00e1nh b\u00f3ng. V\u00ec v\u1eady n\u00ean \u00a0che b\u1ec1 m\u1eb7t m\u1ee5c ti\u00eau v\u1edbi b\u0103ng che ho\u1eb7c s\u01a1n m\u00e0u \u0111en ph\u1eb3ng.  Th\u00f4ng tin chi ti\u1ebft s\u1ea3n ph\u1ea9m:  Thang \u0111o: -50 to 420\u00b0C (-58~788\u2109)  \u0110\u1ed9 ch\u00ednh x\u00e1c: \u00b1 1.5% ho\u1eb7c \u00b1 1,5 \u2103  \u0110\u1ed9 l\u1eb7p l\u1ea1i: \u00b1 1% ho\u1eb7c \u00b1 1 \u2103  T\u1ef7 l\u1ec7 kho\u1ea3ng c\u00e1ch \u0111i\u1ec3m \u0111o: 12:1  \u0110\u1ed9 ph\u00e1t x\u1ea1 nhi\u1ec7t: 0.1-1.00 \u0111i\u1ec1u ch\u1ec9nh \u0111\u01b0\u1ee3c  \u0110\u1ea1i l\u01b0\u1ee3ng \u0111o: \u2103 \/ \u2109  Th\u1eddi gian \u0111\u00e1p \u1ee9ng: 500ms  B\u01b0\u1edbc s\u00f3ng: 8-14\u03bcm  Gi\u00e1 tr\u1ecb \u0111\u1ecdc:MAX\/MIN\/AVG\/DIF  Thi\u1ebft l\u1eadp b\u00e1o \u0111\u1ed9ng khi nhi\u1ec7t \u0111\u1ed9 cao\/th\u1ea5p \u0110\u1ea1i l\u01b0\u1ee3ng \u0111o: \u2103 \/ \u2109  Ch\u1ee9c n\u0103ng gi\u1eef gi\u00e1 tr\u1ecb \u0111o  L\u1ef1a ch\u1ecdn \u0111i\u1ec3m \u0111o b\u1eb1ng laser  T\u1ef1 \u0111\u1ed9ng ng\u1eaft ngu\u1ed3n  B\u00e1o khi \u0111i\u1ec7n n\u0103ng th\u1ea5p  Ngu\u1ed3n \u0111i\u1ec7n d\u00f9ng pin (1 x 9V)  K\u00edch th\u01b0\u1edbc: 153 x 101 x 43mm  &nbsp;   [:]","og_url":"https:\/\/labochem.com.vn\/en\/s\u1ea3n ph\u1ea9m\/nhiet-ke-hong-ngoai-model-gm300e\/","og_site_name":"C\u00f4ng ty TNHH LABOCHEM Vi\u1ec7t Nam","article_modified_time":"2020-05-18T07:25:33+00:00","og_image":[{"width":215,"height":235,"url":"https:\/\/labochem.com.vn\/wp-content\/uploads\/2020\/05\/300e.jpg","type":"image\/jpeg"}],"twitter_card":"summary_large_image","schema":{"@context":"https:\/\/schema.org","@graph":[{"@type":"WebPage","@id":"https:\/\/labochem.com.vn\/en\/s\u1ea3n ph\u1ea9m\/nhiet-ke-hong-ngoai-model-gm300e\/","url":"https:\/\/labochem.com.vn\/en\/s\u1ea3n ph\u1ea9m\/nhiet-ke-hong-ngoai-model-gm300e\/","name":"[:vi]NHI\u1ec6T K\u1ebe H\u1ed2NG NGO\u1ea0I Model: GM300E[:] - C\u00f4ng ty TNHH LABOCHEM Vi\u1ec7t Nam","isPartOf":{"@id":"https:\/\/labochem.com.vn\/#website"},"primaryImageOfPage":{"@id":"https:\/\/labochem.com.vn\/en\/s\u1ea3n ph\u1ea9m\/nhiet-ke-hong-ngoai-model-gm300e\/#primaryimage"},"image":{"@id":"https:\/\/labochem.com.vn\/en\/s\u1ea3n ph\u1ea9m\/nhiet-ke-hong-ngoai-model-gm300e\/#primaryimage"},"thumbnailUrl":"https:\/\/labochem.com.vn\/wp-content\/uploads\/2020\/05\/300e.jpg","datePublished":"2020-05-05T09:56:56+00:00","dateModified":"2020-05-18T07:25:33+00:00","breadcrumb":{"@id":"https:\/\/labochem.com.vn\/en\/s\u1ea3n ph\u1ea9m\/nhiet-ke-hong-ngoai-model-gm300e\/#breadcrumb"},"inLanguage":"en-US","potentialAction":[{"@type":"ReadAction","target":["https:\/\/labochem.com.vn\/en\/s\u1ea3n ph\u1ea9m\/nhiet-ke-hong-ngoai-model-gm300e\/"]}]},{"@type":"ImageObject","inLanguage":"en-US","@id":"https:\/\/labochem.com.vn\/en\/s\u1ea3n ph\u1ea9m\/nhiet-ke-hong-ngoai-model-gm300e\/#primaryimage","url":"https:\/\/labochem.com.vn\/wp-content\/uploads\/2020\/05\/300e.jpg","contentUrl":"https:\/\/labochem.com.vn\/wp-content\/uploads\/2020\/05\/300e.jpg","width":215,"height":235},{"@type":"BreadcrumbList","@id":"https:\/\/labochem.com.vn\/en\/s\u1ea3n ph\u1ea9m\/nhiet-ke-hong-ngoai-model-gm300e\/#breadcrumb","itemListElement":[{"@type":"ListItem","position":1,"name":"Home","item":"https:\/\/labochem.com.vn\/"},{"@type":"ListItem","position":2,"name":"C\u1eeda h\u00e0ng","item":"https:\/\/labochem.com.vn\/mua\/"},{"@type":"ListItem","position":3,"name":"(Ti\u1ebfng Vi\u1ec7t) NHI\u1ec6T K\u1ebe H\u1ed2NG NGO\u1ea0I Model: GM300E"}]},{"@type":"WebSite","@id":"https:\/\/labochem.com.vn\/#website","url":"https:\/\/labochem.com.vn\/","name":"C\u00f4ng ty TNHH LABOCHEM Vi\u1ec7t Nam","description":"M\u1ed9t trang web m\u1edbi s\u1eed d\u1ee5ng WordPress","potentialAction":[{"@type":"SearchAction","target":{"@type":"EntryPoint","urlTemplate":"https:\/\/labochem.com.vn\/?s={search_term_string}"},"query-input":"required name=search_term_string"}],"inLanguage":"en-US"}]}},"_links":{"self":[{"href":"https:\/\/labochem.com.vn\/en\/wp-json\/wp\/v2\/product\/144"}],"collection":[{"href":"https:\/\/labochem.com.vn\/en\/wp-json\/wp\/v2\/product"}],"about":[{"href":"https:\/\/labochem.com.vn\/en\/wp-json\/wp\/v2\/types\/product"}],"replies":[{"embeddable":true,"href":"https:\/\/labochem.com.vn\/en\/wp-json\/wp\/v2\/comments?post=144"}],"wp:featuredmedia":[{"embeddable":true,"href":"https:\/\/labochem.com.vn\/en\/wp-json\/wp\/v2\/media\/145"}],"wp:attachment":[{"href":"https:\/\/labochem.com.vn\/en\/wp-json\/wp\/v2\/media?parent=144"}],"wp:term":[{"taxonomy":"product_cat","embeddable":true,"href":"https:\/\/labochem.com.vn\/en\/wp-json\/wp\/v2\/product_cat?post=144"},{"taxonomy":"product_tag","embeddable":true,"href":"https:\/\/labochem.com.vn\/en\/wp-json\/wp\/v2\/product_tag?post=144"}],"curies":[{"name":"wp","href":"https:\/\/api.w.org\/{rel}","templated":true}]}}