{"id":136,"date":"2020-05-05T08:32:40","date_gmt":"2020-05-05T08:32:40","guid":{"rendered":"http:\/\/labochem.com.vn\/?post_type=product&#038;p=136"},"modified":"2020-05-18T07:27:02","modified_gmt":"2020-05-18T07:27:02","slug":"nhiet-ke-hong-ngoai-model-gm270","status":"publish","type":"product","link":"https:\/\/labochem.com.vn\/en\/s\u1ea3n ph\u1ea9m\/nhiet-ke-hong-ngoai-model-gm270\/","title":{"rendered":"(Ti\u1ebfng Vi\u1ec7t) NHI\u1ec6T K\u1ebe H\u1ed2NG NGO\u1ea0I Model: GM270"},"content":{"rendered":"","protected":false},"excerpt":{"rendered":"<p class=\"qtranxs-available-languages-message qtranxs-available-languages-message-en\">Sorry, this entry is only available in <a href=\"https:\/\/labochem.com.vn\/vi\/wp-json\/wp\/v2\/product\/136\" class=\"qtranxs-available-language-link qtranxs-available-language-link-vi\" title=\"Ti\u1ebfng Vi\u1ec7t\">Ti\u1ebfng Vi\u1ec7t<\/a>.<\/p>\n","protected":false},"featured_media":137,"comment_status":"open","ping_status":"closed","template":"","meta":[],"product_cat":[29],"product_tag":[37],"yoast_head":"<!-- This site is optimized with the Yoast SEO plugin v22.6 - https:\/\/yoast.com\/wordpress\/plugins\/seo\/ -->\n<title><\/title>\n<meta name=\"robots\" content=\"index, follow, max-snippet:-1, max-image-preview:large, max-video-preview:-1\" \/>\n<link rel=\"canonical\" href=\"https:\/\/labochem.com.vn\/en\/s\u1ea3n%20ph\u1ea9m\/nhiet-ke-hong-ngoai-model-gm270\/\" \/>\n<meta property=\"og:locale\" content=\"en_US\" \/>\n<meta property=\"og:type\" content=\"article\" \/>\n<meta property=\"og:title\" content=\"[:vi]NHI\u1ec6T K\u1ebe H\u1ed2NG NGO\u1ea0I Model: GM270[:] - C\u00f4ng ty TNHH LABOCHEM Vi\u1ec7t Nam\" \/>\n<meta property=\"og:description\" content=\"[:vi]NHI\u1ec6T K\u1ebe H\u1ed2NG NGO\u1ea0I  Model: GM270  M\u00e1y \u0111o nhi\u1ec7t \u0111\u1ed9 h\u1ed3ng ngo\u1ea1i Benetech GM-270\u00a0 l\u00e0 m\u00e1y \u0111o nhi\u1ec7t \u0111\u1ed9 h\u1ed3ng ngo\u1ea1i\u00a0\u0111\u1ec3 \u0111o nhi\u1ec7t \u0111\u1ed9 c\u1ee7a b\u1ec1 m\u1eb7t c\u1ee7a \u0111\u1ed1i t\u01b0\u1ee3ng c\u00f3 nhi\u1ec7t \u0111\u1ed9 cao m\u00e0 kh\u00f4ng c\u1ea7n ph\u1ea3i ti\u1ebfp x\u00fac. M\u00e1y \u0111o nhi\u1ec7t \u0111\u1ed9 h\u1ed3ng ngo\u1ea1i Benetech\u00a0GM-270\u00a0\u1ee9ng d\u1ee5ng cho c\u00e1c \u0111\u1ed1i t\u01b0\u1ee3ng qu\u00e1 n\u00f3ng, \u0111\u1ed9c h\u1ea1i, kh\u00f3 ti\u1ebfp c\u1eadn m\u1ed9t c\u00e1ch an to\u00e0n v\u00e0 nhanh ch\u00f3ng.\u00a0, c\u1ea3m bi\u1ebfn nhi\u1ec7t \u0111\u1ed9 b\u1eb1ng b\u1ee9c x\u1ea1 h\u1ed3ng ngo\u1ea1i mang l\u1ea1i \u0111\u1ed9 ch\u00ednh x\u00e1c cao. M\u00e1y \u0111\u1ecbnh v\u1ecb b\u1eb1ng tia laser gi\u00fap ng\u01b0\u1eddi d\u00f9ng x\u00e1c \u0111\u1ecbnh ch\u00ednh x\u00e1c \u0111\u01b0\u1ee3c v\u1ecb tr\u00ed c\u1ea7n qu\u00e9t. M\u00e1y t\u00edch h\u1ee3p nhi\u1ec1u ch\u1ee9c n\u0103ng r\u1ea5t ti\u1ec7n l\u1ee3i khi \u0111o, c\u00f3 th\u1ec3 t\u00f9y ch\u1ecdn thay \u0111\u1ed5i \u0111\u01a1n v\u1ecb hi\u1ec3n th\u1ecb \u2103\/\u2109, chuy\u1ec3n \u0111\u1ed5i ch\u1ebf \u0111\u1ed9 xem Max, min, hold k\u1ebft qu\u1ea3 \u0111o, thi\u1ebft l\u1eadp b\u00e1o \u0111\u1ed9ng nhi\u1ec7t \u0111\u1ed9, ch\u1ee9c n\u0103ng l\u01b0u tr\u1eef d\u1eef li\u1ec7u,\u2026  Ngo\u00e0i ra chi\u1ebfc m\u00e1y \u0111o nhi\u1ec7t \u0111\u1ed9 gi\u00e1 r\u1ebb n\u00e0y c\u00f2n c\u00f3 th\u1ec3 t\u1ef1 \u0111\u1ed9ng t\u1eaft m\u00e1y gi\u00fap ti\u1ebft ki\u1ec7m pin \u0111\u00e1ng k\u1ec3. Ph\u00edm b\u1ea5m \u00eam thao t\u00e1c d\u1ec5 d\u00e0ng.\u00a0M\u00e1y cung c\u1ea5p c\u00e1c ch\u1ee9c n\u0103ng xem nh\u01b0: Data hold, chuy\u1ec3n \u0111\u1ed5i \u0111\u01a1n v\u1ecb \u0111o v\u00e0 hi\u1ec3n th\u1ecb \u00baC\/\u00baF. M\u00e0n h\u1ec9nh hi\u1ec3n th\u1ecb to d\u1ec5 xem, \u0111\u00e8n m\u00e0n h\u00ecnh c\u00f3 th\u1ec3 b\u1eadt t\u1eaft xem trong m\u00f4i tr\u01b0\u1eddng thi\u1ebfu s\u00e1ng t\u1ed1t.\u00a0M\u00e1y t\u00edch h\u1ee3p c\u00e1c ch\u1ee9c n\u0103ng nh\u01b0 thi\u1ebft l\u1eadp b\u00e1o \u0111\u1ed9ng nhi\u1ec7t \u0111\u1ed9, ch\u1ee9c n\u0103ng l\u01b0u tr\u1eef d\u1eef li\u1ec7u,\u2026 M\u00e1y \u0111o nhi\u1ec7t \u0111\u1ed9 h\u1ed3ng ngo\u1ea1i\u00a0Benetech GM-270\u00a0\u00a0\u0111\u01b0\u1ee3c s\u1eed d\u1ee5ng \u0111\u1ec3 \u0111o nhi\u1ec7t \u0111\u1ed9 c\u1ee7a b\u1ec1 m\u1eb7t c\u1ee7a \u0111\u1ed1i t\u01b0\u1ee3ng, l\u00e0 c\u00e1c \u0111\u1ed1i t\u01b0\u1ee3ng c\u00f3 nhi\u1ec7t \u0111\u1ed9 cao, \u0111\u1ed9c h\u1ea1i\u2026 m\u00e0 kh\u00f4ng c\u1ea7n ti\u1ebfp x\u00fac m\u1ed9t c\u00e1ch an to\u00e0n v\u00e0 nhanh ch\u00f3ng.  Ch\u1ee9c n\u0103ng ch\u00ednh c\u1ee7a m\u00e1y: 1. Chuy\u1ec3n \u0111\u1ed5i \u0111\u01a1n v\u1ecb \u0111o \u0111\u1ed9 C \/ F 2. \u0110\u01b0\u1ee3c trang b\u1ecb laser cho ph\u00e9p nh\u1eafm m\u1ee5c ti\u00eau ch\u00ednh x\u00e1c 3. Ch\u1ee9c n\u0103ng l\u01b0u gi\u1eef Nhi\u1ec7t \u0111\u1ed9 4. M\u00e0n h\u00ecnh LCD 5. T\u1ef1 \u0111\u1ed9ng t\u1eaft ngu\u1ed3n 20 gi\u00e2y 6. Tr\u1ecdng l\u01b0\u1ee3ng nh\u1eb9 v\u00e0 d\u1ec5 s\u1eed d\u1ee5ng  Th\u00f4ng tin chi ti\u1ebft s\u1ea3n ph\u1ea9m:  Nhi\u1ec7t \u0111\u1ed9 \u0111o: -32 ~ 280 \u2103 (-26 ~ 536 \u2109)  \u0110\u1ed9 ch\u00ednh x\u00e1c: \u00b1 1.5% ho\u1eb7c \u00b1 1,5 \u2103  \u0110\u1ed9 l\u1eb7p l\u1ea1i: \u00b1 1% ho\u1eb7c \u00b1 1 \u2103  T\u1ef7 l\u1ec7 kho\u1ea3ng c\u00e1ch \u0111i\u1ec3m \u0111o: 8: 1  \u0110\u1ed9 ph\u00e1t x\u1ea1: 0.95 c\u00e0i s\u1eb5n  \u0110\u1ed9 ph\u00e2n gi\u1ea3i: 0.1 \u2103 \/ \u2109  Th\u1eddi gian \u0111\u00e1p \u1ee9ng: 500ms  B\u01b0\u1edbc s\u00f3ng: 8-14\u03bcm  Ch\u1ecdn \u0111\u1ea1i l\u01b0\u1ee3ng \u0111o: \u2103 \/ \u2109  Ch\u1ee9c n\u0103ng gi\u1eef gi\u00e1 tr\u1ecb \u0111o  L\u1ef1a ch\u1ecdn \u0111i\u1ec3m \u0111o b\u1eb1ng laser  Ngu\u1ed3n \u0111i\u1ec7n: 2 x 1.5AA (Pin)  T\u1ef1 \u0111\u1ed9ng ng\u1eaft ngu\u1ed3n  L\u01b0u \u00fd khi s\u1eed d\u1ee5ng: -\u00a0 H\u01b0\u1edbng n\u00fat \u0111\u1ecbnh v\u1ecb laser v\u00e0o b\u1ec1 m\u1eb7t c\u1ea7n \u0111o nhi\u1ec7t \u0111\u1ed9, sau \u0111\u00f3 b\u1ea5m v\u00e0 gi\u1eef n\u00fat \u0111o kho\u1ea3ng 3-5s cho m\u00e1y \u1ed5n \u0111\u1ecbnh k\u1ebft qu\u1ea3, th\u1ea3 tay ra kh\u1ecfi n\u00fat \u0111o, k\u1ebft qu\u1ea3 hi\u1ec3n th\u1ecb tr\u00ean m\u00e0n h\u00ecnh. -\u00a0 Kho\u1ea3ng c\u00e1ch t\u1eeb v\u1ecb tr\u00ed \u0111\u1ee9ng t\u1edbi b\u1ec1 m\u1eb7t c\u1ee7a ngu\u1ed3n nhi\u1ec7t ph\u1ee5 thu\u1ed9c v\u00e0o ti\u1ebft di\u1ec7n b\u1ec1 m\u1eb7t c\u1ee7a ngu\u1ed3n nhi\u1ec7t.  M\u00e1y \u0111o nhi\u1ec7t \u0111\u1ed9 h\u1ed3ng ngo\u1ea1i\u00a0l\u00e0 thi\u1ebft b\u1ecb do nhi\u1ec7t \u0111\u1ed9 ti\u00ean ti\u1ebfn kh\u1eafc ph\u1ee5c nh\u01b0\u1ee3c \u0111i\u1ec3m c\u1ee7a c\u00f4ng ngh\u1ec7 m\u00e1y \u0111o nhi\u1ec7t ti\u1ebfp x\u00fac. Ch\u00fang gi\u00fap b\u1ea1n \u0111o nhi\u1ec7t \u0111\u1ed9 t\u1eeb kho\u1ea3n c\u00e1ch xa.[:]\" \/>\n<meta property=\"og:url\" content=\"https:\/\/labochem.com.vn\/en\/s\u1ea3n ph\u1ea9m\/nhiet-ke-hong-ngoai-model-gm270\/\" \/>\n<meta property=\"og:site_name\" content=\"C\u00f4ng ty TNHH LABOCHEM Vi\u1ec7t Nam\" \/>\n<meta property=\"article:modified_time\" content=\"2020-05-18T07:27:02+00:00\" \/>\n<meta property=\"og:image\" content=\"https:\/\/labochem.com.vn\/wp-content\/uploads\/2020\/05\/GM270-E.jpg\" \/>\n\t<meta property=\"og:image:width\" content=\"2289\" \/>\n\t<meta property=\"og:image:height\" content=\"2502\" \/>\n\t<meta property=\"og:image:type\" content=\"image\/jpeg\" \/>\n<meta name=\"twitter:card\" content=\"summary_large_image\" \/>\n<script type=\"application\/ld+json\" class=\"yoast-schema-graph\">{\"@context\":\"https:\/\/schema.org\",\"@graph\":[{\"@type\":\"WebPage\",\"@id\":\"https:\/\/labochem.com.vn\/en\/s\u1ea3n ph\u1ea9m\/nhiet-ke-hong-ngoai-model-gm270\/\",\"url\":\"https:\/\/labochem.com.vn\/en\/s\u1ea3n ph\u1ea9m\/nhiet-ke-hong-ngoai-model-gm270\/\",\"name\":\"[:vi]NHI\u1ec6T K\u1ebe H\u1ed2NG NGO\u1ea0I Model: GM270[:] - C\u00f4ng ty TNHH LABOCHEM Vi\u1ec7t Nam\",\"isPartOf\":{\"@id\":\"https:\/\/labochem.com.vn\/#website\"},\"primaryImageOfPage\":{\"@id\":\"https:\/\/labochem.com.vn\/en\/s\u1ea3n ph\u1ea9m\/nhiet-ke-hong-ngoai-model-gm270\/#primaryimage\"},\"image\":{\"@id\":\"https:\/\/labochem.com.vn\/en\/s\u1ea3n ph\u1ea9m\/nhiet-ke-hong-ngoai-model-gm270\/#primaryimage\"},\"thumbnailUrl\":\"https:\/\/labochem.com.vn\/wp-content\/uploads\/2020\/05\/GM270-E.jpg\",\"datePublished\":\"2020-05-05T08:32:40+00:00\",\"dateModified\":\"2020-05-18T07:27:02+00:00\",\"breadcrumb\":{\"@id\":\"https:\/\/labochem.com.vn\/en\/s\u1ea3n ph\u1ea9m\/nhiet-ke-hong-ngoai-model-gm270\/#breadcrumb\"},\"inLanguage\":\"en-US\",\"potentialAction\":[{\"@type\":\"ReadAction\",\"target\":[\"https:\/\/labochem.com.vn\/en\/s\u1ea3n ph\u1ea9m\/nhiet-ke-hong-ngoai-model-gm270\/\"]}]},{\"@type\":\"ImageObject\",\"inLanguage\":\"en-US\",\"@id\":\"https:\/\/labochem.com.vn\/en\/s\u1ea3n ph\u1ea9m\/nhiet-ke-hong-ngoai-model-gm270\/#primaryimage\",\"url\":\"https:\/\/labochem.com.vn\/wp-content\/uploads\/2020\/05\/GM270-E.jpg\",\"contentUrl\":\"https:\/\/labochem.com.vn\/wp-content\/uploads\/2020\/05\/GM270-E.jpg\",\"width\":2289,\"height\":2502},{\"@type\":\"BreadcrumbList\",\"@id\":\"https:\/\/labochem.com.vn\/en\/s\u1ea3n ph\u1ea9m\/nhiet-ke-hong-ngoai-model-gm270\/#breadcrumb\",\"itemListElement\":[{\"@type\":\"ListItem\",\"position\":1,\"name\":\"Home\",\"item\":\"https:\/\/labochem.com.vn\/\"},{\"@type\":\"ListItem\",\"position\":2,\"name\":\"C\u1eeda h\u00e0ng\",\"item\":\"https:\/\/labochem.com.vn\/mua\/\"},{\"@type\":\"ListItem\",\"position\":3,\"name\":\"(Ti\u1ebfng Vi\u1ec7t) NHI\u1ec6T K\u1ebe H\u1ed2NG NGO\u1ea0I Model: GM270\"}]},{\"@type\":\"WebSite\",\"@id\":\"https:\/\/labochem.com.vn\/#website\",\"url\":\"https:\/\/labochem.com.vn\/\",\"name\":\"C\u00f4ng ty TNHH LABOCHEM Vi\u1ec7t Nam\",\"description\":\"M\u1ed9t trang web m\u1edbi s\u1eed d\u1ee5ng WordPress\",\"potentialAction\":[{\"@type\":\"SearchAction\",\"target\":{\"@type\":\"EntryPoint\",\"urlTemplate\":\"https:\/\/labochem.com.vn\/?s={search_term_string}\"},\"query-input\":\"required name=search_term_string\"}],\"inLanguage\":\"en-US\"}]}<\/script>\n<!-- \/ Yoast SEO plugin. -->","yoast_head_json":{"title":"[:vi]NHI\u1ec6T K\u1ebe H\u1ed2NG NGO\u1ea0I Model: GM270[:] - C\u00f4ng ty TNHH LABOCHEM Vi\u1ec7t Nam","robots":{"index":"index","follow":"follow","max-snippet":"max-snippet:-1","max-image-preview":"max-image-preview:large","max-video-preview":"max-video-preview:-1"},"canonical":"https:\/\/labochem.com.vn\/en\/s\u1ea3n ph\u1ea9m\/nhiet-ke-hong-ngoai-model-gm270\/","og_locale":"en_US","og_type":"article","og_title":"[:vi]NHI\u1ec6T K\u1ebe H\u1ed2NG NGO\u1ea0I Model: GM270[:] - C\u00f4ng ty TNHH LABOCHEM Vi\u1ec7t Nam","og_description":"[:vi]NHI\u1ec6T K\u1ebe H\u1ed2NG NGO\u1ea0I  Model: GM270  M\u00e1y \u0111o nhi\u1ec7t \u0111\u1ed9 h\u1ed3ng ngo\u1ea1i Benetech GM-270\u00a0 l\u00e0 m\u00e1y \u0111o nhi\u1ec7t \u0111\u1ed9 h\u1ed3ng ngo\u1ea1i\u00a0\u0111\u1ec3 \u0111o nhi\u1ec7t \u0111\u1ed9 c\u1ee7a b\u1ec1 m\u1eb7t c\u1ee7a \u0111\u1ed1i t\u01b0\u1ee3ng c\u00f3 nhi\u1ec7t \u0111\u1ed9 cao m\u00e0 kh\u00f4ng c\u1ea7n ph\u1ea3i ti\u1ebfp x\u00fac. M\u00e1y \u0111o nhi\u1ec7t \u0111\u1ed9 h\u1ed3ng ngo\u1ea1i Benetech\u00a0GM-270\u00a0\u1ee9ng d\u1ee5ng cho c\u00e1c \u0111\u1ed1i t\u01b0\u1ee3ng qu\u00e1 n\u00f3ng, \u0111\u1ed9c h\u1ea1i, kh\u00f3 ti\u1ebfp c\u1eadn m\u1ed9t c\u00e1ch an to\u00e0n v\u00e0 nhanh ch\u00f3ng.\u00a0, c\u1ea3m bi\u1ebfn nhi\u1ec7t \u0111\u1ed9 b\u1eb1ng b\u1ee9c x\u1ea1 h\u1ed3ng ngo\u1ea1i mang l\u1ea1i \u0111\u1ed9 ch\u00ednh x\u00e1c cao. M\u00e1y \u0111\u1ecbnh v\u1ecb b\u1eb1ng tia laser gi\u00fap ng\u01b0\u1eddi d\u00f9ng x\u00e1c \u0111\u1ecbnh ch\u00ednh x\u00e1c \u0111\u01b0\u1ee3c v\u1ecb tr\u00ed c\u1ea7n qu\u00e9t. M\u00e1y t\u00edch h\u1ee3p nhi\u1ec1u ch\u1ee9c n\u0103ng r\u1ea5t ti\u1ec7n l\u1ee3i khi \u0111o, c\u00f3 th\u1ec3 t\u00f9y ch\u1ecdn thay \u0111\u1ed5i \u0111\u01a1n v\u1ecb hi\u1ec3n th\u1ecb \u2103\/\u2109, chuy\u1ec3n \u0111\u1ed5i ch\u1ebf \u0111\u1ed9 xem Max, min, hold k\u1ebft qu\u1ea3 \u0111o, thi\u1ebft l\u1eadp b\u00e1o \u0111\u1ed9ng nhi\u1ec7t \u0111\u1ed9, ch\u1ee9c n\u0103ng l\u01b0u tr\u1eef d\u1eef li\u1ec7u,\u2026  Ngo\u00e0i ra chi\u1ebfc m\u00e1y \u0111o nhi\u1ec7t \u0111\u1ed9 gi\u00e1 r\u1ebb n\u00e0y c\u00f2n c\u00f3 th\u1ec3 t\u1ef1 \u0111\u1ed9ng t\u1eaft m\u00e1y gi\u00fap ti\u1ebft ki\u1ec7m pin \u0111\u00e1ng k\u1ec3. Ph\u00edm b\u1ea5m \u00eam thao t\u00e1c d\u1ec5 d\u00e0ng.\u00a0M\u00e1y cung c\u1ea5p c\u00e1c ch\u1ee9c n\u0103ng xem nh\u01b0: Data hold, chuy\u1ec3n \u0111\u1ed5i \u0111\u01a1n v\u1ecb \u0111o v\u00e0 hi\u1ec3n th\u1ecb \u00baC\/\u00baF. M\u00e0n h\u1ec9nh hi\u1ec3n th\u1ecb to d\u1ec5 xem, \u0111\u00e8n m\u00e0n h\u00ecnh c\u00f3 th\u1ec3 b\u1eadt t\u1eaft xem trong m\u00f4i tr\u01b0\u1eddng thi\u1ebfu s\u00e1ng t\u1ed1t.\u00a0M\u00e1y t\u00edch h\u1ee3p c\u00e1c ch\u1ee9c n\u0103ng nh\u01b0 thi\u1ebft l\u1eadp b\u00e1o \u0111\u1ed9ng nhi\u1ec7t \u0111\u1ed9, ch\u1ee9c n\u0103ng l\u01b0u tr\u1eef d\u1eef li\u1ec7u,\u2026 M\u00e1y \u0111o nhi\u1ec7t \u0111\u1ed9 h\u1ed3ng ngo\u1ea1i\u00a0Benetech GM-270\u00a0\u00a0\u0111\u01b0\u1ee3c s\u1eed d\u1ee5ng \u0111\u1ec3 \u0111o nhi\u1ec7t \u0111\u1ed9 c\u1ee7a b\u1ec1 m\u1eb7t c\u1ee7a \u0111\u1ed1i t\u01b0\u1ee3ng, l\u00e0 c\u00e1c \u0111\u1ed1i t\u01b0\u1ee3ng c\u00f3 nhi\u1ec7t \u0111\u1ed9 cao, \u0111\u1ed9c h\u1ea1i\u2026 m\u00e0 kh\u00f4ng c\u1ea7n ti\u1ebfp x\u00fac m\u1ed9t c\u00e1ch an to\u00e0n v\u00e0 nhanh ch\u00f3ng.  Ch\u1ee9c n\u0103ng ch\u00ednh c\u1ee7a m\u00e1y: 1. Chuy\u1ec3n \u0111\u1ed5i \u0111\u01a1n v\u1ecb \u0111o \u0111\u1ed9 C \/ F 2. \u0110\u01b0\u1ee3c trang b\u1ecb laser cho ph\u00e9p nh\u1eafm m\u1ee5c ti\u00eau ch\u00ednh x\u00e1c 3. Ch\u1ee9c n\u0103ng l\u01b0u gi\u1eef Nhi\u1ec7t \u0111\u1ed9 4. M\u00e0n h\u00ecnh LCD 5. T\u1ef1 \u0111\u1ed9ng t\u1eaft ngu\u1ed3n 20 gi\u00e2y 6. Tr\u1ecdng l\u01b0\u1ee3ng nh\u1eb9 v\u00e0 d\u1ec5 s\u1eed d\u1ee5ng  Th\u00f4ng tin chi ti\u1ebft s\u1ea3n ph\u1ea9m:  Nhi\u1ec7t \u0111\u1ed9 \u0111o: -32 ~ 280 \u2103 (-26 ~ 536 \u2109)  \u0110\u1ed9 ch\u00ednh x\u00e1c: \u00b1 1.5% ho\u1eb7c \u00b1 1,5 \u2103  \u0110\u1ed9 l\u1eb7p l\u1ea1i: \u00b1 1% ho\u1eb7c \u00b1 1 \u2103  T\u1ef7 l\u1ec7 kho\u1ea3ng c\u00e1ch \u0111i\u1ec3m \u0111o: 8: 1  \u0110\u1ed9 ph\u00e1t x\u1ea1: 0.95 c\u00e0i s\u1eb5n  \u0110\u1ed9 ph\u00e2n gi\u1ea3i: 0.1 \u2103 \/ \u2109  Th\u1eddi gian \u0111\u00e1p \u1ee9ng: 500ms  B\u01b0\u1edbc s\u00f3ng: 8-14\u03bcm  Ch\u1ecdn \u0111\u1ea1i l\u01b0\u1ee3ng \u0111o: \u2103 \/ \u2109  Ch\u1ee9c n\u0103ng gi\u1eef gi\u00e1 tr\u1ecb \u0111o  L\u1ef1a ch\u1ecdn \u0111i\u1ec3m \u0111o b\u1eb1ng laser  Ngu\u1ed3n \u0111i\u1ec7n: 2 x 1.5AA (Pin)  T\u1ef1 \u0111\u1ed9ng ng\u1eaft ngu\u1ed3n  L\u01b0u \u00fd khi s\u1eed d\u1ee5ng: -\u00a0 H\u01b0\u1edbng n\u00fat \u0111\u1ecbnh v\u1ecb laser v\u00e0o b\u1ec1 m\u1eb7t c\u1ea7n \u0111o nhi\u1ec7t \u0111\u1ed9, sau \u0111\u00f3 b\u1ea5m v\u00e0 gi\u1eef n\u00fat \u0111o kho\u1ea3ng 3-5s cho m\u00e1y \u1ed5n \u0111\u1ecbnh k\u1ebft qu\u1ea3, th\u1ea3 tay ra kh\u1ecfi n\u00fat \u0111o, k\u1ebft qu\u1ea3 hi\u1ec3n th\u1ecb tr\u00ean m\u00e0n h\u00ecnh. -\u00a0 Kho\u1ea3ng c\u00e1ch t\u1eeb v\u1ecb tr\u00ed \u0111\u1ee9ng t\u1edbi b\u1ec1 m\u1eb7t c\u1ee7a ngu\u1ed3n nhi\u1ec7t ph\u1ee5 thu\u1ed9c v\u00e0o ti\u1ebft di\u1ec7n b\u1ec1 m\u1eb7t c\u1ee7a ngu\u1ed3n nhi\u1ec7t.  M\u00e1y \u0111o nhi\u1ec7t \u0111\u1ed9 h\u1ed3ng ngo\u1ea1i\u00a0l\u00e0 thi\u1ebft b\u1ecb do nhi\u1ec7t \u0111\u1ed9 ti\u00ean ti\u1ebfn kh\u1eafc ph\u1ee5c nh\u01b0\u1ee3c \u0111i\u1ec3m c\u1ee7a c\u00f4ng ngh\u1ec7 m\u00e1y \u0111o nhi\u1ec7t ti\u1ebfp x\u00fac. Ch\u00fang gi\u00fap b\u1ea1n \u0111o nhi\u1ec7t \u0111\u1ed9 t\u1eeb kho\u1ea3n c\u00e1ch xa.[:]","og_url":"https:\/\/labochem.com.vn\/en\/s\u1ea3n ph\u1ea9m\/nhiet-ke-hong-ngoai-model-gm270\/","og_site_name":"C\u00f4ng ty TNHH LABOCHEM Vi\u1ec7t Nam","article_modified_time":"2020-05-18T07:27:02+00:00","og_image":[{"width":2289,"height":2502,"url":"https:\/\/labochem.com.vn\/wp-content\/uploads\/2020\/05\/GM270-E.jpg","type":"image\/jpeg"}],"twitter_card":"summary_large_image","schema":{"@context":"https:\/\/schema.org","@graph":[{"@type":"WebPage","@id":"https:\/\/labochem.com.vn\/en\/s\u1ea3n ph\u1ea9m\/nhiet-ke-hong-ngoai-model-gm270\/","url":"https:\/\/labochem.com.vn\/en\/s\u1ea3n ph\u1ea9m\/nhiet-ke-hong-ngoai-model-gm270\/","name":"[:vi]NHI\u1ec6T K\u1ebe H\u1ed2NG NGO\u1ea0I Model: GM270[:] - C\u00f4ng ty TNHH LABOCHEM Vi\u1ec7t Nam","isPartOf":{"@id":"https:\/\/labochem.com.vn\/#website"},"primaryImageOfPage":{"@id":"https:\/\/labochem.com.vn\/en\/s\u1ea3n ph\u1ea9m\/nhiet-ke-hong-ngoai-model-gm270\/#primaryimage"},"image":{"@id":"https:\/\/labochem.com.vn\/en\/s\u1ea3n ph\u1ea9m\/nhiet-ke-hong-ngoai-model-gm270\/#primaryimage"},"thumbnailUrl":"https:\/\/labochem.com.vn\/wp-content\/uploads\/2020\/05\/GM270-E.jpg","datePublished":"2020-05-05T08:32:40+00:00","dateModified":"2020-05-18T07:27:02+00:00","breadcrumb":{"@id":"https:\/\/labochem.com.vn\/en\/s\u1ea3n ph\u1ea9m\/nhiet-ke-hong-ngoai-model-gm270\/#breadcrumb"},"inLanguage":"en-US","potentialAction":[{"@type":"ReadAction","target":["https:\/\/labochem.com.vn\/en\/s\u1ea3n ph\u1ea9m\/nhiet-ke-hong-ngoai-model-gm270\/"]}]},{"@type":"ImageObject","inLanguage":"en-US","@id":"https:\/\/labochem.com.vn\/en\/s\u1ea3n ph\u1ea9m\/nhiet-ke-hong-ngoai-model-gm270\/#primaryimage","url":"https:\/\/labochem.com.vn\/wp-content\/uploads\/2020\/05\/GM270-E.jpg","contentUrl":"https:\/\/labochem.com.vn\/wp-content\/uploads\/2020\/05\/GM270-E.jpg","width":2289,"height":2502},{"@type":"BreadcrumbList","@id":"https:\/\/labochem.com.vn\/en\/s\u1ea3n ph\u1ea9m\/nhiet-ke-hong-ngoai-model-gm270\/#breadcrumb","itemListElement":[{"@type":"ListItem","position":1,"name":"Home","item":"https:\/\/labochem.com.vn\/"},{"@type":"ListItem","position":2,"name":"C\u1eeda h\u00e0ng","item":"https:\/\/labochem.com.vn\/mua\/"},{"@type":"ListItem","position":3,"name":"(Ti\u1ebfng Vi\u1ec7t) NHI\u1ec6T K\u1ebe H\u1ed2NG NGO\u1ea0I Model: GM270"}]},{"@type":"WebSite","@id":"https:\/\/labochem.com.vn\/#website","url":"https:\/\/labochem.com.vn\/","name":"C\u00f4ng ty TNHH LABOCHEM Vi\u1ec7t Nam","description":"M\u1ed9t trang web m\u1edbi s\u1eed d\u1ee5ng WordPress","potentialAction":[{"@type":"SearchAction","target":{"@type":"EntryPoint","urlTemplate":"https:\/\/labochem.com.vn\/?s={search_term_string}"},"query-input":"required name=search_term_string"}],"inLanguage":"en-US"}]}},"_links":{"self":[{"href":"https:\/\/labochem.com.vn\/en\/wp-json\/wp\/v2\/product\/136"}],"collection":[{"href":"https:\/\/labochem.com.vn\/en\/wp-json\/wp\/v2\/product"}],"about":[{"href":"https:\/\/labochem.com.vn\/en\/wp-json\/wp\/v2\/types\/product"}],"replies":[{"embeddable":true,"href":"https:\/\/labochem.com.vn\/en\/wp-json\/wp\/v2\/comments?post=136"}],"wp:featuredmedia":[{"embeddable":true,"href":"https:\/\/labochem.com.vn\/en\/wp-json\/wp\/v2\/media\/137"}],"wp:attachment":[{"href":"https:\/\/labochem.com.vn\/en\/wp-json\/wp\/v2\/media?parent=136"}],"wp:term":[{"taxonomy":"product_cat","embeddable":true,"href":"https:\/\/labochem.com.vn\/en\/wp-json\/wp\/v2\/product_cat?post=136"},{"taxonomy":"product_tag","embeddable":true,"href":"https:\/\/labochem.com.vn\/en\/wp-json\/wp\/v2\/product_tag?post=136"}],"curies":[{"name":"wp","href":"https:\/\/api.w.org\/{rel}","templated":true}]}}