{"id":1237,"date":"2020-10-29T02:13:32","date_gmt":"2020-10-29T02:13:32","guid":{"rendered":"https:\/\/labochem.com.vn\/?post_type=product&#038;p=1237"},"modified":"2020-10-29T02:13:33","modified_gmt":"2020-10-29T02:13:33","slug":"may-hut-mui-hut-dich-mui-tre-em-tu-dong-buben-bayern-muchen-bb58-duc","status":"publish","type":"product","link":"https:\/\/labochem.com.vn\/en\/s\u1ea3n ph\u1ea9m\/may-hut-mui-hut-dich-mui-tre-em-tu-dong-buben-bayern-muchen-bb58-duc\/","title":{"rendered":"(Ti\u1ebfng Vi\u1ec7t) M\u00c1Y H\u00daT M\u0168I, H\u00daT D\u1ecaCH M\u0168I TR\u1eba EM T\u1ef0 \u0110\u1ed8NG BUBEN BAYERN MUCHEN BB58 (\u0110\u1ee8C)"},"content":{"rendered":"<p class=\"qtranxs-available-languages-message qtranxs-available-languages-message-en\">Sorry, this entry is only available in <a href=\"https:\/\/labochem.com.vn\/vi\/wp-json\/wp\/v2\/product\/1237\" class=\"qtranxs-available-language-link qtranxs-available-language-link-vi\" title=\"Ti\u1ebfng Vi\u1ec7t\">Ti\u1ebfng Vi\u1ec7t<\/a>.<\/p>","protected":false},"excerpt":{"rendered":"<p>Sorry, this entry is only available in Ti\u1ebfng Vi\u1ec7t.<\/p>\n","protected":false},"featured_media":1238,"comment_status":"open","ping_status":"closed","template":"","meta":[],"product_cat":[178,327],"product_tag":[508,507],"yoast_head":"<!-- This site is optimized with the Yoast SEO plugin v22.6 - https:\/\/yoast.com\/wordpress\/plugins\/seo\/ -->\n<title><\/title>\n<meta name=\"robots\" content=\"index, follow, max-snippet:-1, max-image-preview:large, max-video-preview:-1\" \/>\n<link rel=\"canonical\" href=\"https:\/\/labochem.com.vn\/en\/s\u1ea3n%20ph\u1ea9m\/may-hut-mui-hut-dich-mui-tre-em-tu-dong-buben-bayern-muchen-bb58-duc\/\" \/>\n<meta property=\"og:locale\" content=\"en_US\" \/>\n<meta property=\"og:type\" content=\"article\" \/>\n<meta property=\"og:title\" content=\"[:vi]M\u00c1Y H\u00daT M\u0168I, H\u00daT D\u1ecaCH M\u0168I TR\u1eba EM T\u1ef0 \u0110\u1ed8NG BUBEN BAYERN MUCHEN BB58 (\u0110\u1ee8C)[:] - C\u00f4ng ty TNHH LABOCHEM Vi\u1ec7t Nam\" \/>\n<meta property=\"og:description\" content=\"Sorry, this entry is only available in Ti\u1ebfng Vi\u1ec7t.\" \/>\n<meta property=\"og:url\" content=\"https:\/\/labochem.com.vn\/en\/s\u1ea3n ph\u1ea9m\/may-hut-mui-hut-dich-mui-tre-em-tu-dong-buben-bayern-muchen-bb58-duc\/\" \/>\n<meta property=\"og:site_name\" content=\"C\u00f4ng ty TNHH LABOCHEM Vi\u1ec7t Nam\" \/>\n<meta property=\"article:modified_time\" content=\"2020-10-29T02:13:33+00:00\" \/>\n<meta property=\"og:image\" content=\"https:\/\/labochem.com.vn\/wp-content\/uploads\/2020\/10\/may-hut-mui-bayern-munchen-bb58.jpg\" \/>\n\t<meta property=\"og:image:width\" content=\"356\" \/>\n\t<meta property=\"og:image:height\" content=\"480\" \/>\n\t<meta property=\"og:image:type\" content=\"image\/jpeg\" \/>\n<meta name=\"twitter:card\" content=\"summary_large_image\" \/>\n<meta name=\"twitter:label1\" content=\"Est. reading time\" \/>\n\t<meta name=\"twitter:data1\" content=\"2 minutes\" \/>\n<script type=\"application\/ld+json\" class=\"yoast-schema-graph\">{\"@context\":\"https:\/\/schema.org\",\"@graph\":[{\"@type\":\"WebPage\",\"@id\":\"https:\/\/labochem.com.vn\/en\/s\u1ea3n ph\u1ea9m\/may-hut-mui-hut-dich-mui-tre-em-tu-dong-buben-bayern-muchen-bb58-duc\/\",\"url\":\"https:\/\/labochem.com.vn\/en\/s\u1ea3n ph\u1ea9m\/may-hut-mui-hut-dich-mui-tre-em-tu-dong-buben-bayern-muchen-bb58-duc\/\",\"name\":\"[:vi]M\u00c1Y H\u00daT M\u0168I, H\u00daT D\u1ecaCH M\u0168I TR\u1eba EM T\u1ef0 \u0110\u1ed8NG BUBEN BAYERN MUCHEN BB58 (\u0110\u1ee8C)[:] - C\u00f4ng ty TNHH LABOCHEM Vi\u1ec7t Nam\",\"isPartOf\":{\"@id\":\"https:\/\/labochem.com.vn\/#website\"},\"primaryImageOfPage\":{\"@id\":\"https:\/\/labochem.com.vn\/en\/s\u1ea3n ph\u1ea9m\/may-hut-mui-hut-dich-mui-tre-em-tu-dong-buben-bayern-muchen-bb58-duc\/#primaryimage\"},\"image\":{\"@id\":\"https:\/\/labochem.com.vn\/en\/s\u1ea3n ph\u1ea9m\/may-hut-mui-hut-dich-mui-tre-em-tu-dong-buben-bayern-muchen-bb58-duc\/#primaryimage\"},\"thumbnailUrl\":\"https:\/\/labochem.com.vn\/wp-content\/uploads\/2020\/10\/may-hut-mui-bayern-munchen-bb58.jpg\",\"datePublished\":\"2020-10-29T02:13:32+00:00\",\"dateModified\":\"2020-10-29T02:13:33+00:00\",\"breadcrumb\":{\"@id\":\"https:\/\/labochem.com.vn\/en\/s\u1ea3n ph\u1ea9m\/may-hut-mui-hut-dich-mui-tre-em-tu-dong-buben-bayern-muchen-bb58-duc\/#breadcrumb\"},\"inLanguage\":\"en-US\",\"potentialAction\":[{\"@type\":\"ReadAction\",\"target\":[\"https:\/\/labochem.com.vn\/en\/s\u1ea3n ph\u1ea9m\/may-hut-mui-hut-dich-mui-tre-em-tu-dong-buben-bayern-muchen-bb58-duc\/\"]}]},{\"@type\":\"ImageObject\",\"inLanguage\":\"en-US\",\"@id\":\"https:\/\/labochem.com.vn\/en\/s\u1ea3n ph\u1ea9m\/may-hut-mui-hut-dich-mui-tre-em-tu-dong-buben-bayern-muchen-bb58-duc\/#primaryimage\",\"url\":\"https:\/\/labochem.com.vn\/wp-content\/uploads\/2020\/10\/may-hut-mui-bayern-munchen-bb58.jpg\",\"contentUrl\":\"https:\/\/labochem.com.vn\/wp-content\/uploads\/2020\/10\/may-hut-mui-bayern-munchen-bb58.jpg\",\"width\":356,\"height\":480},{\"@type\":\"BreadcrumbList\",\"@id\":\"https:\/\/labochem.com.vn\/en\/s\u1ea3n ph\u1ea9m\/may-hut-mui-hut-dich-mui-tre-em-tu-dong-buben-bayern-muchen-bb58-duc\/#breadcrumb\",\"itemListElement\":[{\"@type\":\"ListItem\",\"position\":1,\"name\":\"Home\",\"item\":\"https:\/\/labochem.com.vn\/\"},{\"@type\":\"ListItem\",\"position\":2,\"name\":\"C\u1eeda h\u00e0ng\",\"item\":\"https:\/\/labochem.com.vn\/mua\/\"},{\"@type\":\"ListItem\",\"position\":3,\"name\":\"(Ti\u1ebfng Vi\u1ec7t) M\u00c1Y H\u00daT M\u0168I, H\u00daT D\u1ecaCH M\u0168I TR\u1eba EM T\u1ef0 \u0110\u1ed8NG BUBEN BAYERN MUCHEN BB58 (\u0110\u1ee8C)\"}]},{\"@type\":\"WebSite\",\"@id\":\"https:\/\/labochem.com.vn\/#website\",\"url\":\"https:\/\/labochem.com.vn\/\",\"name\":\"C\u00f4ng ty TNHH LABOCHEM Vi\u1ec7t Nam\",\"description\":\"M\u1ed9t trang web m\u1edbi s\u1eed d\u1ee5ng WordPress\",\"potentialAction\":[{\"@type\":\"SearchAction\",\"target\":{\"@type\":\"EntryPoint\",\"urlTemplate\":\"https:\/\/labochem.com.vn\/?s={search_term_string}\"},\"query-input\":\"required name=search_term_string\"}],\"inLanguage\":\"en-US\"}]}<\/script>\n<!-- \/ Yoast SEO plugin. -->","yoast_head_json":{"title":"[:vi]M\u00c1Y H\u00daT M\u0168I, H\u00daT D\u1ecaCH M\u0168I TR\u1eba EM T\u1ef0 \u0110\u1ed8NG BUBEN BAYERN MUCHEN BB58 (\u0110\u1ee8C)[:] - C\u00f4ng ty TNHH LABOCHEM Vi\u1ec7t Nam","robots":{"index":"index","follow":"follow","max-snippet":"max-snippet:-1","max-image-preview":"max-image-preview:large","max-video-preview":"max-video-preview:-1"},"canonical":"https:\/\/labochem.com.vn\/en\/s\u1ea3n ph\u1ea9m\/may-hut-mui-hut-dich-mui-tre-em-tu-dong-buben-bayern-muchen-bb58-duc\/","og_locale":"en_US","og_type":"article","og_title":"[:vi]M\u00c1Y H\u00daT M\u0168I, H\u00daT D\u1ecaCH M\u0168I TR\u1eba EM T\u1ef0 \u0110\u1ed8NG BUBEN BAYERN MUCHEN BB58 (\u0110\u1ee8C)[:] - C\u00f4ng ty TNHH LABOCHEM Vi\u1ec7t Nam","og_description":"Sorry, this entry is only available in Ti\u1ebfng Vi\u1ec7t.","og_url":"https:\/\/labochem.com.vn\/en\/s\u1ea3n ph\u1ea9m\/may-hut-mui-hut-dich-mui-tre-em-tu-dong-buben-bayern-muchen-bb58-duc\/","og_site_name":"C\u00f4ng ty TNHH LABOCHEM Vi\u1ec7t Nam","article_modified_time":"2020-10-29T02:13:33+00:00","og_image":[{"width":356,"height":480,"url":"https:\/\/labochem.com.vn\/wp-content\/uploads\/2020\/10\/may-hut-mui-bayern-munchen-bb58.jpg","type":"image\/jpeg"}],"twitter_card":"summary_large_image","twitter_misc":{"Est. reading time":"2 minutes"},"schema":{"@context":"https:\/\/schema.org","@graph":[{"@type":"WebPage","@id":"https:\/\/labochem.com.vn\/en\/s\u1ea3n ph\u1ea9m\/may-hut-mui-hut-dich-mui-tre-em-tu-dong-buben-bayern-muchen-bb58-duc\/","url":"https:\/\/labochem.com.vn\/en\/s\u1ea3n ph\u1ea9m\/may-hut-mui-hut-dich-mui-tre-em-tu-dong-buben-bayern-muchen-bb58-duc\/","name":"[:vi]M\u00c1Y H\u00daT M\u0168I, H\u00daT D\u1ecaCH M\u0168I TR\u1eba EM T\u1ef0 \u0110\u1ed8NG BUBEN BAYERN MUCHEN BB58 (\u0110\u1ee8C)[:] - C\u00f4ng ty TNHH LABOCHEM Vi\u1ec7t Nam","isPartOf":{"@id":"https:\/\/labochem.com.vn\/#website"},"primaryImageOfPage":{"@id":"https:\/\/labochem.com.vn\/en\/s\u1ea3n ph\u1ea9m\/may-hut-mui-hut-dich-mui-tre-em-tu-dong-buben-bayern-muchen-bb58-duc\/#primaryimage"},"image":{"@id":"https:\/\/labochem.com.vn\/en\/s\u1ea3n ph\u1ea9m\/may-hut-mui-hut-dich-mui-tre-em-tu-dong-buben-bayern-muchen-bb58-duc\/#primaryimage"},"thumbnailUrl":"https:\/\/labochem.com.vn\/wp-content\/uploads\/2020\/10\/may-hut-mui-bayern-munchen-bb58.jpg","datePublished":"2020-10-29T02:13:32+00:00","dateModified":"2020-10-29T02:13:33+00:00","breadcrumb":{"@id":"https:\/\/labochem.com.vn\/en\/s\u1ea3n ph\u1ea9m\/may-hut-mui-hut-dich-mui-tre-em-tu-dong-buben-bayern-muchen-bb58-duc\/#breadcrumb"},"inLanguage":"en-US","potentialAction":[{"@type":"ReadAction","target":["https:\/\/labochem.com.vn\/en\/s\u1ea3n ph\u1ea9m\/may-hut-mui-hut-dich-mui-tre-em-tu-dong-buben-bayern-muchen-bb58-duc\/"]}]},{"@type":"ImageObject","inLanguage":"en-US","@id":"https:\/\/labochem.com.vn\/en\/s\u1ea3n ph\u1ea9m\/may-hut-mui-hut-dich-mui-tre-em-tu-dong-buben-bayern-muchen-bb58-duc\/#primaryimage","url":"https:\/\/labochem.com.vn\/wp-content\/uploads\/2020\/10\/may-hut-mui-bayern-munchen-bb58.jpg","contentUrl":"https:\/\/labochem.com.vn\/wp-content\/uploads\/2020\/10\/may-hut-mui-bayern-munchen-bb58.jpg","width":356,"height":480},{"@type":"BreadcrumbList","@id":"https:\/\/labochem.com.vn\/en\/s\u1ea3n ph\u1ea9m\/may-hut-mui-hut-dich-mui-tre-em-tu-dong-buben-bayern-muchen-bb58-duc\/#breadcrumb","itemListElement":[{"@type":"ListItem","position":1,"name":"Home","item":"https:\/\/labochem.com.vn\/"},{"@type":"ListItem","position":2,"name":"C\u1eeda h\u00e0ng","item":"https:\/\/labochem.com.vn\/mua\/"},{"@type":"ListItem","position":3,"name":"(Ti\u1ebfng Vi\u1ec7t) M\u00c1Y H\u00daT M\u0168I, H\u00daT D\u1ecaCH M\u0168I TR\u1eba EM T\u1ef0 \u0110\u1ed8NG BUBEN BAYERN MUCHEN BB58 (\u0110\u1ee8C)"}]},{"@type":"WebSite","@id":"https:\/\/labochem.com.vn\/#website","url":"https:\/\/labochem.com.vn\/","name":"C\u00f4ng ty TNHH LABOCHEM Vi\u1ec7t Nam","description":"M\u1ed9t trang web m\u1edbi s\u1eed d\u1ee5ng WordPress","potentialAction":[{"@type":"SearchAction","target":{"@type":"EntryPoint","urlTemplate":"https:\/\/labochem.com.vn\/?s={search_term_string}"},"query-input":"required name=search_term_string"}],"inLanguage":"en-US"}]}},"_links":{"self":[{"href":"https:\/\/labochem.com.vn\/en\/wp-json\/wp\/v2\/product\/1237"}],"collection":[{"href":"https:\/\/labochem.com.vn\/en\/wp-json\/wp\/v2\/product"}],"about":[{"href":"https:\/\/labochem.com.vn\/en\/wp-json\/wp\/v2\/types\/product"}],"replies":[{"embeddable":true,"href":"https:\/\/labochem.com.vn\/en\/wp-json\/wp\/v2\/comments?post=1237"}],"wp:featuredmedia":[{"embeddable":true,"href":"https:\/\/labochem.com.vn\/en\/wp-json\/wp\/v2\/media\/1238"}],"wp:attachment":[{"href":"https:\/\/labochem.com.vn\/en\/wp-json\/wp\/v2\/media?parent=1237"}],"wp:term":[{"taxonomy":"product_cat","embeddable":true,"href":"https:\/\/labochem.com.vn\/en\/wp-json\/wp\/v2\/product_cat?post=1237"},{"taxonomy":"product_tag","embeddable":true,"href":"https:\/\/labochem.com.vn\/en\/wp-json\/wp\/v2\/product_tag?post=1237"}],"curies":[{"name":"wp","href":"https:\/\/api.w.org\/{rel}","templated":true}]}}