{"id":1214,"date":"2020-10-13T07:19:44","date_gmt":"2020-10-13T07:19:44","guid":{"rendered":"https:\/\/labochem.com.vn\/?post_type=product&#038;p=1214"},"modified":"2020-10-13T07:19:45","modified_gmt":"2020-10-13T07:19:45","slug":"may-do-do%cc%a3-ph-cam-tay-portavo-902-knick-duc","status":"publish","type":"product","link":"https:\/\/labochem.com.vn\/en\/s\u1ea3n ph\u1ea9m\/may-do-do%cc%a3-ph-cam-tay-portavo-902-knick-duc\/","title":{"rendered":"(Ti\u1ebfng Vi\u1ec7t) Ma\u0301y \u0111o \u0111\u00f4\u0323 pH c\u00e2\u0300m tay Portavo 902 Knick &#8211; \u0110\u1ee9c"},"content":{"rendered":"<p class=\"qtranxs-available-languages-message qtranxs-available-languages-message-en\">Sorry, this entry is only available in <a href=\"https:\/\/labochem.com.vn\/vi\/wp-json\/wp\/v2\/product\/1214\" class=\"qtranxs-available-language-link qtranxs-available-language-link-vi\" title=\"Ti\u1ebfng Vi\u1ec7t\">Ti\u1ebfng Vi\u1ec7t<\/a>.<\/p>","protected":false},"excerpt":{"rendered":"<p>Sorry, this entry is only available in Ti\u1ebfng Vi\u1ec7t.<\/p>\n","protected":false},"featured_media":1217,"comment_status":"open","ping_status":"closed","template":"","meta":[],"product_cat":[278,19],"product_tag":[499],"yoast_head":"<!-- This site is optimized with the Yoast SEO plugin v22.6 - https:\/\/yoast.com\/wordpress\/plugins\/seo\/ -->\n<title><\/title>\n<meta name=\"robots\" content=\"index, follow, max-snippet:-1, max-image-preview:large, max-video-preview:-1\" \/>\n<link rel=\"canonical\" href=\"https:\/\/labochem.com.vn\/s\u1ea3n%20ph\u1ea9m\/may-do-do\u0323-ph-cam-tay-portavo-902-knick-duc\/\" \/>\n<meta property=\"og:locale\" content=\"en_US\" \/>\n<meta property=\"og:type\" content=\"article\" \/>\n<meta property=\"og:title\" content=\"[:vi]Ma\u0301y \u0111o \u0111\u00f4\u0323 pH c\u00e2\u0300m tay Portavo 902 Knick - \u0110\u1ee9c[:] - C\u00f4ng ty TNHH LABOCHEM Vi\u1ec7t Nam\" \/>\n<meta property=\"og:description\" content=\"Sorry, this entry is only available in Ti\u1ebfng Vi\u1ec7t.\" \/>\n<meta property=\"og:url\" content=\"https:\/\/labochem.com.vn\/s\u1ea3n ph\u1ea9m\/may-do-do\u0323-ph-cam-tay-portavo-902-knick-duc\/\" \/>\n<meta property=\"og:site_name\" content=\"C\u00f4ng ty TNHH LABOCHEM Vi\u1ec7t Nam\" \/>\n<meta property=\"article:modified_time\" content=\"2020-10-13T07:19:45+00:00\" \/>\n<meta property=\"og:image\" content=\"https:\/\/labochem.com.vn\/wp-content\/uploads\/2020\/10\/plRVHa_simg_d0daf0_800x1200_max.png\" \/>\n\t<meta property=\"og:image:width\" content=\"714\" \/>\n\t<meta property=\"og:image:height\" content=\"629\" \/>\n\t<meta property=\"og:image:type\" content=\"image\/png\" \/>\n<meta name=\"twitter:card\" content=\"summary_large_image\" \/>\n<meta name=\"twitter:label1\" content=\"Est. reading time\" \/>\n\t<meta name=\"twitter:data1\" content=\"1 minute\" \/>\n<script type=\"application\/ld+json\" class=\"yoast-schema-graph\">{\"@context\":\"https:\/\/schema.org\",\"@graph\":[{\"@type\":\"WebPage\",\"@id\":\"https:\/\/labochem.com.vn\/s\u1ea3n ph\u1ea9m\/may-do-do%cc%a3-ph-cam-tay-portavo-902-knick-duc\/\",\"url\":\"https:\/\/labochem.com.vn\/s\u1ea3n ph\u1ea9m\/may-do-do%cc%a3-ph-cam-tay-portavo-902-knick-duc\/\",\"name\":\"[:vi]Ma\u0301y \u0111o \u0111\u00f4\u0323 pH c\u00e2\u0300m tay Portavo 902 Knick - \u0110\u1ee9c[:] - C\u00f4ng ty TNHH LABOCHEM Vi\u1ec7t Nam\",\"isPartOf\":{\"@id\":\"https:\/\/labochem.com.vn\/#website\"},\"primaryImageOfPage\":{\"@id\":\"https:\/\/labochem.com.vn\/s\u1ea3n ph\u1ea9m\/may-do-do%cc%a3-ph-cam-tay-portavo-902-knick-duc\/#primaryimage\"},\"image\":{\"@id\":\"https:\/\/labochem.com.vn\/s\u1ea3n ph\u1ea9m\/may-do-do%cc%a3-ph-cam-tay-portavo-902-knick-duc\/#primaryimage\"},\"thumbnailUrl\":\"https:\/\/labochem.com.vn\/wp-content\/uploads\/2020\/10\/plRVHa_simg_d0daf0_800x1200_max.png\",\"datePublished\":\"2020-10-13T07:19:44+00:00\",\"dateModified\":\"2020-10-13T07:19:45+00:00\",\"breadcrumb\":{\"@id\":\"https:\/\/labochem.com.vn\/s\u1ea3n ph\u1ea9m\/may-do-do%cc%a3-ph-cam-tay-portavo-902-knick-duc\/#breadcrumb\"},\"inLanguage\":\"en-US\",\"potentialAction\":[{\"@type\":\"ReadAction\",\"target\":[\"https:\/\/labochem.com.vn\/s\u1ea3n ph\u1ea9m\/may-do-do%cc%a3-ph-cam-tay-portavo-902-knick-duc\/\"]}]},{\"@type\":\"ImageObject\",\"inLanguage\":\"en-US\",\"@id\":\"https:\/\/labochem.com.vn\/s\u1ea3n ph\u1ea9m\/may-do-do%cc%a3-ph-cam-tay-portavo-902-knick-duc\/#primaryimage\",\"url\":\"https:\/\/labochem.com.vn\/wp-content\/uploads\/2020\/10\/plRVHa_simg_d0daf0_800x1200_max.png\",\"contentUrl\":\"https:\/\/labochem.com.vn\/wp-content\/uploads\/2020\/10\/plRVHa_simg_d0daf0_800x1200_max.png\",\"width\":714,\"height\":629},{\"@type\":\"BreadcrumbList\",\"@id\":\"https:\/\/labochem.com.vn\/s\u1ea3n ph\u1ea9m\/may-do-do%cc%a3-ph-cam-tay-portavo-902-knick-duc\/#breadcrumb\",\"itemListElement\":[{\"@type\":\"ListItem\",\"position\":1,\"name\":\"Home\",\"item\":\"https:\/\/labochem.com.vn\/\"},{\"@type\":\"ListItem\",\"position\":2,\"name\":\"C\u1eeda h\u00e0ng\",\"item\":\"https:\/\/labochem.com.vn\/mua\/\"},{\"@type\":\"ListItem\",\"position\":3,\"name\":\"Ma\u0301y \u0111o \u0111\u00f4\u0323 pH c\u00e2\u0300m tay Portavo 902 Knick &#8211; \u0110\u1ee9c\"}]},{\"@type\":\"WebSite\",\"@id\":\"https:\/\/labochem.com.vn\/#website\",\"url\":\"https:\/\/labochem.com.vn\/\",\"name\":\"C\u00f4ng ty TNHH LABOCHEM Vi\u1ec7t Nam\",\"description\":\"M\u1ed9t trang web m\u1edbi s\u1eed d\u1ee5ng WordPress\",\"potentialAction\":[{\"@type\":\"SearchAction\",\"target\":{\"@type\":\"EntryPoint\",\"urlTemplate\":\"https:\/\/labochem.com.vn\/?s={search_term_string}\"},\"query-input\":\"required name=search_term_string\"}],\"inLanguage\":\"en-US\"}]}<\/script>\n<!-- \/ Yoast SEO plugin. -->","yoast_head_json":{"title":"[:vi]Ma\u0301y \u0111o \u0111\u00f4\u0323 pH c\u00e2\u0300m tay Portavo 902 Knick - \u0110\u1ee9c[:] - C\u00f4ng ty TNHH LABOCHEM Vi\u1ec7t Nam","robots":{"index":"index","follow":"follow","max-snippet":"max-snippet:-1","max-image-preview":"max-image-preview:large","max-video-preview":"max-video-preview:-1"},"canonical":"https:\/\/labochem.com.vn\/s\u1ea3n ph\u1ea9m\/may-do-do\u0323-ph-cam-tay-portavo-902-knick-duc\/","og_locale":"en_US","og_type":"article","og_title":"[:vi]Ma\u0301y \u0111o \u0111\u00f4\u0323 pH c\u00e2\u0300m tay Portavo 902 Knick - \u0110\u1ee9c[:] - C\u00f4ng ty TNHH LABOCHEM Vi\u1ec7t Nam","og_description":"Sorry, this entry is only available in Ti\u1ebfng Vi\u1ec7t.","og_url":"https:\/\/labochem.com.vn\/s\u1ea3n ph\u1ea9m\/may-do-do\u0323-ph-cam-tay-portavo-902-knick-duc\/","og_site_name":"C\u00f4ng ty TNHH LABOCHEM Vi\u1ec7t Nam","article_modified_time":"2020-10-13T07:19:45+00:00","og_image":[{"width":714,"height":629,"url":"https:\/\/labochem.com.vn\/wp-content\/uploads\/2020\/10\/plRVHa_simg_d0daf0_800x1200_max.png","type":"image\/png"}],"twitter_card":"summary_large_image","twitter_misc":{"Est. reading time":"1 minute"},"schema":{"@context":"https:\/\/schema.org","@graph":[{"@type":"WebPage","@id":"https:\/\/labochem.com.vn\/s\u1ea3n ph\u1ea9m\/may-do-do%cc%a3-ph-cam-tay-portavo-902-knick-duc\/","url":"https:\/\/labochem.com.vn\/s\u1ea3n ph\u1ea9m\/may-do-do%cc%a3-ph-cam-tay-portavo-902-knick-duc\/","name":"[:vi]Ma\u0301y \u0111o \u0111\u00f4\u0323 pH c\u00e2\u0300m tay Portavo 902 Knick - \u0110\u1ee9c[:] - C\u00f4ng ty TNHH LABOCHEM Vi\u1ec7t Nam","isPartOf":{"@id":"https:\/\/labochem.com.vn\/#website"},"primaryImageOfPage":{"@id":"https:\/\/labochem.com.vn\/s\u1ea3n ph\u1ea9m\/may-do-do%cc%a3-ph-cam-tay-portavo-902-knick-duc\/#primaryimage"},"image":{"@id":"https:\/\/labochem.com.vn\/s\u1ea3n ph\u1ea9m\/may-do-do%cc%a3-ph-cam-tay-portavo-902-knick-duc\/#primaryimage"},"thumbnailUrl":"https:\/\/labochem.com.vn\/wp-content\/uploads\/2020\/10\/plRVHa_simg_d0daf0_800x1200_max.png","datePublished":"2020-10-13T07:19:44+00:00","dateModified":"2020-10-13T07:19:45+00:00","breadcrumb":{"@id":"https:\/\/labochem.com.vn\/s\u1ea3n ph\u1ea9m\/may-do-do%cc%a3-ph-cam-tay-portavo-902-knick-duc\/#breadcrumb"},"inLanguage":"en-US","potentialAction":[{"@type":"ReadAction","target":["https:\/\/labochem.com.vn\/s\u1ea3n ph\u1ea9m\/may-do-do%cc%a3-ph-cam-tay-portavo-902-knick-duc\/"]}]},{"@type":"ImageObject","inLanguage":"en-US","@id":"https:\/\/labochem.com.vn\/s\u1ea3n ph\u1ea9m\/may-do-do%cc%a3-ph-cam-tay-portavo-902-knick-duc\/#primaryimage","url":"https:\/\/labochem.com.vn\/wp-content\/uploads\/2020\/10\/plRVHa_simg_d0daf0_800x1200_max.png","contentUrl":"https:\/\/labochem.com.vn\/wp-content\/uploads\/2020\/10\/plRVHa_simg_d0daf0_800x1200_max.png","width":714,"height":629},{"@type":"BreadcrumbList","@id":"https:\/\/labochem.com.vn\/s\u1ea3n ph\u1ea9m\/may-do-do%cc%a3-ph-cam-tay-portavo-902-knick-duc\/#breadcrumb","itemListElement":[{"@type":"ListItem","position":1,"name":"Home","item":"https:\/\/labochem.com.vn\/"},{"@type":"ListItem","position":2,"name":"C\u1eeda h\u00e0ng","item":"https:\/\/labochem.com.vn\/mua\/"},{"@type":"ListItem","position":3,"name":"Ma\u0301y \u0111o \u0111\u00f4\u0323 pH c\u00e2\u0300m tay Portavo 902 Knick &#8211; \u0110\u1ee9c"}]},{"@type":"WebSite","@id":"https:\/\/labochem.com.vn\/#website","url":"https:\/\/labochem.com.vn\/","name":"C\u00f4ng ty TNHH LABOCHEM Vi\u1ec7t Nam","description":"M\u1ed9t trang web m\u1edbi s\u1eed d\u1ee5ng WordPress","potentialAction":[{"@type":"SearchAction","target":{"@type":"EntryPoint","urlTemplate":"https:\/\/labochem.com.vn\/?s={search_term_string}"},"query-input":"required name=search_term_string"}],"inLanguage":"en-US"}]}},"_links":{"self":[{"href":"https:\/\/labochem.com.vn\/en\/wp-json\/wp\/v2\/product\/1214"}],"collection":[{"href":"https:\/\/labochem.com.vn\/en\/wp-json\/wp\/v2\/product"}],"about":[{"href":"https:\/\/labochem.com.vn\/en\/wp-json\/wp\/v2\/types\/product"}],"replies":[{"embeddable":true,"href":"https:\/\/labochem.com.vn\/en\/wp-json\/wp\/v2\/comments?post=1214"}],"wp:featuredmedia":[{"embeddable":true,"href":"https:\/\/labochem.com.vn\/en\/wp-json\/wp\/v2\/media\/1217"}],"wp:attachment":[{"href":"https:\/\/labochem.com.vn\/en\/wp-json\/wp\/v2\/media?parent=1214"}],"wp:term":[{"taxonomy":"product_cat","embeddable":true,"href":"https:\/\/labochem.com.vn\/en\/wp-json\/wp\/v2\/product_cat?post=1214"},{"taxonomy":"product_tag","embeddable":true,"href":"https:\/\/labochem.com.vn\/en\/wp-json\/wp\/v2\/product_tag?post=1214"}],"curies":[{"name":"wp","href":"https:\/\/api.w.org\/{rel}","templated":true}]}}